{"id":2146,"date":"2023-06-12T10:40:58","date_gmt":"2023-06-12T13:40:58","guid":{"rendered":"https:\/\/www.legislapp.com.br\/index.php\/discurso-camara-15-12-2022-hildo-rocha-mdb-ma\/"},"modified":"2023-06-12T10:40:58","modified_gmt":"2023-06-12T13:40:58","slug":"discurso-camara-15-12-2022-hildo-rocha-mdb-ma","status":"publish","type":"page","link":"https:\/\/www.legislapp.com.br\/index.php\/discurso-camara-15-12-2022-hildo-rocha-mdb-ma\/","title":{"rendered":"Discurso de HILDO ROCHA, MDB-MA"},"content":{"rendered":"<h1 style='text-align: center;'>quinta-feira, 15 de dezembro de 2022 &#8211; ORDEM DO DIA<\/h3>\n<p><\/p>\n<article>Sum\u00e1rio:&nbsp;Pedido ao L\u00edder do Governo, Senador Eduardo Gomes, de informa\u00e7\u00e3o pr\u00e9via aos Parlamentares a respeito de acordos celebrados para vota\u00e7\u00e3o de proposi\u00e7\u00f5es no plen\u00e1rio. Discuss\u00e3o do Veto Total n\u00ba 34, de 2022, aposto ao Projeto de Lei n\u00ba 184, de 2017, na C\u00e2mara dos Deputados, (n\u00ba 6.498, de 2016, na Casa de origem), sobre a altera\u00e7\u00e3o da Lei n\u00ba 9.394, de 1996, relativa ao estabelecimento das diretrizes e bases da educa\u00e7\u00e3o nacional, com vista \u00e0 possibilidade do uso da pedagogia da altern\u00e2ncia nas escolas do campo; e do Veto Parcial n\u00ba 46, de 2022, aposto ao Projeto de Lei n\u00ba 940, de 2022, (n\u00ba 130, de 2015, na C\u00e2mara dos Deputados), acerca da altera\u00e7\u00e3o da Lei n\u00ba 11.438, de 2006, com vista ao aumento dos limites de dedu\u00e7\u00e3o, do Imposto de Renda, dos valores destinados a projetos desportivos e paradesportivos e aumento da rela\u00e7\u00e3o de proponentes de projetos; bem como a altera\u00e7\u00e3o da Lei n\u00ba 9.532, de de 1997, para a permiss\u00e3o de doa\u00e7\u00f5es e patroc\u00ednios a projeto desportivo ou paradesportivo destinado \u00e0 promo\u00e7\u00e3o da inclus\u00e3o social por meio do esporte.<\/article>\n<p><\/p>\n<div style=\"text-align: center\">\n      <img decoding=\"async\" style=\"width: 14%;\" src=\"https:\/\/legislapp.com.br\/wp-content\/uploads\/2021\/07\/Logo-Legislapp-1-03-1.png\"><br \/>\n      <\/p>\n<div style=\"margin-bottom: 20px;\" class=\"et_pb_button_module_wrapper et_pb_button_5_tb_body_wrapper et_pb_button_alignment_center et_pb_module \">\n         <a class=\"et_pb_button et_pb_button_5_tb_body et_hover_enabled et_pb_bg_layout_dark\" style=\"width: 50%;background-color: black;\" href=\"https:\/\/app.legislapp.com.br\" target=\"_blank\" rel=\"noopener\">Visualizar completo na nossa plataforma (30 dias gr\u00e1tis)<\/a><\/p><\/div>\n<p>      <a href=\"https:\/\/play.google.com\/store\/apps\/details?id=br.com.legislapp\"><img decoding=\"async\" style=\"width: 15%; min-width: 130px;\" src=\"https:\/\/legislapp.com.br\/wp-content\/uploads\/google-play.png\"><\/a><br \/>\n      <a href=\"https:\/\/apps.apple.com\/us\/app\/legislapp\/id1568929859\"><img decoding=\"async\" style=\"width: 15%; min-width: 130px\" src=\"https:\/\/legislapp.com.br\/wp-content\/uploads\/apple-store.png\"><\/a>\n   <\/div>\n","protected":false},"excerpt":{"rendered":"<p>quinta-feira, 15 de dezembro de 2022 &#8211; ORDEM DO DIA Sum\u00e1rio:&nbsp;Pedido ao L\u00edder do Governo, Senador Eduardo Gomes, de informa\u00e7\u00e3o pr\u00e9via aos Parlamentares a respeito de acordos celebrados para vota\u00e7\u00e3o de proposi\u00e7\u00f5es no plen\u00e1rio. Discuss\u00e3o do Veto Total n\u00ba 34, de 2022, aposto ao Projeto de Lei n\u00ba 184, de 2017, na C\u00e2mara dos Deputados, [&hellip;]<\/p>\n","protected":false},"author":1,"featured_media":0,"parent":0,"menu_order":0,"comment_status":"closed","ping_status":"closed","template":"page-template-blank.php","meta":{"_et_pb_use_builder":"","_et_pb_old_content":"","_et_gb_content_width":"1080","ngg_post_thumbnail":0,"footnotes":""},"class_list":["post-2146","page","type-page","status-publish","hentry"],"yoast_head":"<!-- This site is optimized with the Yoast SEO plugin v24.4 - https:\/\/yoast.com\/wordpress\/plugins\/seo\/ -->\n<title>Discurso de HILDO ROCHA, MDB-MA - Legislapp<\/title>\n<meta name=\"robots\" content=\"index, follow, max-snippet:-1, max-image-preview:large, max-video-preview:-1\" \/>\n<link rel=\"canonical\" href=\"https:\/\/www.legislapp.com.br\/index.php\/discurso-camara-15-12-2022-hildo-rocha-mdb-ma\/\" \/>\n<meta property=\"og:locale\" content=\"pt_BR\" \/>\n<meta property=\"og:type\" content=\"article\" \/>\n<meta property=\"og:title\" content=\"Discurso de HILDO ROCHA, MDB-MA - Legislapp\" \/>\n<meta property=\"og:description\" content=\"quinta-feira, 15 de dezembro de 2022 &#8211; ORDEM DO DIA Sum\u00e1rio:&nbsp;Pedido ao L\u00edder do Governo, Senador Eduardo Gomes, de informa\u00e7\u00e3o pr\u00e9via aos Parlamentares a respeito de acordos celebrados para vota\u00e7\u00e3o de proposi\u00e7\u00f5es no plen\u00e1rio. Discuss\u00e3o do Veto Total n\u00ba 34, de 2022, aposto ao Projeto de Lei n\u00ba 184, de 2017, na C\u00e2mara dos Deputados, [&hellip;]\" \/>\n<meta property=\"og:url\" content=\"https:\/\/www.legislapp.com.br\/index.php\/discurso-camara-15-12-2022-hildo-rocha-mdb-ma\/\" \/>\n<meta property=\"og:site_name\" content=\"Legislapp\" \/>\n<meta property=\"article:publisher\" content=\"https:\/\/www.instagram.com\/legislapp\/\" \/>\n<meta property=\"og:image\" content=\"https:\/\/legislapp.com.br\/wp-content\/uploads\/2021\/07\/Logo-Legislapp-1-03-1.png\" \/>\n<meta name=\"twitter:card\" content=\"summary_large_image\" \/>\n<meta name=\"twitter:label1\" content=\"Est. tempo de leitura\" \/>\n\t<meta name=\"twitter:data1\" content=\"1 minuto\" \/>\n<script type=\"application\/ld+json\" class=\"yoast-schema-graph\">{\"@context\":\"https:\/\/schema.org\",\"@graph\":[{\"@type\":\"WebPage\",\"@id\":\"https:\/\/www.legislapp.com.br\/index.php\/discurso-camara-15-12-2022-hildo-rocha-mdb-ma\/\",\"url\":\"https:\/\/www.legislapp.com.br\/index.php\/discurso-camara-15-12-2022-hildo-rocha-mdb-ma\/\",\"name\":\"Discurso de HILDO ROCHA, MDB-MA - Legislapp\",\"isPartOf\":{\"@id\":\"https:\/\/www.legislapp.com.br\/#website\"},\"primaryImageOfPage\":{\"@id\":\"https:\/\/www.legislapp.com.br\/index.php\/discurso-camara-15-12-2022-hildo-rocha-mdb-ma\/#primaryimage\"},\"image\":{\"@id\":\"https:\/\/www.legislapp.com.br\/index.php\/discurso-camara-15-12-2022-hildo-rocha-mdb-ma\/#primaryimage\"},\"thumbnailUrl\":\"https:\/\/legislapp.com.br\/wp-content\/uploads\/2021\/07\/Logo-Legislapp-1-03-1.png\",\"datePublished\":\"2023-06-12T13:40:58+00:00\",\"breadcrumb\":{\"@id\":\"https:\/\/www.legislapp.com.br\/index.php\/discurso-camara-15-12-2022-hildo-rocha-mdb-ma\/#breadcrumb\"},\"inLanguage\":\"pt-BR\",\"potentialAction\":[{\"@type\":\"ReadAction\",\"target\":[\"https:\/\/www.legislapp.com.br\/index.php\/discurso-camara-15-12-2022-hildo-rocha-mdb-ma\/\"]}]},{\"@type\":\"ImageObject\",\"inLanguage\":\"pt-BR\",\"@id\":\"https:\/\/www.legislapp.com.br\/index.php\/discurso-camara-15-12-2022-hildo-rocha-mdb-ma\/#primaryimage\",\"url\":\"https:\/\/legislapp.com.br\/wp-content\/uploads\/2021\/07\/Logo-Legislapp-1-03-1.png\",\"contentUrl\":\"https:\/\/legislapp.com.br\/wp-content\/uploads\/2021\/07\/Logo-Legislapp-1-03-1.png\"},{\"@type\":\"BreadcrumbList\",\"@id\":\"https:\/\/www.legislapp.com.br\/index.php\/discurso-camara-15-12-2022-hildo-rocha-mdb-ma\/#breadcrumb\",\"itemListElement\":[{\"@type\":\"ListItem\",\"position\":1,\"name\":\"In\u00edcio\",\"item\":\"https:\/\/www.legislapp.com.br\/\"},{\"@type\":\"ListItem\",\"position\":2,\"name\":\"Discurso de HILDO ROCHA, MDB-MA\"}]},{\"@type\":\"WebSite\",\"@id\":\"https:\/\/www.legislapp.com.br\/#website\",\"url\":\"https:\/\/www.legislapp.com.br\/\",\"name\":\"Legislapp\",\"description\":\"Intelig\u00eancia governamental em tempo real\",\"publisher\":{\"@id\":\"https:\/\/www.legislapp.com.br\/#organization\"},\"potentialAction\":[{\"@type\":\"SearchAction\",\"target\":{\"@type\":\"EntryPoint\",\"urlTemplate\":\"https:\/\/www.legislapp.com.br\/?s={search_term_string}\"},\"query-input\":{\"@type\":\"PropertyValueSpecification\",\"valueRequired\":true,\"valueName\":\"search_term_string\"}}],\"inLanguage\":\"pt-BR\"},{\"@type\":\"Organization\",\"@id\":\"https:\/\/www.legislapp.com.br\/#organization\",\"name\":\"Legislapp Monitoramento e Intelig\u00eancia Governamental\",\"url\":\"https:\/\/www.legislapp.com.br\/\",\"logo\":{\"@type\":\"ImageObject\",\"inLanguage\":\"pt-BR\",\"@id\":\"https:\/\/www.legislapp.com.br\/#\/schema\/logo\/image\/\",\"url\":\"https:\/\/www.legislapp.com.br\/wp-content\/uploads\/icon.png\",\"contentUrl\":\"https:\/\/www.legislapp.com.br\/wp-content\/uploads\/icon.png\",\"width\":1024,\"height\":1024,\"caption\":\"Legislapp Monitoramento e Intelig\u00eancia Governamental\"},\"image\":{\"@id\":\"https:\/\/www.legislapp.com.br\/#\/schema\/logo\/image\/\"},\"sameAs\":[\"https:\/\/www.instagram.com\/legislapp\/\"]}]}<\/script>\n<!-- \/ Yoast SEO plugin. -->","yoast_head_json":{"title":"Discurso de HILDO ROCHA, MDB-MA - Legislapp","robots":{"index":"index","follow":"follow","max-snippet":"max-snippet:-1","max-image-preview":"max-image-preview:large","max-video-preview":"max-video-preview:-1"},"canonical":"https:\/\/www.legislapp.com.br\/index.php\/discurso-camara-15-12-2022-hildo-rocha-mdb-ma\/","og_locale":"pt_BR","og_type":"article","og_title":"Discurso de HILDO ROCHA, MDB-MA - Legislapp","og_description":"quinta-feira, 15 de dezembro de 2022 &#8211; ORDEM DO DIA Sum\u00e1rio:&nbsp;Pedido ao L\u00edder do Governo, Senador Eduardo Gomes, de informa\u00e7\u00e3o pr\u00e9via aos Parlamentares a respeito de acordos celebrados para vota\u00e7\u00e3o de proposi\u00e7\u00f5es no plen\u00e1rio. Discuss\u00e3o do Veto Total n\u00ba 34, de 2022, aposto ao Projeto de Lei n\u00ba 184, de 2017, na C\u00e2mara dos Deputados, [&hellip;]","og_url":"https:\/\/www.legislapp.com.br\/index.php\/discurso-camara-15-12-2022-hildo-rocha-mdb-ma\/","og_site_name":"Legislapp","article_publisher":"https:\/\/www.instagram.com\/legislapp\/","og_image":[{"url":"https:\/\/legislapp.com.br\/wp-content\/uploads\/2021\/07\/Logo-Legislapp-1-03-1.png","type":"","width":"","height":""}],"twitter_card":"summary_large_image","twitter_misc":{"Est. tempo de leitura":"1 minuto"},"schema":{"@context":"https:\/\/schema.org","@graph":[{"@type":"WebPage","@id":"https:\/\/www.legislapp.com.br\/index.php\/discurso-camara-15-12-2022-hildo-rocha-mdb-ma\/","url":"https:\/\/www.legislapp.com.br\/index.php\/discurso-camara-15-12-2022-hildo-rocha-mdb-ma\/","name":"Discurso de HILDO ROCHA, MDB-MA - Legislapp","isPartOf":{"@id":"https:\/\/www.legislapp.com.br\/#website"},"primaryImageOfPage":{"@id":"https:\/\/www.legislapp.com.br\/index.php\/discurso-camara-15-12-2022-hildo-rocha-mdb-ma\/#primaryimage"},"image":{"@id":"https:\/\/www.legislapp.com.br\/index.php\/discurso-camara-15-12-2022-hildo-rocha-mdb-ma\/#primaryimage"},"thumbnailUrl":"https:\/\/legislapp.com.br\/wp-content\/uploads\/2021\/07\/Logo-Legislapp-1-03-1.png","datePublished":"2023-06-12T13:40:58+00:00","breadcrumb":{"@id":"https:\/\/www.legislapp.com.br\/index.php\/discurso-camara-15-12-2022-hildo-rocha-mdb-ma\/#breadcrumb"},"inLanguage":"pt-BR","potentialAction":[{"@type":"ReadAction","target":["https:\/\/www.legislapp.com.br\/index.php\/discurso-camara-15-12-2022-hildo-rocha-mdb-ma\/"]}]},{"@type":"ImageObject","inLanguage":"pt-BR","@id":"https:\/\/www.legislapp.com.br\/index.php\/discurso-camara-15-12-2022-hildo-rocha-mdb-ma\/#primaryimage","url":"https:\/\/legislapp.com.br\/wp-content\/uploads\/2021\/07\/Logo-Legislapp-1-03-1.png","contentUrl":"https:\/\/legislapp.com.br\/wp-content\/uploads\/2021\/07\/Logo-Legislapp-1-03-1.png"},{"@type":"BreadcrumbList","@id":"https:\/\/www.legislapp.com.br\/index.php\/discurso-camara-15-12-2022-hildo-rocha-mdb-ma\/#breadcrumb","itemListElement":[{"@type":"ListItem","position":1,"name":"In\u00edcio","item":"https:\/\/www.legislapp.com.br\/"},{"@type":"ListItem","position":2,"name":"Discurso de HILDO ROCHA, MDB-MA"}]},{"@type":"WebSite","@id":"https:\/\/www.legislapp.com.br\/#website","url":"https:\/\/www.legislapp.com.br\/","name":"Legislapp","description":"Intelig\u00eancia governamental em tempo real","publisher":{"@id":"https:\/\/www.legislapp.com.br\/#organization"},"potentialAction":[{"@type":"SearchAction","target":{"@type":"EntryPoint","urlTemplate":"https:\/\/www.legislapp.com.br\/?s={search_term_string}"},"query-input":{"@type":"PropertyValueSpecification","valueRequired":true,"valueName":"search_term_string"}}],"inLanguage":"pt-BR"},{"@type":"Organization","@id":"https:\/\/www.legislapp.com.br\/#organization","name":"Legislapp Monitoramento e Intelig\u00eancia Governamental","url":"https:\/\/www.legislapp.com.br\/","logo":{"@type":"ImageObject","inLanguage":"pt-BR","@id":"https:\/\/www.legislapp.com.br\/#\/schema\/logo\/image\/","url":"https:\/\/www.legislapp.com.br\/wp-content\/uploads\/icon.png","contentUrl":"https:\/\/www.legislapp.com.br\/wp-content\/uploads\/icon.png","width":1024,"height":1024,"caption":"Legislapp Monitoramento e Intelig\u00eancia Governamental"},"image":{"@id":"https:\/\/www.legislapp.com.br\/#\/schema\/logo\/image\/"},"sameAs":["https:\/\/www.instagram.com\/legislapp\/"]}]}},"_links":{"self":[{"href":"https:\/\/www.legislapp.com.br\/index.php\/wp-json\/wp\/v2\/pages\/2146","targetHints":{"allow":["GET"]}}],"collection":[{"href":"https:\/\/www.legislapp.com.br\/index.php\/wp-json\/wp\/v2\/pages"}],"about":[{"href":"https:\/\/www.legislapp.com.br\/index.php\/wp-json\/wp\/v2\/types\/page"}],"author":[{"embeddable":true,"href":"https:\/\/www.legislapp.com.br\/index.php\/wp-json\/wp\/v2\/users\/1"}],"replies":[{"embeddable":true,"href":"https:\/\/www.legislapp.com.br\/index.php\/wp-json\/wp\/v2\/comments?post=2146"}],"version-history":[{"count":0,"href":"https:\/\/www.legislapp.com.br\/index.php\/wp-json\/wp\/v2\/pages\/2146\/revisions"}],"wp:attachment":[{"href":"https:\/\/www.legislapp.com.br\/index.php\/wp-json\/wp\/v2\/media?parent=2146"}],"curies":[{"name":"wp","href":"https:\/\/api.w.org\/{rel}","templated":true}]}}