{"id":2334,"date":"2023-06-12T10:47:13","date_gmt":"2023-06-12T13:47:13","guid":{"rendered":"https:\/\/www.legislapp.com.br\/index.php\/discurso-camara-02-08-2022-capitao-alberto-neto-pl-am-2\/"},"modified":"2023-06-12T10:47:13","modified_gmt":"2023-06-12T13:47:13","slug":"discurso-camara-02-08-2022-capitao-alberto-neto-pl-am-2","status":"publish","type":"page","link":"https:\/\/www.legislapp.com.br\/index.php\/discurso-camara-02-08-2022-capitao-alberto-neto-pl-am-2\/","title":{"rendered":"Discurso de CAPIT\u00c3O ALBERTO NETO, PL-AM"},"content":{"rendered":"<h1 style='text-align: center;'>ter\u00e7a-feira, 2 de agosto de 2022 &#8211; ORDEM DO DIA<\/h3>\n<p><\/p>\n<article>Sum\u00e1rio:&nbsp;Defesa da reelei\u00e7\u00e3o do Presidente Jair Bolsonaro. Orienta\u00e7\u00e3o de bancada na vota\u00e7\u00e3o do requerimento de destaque para vota\u00e7\u00e3o em separado da Emenda de Comiss\u00e3o n\u00ba 94 apresentada \u00e0 Medida Provis\u00f3ria n\u00ba 1.109, de 2022,  sobre autoriza\u00e7\u00e3o ao Poder Executivo Federal para disposi\u00e7\u00e3o sobre a ado\u00e7\u00e3o, por empregados e empregadores, de medidas trabalhistas alternativas e sobre o Programa Emergencial de Manuten\u00e7\u00e3o do Emprego e da Renda, para enfrentamento das consequ\u00eancias sociais e econ\u00f4micas de estado de calamidade p\u00fablica em \u00e2mbito nacional ou em \u00e2mbito estadual, distrital ou municipal reconhecido pelo Poder Executivo Federal.<\/article>\n<p><\/p>\n<div style=\"text-align: center\">\n      <img decoding=\"async\" style=\"width: 14%;\" src=\"https:\/\/legislapp.com.br\/wp-content\/uploads\/2021\/07\/Logo-Legislapp-1-03-1.png\"><br \/>\n      <\/p>\n<div style=\"margin-bottom: 20px;\" class=\"et_pb_button_module_wrapper et_pb_button_5_tb_body_wrapper et_pb_button_alignment_center et_pb_module \">\n         <a class=\"et_pb_button et_pb_button_5_tb_body et_hover_enabled et_pb_bg_layout_dark\" style=\"width: 50%;background-color: black;\" href=\"https:\/\/app.legislapp.com.br\" target=\"_blank\" rel=\"noopener\">Visualizar completo na nossa plataforma (30 dias gr\u00e1tis)<\/a><\/p><\/div>\n<p>      <a href=\"https:\/\/play.google.com\/store\/apps\/details?id=br.com.legislapp\"><img decoding=\"async\" style=\"width: 15%; min-width: 130px;\" src=\"https:\/\/legislapp.com.br\/wp-content\/uploads\/google-play.png\"><\/a><br \/>\n      <a href=\"https:\/\/apps.apple.com\/us\/app\/legislapp\/id1568929859\"><img decoding=\"async\" style=\"width: 15%; min-width: 130px\" src=\"https:\/\/legislapp.com.br\/wp-content\/uploads\/apple-store.png\"><\/a>\n   <\/div>\n","protected":false},"excerpt":{"rendered":"<p>ter\u00e7a-feira, 2 de agosto de 2022 &#8211; ORDEM DO DIA Sum\u00e1rio:&nbsp;Defesa da reelei\u00e7\u00e3o do Presidente Jair Bolsonaro. Orienta\u00e7\u00e3o de bancada na vota\u00e7\u00e3o do requerimento de destaque para vota\u00e7\u00e3o em separado da Emenda de Comiss\u00e3o n\u00ba 94 apresentada \u00e0 Medida Provis\u00f3ria n\u00ba 1.109, de 2022, sobre autoriza\u00e7\u00e3o ao Poder Executivo Federal para disposi\u00e7\u00e3o sobre a ado\u00e7\u00e3o, [&hellip;]<\/p>\n","protected":false},"author":1,"featured_media":0,"parent":0,"menu_order":0,"comment_status":"closed","ping_status":"closed","template":"page-template-blank.php","meta":{"_et_pb_use_builder":"","_et_pb_old_content":"","_et_gb_content_width":"1080","ngg_post_thumbnail":0,"footnotes":""},"class_list":["post-2334","page","type-page","status-publish","hentry"],"yoast_head":"<!-- This site is optimized with the Yoast SEO plugin v24.4 - https:\/\/yoast.com\/wordpress\/plugins\/seo\/ -->\n<title>Discurso de CAPIT\u00c3O ALBERTO NETO, PL-AM - Legislapp<\/title>\n<meta name=\"robots\" content=\"index, follow, max-snippet:-1, max-image-preview:large, max-video-preview:-1\" \/>\n<link rel=\"canonical\" href=\"https:\/\/www.legislapp.com.br\/index.php\/discurso-camara-02-08-2022-capitao-alberto-neto-pl-am-2\/\" \/>\n<meta property=\"og:locale\" content=\"pt_BR\" \/>\n<meta property=\"og:type\" content=\"article\" \/>\n<meta property=\"og:title\" content=\"Discurso de CAPIT\u00c3O ALBERTO NETO, PL-AM - Legislapp\" \/>\n<meta property=\"og:description\" content=\"ter\u00e7a-feira, 2 de agosto de 2022 &#8211; ORDEM DO DIA Sum\u00e1rio:&nbsp;Defesa da reelei\u00e7\u00e3o do Presidente Jair Bolsonaro. Orienta\u00e7\u00e3o de bancada na vota\u00e7\u00e3o do requerimento de destaque para vota\u00e7\u00e3o em separado da Emenda de Comiss\u00e3o n\u00ba 94 apresentada \u00e0 Medida Provis\u00f3ria n\u00ba 1.109, de 2022, sobre autoriza\u00e7\u00e3o ao Poder Executivo Federal para disposi\u00e7\u00e3o sobre a ado\u00e7\u00e3o, [&hellip;]\" \/>\n<meta property=\"og:url\" content=\"https:\/\/www.legislapp.com.br\/index.php\/discurso-camara-02-08-2022-capitao-alberto-neto-pl-am-2\/\" \/>\n<meta property=\"og:site_name\" content=\"Legislapp\" \/>\n<meta property=\"article:publisher\" content=\"https:\/\/www.instagram.com\/legislapp\/\" \/>\n<meta property=\"og:image\" content=\"https:\/\/legislapp.com.br\/wp-content\/uploads\/2021\/07\/Logo-Legislapp-1-03-1.png\" \/>\n<meta name=\"twitter:card\" content=\"summary_large_image\" \/>\n<meta name=\"twitter:label1\" content=\"Est. tempo de leitura\" \/>\n\t<meta name=\"twitter:data1\" content=\"1 minuto\" \/>\n<script type=\"application\/ld+json\" class=\"yoast-schema-graph\">{\"@context\":\"https:\/\/schema.org\",\"@graph\":[{\"@type\":\"WebPage\",\"@id\":\"https:\/\/www.legislapp.com.br\/index.php\/discurso-camara-02-08-2022-capitao-alberto-neto-pl-am-2\/\",\"url\":\"https:\/\/www.legislapp.com.br\/index.php\/discurso-camara-02-08-2022-capitao-alberto-neto-pl-am-2\/\",\"name\":\"Discurso de CAPIT\u00c3O ALBERTO NETO, PL-AM - Legislapp\",\"isPartOf\":{\"@id\":\"https:\/\/www.legislapp.com.br\/#website\"},\"primaryImageOfPage\":{\"@id\":\"https:\/\/www.legislapp.com.br\/index.php\/discurso-camara-02-08-2022-capitao-alberto-neto-pl-am-2\/#primaryimage\"},\"image\":{\"@id\":\"https:\/\/www.legislapp.com.br\/index.php\/discurso-camara-02-08-2022-capitao-alberto-neto-pl-am-2\/#primaryimage\"},\"thumbnailUrl\":\"https:\/\/legislapp.com.br\/wp-content\/uploads\/2021\/07\/Logo-Legislapp-1-03-1.png\",\"datePublished\":\"2023-06-12T13:47:13+00:00\",\"breadcrumb\":{\"@id\":\"https:\/\/www.legislapp.com.br\/index.php\/discurso-camara-02-08-2022-capitao-alberto-neto-pl-am-2\/#breadcrumb\"},\"inLanguage\":\"pt-BR\",\"potentialAction\":[{\"@type\":\"ReadAction\",\"target\":[\"https:\/\/www.legislapp.com.br\/index.php\/discurso-camara-02-08-2022-capitao-alberto-neto-pl-am-2\/\"]}]},{\"@type\":\"ImageObject\",\"inLanguage\":\"pt-BR\",\"@id\":\"https:\/\/www.legislapp.com.br\/index.php\/discurso-camara-02-08-2022-capitao-alberto-neto-pl-am-2\/#primaryimage\",\"url\":\"https:\/\/legislapp.com.br\/wp-content\/uploads\/2021\/07\/Logo-Legislapp-1-03-1.png\",\"contentUrl\":\"https:\/\/legislapp.com.br\/wp-content\/uploads\/2021\/07\/Logo-Legislapp-1-03-1.png\"},{\"@type\":\"BreadcrumbList\",\"@id\":\"https:\/\/www.legislapp.com.br\/index.php\/discurso-camara-02-08-2022-capitao-alberto-neto-pl-am-2\/#breadcrumb\",\"itemListElement\":[{\"@type\":\"ListItem\",\"position\":1,\"name\":\"In\u00edcio\",\"item\":\"https:\/\/www.legislapp.com.br\/\"},{\"@type\":\"ListItem\",\"position\":2,\"name\":\"Discurso de CAPIT\u00c3O ALBERTO NETO, PL-AM\"}]},{\"@type\":\"WebSite\",\"@id\":\"https:\/\/www.legislapp.com.br\/#website\",\"url\":\"https:\/\/www.legislapp.com.br\/\",\"name\":\"Legislapp\",\"description\":\"Intelig\u00eancia governamental em tempo real\",\"publisher\":{\"@id\":\"https:\/\/www.legislapp.com.br\/#organization\"},\"potentialAction\":[{\"@type\":\"SearchAction\",\"target\":{\"@type\":\"EntryPoint\",\"urlTemplate\":\"https:\/\/www.legislapp.com.br\/?s={search_term_string}\"},\"query-input\":{\"@type\":\"PropertyValueSpecification\",\"valueRequired\":true,\"valueName\":\"search_term_string\"}}],\"inLanguage\":\"pt-BR\"},{\"@type\":\"Organization\",\"@id\":\"https:\/\/www.legislapp.com.br\/#organization\",\"name\":\"Legislapp Monitoramento e Intelig\u00eancia Governamental\",\"url\":\"https:\/\/www.legislapp.com.br\/\",\"logo\":{\"@type\":\"ImageObject\",\"inLanguage\":\"pt-BR\",\"@id\":\"https:\/\/www.legislapp.com.br\/#\/schema\/logo\/image\/\",\"url\":\"https:\/\/www.legislapp.com.br\/wp-content\/uploads\/icon.png\",\"contentUrl\":\"https:\/\/www.legislapp.com.br\/wp-content\/uploads\/icon.png\",\"width\":1024,\"height\":1024,\"caption\":\"Legislapp Monitoramento e Intelig\u00eancia Governamental\"},\"image\":{\"@id\":\"https:\/\/www.legislapp.com.br\/#\/schema\/logo\/image\/\"},\"sameAs\":[\"https:\/\/www.instagram.com\/legislapp\/\"]}]}<\/script>\n<!-- \/ Yoast SEO plugin. -->","yoast_head_json":{"title":"Discurso de CAPIT\u00c3O ALBERTO NETO, PL-AM - Legislapp","robots":{"index":"index","follow":"follow","max-snippet":"max-snippet:-1","max-image-preview":"max-image-preview:large","max-video-preview":"max-video-preview:-1"},"canonical":"https:\/\/www.legislapp.com.br\/index.php\/discurso-camara-02-08-2022-capitao-alberto-neto-pl-am-2\/","og_locale":"pt_BR","og_type":"article","og_title":"Discurso de CAPIT\u00c3O ALBERTO NETO, PL-AM - Legislapp","og_description":"ter\u00e7a-feira, 2 de agosto de 2022 &#8211; ORDEM DO DIA Sum\u00e1rio:&nbsp;Defesa da reelei\u00e7\u00e3o do Presidente Jair Bolsonaro. Orienta\u00e7\u00e3o de bancada na vota\u00e7\u00e3o do requerimento de destaque para vota\u00e7\u00e3o em separado da Emenda de Comiss\u00e3o n\u00ba 94 apresentada \u00e0 Medida Provis\u00f3ria n\u00ba 1.109, de 2022, sobre autoriza\u00e7\u00e3o ao Poder Executivo Federal para disposi\u00e7\u00e3o sobre a ado\u00e7\u00e3o, [&hellip;]","og_url":"https:\/\/www.legislapp.com.br\/index.php\/discurso-camara-02-08-2022-capitao-alberto-neto-pl-am-2\/","og_site_name":"Legislapp","article_publisher":"https:\/\/www.instagram.com\/legislapp\/","og_image":[{"url":"https:\/\/legislapp.com.br\/wp-content\/uploads\/2021\/07\/Logo-Legislapp-1-03-1.png","type":"","width":"","height":""}],"twitter_card":"summary_large_image","twitter_misc":{"Est. tempo de leitura":"1 minuto"},"schema":{"@context":"https:\/\/schema.org","@graph":[{"@type":"WebPage","@id":"https:\/\/www.legislapp.com.br\/index.php\/discurso-camara-02-08-2022-capitao-alberto-neto-pl-am-2\/","url":"https:\/\/www.legislapp.com.br\/index.php\/discurso-camara-02-08-2022-capitao-alberto-neto-pl-am-2\/","name":"Discurso de CAPIT\u00c3O ALBERTO NETO, PL-AM - Legislapp","isPartOf":{"@id":"https:\/\/www.legislapp.com.br\/#website"},"primaryImageOfPage":{"@id":"https:\/\/www.legislapp.com.br\/index.php\/discurso-camara-02-08-2022-capitao-alberto-neto-pl-am-2\/#primaryimage"},"image":{"@id":"https:\/\/www.legislapp.com.br\/index.php\/discurso-camara-02-08-2022-capitao-alberto-neto-pl-am-2\/#primaryimage"},"thumbnailUrl":"https:\/\/legislapp.com.br\/wp-content\/uploads\/2021\/07\/Logo-Legislapp-1-03-1.png","datePublished":"2023-06-12T13:47:13+00:00","breadcrumb":{"@id":"https:\/\/www.legislapp.com.br\/index.php\/discurso-camara-02-08-2022-capitao-alberto-neto-pl-am-2\/#breadcrumb"},"inLanguage":"pt-BR","potentialAction":[{"@type":"ReadAction","target":["https:\/\/www.legislapp.com.br\/index.php\/discurso-camara-02-08-2022-capitao-alberto-neto-pl-am-2\/"]}]},{"@type":"ImageObject","inLanguage":"pt-BR","@id":"https:\/\/www.legislapp.com.br\/index.php\/discurso-camara-02-08-2022-capitao-alberto-neto-pl-am-2\/#primaryimage","url":"https:\/\/legislapp.com.br\/wp-content\/uploads\/2021\/07\/Logo-Legislapp-1-03-1.png","contentUrl":"https:\/\/legislapp.com.br\/wp-content\/uploads\/2021\/07\/Logo-Legislapp-1-03-1.png"},{"@type":"BreadcrumbList","@id":"https:\/\/www.legislapp.com.br\/index.php\/discurso-camara-02-08-2022-capitao-alberto-neto-pl-am-2\/#breadcrumb","itemListElement":[{"@type":"ListItem","position":1,"name":"In\u00edcio","item":"https:\/\/www.legislapp.com.br\/"},{"@type":"ListItem","position":2,"name":"Discurso de CAPIT\u00c3O ALBERTO NETO, PL-AM"}]},{"@type":"WebSite","@id":"https:\/\/www.legislapp.com.br\/#website","url":"https:\/\/www.legislapp.com.br\/","name":"Legislapp","description":"Intelig\u00eancia governamental em tempo real","publisher":{"@id":"https:\/\/www.legislapp.com.br\/#organization"},"potentialAction":[{"@type":"SearchAction","target":{"@type":"EntryPoint","urlTemplate":"https:\/\/www.legislapp.com.br\/?s={search_term_string}"},"query-input":{"@type":"PropertyValueSpecification","valueRequired":true,"valueName":"search_term_string"}}],"inLanguage":"pt-BR"},{"@type":"Organization","@id":"https:\/\/www.legislapp.com.br\/#organization","name":"Legislapp Monitoramento e Intelig\u00eancia Governamental","url":"https:\/\/www.legislapp.com.br\/","logo":{"@type":"ImageObject","inLanguage":"pt-BR","@id":"https:\/\/www.legislapp.com.br\/#\/schema\/logo\/image\/","url":"https:\/\/www.legislapp.com.br\/wp-content\/uploads\/icon.png","contentUrl":"https:\/\/www.legislapp.com.br\/wp-content\/uploads\/icon.png","width":1024,"height":1024,"caption":"Legislapp Monitoramento e Intelig\u00eancia Governamental"},"image":{"@id":"https:\/\/www.legislapp.com.br\/#\/schema\/logo\/image\/"},"sameAs":["https:\/\/www.instagram.com\/legislapp\/"]}]}},"_links":{"self":[{"href":"https:\/\/www.legislapp.com.br\/index.php\/wp-json\/wp\/v2\/pages\/2334","targetHints":{"allow":["GET"]}}],"collection":[{"href":"https:\/\/www.legislapp.com.br\/index.php\/wp-json\/wp\/v2\/pages"}],"about":[{"href":"https:\/\/www.legislapp.com.br\/index.php\/wp-json\/wp\/v2\/types\/page"}],"author":[{"embeddable":true,"href":"https:\/\/www.legislapp.com.br\/index.php\/wp-json\/wp\/v2\/users\/1"}],"replies":[{"embeddable":true,"href":"https:\/\/www.legislapp.com.br\/index.php\/wp-json\/wp\/v2\/comments?post=2334"}],"version-history":[{"count":0,"href":"https:\/\/www.legislapp.com.br\/index.php\/wp-json\/wp\/v2\/pages\/2334\/revisions"}],"wp:attachment":[{"href":"https:\/\/www.legislapp.com.br\/index.php\/wp-json\/wp\/v2\/media?parent=2334"}],"curies":[{"name":"wp","href":"https:\/\/api.w.org\/{rel}","templated":true}]}}