{"id":2514,"date":"2023-07-15T11:29:24","date_gmt":"2023-07-15T14:29:24","guid":{"rendered":"https:\/\/www.legislapp.com.br\/index.php\/major-mecca\/"},"modified":"2023-07-15T11:29:24","modified_gmt":"2023-07-15T14:29:24","slug":"major-mecca","status":"publish","type":"page","link":"https:\/\/www.legislapp.com.br\/index.php\/major-mecca\/","title":{"rendered":"Major Mecca &#8211; PL\/SP"},"content":{"rendered":"<h1 style='text-align: center;'>Dimas Mecca Sampaio, deputado estadual reeleito para o seu segundo mandato com 224.462 votos, mais conhecido como Major Mecca, cresceu na Freguesia do \u00d3 e hoje \u00e9 morador da Lapa. Filho de soldado da Pol\u00edcia Militar, n\u00e3o teve como n\u00e3o se apaixonar, ainda garoto, por essa institui\u00e7\u00e3o, \u00e0 qual serviu por mais de 30 anos. Seu ingresso foi em 1988, no curso preparat\u00f3rio de oficiais da Academia do Barro Branco. Ali foram seis anos de forma\u00e7\u00e3o militar, que o forjaram para a dura \u2014\u2026<br \/><img src='https:\/\/www3.al.sp.gov.br\/repositorio\/deputadoPortal\/fotos\/20230322-111405-id=521-PEQ.jpeg' alt='Major Mecca' \/><\/h3>\n<p><\/p>\n<ul>\n<li>majormecca@al.sp.gov.br<\/li>\n<li><a href=''>Twitter<\/a><\/li>\n<li>(11) 3886-6177\/ 6178<\/li>\n<\/ul>\n<p><\/p>\n<div style=\"text-align: center\">\n      <img decoding=\"async\" style=\"width: 14%;\" src=\"https:\/\/legislapp.com.br\/wp-content\/uploads\/2021\/07\/Logo-Legislapp-1-03-1.png\"><br \/>\n      <\/p>\n<div style=\"margin-bottom: 20px;\" class=\"et_pb_button_module_wrapper et_pb_button_5_tb_body_wrapper et_pb_button_alignment_center et_pb_module \">\n         <a class=\"et_pb_button et_pb_button_5_tb_body et_hover_enabled et_pb_bg_layout_dark\" style=\"width: 50%;background-color: black;\" href=\"https:\/\/app.legislapp.com.br\" target=\"_blank\" rel=\"noopener\">Visualizar completo na nossa plataforma (30 dias gr\u00e1tis)<\/a><\/p><\/div>\n<p>      <a href=\"https:\/\/play.google.com\/store\/apps\/details?id=br.com.legislapp\"><img decoding=\"async\" style=\"width: 15%; min-width: 130px;\" src=\"https:\/\/legislapp.com.br\/wp-content\/uploads\/google-play.png\"><\/a><br \/>\n      <a href=\"https:\/\/apps.apple.com\/us\/app\/legislapp\/id1568929859\"><img decoding=\"async\" style=\"width: 15%; min-width: 130px\" src=\"https:\/\/legislapp.com.br\/wp-content\/uploads\/apple-store.png\"><\/a>\n   <\/div>\n","protected":false},"excerpt":{"rendered":"<p>Dimas Mecca Sampaio, deputado estadual reeleito para o seu segundo mandato com 224.462 votos, mais conhecido como Major Mecca, cresceu na Freguesia do \u00d3 e hoje \u00e9 morador da Lapa. Filho de soldado da Pol\u00edcia Militar, n\u00e3o teve como n\u00e3o se apaixonar, ainda garoto, por essa institui\u00e7\u00e3o, \u00e0 qual serviu por mais de 30 anos. [&hellip;]<\/p>\n","protected":false},"author":1,"featured_media":0,"parent":0,"menu_order":0,"comment_status":"closed","ping_status":"closed","template":"page-template-blank.php","meta":{"_et_pb_use_builder":"","_et_pb_old_content":"","_et_gb_content_width":"1080","ngg_post_thumbnail":0,"footnotes":""},"class_list":["post-2514","page","type-page","status-publish","hentry"],"yoast_head":"<!-- This site is optimized with the Yoast SEO plugin v24.4 - https:\/\/yoast.com\/wordpress\/plugins\/seo\/ -->\n<title>Major Mecca - PL\/SP - Legislapp<\/title>\n<meta name=\"robots\" content=\"index, follow, max-snippet:-1, max-image-preview:large, max-video-preview:-1\" \/>\n<link rel=\"canonical\" href=\"https:\/\/www.legislapp.com.br\/index.php\/major-mecca\/\" \/>\n<meta property=\"og:locale\" content=\"pt_BR\" \/>\n<meta property=\"og:type\" content=\"article\" \/>\n<meta property=\"og:title\" content=\"Major Mecca - PL\/SP - Legislapp\" \/>\n<meta property=\"og:description\" content=\"Dimas Mecca Sampaio, deputado estadual reeleito para o seu segundo mandato com 224.462 votos, mais conhecido como Major Mecca, cresceu na Freguesia do \u00d3 e hoje \u00e9 morador da Lapa. Filho de soldado da Pol\u00edcia Militar, n\u00e3o teve como n\u00e3o se apaixonar, ainda garoto, por essa institui\u00e7\u00e3o, \u00e0 qual serviu por mais de 30 anos. [&hellip;]\" \/>\n<meta property=\"og:url\" content=\"https:\/\/www.legislapp.com.br\/index.php\/major-mecca\/\" \/>\n<meta property=\"og:site_name\" content=\"Legislapp\" \/>\n<meta property=\"article:publisher\" content=\"https:\/\/www.instagram.com\/legislapp\/\" \/>\n<meta property=\"og:image\" content=\"https:\/\/www3.al.sp.gov.br\/repositorio\/deputadoPortal\/fotos\/20230322-111405-id=521-PEQ.jpeg\" \/>\n<meta name=\"twitter:card\" content=\"summary_large_image\" \/>\n<script type=\"application\/ld+json\" class=\"yoast-schema-graph\">{\"@context\":\"https:\/\/schema.org\",\"@graph\":[{\"@type\":\"WebPage\",\"@id\":\"https:\/\/www.legislapp.com.br\/index.php\/major-mecca\/\",\"url\":\"https:\/\/www.legislapp.com.br\/index.php\/major-mecca\/\",\"name\":\"Major Mecca - PL\/SP - Legislapp\",\"isPartOf\":{\"@id\":\"https:\/\/www.legislapp.com.br\/#website\"},\"primaryImageOfPage\":{\"@id\":\"https:\/\/www.legislapp.com.br\/index.php\/major-mecca\/#primaryimage\"},\"image\":{\"@id\":\"https:\/\/www.legislapp.com.br\/index.php\/major-mecca\/#primaryimage\"},\"thumbnailUrl\":\"https:\/\/www3.al.sp.gov.br\/repositorio\/deputadoPortal\/fotos\/20230322-111405-id=521-PEQ.jpeg\",\"datePublished\":\"2023-07-15T14:29:24+00:00\",\"breadcrumb\":{\"@id\":\"https:\/\/www.legislapp.com.br\/index.php\/major-mecca\/#breadcrumb\"},\"inLanguage\":\"pt-BR\",\"potentialAction\":[{\"@type\":\"ReadAction\",\"target\":[\"https:\/\/www.legislapp.com.br\/index.php\/major-mecca\/\"]}]},{\"@type\":\"ImageObject\",\"inLanguage\":\"pt-BR\",\"@id\":\"https:\/\/www.legislapp.com.br\/index.php\/major-mecca\/#primaryimage\",\"url\":\"https:\/\/www3.al.sp.gov.br\/repositorio\/deputadoPortal\/fotos\/20230322-111405-id=521-PEQ.jpeg\",\"contentUrl\":\"https:\/\/www3.al.sp.gov.br\/repositorio\/deputadoPortal\/fotos\/20230322-111405-id=521-PEQ.jpeg\"},{\"@type\":\"BreadcrumbList\",\"@id\":\"https:\/\/www.legislapp.com.br\/index.php\/major-mecca\/#breadcrumb\",\"itemListElement\":[{\"@type\":\"ListItem\",\"position\":1,\"name\":\"In\u00edcio\",\"item\":\"https:\/\/www.legislapp.com.br\/\"},{\"@type\":\"ListItem\",\"position\":2,\"name\":\"Major Mecca &#8211; PL\/SP\"}]},{\"@type\":\"WebSite\",\"@id\":\"https:\/\/www.legislapp.com.br\/#website\",\"url\":\"https:\/\/www.legislapp.com.br\/\",\"name\":\"Legislapp\",\"description\":\"Intelig\u00eancia governamental em tempo real\",\"publisher\":{\"@id\":\"https:\/\/www.legislapp.com.br\/#organization\"},\"potentialAction\":[{\"@type\":\"SearchAction\",\"target\":{\"@type\":\"EntryPoint\",\"urlTemplate\":\"https:\/\/www.legislapp.com.br\/?s={search_term_string}\"},\"query-input\":{\"@type\":\"PropertyValueSpecification\",\"valueRequired\":true,\"valueName\":\"search_term_string\"}}],\"inLanguage\":\"pt-BR\"},{\"@type\":\"Organization\",\"@id\":\"https:\/\/www.legislapp.com.br\/#organization\",\"name\":\"Legislapp Monitoramento e Intelig\u00eancia Governamental\",\"url\":\"https:\/\/www.legislapp.com.br\/\",\"logo\":{\"@type\":\"ImageObject\",\"inLanguage\":\"pt-BR\",\"@id\":\"https:\/\/www.legislapp.com.br\/#\/schema\/logo\/image\/\",\"url\":\"https:\/\/www.legislapp.com.br\/wp-content\/uploads\/icon.png\",\"contentUrl\":\"https:\/\/www.legislapp.com.br\/wp-content\/uploads\/icon.png\",\"width\":1024,\"height\":1024,\"caption\":\"Legislapp Monitoramento e Intelig\u00eancia Governamental\"},\"image\":{\"@id\":\"https:\/\/www.legislapp.com.br\/#\/schema\/logo\/image\/\"},\"sameAs\":[\"https:\/\/www.instagram.com\/legislapp\/\"]}]}<\/script>\n<!-- \/ Yoast SEO plugin. -->","yoast_head_json":{"title":"Major Mecca - PL\/SP - Legislapp","robots":{"index":"index","follow":"follow","max-snippet":"max-snippet:-1","max-image-preview":"max-image-preview:large","max-video-preview":"max-video-preview:-1"},"canonical":"https:\/\/www.legislapp.com.br\/index.php\/major-mecca\/","og_locale":"pt_BR","og_type":"article","og_title":"Major Mecca - PL\/SP - Legislapp","og_description":"Dimas Mecca Sampaio, deputado estadual reeleito para o seu segundo mandato com 224.462 votos, mais conhecido como Major Mecca, cresceu na Freguesia do \u00d3 e hoje \u00e9 morador da Lapa. Filho de soldado da Pol\u00edcia Militar, n\u00e3o teve como n\u00e3o se apaixonar, ainda garoto, por essa institui\u00e7\u00e3o, \u00e0 qual serviu por mais de 30 anos. [&hellip;]","og_url":"https:\/\/www.legislapp.com.br\/index.php\/major-mecca\/","og_site_name":"Legislapp","article_publisher":"https:\/\/www.instagram.com\/legislapp\/","og_image":[{"url":"https:\/\/www3.al.sp.gov.br\/repositorio\/deputadoPortal\/fotos\/20230322-111405-id=521-PEQ.jpeg","type":"","width":"","height":""}],"twitter_card":"summary_large_image","schema":{"@context":"https:\/\/schema.org","@graph":[{"@type":"WebPage","@id":"https:\/\/www.legislapp.com.br\/index.php\/major-mecca\/","url":"https:\/\/www.legislapp.com.br\/index.php\/major-mecca\/","name":"Major Mecca - PL\/SP - Legislapp","isPartOf":{"@id":"https:\/\/www.legislapp.com.br\/#website"},"primaryImageOfPage":{"@id":"https:\/\/www.legislapp.com.br\/index.php\/major-mecca\/#primaryimage"},"image":{"@id":"https:\/\/www.legislapp.com.br\/index.php\/major-mecca\/#primaryimage"},"thumbnailUrl":"https:\/\/www3.al.sp.gov.br\/repositorio\/deputadoPortal\/fotos\/20230322-111405-id=521-PEQ.jpeg","datePublished":"2023-07-15T14:29:24+00:00","breadcrumb":{"@id":"https:\/\/www.legislapp.com.br\/index.php\/major-mecca\/#breadcrumb"},"inLanguage":"pt-BR","potentialAction":[{"@type":"ReadAction","target":["https:\/\/www.legislapp.com.br\/index.php\/major-mecca\/"]}]},{"@type":"ImageObject","inLanguage":"pt-BR","@id":"https:\/\/www.legislapp.com.br\/index.php\/major-mecca\/#primaryimage","url":"https:\/\/www3.al.sp.gov.br\/repositorio\/deputadoPortal\/fotos\/20230322-111405-id=521-PEQ.jpeg","contentUrl":"https:\/\/www3.al.sp.gov.br\/repositorio\/deputadoPortal\/fotos\/20230322-111405-id=521-PEQ.jpeg"},{"@type":"BreadcrumbList","@id":"https:\/\/www.legislapp.com.br\/index.php\/major-mecca\/#breadcrumb","itemListElement":[{"@type":"ListItem","position":1,"name":"In\u00edcio","item":"https:\/\/www.legislapp.com.br\/"},{"@type":"ListItem","position":2,"name":"Major Mecca &#8211; PL\/SP"}]},{"@type":"WebSite","@id":"https:\/\/www.legislapp.com.br\/#website","url":"https:\/\/www.legislapp.com.br\/","name":"Legislapp","description":"Intelig\u00eancia governamental em tempo real","publisher":{"@id":"https:\/\/www.legislapp.com.br\/#organization"},"potentialAction":[{"@type":"SearchAction","target":{"@type":"EntryPoint","urlTemplate":"https:\/\/www.legislapp.com.br\/?s={search_term_string}"},"query-input":{"@type":"PropertyValueSpecification","valueRequired":true,"valueName":"search_term_string"}}],"inLanguage":"pt-BR"},{"@type":"Organization","@id":"https:\/\/www.legislapp.com.br\/#organization","name":"Legislapp Monitoramento e Intelig\u00eancia Governamental","url":"https:\/\/www.legislapp.com.br\/","logo":{"@type":"ImageObject","inLanguage":"pt-BR","@id":"https:\/\/www.legislapp.com.br\/#\/schema\/logo\/image\/","url":"https:\/\/www.legislapp.com.br\/wp-content\/uploads\/icon.png","contentUrl":"https:\/\/www.legislapp.com.br\/wp-content\/uploads\/icon.png","width":1024,"height":1024,"caption":"Legislapp Monitoramento e Intelig\u00eancia Governamental"},"image":{"@id":"https:\/\/www.legislapp.com.br\/#\/schema\/logo\/image\/"},"sameAs":["https:\/\/www.instagram.com\/legislapp\/"]}]}},"_links":{"self":[{"href":"https:\/\/www.legislapp.com.br\/index.php\/wp-json\/wp\/v2\/pages\/2514","targetHints":{"allow":["GET"]}}],"collection":[{"href":"https:\/\/www.legislapp.com.br\/index.php\/wp-json\/wp\/v2\/pages"}],"about":[{"href":"https:\/\/www.legislapp.com.br\/index.php\/wp-json\/wp\/v2\/types\/page"}],"author":[{"embeddable":true,"href":"https:\/\/www.legislapp.com.br\/index.php\/wp-json\/wp\/v2\/users\/1"}],"replies":[{"embeddable":true,"href":"https:\/\/www.legislapp.com.br\/index.php\/wp-json\/wp\/v2\/comments?post=2514"}],"version-history":[{"count":0,"href":"https:\/\/www.legislapp.com.br\/index.php\/wp-json\/wp\/v2\/pages\/2514\/revisions"}],"wp:attachment":[{"href":"https:\/\/www.legislapp.com.br\/index.php\/wp-json\/wp\/v2\/media?parent=2514"}],"curies":[{"name":"wp","href":"https:\/\/api.w.org\/{rel}","templated":true}]}}