{"id":2650,"date":"2023-07-15T12:31:15","date_gmt":"2023-07-15T15:31:15","guid":{"rendered":"https:\/\/www.legislapp.com.br\/index.php\/pl-5993-2016-2\/"},"modified":"2023-07-15T12:31:15","modified_gmt":"2023-07-15T15:31:15","slug":"pl-5993-2016-2","status":"publish","type":"page","link":"https:\/\/www.legislapp.com.br\/index.php\/pl-5993-2016-2\/","title":{"rendered":"PL 5993\/2016"},"content":{"rendered":"<h1 style='text-align: center;'>C\u00e2mara &#8211; Autoria de FELIPE LEONE BORNIER DE OLIVEIRA<br \/><img src='https:\/\/www.camara.leg.br\/internet\/deputado\/bandep\/141430.jpg' alt='FELIPE LEONE BORNIER DE OLIVEIRA' \/><\/h3>\n<p><\/p>\n<article>Obriga a presta\u00e7\u00e3o de informa\u00e7\u00e3o digital, em tempo real, dos locais e hor\u00e1rios dos meios de transportes coletivos.<\/article>\n<p><a href='https:\/\/app.legislapp.com.br\/#\/busca?termo=Altera\u00e7\u00e3o'>Altera\u00e7\u00e3o<\/a>, <a href='https:\/\/app.legislapp.com.br\/#\/busca?termo=Lei da Pol\u00edtica Nacional de Mobilidade Urbana'>Lei da Pol\u00edtica Nacional de Mobilidade Urbana<\/a>, <a href='https:\/\/app.legislapp.com.br\/#\/busca?termo=obrigatoriedade'>obrigatoriedade<\/a>, <a href='https:\/\/app.legislapp.com.br\/#\/busca?termo=presta\u00e7\u00e3o de informa\u00e7\u00e3o'>presta\u00e7\u00e3o de informa\u00e7\u00e3o<\/a>, <a href='https:\/\/app.legislapp.com.br\/#\/busca?termo=meio eletr\u00f4nico'>meio eletr\u00f4nico<\/a>, <a href='https:\/\/app.legislapp.com.br\/#\/busca?termo=m\u00eddia digital'>m\u00eddia digital<\/a>, <a href='https:\/\/app.legislapp.com.br\/#\/busca?termo=internet'>internet<\/a>, <a href='https:\/\/app.legislapp.com.br\/#\/busca?termo=transporte coletivo'>transporte coletivo<\/a>, <a href='https:\/\/app.legislapp.com.br\/#\/busca?termo=transporte de passageiro'>transporte de passageiro<\/a>, <a href='https:\/\/app.legislapp.com.br\/#\/busca?termo=hor\u00e1rio'>hor\u00e1rio<\/a>, <a href='https:\/\/app.legislapp.com.br\/#\/busca?termo=localiza\u00e7\u00e3o'>localiza\u00e7\u00e3o<\/a>, <a href='https:\/\/app.legislapp.com.br\/#\/busca?termo=incentivo'>incentivo<\/a>, <a href='https:\/\/app.legislapp.com.br\/#\/busca?termo=transporte p\u00fablico'>transporte p\u00fablico<\/a>, <a href='https:\/\/app.legislapp.com.br\/#\/busca?termo=usu\u00e1rio'>usu\u00e1rio<\/a>, <a href='https:\/\/app.legislapp.com.br\/#\/busca?termo=mobilidade urbana.'>mobilidade urbana.<\/a><\/p>\n<div style=\"text-align: center\">\n      <img decoding=\"async\" style=\"width: 14%;\" src=\"https:\/\/legislapp.com.br\/wp-content\/uploads\/2021\/07\/Logo-Legislapp-1-03-1.png\"><br \/>\n      <\/p>\n<div style=\"margin-bottom: 20px;\" class=\"et_pb_button_module_wrapper et_pb_button_5_tb_body_wrapper et_pb_button_alignment_center et_pb_module \">\n         <a class=\"et_pb_button et_pb_button_5_tb_body et_hover_enabled et_pb_bg_layout_dark\" style=\"width: 50%;background-color: black;\" href=\"https:\/\/app.legislapp.com.br\" target=\"_blank\" rel=\"noopener\">Visualizar completo na nossa plataforma (30 dias gr\u00e1tis)<\/a><\/p><\/div>\n<p>      <a href=\"https:\/\/play.google.com\/store\/apps\/details?id=br.com.legislapp\"><img decoding=\"async\" style=\"width: 15%; min-width: 130px;\" src=\"https:\/\/legislapp.com.br\/wp-content\/uploads\/google-play.png\"><\/a><br \/>\n      <a href=\"https:\/\/apps.apple.com\/us\/app\/legislapp\/id1568929859\"><img decoding=\"async\" style=\"width: 15%; min-width: 130px\" src=\"https:\/\/legislapp.com.br\/wp-content\/uploads\/apple-store.png\"><\/a>\n   <\/div>\n","protected":false},"excerpt":{"rendered":"<p>C\u00e2mara &#8211; Autoria de FELIPE LEONE BORNIER DE OLIVEIRA Obriga a presta\u00e7\u00e3o de informa\u00e7\u00e3o digital, em tempo real, dos locais e hor\u00e1rios dos meios de transportes coletivos. Altera\u00e7\u00e3o, Lei da Pol\u00edtica Nacional de Mobilidade Urbana, obrigatoriedade, presta\u00e7\u00e3o de informa\u00e7\u00e3o, meio eletr\u00f4nico, m\u00eddia digital, internet, transporte coletivo, transporte de passageiro, hor\u00e1rio, localiza\u00e7\u00e3o, incentivo, transporte p\u00fablico, usu\u00e1rio, [&hellip;]<\/p>\n","protected":false},"author":1,"featured_media":0,"parent":0,"menu_order":0,"comment_status":"closed","ping_status":"closed","template":"page-template-blank.php","meta":{"_et_pb_use_builder":"","_et_pb_old_content":"","_et_gb_content_width":"1080","ngg_post_thumbnail":0,"footnotes":""},"class_list":["post-2650","page","type-page","status-publish","hentry"],"yoast_head":"<!-- This site is optimized with the Yoast SEO plugin v24.4 - https:\/\/yoast.com\/wordpress\/plugins\/seo\/ -->\n<title>PL 5993\/2016 - Legislapp<\/title>\n<meta name=\"robots\" content=\"index, follow, max-snippet:-1, max-image-preview:large, max-video-preview:-1\" \/>\n<link rel=\"canonical\" href=\"https:\/\/www.legislapp.com.br\/index.php\/pl-5993-2016-2\/\" \/>\n<meta property=\"og:locale\" content=\"pt_BR\" \/>\n<meta property=\"og:type\" content=\"article\" \/>\n<meta property=\"og:title\" content=\"PL 5993\/2016 - Legislapp\" \/>\n<meta property=\"og:description\" content=\"C\u00e2mara &#8211; Autoria de FELIPE LEONE BORNIER DE OLIVEIRA Obriga a presta\u00e7\u00e3o de informa\u00e7\u00e3o digital, em tempo real, dos locais e hor\u00e1rios dos meios de transportes coletivos. Altera\u00e7\u00e3o, Lei da Pol\u00edtica Nacional de Mobilidade Urbana, obrigatoriedade, presta\u00e7\u00e3o de informa\u00e7\u00e3o, meio eletr\u00f4nico, m\u00eddia digital, internet, transporte coletivo, transporte de passageiro, hor\u00e1rio, localiza\u00e7\u00e3o, incentivo, transporte p\u00fablico, usu\u00e1rio, [&hellip;]\" \/>\n<meta property=\"og:url\" content=\"https:\/\/www.legislapp.com.br\/index.php\/pl-5993-2016-2\/\" \/>\n<meta property=\"og:site_name\" content=\"Legislapp\" \/>\n<meta property=\"article:publisher\" content=\"https:\/\/www.instagram.com\/legislapp\/\" \/>\n<meta property=\"og:image\" content=\"https:\/\/www.camara.leg.br\/internet\/deputado\/bandep\/141430.jpg\" \/>\n<meta name=\"twitter:card\" content=\"summary_large_image\" \/>\n<script type=\"application\/ld+json\" class=\"yoast-schema-graph\">{\"@context\":\"https:\/\/schema.org\",\"@graph\":[{\"@type\":\"WebPage\",\"@id\":\"https:\/\/www.legislapp.com.br\/index.php\/pl-5993-2016-2\/\",\"url\":\"https:\/\/www.legislapp.com.br\/index.php\/pl-5993-2016-2\/\",\"name\":\"PL 5993\/2016 - Legislapp\",\"isPartOf\":{\"@id\":\"https:\/\/www.legislapp.com.br\/#website\"},\"primaryImageOfPage\":{\"@id\":\"https:\/\/www.legislapp.com.br\/index.php\/pl-5993-2016-2\/#primaryimage\"},\"image\":{\"@id\":\"https:\/\/www.legislapp.com.br\/index.php\/pl-5993-2016-2\/#primaryimage\"},\"thumbnailUrl\":\"https:\/\/www.camara.leg.br\/internet\/deputado\/bandep\/141430.jpg\",\"datePublished\":\"2023-07-15T15:31:15+00:00\",\"breadcrumb\":{\"@id\":\"https:\/\/www.legislapp.com.br\/index.php\/pl-5993-2016-2\/#breadcrumb\"},\"inLanguage\":\"pt-BR\",\"potentialAction\":[{\"@type\":\"ReadAction\",\"target\":[\"https:\/\/www.legislapp.com.br\/index.php\/pl-5993-2016-2\/\"]}]},{\"@type\":\"ImageObject\",\"inLanguage\":\"pt-BR\",\"@id\":\"https:\/\/www.legislapp.com.br\/index.php\/pl-5993-2016-2\/#primaryimage\",\"url\":\"https:\/\/www.camara.leg.br\/internet\/deputado\/bandep\/141430.jpg\",\"contentUrl\":\"https:\/\/www.camara.leg.br\/internet\/deputado\/bandep\/141430.jpg\"},{\"@type\":\"BreadcrumbList\",\"@id\":\"https:\/\/www.legislapp.com.br\/index.php\/pl-5993-2016-2\/#breadcrumb\",\"itemListElement\":[{\"@type\":\"ListItem\",\"position\":1,\"name\":\"In\u00edcio\",\"item\":\"https:\/\/www.legislapp.com.br\/\"},{\"@type\":\"ListItem\",\"position\":2,\"name\":\"PL 5993\/2016\"}]},{\"@type\":\"WebSite\",\"@id\":\"https:\/\/www.legislapp.com.br\/#website\",\"url\":\"https:\/\/www.legislapp.com.br\/\",\"name\":\"Legislapp\",\"description\":\"Intelig\u00eancia governamental em tempo real\",\"publisher\":{\"@id\":\"https:\/\/www.legislapp.com.br\/#organization\"},\"potentialAction\":[{\"@type\":\"SearchAction\",\"target\":{\"@type\":\"EntryPoint\",\"urlTemplate\":\"https:\/\/www.legislapp.com.br\/?s={search_term_string}\"},\"query-input\":{\"@type\":\"PropertyValueSpecification\",\"valueRequired\":true,\"valueName\":\"search_term_string\"}}],\"inLanguage\":\"pt-BR\"},{\"@type\":\"Organization\",\"@id\":\"https:\/\/www.legislapp.com.br\/#organization\",\"name\":\"Legislapp Monitoramento e Intelig\u00eancia Governamental\",\"url\":\"https:\/\/www.legislapp.com.br\/\",\"logo\":{\"@type\":\"ImageObject\",\"inLanguage\":\"pt-BR\",\"@id\":\"https:\/\/www.legislapp.com.br\/#\/schema\/logo\/image\/\",\"url\":\"https:\/\/www.legislapp.com.br\/wp-content\/uploads\/icon.png\",\"contentUrl\":\"https:\/\/www.legislapp.com.br\/wp-content\/uploads\/icon.png\",\"width\":1024,\"height\":1024,\"caption\":\"Legislapp Monitoramento e Intelig\u00eancia Governamental\"},\"image\":{\"@id\":\"https:\/\/www.legislapp.com.br\/#\/schema\/logo\/image\/\"},\"sameAs\":[\"https:\/\/www.instagram.com\/legislapp\/\"]}]}<\/script>\n<!-- \/ Yoast SEO plugin. -->","yoast_head_json":{"title":"PL 5993\/2016 - Legislapp","robots":{"index":"index","follow":"follow","max-snippet":"max-snippet:-1","max-image-preview":"max-image-preview:large","max-video-preview":"max-video-preview:-1"},"canonical":"https:\/\/www.legislapp.com.br\/index.php\/pl-5993-2016-2\/","og_locale":"pt_BR","og_type":"article","og_title":"PL 5993\/2016 - Legislapp","og_description":"C\u00e2mara &#8211; Autoria de FELIPE LEONE BORNIER DE OLIVEIRA Obriga a presta\u00e7\u00e3o de informa\u00e7\u00e3o digital, em tempo real, dos locais e hor\u00e1rios dos meios de transportes coletivos. Altera\u00e7\u00e3o, Lei da Pol\u00edtica Nacional de Mobilidade Urbana, obrigatoriedade, presta\u00e7\u00e3o de informa\u00e7\u00e3o, meio eletr\u00f4nico, m\u00eddia digital, internet, transporte coletivo, transporte de passageiro, hor\u00e1rio, localiza\u00e7\u00e3o, incentivo, transporte p\u00fablico, usu\u00e1rio, [&hellip;]","og_url":"https:\/\/www.legislapp.com.br\/index.php\/pl-5993-2016-2\/","og_site_name":"Legislapp","article_publisher":"https:\/\/www.instagram.com\/legislapp\/","og_image":[{"url":"https:\/\/www.camara.leg.br\/internet\/deputado\/bandep\/141430.jpg","type":"","width":"","height":""}],"twitter_card":"summary_large_image","schema":{"@context":"https:\/\/schema.org","@graph":[{"@type":"WebPage","@id":"https:\/\/www.legislapp.com.br\/index.php\/pl-5993-2016-2\/","url":"https:\/\/www.legislapp.com.br\/index.php\/pl-5993-2016-2\/","name":"PL 5993\/2016 - Legislapp","isPartOf":{"@id":"https:\/\/www.legislapp.com.br\/#website"},"primaryImageOfPage":{"@id":"https:\/\/www.legislapp.com.br\/index.php\/pl-5993-2016-2\/#primaryimage"},"image":{"@id":"https:\/\/www.legislapp.com.br\/index.php\/pl-5993-2016-2\/#primaryimage"},"thumbnailUrl":"https:\/\/www.camara.leg.br\/internet\/deputado\/bandep\/141430.jpg","datePublished":"2023-07-15T15:31:15+00:00","breadcrumb":{"@id":"https:\/\/www.legislapp.com.br\/index.php\/pl-5993-2016-2\/#breadcrumb"},"inLanguage":"pt-BR","potentialAction":[{"@type":"ReadAction","target":["https:\/\/www.legislapp.com.br\/index.php\/pl-5993-2016-2\/"]}]},{"@type":"ImageObject","inLanguage":"pt-BR","@id":"https:\/\/www.legislapp.com.br\/index.php\/pl-5993-2016-2\/#primaryimage","url":"https:\/\/www.camara.leg.br\/internet\/deputado\/bandep\/141430.jpg","contentUrl":"https:\/\/www.camara.leg.br\/internet\/deputado\/bandep\/141430.jpg"},{"@type":"BreadcrumbList","@id":"https:\/\/www.legislapp.com.br\/index.php\/pl-5993-2016-2\/#breadcrumb","itemListElement":[{"@type":"ListItem","position":1,"name":"In\u00edcio","item":"https:\/\/www.legislapp.com.br\/"},{"@type":"ListItem","position":2,"name":"PL 5993\/2016"}]},{"@type":"WebSite","@id":"https:\/\/www.legislapp.com.br\/#website","url":"https:\/\/www.legislapp.com.br\/","name":"Legislapp","description":"Intelig\u00eancia governamental em tempo real","publisher":{"@id":"https:\/\/www.legislapp.com.br\/#organization"},"potentialAction":[{"@type":"SearchAction","target":{"@type":"EntryPoint","urlTemplate":"https:\/\/www.legislapp.com.br\/?s={search_term_string}"},"query-input":{"@type":"PropertyValueSpecification","valueRequired":true,"valueName":"search_term_string"}}],"inLanguage":"pt-BR"},{"@type":"Organization","@id":"https:\/\/www.legislapp.com.br\/#organization","name":"Legislapp Monitoramento e Intelig\u00eancia Governamental","url":"https:\/\/www.legislapp.com.br\/","logo":{"@type":"ImageObject","inLanguage":"pt-BR","@id":"https:\/\/www.legislapp.com.br\/#\/schema\/logo\/image\/","url":"https:\/\/www.legislapp.com.br\/wp-content\/uploads\/icon.png","contentUrl":"https:\/\/www.legislapp.com.br\/wp-content\/uploads\/icon.png","width":1024,"height":1024,"caption":"Legislapp Monitoramento e Intelig\u00eancia Governamental"},"image":{"@id":"https:\/\/www.legislapp.com.br\/#\/schema\/logo\/image\/"},"sameAs":["https:\/\/www.instagram.com\/legislapp\/"]}]}},"_links":{"self":[{"href":"https:\/\/www.legislapp.com.br\/index.php\/wp-json\/wp\/v2\/pages\/2650","targetHints":{"allow":["GET"]}}],"collection":[{"href":"https:\/\/www.legislapp.com.br\/index.php\/wp-json\/wp\/v2\/pages"}],"about":[{"href":"https:\/\/www.legislapp.com.br\/index.php\/wp-json\/wp\/v2\/types\/page"}],"author":[{"embeddable":true,"href":"https:\/\/www.legislapp.com.br\/index.php\/wp-json\/wp\/v2\/users\/1"}],"replies":[{"embeddable":true,"href":"https:\/\/www.legislapp.com.br\/index.php\/wp-json\/wp\/v2\/comments?post=2650"}],"version-history":[{"count":0,"href":"https:\/\/www.legislapp.com.br\/index.php\/wp-json\/wp\/v2\/pages\/2650\/revisions"}],"wp:attachment":[{"href":"https:\/\/www.legislapp.com.br\/index.php\/wp-json\/wp\/v2\/media?parent=2650"}],"curies":[{"name":"wp","href":"https:\/\/api.w.org\/{rel}","templated":true}]}}