{"id":2673,"date":"2023-07-15T12:32:06","date_gmt":"2023-07-15T15:32:06","guid":{"rendered":"https:\/\/www.legislapp.com.br\/index.php\/pl-7953-2010-2\/"},"modified":"2023-07-15T12:32:06","modified_gmt":"2023-07-15T15:32:06","slug":"pl-7953-2010-2","status":"publish","type":"page","link":"https:\/\/www.legislapp.com.br\/index.php\/pl-7953-2010-2\/","title":{"rendered":"PL 7953\/2010"},"content":{"rendered":"<h1 style='text-align: center;'>C\u00e2mara &#8211; Autoria de Senado Federal<\/h3>\n<p><\/p>\n<article>Altera o par\u00e1grafo \u00fanico do art. 24 da Lei n\u00ba 11.947, de 16 de junho de 2009, para estabelecer valores m\u00ednimos por aluno nos repasses de recursos do Programa Dinheiro Direto na Escola (PDDE) para os estabelecimentos de ensino que atendem alunos com defici\u00eancia.<\/article>\n<p><a href='https:\/\/app.legislapp.com.br\/#\/busca?termo=Altera\u00e7\u00e3o'>Altera\u00e7\u00e3o<\/a>, <a href='https:\/\/app.legislapp.com.br\/#\/busca?termo=Lei da Alimenta\u00e7\u00e3o Escolar'>Lei da Alimenta\u00e7\u00e3o Escolar<\/a>, <a href='https:\/\/app.legislapp.com.br\/#\/busca?termo=Programa Dinheiro Direto na Escola'>Programa Dinheiro Direto na Escola<\/a>, <a href='https:\/\/app.legislapp.com.br\/#\/busca?termo=crit\u00e9rios'>crit\u00e9rios<\/a>, <a href='https:\/\/app.legislapp.com.br\/#\/busca?termo=repasse'>repasse<\/a>, <a href='https:\/\/app.legislapp.com.br\/#\/busca?termo=recursos'>recursos<\/a>, <a href='https:\/\/app.legislapp.com.br\/#\/busca?termo=fixa\u00e7\u00e3o'>fixa\u00e7\u00e3o<\/a>, <a href='https:\/\/app.legislapp.com.br\/#\/busca?termo=limite m\u00ednimo'>limite m\u00ednimo<\/a>, <a href='https:\/\/app.legislapp.com.br\/#\/busca?termo=valor'>valor<\/a>, <a href='https:\/\/app.legislapp.com.br\/#\/busca?termo=aluno'>aluno<\/a>, <a href='https:\/\/app.legislapp.com.br\/#\/busca?termo=aluno especial'>aluno especial<\/a>, <a href='https:\/\/app.legislapp.com.br\/#\/busca?termo=estabelecimento de ensino'>estabelecimento de ensino<\/a>, <a href='https:\/\/app.legislapp.com.br\/#\/busca?termo=educa\u00e7\u00e3o b\u00e1sica'>educa\u00e7\u00e3o b\u00e1sica<\/a>, <a href='https:\/\/app.legislapp.com.br\/#\/busca?termo=educa\u00e7\u00e3o especial'>educa\u00e7\u00e3o especial<\/a>, <a href='https:\/\/app.legislapp.com.br\/#\/busca?termo=pessoa portadora de defici\u00eancia.'>pessoa portadora de defici\u00eancia.<\/a><\/p>\n<div style=\"text-align: center\">\n      <img decoding=\"async\" style=\"width: 14%;\" src=\"https:\/\/legislapp.com.br\/wp-content\/uploads\/2021\/07\/Logo-Legislapp-1-03-1.png\"><br \/>\n      <\/p>\n<div style=\"margin-bottom: 20px;\" class=\"et_pb_button_module_wrapper et_pb_button_5_tb_body_wrapper et_pb_button_alignment_center et_pb_module \">\n         <a class=\"et_pb_button et_pb_button_5_tb_body et_hover_enabled et_pb_bg_layout_dark\" style=\"width: 50%;background-color: black;\" href=\"https:\/\/app.legislapp.com.br\" target=\"_blank\" rel=\"noopener\">Visualizar completo na nossa plataforma (30 dias gr\u00e1tis)<\/a><\/p><\/div>\n<p>      <a href=\"https:\/\/play.google.com\/store\/apps\/details?id=br.com.legislapp\"><img decoding=\"async\" style=\"width: 15%; min-width: 130px;\" src=\"https:\/\/legislapp.com.br\/wp-content\/uploads\/google-play.png\"><\/a><br \/>\n      <a href=\"https:\/\/apps.apple.com\/us\/app\/legislapp\/id1568929859\"><img decoding=\"async\" style=\"width: 15%; min-width: 130px\" src=\"https:\/\/legislapp.com.br\/wp-content\/uploads\/apple-store.png\"><\/a>\n   <\/div>\n","protected":false},"excerpt":{"rendered":"<p>C\u00e2mara &#8211; Autoria de Senado Federal Altera o par\u00e1grafo \u00fanico do art. 24 da Lei n\u00ba 11.947, de 16 de junho de 2009, para estabelecer valores m\u00ednimos por aluno nos repasses de recursos do Programa Dinheiro Direto na Escola (PDDE) para os estabelecimentos de ensino que atendem alunos com defici\u00eancia. Altera\u00e7\u00e3o, Lei da Alimenta\u00e7\u00e3o Escolar, [&hellip;]<\/p>\n","protected":false},"author":1,"featured_media":0,"parent":0,"menu_order":0,"comment_status":"closed","ping_status":"closed","template":"page-template-blank.php","meta":{"_et_pb_use_builder":"","_et_pb_old_content":"","_et_gb_content_width":"1080","ngg_post_thumbnail":0,"footnotes":""},"class_list":["post-2673","page","type-page","status-publish","hentry"],"yoast_head":"<!-- This site is optimized with the Yoast SEO plugin v24.4 - https:\/\/yoast.com\/wordpress\/plugins\/seo\/ -->\n<title>PL 7953\/2010 - Legislapp<\/title>\n<meta name=\"robots\" content=\"index, follow, max-snippet:-1, max-image-preview:large, max-video-preview:-1\" \/>\n<link rel=\"canonical\" href=\"https:\/\/www.legislapp.com.br\/index.php\/pl-7953-2010-2\/\" \/>\n<meta property=\"og:locale\" content=\"pt_BR\" \/>\n<meta property=\"og:type\" content=\"article\" \/>\n<meta property=\"og:title\" content=\"PL 7953\/2010 - Legislapp\" \/>\n<meta property=\"og:description\" content=\"C\u00e2mara &#8211; Autoria de Senado Federal Altera o par\u00e1grafo \u00fanico do art. 24 da Lei n\u00ba 11.947, de 16 de junho de 2009, para estabelecer valores m\u00ednimos por aluno nos repasses de recursos do Programa Dinheiro Direto na Escola (PDDE) para os estabelecimentos de ensino que atendem alunos com defici\u00eancia. Altera\u00e7\u00e3o, Lei da Alimenta\u00e7\u00e3o Escolar, [&hellip;]\" \/>\n<meta property=\"og:url\" content=\"https:\/\/www.legislapp.com.br\/index.php\/pl-7953-2010-2\/\" \/>\n<meta property=\"og:site_name\" content=\"Legislapp\" \/>\n<meta property=\"article:publisher\" content=\"https:\/\/www.instagram.com\/legislapp\/\" \/>\n<meta property=\"og:image\" content=\"https:\/\/legislapp.com.br\/wp-content\/uploads\/2021\/07\/Logo-Legislapp-1-03-1.png\" \/>\n<meta name=\"twitter:card\" content=\"summary_large_image\" \/>\n<script type=\"application\/ld+json\" class=\"yoast-schema-graph\">{\"@context\":\"https:\/\/schema.org\",\"@graph\":[{\"@type\":\"WebPage\",\"@id\":\"https:\/\/www.legislapp.com.br\/index.php\/pl-7953-2010-2\/\",\"url\":\"https:\/\/www.legislapp.com.br\/index.php\/pl-7953-2010-2\/\",\"name\":\"PL 7953\/2010 - Legislapp\",\"isPartOf\":{\"@id\":\"https:\/\/www.legislapp.com.br\/#website\"},\"primaryImageOfPage\":{\"@id\":\"https:\/\/www.legislapp.com.br\/index.php\/pl-7953-2010-2\/#primaryimage\"},\"image\":{\"@id\":\"https:\/\/www.legislapp.com.br\/index.php\/pl-7953-2010-2\/#primaryimage\"},\"thumbnailUrl\":\"https:\/\/legislapp.com.br\/wp-content\/uploads\/2021\/07\/Logo-Legislapp-1-03-1.png\",\"datePublished\":\"2023-07-15T15:32:06+00:00\",\"breadcrumb\":{\"@id\":\"https:\/\/www.legislapp.com.br\/index.php\/pl-7953-2010-2\/#breadcrumb\"},\"inLanguage\":\"pt-BR\",\"potentialAction\":[{\"@type\":\"ReadAction\",\"target\":[\"https:\/\/www.legislapp.com.br\/index.php\/pl-7953-2010-2\/\"]}]},{\"@type\":\"ImageObject\",\"inLanguage\":\"pt-BR\",\"@id\":\"https:\/\/www.legislapp.com.br\/index.php\/pl-7953-2010-2\/#primaryimage\",\"url\":\"https:\/\/legislapp.com.br\/wp-content\/uploads\/2021\/07\/Logo-Legislapp-1-03-1.png\",\"contentUrl\":\"https:\/\/legislapp.com.br\/wp-content\/uploads\/2021\/07\/Logo-Legislapp-1-03-1.png\"},{\"@type\":\"BreadcrumbList\",\"@id\":\"https:\/\/www.legislapp.com.br\/index.php\/pl-7953-2010-2\/#breadcrumb\",\"itemListElement\":[{\"@type\":\"ListItem\",\"position\":1,\"name\":\"In\u00edcio\",\"item\":\"https:\/\/www.legislapp.com.br\/\"},{\"@type\":\"ListItem\",\"position\":2,\"name\":\"PL 7953\/2010\"}]},{\"@type\":\"WebSite\",\"@id\":\"https:\/\/www.legislapp.com.br\/#website\",\"url\":\"https:\/\/www.legislapp.com.br\/\",\"name\":\"Legislapp\",\"description\":\"Intelig\u00eancia governamental em tempo real\",\"publisher\":{\"@id\":\"https:\/\/www.legislapp.com.br\/#organization\"},\"potentialAction\":[{\"@type\":\"SearchAction\",\"target\":{\"@type\":\"EntryPoint\",\"urlTemplate\":\"https:\/\/www.legislapp.com.br\/?s={search_term_string}\"},\"query-input\":{\"@type\":\"PropertyValueSpecification\",\"valueRequired\":true,\"valueName\":\"search_term_string\"}}],\"inLanguage\":\"pt-BR\"},{\"@type\":\"Organization\",\"@id\":\"https:\/\/www.legislapp.com.br\/#organization\",\"name\":\"Legislapp Monitoramento e Intelig\u00eancia Governamental\",\"url\":\"https:\/\/www.legislapp.com.br\/\",\"logo\":{\"@type\":\"ImageObject\",\"inLanguage\":\"pt-BR\",\"@id\":\"https:\/\/www.legislapp.com.br\/#\/schema\/logo\/image\/\",\"url\":\"https:\/\/www.legislapp.com.br\/wp-content\/uploads\/icon.png\",\"contentUrl\":\"https:\/\/www.legislapp.com.br\/wp-content\/uploads\/icon.png\",\"width\":1024,\"height\":1024,\"caption\":\"Legislapp Monitoramento e Intelig\u00eancia Governamental\"},\"image\":{\"@id\":\"https:\/\/www.legislapp.com.br\/#\/schema\/logo\/image\/\"},\"sameAs\":[\"https:\/\/www.instagram.com\/legislapp\/\"]}]}<\/script>\n<!-- \/ Yoast SEO plugin. -->","yoast_head_json":{"title":"PL 7953\/2010 - Legislapp","robots":{"index":"index","follow":"follow","max-snippet":"max-snippet:-1","max-image-preview":"max-image-preview:large","max-video-preview":"max-video-preview:-1"},"canonical":"https:\/\/www.legislapp.com.br\/index.php\/pl-7953-2010-2\/","og_locale":"pt_BR","og_type":"article","og_title":"PL 7953\/2010 - Legislapp","og_description":"C\u00e2mara &#8211; Autoria de Senado Federal Altera o par\u00e1grafo \u00fanico do art. 24 da Lei n\u00ba 11.947, de 16 de junho de 2009, para estabelecer valores m\u00ednimos por aluno nos repasses de recursos do Programa Dinheiro Direto na Escola (PDDE) para os estabelecimentos de ensino que atendem alunos com defici\u00eancia. Altera\u00e7\u00e3o, Lei da Alimenta\u00e7\u00e3o Escolar, [&hellip;]","og_url":"https:\/\/www.legislapp.com.br\/index.php\/pl-7953-2010-2\/","og_site_name":"Legislapp","article_publisher":"https:\/\/www.instagram.com\/legislapp\/","og_image":[{"url":"https:\/\/legislapp.com.br\/wp-content\/uploads\/2021\/07\/Logo-Legislapp-1-03-1.png","type":"","width":"","height":""}],"twitter_card":"summary_large_image","schema":{"@context":"https:\/\/schema.org","@graph":[{"@type":"WebPage","@id":"https:\/\/www.legislapp.com.br\/index.php\/pl-7953-2010-2\/","url":"https:\/\/www.legislapp.com.br\/index.php\/pl-7953-2010-2\/","name":"PL 7953\/2010 - Legislapp","isPartOf":{"@id":"https:\/\/www.legislapp.com.br\/#website"},"primaryImageOfPage":{"@id":"https:\/\/www.legislapp.com.br\/index.php\/pl-7953-2010-2\/#primaryimage"},"image":{"@id":"https:\/\/www.legislapp.com.br\/index.php\/pl-7953-2010-2\/#primaryimage"},"thumbnailUrl":"https:\/\/legislapp.com.br\/wp-content\/uploads\/2021\/07\/Logo-Legislapp-1-03-1.png","datePublished":"2023-07-15T15:32:06+00:00","breadcrumb":{"@id":"https:\/\/www.legislapp.com.br\/index.php\/pl-7953-2010-2\/#breadcrumb"},"inLanguage":"pt-BR","potentialAction":[{"@type":"ReadAction","target":["https:\/\/www.legislapp.com.br\/index.php\/pl-7953-2010-2\/"]}]},{"@type":"ImageObject","inLanguage":"pt-BR","@id":"https:\/\/www.legislapp.com.br\/index.php\/pl-7953-2010-2\/#primaryimage","url":"https:\/\/legislapp.com.br\/wp-content\/uploads\/2021\/07\/Logo-Legislapp-1-03-1.png","contentUrl":"https:\/\/legislapp.com.br\/wp-content\/uploads\/2021\/07\/Logo-Legislapp-1-03-1.png"},{"@type":"BreadcrumbList","@id":"https:\/\/www.legislapp.com.br\/index.php\/pl-7953-2010-2\/#breadcrumb","itemListElement":[{"@type":"ListItem","position":1,"name":"In\u00edcio","item":"https:\/\/www.legislapp.com.br\/"},{"@type":"ListItem","position":2,"name":"PL 7953\/2010"}]},{"@type":"WebSite","@id":"https:\/\/www.legislapp.com.br\/#website","url":"https:\/\/www.legislapp.com.br\/","name":"Legislapp","description":"Intelig\u00eancia governamental em tempo real","publisher":{"@id":"https:\/\/www.legislapp.com.br\/#organization"},"potentialAction":[{"@type":"SearchAction","target":{"@type":"EntryPoint","urlTemplate":"https:\/\/www.legislapp.com.br\/?s={search_term_string}"},"query-input":{"@type":"PropertyValueSpecification","valueRequired":true,"valueName":"search_term_string"}}],"inLanguage":"pt-BR"},{"@type":"Organization","@id":"https:\/\/www.legislapp.com.br\/#organization","name":"Legislapp Monitoramento e Intelig\u00eancia Governamental","url":"https:\/\/www.legislapp.com.br\/","logo":{"@type":"ImageObject","inLanguage":"pt-BR","@id":"https:\/\/www.legislapp.com.br\/#\/schema\/logo\/image\/","url":"https:\/\/www.legislapp.com.br\/wp-content\/uploads\/icon.png","contentUrl":"https:\/\/www.legislapp.com.br\/wp-content\/uploads\/icon.png","width":1024,"height":1024,"caption":"Legislapp Monitoramento e Intelig\u00eancia Governamental"},"image":{"@id":"https:\/\/www.legislapp.com.br\/#\/schema\/logo\/image\/"},"sameAs":["https:\/\/www.instagram.com\/legislapp\/"]}]}},"_links":{"self":[{"href":"https:\/\/www.legislapp.com.br\/index.php\/wp-json\/wp\/v2\/pages\/2673","targetHints":{"allow":["GET"]}}],"collection":[{"href":"https:\/\/www.legislapp.com.br\/index.php\/wp-json\/wp\/v2\/pages"}],"about":[{"href":"https:\/\/www.legislapp.com.br\/index.php\/wp-json\/wp\/v2\/types\/page"}],"author":[{"embeddable":true,"href":"https:\/\/www.legislapp.com.br\/index.php\/wp-json\/wp\/v2\/users\/1"}],"replies":[{"embeddable":true,"href":"https:\/\/www.legislapp.com.br\/index.php\/wp-json\/wp\/v2\/comments?post=2673"}],"version-history":[{"count":0,"href":"https:\/\/www.legislapp.com.br\/index.php\/wp-json\/wp\/v2\/pages\/2673\/revisions"}],"wp:attachment":[{"href":"https:\/\/www.legislapp.com.br\/index.php\/wp-json\/wp\/v2\/media?parent=2673"}],"curies":[{"name":"wp","href":"https:\/\/api.w.org\/{rel}","templated":true}]}}