{"id":2682,"date":"2023-07-15T12:32:26","date_gmt":"2023-07-15T15:32:26","guid":{"rendered":"https:\/\/www.legislapp.com.br\/index.php\/pl-1949-2007\/"},"modified":"2023-07-15T12:32:26","modified_gmt":"2023-07-15T15:32:26","slug":"pl-1949-2007","status":"publish","type":"page","link":"https:\/\/www.legislapp.com.br\/index.php\/pl-1949-2007\/","title":{"rendered":"PL 1949\/2007"},"content":{"rendered":"<h1 style='text-align: center;'>C\u00e2mara &#8211; Autoria de Poder Executivo<\/h3>\n<p><\/p>\n<article>Institui a Lei Geral da Pol\u00edcia Civil e d\u00e1 outras provid\u00eancias.<\/article>\n<p><a href='https:\/\/app.legislapp.com.br\/#\/busca?termo=Cria\u00e7\u00e3o'>Cria\u00e7\u00e3o<\/a>, <a href='https:\/\/app.legislapp.com.br\/#\/busca?termo=Lei Geral da Pol\u00edcia Civil'>Lei Geral da Pol\u00edcia Civil<\/a>, <a href='https:\/\/app.legislapp.com.br\/#\/busca?termo=organiza\u00e7\u00e3o'>organiza\u00e7\u00e3o<\/a>, <a href='https:\/\/app.legislapp.com.br\/#\/busca?termo=funcionamento'>funcionamento<\/a>, <a href='https:\/\/app.legislapp.com.br\/#\/busca?termo=compet\u00eancia'>compet\u00eancia<\/a>, <a href='https:\/\/app.legislapp.com.br\/#\/busca?termo=Pol\u00edcia Civil'>Pol\u00edcia Civil<\/a>, <a href='https:\/\/app.legislapp.com.br\/#\/busca?termo=Estado (ente federado)'>Estado (ente federado)<\/a>, <a href='https:\/\/app.legislapp.com.br\/#\/busca?termo=Distrito Federal'>Distrito Federal<\/a>, <a href='https:\/\/app.legislapp.com.br\/#\/busca?termo=\u00f3rg\u00e3o p\u00fablico'>\u00f3rg\u00e3o p\u00fablico<\/a>, <a href='https:\/\/app.legislapp.com.br\/#\/busca?termo=Sistema \u00danico de Seguran\u00e7a P\u00fablica (Susp)'>Sistema \u00danico de Seguran\u00e7a P\u00fablica (Susp)<\/a>, <a href='https:\/\/app.legislapp.com.br\/#\/busca?termo=estrutura organizacional'>estrutura organizacional<\/a>, <a href='https:\/\/app.legislapp.com.br\/#\/busca?termo=composi\u00e7\u00e3o'>composi\u00e7\u00e3o<\/a>, <a href='https:\/\/app.legislapp.com.br\/#\/busca?termo=Dire\u00e7\u00e3o Superior'>Dire\u00e7\u00e3o Superior<\/a>, <a href='https:\/\/app.legislapp.com.br\/#\/busca?termo=Dire\u00e7\u00e3o Geral'>Dire\u00e7\u00e3o Geral<\/a>, <a href='https:\/\/app.legislapp.com.br\/#\/busca?termo=chefia'>chefia<\/a>, <a href='https:\/\/app.legislapp.com.br\/#\/busca?termo=Delegado-Geral de Pol\u00edcia'>Delegado-Geral de Pol\u00edcia<\/a>, <a href='https:\/\/app.legislapp.com.br\/#\/busca?termo=Conselho Superior de Pol\u00edcia Civil'>Conselho Superior de Pol\u00edcia Civil<\/a>, <a href='https:\/\/app.legislapp.com.br\/#\/busca?termo=Unidade'>Unidade<\/a>, <a href='https:\/\/app.legislapp.com.br\/#\/busca?termo=Execu\u00e7\u00e3o'>Execu\u00e7\u00e3o<\/a>, <a href='https:\/\/app.legislapp.com.br\/#\/busca?termo=Academia de Pol\u00edcia Civil'>Academia de Pol\u00edcia Civil<\/a>, <a href='https:\/\/app.legislapp.com.br\/#\/busca?termo=Corregedoria'>Corregedoria<\/a>, <a href='https:\/\/app.legislapp.com.br\/#\/busca?termo=Atividade de Intelig\u00eancia'>Atividade de Intelig\u00eancia<\/a>, <a href='https:\/\/app.legislapp.com.br\/#\/busca?termo=Pol\u00edcia Judici\u00e1ria'>Pol\u00edcia Judici\u00e1ria<\/a>, <a href='https:\/\/app.legislapp.com.br\/#\/busca?termo=Investiga\u00e7\u00e3o'>Investiga\u00e7\u00e3o<\/a>, <a href='https:\/\/app.legislapp.com.br\/#\/busca?termo=Per\u00edcia'>Per\u00edcia<\/a>, <a href='https:\/\/app.legislapp.com.br\/#\/busca?termo=Identifica\u00e7\u00e3o'>Identifica\u00e7\u00e3o<\/a>, <a href='https:\/\/app.legislapp.com.br\/#\/busca?termo=quadro de pessoal'>quadro de pessoal<\/a>, <a href='https:\/\/app.legislapp.com.br\/#\/busca?termo=servidor'>servidor<\/a>, <a href='https:\/\/app.legislapp.com.br\/#\/busca?termo=Delegado de Pol\u00edcia'>Delegado de Pol\u00edcia<\/a>, <a href='https:\/\/app.legislapp.com.br\/#\/busca?termo=Perito'>Perito<\/a>, <a href='https:\/\/app.legislapp.com.br\/#\/busca?termo=Agente de Pol\u00edcia'>Agente de Pol\u00edcia<\/a>, <a href='https:\/\/app.legislapp.com.br\/#\/busca?termo=requisitos'>requisitos<\/a>, <a href='https:\/\/app.legislapp.com.br\/#\/busca?termo=concurso p\u00fablico'>concurso p\u00fablico<\/a>, <a href='https:\/\/app.legislapp.com.br\/#\/busca?termo=Carreira de Policial Civil'>Carreira de Policial Civil<\/a>, <a href='https:\/\/app.legislapp.com.br\/#\/busca?termo=carreira t\u00edpica de Estado'>carreira t\u00edpica de Estado<\/a>, <a href='https:\/\/app.legislapp.com.br\/#\/busca?termo=promo\u00e7\u00e3o'>promo\u00e7\u00e3o<\/a>, <a href='https:\/\/app.legislapp.com.br\/#\/busca?termo=remo\u00e7\u00e3o'>remo\u00e7\u00e3o<\/a>, <a href='https:\/\/app.legislapp.com.br\/#\/busca?termo=prerrogativa de fun\u00e7\u00e3o'>prerrogativa de fun\u00e7\u00e3o<\/a>, <a href='https:\/\/app.legislapp.com.br\/#\/busca?termo=proibi\u00e7\u00e3o'>proibi\u00e7\u00e3o<\/a>, <a href='https:\/\/app.legislapp.com.br\/#\/busca?termo=exerc\u00edcio'>exerc\u00edcio<\/a>, <a href='https:\/\/app.legislapp.com.br\/#\/busca?termo=fun\u00e7\u00e3o p\u00fablica'>fun\u00e7\u00e3o p\u00fablica<\/a>, <a href='https:\/\/app.legislapp.com.br\/#\/busca?termo=participa\u00e7\u00e3o'>participa\u00e7\u00e3o<\/a>, <a href='https:\/\/app.legislapp.com.br\/#\/busca?termo=com\u00e9rcio'>com\u00e9rcio<\/a>, <a href='https:\/\/app.legislapp.com.br\/#\/busca?termo=infra\u00e7\u00e3o disciplinar'>infra\u00e7\u00e3o disciplinar<\/a>, <a href='https:\/\/app.legislapp.com.br\/#\/busca?termo=pena disciplinar'>pena disciplinar<\/a>, <a href='https:\/\/app.legislapp.com.br\/#\/busca?termo=processo disciplinar'>processo disciplinar<\/a>, <a href='https:\/\/app.legislapp.com.br\/#\/busca?termo=sindic\u00e2ncia'>sindic\u00e2ncia<\/a>, <a href='https:\/\/app.legislapp.com.br\/#\/busca?termo=hierarquia'>hierarquia<\/a>, <a href='https:\/\/app.legislapp.com.br\/#\/busca?termo=disciplina'>disciplina<\/a>, <a href='https:\/\/app.legislapp.com.br\/#\/busca?termo=Comiss\u00e3o Interna de Preven\u00e7\u00e3o de Acidentes (CIPA).'>Comiss\u00e3o Interna de Preven\u00e7\u00e3o de Acidentes (CIPA).<\/a><\/p>\n<div style=\"text-align: center\">\n      <img decoding=\"async\" style=\"width: 14%;\" src=\"https:\/\/legislapp.com.br\/wp-content\/uploads\/2021\/07\/Logo-Legislapp-1-03-1.png\"><br \/>\n      <\/p>\n<div style=\"margin-bottom: 20px;\" class=\"et_pb_button_module_wrapper et_pb_button_5_tb_body_wrapper et_pb_button_alignment_center et_pb_module \">\n         <a class=\"et_pb_button et_pb_button_5_tb_body et_hover_enabled et_pb_bg_layout_dark\" style=\"width: 50%;background-color: black;\" href=\"https:\/\/app.legislapp.com.br\" target=\"_blank\" rel=\"noopener\">Visualizar completo na nossa plataforma (30 dias gr\u00e1tis)<\/a><\/p><\/div>\n<p>      <a href=\"https:\/\/play.google.com\/store\/apps\/details?id=br.com.legislapp\"><img decoding=\"async\" style=\"width: 15%; min-width: 130px;\" src=\"https:\/\/legislapp.com.br\/wp-content\/uploads\/google-play.png\"><\/a><br \/>\n      <a href=\"https:\/\/apps.apple.com\/us\/app\/legislapp\/id1568929859\"><img decoding=\"async\" style=\"width: 15%; min-width: 130px\" src=\"https:\/\/legislapp.com.br\/wp-content\/uploads\/apple-store.png\"><\/a>\n   <\/div>\n","protected":false},"excerpt":{"rendered":"<p>C\u00e2mara &#8211; Autoria de Poder Executivo Institui a Lei Geral da Pol\u00edcia Civil e d\u00e1 outras provid\u00eancias. Cria\u00e7\u00e3o, Lei Geral da Pol\u00edcia Civil, organiza\u00e7\u00e3o, funcionamento, compet\u00eancia, Pol\u00edcia Civil, Estado (ente federado), Distrito Federal, \u00f3rg\u00e3o p\u00fablico, Sistema \u00danico de Seguran\u00e7a P\u00fablica (Susp), estrutura organizacional, composi\u00e7\u00e3o, Dire\u00e7\u00e3o Superior, Dire\u00e7\u00e3o Geral, chefia, Delegado-Geral de Pol\u00edcia, Conselho Superior de [&hellip;]<\/p>\n","protected":false},"author":1,"featured_media":0,"parent":0,"menu_order":0,"comment_status":"closed","ping_status":"closed","template":"page-template-blank.php","meta":{"_et_pb_use_builder":"","_et_pb_old_content":"","_et_gb_content_width":"1080","ngg_post_thumbnail":0,"footnotes":""},"class_list":["post-2682","page","type-page","status-publish","hentry"],"yoast_head":"<!-- This site is optimized with the Yoast SEO plugin v24.4 - https:\/\/yoast.com\/wordpress\/plugins\/seo\/ -->\n<title>PL 1949\/2007 - Legislapp<\/title>\n<meta name=\"robots\" content=\"index, follow, max-snippet:-1, max-image-preview:large, max-video-preview:-1\" \/>\n<link rel=\"canonical\" href=\"https:\/\/www.legislapp.com.br\/index.php\/pl-1949-2007\/\" \/>\n<meta property=\"og:locale\" content=\"pt_BR\" \/>\n<meta property=\"og:type\" content=\"article\" \/>\n<meta property=\"og:title\" content=\"PL 1949\/2007 - Legislapp\" \/>\n<meta property=\"og:description\" content=\"C\u00e2mara &#8211; Autoria de Poder Executivo Institui a Lei Geral da Pol\u00edcia Civil e d\u00e1 outras provid\u00eancias. Cria\u00e7\u00e3o, Lei Geral da Pol\u00edcia Civil, organiza\u00e7\u00e3o, funcionamento, compet\u00eancia, Pol\u00edcia Civil, Estado (ente federado), Distrito Federal, \u00f3rg\u00e3o p\u00fablico, Sistema \u00danico de Seguran\u00e7a P\u00fablica (Susp), estrutura organizacional, composi\u00e7\u00e3o, Dire\u00e7\u00e3o Superior, Dire\u00e7\u00e3o Geral, chefia, Delegado-Geral de Pol\u00edcia, Conselho Superior de [&hellip;]\" \/>\n<meta property=\"og:url\" content=\"https:\/\/www.legislapp.com.br\/index.php\/pl-1949-2007\/\" \/>\n<meta property=\"og:site_name\" content=\"Legislapp\" \/>\n<meta property=\"article:publisher\" content=\"https:\/\/www.instagram.com\/legislapp\/\" \/>\n<meta property=\"og:image\" content=\"https:\/\/legislapp.com.br\/wp-content\/uploads\/2021\/07\/Logo-Legislapp-1-03-1.png\" \/>\n<meta name=\"twitter:card\" content=\"summary_large_image\" \/>\n<meta name=\"twitter:label1\" content=\"Est. tempo de leitura\" \/>\n\t<meta name=\"twitter:data1\" content=\"1 minuto\" \/>\n<script type=\"application\/ld+json\" class=\"yoast-schema-graph\">{\"@context\":\"https:\/\/schema.org\",\"@graph\":[{\"@type\":\"WebPage\",\"@id\":\"https:\/\/www.legislapp.com.br\/index.php\/pl-1949-2007\/\",\"url\":\"https:\/\/www.legislapp.com.br\/index.php\/pl-1949-2007\/\",\"name\":\"PL 1949\/2007 - Legislapp\",\"isPartOf\":{\"@id\":\"https:\/\/www.legislapp.com.br\/#website\"},\"primaryImageOfPage\":{\"@id\":\"https:\/\/www.legislapp.com.br\/index.php\/pl-1949-2007\/#primaryimage\"},\"image\":{\"@id\":\"https:\/\/www.legislapp.com.br\/index.php\/pl-1949-2007\/#primaryimage\"},\"thumbnailUrl\":\"https:\/\/legislapp.com.br\/wp-content\/uploads\/2021\/07\/Logo-Legislapp-1-03-1.png\",\"datePublished\":\"2023-07-15T15:32:26+00:00\",\"breadcrumb\":{\"@id\":\"https:\/\/www.legislapp.com.br\/index.php\/pl-1949-2007\/#breadcrumb\"},\"inLanguage\":\"pt-BR\",\"potentialAction\":[{\"@type\":\"ReadAction\",\"target\":[\"https:\/\/www.legislapp.com.br\/index.php\/pl-1949-2007\/\"]}]},{\"@type\":\"ImageObject\",\"inLanguage\":\"pt-BR\",\"@id\":\"https:\/\/www.legislapp.com.br\/index.php\/pl-1949-2007\/#primaryimage\",\"url\":\"https:\/\/legislapp.com.br\/wp-content\/uploads\/2021\/07\/Logo-Legislapp-1-03-1.png\",\"contentUrl\":\"https:\/\/legislapp.com.br\/wp-content\/uploads\/2021\/07\/Logo-Legislapp-1-03-1.png\"},{\"@type\":\"BreadcrumbList\",\"@id\":\"https:\/\/www.legislapp.com.br\/index.php\/pl-1949-2007\/#breadcrumb\",\"itemListElement\":[{\"@type\":\"ListItem\",\"position\":1,\"name\":\"In\u00edcio\",\"item\":\"https:\/\/www.legislapp.com.br\/\"},{\"@type\":\"ListItem\",\"position\":2,\"name\":\"PL 1949\/2007\"}]},{\"@type\":\"WebSite\",\"@id\":\"https:\/\/www.legislapp.com.br\/#website\",\"url\":\"https:\/\/www.legislapp.com.br\/\",\"name\":\"Legislapp\",\"description\":\"Intelig\u00eancia governamental em tempo real\",\"publisher\":{\"@id\":\"https:\/\/www.legislapp.com.br\/#organization\"},\"potentialAction\":[{\"@type\":\"SearchAction\",\"target\":{\"@type\":\"EntryPoint\",\"urlTemplate\":\"https:\/\/www.legislapp.com.br\/?s={search_term_string}\"},\"query-input\":{\"@type\":\"PropertyValueSpecification\",\"valueRequired\":true,\"valueName\":\"search_term_string\"}}],\"inLanguage\":\"pt-BR\"},{\"@type\":\"Organization\",\"@id\":\"https:\/\/www.legislapp.com.br\/#organization\",\"name\":\"Legislapp Monitoramento e Intelig\u00eancia Governamental\",\"url\":\"https:\/\/www.legislapp.com.br\/\",\"logo\":{\"@type\":\"ImageObject\",\"inLanguage\":\"pt-BR\",\"@id\":\"https:\/\/www.legislapp.com.br\/#\/schema\/logo\/image\/\",\"url\":\"https:\/\/www.legislapp.com.br\/wp-content\/uploads\/icon.png\",\"contentUrl\":\"https:\/\/www.legislapp.com.br\/wp-content\/uploads\/icon.png\",\"width\":1024,\"height\":1024,\"caption\":\"Legislapp Monitoramento e Intelig\u00eancia Governamental\"},\"image\":{\"@id\":\"https:\/\/www.legislapp.com.br\/#\/schema\/logo\/image\/\"},\"sameAs\":[\"https:\/\/www.instagram.com\/legislapp\/\"]}]}<\/script>\n<!-- \/ Yoast SEO plugin. -->","yoast_head_json":{"title":"PL 1949\/2007 - Legislapp","robots":{"index":"index","follow":"follow","max-snippet":"max-snippet:-1","max-image-preview":"max-image-preview:large","max-video-preview":"max-video-preview:-1"},"canonical":"https:\/\/www.legislapp.com.br\/index.php\/pl-1949-2007\/","og_locale":"pt_BR","og_type":"article","og_title":"PL 1949\/2007 - Legislapp","og_description":"C\u00e2mara &#8211; Autoria de Poder Executivo Institui a Lei Geral da Pol\u00edcia Civil e d\u00e1 outras provid\u00eancias. Cria\u00e7\u00e3o, Lei Geral da Pol\u00edcia Civil, organiza\u00e7\u00e3o, funcionamento, compet\u00eancia, Pol\u00edcia Civil, Estado (ente federado), Distrito Federal, \u00f3rg\u00e3o p\u00fablico, Sistema \u00danico de Seguran\u00e7a P\u00fablica (Susp), estrutura organizacional, composi\u00e7\u00e3o, Dire\u00e7\u00e3o Superior, Dire\u00e7\u00e3o Geral, chefia, Delegado-Geral de Pol\u00edcia, Conselho Superior de [&hellip;]","og_url":"https:\/\/www.legislapp.com.br\/index.php\/pl-1949-2007\/","og_site_name":"Legislapp","article_publisher":"https:\/\/www.instagram.com\/legislapp\/","og_image":[{"url":"https:\/\/legislapp.com.br\/wp-content\/uploads\/2021\/07\/Logo-Legislapp-1-03-1.png","type":"","width":"","height":""}],"twitter_card":"summary_large_image","twitter_misc":{"Est. tempo de leitura":"1 minuto"},"schema":{"@context":"https:\/\/schema.org","@graph":[{"@type":"WebPage","@id":"https:\/\/www.legislapp.com.br\/index.php\/pl-1949-2007\/","url":"https:\/\/www.legislapp.com.br\/index.php\/pl-1949-2007\/","name":"PL 1949\/2007 - Legislapp","isPartOf":{"@id":"https:\/\/www.legislapp.com.br\/#website"},"primaryImageOfPage":{"@id":"https:\/\/www.legislapp.com.br\/index.php\/pl-1949-2007\/#primaryimage"},"image":{"@id":"https:\/\/www.legislapp.com.br\/index.php\/pl-1949-2007\/#primaryimage"},"thumbnailUrl":"https:\/\/legislapp.com.br\/wp-content\/uploads\/2021\/07\/Logo-Legislapp-1-03-1.png","datePublished":"2023-07-15T15:32:26+00:00","breadcrumb":{"@id":"https:\/\/www.legislapp.com.br\/index.php\/pl-1949-2007\/#breadcrumb"},"inLanguage":"pt-BR","potentialAction":[{"@type":"ReadAction","target":["https:\/\/www.legislapp.com.br\/index.php\/pl-1949-2007\/"]}]},{"@type":"ImageObject","inLanguage":"pt-BR","@id":"https:\/\/www.legislapp.com.br\/index.php\/pl-1949-2007\/#primaryimage","url":"https:\/\/legislapp.com.br\/wp-content\/uploads\/2021\/07\/Logo-Legislapp-1-03-1.png","contentUrl":"https:\/\/legislapp.com.br\/wp-content\/uploads\/2021\/07\/Logo-Legislapp-1-03-1.png"},{"@type":"BreadcrumbList","@id":"https:\/\/www.legislapp.com.br\/index.php\/pl-1949-2007\/#breadcrumb","itemListElement":[{"@type":"ListItem","position":1,"name":"In\u00edcio","item":"https:\/\/www.legislapp.com.br\/"},{"@type":"ListItem","position":2,"name":"PL 1949\/2007"}]},{"@type":"WebSite","@id":"https:\/\/www.legislapp.com.br\/#website","url":"https:\/\/www.legislapp.com.br\/","name":"Legislapp","description":"Intelig\u00eancia governamental em tempo real","publisher":{"@id":"https:\/\/www.legislapp.com.br\/#organization"},"potentialAction":[{"@type":"SearchAction","target":{"@type":"EntryPoint","urlTemplate":"https:\/\/www.legislapp.com.br\/?s={search_term_string}"},"query-input":{"@type":"PropertyValueSpecification","valueRequired":true,"valueName":"search_term_string"}}],"inLanguage":"pt-BR"},{"@type":"Organization","@id":"https:\/\/www.legislapp.com.br\/#organization","name":"Legislapp Monitoramento e Intelig\u00eancia Governamental","url":"https:\/\/www.legislapp.com.br\/","logo":{"@type":"ImageObject","inLanguage":"pt-BR","@id":"https:\/\/www.legislapp.com.br\/#\/schema\/logo\/image\/","url":"https:\/\/www.legislapp.com.br\/wp-content\/uploads\/icon.png","contentUrl":"https:\/\/www.legislapp.com.br\/wp-content\/uploads\/icon.png","width":1024,"height":1024,"caption":"Legislapp Monitoramento e Intelig\u00eancia Governamental"},"image":{"@id":"https:\/\/www.legislapp.com.br\/#\/schema\/logo\/image\/"},"sameAs":["https:\/\/www.instagram.com\/legislapp\/"]}]}},"_links":{"self":[{"href":"https:\/\/www.legislapp.com.br\/index.php\/wp-json\/wp\/v2\/pages\/2682","targetHints":{"allow":["GET"]}}],"collection":[{"href":"https:\/\/www.legislapp.com.br\/index.php\/wp-json\/wp\/v2\/pages"}],"about":[{"href":"https:\/\/www.legislapp.com.br\/index.php\/wp-json\/wp\/v2\/types\/page"}],"author":[{"embeddable":true,"href":"https:\/\/www.legislapp.com.br\/index.php\/wp-json\/wp\/v2\/users\/1"}],"replies":[{"embeddable":true,"href":"https:\/\/www.legislapp.com.br\/index.php\/wp-json\/wp\/v2\/comments?post=2682"}],"version-history":[{"count":0,"href":"https:\/\/www.legislapp.com.br\/index.php\/wp-json\/wp\/v2\/pages\/2682\/revisions"}],"wp:attachment":[{"href":"https:\/\/www.legislapp.com.br\/index.php\/wp-json\/wp\/v2\/media?parent=2682"}],"curies":[{"name":"wp","href":"https:\/\/api.w.org\/{rel}","templated":true}]}}