{"id":2716,"date":"2023-07-15T12:33:41","date_gmt":"2023-07-15T15:33:41","guid":{"rendered":"https:\/\/www.legislapp.com.br\/index.php\/pl-5065-2016-2\/"},"modified":"2023-07-15T12:33:41","modified_gmt":"2023-07-15T15:33:41","slug":"pl-5065-2016-2","status":"publish","type":"page","link":"https:\/\/www.legislapp.com.br\/index.php\/pl-5065-2016-2\/","title":{"rendered":"PL 5065\/2016"},"content":{"rendered":"<h1 style='text-align: center;'>C\u00e2mara &#8211; Autoria de EDSON MOREIRA DA SILVA<br \/><img src='https:\/\/www.camara.leg.br\/internet\/deputado\/bandep\/178893.jpg' alt='EDSON MOREIRA DA SILVA' \/><\/h3>\n<p><\/p>\n<article>Altera o artigo 2\u00ba da Lei 13.260\/2016, dando nova reda\u00e7\u00e3o ao seu caput e ao seu \u00a7 1\u00ba, inciso V,  acrescendo os incisos VI, VII e VIII ao seu \u00a7 1\u00ba, e revogando o seu \u00a7 2\u00ba.<\/article>\n<p><a href='https:\/\/app.legislapp.com.br\/#\/busca?termo=Altera\u00e7\u00e3o'>Altera\u00e7\u00e3o<\/a>, <a href='https:\/\/app.legislapp.com.br\/#\/busca?termo=lei federal'>lei federal<\/a>, <a href='https:\/\/app.legislapp.com.br\/#\/busca?termo=tipicidade'>tipicidade<\/a>, <a href='https:\/\/app.legislapp.com.br\/#\/busca?termo=atos'>atos<\/a>, <a href='https:\/\/app.legislapp.com.br\/#\/busca?termo=terrorismo'>terrorismo<\/a>, <a href='https:\/\/app.legislapp.com.br\/#\/busca?termo=motiva\u00e7\u00e3o ideol\u00f3gica'>motiva\u00e7\u00e3o ideol\u00f3gica<\/a>, <a href='https:\/\/app.legislapp.com.br\/#\/busca?termo=motiva\u00e7\u00e3o pol\u00edtica'>motiva\u00e7\u00e3o pol\u00edtica<\/a>, <a href='https:\/\/app.legislapp.com.br\/#\/busca?termo=motiva\u00e7\u00e3o social'>motiva\u00e7\u00e3o social<\/a>, <a href='https:\/\/app.legislapp.com.br\/#\/busca?termo=motiva\u00e7\u00e3o criminal'>motiva\u00e7\u00e3o criminal<\/a>, <a href='https:\/\/app.legislapp.com.br\/#\/busca?termo=riscos(seguran\u00e7a)'>riscos(seguran\u00e7a)<\/a>, <a href='https:\/\/app.legislapp.com.br\/#\/busca?termo=liberdade individual'>liberdade individual<\/a>, <a href='https:\/\/app.legislapp.com.br\/#\/busca?termo=coa\u00e7\u00e3o'>coa\u00e7\u00e3o<\/a>, <a href='https:\/\/app.legislapp.com.br\/#\/busca?termo=autoridade'>autoridade<\/a>, <a href='https:\/\/app.legislapp.com.br\/#\/busca?termo=concession\u00e1ria de servi\u00e7os p\u00fablicos'>concession\u00e1ria de servi\u00e7os p\u00fablicos<\/a>, <a href='https:\/\/app.legislapp.com.br\/#\/busca?termo=permission\u00e1ria (administra\u00e7\u00e3o p\u00fablica)'>permission\u00e1ria (administra\u00e7\u00e3o p\u00fablica)<\/a>, <a href='https:\/\/app.legislapp.com.br\/#\/busca?termo=atentado'>atentado<\/a>, <a href='https:\/\/app.legislapp.com.br\/#\/busca?termo=grave amea\u00e7a'>grave amea\u00e7a<\/a>, <a href='https:\/\/app.legislapp.com.br\/#\/busca?termo=atua\u00e7\u00e3o'>atua\u00e7\u00e3o<\/a>, <a href='https:\/\/app.legislapp.com.br\/#\/busca?termo=membro'>membro<\/a>, <a href='https:\/\/app.legislapp.com.br\/#\/busca?termo=Poder Executivo'>Poder Executivo<\/a>, <a href='https:\/\/app.legislapp.com.br\/#\/busca?termo=Poder Legislativo'>Poder Legislativo<\/a>, <a href='https:\/\/app.legislapp.com.br\/#\/busca?termo=Poder Judici\u00e1rio'>Poder Judici\u00e1rio<\/a>, <a href='https:\/\/app.legislapp.com.br\/#\/busca?termo=Tribunal de Contas'>Tribunal de Contas<\/a>, <a href='https:\/\/app.legislapp.com.br\/#\/busca?termo=Minist\u00e9rio P\u00fablico'>Minist\u00e9rio P\u00fablico<\/a>, <a href='https:\/\/app.legislapp.com.br\/#\/busca?termo=Defensoria P\u00fablica'>Defensoria P\u00fablica<\/a>, <a href='https:\/\/app.legislapp.com.br\/#\/busca?termo=fazenda p\u00fablica'>fazenda p\u00fablica<\/a>, <a href='https:\/\/app.legislapp.com.br\/#\/busca?termo=militar'>militar<\/a>, <a href='https:\/\/app.legislapp.com.br\/#\/busca?termo=pol\u00edcia. _Revoga\u00e7\u00e3o'>pol\u00edcia. _Revoga\u00e7\u00e3o<\/a>, <a href='https:\/\/app.legislapp.com.br\/#\/busca?termo=dispositivo legal'>dispositivo legal<\/a>, <a href='https:\/\/app.legislapp.com.br\/#\/busca?termo=lei federal'>lei federal<\/a>, <a href='https:\/\/app.legislapp.com.br\/#\/busca?termo=desconsidera\u00e7\u00e3o'>desconsidera\u00e7\u00e3o<\/a>, <a href='https:\/\/app.legislapp.com.br\/#\/busca?termo=atos'>atos<\/a>, <a href='https:\/\/app.legislapp.com.br\/#\/busca?termo=terrorismo'>terrorismo<\/a>, <a href='https:\/\/app.legislapp.com.br\/#\/busca?termo=manifesta\u00e7\u00e3o'>manifesta\u00e7\u00e3o<\/a>, <a href='https:\/\/app.legislapp.com.br\/#\/busca?termo=movimento social'>movimento social<\/a>, <a href='https:\/\/app.legislapp.com.br\/#\/busca?termo=movimento pol\u00edtico'>movimento pol\u00edtico<\/a>, <a href='https:\/\/app.legislapp.com.br\/#\/busca?termo=movimento sindical'>movimento sindical<\/a>, <a href='https:\/\/app.legislapp.com.br\/#\/busca?termo=movimento religioso.'>movimento religioso.<\/a><\/p>\n<div style=\"text-align: center\">\n      <img decoding=\"async\" style=\"width: 14%;\" src=\"https:\/\/legislapp.com.br\/wp-content\/uploads\/2021\/07\/Logo-Legislapp-1-03-1.png\"><br \/>\n      <\/p>\n<div style=\"margin-bottom: 20px;\" class=\"et_pb_button_module_wrapper et_pb_button_5_tb_body_wrapper et_pb_button_alignment_center et_pb_module \">\n         <a class=\"et_pb_button et_pb_button_5_tb_body et_hover_enabled et_pb_bg_layout_dark\" style=\"width: 50%;background-color: black;\" href=\"https:\/\/app.legislapp.com.br\" target=\"_blank\" rel=\"noopener\">Visualizar completo na nossa plataforma (30 dias gr\u00e1tis)<\/a><\/p><\/div>\n<p>      <a href=\"https:\/\/play.google.com\/store\/apps\/details?id=br.com.legislapp\"><img decoding=\"async\" style=\"width: 15%; min-width: 130px;\" src=\"https:\/\/legislapp.com.br\/wp-content\/uploads\/google-play.png\"><\/a><br \/>\n      <a href=\"https:\/\/apps.apple.com\/us\/app\/legislapp\/id1568929859\"><img decoding=\"async\" style=\"width: 15%; min-width: 130px\" src=\"https:\/\/legislapp.com.br\/wp-content\/uploads\/apple-store.png\"><\/a>\n   <\/div>\n","protected":false},"excerpt":{"rendered":"<p>C\u00e2mara &#8211; Autoria de EDSON MOREIRA DA SILVA Altera o artigo 2\u00ba da Lei 13.260\/2016, dando nova reda\u00e7\u00e3o ao seu caput e ao seu \u00a7 1\u00ba, inciso V, acrescendo os incisos VI, VII e VIII ao seu \u00a7 1\u00ba, e revogando o seu \u00a7 2\u00ba. Altera\u00e7\u00e3o, lei federal, tipicidade, atos, terrorismo, motiva\u00e7\u00e3o ideol\u00f3gica, motiva\u00e7\u00e3o pol\u00edtica, [&hellip;]<\/p>\n","protected":false},"author":1,"featured_media":0,"parent":0,"menu_order":0,"comment_status":"closed","ping_status":"closed","template":"page-template-blank.php","meta":{"_et_pb_use_builder":"","_et_pb_old_content":"","_et_gb_content_width":"1080","ngg_post_thumbnail":0,"footnotes":""},"class_list":["post-2716","page","type-page","status-publish","hentry"],"yoast_head":"<!-- This site is optimized with the Yoast SEO plugin v24.4 - https:\/\/yoast.com\/wordpress\/plugins\/seo\/ -->\n<title>PL 5065\/2016 - Legislapp<\/title>\n<meta name=\"robots\" content=\"index, follow, max-snippet:-1, max-image-preview:large, max-video-preview:-1\" \/>\n<link rel=\"canonical\" href=\"https:\/\/www.legislapp.com.br\/index.php\/pl-5065-2016-2\/\" \/>\n<meta property=\"og:locale\" content=\"pt_BR\" \/>\n<meta property=\"og:type\" content=\"article\" \/>\n<meta property=\"og:title\" content=\"PL 5065\/2016 - Legislapp\" \/>\n<meta property=\"og:description\" content=\"C\u00e2mara &#8211; Autoria de EDSON MOREIRA DA SILVA Altera o artigo 2\u00ba da Lei 13.260\/2016, dando nova reda\u00e7\u00e3o ao seu caput e ao seu \u00a7 1\u00ba, inciso V, acrescendo os incisos VI, VII e VIII ao seu \u00a7 1\u00ba, e revogando o seu \u00a7 2\u00ba. Altera\u00e7\u00e3o, lei federal, tipicidade, atos, terrorismo, motiva\u00e7\u00e3o ideol\u00f3gica, motiva\u00e7\u00e3o pol\u00edtica, [&hellip;]\" \/>\n<meta property=\"og:url\" content=\"https:\/\/www.legislapp.com.br\/index.php\/pl-5065-2016-2\/\" \/>\n<meta property=\"og:site_name\" content=\"Legislapp\" \/>\n<meta property=\"article:publisher\" content=\"https:\/\/www.instagram.com\/legislapp\/\" \/>\n<meta property=\"og:image\" content=\"https:\/\/www.camara.leg.br\/internet\/deputado\/bandep\/178893.jpg\" \/>\n<meta name=\"twitter:card\" content=\"summary_large_image\" \/>\n<meta name=\"twitter:label1\" content=\"Est. tempo de leitura\" \/>\n\t<meta name=\"twitter:data1\" content=\"1 minuto\" \/>\n<script type=\"application\/ld+json\" class=\"yoast-schema-graph\">{\"@context\":\"https:\/\/schema.org\",\"@graph\":[{\"@type\":\"WebPage\",\"@id\":\"https:\/\/www.legislapp.com.br\/index.php\/pl-5065-2016-2\/\",\"url\":\"https:\/\/www.legislapp.com.br\/index.php\/pl-5065-2016-2\/\",\"name\":\"PL 5065\/2016 - Legislapp\",\"isPartOf\":{\"@id\":\"https:\/\/www.legislapp.com.br\/#website\"},\"primaryImageOfPage\":{\"@id\":\"https:\/\/www.legislapp.com.br\/index.php\/pl-5065-2016-2\/#primaryimage\"},\"image\":{\"@id\":\"https:\/\/www.legislapp.com.br\/index.php\/pl-5065-2016-2\/#primaryimage\"},\"thumbnailUrl\":\"https:\/\/www.camara.leg.br\/internet\/deputado\/bandep\/178893.jpg\",\"datePublished\":\"2023-07-15T15:33:41+00:00\",\"breadcrumb\":{\"@id\":\"https:\/\/www.legislapp.com.br\/index.php\/pl-5065-2016-2\/#breadcrumb\"},\"inLanguage\":\"pt-BR\",\"potentialAction\":[{\"@type\":\"ReadAction\",\"target\":[\"https:\/\/www.legislapp.com.br\/index.php\/pl-5065-2016-2\/\"]}]},{\"@type\":\"ImageObject\",\"inLanguage\":\"pt-BR\",\"@id\":\"https:\/\/www.legislapp.com.br\/index.php\/pl-5065-2016-2\/#primaryimage\",\"url\":\"https:\/\/www.camara.leg.br\/internet\/deputado\/bandep\/178893.jpg\",\"contentUrl\":\"https:\/\/www.camara.leg.br\/internet\/deputado\/bandep\/178893.jpg\"},{\"@type\":\"BreadcrumbList\",\"@id\":\"https:\/\/www.legislapp.com.br\/index.php\/pl-5065-2016-2\/#breadcrumb\",\"itemListElement\":[{\"@type\":\"ListItem\",\"position\":1,\"name\":\"In\u00edcio\",\"item\":\"https:\/\/www.legislapp.com.br\/\"},{\"@type\":\"ListItem\",\"position\":2,\"name\":\"PL 5065\/2016\"}]},{\"@type\":\"WebSite\",\"@id\":\"https:\/\/www.legislapp.com.br\/#website\",\"url\":\"https:\/\/www.legislapp.com.br\/\",\"name\":\"Legislapp\",\"description\":\"Intelig\u00eancia governamental em tempo real\",\"publisher\":{\"@id\":\"https:\/\/www.legislapp.com.br\/#organization\"},\"potentialAction\":[{\"@type\":\"SearchAction\",\"target\":{\"@type\":\"EntryPoint\",\"urlTemplate\":\"https:\/\/www.legislapp.com.br\/?s={search_term_string}\"},\"query-input\":{\"@type\":\"PropertyValueSpecification\",\"valueRequired\":true,\"valueName\":\"search_term_string\"}}],\"inLanguage\":\"pt-BR\"},{\"@type\":\"Organization\",\"@id\":\"https:\/\/www.legislapp.com.br\/#organization\",\"name\":\"Legislapp Monitoramento e Intelig\u00eancia Governamental\",\"url\":\"https:\/\/www.legislapp.com.br\/\",\"logo\":{\"@type\":\"ImageObject\",\"inLanguage\":\"pt-BR\",\"@id\":\"https:\/\/www.legislapp.com.br\/#\/schema\/logo\/image\/\",\"url\":\"https:\/\/www.legislapp.com.br\/wp-content\/uploads\/icon.png\",\"contentUrl\":\"https:\/\/www.legislapp.com.br\/wp-content\/uploads\/icon.png\",\"width\":1024,\"height\":1024,\"caption\":\"Legislapp Monitoramento e Intelig\u00eancia Governamental\"},\"image\":{\"@id\":\"https:\/\/www.legislapp.com.br\/#\/schema\/logo\/image\/\"},\"sameAs\":[\"https:\/\/www.instagram.com\/legislapp\/\"]}]}<\/script>\n<!-- \/ Yoast SEO plugin. -->","yoast_head_json":{"title":"PL 5065\/2016 - Legislapp","robots":{"index":"index","follow":"follow","max-snippet":"max-snippet:-1","max-image-preview":"max-image-preview:large","max-video-preview":"max-video-preview:-1"},"canonical":"https:\/\/www.legislapp.com.br\/index.php\/pl-5065-2016-2\/","og_locale":"pt_BR","og_type":"article","og_title":"PL 5065\/2016 - Legislapp","og_description":"C\u00e2mara &#8211; Autoria de EDSON MOREIRA DA SILVA Altera o artigo 2\u00ba da Lei 13.260\/2016, dando nova reda\u00e7\u00e3o ao seu caput e ao seu \u00a7 1\u00ba, inciso V, acrescendo os incisos VI, VII e VIII ao seu \u00a7 1\u00ba, e revogando o seu \u00a7 2\u00ba. Altera\u00e7\u00e3o, lei federal, tipicidade, atos, terrorismo, motiva\u00e7\u00e3o ideol\u00f3gica, motiva\u00e7\u00e3o pol\u00edtica, [&hellip;]","og_url":"https:\/\/www.legislapp.com.br\/index.php\/pl-5065-2016-2\/","og_site_name":"Legislapp","article_publisher":"https:\/\/www.instagram.com\/legislapp\/","og_image":[{"url":"https:\/\/www.camara.leg.br\/internet\/deputado\/bandep\/178893.jpg","type":"","width":"","height":""}],"twitter_card":"summary_large_image","twitter_misc":{"Est. tempo de leitura":"1 minuto"},"schema":{"@context":"https:\/\/schema.org","@graph":[{"@type":"WebPage","@id":"https:\/\/www.legislapp.com.br\/index.php\/pl-5065-2016-2\/","url":"https:\/\/www.legislapp.com.br\/index.php\/pl-5065-2016-2\/","name":"PL 5065\/2016 - Legislapp","isPartOf":{"@id":"https:\/\/www.legislapp.com.br\/#website"},"primaryImageOfPage":{"@id":"https:\/\/www.legislapp.com.br\/index.php\/pl-5065-2016-2\/#primaryimage"},"image":{"@id":"https:\/\/www.legislapp.com.br\/index.php\/pl-5065-2016-2\/#primaryimage"},"thumbnailUrl":"https:\/\/www.camara.leg.br\/internet\/deputado\/bandep\/178893.jpg","datePublished":"2023-07-15T15:33:41+00:00","breadcrumb":{"@id":"https:\/\/www.legislapp.com.br\/index.php\/pl-5065-2016-2\/#breadcrumb"},"inLanguage":"pt-BR","potentialAction":[{"@type":"ReadAction","target":["https:\/\/www.legislapp.com.br\/index.php\/pl-5065-2016-2\/"]}]},{"@type":"ImageObject","inLanguage":"pt-BR","@id":"https:\/\/www.legislapp.com.br\/index.php\/pl-5065-2016-2\/#primaryimage","url":"https:\/\/www.camara.leg.br\/internet\/deputado\/bandep\/178893.jpg","contentUrl":"https:\/\/www.camara.leg.br\/internet\/deputado\/bandep\/178893.jpg"},{"@type":"BreadcrumbList","@id":"https:\/\/www.legislapp.com.br\/index.php\/pl-5065-2016-2\/#breadcrumb","itemListElement":[{"@type":"ListItem","position":1,"name":"In\u00edcio","item":"https:\/\/www.legislapp.com.br\/"},{"@type":"ListItem","position":2,"name":"PL 5065\/2016"}]},{"@type":"WebSite","@id":"https:\/\/www.legislapp.com.br\/#website","url":"https:\/\/www.legislapp.com.br\/","name":"Legislapp","description":"Intelig\u00eancia governamental em tempo real","publisher":{"@id":"https:\/\/www.legislapp.com.br\/#organization"},"potentialAction":[{"@type":"SearchAction","target":{"@type":"EntryPoint","urlTemplate":"https:\/\/www.legislapp.com.br\/?s={search_term_string}"},"query-input":{"@type":"PropertyValueSpecification","valueRequired":true,"valueName":"search_term_string"}}],"inLanguage":"pt-BR"},{"@type":"Organization","@id":"https:\/\/www.legislapp.com.br\/#organization","name":"Legislapp Monitoramento e Intelig\u00eancia Governamental","url":"https:\/\/www.legislapp.com.br\/","logo":{"@type":"ImageObject","inLanguage":"pt-BR","@id":"https:\/\/www.legislapp.com.br\/#\/schema\/logo\/image\/","url":"https:\/\/www.legislapp.com.br\/wp-content\/uploads\/icon.png","contentUrl":"https:\/\/www.legislapp.com.br\/wp-content\/uploads\/icon.png","width":1024,"height":1024,"caption":"Legislapp Monitoramento e Intelig\u00eancia Governamental"},"image":{"@id":"https:\/\/www.legislapp.com.br\/#\/schema\/logo\/image\/"},"sameAs":["https:\/\/www.instagram.com\/legislapp\/"]}]}},"_links":{"self":[{"href":"https:\/\/www.legislapp.com.br\/index.php\/wp-json\/wp\/v2\/pages\/2716","targetHints":{"allow":["GET"]}}],"collection":[{"href":"https:\/\/www.legislapp.com.br\/index.php\/wp-json\/wp\/v2\/pages"}],"about":[{"href":"https:\/\/www.legislapp.com.br\/index.php\/wp-json\/wp\/v2\/types\/page"}],"author":[{"embeddable":true,"href":"https:\/\/www.legislapp.com.br\/index.php\/wp-json\/wp\/v2\/users\/1"}],"replies":[{"embeddable":true,"href":"https:\/\/www.legislapp.com.br\/index.php\/wp-json\/wp\/v2\/comments?post=2716"}],"version-history":[{"count":0,"href":"https:\/\/www.legislapp.com.br\/index.php\/wp-json\/wp\/v2\/pages\/2716\/revisions"}],"wp:attachment":[{"href":"https:\/\/www.legislapp.com.br\/index.php\/wp-json\/wp\/v2\/media?parent=2716"}],"curies":[{"name":"wp","href":"https:\/\/api.w.org\/{rel}","templated":true}]}}