{"id":2747,"date":"2023-07-15T12:34:49","date_gmt":"2023-07-15T15:34:49","guid":{"rendered":"https:\/\/www.legislapp.com.br\/index.php\/pl-686-2022-2\/"},"modified":"2023-07-15T12:34:49","modified_gmt":"2023-07-15T15:34:49","slug":"pl-686-2022-2","status":"publish","type":"page","link":"https:\/\/www.legislapp.com.br\/index.php\/pl-686-2022-2\/","title":{"rendered":"PL 686\/2022"},"content":{"rendered":"<h1 style='text-align: center;'>C\u00e2mara &#8211; Autoria de JOSE ANTONIO DOS SANTOS MEDEIROS<br \/><img src='https:\/\/www.camara.leg.br\/internet\/deputado\/bandep\/204472.jpg' alt='JOSE ANTONIO DOS SANTOS MEDEIROS' \/><\/h3>\n<p><\/p>\n<article>Estimula a regenera\u00e7\u00e3o e o plantio de florestas e esp\u00e9cies nativas na propriedade rural.<\/article>\n<p><a href='https:\/\/app.legislapp.com.br\/#\/busca?termo=Altera\u00e7\u00e3o'>Altera\u00e7\u00e3o<\/a>, <a href='https:\/\/app.legislapp.com.br\/#\/busca?termo=C\u00f3digo Florestal (2012)'>C\u00f3digo Florestal (2012)<\/a>, <a href='https:\/\/app.legislapp.com.br\/#\/busca?termo=supress\u00e3o'>supress\u00e3o<\/a>, <a href='https:\/\/app.legislapp.com.br\/#\/busca?termo=vegeta\u00e7\u00e3o'>vegeta\u00e7\u00e3o<\/a>, <a href='https:\/\/app.legislapp.com.br\/#\/busca?termo=uso alternativo do solo'>uso alternativo do solo<\/a>, <a href='https:\/\/app.legislapp.com.br\/#\/busca?termo=im\u00f3vel'>im\u00f3vel<\/a>, <a href='https:\/\/app.legislapp.com.br\/#\/busca?termo=Reserva legal'>Reserva legal<\/a>, <a href='https:\/\/app.legislapp.com.br\/#\/busca?termo=demarca\u00e7\u00e3o'>demarca\u00e7\u00e3o<\/a>, <a href='https:\/\/app.legislapp.com.br\/#\/busca?termo=preserva\u00e7\u00e3o'>preserva\u00e7\u00e3o<\/a>, <a href='https:\/\/app.legislapp.com.br\/#\/busca?termo=desnecessidade'>desnecessidade<\/a>, <a href='https:\/\/app.legislapp.com.br\/#\/busca?termo=autoriza\u00e7\u00e3o'>autoriza\u00e7\u00e3o<\/a>, <a href='https:\/\/app.legislapp.com.br\/#\/busca?termo=\u00d3rg\u00e3o competente'>\u00d3rg\u00e3o competente<\/a>, <a href='https:\/\/app.legislapp.com.br\/#\/busca?termo=estado (ente federado)'>estado (ente federado)<\/a>, <a href='https:\/\/app.legislapp.com.br\/#\/busca?termo=Sistema Nacional do Meio Ambiente (SISNAMA)'>Sistema Nacional do Meio Ambiente (SISNAMA)<\/a>, <a href='https:\/\/app.legislapp.com.br\/#\/busca?termo=_Plantio'>_Plantio<\/a>, <a href='https:\/\/app.legislapp.com.br\/#\/busca?termo=reflorestamento'>reflorestamento<\/a>, <a href='https:\/\/app.legislapp.com.br\/#\/busca?termo=esp\u00e9cie'>esp\u00e9cie<\/a>, <a href='https:\/\/app.legislapp.com.br\/#\/busca?termo=floresta nativa'>floresta nativa<\/a>, <a href='https:\/\/app.legislapp.com.br\/#\/busca?termo=esp\u00e9cie ex\u00f3tica'>esp\u00e9cie ex\u00f3tica<\/a>, <a href='https:\/\/app.legislapp.com.br\/#\/busca?termo=desnecessidade'>desnecessidade<\/a>, <a href='https:\/\/app.legislapp.com.br\/#\/busca?termo=autoriza\u00e7\u00e3o. _Corte'>autoriza\u00e7\u00e3o. _Corte<\/a>, <a href='https:\/\/app.legislapp.com.br\/#\/busca?termo=explora\u00e7\u00e3o'>explora\u00e7\u00e3o<\/a>, <a href='https:\/\/app.legislapp.com.br\/#\/busca?termo=esp\u00e9cie nativa'>esp\u00e9cie nativa<\/a>, <a href='https:\/\/app.legislapp.com.br\/#\/busca?termo=plantio'>plantio<\/a>, <a href='https:\/\/app.legislapp.com.br\/#\/busca?termo=terreno'>terreno<\/a>, <a href='https:\/\/app.legislapp.com.br\/#\/busca?termo=uso alternativo do solo'>uso alternativo do solo<\/a>, <a href='https:\/\/app.legislapp.com.br\/#\/busca?termo=desnecessidade'>desnecessidade<\/a>, <a href='https:\/\/app.legislapp.com.br\/#\/busca?termo=autoriza\u00e7\u00e3o.'>autoriza\u00e7\u00e3o.<\/a><\/p>\n<div style=\"text-align: center\">\n      <img decoding=\"async\" style=\"width: 14%;\" src=\"https:\/\/legislapp.com.br\/wp-content\/uploads\/2021\/07\/Logo-Legislapp-1-03-1.png\"><br \/>\n      <\/p>\n<div style=\"margin-bottom: 20px;\" class=\"et_pb_button_module_wrapper et_pb_button_5_tb_body_wrapper et_pb_button_alignment_center et_pb_module \">\n         <a class=\"et_pb_button et_pb_button_5_tb_body et_hover_enabled et_pb_bg_layout_dark\" style=\"width: 50%;background-color: black;\" href=\"https:\/\/app.legislapp.com.br\" target=\"_blank\" rel=\"noopener\">Visualizar completo na nossa plataforma (30 dias gr\u00e1tis)<\/a><\/p><\/div>\n<p>      <a href=\"https:\/\/play.google.com\/store\/apps\/details?id=br.com.legislapp\"><img decoding=\"async\" style=\"width: 15%; min-width: 130px;\" src=\"https:\/\/legislapp.com.br\/wp-content\/uploads\/google-play.png\"><\/a><br \/>\n      <a href=\"https:\/\/apps.apple.com\/us\/app\/legislapp\/id1568929859\"><img decoding=\"async\" style=\"width: 15%; min-width: 130px\" src=\"https:\/\/legislapp.com.br\/wp-content\/uploads\/apple-store.png\"><\/a>\n   <\/div>\n","protected":false},"excerpt":{"rendered":"<p>C\u00e2mara &#8211; Autoria de JOSE ANTONIO DOS SANTOS MEDEIROS Estimula a regenera\u00e7\u00e3o e o plantio de florestas e esp\u00e9cies nativas na propriedade rural. Altera\u00e7\u00e3o, C\u00f3digo Florestal (2012), supress\u00e3o, vegeta\u00e7\u00e3o, uso alternativo do solo, im\u00f3vel, Reserva legal, demarca\u00e7\u00e3o, preserva\u00e7\u00e3o, desnecessidade, autoriza\u00e7\u00e3o, \u00d3rg\u00e3o competente, estado (ente federado), Sistema Nacional do Meio Ambiente (SISNAMA), _Plantio, reflorestamento, esp\u00e9cie, floresta [&hellip;]<\/p>\n","protected":false},"author":1,"featured_media":0,"parent":0,"menu_order":0,"comment_status":"closed","ping_status":"closed","template":"page-template-blank.php","meta":{"_et_pb_use_builder":"","_et_pb_old_content":"","_et_gb_content_width":"1080","ngg_post_thumbnail":0,"footnotes":""},"class_list":["post-2747","page","type-page","status-publish","hentry"],"yoast_head":"<!-- This site is optimized with the Yoast SEO plugin v24.4 - https:\/\/yoast.com\/wordpress\/plugins\/seo\/ -->\n<title>PL 686\/2022 - Legislapp<\/title>\n<meta name=\"robots\" content=\"index, follow, max-snippet:-1, max-image-preview:large, max-video-preview:-1\" \/>\n<link rel=\"canonical\" href=\"https:\/\/www.legislapp.com.br\/index.php\/pl-686-2022-2\/\" \/>\n<meta property=\"og:locale\" content=\"pt_BR\" \/>\n<meta property=\"og:type\" content=\"article\" \/>\n<meta property=\"og:title\" content=\"PL 686\/2022 - Legislapp\" \/>\n<meta property=\"og:description\" content=\"C\u00e2mara &#8211; Autoria de JOSE ANTONIO DOS SANTOS MEDEIROS Estimula a regenera\u00e7\u00e3o e o plantio de florestas e esp\u00e9cies nativas na propriedade rural. Altera\u00e7\u00e3o, C\u00f3digo Florestal (2012), supress\u00e3o, vegeta\u00e7\u00e3o, uso alternativo do solo, im\u00f3vel, Reserva legal, demarca\u00e7\u00e3o, preserva\u00e7\u00e3o, desnecessidade, autoriza\u00e7\u00e3o, \u00d3rg\u00e3o competente, estado (ente federado), Sistema Nacional do Meio Ambiente (SISNAMA), _Plantio, reflorestamento, esp\u00e9cie, floresta [&hellip;]\" \/>\n<meta property=\"og:url\" content=\"https:\/\/www.legislapp.com.br\/index.php\/pl-686-2022-2\/\" \/>\n<meta property=\"og:site_name\" content=\"Legislapp\" \/>\n<meta property=\"article:publisher\" content=\"https:\/\/www.instagram.com\/legislapp\/\" \/>\n<meta property=\"og:image\" content=\"https:\/\/www.camara.leg.br\/internet\/deputado\/bandep\/204472.jpg\" \/>\n<meta name=\"twitter:card\" content=\"summary_large_image\" \/>\n<script type=\"application\/ld+json\" class=\"yoast-schema-graph\">{\"@context\":\"https:\/\/schema.org\",\"@graph\":[{\"@type\":\"WebPage\",\"@id\":\"https:\/\/www.legislapp.com.br\/index.php\/pl-686-2022-2\/\",\"url\":\"https:\/\/www.legislapp.com.br\/index.php\/pl-686-2022-2\/\",\"name\":\"PL 686\/2022 - Legislapp\",\"isPartOf\":{\"@id\":\"https:\/\/www.legislapp.com.br\/#website\"},\"primaryImageOfPage\":{\"@id\":\"https:\/\/www.legislapp.com.br\/index.php\/pl-686-2022-2\/#primaryimage\"},\"image\":{\"@id\":\"https:\/\/www.legislapp.com.br\/index.php\/pl-686-2022-2\/#primaryimage\"},\"thumbnailUrl\":\"https:\/\/www.camara.leg.br\/internet\/deputado\/bandep\/204472.jpg\",\"datePublished\":\"2023-07-15T15:34:49+00:00\",\"breadcrumb\":{\"@id\":\"https:\/\/www.legislapp.com.br\/index.php\/pl-686-2022-2\/#breadcrumb\"},\"inLanguage\":\"pt-BR\",\"potentialAction\":[{\"@type\":\"ReadAction\",\"target\":[\"https:\/\/www.legislapp.com.br\/index.php\/pl-686-2022-2\/\"]}]},{\"@type\":\"ImageObject\",\"inLanguage\":\"pt-BR\",\"@id\":\"https:\/\/www.legislapp.com.br\/index.php\/pl-686-2022-2\/#primaryimage\",\"url\":\"https:\/\/www.camara.leg.br\/internet\/deputado\/bandep\/204472.jpg\",\"contentUrl\":\"https:\/\/www.camara.leg.br\/internet\/deputado\/bandep\/204472.jpg\"},{\"@type\":\"BreadcrumbList\",\"@id\":\"https:\/\/www.legislapp.com.br\/index.php\/pl-686-2022-2\/#breadcrumb\",\"itemListElement\":[{\"@type\":\"ListItem\",\"position\":1,\"name\":\"In\u00edcio\",\"item\":\"https:\/\/www.legislapp.com.br\/\"},{\"@type\":\"ListItem\",\"position\":2,\"name\":\"PL 686\/2022\"}]},{\"@type\":\"WebSite\",\"@id\":\"https:\/\/www.legislapp.com.br\/#website\",\"url\":\"https:\/\/www.legislapp.com.br\/\",\"name\":\"Legislapp\",\"description\":\"Intelig\u00eancia governamental em tempo real\",\"publisher\":{\"@id\":\"https:\/\/www.legislapp.com.br\/#organization\"},\"potentialAction\":[{\"@type\":\"SearchAction\",\"target\":{\"@type\":\"EntryPoint\",\"urlTemplate\":\"https:\/\/www.legislapp.com.br\/?s={search_term_string}\"},\"query-input\":{\"@type\":\"PropertyValueSpecification\",\"valueRequired\":true,\"valueName\":\"search_term_string\"}}],\"inLanguage\":\"pt-BR\"},{\"@type\":\"Organization\",\"@id\":\"https:\/\/www.legislapp.com.br\/#organization\",\"name\":\"Legislapp Monitoramento e Intelig\u00eancia Governamental\",\"url\":\"https:\/\/www.legislapp.com.br\/\",\"logo\":{\"@type\":\"ImageObject\",\"inLanguage\":\"pt-BR\",\"@id\":\"https:\/\/www.legislapp.com.br\/#\/schema\/logo\/image\/\",\"url\":\"https:\/\/www.legislapp.com.br\/wp-content\/uploads\/icon.png\",\"contentUrl\":\"https:\/\/www.legislapp.com.br\/wp-content\/uploads\/icon.png\",\"width\":1024,\"height\":1024,\"caption\":\"Legislapp Monitoramento e Intelig\u00eancia Governamental\"},\"image\":{\"@id\":\"https:\/\/www.legislapp.com.br\/#\/schema\/logo\/image\/\"},\"sameAs\":[\"https:\/\/www.instagram.com\/legislapp\/\"]}]}<\/script>\n<!-- \/ Yoast SEO plugin. -->","yoast_head_json":{"title":"PL 686\/2022 - Legislapp","robots":{"index":"index","follow":"follow","max-snippet":"max-snippet:-1","max-image-preview":"max-image-preview:large","max-video-preview":"max-video-preview:-1"},"canonical":"https:\/\/www.legislapp.com.br\/index.php\/pl-686-2022-2\/","og_locale":"pt_BR","og_type":"article","og_title":"PL 686\/2022 - Legislapp","og_description":"C\u00e2mara &#8211; Autoria de JOSE ANTONIO DOS SANTOS MEDEIROS Estimula a regenera\u00e7\u00e3o e o plantio de florestas e esp\u00e9cies nativas na propriedade rural. Altera\u00e7\u00e3o, C\u00f3digo Florestal (2012), supress\u00e3o, vegeta\u00e7\u00e3o, uso alternativo do solo, im\u00f3vel, Reserva legal, demarca\u00e7\u00e3o, preserva\u00e7\u00e3o, desnecessidade, autoriza\u00e7\u00e3o, \u00d3rg\u00e3o competente, estado (ente federado), Sistema Nacional do Meio Ambiente (SISNAMA), _Plantio, reflorestamento, esp\u00e9cie, floresta [&hellip;]","og_url":"https:\/\/www.legislapp.com.br\/index.php\/pl-686-2022-2\/","og_site_name":"Legislapp","article_publisher":"https:\/\/www.instagram.com\/legislapp\/","og_image":[{"url":"https:\/\/www.camara.leg.br\/internet\/deputado\/bandep\/204472.jpg","type":"","width":"","height":""}],"twitter_card":"summary_large_image","schema":{"@context":"https:\/\/schema.org","@graph":[{"@type":"WebPage","@id":"https:\/\/www.legislapp.com.br\/index.php\/pl-686-2022-2\/","url":"https:\/\/www.legislapp.com.br\/index.php\/pl-686-2022-2\/","name":"PL 686\/2022 - Legislapp","isPartOf":{"@id":"https:\/\/www.legislapp.com.br\/#website"},"primaryImageOfPage":{"@id":"https:\/\/www.legislapp.com.br\/index.php\/pl-686-2022-2\/#primaryimage"},"image":{"@id":"https:\/\/www.legislapp.com.br\/index.php\/pl-686-2022-2\/#primaryimage"},"thumbnailUrl":"https:\/\/www.camara.leg.br\/internet\/deputado\/bandep\/204472.jpg","datePublished":"2023-07-15T15:34:49+00:00","breadcrumb":{"@id":"https:\/\/www.legislapp.com.br\/index.php\/pl-686-2022-2\/#breadcrumb"},"inLanguage":"pt-BR","potentialAction":[{"@type":"ReadAction","target":["https:\/\/www.legislapp.com.br\/index.php\/pl-686-2022-2\/"]}]},{"@type":"ImageObject","inLanguage":"pt-BR","@id":"https:\/\/www.legislapp.com.br\/index.php\/pl-686-2022-2\/#primaryimage","url":"https:\/\/www.camara.leg.br\/internet\/deputado\/bandep\/204472.jpg","contentUrl":"https:\/\/www.camara.leg.br\/internet\/deputado\/bandep\/204472.jpg"},{"@type":"BreadcrumbList","@id":"https:\/\/www.legislapp.com.br\/index.php\/pl-686-2022-2\/#breadcrumb","itemListElement":[{"@type":"ListItem","position":1,"name":"In\u00edcio","item":"https:\/\/www.legislapp.com.br\/"},{"@type":"ListItem","position":2,"name":"PL 686\/2022"}]},{"@type":"WebSite","@id":"https:\/\/www.legislapp.com.br\/#website","url":"https:\/\/www.legislapp.com.br\/","name":"Legislapp","description":"Intelig\u00eancia governamental em tempo real","publisher":{"@id":"https:\/\/www.legislapp.com.br\/#organization"},"potentialAction":[{"@type":"SearchAction","target":{"@type":"EntryPoint","urlTemplate":"https:\/\/www.legislapp.com.br\/?s={search_term_string}"},"query-input":{"@type":"PropertyValueSpecification","valueRequired":true,"valueName":"search_term_string"}}],"inLanguage":"pt-BR"},{"@type":"Organization","@id":"https:\/\/www.legislapp.com.br\/#organization","name":"Legislapp Monitoramento e Intelig\u00eancia Governamental","url":"https:\/\/www.legislapp.com.br\/","logo":{"@type":"ImageObject","inLanguage":"pt-BR","@id":"https:\/\/www.legislapp.com.br\/#\/schema\/logo\/image\/","url":"https:\/\/www.legislapp.com.br\/wp-content\/uploads\/icon.png","contentUrl":"https:\/\/www.legislapp.com.br\/wp-content\/uploads\/icon.png","width":1024,"height":1024,"caption":"Legislapp Monitoramento e Intelig\u00eancia Governamental"},"image":{"@id":"https:\/\/www.legislapp.com.br\/#\/schema\/logo\/image\/"},"sameAs":["https:\/\/www.instagram.com\/legislapp\/"]}]}},"_links":{"self":[{"href":"https:\/\/www.legislapp.com.br\/index.php\/wp-json\/wp\/v2\/pages\/2747","targetHints":{"allow":["GET"]}}],"collection":[{"href":"https:\/\/www.legislapp.com.br\/index.php\/wp-json\/wp\/v2\/pages"}],"about":[{"href":"https:\/\/www.legislapp.com.br\/index.php\/wp-json\/wp\/v2\/types\/page"}],"author":[{"embeddable":true,"href":"https:\/\/www.legislapp.com.br\/index.php\/wp-json\/wp\/v2\/users\/1"}],"replies":[{"embeddable":true,"href":"https:\/\/www.legislapp.com.br\/index.php\/wp-json\/wp\/v2\/comments?post=2747"}],"version-history":[{"count":0,"href":"https:\/\/www.legislapp.com.br\/index.php\/wp-json\/wp\/v2\/pages\/2747\/revisions"}],"wp:attachment":[{"href":"https:\/\/www.legislapp.com.br\/index.php\/wp-json\/wp\/v2\/media?parent=2747"}],"curies":[{"name":"wp","href":"https:\/\/api.w.org\/{rel}","templated":true}]}}