{"id":2946,"date":"2023-07-15T12:42:02","date_gmt":"2023-07-15T15:42:02","guid":{"rendered":"https:\/\/www.legislapp.com.br\/index.php\/pl-6123-2019\/"},"modified":"2023-07-15T12:42:02","modified_gmt":"2023-07-15T15:42:02","slug":"pl-6123-2019","status":"publish","type":"page","link":"https:\/\/www.legislapp.com.br\/index.php\/pl-6123-2019\/","title":{"rendered":"PL 6123\/2019"},"content":{"rendered":"<h1 style='text-align: center;'>C\u00e2mara &#8211; Autoria de RODRIGO ANTONIO DE AGOSTINHO MENDON\u00c7A<br \/><img src='https:\/\/www.camara.leg.br\/internet\/deputado\/bandep\/204530.jpg' alt='RODRIGO ANTONIO DE AGOSTINHO MENDON\u00c7A' \/><\/h3>\n<p><\/p>\n<article>Institui a Pol\u00edtica Nacional de Incentivo \u00e0 Gera\u00e7\u00e3o de Energia Solar Fotovoltaica Conectada a Sistemas de Eletromobilidade sobre Trilhos (PNESET) para o transporte de passageiros por metr\u00f4s, trens, tr\u00f3lebus, ve\u00edculos leves sobre trilhos (VLT) e monotrilhos urbano e metropolitano; altera a Lei n\u00ba 11.033\/2004.<\/article>\n<p><a href='https:\/\/app.legislapp.com.br\/#\/busca?termo=Cria\u00e7\u00e3o'>Cria\u00e7\u00e3o<\/a>, <a href='https:\/\/app.legislapp.com.br\/#\/busca?termo=Pol\u00edtica Nacional de Incentivo \u00e0 Gera\u00e7\u00e3o de Energia Solar Fotovoltaica Conectada a Sistemas de Eletromobilidade sobre Trilhos (PNESET)'>Pol\u00edtica Nacional de Incentivo \u00e0 Gera\u00e7\u00e3o de Energia Solar Fotovoltaica Conectada a Sistemas de Eletromobilidade sobre Trilhos (PNESET)<\/a>, <a href='https:\/\/app.legislapp.com.br\/#\/busca?termo=finalidade'>finalidade<\/a>, <a href='https:\/\/app.legislapp.com.br\/#\/busca?termo=transporte de passageiro'>transporte de passageiro<\/a>, <a href='https:\/\/app.legislapp.com.br\/#\/busca?termo=metr\u00f4'>metr\u00f4<\/a>, <a href='https:\/\/app.legislapp.com.br\/#\/busca?termo=trem'>trem<\/a>, <a href='https:\/\/app.legislapp.com.br\/#\/busca?termo=tr\u00f3lebus'>tr\u00f3lebus<\/a>, <a href='https:\/\/app.legislapp.com.br\/#\/busca?termo=ve\u00edculo leve sobre trilhos (VLT)'>ve\u00edculo leve sobre trilhos (VLT)<\/a>, <a href='https:\/\/app.legislapp.com.br\/#\/busca?termo=diversifica\u00e7\u00e3o'>diversifica\u00e7\u00e3o<\/a>, <a href='https:\/\/app.legislapp.com.br\/#\/busca?termo=matriz energ\u00e9tica'>matriz energ\u00e9tica<\/a>, <a href='https:\/\/app.legislapp.com.br\/#\/busca?termo=est\u00edmulo'>est\u00edmulo<\/a>, <a href='https:\/\/app.legislapp.com.br\/#\/busca?termo=pesquisa'>pesquisa<\/a>, <a href='https:\/\/app.legislapp.com.br\/#\/busca?termo=setor el\u00e9trico'>setor el\u00e9trico<\/a>, <a href='https:\/\/app.legislapp.com.br\/#\/busca?termo=eletromobilidade'>eletromobilidade<\/a>, <a href='https:\/\/app.legislapp.com.br\/#\/busca?termo=redu\u00e7\u00e3o'>redu\u00e7\u00e3o<\/a>, <a href='https:\/\/app.legislapp.com.br\/#\/busca?termo=al\u00edquota zero'>al\u00edquota zero<\/a>, <a href='https:\/\/app.legislapp.com.br\/#\/busca?termo=Contribui\u00e7\u00e3o para os Programas de Integra\u00e7\u00e3o Social e de Forma\u00e7\u00e3o do Patrim\u00f4nio do Servidor P\u00fablico (Contribui\u00e7\u00e3o PIS-Pasep)'>Contribui\u00e7\u00e3o para os Programas de Integra\u00e7\u00e3o Social e de Forma\u00e7\u00e3o do Patrim\u00f4nio do Servidor P\u00fablico (Contribui\u00e7\u00e3o PIS-Pasep)<\/a>, <a href='https:\/\/app.legislapp.com.br\/#\/busca?termo=Contribui\u00e7\u00e3o para Financiamento da Seguridade Social (Cofins)'>Contribui\u00e7\u00e3o para Financiamento da Seguridade Social (Cofins)<\/a>, <a href='https:\/\/app.legislapp.com.br\/#\/busca?termo=_Altera\u00e7\u00e3o'>_Altera\u00e7\u00e3o<\/a>, <a href='https:\/\/app.legislapp.com.br\/#\/busca?termo=Legisla\u00e7\u00e3o Tribut\u00e1ria Federal'>Legisla\u00e7\u00e3o Tribut\u00e1ria Federal<\/a>, <a href='https:\/\/app.legislapp.com.br\/#\/busca?termo=suspens\u00e3o'>suspens\u00e3o<\/a>, <a href='https:\/\/app.legislapp.com.br\/#\/busca?termo=Imposto sobre Produtos Industrializados (IPI)'>Imposto sobre Produtos Industrializados (IPI)<\/a>, <a href='https:\/\/app.legislapp.com.br\/#\/busca?termo=Contribui\u00e7\u00e3o para os Programas de Integra\u00e7\u00e3o Social e de Forma\u00e7\u00e3o do Patrim\u00f4nio do Servidor P\u00fablico (Contribui\u00e7\u00e3o PIS-Pasep)'>Contribui\u00e7\u00e3o para os Programas de Integra\u00e7\u00e3o Social e de Forma\u00e7\u00e3o do Patrim\u00f4nio do Servidor P\u00fablico (Contribui\u00e7\u00e3o PIS-Pasep)<\/a>, <a href='https:\/\/app.legislapp.com.br\/#\/busca?termo=Contribui\u00e7\u00e3o para Financiamento da Seguridade Social (Cofins)'>Contribui\u00e7\u00e3o para Financiamento da Seguridade Social (Cofins)<\/a>, <a href='https:\/\/app.legislapp.com.br\/#\/busca?termo=Imposto de Importa\u00e7\u00e3o'>Imposto de Importa\u00e7\u00e3o<\/a>, <a href='https:\/\/app.legislapp.com.br\/#\/busca?termo=aquisi\u00e7\u00e3o'>aquisi\u00e7\u00e3o<\/a>, <a href='https:\/\/app.legislapp.com.br\/#\/busca?termo=importa\u00e7\u00e3o'>importa\u00e7\u00e3o<\/a>, <a href='https:\/\/app.legislapp.com.br\/#\/busca?termo=bens'>bens<\/a>, <a href='https:\/\/app.legislapp.com.br\/#\/busca?termo=benefici\u00e1rio'>benefici\u00e1rio<\/a>, <a href='https:\/\/app.legislapp.com.br\/#\/busca?termo=Regime Tribut\u00e1rio para Incentivo \u00e0 Moderniza\u00e7\u00e3o e \u00e0 Amplia\u00e7\u00e3o da Estrutura Portu\u00e1ria (Reporto)'>Regime Tribut\u00e1rio para Incentivo \u00e0 Moderniza\u00e7\u00e3o e \u00e0 Amplia\u00e7\u00e3o da Estrutura Portu\u00e1ria (Reporto)<\/a>, <a href='https:\/\/app.legislapp.com.br\/#\/busca?termo=implanta\u00e7\u00e3o'>implanta\u00e7\u00e3o<\/a>, <a href='https:\/\/app.legislapp.com.br\/#\/busca?termo=sistema de energia solar fotovoltaica'>sistema de energia solar fotovoltaica<\/a>, <a href='https:\/\/app.legislapp.com.br\/#\/busca?termo=empresa operadora'>empresa operadora<\/a>, <a href='https:\/\/app.legislapp.com.br\/#\/busca?termo=transporte sobre trilhos'>transporte sobre trilhos<\/a>, <a href='https:\/\/app.legislapp.com.br\/#\/busca?termo=tributa\u00e7\u00e3o'>tributa\u00e7\u00e3o<\/a>, <a href='https:\/\/app.legislapp.com.br\/#\/busca?termo=benef\u00edcio fiscal.'>benef\u00edcio fiscal.<\/a><\/p>\n<div style=\"text-align: center\">\n      <img decoding=\"async\" style=\"width: 14%;\" src=\"https:\/\/legislapp.com.br\/wp-content\/uploads\/2021\/07\/Logo-Legislapp-1-03-1.png\"><br \/>\n      <\/p>\n<div style=\"margin-bottom: 20px;\" class=\"et_pb_button_module_wrapper et_pb_button_5_tb_body_wrapper et_pb_button_alignment_center et_pb_module \">\n         <a class=\"et_pb_button et_pb_button_5_tb_body et_hover_enabled et_pb_bg_layout_dark\" style=\"width: 50%;background-color: black;\" href=\"https:\/\/app.legislapp.com.br\" target=\"_blank\" rel=\"noopener\">Visualizar completo na nossa plataforma (30 dias gr\u00e1tis)<\/a><\/p><\/div>\n<p>      <a href=\"https:\/\/play.google.com\/store\/apps\/details?id=br.com.legislapp\"><img decoding=\"async\" style=\"width: 15%; min-width: 130px;\" src=\"https:\/\/legislapp.com.br\/wp-content\/uploads\/google-play.png\"><\/a><br \/>\n      <a href=\"https:\/\/apps.apple.com\/us\/app\/legislapp\/id1568929859\"><img decoding=\"async\" style=\"width: 15%; min-width: 130px\" src=\"https:\/\/legislapp.com.br\/wp-content\/uploads\/apple-store.png\"><\/a>\n   <\/div>\n","protected":false},"excerpt":{"rendered":"<p>C\u00e2mara &#8211; Autoria de RODRIGO ANTONIO DE AGOSTINHO MENDON\u00c7A Institui a Pol\u00edtica Nacional de Incentivo \u00e0 Gera\u00e7\u00e3o de Energia Solar Fotovoltaica Conectada a Sistemas de Eletromobilidade sobre Trilhos (PNESET) para o transporte de passageiros por metr\u00f4s, trens, tr\u00f3lebus, ve\u00edculos leves sobre trilhos (VLT) e monotrilhos urbano e metropolitano; altera a Lei n\u00ba 11.033\/2004. Cria\u00e7\u00e3o, Pol\u00edtica [&hellip;]<\/p>\n","protected":false},"author":1,"featured_media":0,"parent":0,"menu_order":0,"comment_status":"closed","ping_status":"closed","template":"page-template-blank.php","meta":{"_et_pb_use_builder":"","_et_pb_old_content":"","_et_gb_content_width":"1080","ngg_post_thumbnail":0,"footnotes":""},"class_list":["post-2946","page","type-page","status-publish","hentry"],"yoast_head":"<!-- This site is optimized with the Yoast SEO plugin v24.4 - https:\/\/yoast.com\/wordpress\/plugins\/seo\/ -->\n<title>PL 6123\/2019 - Legislapp<\/title>\n<meta name=\"robots\" content=\"index, follow, max-snippet:-1, max-image-preview:large, max-video-preview:-1\" \/>\n<link rel=\"canonical\" href=\"https:\/\/www.legislapp.com.br\/index.php\/pl-6123-2019\/\" \/>\n<meta property=\"og:locale\" content=\"pt_BR\" \/>\n<meta property=\"og:type\" content=\"article\" \/>\n<meta property=\"og:title\" content=\"PL 6123\/2019 - Legislapp\" \/>\n<meta property=\"og:description\" content=\"C\u00e2mara &#8211; Autoria de RODRIGO ANTONIO DE AGOSTINHO MENDON\u00c7A Institui a Pol\u00edtica Nacional de Incentivo \u00e0 Gera\u00e7\u00e3o de Energia Solar Fotovoltaica Conectada a Sistemas de Eletromobilidade sobre Trilhos (PNESET) para o transporte de passageiros por metr\u00f4s, trens, tr\u00f3lebus, ve\u00edculos leves sobre trilhos (VLT) e monotrilhos urbano e metropolitano; altera a Lei n\u00ba 11.033\/2004. Cria\u00e7\u00e3o, Pol\u00edtica [&hellip;]\" \/>\n<meta property=\"og:url\" content=\"https:\/\/www.legislapp.com.br\/index.php\/pl-6123-2019\/\" \/>\n<meta property=\"og:site_name\" content=\"Legislapp\" \/>\n<meta property=\"article:publisher\" content=\"https:\/\/www.instagram.com\/legislapp\/\" \/>\n<meta property=\"og:image\" content=\"https:\/\/www.camara.leg.br\/internet\/deputado\/bandep\/204530.jpg\" \/>\n<meta name=\"twitter:card\" content=\"summary_large_image\" \/>\n<meta name=\"twitter:label1\" content=\"Est. tempo de leitura\" \/>\n\t<meta name=\"twitter:data1\" content=\"1 minuto\" \/>\n<script type=\"application\/ld+json\" class=\"yoast-schema-graph\">{\"@context\":\"https:\/\/schema.org\",\"@graph\":[{\"@type\":\"WebPage\",\"@id\":\"https:\/\/www.legislapp.com.br\/index.php\/pl-6123-2019\/\",\"url\":\"https:\/\/www.legislapp.com.br\/index.php\/pl-6123-2019\/\",\"name\":\"PL 6123\/2019 - Legislapp\",\"isPartOf\":{\"@id\":\"https:\/\/www.legislapp.com.br\/#website\"},\"primaryImageOfPage\":{\"@id\":\"https:\/\/www.legislapp.com.br\/index.php\/pl-6123-2019\/#primaryimage\"},\"image\":{\"@id\":\"https:\/\/www.legislapp.com.br\/index.php\/pl-6123-2019\/#primaryimage\"},\"thumbnailUrl\":\"https:\/\/www.camara.leg.br\/internet\/deputado\/bandep\/204530.jpg\",\"datePublished\":\"2023-07-15T15:42:02+00:00\",\"breadcrumb\":{\"@id\":\"https:\/\/www.legislapp.com.br\/index.php\/pl-6123-2019\/#breadcrumb\"},\"inLanguage\":\"pt-BR\",\"potentialAction\":[{\"@type\":\"ReadAction\",\"target\":[\"https:\/\/www.legislapp.com.br\/index.php\/pl-6123-2019\/\"]}]},{\"@type\":\"ImageObject\",\"inLanguage\":\"pt-BR\",\"@id\":\"https:\/\/www.legislapp.com.br\/index.php\/pl-6123-2019\/#primaryimage\",\"url\":\"https:\/\/www.camara.leg.br\/internet\/deputado\/bandep\/204530.jpg\",\"contentUrl\":\"https:\/\/www.camara.leg.br\/internet\/deputado\/bandep\/204530.jpg\"},{\"@type\":\"BreadcrumbList\",\"@id\":\"https:\/\/www.legislapp.com.br\/index.php\/pl-6123-2019\/#breadcrumb\",\"itemListElement\":[{\"@type\":\"ListItem\",\"position\":1,\"name\":\"In\u00edcio\",\"item\":\"https:\/\/www.legislapp.com.br\/\"},{\"@type\":\"ListItem\",\"position\":2,\"name\":\"PL 6123\/2019\"}]},{\"@type\":\"WebSite\",\"@id\":\"https:\/\/www.legislapp.com.br\/#website\",\"url\":\"https:\/\/www.legislapp.com.br\/\",\"name\":\"Legislapp\",\"description\":\"Intelig\u00eancia governamental em tempo real\",\"publisher\":{\"@id\":\"https:\/\/www.legislapp.com.br\/#organization\"},\"potentialAction\":[{\"@type\":\"SearchAction\",\"target\":{\"@type\":\"EntryPoint\",\"urlTemplate\":\"https:\/\/www.legislapp.com.br\/?s={search_term_string}\"},\"query-input\":{\"@type\":\"PropertyValueSpecification\",\"valueRequired\":true,\"valueName\":\"search_term_string\"}}],\"inLanguage\":\"pt-BR\"},{\"@type\":\"Organization\",\"@id\":\"https:\/\/www.legislapp.com.br\/#organization\",\"name\":\"Legislapp Monitoramento e Intelig\u00eancia Governamental\",\"url\":\"https:\/\/www.legislapp.com.br\/\",\"logo\":{\"@type\":\"ImageObject\",\"inLanguage\":\"pt-BR\",\"@id\":\"https:\/\/www.legislapp.com.br\/#\/schema\/logo\/image\/\",\"url\":\"https:\/\/www.legislapp.com.br\/wp-content\/uploads\/icon.png\",\"contentUrl\":\"https:\/\/www.legislapp.com.br\/wp-content\/uploads\/icon.png\",\"width\":1024,\"height\":1024,\"caption\":\"Legislapp Monitoramento e Intelig\u00eancia Governamental\"},\"image\":{\"@id\":\"https:\/\/www.legislapp.com.br\/#\/schema\/logo\/image\/\"},\"sameAs\":[\"https:\/\/www.instagram.com\/legislapp\/\"]}]}<\/script>\n<!-- \/ Yoast SEO plugin. -->","yoast_head_json":{"title":"PL 6123\/2019 - Legislapp","robots":{"index":"index","follow":"follow","max-snippet":"max-snippet:-1","max-image-preview":"max-image-preview:large","max-video-preview":"max-video-preview:-1"},"canonical":"https:\/\/www.legislapp.com.br\/index.php\/pl-6123-2019\/","og_locale":"pt_BR","og_type":"article","og_title":"PL 6123\/2019 - Legislapp","og_description":"C\u00e2mara &#8211; Autoria de RODRIGO ANTONIO DE AGOSTINHO MENDON\u00c7A Institui a Pol\u00edtica Nacional de Incentivo \u00e0 Gera\u00e7\u00e3o de Energia Solar Fotovoltaica Conectada a Sistemas de Eletromobilidade sobre Trilhos (PNESET) para o transporte de passageiros por metr\u00f4s, trens, tr\u00f3lebus, ve\u00edculos leves sobre trilhos (VLT) e monotrilhos urbano e metropolitano; altera a Lei n\u00ba 11.033\/2004. Cria\u00e7\u00e3o, Pol\u00edtica [&hellip;]","og_url":"https:\/\/www.legislapp.com.br\/index.php\/pl-6123-2019\/","og_site_name":"Legislapp","article_publisher":"https:\/\/www.instagram.com\/legislapp\/","og_image":[{"url":"https:\/\/www.camara.leg.br\/internet\/deputado\/bandep\/204530.jpg","type":"","width":"","height":""}],"twitter_card":"summary_large_image","twitter_misc":{"Est. tempo de leitura":"1 minuto"},"schema":{"@context":"https:\/\/schema.org","@graph":[{"@type":"WebPage","@id":"https:\/\/www.legislapp.com.br\/index.php\/pl-6123-2019\/","url":"https:\/\/www.legislapp.com.br\/index.php\/pl-6123-2019\/","name":"PL 6123\/2019 - Legislapp","isPartOf":{"@id":"https:\/\/www.legislapp.com.br\/#website"},"primaryImageOfPage":{"@id":"https:\/\/www.legislapp.com.br\/index.php\/pl-6123-2019\/#primaryimage"},"image":{"@id":"https:\/\/www.legislapp.com.br\/index.php\/pl-6123-2019\/#primaryimage"},"thumbnailUrl":"https:\/\/www.camara.leg.br\/internet\/deputado\/bandep\/204530.jpg","datePublished":"2023-07-15T15:42:02+00:00","breadcrumb":{"@id":"https:\/\/www.legislapp.com.br\/index.php\/pl-6123-2019\/#breadcrumb"},"inLanguage":"pt-BR","potentialAction":[{"@type":"ReadAction","target":["https:\/\/www.legislapp.com.br\/index.php\/pl-6123-2019\/"]}]},{"@type":"ImageObject","inLanguage":"pt-BR","@id":"https:\/\/www.legislapp.com.br\/index.php\/pl-6123-2019\/#primaryimage","url":"https:\/\/www.camara.leg.br\/internet\/deputado\/bandep\/204530.jpg","contentUrl":"https:\/\/www.camara.leg.br\/internet\/deputado\/bandep\/204530.jpg"},{"@type":"BreadcrumbList","@id":"https:\/\/www.legislapp.com.br\/index.php\/pl-6123-2019\/#breadcrumb","itemListElement":[{"@type":"ListItem","position":1,"name":"In\u00edcio","item":"https:\/\/www.legislapp.com.br\/"},{"@type":"ListItem","position":2,"name":"PL 6123\/2019"}]},{"@type":"WebSite","@id":"https:\/\/www.legislapp.com.br\/#website","url":"https:\/\/www.legislapp.com.br\/","name":"Legislapp","description":"Intelig\u00eancia governamental em tempo real","publisher":{"@id":"https:\/\/www.legislapp.com.br\/#organization"},"potentialAction":[{"@type":"SearchAction","target":{"@type":"EntryPoint","urlTemplate":"https:\/\/www.legislapp.com.br\/?s={search_term_string}"},"query-input":{"@type":"PropertyValueSpecification","valueRequired":true,"valueName":"search_term_string"}}],"inLanguage":"pt-BR"},{"@type":"Organization","@id":"https:\/\/www.legislapp.com.br\/#organization","name":"Legislapp Monitoramento e Intelig\u00eancia Governamental","url":"https:\/\/www.legislapp.com.br\/","logo":{"@type":"ImageObject","inLanguage":"pt-BR","@id":"https:\/\/www.legislapp.com.br\/#\/schema\/logo\/image\/","url":"https:\/\/www.legislapp.com.br\/wp-content\/uploads\/icon.png","contentUrl":"https:\/\/www.legislapp.com.br\/wp-content\/uploads\/icon.png","width":1024,"height":1024,"caption":"Legislapp Monitoramento e Intelig\u00eancia Governamental"},"image":{"@id":"https:\/\/www.legislapp.com.br\/#\/schema\/logo\/image\/"},"sameAs":["https:\/\/www.instagram.com\/legislapp\/"]}]}},"_links":{"self":[{"href":"https:\/\/www.legislapp.com.br\/index.php\/wp-json\/wp\/v2\/pages\/2946","targetHints":{"allow":["GET"]}}],"collection":[{"href":"https:\/\/www.legislapp.com.br\/index.php\/wp-json\/wp\/v2\/pages"}],"about":[{"href":"https:\/\/www.legislapp.com.br\/index.php\/wp-json\/wp\/v2\/types\/page"}],"author":[{"embeddable":true,"href":"https:\/\/www.legislapp.com.br\/index.php\/wp-json\/wp\/v2\/users\/1"}],"replies":[{"embeddable":true,"href":"https:\/\/www.legislapp.com.br\/index.php\/wp-json\/wp\/v2\/comments?post=2946"}],"version-history":[{"count":0,"href":"https:\/\/www.legislapp.com.br\/index.php\/wp-json\/wp\/v2\/pages\/2946\/revisions"}],"wp:attachment":[{"href":"https:\/\/www.legislapp.com.br\/index.php\/wp-json\/wp\/v2\/media?parent=2946"}],"curies":[{"name":"wp","href":"https:\/\/api.w.org\/{rel}","templated":true}]}}