{"id":2963,"date":"2023-07-15T12:42:37","date_gmt":"2023-07-15T15:42:37","guid":{"rendered":"https:\/\/www.legislapp.com.br\/index.php\/mpv-1152-2022\/"},"modified":"2023-07-15T12:42:37","modified_gmt":"2023-07-15T15:42:37","slug":"mpv-1152-2022","status":"publish","type":"page","link":"https:\/\/www.legislapp.com.br\/index.php\/mpv-1152-2022\/","title":{"rendered":"MPV 1152\/2022"},"content":{"rendered":"<h1 style='text-align: center;'>C\u00e2mara &#8211; Autoria de Poder Executivo<\/h3>\n<p><\/p>\n<article>Altera a legisla\u00e7\u00e3o do Imposto sobre a Renda das Pessoa Jur\u00eddicas &#8211; IRPJ e da Contribui\u00e7\u00e3o Social sobre o Lucro L\u00edquido &#8211; CSLL para dispor sobre as regras de pre\u00e7os de transfer\u00eancia<\/p>\n<p>NOVA EMENTA: Disp\u00f5e sobre regras de pre\u00e7os de transfer\u00eancia relativas ao Imposto sobre a Renda das Pessoas Jur\u00eddicas (IRPJ) e \u00e0 Contribui\u00e7\u00e3o Social sobre o Lucro L\u00edquido (CSLL); altera as Leis n\u00bas 9.430, de 27 de dezembro de 1996, 12.973, de 13 de maio de 2014, e 12.249, de 11 de junho de 2010; e revoga dispositivos das Leis n\u00bas 3.470, de 28 de novembro de 1958, 4.131, de 3 de setembro de 1962, 4.506, de 30 de novembro de 1964, 8.383, de 30 de dezembro de 1991, 10.637, de 30 de dezembro de 2002, 10.833, de 29 de dezembro de 2003, 12.715, de 17 de setembro de 2012, 12.766, de 27 de dezembro de 2012, e 14.286, de 29 de dezembro de 2021, e o Decreto-Lei n\u00ba 1.730, de 17 de dezembro de 1979.<\/article>\n<p><a href='https:\/\/app.legislapp.com.br\/#\/busca?termo=Altera\u00e7\u00e3o'>Altera\u00e7\u00e3o<\/a>, <a href='https:\/\/app.legislapp.com.br\/#\/busca?termo=legisla\u00e7\u00e3o tribut\u00e1ria'>legisla\u00e7\u00e3o tribut\u00e1ria<\/a>, <a href='https:\/\/app.legislapp.com.br\/#\/busca?termo=Imposto de Renda das Pessoas Jur\u00eddicas (IRPJ)'>Imposto de Renda das Pessoas Jur\u00eddicas (IRPJ)<\/a>, <a href='https:\/\/app.legislapp.com.br\/#\/busca?termo=Contribui\u00e7\u00e3o Social sobre o Lucro L\u00edquido (CSLL)'>Contribui\u00e7\u00e3o Social sobre o Lucro L\u00edquido (CSLL)<\/a>, <a href='https:\/\/app.legislapp.com.br\/#\/busca?termo=pessoa jur\u00eddica'>pessoa jur\u00eddica<\/a>, <a href='https:\/\/app.legislapp.com.br\/#\/busca?termo=diretrizes'>diretrizes<\/a>, <a href='https:\/\/app.legislapp.com.br\/#\/busca?termo=pre\u00e7o de transfer\u00eancia'>pre\u00e7o de transfer\u00eancia<\/a>, <a href='https:\/\/app.legislapp.com.br\/#\/busca?termo=transa\u00e7\u00e3o controlada'>transa\u00e7\u00e3o controlada<\/a>, <a href='https:\/\/app.legislapp.com.br\/#\/busca?termo=transa\u00e7\u00e3o comercial'>transa\u00e7\u00e3o comercial<\/a>, <a href='https:\/\/app.legislapp.com.br\/#\/busca?termo=transa\u00e7\u00e3o financeira'>transa\u00e7\u00e3o financeira<\/a>, <a href='https:\/\/app.legislapp.com.br\/#\/busca?termo=tributa\u00e7\u00e3o'>tributa\u00e7\u00e3o<\/a>, <a href='https:\/\/app.legislapp.com.br\/#\/busca?termo=empresa'>empresa<\/a>, <a href='https:\/\/app.legislapp.com.br\/#\/busca?termo=mercado internacional. _Altera\u00e7\u00e3o'>mercado internacional. _Altera\u00e7\u00e3o<\/a>, <a href='https:\/\/app.legislapp.com.br\/#\/busca?termo=Lei do Ajuste Tribut\u00e1rio'>Lei do Ajuste Tribut\u00e1rio<\/a>, <a href='https:\/\/app.legislapp.com.br\/#\/busca?termo=tributa\u00e7\u00e3o favorecida.'>tributa\u00e7\u00e3o favorecida.<\/a><\/p>\n<div style=\"text-align: center\">\n      <img decoding=\"async\" style=\"width: 14%;\" src=\"https:\/\/legislapp.com.br\/wp-content\/uploads\/2021\/07\/Logo-Legislapp-1-03-1.png\"><br \/>\n      <\/p>\n<div style=\"margin-bottom: 20px;\" class=\"et_pb_button_module_wrapper et_pb_button_5_tb_body_wrapper et_pb_button_alignment_center et_pb_module \">\n         <a class=\"et_pb_button et_pb_button_5_tb_body et_hover_enabled et_pb_bg_layout_dark\" style=\"width: 50%;background-color: black;\" href=\"https:\/\/app.legislapp.com.br\" target=\"_blank\" rel=\"noopener\">Visualizar completo na nossa plataforma (30 dias gr\u00e1tis)<\/a><\/p><\/div>\n<p>      <a href=\"https:\/\/play.google.com\/store\/apps\/details?id=br.com.legislapp\"><img decoding=\"async\" style=\"width: 15%; min-width: 130px;\" src=\"https:\/\/legislapp.com.br\/wp-content\/uploads\/google-play.png\"><\/a><br \/>\n      <a href=\"https:\/\/apps.apple.com\/us\/app\/legislapp\/id1568929859\"><img decoding=\"async\" style=\"width: 15%; min-width: 130px\" src=\"https:\/\/legislapp.com.br\/wp-content\/uploads\/apple-store.png\"><\/a>\n   <\/div>\n","protected":false},"excerpt":{"rendered":"<p>C\u00e2mara &#8211; Autoria de Poder Executivo Altera a legisla\u00e7\u00e3o do Imposto sobre a Renda das Pessoa Jur\u00eddicas &#8211; IRPJ e da Contribui\u00e7\u00e3o Social sobre o Lucro L\u00edquido &#8211; CSLL para dispor sobre as regras de pre\u00e7os de transfer\u00eancia NOVA EMENTA: Disp\u00f5e sobre regras de pre\u00e7os de transfer\u00eancia relativas ao Imposto sobre a Renda das Pessoas [&hellip;]<\/p>\n","protected":false},"author":1,"featured_media":0,"parent":0,"menu_order":0,"comment_status":"closed","ping_status":"closed","template":"page-template-blank.php","meta":{"_et_pb_use_builder":"","_et_pb_old_content":"","_et_gb_content_width":"1080","ngg_post_thumbnail":0,"footnotes":""},"class_list":["post-2963","page","type-page","status-publish","hentry"],"yoast_head":"<!-- This site is optimized with the Yoast SEO plugin v24.4 - https:\/\/yoast.com\/wordpress\/plugins\/seo\/ -->\n<title>MPV 1152\/2022 - Legislapp<\/title>\n<meta name=\"robots\" content=\"index, follow, max-snippet:-1, max-image-preview:large, max-video-preview:-1\" \/>\n<link rel=\"canonical\" href=\"https:\/\/www.legislapp.com.br\/index.php\/mpv-1152-2022\/\" \/>\n<meta property=\"og:locale\" content=\"pt_BR\" \/>\n<meta property=\"og:type\" content=\"article\" \/>\n<meta property=\"og:title\" content=\"MPV 1152\/2022 - Legislapp\" \/>\n<meta property=\"og:description\" content=\"C\u00e2mara &#8211; Autoria de Poder Executivo Altera a legisla\u00e7\u00e3o do Imposto sobre a Renda das Pessoa Jur\u00eddicas &#8211; IRPJ e da Contribui\u00e7\u00e3o Social sobre o Lucro L\u00edquido &#8211; CSLL para dispor sobre as regras de pre\u00e7os de transfer\u00eancia NOVA EMENTA: Disp\u00f5e sobre regras de pre\u00e7os de transfer\u00eancia relativas ao Imposto sobre a Renda das Pessoas [&hellip;]\" \/>\n<meta property=\"og:url\" content=\"https:\/\/www.legislapp.com.br\/index.php\/mpv-1152-2022\/\" \/>\n<meta property=\"og:site_name\" content=\"Legislapp\" \/>\n<meta property=\"article:publisher\" content=\"https:\/\/www.instagram.com\/legislapp\/\" \/>\n<meta property=\"og:image\" content=\"https:\/\/legislapp.com.br\/wp-content\/uploads\/2021\/07\/Logo-Legislapp-1-03-1.png\" \/>\n<meta name=\"twitter:card\" content=\"summary_large_image\" \/>\n<meta name=\"twitter:label1\" content=\"Est. tempo de leitura\" \/>\n\t<meta name=\"twitter:data1\" content=\"1 minuto\" \/>\n<script type=\"application\/ld+json\" class=\"yoast-schema-graph\">{\"@context\":\"https:\/\/schema.org\",\"@graph\":[{\"@type\":\"WebPage\",\"@id\":\"https:\/\/www.legislapp.com.br\/index.php\/mpv-1152-2022\/\",\"url\":\"https:\/\/www.legislapp.com.br\/index.php\/mpv-1152-2022\/\",\"name\":\"MPV 1152\/2022 - Legislapp\",\"isPartOf\":{\"@id\":\"https:\/\/www.legislapp.com.br\/#website\"},\"primaryImageOfPage\":{\"@id\":\"https:\/\/www.legislapp.com.br\/index.php\/mpv-1152-2022\/#primaryimage\"},\"image\":{\"@id\":\"https:\/\/www.legislapp.com.br\/index.php\/mpv-1152-2022\/#primaryimage\"},\"thumbnailUrl\":\"https:\/\/legislapp.com.br\/wp-content\/uploads\/2021\/07\/Logo-Legislapp-1-03-1.png\",\"datePublished\":\"2023-07-15T15:42:37+00:00\",\"breadcrumb\":{\"@id\":\"https:\/\/www.legislapp.com.br\/index.php\/mpv-1152-2022\/#breadcrumb\"},\"inLanguage\":\"pt-BR\",\"potentialAction\":[{\"@type\":\"ReadAction\",\"target\":[\"https:\/\/www.legislapp.com.br\/index.php\/mpv-1152-2022\/\"]}]},{\"@type\":\"ImageObject\",\"inLanguage\":\"pt-BR\",\"@id\":\"https:\/\/www.legislapp.com.br\/index.php\/mpv-1152-2022\/#primaryimage\",\"url\":\"https:\/\/legislapp.com.br\/wp-content\/uploads\/2021\/07\/Logo-Legislapp-1-03-1.png\",\"contentUrl\":\"https:\/\/legislapp.com.br\/wp-content\/uploads\/2021\/07\/Logo-Legislapp-1-03-1.png\"},{\"@type\":\"BreadcrumbList\",\"@id\":\"https:\/\/www.legislapp.com.br\/index.php\/mpv-1152-2022\/#breadcrumb\",\"itemListElement\":[{\"@type\":\"ListItem\",\"position\":1,\"name\":\"In\u00edcio\",\"item\":\"https:\/\/www.legislapp.com.br\/\"},{\"@type\":\"ListItem\",\"position\":2,\"name\":\"MPV 1152\/2022\"}]},{\"@type\":\"WebSite\",\"@id\":\"https:\/\/www.legislapp.com.br\/#website\",\"url\":\"https:\/\/www.legislapp.com.br\/\",\"name\":\"Legislapp\",\"description\":\"Intelig\u00eancia governamental em tempo real\",\"publisher\":{\"@id\":\"https:\/\/www.legislapp.com.br\/#organization\"},\"potentialAction\":[{\"@type\":\"SearchAction\",\"target\":{\"@type\":\"EntryPoint\",\"urlTemplate\":\"https:\/\/www.legislapp.com.br\/?s={search_term_string}\"},\"query-input\":{\"@type\":\"PropertyValueSpecification\",\"valueRequired\":true,\"valueName\":\"search_term_string\"}}],\"inLanguage\":\"pt-BR\"},{\"@type\":\"Organization\",\"@id\":\"https:\/\/www.legislapp.com.br\/#organization\",\"name\":\"Legislapp Monitoramento e Intelig\u00eancia Governamental\",\"url\":\"https:\/\/www.legislapp.com.br\/\",\"logo\":{\"@type\":\"ImageObject\",\"inLanguage\":\"pt-BR\",\"@id\":\"https:\/\/www.legislapp.com.br\/#\/schema\/logo\/image\/\",\"url\":\"https:\/\/www.legislapp.com.br\/wp-content\/uploads\/icon.png\",\"contentUrl\":\"https:\/\/www.legislapp.com.br\/wp-content\/uploads\/icon.png\",\"width\":1024,\"height\":1024,\"caption\":\"Legislapp Monitoramento e Intelig\u00eancia Governamental\"},\"image\":{\"@id\":\"https:\/\/www.legislapp.com.br\/#\/schema\/logo\/image\/\"},\"sameAs\":[\"https:\/\/www.instagram.com\/legislapp\/\"]}]}<\/script>\n<!-- \/ Yoast SEO plugin. -->","yoast_head_json":{"title":"MPV 1152\/2022 - Legislapp","robots":{"index":"index","follow":"follow","max-snippet":"max-snippet:-1","max-image-preview":"max-image-preview:large","max-video-preview":"max-video-preview:-1"},"canonical":"https:\/\/www.legislapp.com.br\/index.php\/mpv-1152-2022\/","og_locale":"pt_BR","og_type":"article","og_title":"MPV 1152\/2022 - Legislapp","og_description":"C\u00e2mara &#8211; Autoria de Poder Executivo Altera a legisla\u00e7\u00e3o do Imposto sobre a Renda das Pessoa Jur\u00eddicas &#8211; IRPJ e da Contribui\u00e7\u00e3o Social sobre o Lucro L\u00edquido &#8211; CSLL para dispor sobre as regras de pre\u00e7os de transfer\u00eancia NOVA EMENTA: Disp\u00f5e sobre regras de pre\u00e7os de transfer\u00eancia relativas ao Imposto sobre a Renda das Pessoas [&hellip;]","og_url":"https:\/\/www.legislapp.com.br\/index.php\/mpv-1152-2022\/","og_site_name":"Legislapp","article_publisher":"https:\/\/www.instagram.com\/legislapp\/","og_image":[{"url":"https:\/\/legislapp.com.br\/wp-content\/uploads\/2021\/07\/Logo-Legislapp-1-03-1.png","type":"","width":"","height":""}],"twitter_card":"summary_large_image","twitter_misc":{"Est. tempo de leitura":"1 minuto"},"schema":{"@context":"https:\/\/schema.org","@graph":[{"@type":"WebPage","@id":"https:\/\/www.legislapp.com.br\/index.php\/mpv-1152-2022\/","url":"https:\/\/www.legislapp.com.br\/index.php\/mpv-1152-2022\/","name":"MPV 1152\/2022 - Legislapp","isPartOf":{"@id":"https:\/\/www.legislapp.com.br\/#website"},"primaryImageOfPage":{"@id":"https:\/\/www.legislapp.com.br\/index.php\/mpv-1152-2022\/#primaryimage"},"image":{"@id":"https:\/\/www.legislapp.com.br\/index.php\/mpv-1152-2022\/#primaryimage"},"thumbnailUrl":"https:\/\/legislapp.com.br\/wp-content\/uploads\/2021\/07\/Logo-Legislapp-1-03-1.png","datePublished":"2023-07-15T15:42:37+00:00","breadcrumb":{"@id":"https:\/\/www.legislapp.com.br\/index.php\/mpv-1152-2022\/#breadcrumb"},"inLanguage":"pt-BR","potentialAction":[{"@type":"ReadAction","target":["https:\/\/www.legislapp.com.br\/index.php\/mpv-1152-2022\/"]}]},{"@type":"ImageObject","inLanguage":"pt-BR","@id":"https:\/\/www.legislapp.com.br\/index.php\/mpv-1152-2022\/#primaryimage","url":"https:\/\/legislapp.com.br\/wp-content\/uploads\/2021\/07\/Logo-Legislapp-1-03-1.png","contentUrl":"https:\/\/legislapp.com.br\/wp-content\/uploads\/2021\/07\/Logo-Legislapp-1-03-1.png"},{"@type":"BreadcrumbList","@id":"https:\/\/www.legislapp.com.br\/index.php\/mpv-1152-2022\/#breadcrumb","itemListElement":[{"@type":"ListItem","position":1,"name":"In\u00edcio","item":"https:\/\/www.legislapp.com.br\/"},{"@type":"ListItem","position":2,"name":"MPV 1152\/2022"}]},{"@type":"WebSite","@id":"https:\/\/www.legislapp.com.br\/#website","url":"https:\/\/www.legislapp.com.br\/","name":"Legislapp","description":"Intelig\u00eancia governamental em tempo real","publisher":{"@id":"https:\/\/www.legislapp.com.br\/#organization"},"potentialAction":[{"@type":"SearchAction","target":{"@type":"EntryPoint","urlTemplate":"https:\/\/www.legislapp.com.br\/?s={search_term_string}"},"query-input":{"@type":"PropertyValueSpecification","valueRequired":true,"valueName":"search_term_string"}}],"inLanguage":"pt-BR"},{"@type":"Organization","@id":"https:\/\/www.legislapp.com.br\/#organization","name":"Legislapp Monitoramento e Intelig\u00eancia Governamental","url":"https:\/\/www.legislapp.com.br\/","logo":{"@type":"ImageObject","inLanguage":"pt-BR","@id":"https:\/\/www.legislapp.com.br\/#\/schema\/logo\/image\/","url":"https:\/\/www.legislapp.com.br\/wp-content\/uploads\/icon.png","contentUrl":"https:\/\/www.legislapp.com.br\/wp-content\/uploads\/icon.png","width":1024,"height":1024,"caption":"Legislapp Monitoramento e Intelig\u00eancia Governamental"},"image":{"@id":"https:\/\/www.legislapp.com.br\/#\/schema\/logo\/image\/"},"sameAs":["https:\/\/www.instagram.com\/legislapp\/"]}]}},"_links":{"self":[{"href":"https:\/\/www.legislapp.com.br\/index.php\/wp-json\/wp\/v2\/pages\/2963","targetHints":{"allow":["GET"]}}],"collection":[{"href":"https:\/\/www.legislapp.com.br\/index.php\/wp-json\/wp\/v2\/pages"}],"about":[{"href":"https:\/\/www.legislapp.com.br\/index.php\/wp-json\/wp\/v2\/types\/page"}],"author":[{"embeddable":true,"href":"https:\/\/www.legislapp.com.br\/index.php\/wp-json\/wp\/v2\/users\/1"}],"replies":[{"embeddable":true,"href":"https:\/\/www.legislapp.com.br\/index.php\/wp-json\/wp\/v2\/comments?post=2963"}],"version-history":[{"count":0,"href":"https:\/\/www.legislapp.com.br\/index.php\/wp-json\/wp\/v2\/pages\/2963\/revisions"}],"wp:attachment":[{"href":"https:\/\/www.legislapp.com.br\/index.php\/wp-json\/wp\/v2\/media?parent=2963"}],"curies":[{"name":"wp","href":"https:\/\/api.w.org\/{rel}","templated":true}]}}