{"id":2968,"date":"2023-07-15T12:42:48","date_gmt":"2023-07-15T15:42:48","guid":{"rendered":"https:\/\/www.legislapp.com.br\/index.php\/plp-171-2021\/"},"modified":"2023-07-15T12:42:48","modified_gmt":"2023-07-15T15:42:48","slug":"plp-171-2021","status":"publish","type":"page","link":"https:\/\/www.legislapp.com.br\/index.php\/plp-171-2021\/","title":{"rendered":"PLP 171\/2021"},"content":{"rendered":"<h1 style='text-align: center;'>C\u00e2mara &#8211; Autoria de L\u00cdDICE DA MATA E SOUZA<br \/><img src='https:\/\/www.camara.leg.br\/internet\/deputado\/bandep\/139285.jpg' alt='L\u00cdDICE DA MATA E SOUZA' \/><\/h3>\n<p><\/p>\n<article>Altera a Lei Complementar n\u00ba 101, de 4 de maio de 2000, para vedar a limita\u00e7\u00e3o de empenho e movimenta\u00e7\u00e3o financeira das despesas relativas ao pagamento de bolsas de estudos e de pesquisas e aux\u00edlios concedidos pela Capes e pelo CNPq aos estudantes, pesquisadores e professores das institui\u00e7\u00f5es de ensino superior, durante o per\u00edodo de vig\u00eancia dos respectivos projetos de pesquisa.<\/article>\n<p><a href='https:\/\/app.legislapp.com.br\/#\/busca?termo=Altera\u00e7\u00e3o'>Altera\u00e7\u00e3o<\/a>, <a href='https:\/\/app.legislapp.com.br\/#\/busca?termo=Lei de Responsabilidade Fiscal'>Lei de Responsabilidade Fiscal<\/a>, <a href='https:\/\/app.legislapp.com.br\/#\/busca?termo=aus\u00eancia'>aus\u00eancia<\/a>, <a href='https:\/\/app.legislapp.com.br\/#\/busca?termo=limita\u00e7\u00e3o'>limita\u00e7\u00e3o<\/a>, <a href='https:\/\/app.legislapp.com.br\/#\/busca?termo=empenho da despesa'>empenho da despesa<\/a>, <a href='https:\/\/app.legislapp.com.br\/#\/busca?termo=movimenta\u00e7\u00e3o financeira'>movimenta\u00e7\u00e3o financeira<\/a>, <a href='https:\/\/app.legislapp.com.br\/#\/busca?termo=pagamento'>pagamento<\/a>, <a href='https:\/\/app.legislapp.com.br\/#\/busca?termo=bolsa de estudo'>bolsa de estudo<\/a>, <a href='https:\/\/app.legislapp.com.br\/#\/busca?termo=bolsa de pesquisa'>bolsa de pesquisa<\/a>, <a href='https:\/\/app.legislapp.com.br\/#\/busca?termo=aux\u00edlio financeiro'>aux\u00edlio financeiro<\/a>, <a href='https:\/\/app.legislapp.com.br\/#\/busca?termo=concess\u00e3o'>concess\u00e3o<\/a>, <a href='https:\/\/app.legislapp.com.br\/#\/busca?termo=Coordena\u00e7\u00e3o de Aperfei\u00e7oamento de Pessoal de N\u00edvel Superior (Capes)'>Coordena\u00e7\u00e3o de Aperfei\u00e7oamento de Pessoal de N\u00edvel Superior (Capes)<\/a>, <a href='https:\/\/app.legislapp.com.br\/#\/busca?termo=Conselho Nacional de Desenvolvimento Cient\u00edfico e Tecnol\u00f3gico (CNPq)'>Conselho Nacional de Desenvolvimento Cient\u00edfico e Tecnol\u00f3gico (CNPq)<\/a>, <a href='https:\/\/app.legislapp.com.br\/#\/busca?termo=estudante'>estudante<\/a>, <a href='https:\/\/app.legislapp.com.br\/#\/busca?termo=pesquisador'>pesquisador<\/a>, <a href='https:\/\/app.legislapp.com.br\/#\/busca?termo=professor'>professor<\/a>, <a href='https:\/\/app.legislapp.com.br\/#\/busca?termo=Institui\u00e7\u00e3o de Ensino Superior (IES)'>Institui\u00e7\u00e3o de Ensino Superior (IES)<\/a>, <a href='https:\/\/app.legislapp.com.br\/#\/busca?termo=per\u00edodo'>per\u00edodo<\/a>, <a href='https:\/\/app.legislapp.com.br\/#\/busca?termo=vig\u00eancia'>vig\u00eancia<\/a>, <a href='https:\/\/app.legislapp.com.br\/#\/busca?termo=projeto de pesquisa.'>projeto de pesquisa.<\/a><\/p>\n<div style=\"text-align: center\">\n      <img decoding=\"async\" style=\"width: 14%;\" src=\"https:\/\/legislapp.com.br\/wp-content\/uploads\/2021\/07\/Logo-Legislapp-1-03-1.png\"><br \/>\n      <\/p>\n<div style=\"margin-bottom: 20px;\" class=\"et_pb_button_module_wrapper et_pb_button_5_tb_body_wrapper et_pb_button_alignment_center et_pb_module \">\n         <a class=\"et_pb_button et_pb_button_5_tb_body et_hover_enabled et_pb_bg_layout_dark\" style=\"width: 50%;background-color: black;\" href=\"https:\/\/app.legislapp.com.br\" target=\"_blank\" rel=\"noopener\">Visualizar completo na nossa plataforma (30 dias gr\u00e1tis)<\/a><\/p><\/div>\n<p>      <a href=\"https:\/\/play.google.com\/store\/apps\/details?id=br.com.legislapp\"><img decoding=\"async\" style=\"width: 15%; min-width: 130px;\" src=\"https:\/\/legislapp.com.br\/wp-content\/uploads\/google-play.png\"><\/a><br \/>\n      <a href=\"https:\/\/apps.apple.com\/us\/app\/legislapp\/id1568929859\"><img decoding=\"async\" style=\"width: 15%; min-width: 130px\" src=\"https:\/\/legislapp.com.br\/wp-content\/uploads\/apple-store.png\"><\/a>\n   <\/div>\n","protected":false},"excerpt":{"rendered":"<p>C\u00e2mara &#8211; Autoria de L\u00cdDICE DA MATA E SOUZA Altera a Lei Complementar n\u00ba 101, de 4 de maio de 2000, para vedar a limita\u00e7\u00e3o de empenho e movimenta\u00e7\u00e3o financeira das despesas relativas ao pagamento de bolsas de estudos e de pesquisas e aux\u00edlios concedidos pela Capes e pelo CNPq aos estudantes, pesquisadores e professores [&hellip;]<\/p>\n","protected":false},"author":1,"featured_media":0,"parent":0,"menu_order":0,"comment_status":"closed","ping_status":"closed","template":"page-template-blank.php","meta":{"_et_pb_use_builder":"","_et_pb_old_content":"","_et_gb_content_width":"1080","ngg_post_thumbnail":0,"footnotes":""},"class_list":["post-2968","page","type-page","status-publish","hentry"],"yoast_head":"<!-- This site is optimized with the Yoast SEO plugin v24.4 - https:\/\/yoast.com\/wordpress\/plugins\/seo\/ -->\n<title>PLP 171\/2021 - Legislapp<\/title>\n<meta name=\"robots\" content=\"index, follow, max-snippet:-1, max-image-preview:large, max-video-preview:-1\" \/>\n<link rel=\"canonical\" href=\"https:\/\/www.legislapp.com.br\/index.php\/plp-171-2021\/\" \/>\n<meta property=\"og:locale\" content=\"pt_BR\" \/>\n<meta property=\"og:type\" content=\"article\" \/>\n<meta property=\"og:title\" content=\"PLP 171\/2021 - Legislapp\" \/>\n<meta property=\"og:description\" content=\"C\u00e2mara &#8211; Autoria de L\u00cdDICE DA MATA E SOUZA Altera a Lei Complementar n\u00ba 101, de 4 de maio de 2000, para vedar a limita\u00e7\u00e3o de empenho e movimenta\u00e7\u00e3o financeira das despesas relativas ao pagamento de bolsas de estudos e de pesquisas e aux\u00edlios concedidos pela Capes e pelo CNPq aos estudantes, pesquisadores e professores [&hellip;]\" \/>\n<meta property=\"og:url\" content=\"https:\/\/www.legislapp.com.br\/index.php\/plp-171-2021\/\" \/>\n<meta property=\"og:site_name\" content=\"Legislapp\" \/>\n<meta property=\"article:publisher\" content=\"https:\/\/www.instagram.com\/legislapp\/\" \/>\n<meta property=\"og:image\" content=\"https:\/\/www.camara.leg.br\/internet\/deputado\/bandep\/139285.jpg\" \/>\n<meta name=\"twitter:card\" content=\"summary_large_image\" \/>\n<meta name=\"twitter:label1\" content=\"Est. tempo de leitura\" \/>\n\t<meta name=\"twitter:data1\" content=\"1 minuto\" \/>\n<script type=\"application\/ld+json\" class=\"yoast-schema-graph\">{\"@context\":\"https:\/\/schema.org\",\"@graph\":[{\"@type\":\"WebPage\",\"@id\":\"https:\/\/www.legislapp.com.br\/index.php\/plp-171-2021\/\",\"url\":\"https:\/\/www.legislapp.com.br\/index.php\/plp-171-2021\/\",\"name\":\"PLP 171\/2021 - Legislapp\",\"isPartOf\":{\"@id\":\"https:\/\/www.legislapp.com.br\/#website\"},\"primaryImageOfPage\":{\"@id\":\"https:\/\/www.legislapp.com.br\/index.php\/plp-171-2021\/#primaryimage\"},\"image\":{\"@id\":\"https:\/\/www.legislapp.com.br\/index.php\/plp-171-2021\/#primaryimage\"},\"thumbnailUrl\":\"https:\/\/www.camara.leg.br\/internet\/deputado\/bandep\/139285.jpg\",\"datePublished\":\"2023-07-15T15:42:48+00:00\",\"breadcrumb\":{\"@id\":\"https:\/\/www.legislapp.com.br\/index.php\/plp-171-2021\/#breadcrumb\"},\"inLanguage\":\"pt-BR\",\"potentialAction\":[{\"@type\":\"ReadAction\",\"target\":[\"https:\/\/www.legislapp.com.br\/index.php\/plp-171-2021\/\"]}]},{\"@type\":\"ImageObject\",\"inLanguage\":\"pt-BR\",\"@id\":\"https:\/\/www.legislapp.com.br\/index.php\/plp-171-2021\/#primaryimage\",\"url\":\"https:\/\/www.camara.leg.br\/internet\/deputado\/bandep\/139285.jpg\",\"contentUrl\":\"https:\/\/www.camara.leg.br\/internet\/deputado\/bandep\/139285.jpg\"},{\"@type\":\"BreadcrumbList\",\"@id\":\"https:\/\/www.legislapp.com.br\/index.php\/plp-171-2021\/#breadcrumb\",\"itemListElement\":[{\"@type\":\"ListItem\",\"position\":1,\"name\":\"In\u00edcio\",\"item\":\"https:\/\/www.legislapp.com.br\/\"},{\"@type\":\"ListItem\",\"position\":2,\"name\":\"PLP 171\/2021\"}]},{\"@type\":\"WebSite\",\"@id\":\"https:\/\/www.legislapp.com.br\/#website\",\"url\":\"https:\/\/www.legislapp.com.br\/\",\"name\":\"Legislapp\",\"description\":\"Intelig\u00eancia governamental em tempo real\",\"publisher\":{\"@id\":\"https:\/\/www.legislapp.com.br\/#organization\"},\"potentialAction\":[{\"@type\":\"SearchAction\",\"target\":{\"@type\":\"EntryPoint\",\"urlTemplate\":\"https:\/\/www.legislapp.com.br\/?s={search_term_string}\"},\"query-input\":{\"@type\":\"PropertyValueSpecification\",\"valueRequired\":true,\"valueName\":\"search_term_string\"}}],\"inLanguage\":\"pt-BR\"},{\"@type\":\"Organization\",\"@id\":\"https:\/\/www.legislapp.com.br\/#organization\",\"name\":\"Legislapp Monitoramento e Intelig\u00eancia Governamental\",\"url\":\"https:\/\/www.legislapp.com.br\/\",\"logo\":{\"@type\":\"ImageObject\",\"inLanguage\":\"pt-BR\",\"@id\":\"https:\/\/www.legislapp.com.br\/#\/schema\/logo\/image\/\",\"url\":\"https:\/\/www.legislapp.com.br\/wp-content\/uploads\/icon.png\",\"contentUrl\":\"https:\/\/www.legislapp.com.br\/wp-content\/uploads\/icon.png\",\"width\":1024,\"height\":1024,\"caption\":\"Legislapp Monitoramento e Intelig\u00eancia Governamental\"},\"image\":{\"@id\":\"https:\/\/www.legislapp.com.br\/#\/schema\/logo\/image\/\"},\"sameAs\":[\"https:\/\/www.instagram.com\/legislapp\/\"]}]}<\/script>\n<!-- \/ Yoast SEO plugin. -->","yoast_head_json":{"title":"PLP 171\/2021 - Legislapp","robots":{"index":"index","follow":"follow","max-snippet":"max-snippet:-1","max-image-preview":"max-image-preview:large","max-video-preview":"max-video-preview:-1"},"canonical":"https:\/\/www.legislapp.com.br\/index.php\/plp-171-2021\/","og_locale":"pt_BR","og_type":"article","og_title":"PLP 171\/2021 - Legislapp","og_description":"C\u00e2mara &#8211; Autoria de L\u00cdDICE DA MATA E SOUZA Altera a Lei Complementar n\u00ba 101, de 4 de maio de 2000, para vedar a limita\u00e7\u00e3o de empenho e movimenta\u00e7\u00e3o financeira das despesas relativas ao pagamento de bolsas de estudos e de pesquisas e aux\u00edlios concedidos pela Capes e pelo CNPq aos estudantes, pesquisadores e professores [&hellip;]","og_url":"https:\/\/www.legislapp.com.br\/index.php\/plp-171-2021\/","og_site_name":"Legislapp","article_publisher":"https:\/\/www.instagram.com\/legislapp\/","og_image":[{"url":"https:\/\/www.camara.leg.br\/internet\/deputado\/bandep\/139285.jpg","type":"","width":"","height":""}],"twitter_card":"summary_large_image","twitter_misc":{"Est. tempo de leitura":"1 minuto"},"schema":{"@context":"https:\/\/schema.org","@graph":[{"@type":"WebPage","@id":"https:\/\/www.legislapp.com.br\/index.php\/plp-171-2021\/","url":"https:\/\/www.legislapp.com.br\/index.php\/plp-171-2021\/","name":"PLP 171\/2021 - Legislapp","isPartOf":{"@id":"https:\/\/www.legislapp.com.br\/#website"},"primaryImageOfPage":{"@id":"https:\/\/www.legislapp.com.br\/index.php\/plp-171-2021\/#primaryimage"},"image":{"@id":"https:\/\/www.legislapp.com.br\/index.php\/plp-171-2021\/#primaryimage"},"thumbnailUrl":"https:\/\/www.camara.leg.br\/internet\/deputado\/bandep\/139285.jpg","datePublished":"2023-07-15T15:42:48+00:00","breadcrumb":{"@id":"https:\/\/www.legislapp.com.br\/index.php\/plp-171-2021\/#breadcrumb"},"inLanguage":"pt-BR","potentialAction":[{"@type":"ReadAction","target":["https:\/\/www.legislapp.com.br\/index.php\/plp-171-2021\/"]}]},{"@type":"ImageObject","inLanguage":"pt-BR","@id":"https:\/\/www.legislapp.com.br\/index.php\/plp-171-2021\/#primaryimage","url":"https:\/\/www.camara.leg.br\/internet\/deputado\/bandep\/139285.jpg","contentUrl":"https:\/\/www.camara.leg.br\/internet\/deputado\/bandep\/139285.jpg"},{"@type":"BreadcrumbList","@id":"https:\/\/www.legislapp.com.br\/index.php\/plp-171-2021\/#breadcrumb","itemListElement":[{"@type":"ListItem","position":1,"name":"In\u00edcio","item":"https:\/\/www.legislapp.com.br\/"},{"@type":"ListItem","position":2,"name":"PLP 171\/2021"}]},{"@type":"WebSite","@id":"https:\/\/www.legislapp.com.br\/#website","url":"https:\/\/www.legislapp.com.br\/","name":"Legislapp","description":"Intelig\u00eancia governamental em tempo real","publisher":{"@id":"https:\/\/www.legislapp.com.br\/#organization"},"potentialAction":[{"@type":"SearchAction","target":{"@type":"EntryPoint","urlTemplate":"https:\/\/www.legislapp.com.br\/?s={search_term_string}"},"query-input":{"@type":"PropertyValueSpecification","valueRequired":true,"valueName":"search_term_string"}}],"inLanguage":"pt-BR"},{"@type":"Organization","@id":"https:\/\/www.legislapp.com.br\/#organization","name":"Legislapp Monitoramento e Intelig\u00eancia Governamental","url":"https:\/\/www.legislapp.com.br\/","logo":{"@type":"ImageObject","inLanguage":"pt-BR","@id":"https:\/\/www.legislapp.com.br\/#\/schema\/logo\/image\/","url":"https:\/\/www.legislapp.com.br\/wp-content\/uploads\/icon.png","contentUrl":"https:\/\/www.legislapp.com.br\/wp-content\/uploads\/icon.png","width":1024,"height":1024,"caption":"Legislapp Monitoramento e Intelig\u00eancia Governamental"},"image":{"@id":"https:\/\/www.legislapp.com.br\/#\/schema\/logo\/image\/"},"sameAs":["https:\/\/www.instagram.com\/legislapp\/"]}]}},"_links":{"self":[{"href":"https:\/\/www.legislapp.com.br\/index.php\/wp-json\/wp\/v2\/pages\/2968","targetHints":{"allow":["GET"]}}],"collection":[{"href":"https:\/\/www.legislapp.com.br\/index.php\/wp-json\/wp\/v2\/pages"}],"about":[{"href":"https:\/\/www.legislapp.com.br\/index.php\/wp-json\/wp\/v2\/types\/page"}],"author":[{"embeddable":true,"href":"https:\/\/www.legislapp.com.br\/index.php\/wp-json\/wp\/v2\/users\/1"}],"replies":[{"embeddable":true,"href":"https:\/\/www.legislapp.com.br\/index.php\/wp-json\/wp\/v2\/comments?post=2968"}],"version-history":[{"count":0,"href":"https:\/\/www.legislapp.com.br\/index.php\/wp-json\/wp\/v2\/pages\/2968\/revisions"}],"wp:attachment":[{"href":"https:\/\/www.legislapp.com.br\/index.php\/wp-json\/wp\/v2\/media?parent=2968"}],"curies":[{"name":"wp","href":"https:\/\/api.w.org\/{rel}","templated":true}]}}