{"id":3010,"date":"2023-07-15T12:44:19","date_gmt":"2023-07-15T15:44:19","guid":{"rendered":"https:\/\/www.legislapp.com.br\/index.php\/pl-698-2020\/"},"modified":"2023-07-15T12:44:19","modified_gmt":"2023-07-15T15:44:19","slug":"pl-698-2020","status":"publish","type":"page","link":"https:\/\/www.legislapp.com.br\/index.php\/pl-698-2020\/","title":{"rendered":"PL 698\/2020"},"content":{"rendered":"<h1 style='text-align: center;'>C\u00e2mara &#8211; Autoria de FERNANDA MELCHIONNA E SILVA<br \/><img src='https:\/\/www.camara.leg.br\/internet\/deputado\/bandep\/204407.jpg' alt='FERNANDA MELCHIONNA E SILVA' \/><\/h3>\n<p><\/p>\n<article>Cria o Programa de Renda B\u00e1sica Emergencial; altera a lei n\u00ba 7.998, de 11 de janeiro de 1990, para ampliar o prazo de recebimento do seguro-desemprego, prop\u00f5e o tabelamento de pre\u00e7os de equipamentos de prote\u00e7\u00e3o individual e utilizados para o controle da transmiss\u00e3o do Covid-19 e d\u00e1 outras provid\u00eancias.<\/article>\n<p><a href='https:\/\/app.legislapp.com.br\/#\/busca?termo=Cria\u00e7\u00e3o'>Cria\u00e7\u00e3o<\/a>, <a href='https:\/\/app.legislapp.com.br\/#\/busca?termo=Programa de Renda B\u00e1sica Emergencial'>Programa de Renda B\u00e1sica Emergencial<\/a>, <a href='https:\/\/app.legislapp.com.br\/#\/busca?termo=benef\u00edcio financeiro'>benef\u00edcio financeiro<\/a>, <a href='https:\/\/app.legislapp.com.br\/#\/busca?termo=sal\u00e1rio m\u00ednimo'>sal\u00e1rio m\u00ednimo<\/a>, <a href='https:\/\/app.legislapp.com.br\/#\/busca?termo=fam\u00edlia'>fam\u00edlia<\/a>, <a href='https:\/\/app.legislapp.com.br\/#\/busca?termo=vulnerabilidade social'>vulnerabilidade social<\/a>, <a href='https:\/\/app.legislapp.com.br\/#\/busca?termo=trabalho informal'>trabalho informal<\/a>, <a href='https:\/\/app.legislapp.com.br\/#\/busca?termo=situa\u00e7\u00e3o de emerg\u00eancia'>situa\u00e7\u00e3o de emerg\u00eancia<\/a>, <a href='https:\/\/app.legislapp.com.br\/#\/busca?termo=calamidade p\u00fablica. _Proibi\u00e7\u00e3o'>calamidade p\u00fablica. _Proibi\u00e7\u00e3o<\/a>, <a href='https:\/\/app.legislapp.com.br\/#\/busca?termo=suspens\u00e3o'>suspens\u00e3o<\/a>, <a href='https:\/\/app.legislapp.com.br\/#\/busca?termo=fornecimento'>fornecimento<\/a>, <a href='https:\/\/app.legislapp.com.br\/#\/busca?termo=energia el\u00e9trica'>energia el\u00e9trica<\/a>, <a href='https:\/\/app.legislapp.com.br\/#\/busca?termo=\u00e1gua'>\u00e1gua<\/a>, <a href='https:\/\/app.legislapp.com.br\/#\/busca?termo=inadimplemento'>inadimplemento<\/a>, <a href='https:\/\/app.legislapp.com.br\/#\/busca?termo=calamidade p\u00fablica'>calamidade p\u00fablica<\/a>, <a href='https:\/\/app.legislapp.com.br\/#\/busca?termo=situa\u00e7\u00e3o de emerg\u00eancia. _Suspens\u00e3o'>situa\u00e7\u00e3o de emerg\u00eancia. _Suspens\u00e3o<\/a>, <a href='https:\/\/app.legislapp.com.br\/#\/busca?termo=multa contratual'>multa contratual<\/a>, <a href='https:\/\/app.legislapp.com.br\/#\/busca?termo=juros de mora'>juros de mora<\/a>, <a href='https:\/\/app.legislapp.com.br\/#\/busca?termo=aluguel'>aluguel<\/a>, <a href='https:\/\/app.legislapp.com.br\/#\/busca?termo=presta\u00e7\u00e3o (pagamento)'>presta\u00e7\u00e3o (pagamento)<\/a>, <a href='https:\/\/app.legislapp.com.br\/#\/busca?termo=im\u00f3vel residencial'>im\u00f3vel residencial<\/a>, <a href='https:\/\/app.legislapp.com.br\/#\/busca?termo=calamidade p\u00fablica'>calamidade p\u00fablica<\/a>, <a href='https:\/\/app.legislapp.com.br\/#\/busca?termo=situa\u00e7\u00e3o de emerg\u00eancia. _Suspens\u00e3o'>situa\u00e7\u00e3o de emerg\u00eancia. _Suspens\u00e3o<\/a>, <a href='https:\/\/app.legislapp.com.br\/#\/busca?termo=reintegra\u00e7\u00e3o de posse'>reintegra\u00e7\u00e3o de posse<\/a>, <a href='https:\/\/app.legislapp.com.br\/#\/busca?termo=ordem de despejo'>ordem de despejo<\/a>, <a href='https:\/\/app.legislapp.com.br\/#\/busca?termo=calamidade p\u00fablica'>calamidade p\u00fablica<\/a>, <a href='https:\/\/app.legislapp.com.br\/#\/busca?termo=situa\u00e7\u00e3o de emerg\u00eancia. _Altera\u00e7\u00e3o'>situa\u00e7\u00e3o de emerg\u00eancia. _Altera\u00e7\u00e3o<\/a>, <a href='https:\/\/app.legislapp.com.br\/#\/busca?termo=Lei do Seguro Desemprego'>Lei do Seguro Desemprego<\/a>, <a href='https:\/\/app.legislapp.com.br\/#\/busca?termo=amplia\u00e7\u00e3o'>amplia\u00e7\u00e3o<\/a>, <a href='https:\/\/app.legislapp.com.br\/#\/busca?termo=prazo'>prazo<\/a>, <a href='https:\/\/app.legislapp.com.br\/#\/busca?termo=recebimento'>recebimento<\/a>, <a href='https:\/\/app.legislapp.com.br\/#\/busca?termo=seguro-desemprego'>seguro-desemprego<\/a>, <a href='https:\/\/app.legislapp.com.br\/#\/busca?termo=situa\u00e7\u00e3o de emerg\u00eancia'>situa\u00e7\u00e3o de emerg\u00eancia<\/a>, <a href='https:\/\/app.legislapp.com.br\/#\/busca?termo=calamidade p\u00fablica'>calamidade p\u00fablica<\/a>, <a href='https:\/\/app.legislapp.com.br\/#\/busca?termo=Emerg\u00eancia em Sa\u00fade P\u00fablica de Import\u00e2ncia Nacional (ESPIN). _Tabelamento'>Emerg\u00eancia em Sa\u00fade P\u00fablica de Import\u00e2ncia Nacional (ESPIN). _Tabelamento<\/a>, <a href='https:\/\/app.legislapp.com.br\/#\/busca?termo=pre\u00e7o'>pre\u00e7o<\/a>, <a href='https:\/\/app.legislapp.com.br\/#\/busca?termo=equipamento de prote\u00e7\u00e3o individual'>equipamento de prote\u00e7\u00e3o individual<\/a>, <a href='https:\/\/app.legislapp.com.br\/#\/busca?termo=produtos'>produtos<\/a>, <a href='https:\/\/app.legislapp.com.br\/#\/busca?termo=preven\u00e7\u00e3o'>preven\u00e7\u00e3o<\/a>, <a href='https:\/\/app.legislapp.com.br\/#\/busca?termo=tratamento'>tratamento<\/a>, <a href='https:\/\/app.legislapp.com.br\/#\/busca?termo=pandemia'>pandemia<\/a>, <a href='https:\/\/app.legislapp.com.br\/#\/busca?termo=coronav\u00edrus.'>coronav\u00edrus.<\/a><\/p>\n<div style=\"text-align: center\">\n      <img decoding=\"async\" style=\"width: 14%;\" src=\"https:\/\/legislapp.com.br\/wp-content\/uploads\/2021\/07\/Logo-Legislapp-1-03-1.png\"><br \/>\n      <\/p>\n<div style=\"margin-bottom: 20px;\" class=\"et_pb_button_module_wrapper et_pb_button_5_tb_body_wrapper et_pb_button_alignment_center et_pb_module \">\n         <a class=\"et_pb_button et_pb_button_5_tb_body et_hover_enabled et_pb_bg_layout_dark\" style=\"width: 50%;background-color: black;\" href=\"https:\/\/app.legislapp.com.br\" target=\"_blank\" rel=\"noopener\">Visualizar completo na nossa plataforma (30 dias gr\u00e1tis)<\/a><\/p><\/div>\n<p>      <a href=\"https:\/\/play.google.com\/store\/apps\/details?id=br.com.legislapp\"><img decoding=\"async\" style=\"width: 15%; min-width: 130px;\" src=\"https:\/\/legislapp.com.br\/wp-content\/uploads\/google-play.png\"><\/a><br \/>\n      <a href=\"https:\/\/apps.apple.com\/us\/app\/legislapp\/id1568929859\"><img decoding=\"async\" style=\"width: 15%; min-width: 130px\" src=\"https:\/\/legislapp.com.br\/wp-content\/uploads\/apple-store.png\"><\/a>\n   <\/div>\n","protected":false},"excerpt":{"rendered":"<p>C\u00e2mara &#8211; Autoria de FERNANDA MELCHIONNA E SILVA Cria o Programa de Renda B\u00e1sica Emergencial; altera a lei n\u00ba 7.998, de 11 de janeiro de 1990, para ampliar o prazo de recebimento do seguro-desemprego, prop\u00f5e o tabelamento de pre\u00e7os de equipamentos de prote\u00e7\u00e3o individual e utilizados para o controle da transmiss\u00e3o do Covid-19 e d\u00e1 [&hellip;]<\/p>\n","protected":false},"author":1,"featured_media":0,"parent":0,"menu_order":0,"comment_status":"closed","ping_status":"closed","template":"page-template-blank.php","meta":{"_et_pb_use_builder":"","_et_pb_old_content":"","_et_gb_content_width":"1080","ngg_post_thumbnail":0,"footnotes":""},"class_list":["post-3010","page","type-page","status-publish","hentry"],"yoast_head":"<!-- This site is optimized with the Yoast SEO plugin v24.4 - https:\/\/yoast.com\/wordpress\/plugins\/seo\/ -->\n<title>PL 698\/2020 - Legislapp<\/title>\n<meta name=\"robots\" content=\"index, follow, max-snippet:-1, max-image-preview:large, max-video-preview:-1\" \/>\n<link rel=\"canonical\" href=\"https:\/\/www.legislapp.com.br\/index.php\/pl-698-2020\/\" \/>\n<meta property=\"og:locale\" content=\"pt_BR\" \/>\n<meta property=\"og:type\" content=\"article\" \/>\n<meta property=\"og:title\" content=\"PL 698\/2020 - Legislapp\" \/>\n<meta property=\"og:description\" content=\"C\u00e2mara &#8211; Autoria de FERNANDA MELCHIONNA E SILVA Cria o Programa de Renda B\u00e1sica Emergencial; altera a lei n\u00ba 7.998, de 11 de janeiro de 1990, para ampliar o prazo de recebimento do seguro-desemprego, prop\u00f5e o tabelamento de pre\u00e7os de equipamentos de prote\u00e7\u00e3o individual e utilizados para o controle da transmiss\u00e3o do Covid-19 e d\u00e1 [&hellip;]\" \/>\n<meta property=\"og:url\" content=\"https:\/\/www.legislapp.com.br\/index.php\/pl-698-2020\/\" \/>\n<meta property=\"og:site_name\" content=\"Legislapp\" \/>\n<meta property=\"article:publisher\" content=\"https:\/\/www.instagram.com\/legislapp\/\" \/>\n<meta property=\"og:image\" content=\"https:\/\/www.camara.leg.br\/internet\/deputado\/bandep\/204407.jpg\" \/>\n<meta name=\"twitter:card\" content=\"summary_large_image\" \/>\n<meta name=\"twitter:label1\" content=\"Est. tempo de leitura\" \/>\n\t<meta name=\"twitter:data1\" content=\"1 minuto\" \/>\n<script type=\"application\/ld+json\" class=\"yoast-schema-graph\">{\"@context\":\"https:\/\/schema.org\",\"@graph\":[{\"@type\":\"WebPage\",\"@id\":\"https:\/\/www.legislapp.com.br\/index.php\/pl-698-2020\/\",\"url\":\"https:\/\/www.legislapp.com.br\/index.php\/pl-698-2020\/\",\"name\":\"PL 698\/2020 - Legislapp\",\"isPartOf\":{\"@id\":\"https:\/\/www.legislapp.com.br\/#website\"},\"primaryImageOfPage\":{\"@id\":\"https:\/\/www.legislapp.com.br\/index.php\/pl-698-2020\/#primaryimage\"},\"image\":{\"@id\":\"https:\/\/www.legislapp.com.br\/index.php\/pl-698-2020\/#primaryimage\"},\"thumbnailUrl\":\"https:\/\/www.camara.leg.br\/internet\/deputado\/bandep\/204407.jpg\",\"datePublished\":\"2023-07-15T15:44:19+00:00\",\"breadcrumb\":{\"@id\":\"https:\/\/www.legislapp.com.br\/index.php\/pl-698-2020\/#breadcrumb\"},\"inLanguage\":\"pt-BR\",\"potentialAction\":[{\"@type\":\"ReadAction\",\"target\":[\"https:\/\/www.legislapp.com.br\/index.php\/pl-698-2020\/\"]}]},{\"@type\":\"ImageObject\",\"inLanguage\":\"pt-BR\",\"@id\":\"https:\/\/www.legislapp.com.br\/index.php\/pl-698-2020\/#primaryimage\",\"url\":\"https:\/\/www.camara.leg.br\/internet\/deputado\/bandep\/204407.jpg\",\"contentUrl\":\"https:\/\/www.camara.leg.br\/internet\/deputado\/bandep\/204407.jpg\"},{\"@type\":\"BreadcrumbList\",\"@id\":\"https:\/\/www.legislapp.com.br\/index.php\/pl-698-2020\/#breadcrumb\",\"itemListElement\":[{\"@type\":\"ListItem\",\"position\":1,\"name\":\"In\u00edcio\",\"item\":\"https:\/\/www.legislapp.com.br\/\"},{\"@type\":\"ListItem\",\"position\":2,\"name\":\"PL 698\/2020\"}]},{\"@type\":\"WebSite\",\"@id\":\"https:\/\/www.legislapp.com.br\/#website\",\"url\":\"https:\/\/www.legislapp.com.br\/\",\"name\":\"Legislapp\",\"description\":\"Intelig\u00eancia governamental em tempo real\",\"publisher\":{\"@id\":\"https:\/\/www.legislapp.com.br\/#organization\"},\"potentialAction\":[{\"@type\":\"SearchAction\",\"target\":{\"@type\":\"EntryPoint\",\"urlTemplate\":\"https:\/\/www.legislapp.com.br\/?s={search_term_string}\"},\"query-input\":{\"@type\":\"PropertyValueSpecification\",\"valueRequired\":true,\"valueName\":\"search_term_string\"}}],\"inLanguage\":\"pt-BR\"},{\"@type\":\"Organization\",\"@id\":\"https:\/\/www.legislapp.com.br\/#organization\",\"name\":\"Legislapp Monitoramento e Intelig\u00eancia Governamental\",\"url\":\"https:\/\/www.legislapp.com.br\/\",\"logo\":{\"@type\":\"ImageObject\",\"inLanguage\":\"pt-BR\",\"@id\":\"https:\/\/www.legislapp.com.br\/#\/schema\/logo\/image\/\",\"url\":\"https:\/\/www.legislapp.com.br\/wp-content\/uploads\/icon.png\",\"contentUrl\":\"https:\/\/www.legislapp.com.br\/wp-content\/uploads\/icon.png\",\"width\":1024,\"height\":1024,\"caption\":\"Legislapp Monitoramento e Intelig\u00eancia Governamental\"},\"image\":{\"@id\":\"https:\/\/www.legislapp.com.br\/#\/schema\/logo\/image\/\"},\"sameAs\":[\"https:\/\/www.instagram.com\/legislapp\/\"]}]}<\/script>\n<!-- \/ Yoast SEO plugin. -->","yoast_head_json":{"title":"PL 698\/2020 - Legislapp","robots":{"index":"index","follow":"follow","max-snippet":"max-snippet:-1","max-image-preview":"max-image-preview:large","max-video-preview":"max-video-preview:-1"},"canonical":"https:\/\/www.legislapp.com.br\/index.php\/pl-698-2020\/","og_locale":"pt_BR","og_type":"article","og_title":"PL 698\/2020 - Legislapp","og_description":"C\u00e2mara &#8211; Autoria de FERNANDA MELCHIONNA E SILVA Cria o Programa de Renda B\u00e1sica Emergencial; altera a lei n\u00ba 7.998, de 11 de janeiro de 1990, para ampliar o prazo de recebimento do seguro-desemprego, prop\u00f5e o tabelamento de pre\u00e7os de equipamentos de prote\u00e7\u00e3o individual e utilizados para o controle da transmiss\u00e3o do Covid-19 e d\u00e1 [&hellip;]","og_url":"https:\/\/www.legislapp.com.br\/index.php\/pl-698-2020\/","og_site_name":"Legislapp","article_publisher":"https:\/\/www.instagram.com\/legislapp\/","og_image":[{"url":"https:\/\/www.camara.leg.br\/internet\/deputado\/bandep\/204407.jpg","type":"","width":"","height":""}],"twitter_card":"summary_large_image","twitter_misc":{"Est. tempo de leitura":"1 minuto"},"schema":{"@context":"https:\/\/schema.org","@graph":[{"@type":"WebPage","@id":"https:\/\/www.legislapp.com.br\/index.php\/pl-698-2020\/","url":"https:\/\/www.legislapp.com.br\/index.php\/pl-698-2020\/","name":"PL 698\/2020 - Legislapp","isPartOf":{"@id":"https:\/\/www.legislapp.com.br\/#website"},"primaryImageOfPage":{"@id":"https:\/\/www.legislapp.com.br\/index.php\/pl-698-2020\/#primaryimage"},"image":{"@id":"https:\/\/www.legislapp.com.br\/index.php\/pl-698-2020\/#primaryimage"},"thumbnailUrl":"https:\/\/www.camara.leg.br\/internet\/deputado\/bandep\/204407.jpg","datePublished":"2023-07-15T15:44:19+00:00","breadcrumb":{"@id":"https:\/\/www.legislapp.com.br\/index.php\/pl-698-2020\/#breadcrumb"},"inLanguage":"pt-BR","potentialAction":[{"@type":"ReadAction","target":["https:\/\/www.legislapp.com.br\/index.php\/pl-698-2020\/"]}]},{"@type":"ImageObject","inLanguage":"pt-BR","@id":"https:\/\/www.legislapp.com.br\/index.php\/pl-698-2020\/#primaryimage","url":"https:\/\/www.camara.leg.br\/internet\/deputado\/bandep\/204407.jpg","contentUrl":"https:\/\/www.camara.leg.br\/internet\/deputado\/bandep\/204407.jpg"},{"@type":"BreadcrumbList","@id":"https:\/\/www.legislapp.com.br\/index.php\/pl-698-2020\/#breadcrumb","itemListElement":[{"@type":"ListItem","position":1,"name":"In\u00edcio","item":"https:\/\/www.legislapp.com.br\/"},{"@type":"ListItem","position":2,"name":"PL 698\/2020"}]},{"@type":"WebSite","@id":"https:\/\/www.legislapp.com.br\/#website","url":"https:\/\/www.legislapp.com.br\/","name":"Legislapp","description":"Intelig\u00eancia governamental em tempo real","publisher":{"@id":"https:\/\/www.legislapp.com.br\/#organization"},"potentialAction":[{"@type":"SearchAction","target":{"@type":"EntryPoint","urlTemplate":"https:\/\/www.legislapp.com.br\/?s={search_term_string}"},"query-input":{"@type":"PropertyValueSpecification","valueRequired":true,"valueName":"search_term_string"}}],"inLanguage":"pt-BR"},{"@type":"Organization","@id":"https:\/\/www.legislapp.com.br\/#organization","name":"Legislapp Monitoramento e Intelig\u00eancia Governamental","url":"https:\/\/www.legislapp.com.br\/","logo":{"@type":"ImageObject","inLanguage":"pt-BR","@id":"https:\/\/www.legislapp.com.br\/#\/schema\/logo\/image\/","url":"https:\/\/www.legislapp.com.br\/wp-content\/uploads\/icon.png","contentUrl":"https:\/\/www.legislapp.com.br\/wp-content\/uploads\/icon.png","width":1024,"height":1024,"caption":"Legislapp Monitoramento e Intelig\u00eancia Governamental"},"image":{"@id":"https:\/\/www.legislapp.com.br\/#\/schema\/logo\/image\/"},"sameAs":["https:\/\/www.instagram.com\/legislapp\/"]}]}},"_links":{"self":[{"href":"https:\/\/www.legislapp.com.br\/index.php\/wp-json\/wp\/v2\/pages\/3010","targetHints":{"allow":["GET"]}}],"collection":[{"href":"https:\/\/www.legislapp.com.br\/index.php\/wp-json\/wp\/v2\/pages"}],"about":[{"href":"https:\/\/www.legislapp.com.br\/index.php\/wp-json\/wp\/v2\/types\/page"}],"author":[{"embeddable":true,"href":"https:\/\/www.legislapp.com.br\/index.php\/wp-json\/wp\/v2\/users\/1"}],"replies":[{"embeddable":true,"href":"https:\/\/www.legislapp.com.br\/index.php\/wp-json\/wp\/v2\/comments?post=3010"}],"version-history":[{"count":0,"href":"https:\/\/www.legislapp.com.br\/index.php\/wp-json\/wp\/v2\/pages\/3010\/revisions"}],"wp:attachment":[{"href":"https:\/\/www.legislapp.com.br\/index.php\/wp-json\/wp\/v2\/media?parent=3010"}],"curies":[{"name":"wp","href":"https:\/\/api.w.org\/{rel}","templated":true}]}}