{"id":3025,"date":"2023-07-15T12:44:53","date_gmt":"2023-07-15T15:44:53","guid":{"rendered":"https:\/\/www.legislapp.com.br\/index.php\/plp-159-2015\/"},"modified":"2023-07-15T12:44:53","modified_gmt":"2023-07-15T15:44:53","slug":"plp-159-2015","status":"publish","type":"page","link":"https:\/\/www.legislapp.com.br\/index.php\/plp-159-2015\/","title":{"rendered":"PLP 159\/2015"},"content":{"rendered":"<h1 style='text-align: center;'>C\u00e2mara &#8211; Autoria de MOSES HAENDEL MELO RODRIGUES<br \/><img src='https:\/\/www.camara.leg.br\/internet\/deputado\/bandep\/178997.jpg' alt='MOSES HAENDEL MELO RODRIGUES' \/><\/h3>\n<p><\/p>\n<article>Disp\u00f5e sobre a emiss\u00e3o e o uso dos cart\u00f5es de pagamentos para quita\u00e7\u00e3o de despesas com suprimento de fundos.<\/article>\n<p><a href='https:\/\/app.legislapp.com.br\/#\/busca?termo=Disciplinamento'>Disciplinamento<\/a>, <a href='https:\/\/app.legislapp.com.br\/#\/busca?termo=emiss\u00e3o'>emiss\u00e3o<\/a>, <a href='https:\/\/app.legislapp.com.br\/#\/busca?termo=utiliza\u00e7\u00e3o'>utiliza\u00e7\u00e3o<\/a>, <a href='https:\/\/app.legislapp.com.br\/#\/busca?termo=cart\u00e3o de cr\u00e9dito corporativo'>cart\u00e3o de cr\u00e9dito corporativo<\/a>, <a href='https:\/\/app.legislapp.com.br\/#\/busca?termo=quita\u00e7\u00e3o'>quita\u00e7\u00e3o<\/a>, <a href='https:\/\/app.legislapp.com.br\/#\/busca?termo=despesa'>despesa<\/a>, <a href='https:\/\/app.legislapp.com.br\/#\/busca?termo=suprimento de fundos'>suprimento de fundos<\/a>, <a href='https:\/\/app.legislapp.com.br\/#\/busca?termo=aplica\u00e7\u00e3o'>aplica\u00e7\u00e3o<\/a>, <a href='https:\/\/app.legislapp.com.br\/#\/busca?termo=\u00f3rg\u00e3o p\u00fablico'>\u00f3rg\u00e3o p\u00fablico<\/a>, <a href='https:\/\/app.legislapp.com.br\/#\/busca?termo=entidade p\u00fablica'>entidade p\u00fablica<\/a>, <a href='https:\/\/app.legislapp.com.br\/#\/busca?termo=Poder Executivo'>Poder Executivo<\/a>, <a href='https:\/\/app.legislapp.com.br\/#\/busca?termo=poder executivo distrital'>poder executivo distrital<\/a>, <a href='https:\/\/app.legislapp.com.br\/#\/busca?termo=poder executivo estadual'>poder executivo estadual<\/a>, <a href='https:\/\/app.legislapp.com.br\/#\/busca?termo=poder executivo municipal'>poder executivo municipal<\/a>, <a href='https:\/\/app.legislapp.com.br\/#\/busca?termo=Poder Legislativo'>Poder Legislativo<\/a>, <a href='https:\/\/app.legislapp.com.br\/#\/busca?termo=poder legislativo estadual'>poder legislativo estadual<\/a>, <a href='https:\/\/app.legislapp.com.br\/#\/busca?termo=poder legislativo distrital'>poder legislativo distrital<\/a>, <a href='https:\/\/app.legislapp.com.br\/#\/busca?termo=poder legislativo municipal'>poder legislativo municipal<\/a>, <a href='https:\/\/app.legislapp.com.br\/#\/busca?termo=Poder Judici\u00e1rio'>Poder Judici\u00e1rio<\/a>, <a href='https:\/\/app.legislapp.com.br\/#\/busca?termo=poder judici\u00e1rio estadual'>poder judici\u00e1rio estadual<\/a>, <a href='https:\/\/app.legislapp.com.br\/#\/busca?termo=poder judici\u00e1rio distrital'>poder judici\u00e1rio distrital<\/a>, <a href='https:\/\/app.legislapp.com.br\/#\/busca?termo=Minist\u00e9rio P\u00fablico'>Minist\u00e9rio P\u00fablico<\/a>, <a href='https:\/\/app.legislapp.com.br\/#\/busca?termo=Defensoria P\u00fablica'>Defensoria P\u00fablica<\/a>, <a href='https:\/\/app.legislapp.com.br\/#\/busca?termo=Tribunal de Contas da Uni\u00e3o (TCU)'>Tribunal de Contas da Uni\u00e3o (TCU)<\/a>, <a href='https:\/\/app.legislapp.com.br\/#\/busca?termo=Tribunal de Contas.'>Tribunal de Contas.<\/a><\/p>\n<div style=\"text-align: center\">\n      <img decoding=\"async\" style=\"width: 14%;\" src=\"https:\/\/legislapp.com.br\/wp-content\/uploads\/2021\/07\/Logo-Legislapp-1-03-1.png\"><br \/>\n      <\/p>\n<div style=\"margin-bottom: 20px;\" class=\"et_pb_button_module_wrapper et_pb_button_5_tb_body_wrapper et_pb_button_alignment_center et_pb_module \">\n         <a class=\"et_pb_button et_pb_button_5_tb_body et_hover_enabled et_pb_bg_layout_dark\" style=\"width: 50%;background-color: black;\" href=\"https:\/\/app.legislapp.com.br\" target=\"_blank\" rel=\"noopener\">Visualizar completo na nossa plataforma (30 dias gr\u00e1tis)<\/a><\/p><\/div>\n<p>      <a href=\"https:\/\/play.google.com\/store\/apps\/details?id=br.com.legislapp\"><img decoding=\"async\" style=\"width: 15%; min-width: 130px;\" src=\"https:\/\/legislapp.com.br\/wp-content\/uploads\/google-play.png\"><\/a><br \/>\n      <a href=\"https:\/\/apps.apple.com\/us\/app\/legislapp\/id1568929859\"><img decoding=\"async\" style=\"width: 15%; min-width: 130px\" src=\"https:\/\/legislapp.com.br\/wp-content\/uploads\/apple-store.png\"><\/a>\n   <\/div>\n","protected":false},"excerpt":{"rendered":"<p>C\u00e2mara &#8211; Autoria de MOSES HAENDEL MELO RODRIGUES Disp\u00f5e sobre a emiss\u00e3o e o uso dos cart\u00f5es de pagamentos para quita\u00e7\u00e3o de despesas com suprimento de fundos. Disciplinamento, emiss\u00e3o, utiliza\u00e7\u00e3o, cart\u00e3o de cr\u00e9dito corporativo, quita\u00e7\u00e3o, despesa, suprimento de fundos, aplica\u00e7\u00e3o, \u00f3rg\u00e3o p\u00fablico, entidade p\u00fablica, Poder Executivo, poder executivo distrital, poder executivo estadual, poder executivo municipal, [&hellip;]<\/p>\n","protected":false},"author":1,"featured_media":0,"parent":0,"menu_order":0,"comment_status":"closed","ping_status":"closed","template":"page-template-blank.php","meta":{"_et_pb_use_builder":"","_et_pb_old_content":"","_et_gb_content_width":"1080","ngg_post_thumbnail":0,"footnotes":""},"class_list":["post-3025","page","type-page","status-publish","hentry"],"yoast_head":"<!-- This site is optimized with the Yoast SEO plugin v24.4 - https:\/\/yoast.com\/wordpress\/plugins\/seo\/ -->\n<title>PLP 159\/2015 - Legislapp<\/title>\n<meta name=\"robots\" content=\"index, follow, max-snippet:-1, max-image-preview:large, max-video-preview:-1\" \/>\n<link rel=\"canonical\" href=\"https:\/\/www.legislapp.com.br\/index.php\/plp-159-2015\/\" \/>\n<meta property=\"og:locale\" content=\"pt_BR\" \/>\n<meta property=\"og:type\" content=\"article\" \/>\n<meta property=\"og:title\" content=\"PLP 159\/2015 - Legislapp\" \/>\n<meta property=\"og:description\" content=\"C\u00e2mara &#8211; Autoria de MOSES HAENDEL MELO RODRIGUES Disp\u00f5e sobre a emiss\u00e3o e o uso dos cart\u00f5es de pagamentos para quita\u00e7\u00e3o de despesas com suprimento de fundos. Disciplinamento, emiss\u00e3o, utiliza\u00e7\u00e3o, cart\u00e3o de cr\u00e9dito corporativo, quita\u00e7\u00e3o, despesa, suprimento de fundos, aplica\u00e7\u00e3o, \u00f3rg\u00e3o p\u00fablico, entidade p\u00fablica, Poder Executivo, poder executivo distrital, poder executivo estadual, poder executivo municipal, [&hellip;]\" \/>\n<meta property=\"og:url\" content=\"https:\/\/www.legislapp.com.br\/index.php\/plp-159-2015\/\" \/>\n<meta property=\"og:site_name\" content=\"Legislapp\" \/>\n<meta property=\"article:publisher\" content=\"https:\/\/www.instagram.com\/legislapp\/\" \/>\n<meta property=\"og:image\" content=\"https:\/\/www.camara.leg.br\/internet\/deputado\/bandep\/178997.jpg\" \/>\n<meta name=\"twitter:card\" content=\"summary_large_image\" \/>\n<meta name=\"twitter:label1\" content=\"Est. tempo de leitura\" \/>\n\t<meta name=\"twitter:data1\" content=\"1 minuto\" \/>\n<script type=\"application\/ld+json\" class=\"yoast-schema-graph\">{\"@context\":\"https:\/\/schema.org\",\"@graph\":[{\"@type\":\"WebPage\",\"@id\":\"https:\/\/www.legislapp.com.br\/index.php\/plp-159-2015\/\",\"url\":\"https:\/\/www.legislapp.com.br\/index.php\/plp-159-2015\/\",\"name\":\"PLP 159\/2015 - Legislapp\",\"isPartOf\":{\"@id\":\"https:\/\/www.legislapp.com.br\/#website\"},\"primaryImageOfPage\":{\"@id\":\"https:\/\/www.legislapp.com.br\/index.php\/plp-159-2015\/#primaryimage\"},\"image\":{\"@id\":\"https:\/\/www.legislapp.com.br\/index.php\/plp-159-2015\/#primaryimage\"},\"thumbnailUrl\":\"https:\/\/www.camara.leg.br\/internet\/deputado\/bandep\/178997.jpg\",\"datePublished\":\"2023-07-15T15:44:53+00:00\",\"breadcrumb\":{\"@id\":\"https:\/\/www.legislapp.com.br\/index.php\/plp-159-2015\/#breadcrumb\"},\"inLanguage\":\"pt-BR\",\"potentialAction\":[{\"@type\":\"ReadAction\",\"target\":[\"https:\/\/www.legislapp.com.br\/index.php\/plp-159-2015\/\"]}]},{\"@type\":\"ImageObject\",\"inLanguage\":\"pt-BR\",\"@id\":\"https:\/\/www.legislapp.com.br\/index.php\/plp-159-2015\/#primaryimage\",\"url\":\"https:\/\/www.camara.leg.br\/internet\/deputado\/bandep\/178997.jpg\",\"contentUrl\":\"https:\/\/www.camara.leg.br\/internet\/deputado\/bandep\/178997.jpg\"},{\"@type\":\"BreadcrumbList\",\"@id\":\"https:\/\/www.legislapp.com.br\/index.php\/plp-159-2015\/#breadcrumb\",\"itemListElement\":[{\"@type\":\"ListItem\",\"position\":1,\"name\":\"In\u00edcio\",\"item\":\"https:\/\/www.legislapp.com.br\/\"},{\"@type\":\"ListItem\",\"position\":2,\"name\":\"PLP 159\/2015\"}]},{\"@type\":\"WebSite\",\"@id\":\"https:\/\/www.legislapp.com.br\/#website\",\"url\":\"https:\/\/www.legislapp.com.br\/\",\"name\":\"Legislapp\",\"description\":\"Intelig\u00eancia governamental em tempo real\",\"publisher\":{\"@id\":\"https:\/\/www.legislapp.com.br\/#organization\"},\"potentialAction\":[{\"@type\":\"SearchAction\",\"target\":{\"@type\":\"EntryPoint\",\"urlTemplate\":\"https:\/\/www.legislapp.com.br\/?s={search_term_string}\"},\"query-input\":{\"@type\":\"PropertyValueSpecification\",\"valueRequired\":true,\"valueName\":\"search_term_string\"}}],\"inLanguage\":\"pt-BR\"},{\"@type\":\"Organization\",\"@id\":\"https:\/\/www.legislapp.com.br\/#organization\",\"name\":\"Legislapp Monitoramento e Intelig\u00eancia Governamental\",\"url\":\"https:\/\/www.legislapp.com.br\/\",\"logo\":{\"@type\":\"ImageObject\",\"inLanguage\":\"pt-BR\",\"@id\":\"https:\/\/www.legislapp.com.br\/#\/schema\/logo\/image\/\",\"url\":\"https:\/\/www.legislapp.com.br\/wp-content\/uploads\/icon.png\",\"contentUrl\":\"https:\/\/www.legislapp.com.br\/wp-content\/uploads\/icon.png\",\"width\":1024,\"height\":1024,\"caption\":\"Legislapp Monitoramento e Intelig\u00eancia Governamental\"},\"image\":{\"@id\":\"https:\/\/www.legislapp.com.br\/#\/schema\/logo\/image\/\"},\"sameAs\":[\"https:\/\/www.instagram.com\/legislapp\/\"]}]}<\/script>\n<!-- \/ Yoast SEO plugin. -->","yoast_head_json":{"title":"PLP 159\/2015 - Legislapp","robots":{"index":"index","follow":"follow","max-snippet":"max-snippet:-1","max-image-preview":"max-image-preview:large","max-video-preview":"max-video-preview:-1"},"canonical":"https:\/\/www.legislapp.com.br\/index.php\/plp-159-2015\/","og_locale":"pt_BR","og_type":"article","og_title":"PLP 159\/2015 - Legislapp","og_description":"C\u00e2mara &#8211; Autoria de MOSES HAENDEL MELO RODRIGUES Disp\u00f5e sobre a emiss\u00e3o e o uso dos cart\u00f5es de pagamentos para quita\u00e7\u00e3o de despesas com suprimento de fundos. Disciplinamento, emiss\u00e3o, utiliza\u00e7\u00e3o, cart\u00e3o de cr\u00e9dito corporativo, quita\u00e7\u00e3o, despesa, suprimento de fundos, aplica\u00e7\u00e3o, \u00f3rg\u00e3o p\u00fablico, entidade p\u00fablica, Poder Executivo, poder executivo distrital, poder executivo estadual, poder executivo municipal, [&hellip;]","og_url":"https:\/\/www.legislapp.com.br\/index.php\/plp-159-2015\/","og_site_name":"Legislapp","article_publisher":"https:\/\/www.instagram.com\/legislapp\/","og_image":[{"url":"https:\/\/www.camara.leg.br\/internet\/deputado\/bandep\/178997.jpg","type":"","width":"","height":""}],"twitter_card":"summary_large_image","twitter_misc":{"Est. tempo de leitura":"1 minuto"},"schema":{"@context":"https:\/\/schema.org","@graph":[{"@type":"WebPage","@id":"https:\/\/www.legislapp.com.br\/index.php\/plp-159-2015\/","url":"https:\/\/www.legislapp.com.br\/index.php\/plp-159-2015\/","name":"PLP 159\/2015 - Legislapp","isPartOf":{"@id":"https:\/\/www.legislapp.com.br\/#website"},"primaryImageOfPage":{"@id":"https:\/\/www.legislapp.com.br\/index.php\/plp-159-2015\/#primaryimage"},"image":{"@id":"https:\/\/www.legislapp.com.br\/index.php\/plp-159-2015\/#primaryimage"},"thumbnailUrl":"https:\/\/www.camara.leg.br\/internet\/deputado\/bandep\/178997.jpg","datePublished":"2023-07-15T15:44:53+00:00","breadcrumb":{"@id":"https:\/\/www.legislapp.com.br\/index.php\/plp-159-2015\/#breadcrumb"},"inLanguage":"pt-BR","potentialAction":[{"@type":"ReadAction","target":["https:\/\/www.legislapp.com.br\/index.php\/plp-159-2015\/"]}]},{"@type":"ImageObject","inLanguage":"pt-BR","@id":"https:\/\/www.legislapp.com.br\/index.php\/plp-159-2015\/#primaryimage","url":"https:\/\/www.camara.leg.br\/internet\/deputado\/bandep\/178997.jpg","contentUrl":"https:\/\/www.camara.leg.br\/internet\/deputado\/bandep\/178997.jpg"},{"@type":"BreadcrumbList","@id":"https:\/\/www.legislapp.com.br\/index.php\/plp-159-2015\/#breadcrumb","itemListElement":[{"@type":"ListItem","position":1,"name":"In\u00edcio","item":"https:\/\/www.legislapp.com.br\/"},{"@type":"ListItem","position":2,"name":"PLP 159\/2015"}]},{"@type":"WebSite","@id":"https:\/\/www.legislapp.com.br\/#website","url":"https:\/\/www.legislapp.com.br\/","name":"Legislapp","description":"Intelig\u00eancia governamental em tempo real","publisher":{"@id":"https:\/\/www.legislapp.com.br\/#organization"},"potentialAction":[{"@type":"SearchAction","target":{"@type":"EntryPoint","urlTemplate":"https:\/\/www.legislapp.com.br\/?s={search_term_string}"},"query-input":{"@type":"PropertyValueSpecification","valueRequired":true,"valueName":"search_term_string"}}],"inLanguage":"pt-BR"},{"@type":"Organization","@id":"https:\/\/www.legislapp.com.br\/#organization","name":"Legislapp Monitoramento e Intelig\u00eancia Governamental","url":"https:\/\/www.legislapp.com.br\/","logo":{"@type":"ImageObject","inLanguage":"pt-BR","@id":"https:\/\/www.legislapp.com.br\/#\/schema\/logo\/image\/","url":"https:\/\/www.legislapp.com.br\/wp-content\/uploads\/icon.png","contentUrl":"https:\/\/www.legislapp.com.br\/wp-content\/uploads\/icon.png","width":1024,"height":1024,"caption":"Legislapp Monitoramento e Intelig\u00eancia Governamental"},"image":{"@id":"https:\/\/www.legislapp.com.br\/#\/schema\/logo\/image\/"},"sameAs":["https:\/\/www.instagram.com\/legislapp\/"]}]}},"_links":{"self":[{"href":"https:\/\/www.legislapp.com.br\/index.php\/wp-json\/wp\/v2\/pages\/3025","targetHints":{"allow":["GET"]}}],"collection":[{"href":"https:\/\/www.legislapp.com.br\/index.php\/wp-json\/wp\/v2\/pages"}],"about":[{"href":"https:\/\/www.legislapp.com.br\/index.php\/wp-json\/wp\/v2\/types\/page"}],"author":[{"embeddable":true,"href":"https:\/\/www.legislapp.com.br\/index.php\/wp-json\/wp\/v2\/users\/1"}],"replies":[{"embeddable":true,"href":"https:\/\/www.legislapp.com.br\/index.php\/wp-json\/wp\/v2\/comments?post=3025"}],"version-history":[{"count":0,"href":"https:\/\/www.legislapp.com.br\/index.php\/wp-json\/wp\/v2\/pages\/3025\/revisions"}],"wp:attachment":[{"href":"https:\/\/www.legislapp.com.br\/index.php\/wp-json\/wp\/v2\/media?parent=3025"}],"curies":[{"name":"wp","href":"https:\/\/api.w.org\/{rel}","templated":true}]}}