{"id":3123,"date":"2023-08-03T07:07:18","date_gmt":"2023-08-03T10:07:18","guid":{"rendered":"https:\/\/www.legislapp.com.br\/index.php\/cam-legislativa-de-ba-pl-24787-2023\/"},"modified":"2023-08-03T07:07:18","modified_gmt":"2023-08-03T10:07:18","slug":"cam-legislativa-de-ba-pl-24787-2023","status":"publish","type":"page","link":"https:\/\/www.legislapp.com.br\/index.php\/cam-legislativa-de-ba-pl-24787-2023\/","title":{"rendered":"PL 24787\/2023"},"content":{"rendered":"<h1 style='text-align: center;'>C\u00e2m. Legislativa de BA &#8211; Autoria de LUCIANO ARAUJO DE OLIVEIRA<br \/><img src='https:\/\/www.al.ba.gov.br\/\/fserver\/:imagensAlbanet:fotos:lucianoaraujo.jpg\/static:images:shared:avatar.jpg' alt='LUCIANO ARAUJO DE OLIVEIRA' \/><\/h3>\n<p><\/p>\n<article>Determina a igualdade do valor de premia\u00e7\u00f5es a homens e mulheres em competi\u00e7\u00f5es esportivas organizadas,<br \/>\npatrocinadas ou apoiadas pelo Governo do Estado da Bahia, Autarquias, Ag\u00eancias Reguladoras, Empresas P\u00fablicas, Sociedades de Economia Mista, Funda\u00e7\u00f5es P\u00fablicas ou similares. <\/article>\n<p><a href='https:\/\/app.legislapp.com.br\/#\/busca?termo='><\/a><\/p>\n<div style=\"text-align: center\">\n      <img decoding=\"async\" style=\"width: 14%;\" src=\"https:\/\/legislapp.com.br\/wp-content\/uploads\/2021\/07\/Logo-Legislapp-1-03-1.png\"><br \/>\n      <\/p>\n<div style=\"margin-bottom: 20px;\" class=\"et_pb_button_module_wrapper et_pb_button_5_tb_body_wrapper et_pb_button_alignment_center et_pb_module \">\n         <a class=\"et_pb_button et_pb_button_5_tb_body et_hover_enabled et_pb_bg_layout_dark\" style=\"width: 50%;background-color: black;\" href=\"https:\/\/app.legislapp.com.br\" target=\"_blank\" rel=\"noopener\">Visualizar completo na nossa plataforma (30 dias gr\u00e1tis)<\/a><\/p><\/div>\n<p>      <a href=\"https:\/\/play.google.com\/store\/apps\/details?id=br.com.legislapp\"><img decoding=\"async\" style=\"width: 15%; min-width: 130px;\" src=\"https:\/\/legislapp.com.br\/wp-content\/uploads\/google-play.png\"><\/a><br \/>\n      <a href=\"https:\/\/apps.apple.com\/us\/app\/legislapp\/id1568929859\"><img decoding=\"async\" style=\"width: 15%; min-width: 130px\" src=\"https:\/\/legislapp.com.br\/wp-content\/uploads\/apple-store.png\"><\/a>\n   <\/div>\n","protected":false},"excerpt":{"rendered":"<p>C\u00e2m. Legislativa de BA &#8211; Autoria de LUCIANO ARAUJO DE OLIVEIRA Determina a igualdade do valor de premia\u00e7\u00f5es a homens e mulheres em competi\u00e7\u00f5es esportivas organizadas, patrocinadas ou apoiadas pelo Governo do Estado da Bahia, Autarquias, Ag\u00eancias Reguladoras, Empresas P\u00fablicas, Sociedades de Economia Mista, Funda\u00e7\u00f5es P\u00fablicas ou similares. Visualizar completo na nossa plataforma (30 dias [&hellip;]<\/p>\n","protected":false},"author":1,"featured_media":0,"parent":0,"menu_order":0,"comment_status":"closed","ping_status":"closed","template":"page-template-blank.php","meta":{"_et_pb_use_builder":"","_et_pb_old_content":"","_et_gb_content_width":"1080","ngg_post_thumbnail":0,"footnotes":""},"class_list":["post-3123","page","type-page","status-publish","hentry"],"yoast_head":"<!-- This site is optimized with the Yoast SEO plugin v24.4 - https:\/\/yoast.com\/wordpress\/plugins\/seo\/ -->\n<title>PL 24787\/2023 - Legislapp<\/title>\n<meta name=\"robots\" content=\"index, follow, max-snippet:-1, max-image-preview:large, max-video-preview:-1\" \/>\n<link rel=\"canonical\" href=\"https:\/\/www.legislapp.com.br\/index.php\/cam-legislativa-de-ba-pl-24787-2023\/\" \/>\n<meta property=\"og:locale\" content=\"pt_BR\" \/>\n<meta property=\"og:type\" content=\"article\" \/>\n<meta property=\"og:title\" content=\"PL 24787\/2023 - Legislapp\" \/>\n<meta property=\"og:description\" content=\"C\u00e2m. Legislativa de BA &#8211; Autoria de LUCIANO ARAUJO DE OLIVEIRA Determina a igualdade do valor de premia\u00e7\u00f5es a homens e mulheres em competi\u00e7\u00f5es esportivas organizadas, patrocinadas ou apoiadas pelo Governo do Estado da Bahia, Autarquias, Ag\u00eancias Reguladoras, Empresas P\u00fablicas, Sociedades de Economia Mista, Funda\u00e7\u00f5es P\u00fablicas ou similares. Visualizar completo na nossa plataforma (30 dias [&hellip;]\" \/>\n<meta property=\"og:url\" content=\"https:\/\/www.legislapp.com.br\/index.php\/cam-legislativa-de-ba-pl-24787-2023\/\" \/>\n<meta property=\"og:site_name\" content=\"Legislapp\" \/>\n<meta property=\"article:publisher\" content=\"https:\/\/www.instagram.com\/legislapp\/\" \/>\n<meta property=\"og:image\" content=\"https:\/\/www.al.ba.gov.br\/\/fserver\/:imagensAlbanet:fotos:lucianoaraujo.jpg\/static:images:shared:avatar.jpg\" \/>\n<meta name=\"twitter:card\" content=\"summary_large_image\" \/>\n<script type=\"application\/ld+json\" class=\"yoast-schema-graph\">{\"@context\":\"https:\/\/schema.org\",\"@graph\":[{\"@type\":\"WebPage\",\"@id\":\"https:\/\/www.legislapp.com.br\/index.php\/cam-legislativa-de-ba-pl-24787-2023\/\",\"url\":\"https:\/\/www.legislapp.com.br\/index.php\/cam-legislativa-de-ba-pl-24787-2023\/\",\"name\":\"PL 24787\/2023 - Legislapp\",\"isPartOf\":{\"@id\":\"https:\/\/www.legislapp.com.br\/#website\"},\"primaryImageOfPage\":{\"@id\":\"https:\/\/www.legislapp.com.br\/index.php\/cam-legislativa-de-ba-pl-24787-2023\/#primaryimage\"},\"image\":{\"@id\":\"https:\/\/www.legislapp.com.br\/index.php\/cam-legislativa-de-ba-pl-24787-2023\/#primaryimage\"},\"thumbnailUrl\":\"https:\/\/www.al.ba.gov.br\/\/fserver\/:imagensAlbanet:fotos:lucianoaraujo.jpg\/static:images:shared:avatar.jpg\",\"datePublished\":\"2023-08-03T10:07:18+00:00\",\"breadcrumb\":{\"@id\":\"https:\/\/www.legislapp.com.br\/index.php\/cam-legislativa-de-ba-pl-24787-2023\/#breadcrumb\"},\"inLanguage\":\"pt-BR\",\"potentialAction\":[{\"@type\":\"ReadAction\",\"target\":[\"https:\/\/www.legislapp.com.br\/index.php\/cam-legislativa-de-ba-pl-24787-2023\/\"]}]},{\"@type\":\"ImageObject\",\"inLanguage\":\"pt-BR\",\"@id\":\"https:\/\/www.legislapp.com.br\/index.php\/cam-legislativa-de-ba-pl-24787-2023\/#primaryimage\",\"url\":\"https:\/\/www.al.ba.gov.br\/\/fserver\/:imagensAlbanet:fotos:lucianoaraujo.jpg\/static:images:shared:avatar.jpg\",\"contentUrl\":\"https:\/\/www.al.ba.gov.br\/\/fserver\/:imagensAlbanet:fotos:lucianoaraujo.jpg\/static:images:shared:avatar.jpg\"},{\"@type\":\"BreadcrumbList\",\"@id\":\"https:\/\/www.legislapp.com.br\/index.php\/cam-legislativa-de-ba-pl-24787-2023\/#breadcrumb\",\"itemListElement\":[{\"@type\":\"ListItem\",\"position\":1,\"name\":\"In\u00edcio\",\"item\":\"https:\/\/www.legislapp.com.br\/\"},{\"@type\":\"ListItem\",\"position\":2,\"name\":\"PL 24787\/2023\"}]},{\"@type\":\"WebSite\",\"@id\":\"https:\/\/www.legislapp.com.br\/#website\",\"url\":\"https:\/\/www.legislapp.com.br\/\",\"name\":\"Legislapp\",\"description\":\"Intelig\u00eancia governamental em tempo real\",\"publisher\":{\"@id\":\"https:\/\/www.legislapp.com.br\/#organization\"},\"potentialAction\":[{\"@type\":\"SearchAction\",\"target\":{\"@type\":\"EntryPoint\",\"urlTemplate\":\"https:\/\/www.legislapp.com.br\/?s={search_term_string}\"},\"query-input\":{\"@type\":\"PropertyValueSpecification\",\"valueRequired\":true,\"valueName\":\"search_term_string\"}}],\"inLanguage\":\"pt-BR\"},{\"@type\":\"Organization\",\"@id\":\"https:\/\/www.legislapp.com.br\/#organization\",\"name\":\"Legislapp Monitoramento e Intelig\u00eancia Governamental\",\"url\":\"https:\/\/www.legislapp.com.br\/\",\"logo\":{\"@type\":\"ImageObject\",\"inLanguage\":\"pt-BR\",\"@id\":\"https:\/\/www.legislapp.com.br\/#\/schema\/logo\/image\/\",\"url\":\"https:\/\/www.legislapp.com.br\/wp-content\/uploads\/icon.png\",\"contentUrl\":\"https:\/\/www.legislapp.com.br\/wp-content\/uploads\/icon.png\",\"width\":1024,\"height\":1024,\"caption\":\"Legislapp Monitoramento e Intelig\u00eancia Governamental\"},\"image\":{\"@id\":\"https:\/\/www.legislapp.com.br\/#\/schema\/logo\/image\/\"},\"sameAs\":[\"https:\/\/www.instagram.com\/legislapp\/\"]}]}<\/script>\n<!-- \/ Yoast SEO plugin. -->","yoast_head_json":{"title":"PL 24787\/2023 - Legislapp","robots":{"index":"index","follow":"follow","max-snippet":"max-snippet:-1","max-image-preview":"max-image-preview:large","max-video-preview":"max-video-preview:-1"},"canonical":"https:\/\/www.legislapp.com.br\/index.php\/cam-legislativa-de-ba-pl-24787-2023\/","og_locale":"pt_BR","og_type":"article","og_title":"PL 24787\/2023 - Legislapp","og_description":"C\u00e2m. Legislativa de BA &#8211; Autoria de LUCIANO ARAUJO DE OLIVEIRA Determina a igualdade do valor de premia\u00e7\u00f5es a homens e mulheres em competi\u00e7\u00f5es esportivas organizadas, patrocinadas ou apoiadas pelo Governo do Estado da Bahia, Autarquias, Ag\u00eancias Reguladoras, Empresas P\u00fablicas, Sociedades de Economia Mista, Funda\u00e7\u00f5es P\u00fablicas ou similares. Visualizar completo na nossa plataforma (30 dias [&hellip;]","og_url":"https:\/\/www.legislapp.com.br\/index.php\/cam-legislativa-de-ba-pl-24787-2023\/","og_site_name":"Legislapp","article_publisher":"https:\/\/www.instagram.com\/legislapp\/","og_image":[{"url":"https:\/\/www.al.ba.gov.br\/\/fserver\/:imagensAlbanet:fotos:lucianoaraujo.jpg\/static:images:shared:avatar.jpg","type":"","width":"","height":""}],"twitter_card":"summary_large_image","schema":{"@context":"https:\/\/schema.org","@graph":[{"@type":"WebPage","@id":"https:\/\/www.legislapp.com.br\/index.php\/cam-legislativa-de-ba-pl-24787-2023\/","url":"https:\/\/www.legislapp.com.br\/index.php\/cam-legislativa-de-ba-pl-24787-2023\/","name":"PL 24787\/2023 - Legislapp","isPartOf":{"@id":"https:\/\/www.legislapp.com.br\/#website"},"primaryImageOfPage":{"@id":"https:\/\/www.legislapp.com.br\/index.php\/cam-legislativa-de-ba-pl-24787-2023\/#primaryimage"},"image":{"@id":"https:\/\/www.legislapp.com.br\/index.php\/cam-legislativa-de-ba-pl-24787-2023\/#primaryimage"},"thumbnailUrl":"https:\/\/www.al.ba.gov.br\/\/fserver\/:imagensAlbanet:fotos:lucianoaraujo.jpg\/static:images:shared:avatar.jpg","datePublished":"2023-08-03T10:07:18+00:00","breadcrumb":{"@id":"https:\/\/www.legislapp.com.br\/index.php\/cam-legislativa-de-ba-pl-24787-2023\/#breadcrumb"},"inLanguage":"pt-BR","potentialAction":[{"@type":"ReadAction","target":["https:\/\/www.legislapp.com.br\/index.php\/cam-legislativa-de-ba-pl-24787-2023\/"]}]},{"@type":"ImageObject","inLanguage":"pt-BR","@id":"https:\/\/www.legislapp.com.br\/index.php\/cam-legislativa-de-ba-pl-24787-2023\/#primaryimage","url":"https:\/\/www.al.ba.gov.br\/\/fserver\/:imagensAlbanet:fotos:lucianoaraujo.jpg\/static:images:shared:avatar.jpg","contentUrl":"https:\/\/www.al.ba.gov.br\/\/fserver\/:imagensAlbanet:fotos:lucianoaraujo.jpg\/static:images:shared:avatar.jpg"},{"@type":"BreadcrumbList","@id":"https:\/\/www.legislapp.com.br\/index.php\/cam-legislativa-de-ba-pl-24787-2023\/#breadcrumb","itemListElement":[{"@type":"ListItem","position":1,"name":"In\u00edcio","item":"https:\/\/www.legislapp.com.br\/"},{"@type":"ListItem","position":2,"name":"PL 24787\/2023"}]},{"@type":"WebSite","@id":"https:\/\/www.legislapp.com.br\/#website","url":"https:\/\/www.legislapp.com.br\/","name":"Legislapp","description":"Intelig\u00eancia governamental em tempo real","publisher":{"@id":"https:\/\/www.legislapp.com.br\/#organization"},"potentialAction":[{"@type":"SearchAction","target":{"@type":"EntryPoint","urlTemplate":"https:\/\/www.legislapp.com.br\/?s={search_term_string}"},"query-input":{"@type":"PropertyValueSpecification","valueRequired":true,"valueName":"search_term_string"}}],"inLanguage":"pt-BR"},{"@type":"Organization","@id":"https:\/\/www.legislapp.com.br\/#organization","name":"Legislapp Monitoramento e Intelig\u00eancia Governamental","url":"https:\/\/www.legislapp.com.br\/","logo":{"@type":"ImageObject","inLanguage":"pt-BR","@id":"https:\/\/www.legislapp.com.br\/#\/schema\/logo\/image\/","url":"https:\/\/www.legislapp.com.br\/wp-content\/uploads\/icon.png","contentUrl":"https:\/\/www.legislapp.com.br\/wp-content\/uploads\/icon.png","width":1024,"height":1024,"caption":"Legislapp Monitoramento e Intelig\u00eancia Governamental"},"image":{"@id":"https:\/\/www.legislapp.com.br\/#\/schema\/logo\/image\/"},"sameAs":["https:\/\/www.instagram.com\/legislapp\/"]}]}},"_links":{"self":[{"href":"https:\/\/www.legislapp.com.br\/index.php\/wp-json\/wp\/v2\/pages\/3123","targetHints":{"allow":["GET"]}}],"collection":[{"href":"https:\/\/www.legislapp.com.br\/index.php\/wp-json\/wp\/v2\/pages"}],"about":[{"href":"https:\/\/www.legislapp.com.br\/index.php\/wp-json\/wp\/v2\/types\/page"}],"author":[{"embeddable":true,"href":"https:\/\/www.legislapp.com.br\/index.php\/wp-json\/wp\/v2\/users\/1"}],"replies":[{"embeddable":true,"href":"https:\/\/www.legislapp.com.br\/index.php\/wp-json\/wp\/v2\/comments?post=3123"}],"version-history":[{"count":0,"href":"https:\/\/www.legislapp.com.br\/index.php\/wp-json\/wp\/v2\/pages\/3123\/revisions"}],"wp:attachment":[{"href":"https:\/\/www.legislapp.com.br\/index.php\/wp-json\/wp\/v2\/media?parent=3123"}],"curies":[{"name":"wp","href":"https:\/\/api.w.org\/{rel}","templated":true}]}}