{"id":3795,"date":"2024-02-25T09:33:42","date_gmt":"2024-02-25T12:33:42","guid":{"rendered":"https:\/\/www.legislapp.com.br\/index.php\/discurso-camara-07-12-2023-helder-salomao-pt-es-2\/"},"modified":"2024-02-25T09:33:42","modified_gmt":"2024-02-25T12:33:42","slug":"discurso-camara-07-12-2023-helder-salomao-pt-es-2","status":"publish","type":"page","link":"https:\/\/www.legislapp.com.br\/index.php\/discurso-camara-07-12-2023-helder-salomao-pt-es-2\/","title":{"rendered":"Discurso de Helder Salom\u00e3o, PT-ES"},"content":{"rendered":"<h1 style='text-align: center;'>quinta-feira, 7 de dezembro de 2023 &#8211; BREVES COMUNICA\u00c7\u00d5ES<\/h3>\n<p><\/p>\n<article>Sum\u00e1rio:&nbsp;O Deputado criticou tentativas de diminuir os sucessos do Governo atual, destacando melhorias econ\u00f4micas. Expressou gratid\u00e3o pela aprova\u00e7\u00e3o do Projeto de Lei n\u00ba 9.905, de 2018, de sua autoria, que visa considerar como agravante da pena a viol\u00eancia praticada contra a mulher na presen\u00e7a de crian\u00e7as e adolescentes. Destacou a import\u00e2ncia de combater a viol\u00eancia dom\u00e9stica e proteger as mulheres e crian\u00e7as. Al\u00e9m disso, ressaltou a inaugura\u00e7\u00e3o do Contorno do Mestre \u00c1lvaro, no Esp\u00edrito Santo, com a presen\u00e7a do Presidente Lula. Ressaltou investimentos do Programa de Acelera\u00e7\u00e3o do Crescimento (PAC) do Governo Federal na regi\u00e3o, especialmente da duplica\u00e7\u00e3o da BR-262 e da conclus\u00e3o das obras do Hospital Geral de Cariacica (ES). Afirmou que a popula\u00e7\u00e3o capixaba reconhece os benef\u00edcios das pol\u00edticas p\u00fablicas implementadas pelo Governo Lula.<\/article>\n<p><\/p>\n<div style=\"text-align: center\">\n      <img decoding=\"async\" style=\"width: 14%;\" src=\"https:\/\/www.legislapp.com.br\/wp-content\/uploads\/2021\/07\/Logo-Legislapp-1-03-1.png\"><br \/>\n      <\/p>\n<div style=\"margin-bottom: 20px;\" class=\"et_pb_button_module_wrapper et_pb_button_5_tb_body_wrapper et_pb_button_alignment_center et_pb_module \">\n         <a class=\"et_pb_button et_pb_button_5_tb_body et_hover_enabled et_pb_bg_layout_dark\" style=\"width: 50%;background-color: black;\" href=\"https:\/\/app.legislapp.com.br\" target=\"_blank\" rel=\"noopener\">Visualizar completo na nossa plataforma (30 dias gr\u00e1tis)<\/a><\/p><\/div>\n<p>      <a href=\"https:\/\/play.google.com\/store\/apps\/details?id=br.com.legislapp\"><img decoding=\"async\" style=\"width: 15%; min-width: 130px;\" src=\"https:\/\/www.legislapp.com.br\/wp-content\/uploads\/google-play.png\"><\/a><br \/>\n      <a href=\"https:\/\/apps.apple.com\/us\/app\/legislapp\/id1568929859\"><img decoding=\"async\" style=\"width: 15%; min-width: 130px\" src=\"https:\/\/www.legislapp.com.br\/wp-content\/uploads\/apple-store.png\"><\/a>\n   <\/div>\n","protected":false},"excerpt":{"rendered":"<p>quinta-feira, 7 de dezembro de 2023 &#8211; BREVES COMUNICA\u00c7\u00d5ES Sum\u00e1rio:&nbsp;O Deputado criticou tentativas de diminuir os sucessos do Governo atual, destacando melhorias econ\u00f4micas. Expressou gratid\u00e3o pela aprova\u00e7\u00e3o do Projeto de Lei n\u00ba 9.905, de 2018, de sua autoria, que visa considerar como agravante da pena a viol\u00eancia praticada contra a mulher na presen\u00e7a de crian\u00e7as [&hellip;]<\/p>\n","protected":false},"author":1,"featured_media":0,"parent":0,"menu_order":0,"comment_status":"closed","ping_status":"closed","template":"page-template-blank.php","meta":{"_et_pb_use_builder":"","_et_pb_old_content":"","_et_gb_content_width":"1080","ngg_post_thumbnail":0,"footnotes":""},"class_list":["post-3795","page","type-page","status-publish","hentry"],"yoast_head":"<!-- This site is optimized with the Yoast SEO plugin v24.4 - https:\/\/yoast.com\/wordpress\/plugins\/seo\/ -->\n<title>Discurso de Helder Salom\u00e3o, PT-ES - Legislapp<\/title>\n<meta name=\"robots\" content=\"index, follow, max-snippet:-1, max-image-preview:large, max-video-preview:-1\" \/>\n<link rel=\"canonical\" href=\"https:\/\/www.legislapp.com.br\/index.php\/discurso-camara-07-12-2023-helder-salomao-pt-es-2\/\" \/>\n<meta property=\"og:locale\" content=\"pt_BR\" \/>\n<meta property=\"og:type\" content=\"article\" \/>\n<meta property=\"og:title\" content=\"Discurso de Helder Salom\u00e3o, PT-ES - Legislapp\" \/>\n<meta property=\"og:description\" content=\"quinta-feira, 7 de dezembro de 2023 &#8211; BREVES COMUNICA\u00c7\u00d5ES Sum\u00e1rio:&nbsp;O Deputado criticou tentativas de diminuir os sucessos do Governo atual, destacando melhorias econ\u00f4micas. Expressou gratid\u00e3o pela aprova\u00e7\u00e3o do Projeto de Lei n\u00ba 9.905, de 2018, de sua autoria, que visa considerar como agravante da pena a viol\u00eancia praticada contra a mulher na presen\u00e7a de crian\u00e7as [&hellip;]\" \/>\n<meta property=\"og:url\" content=\"https:\/\/www.legislapp.com.br\/index.php\/discurso-camara-07-12-2023-helder-salomao-pt-es-2\/\" \/>\n<meta property=\"og:site_name\" content=\"Legislapp\" \/>\n<meta property=\"article:publisher\" content=\"https:\/\/www.instagram.com\/legislapp\/\" \/>\n<meta property=\"og:image\" content=\"https:\/\/www.legislapp.com.br\/wp-content\/uploads\/2021\/07\/Logo-Legislapp-1-03-1.png\" \/>\n<meta name=\"twitter:card\" content=\"summary_large_image\" \/>\n<meta name=\"twitter:label1\" content=\"Est. tempo de leitura\" \/>\n\t<meta name=\"twitter:data1\" content=\"1 minuto\" \/>\n<script type=\"application\/ld+json\" class=\"yoast-schema-graph\">{\"@context\":\"https:\/\/schema.org\",\"@graph\":[{\"@type\":\"WebPage\",\"@id\":\"https:\/\/www.legislapp.com.br\/index.php\/discurso-camara-07-12-2023-helder-salomao-pt-es-2\/\",\"url\":\"https:\/\/www.legislapp.com.br\/index.php\/discurso-camara-07-12-2023-helder-salomao-pt-es-2\/\",\"name\":\"Discurso de Helder Salom\u00e3o, PT-ES - Legislapp\",\"isPartOf\":{\"@id\":\"https:\/\/www.legislapp.com.br\/#website\"},\"primaryImageOfPage\":{\"@id\":\"https:\/\/www.legislapp.com.br\/index.php\/discurso-camara-07-12-2023-helder-salomao-pt-es-2\/#primaryimage\"},\"image\":{\"@id\":\"https:\/\/www.legislapp.com.br\/index.php\/discurso-camara-07-12-2023-helder-salomao-pt-es-2\/#primaryimage\"},\"thumbnailUrl\":\"https:\/\/www.legislapp.com.br\/wp-content\/uploads\/2021\/07\/Logo-Legislapp-1-03-1.png\",\"datePublished\":\"2024-02-25T12:33:42+00:00\",\"breadcrumb\":{\"@id\":\"https:\/\/www.legislapp.com.br\/index.php\/discurso-camara-07-12-2023-helder-salomao-pt-es-2\/#breadcrumb\"},\"inLanguage\":\"pt-BR\",\"potentialAction\":[{\"@type\":\"ReadAction\",\"target\":[\"https:\/\/www.legislapp.com.br\/index.php\/discurso-camara-07-12-2023-helder-salomao-pt-es-2\/\"]}]},{\"@type\":\"ImageObject\",\"inLanguage\":\"pt-BR\",\"@id\":\"https:\/\/www.legislapp.com.br\/index.php\/discurso-camara-07-12-2023-helder-salomao-pt-es-2\/#primaryimage\",\"url\":\"https:\/\/www.legislapp.com.br\/wp-content\/uploads\/2021\/07\/Logo-Legislapp-1-03-1.png\",\"contentUrl\":\"https:\/\/www.legislapp.com.br\/wp-content\/uploads\/2021\/07\/Logo-Legislapp-1-03-1.png\",\"width\":2679,\"height\":2697},{\"@type\":\"BreadcrumbList\",\"@id\":\"https:\/\/www.legislapp.com.br\/index.php\/discurso-camara-07-12-2023-helder-salomao-pt-es-2\/#breadcrumb\",\"itemListElement\":[{\"@type\":\"ListItem\",\"position\":1,\"name\":\"In\u00edcio\",\"item\":\"https:\/\/www.legislapp.com.br\/\"},{\"@type\":\"ListItem\",\"position\":2,\"name\":\"Discurso de Helder Salom\u00e3o, PT-ES\"}]},{\"@type\":\"WebSite\",\"@id\":\"https:\/\/www.legislapp.com.br\/#website\",\"url\":\"https:\/\/www.legislapp.com.br\/\",\"name\":\"Legislapp\",\"description\":\"Intelig\u00eancia governamental em tempo real\",\"publisher\":{\"@id\":\"https:\/\/www.legislapp.com.br\/#organization\"},\"potentialAction\":[{\"@type\":\"SearchAction\",\"target\":{\"@type\":\"EntryPoint\",\"urlTemplate\":\"https:\/\/www.legislapp.com.br\/?s={search_term_string}\"},\"query-input\":{\"@type\":\"PropertyValueSpecification\",\"valueRequired\":true,\"valueName\":\"search_term_string\"}}],\"inLanguage\":\"pt-BR\"},{\"@type\":\"Organization\",\"@id\":\"https:\/\/www.legislapp.com.br\/#organization\",\"name\":\"Legislapp Monitoramento e Intelig\u00eancia Governamental\",\"url\":\"https:\/\/www.legislapp.com.br\/\",\"logo\":{\"@type\":\"ImageObject\",\"inLanguage\":\"pt-BR\",\"@id\":\"https:\/\/www.legislapp.com.br\/#\/schema\/logo\/image\/\",\"url\":\"https:\/\/www.legislapp.com.br\/wp-content\/uploads\/icon.png\",\"contentUrl\":\"https:\/\/www.legislapp.com.br\/wp-content\/uploads\/icon.png\",\"width\":1024,\"height\":1024,\"caption\":\"Legislapp Monitoramento e Intelig\u00eancia Governamental\"},\"image\":{\"@id\":\"https:\/\/www.legislapp.com.br\/#\/schema\/logo\/image\/\"},\"sameAs\":[\"https:\/\/www.instagram.com\/legislapp\/\"]}]}<\/script>\n<!-- \/ Yoast SEO plugin. -->","yoast_head_json":{"title":"Discurso de Helder Salom\u00e3o, PT-ES - Legislapp","robots":{"index":"index","follow":"follow","max-snippet":"max-snippet:-1","max-image-preview":"max-image-preview:large","max-video-preview":"max-video-preview:-1"},"canonical":"https:\/\/www.legislapp.com.br\/index.php\/discurso-camara-07-12-2023-helder-salomao-pt-es-2\/","og_locale":"pt_BR","og_type":"article","og_title":"Discurso de Helder Salom\u00e3o, PT-ES - Legislapp","og_description":"quinta-feira, 7 de dezembro de 2023 &#8211; BREVES COMUNICA\u00c7\u00d5ES Sum\u00e1rio:&nbsp;O Deputado criticou tentativas de diminuir os sucessos do Governo atual, destacando melhorias econ\u00f4micas. Expressou gratid\u00e3o pela aprova\u00e7\u00e3o do Projeto de Lei n\u00ba 9.905, de 2018, de sua autoria, que visa considerar como agravante da pena a viol\u00eancia praticada contra a mulher na presen\u00e7a de crian\u00e7as [&hellip;]","og_url":"https:\/\/www.legislapp.com.br\/index.php\/discurso-camara-07-12-2023-helder-salomao-pt-es-2\/","og_site_name":"Legislapp","article_publisher":"https:\/\/www.instagram.com\/legislapp\/","og_image":[{"url":"https:\/\/www.legislapp.com.br\/wp-content\/uploads\/2021\/07\/Logo-Legislapp-1-03-1.png","type":"","width":"","height":""}],"twitter_card":"summary_large_image","twitter_misc":{"Est. tempo de leitura":"1 minuto"},"schema":{"@context":"https:\/\/schema.org","@graph":[{"@type":"WebPage","@id":"https:\/\/www.legislapp.com.br\/index.php\/discurso-camara-07-12-2023-helder-salomao-pt-es-2\/","url":"https:\/\/www.legislapp.com.br\/index.php\/discurso-camara-07-12-2023-helder-salomao-pt-es-2\/","name":"Discurso de Helder Salom\u00e3o, PT-ES - Legislapp","isPartOf":{"@id":"https:\/\/www.legislapp.com.br\/#website"},"primaryImageOfPage":{"@id":"https:\/\/www.legislapp.com.br\/index.php\/discurso-camara-07-12-2023-helder-salomao-pt-es-2\/#primaryimage"},"image":{"@id":"https:\/\/www.legislapp.com.br\/index.php\/discurso-camara-07-12-2023-helder-salomao-pt-es-2\/#primaryimage"},"thumbnailUrl":"https:\/\/www.legislapp.com.br\/wp-content\/uploads\/2021\/07\/Logo-Legislapp-1-03-1.png","datePublished":"2024-02-25T12:33:42+00:00","breadcrumb":{"@id":"https:\/\/www.legislapp.com.br\/index.php\/discurso-camara-07-12-2023-helder-salomao-pt-es-2\/#breadcrumb"},"inLanguage":"pt-BR","potentialAction":[{"@type":"ReadAction","target":["https:\/\/www.legislapp.com.br\/index.php\/discurso-camara-07-12-2023-helder-salomao-pt-es-2\/"]}]},{"@type":"ImageObject","inLanguage":"pt-BR","@id":"https:\/\/www.legislapp.com.br\/index.php\/discurso-camara-07-12-2023-helder-salomao-pt-es-2\/#primaryimage","url":"https:\/\/www.legislapp.com.br\/wp-content\/uploads\/2021\/07\/Logo-Legislapp-1-03-1.png","contentUrl":"https:\/\/www.legislapp.com.br\/wp-content\/uploads\/2021\/07\/Logo-Legislapp-1-03-1.png","width":2679,"height":2697},{"@type":"BreadcrumbList","@id":"https:\/\/www.legislapp.com.br\/index.php\/discurso-camara-07-12-2023-helder-salomao-pt-es-2\/#breadcrumb","itemListElement":[{"@type":"ListItem","position":1,"name":"In\u00edcio","item":"https:\/\/www.legislapp.com.br\/"},{"@type":"ListItem","position":2,"name":"Discurso de Helder Salom\u00e3o, PT-ES"}]},{"@type":"WebSite","@id":"https:\/\/www.legislapp.com.br\/#website","url":"https:\/\/www.legislapp.com.br\/","name":"Legislapp","description":"Intelig\u00eancia governamental em tempo real","publisher":{"@id":"https:\/\/www.legislapp.com.br\/#organization"},"potentialAction":[{"@type":"SearchAction","target":{"@type":"EntryPoint","urlTemplate":"https:\/\/www.legislapp.com.br\/?s={search_term_string}"},"query-input":{"@type":"PropertyValueSpecification","valueRequired":true,"valueName":"search_term_string"}}],"inLanguage":"pt-BR"},{"@type":"Organization","@id":"https:\/\/www.legislapp.com.br\/#organization","name":"Legislapp Monitoramento e Intelig\u00eancia Governamental","url":"https:\/\/www.legislapp.com.br\/","logo":{"@type":"ImageObject","inLanguage":"pt-BR","@id":"https:\/\/www.legislapp.com.br\/#\/schema\/logo\/image\/","url":"https:\/\/www.legislapp.com.br\/wp-content\/uploads\/icon.png","contentUrl":"https:\/\/www.legislapp.com.br\/wp-content\/uploads\/icon.png","width":1024,"height":1024,"caption":"Legislapp Monitoramento e Intelig\u00eancia Governamental"},"image":{"@id":"https:\/\/www.legislapp.com.br\/#\/schema\/logo\/image\/"},"sameAs":["https:\/\/www.instagram.com\/legislapp\/"]}]}},"_links":{"self":[{"href":"https:\/\/www.legislapp.com.br\/index.php\/wp-json\/wp\/v2\/pages\/3795","targetHints":{"allow":["GET"]}}],"collection":[{"href":"https:\/\/www.legislapp.com.br\/index.php\/wp-json\/wp\/v2\/pages"}],"about":[{"href":"https:\/\/www.legislapp.com.br\/index.php\/wp-json\/wp\/v2\/types\/page"}],"author":[{"embeddable":true,"href":"https:\/\/www.legislapp.com.br\/index.php\/wp-json\/wp\/v2\/users\/1"}],"replies":[{"embeddable":true,"href":"https:\/\/www.legislapp.com.br\/index.php\/wp-json\/wp\/v2\/comments?post=3795"}],"version-history":[{"count":0,"href":"https:\/\/www.legislapp.com.br\/index.php\/wp-json\/wp\/v2\/pages\/3795\/revisions"}],"wp:attachment":[{"href":"https:\/\/www.legislapp.com.br\/index.php\/wp-json\/wp\/v2\/media?parent=3795"}],"curies":[{"name":"wp","href":"https:\/\/api.w.org\/{rel}","templated":true}]}}