{"id":4830,"date":"2024-09-10T18:43:12","date_gmt":"2024-09-10T21:43:12","guid":{"rendered":"https:\/\/www.legislapp.com.br\/index.php\/discurso-camara-14-08-2024-pedro-jr-pl-to\/"},"modified":"2024-09-10T18:43:12","modified_gmt":"2024-09-10T21:43:12","slug":"discurso-camara-14-08-2024-pedro-jr-pl-to","status":"publish","type":"page","link":"https:\/\/www.legislapp.com.br\/index.php\/discurso-camara-14-08-2024-pedro-jr-pl-to\/","title":{"rendered":"Discurso de Pedro Jr, PL-TO"},"content":{"rendered":"<h1 style='text-align: center;'>quarta-feira, 14 de agosto de 2024 &#8211; ORDEM DO DIA<\/h3>\n<p><\/p>\n<article>Sum\u00e1rio:&nbsp;O Deputado encaminhou a vota\u00e7\u00e3o do requerimento de urg\u00eancia para o Projeto de Lei n\u00ba 397, de 2024, que autoriza a prorroga\u00e7\u00e3o do pagamento de financiamentos relacionados a opera\u00e7\u00f5es de cr\u00e9dito rural em Munic\u00edpios ou no Distrito Federal quando neles houver sido declarado estado de calamidade ou situa\u00e7\u00e3o de emerg\u00eancia, reconhecidos em ato oficial do Munic\u00edpio, Distrito Federal, Estado ou governo federal, em virtude de situa\u00e7\u00e3o de seca ou estiagem extrema ou de excessos h\u00eddricos.<\/article>\n<p><\/p>\n<div style=\"text-align: center\">\n      <img decoding=\"async\" style=\"width: 14%;\" src=\"https:\/\/www.legislapp.com.br\/wp-content\/uploads\/2021\/07\/Logo-Legislapp-1-03-1.png\"><br \/>\n      <\/p>\n<div style=\"margin-bottom: 20px;\" class=\"et_pb_button_module_wrapper et_pb_button_5_tb_body_wrapper et_pb_button_alignment_center et_pb_module \">\n         <a class=\"et_pb_button et_pb_button_5_tb_body et_hover_enabled et_pb_bg_layout_dark\" style=\"width: 50%;background-color: black;\" href=\"https:\/\/app.legislapp.com.br\" target=\"_blank\" rel=\"noopener\">Visualizar completo na nossa plataforma (30 dias gr\u00e1tis)<\/a><\/p><\/div>\n<p>      <a href=\"https:\/\/play.google.com\/store\/apps\/details?id=br.com.legislapp\"><img decoding=\"async\" style=\"width: 15%; min-width: 130px;\" src=\"https:\/\/www.legislapp.com.br\/wp-content\/uploads\/google-play.png\"><\/a><br \/>\n      <a href=\"https:\/\/apps.apple.com\/us\/app\/legislapp\/id1568929859\"><img decoding=\"async\" style=\"width: 15%; min-width: 130px\" src=\"https:\/\/www.legislapp.com.br\/wp-content\/uploads\/apple-store.png\"><\/a>\n   <\/div>\n","protected":false},"excerpt":{"rendered":"<p>quarta-feira, 14 de agosto de 2024 &#8211; ORDEM DO DIA Sum\u00e1rio:&nbsp;O Deputado encaminhou a vota\u00e7\u00e3o do requerimento de urg\u00eancia para o Projeto de Lei n\u00ba 397, de 2024, que autoriza a prorroga\u00e7\u00e3o do pagamento de financiamentos relacionados a opera\u00e7\u00f5es de cr\u00e9dito rural em Munic\u00edpios ou no Distrito Federal quando neles houver sido declarado estado de [&hellip;]<\/p>\n","protected":false},"author":1,"featured_media":0,"parent":0,"menu_order":0,"comment_status":"closed","ping_status":"closed","template":"page-template-blank.php","meta":{"_et_pb_use_builder":"","_et_pb_old_content":"","_et_gb_content_width":"1080","ngg_post_thumbnail":0,"footnotes":""},"class_list":["post-4830","page","type-page","status-publish","hentry"],"yoast_head":"<!-- This site is optimized with the Yoast SEO plugin v24.4 - https:\/\/yoast.com\/wordpress\/plugins\/seo\/ -->\n<title>Discurso de Pedro Jr, PL-TO - Legislapp<\/title>\n<meta name=\"robots\" content=\"index, follow, max-snippet:-1, max-image-preview:large, max-video-preview:-1\" \/>\n<link rel=\"canonical\" href=\"https:\/\/www.legislapp.com.br\/index.php\/discurso-camara-14-08-2024-pedro-jr-pl-to\/\" \/>\n<meta property=\"og:locale\" content=\"pt_BR\" \/>\n<meta property=\"og:type\" content=\"article\" \/>\n<meta property=\"og:title\" content=\"Discurso de Pedro Jr, PL-TO - Legislapp\" \/>\n<meta property=\"og:description\" content=\"quarta-feira, 14 de agosto de 2024 &#8211; ORDEM DO DIA Sum\u00e1rio:&nbsp;O Deputado encaminhou a vota\u00e7\u00e3o do requerimento de urg\u00eancia para o Projeto de Lei n\u00ba 397, de 2024, que autoriza a prorroga\u00e7\u00e3o do pagamento de financiamentos relacionados a opera\u00e7\u00f5es de cr\u00e9dito rural em Munic\u00edpios ou no Distrito Federal quando neles houver sido declarado estado de [&hellip;]\" \/>\n<meta property=\"og:url\" content=\"https:\/\/www.legislapp.com.br\/index.php\/discurso-camara-14-08-2024-pedro-jr-pl-to\/\" \/>\n<meta property=\"og:site_name\" content=\"Legislapp\" \/>\n<meta property=\"article:publisher\" content=\"https:\/\/www.instagram.com\/legislapp\/\" \/>\n<meta property=\"og:image\" content=\"https:\/\/www.legislapp.com.br\/wp-content\/uploads\/2021\/07\/Logo-Legislapp-1-03-1.png\" \/>\n<meta name=\"twitter:card\" content=\"summary_large_image\" \/>\n<meta name=\"twitter:label1\" content=\"Est. tempo de leitura\" \/>\n\t<meta name=\"twitter:data1\" content=\"1 minuto\" \/>\n<script type=\"application\/ld+json\" class=\"yoast-schema-graph\">{\"@context\":\"https:\/\/schema.org\",\"@graph\":[{\"@type\":\"WebPage\",\"@id\":\"https:\/\/www.legislapp.com.br\/index.php\/discurso-camara-14-08-2024-pedro-jr-pl-to\/\",\"url\":\"https:\/\/www.legislapp.com.br\/index.php\/discurso-camara-14-08-2024-pedro-jr-pl-to\/\",\"name\":\"Discurso de Pedro Jr, PL-TO - Legislapp\",\"isPartOf\":{\"@id\":\"https:\/\/www.legislapp.com.br\/#website\"},\"primaryImageOfPage\":{\"@id\":\"https:\/\/www.legislapp.com.br\/index.php\/discurso-camara-14-08-2024-pedro-jr-pl-to\/#primaryimage\"},\"image\":{\"@id\":\"https:\/\/www.legislapp.com.br\/index.php\/discurso-camara-14-08-2024-pedro-jr-pl-to\/#primaryimage\"},\"thumbnailUrl\":\"https:\/\/www.legislapp.com.br\/wp-content\/uploads\/2021\/07\/Logo-Legislapp-1-03-1.png\",\"datePublished\":\"2024-09-10T21:43:12+00:00\",\"breadcrumb\":{\"@id\":\"https:\/\/www.legislapp.com.br\/index.php\/discurso-camara-14-08-2024-pedro-jr-pl-to\/#breadcrumb\"},\"inLanguage\":\"pt-BR\",\"potentialAction\":[{\"@type\":\"ReadAction\",\"target\":[\"https:\/\/www.legislapp.com.br\/index.php\/discurso-camara-14-08-2024-pedro-jr-pl-to\/\"]}]},{\"@type\":\"ImageObject\",\"inLanguage\":\"pt-BR\",\"@id\":\"https:\/\/www.legislapp.com.br\/index.php\/discurso-camara-14-08-2024-pedro-jr-pl-to\/#primaryimage\",\"url\":\"https:\/\/www.legislapp.com.br\/wp-content\/uploads\/2021\/07\/Logo-Legislapp-1-03-1.png\",\"contentUrl\":\"https:\/\/www.legislapp.com.br\/wp-content\/uploads\/2021\/07\/Logo-Legislapp-1-03-1.png\",\"width\":2679,\"height\":2697},{\"@type\":\"BreadcrumbList\",\"@id\":\"https:\/\/www.legislapp.com.br\/index.php\/discurso-camara-14-08-2024-pedro-jr-pl-to\/#breadcrumb\",\"itemListElement\":[{\"@type\":\"ListItem\",\"position\":1,\"name\":\"In\u00edcio\",\"item\":\"https:\/\/www.legislapp.com.br\/\"},{\"@type\":\"ListItem\",\"position\":2,\"name\":\"Discurso de Pedro Jr, PL-TO\"}]},{\"@type\":\"WebSite\",\"@id\":\"https:\/\/www.legislapp.com.br\/#website\",\"url\":\"https:\/\/www.legislapp.com.br\/\",\"name\":\"Legislapp\",\"description\":\"Intelig\u00eancia governamental em tempo real\",\"publisher\":{\"@id\":\"https:\/\/www.legislapp.com.br\/#organization\"},\"potentialAction\":[{\"@type\":\"SearchAction\",\"target\":{\"@type\":\"EntryPoint\",\"urlTemplate\":\"https:\/\/www.legislapp.com.br\/?s={search_term_string}\"},\"query-input\":{\"@type\":\"PropertyValueSpecification\",\"valueRequired\":true,\"valueName\":\"search_term_string\"}}],\"inLanguage\":\"pt-BR\"},{\"@type\":\"Organization\",\"@id\":\"https:\/\/www.legislapp.com.br\/#organization\",\"name\":\"Legislapp Monitoramento e Intelig\u00eancia Governamental\",\"url\":\"https:\/\/www.legislapp.com.br\/\",\"logo\":{\"@type\":\"ImageObject\",\"inLanguage\":\"pt-BR\",\"@id\":\"https:\/\/www.legislapp.com.br\/#\/schema\/logo\/image\/\",\"url\":\"https:\/\/www.legislapp.com.br\/wp-content\/uploads\/icon.png\",\"contentUrl\":\"https:\/\/www.legislapp.com.br\/wp-content\/uploads\/icon.png\",\"width\":1024,\"height\":1024,\"caption\":\"Legislapp Monitoramento e Intelig\u00eancia Governamental\"},\"image\":{\"@id\":\"https:\/\/www.legislapp.com.br\/#\/schema\/logo\/image\/\"},\"sameAs\":[\"https:\/\/www.instagram.com\/legislapp\/\"]}]}<\/script>\n<!-- \/ Yoast SEO plugin. -->","yoast_head_json":{"title":"Discurso de Pedro Jr, PL-TO - Legislapp","robots":{"index":"index","follow":"follow","max-snippet":"max-snippet:-1","max-image-preview":"max-image-preview:large","max-video-preview":"max-video-preview:-1"},"canonical":"https:\/\/www.legislapp.com.br\/index.php\/discurso-camara-14-08-2024-pedro-jr-pl-to\/","og_locale":"pt_BR","og_type":"article","og_title":"Discurso de Pedro Jr, PL-TO - Legislapp","og_description":"quarta-feira, 14 de agosto de 2024 &#8211; ORDEM DO DIA Sum\u00e1rio:&nbsp;O Deputado encaminhou a vota\u00e7\u00e3o do requerimento de urg\u00eancia para o Projeto de Lei n\u00ba 397, de 2024, que autoriza a prorroga\u00e7\u00e3o do pagamento de financiamentos relacionados a opera\u00e7\u00f5es de cr\u00e9dito rural em Munic\u00edpios ou no Distrito Federal quando neles houver sido declarado estado de [&hellip;]","og_url":"https:\/\/www.legislapp.com.br\/index.php\/discurso-camara-14-08-2024-pedro-jr-pl-to\/","og_site_name":"Legislapp","article_publisher":"https:\/\/www.instagram.com\/legislapp\/","og_image":[{"url":"https:\/\/www.legislapp.com.br\/wp-content\/uploads\/2021\/07\/Logo-Legislapp-1-03-1.png","type":"","width":"","height":""}],"twitter_card":"summary_large_image","twitter_misc":{"Est. tempo de leitura":"1 minuto"},"schema":{"@context":"https:\/\/schema.org","@graph":[{"@type":"WebPage","@id":"https:\/\/www.legislapp.com.br\/index.php\/discurso-camara-14-08-2024-pedro-jr-pl-to\/","url":"https:\/\/www.legislapp.com.br\/index.php\/discurso-camara-14-08-2024-pedro-jr-pl-to\/","name":"Discurso de Pedro Jr, PL-TO - Legislapp","isPartOf":{"@id":"https:\/\/www.legislapp.com.br\/#website"},"primaryImageOfPage":{"@id":"https:\/\/www.legislapp.com.br\/index.php\/discurso-camara-14-08-2024-pedro-jr-pl-to\/#primaryimage"},"image":{"@id":"https:\/\/www.legislapp.com.br\/index.php\/discurso-camara-14-08-2024-pedro-jr-pl-to\/#primaryimage"},"thumbnailUrl":"https:\/\/www.legislapp.com.br\/wp-content\/uploads\/2021\/07\/Logo-Legislapp-1-03-1.png","datePublished":"2024-09-10T21:43:12+00:00","breadcrumb":{"@id":"https:\/\/www.legislapp.com.br\/index.php\/discurso-camara-14-08-2024-pedro-jr-pl-to\/#breadcrumb"},"inLanguage":"pt-BR","potentialAction":[{"@type":"ReadAction","target":["https:\/\/www.legislapp.com.br\/index.php\/discurso-camara-14-08-2024-pedro-jr-pl-to\/"]}]},{"@type":"ImageObject","inLanguage":"pt-BR","@id":"https:\/\/www.legislapp.com.br\/index.php\/discurso-camara-14-08-2024-pedro-jr-pl-to\/#primaryimage","url":"https:\/\/www.legislapp.com.br\/wp-content\/uploads\/2021\/07\/Logo-Legislapp-1-03-1.png","contentUrl":"https:\/\/www.legislapp.com.br\/wp-content\/uploads\/2021\/07\/Logo-Legislapp-1-03-1.png","width":2679,"height":2697},{"@type":"BreadcrumbList","@id":"https:\/\/www.legislapp.com.br\/index.php\/discurso-camara-14-08-2024-pedro-jr-pl-to\/#breadcrumb","itemListElement":[{"@type":"ListItem","position":1,"name":"In\u00edcio","item":"https:\/\/www.legislapp.com.br\/"},{"@type":"ListItem","position":2,"name":"Discurso de Pedro Jr, PL-TO"}]},{"@type":"WebSite","@id":"https:\/\/www.legislapp.com.br\/#website","url":"https:\/\/www.legislapp.com.br\/","name":"Legislapp","description":"Intelig\u00eancia governamental em tempo real","publisher":{"@id":"https:\/\/www.legislapp.com.br\/#organization"},"potentialAction":[{"@type":"SearchAction","target":{"@type":"EntryPoint","urlTemplate":"https:\/\/www.legislapp.com.br\/?s={search_term_string}"},"query-input":{"@type":"PropertyValueSpecification","valueRequired":true,"valueName":"search_term_string"}}],"inLanguage":"pt-BR"},{"@type":"Organization","@id":"https:\/\/www.legislapp.com.br\/#organization","name":"Legislapp Monitoramento e Intelig\u00eancia Governamental","url":"https:\/\/www.legislapp.com.br\/","logo":{"@type":"ImageObject","inLanguage":"pt-BR","@id":"https:\/\/www.legislapp.com.br\/#\/schema\/logo\/image\/","url":"https:\/\/www.legislapp.com.br\/wp-content\/uploads\/icon.png","contentUrl":"https:\/\/www.legislapp.com.br\/wp-content\/uploads\/icon.png","width":1024,"height":1024,"caption":"Legislapp Monitoramento e Intelig\u00eancia Governamental"},"image":{"@id":"https:\/\/www.legislapp.com.br\/#\/schema\/logo\/image\/"},"sameAs":["https:\/\/www.instagram.com\/legislapp\/"]}]}},"_links":{"self":[{"href":"https:\/\/www.legislapp.com.br\/index.php\/wp-json\/wp\/v2\/pages\/4830","targetHints":{"allow":["GET"]}}],"collection":[{"href":"https:\/\/www.legislapp.com.br\/index.php\/wp-json\/wp\/v2\/pages"}],"about":[{"href":"https:\/\/www.legislapp.com.br\/index.php\/wp-json\/wp\/v2\/types\/page"}],"author":[{"embeddable":true,"href":"https:\/\/www.legislapp.com.br\/index.php\/wp-json\/wp\/v2\/users\/1"}],"replies":[{"embeddable":true,"href":"https:\/\/www.legislapp.com.br\/index.php\/wp-json\/wp\/v2\/comments?post=4830"}],"version-history":[{"count":0,"href":"https:\/\/www.legislapp.com.br\/index.php\/wp-json\/wp\/v2\/pages\/4830\/revisions"}],"wp:attachment":[{"href":"https:\/\/www.legislapp.com.br\/index.php\/wp-json\/wp\/v2\/media?parent=4830"}],"curies":[{"name":"wp","href":"https:\/\/api.w.org\/{rel}","templated":true}]}}