{"id":5057,"date":"2024-09-30T20:36:42","date_gmt":"2024-09-30T23:36:42","guid":{"rendered":"https:\/\/www.legislapp.com.br\/index.php\/discurso-camara-09-09-2024-adriana-ventura-novo-sp\/"},"modified":"2024-09-30T20:36:42","modified_gmt":"2024-09-30T23:36:42","slug":"discurso-camara-09-09-2024-adriana-ventura-novo-sp","status":"publish","type":"page","link":"https:\/\/www.legislapp.com.br\/index.php\/discurso-camara-09-09-2024-adriana-ventura-novo-sp\/","title":{"rendered":"Discurso de Adriana Ventura, NOVO-SP"},"content":{"rendered":"<h1 style='text-align: center;'>segunda-feira, 9 de setembro de 2024 &#8211; ORDEM DO DIA<\/h3>\n<p><\/p>\n<article>Sum\u00e1rio:&nbsp;A Deputada defendeu a obstru\u00e7\u00e3o na vota\u00e7\u00e3o do requerimento de urg\u00eancia para a aprecia\u00e7\u00e3o do Projeto de Lei n\u00ba 1.847, de 2024, que estabelece regime de transi\u00e7\u00e3o para a contribui\u00e7\u00e3o substitutiva prevista nos arts. 7\u00ba e 8\u00ba da Lei n\u00ba 12.546, de 14 de dezembro de 2011, e para o adicional sobre a Cofins-Importa\u00e7\u00e3o previsto no \u00a7 21 do art. 8\u00ba da Lei n\u00ba 10.865, de 30 de abril de 2004; altera as Leis n\u00bas 8.212, de 24 de julho de 1991, 8.742, de 7 de dezembro de 1993, 10.522, de 19 de julho de 2002, 10.779, de 25 de novembro de 2003, 10.865, de 30 de abril de 2004, 12.546, de 14 de dezembro de 2011, e 13.988, de 14 de abril de 2020; e revoga dispositivos dos Decretos-Lei n\u00bas 1.737, de 20 de dezembro de 1979, e 2.323, de 26 de fevereiro de 1987, e das Leis n\u00bas 9.703, de 17 de novembro de 1998, e 11.343, de 23 de agosto de 2006, e a Lei n\u00ba 12.099, de 27 de novembro de 2009.<\/article>\n<p><\/p>\n<div style=\"text-align: center\">\n      <img decoding=\"async\" style=\"width: 14%;\" src=\"https:\/\/www.legislapp.com.br\/wp-content\/uploads\/2021\/07\/Logo-Legislapp-1-03-1.png\"><br \/>\n      <\/p>\n<div style=\"margin-bottom: 20px;\" class=\"et_pb_button_module_wrapper et_pb_button_5_tb_body_wrapper et_pb_button_alignment_center et_pb_module \">\n         <a class=\"et_pb_button et_pb_button_5_tb_body et_hover_enabled et_pb_bg_layout_dark\" style=\"width: 50%;background-color: black;\" href=\"https:\/\/app.legislapp.com.br\" target=\"_blank\" rel=\"noopener\">Visualizar completo na nossa plataforma (30 dias gr\u00e1tis)<\/a><\/p><\/div>\n<p>      <a href=\"https:\/\/play.google.com\/store\/apps\/details?id=br.com.legislapp\"><img decoding=\"async\" style=\"width: 15%; min-width: 130px;\" src=\"https:\/\/www.legislapp.com.br\/wp-content\/uploads\/google-play.png\"><\/a><br \/>\n      <a href=\"https:\/\/apps.apple.com\/us\/app\/legislapp\/id1568929859\"><img decoding=\"async\" style=\"width: 15%; min-width: 130px\" src=\"https:\/\/www.legislapp.com.br\/wp-content\/uploads\/apple-store.png\"><\/a>\n   <\/div>\n","protected":false},"excerpt":{"rendered":"<p>segunda-feira, 9 de setembro de 2024 &#8211; ORDEM DO DIA Sum\u00e1rio:&nbsp;A Deputada defendeu a obstru\u00e7\u00e3o na vota\u00e7\u00e3o do requerimento de urg\u00eancia para a aprecia\u00e7\u00e3o do Projeto de Lei n\u00ba 1.847, de 2024, que estabelece regime de transi\u00e7\u00e3o para a contribui\u00e7\u00e3o substitutiva prevista nos arts. 7\u00ba e 8\u00ba da Lei n\u00ba 12.546, de 14 de dezembro [&hellip;]<\/p>\n","protected":false},"author":1,"featured_media":0,"parent":0,"menu_order":0,"comment_status":"closed","ping_status":"closed","template":"page-template-blank.php","meta":{"_et_pb_use_builder":"","_et_pb_old_content":"","_et_gb_content_width":"1080","ngg_post_thumbnail":0,"footnotes":""},"class_list":["post-5057","page","type-page","status-publish","hentry"],"yoast_head":"<!-- This site is optimized with the Yoast SEO plugin v24.4 - https:\/\/yoast.com\/wordpress\/plugins\/seo\/ -->\n<title>Discurso de Adriana Ventura, NOVO-SP - Legislapp<\/title>\n<meta name=\"robots\" content=\"index, follow, max-snippet:-1, max-image-preview:large, max-video-preview:-1\" \/>\n<link rel=\"canonical\" href=\"https:\/\/www.legislapp.com.br\/index.php\/discurso-camara-09-09-2024-adriana-ventura-novo-sp\/\" \/>\n<meta property=\"og:locale\" content=\"pt_BR\" \/>\n<meta property=\"og:type\" content=\"article\" \/>\n<meta property=\"og:title\" content=\"Discurso de Adriana Ventura, NOVO-SP - Legislapp\" \/>\n<meta property=\"og:description\" content=\"segunda-feira, 9 de setembro de 2024 &#8211; ORDEM DO DIA Sum\u00e1rio:&nbsp;A Deputada defendeu a obstru\u00e7\u00e3o na vota\u00e7\u00e3o do requerimento de urg\u00eancia para a aprecia\u00e7\u00e3o do Projeto de Lei n\u00ba 1.847, de 2024, que estabelece regime de transi\u00e7\u00e3o para a contribui\u00e7\u00e3o substitutiva prevista nos arts. 7\u00ba e 8\u00ba da Lei n\u00ba 12.546, de 14 de dezembro [&hellip;]\" \/>\n<meta property=\"og:url\" content=\"https:\/\/www.legislapp.com.br\/index.php\/discurso-camara-09-09-2024-adriana-ventura-novo-sp\/\" \/>\n<meta property=\"og:site_name\" content=\"Legislapp\" \/>\n<meta property=\"article:publisher\" content=\"https:\/\/www.instagram.com\/legislapp\/\" \/>\n<meta property=\"og:image\" content=\"https:\/\/www.legislapp.com.br\/wp-content\/uploads\/2021\/07\/Logo-Legislapp-1-03-1.png\" \/>\n<meta name=\"twitter:card\" content=\"summary_large_image\" \/>\n<meta name=\"twitter:label1\" content=\"Est. tempo de leitura\" \/>\n\t<meta name=\"twitter:data1\" content=\"1 minuto\" \/>\n<script type=\"application\/ld+json\" class=\"yoast-schema-graph\">{\"@context\":\"https:\/\/schema.org\",\"@graph\":[{\"@type\":\"WebPage\",\"@id\":\"https:\/\/www.legislapp.com.br\/index.php\/discurso-camara-09-09-2024-adriana-ventura-novo-sp\/\",\"url\":\"https:\/\/www.legislapp.com.br\/index.php\/discurso-camara-09-09-2024-adriana-ventura-novo-sp\/\",\"name\":\"Discurso de Adriana Ventura, NOVO-SP - Legislapp\",\"isPartOf\":{\"@id\":\"https:\/\/www.legislapp.com.br\/#website\"},\"primaryImageOfPage\":{\"@id\":\"https:\/\/www.legislapp.com.br\/index.php\/discurso-camara-09-09-2024-adriana-ventura-novo-sp\/#primaryimage\"},\"image\":{\"@id\":\"https:\/\/www.legislapp.com.br\/index.php\/discurso-camara-09-09-2024-adriana-ventura-novo-sp\/#primaryimage\"},\"thumbnailUrl\":\"https:\/\/www.legislapp.com.br\/wp-content\/uploads\/2021\/07\/Logo-Legislapp-1-03-1.png\",\"datePublished\":\"2024-09-30T23:36:42+00:00\",\"breadcrumb\":{\"@id\":\"https:\/\/www.legislapp.com.br\/index.php\/discurso-camara-09-09-2024-adriana-ventura-novo-sp\/#breadcrumb\"},\"inLanguage\":\"pt-BR\",\"potentialAction\":[{\"@type\":\"ReadAction\",\"target\":[\"https:\/\/www.legislapp.com.br\/index.php\/discurso-camara-09-09-2024-adriana-ventura-novo-sp\/\"]}]},{\"@type\":\"ImageObject\",\"inLanguage\":\"pt-BR\",\"@id\":\"https:\/\/www.legislapp.com.br\/index.php\/discurso-camara-09-09-2024-adriana-ventura-novo-sp\/#primaryimage\",\"url\":\"https:\/\/www.legislapp.com.br\/wp-content\/uploads\/2021\/07\/Logo-Legislapp-1-03-1.png\",\"contentUrl\":\"https:\/\/www.legislapp.com.br\/wp-content\/uploads\/2021\/07\/Logo-Legislapp-1-03-1.png\",\"width\":2679,\"height\":2697},{\"@type\":\"BreadcrumbList\",\"@id\":\"https:\/\/www.legislapp.com.br\/index.php\/discurso-camara-09-09-2024-adriana-ventura-novo-sp\/#breadcrumb\",\"itemListElement\":[{\"@type\":\"ListItem\",\"position\":1,\"name\":\"In\u00edcio\",\"item\":\"https:\/\/www.legislapp.com.br\/\"},{\"@type\":\"ListItem\",\"position\":2,\"name\":\"Discurso de Adriana Ventura, NOVO-SP\"}]},{\"@type\":\"WebSite\",\"@id\":\"https:\/\/www.legislapp.com.br\/#website\",\"url\":\"https:\/\/www.legislapp.com.br\/\",\"name\":\"Legislapp\",\"description\":\"Intelig\u00eancia governamental em tempo real\",\"publisher\":{\"@id\":\"https:\/\/www.legislapp.com.br\/#organization\"},\"potentialAction\":[{\"@type\":\"SearchAction\",\"target\":{\"@type\":\"EntryPoint\",\"urlTemplate\":\"https:\/\/www.legislapp.com.br\/?s={search_term_string}\"},\"query-input\":{\"@type\":\"PropertyValueSpecification\",\"valueRequired\":true,\"valueName\":\"search_term_string\"}}],\"inLanguage\":\"pt-BR\"},{\"@type\":\"Organization\",\"@id\":\"https:\/\/www.legislapp.com.br\/#organization\",\"name\":\"Legislapp Monitoramento e Intelig\u00eancia Governamental\",\"url\":\"https:\/\/www.legislapp.com.br\/\",\"logo\":{\"@type\":\"ImageObject\",\"inLanguage\":\"pt-BR\",\"@id\":\"https:\/\/www.legislapp.com.br\/#\/schema\/logo\/image\/\",\"url\":\"https:\/\/www.legislapp.com.br\/wp-content\/uploads\/icon.png\",\"contentUrl\":\"https:\/\/www.legislapp.com.br\/wp-content\/uploads\/icon.png\",\"width\":1024,\"height\":1024,\"caption\":\"Legislapp Monitoramento e Intelig\u00eancia Governamental\"},\"image\":{\"@id\":\"https:\/\/www.legislapp.com.br\/#\/schema\/logo\/image\/\"},\"sameAs\":[\"https:\/\/www.instagram.com\/legislapp\/\"]}]}<\/script>\n<!-- \/ Yoast SEO plugin. -->","yoast_head_json":{"title":"Discurso de Adriana Ventura, NOVO-SP - Legislapp","robots":{"index":"index","follow":"follow","max-snippet":"max-snippet:-1","max-image-preview":"max-image-preview:large","max-video-preview":"max-video-preview:-1"},"canonical":"https:\/\/www.legislapp.com.br\/index.php\/discurso-camara-09-09-2024-adriana-ventura-novo-sp\/","og_locale":"pt_BR","og_type":"article","og_title":"Discurso de Adriana Ventura, NOVO-SP - Legislapp","og_description":"segunda-feira, 9 de setembro de 2024 &#8211; ORDEM DO DIA Sum\u00e1rio:&nbsp;A Deputada defendeu a obstru\u00e7\u00e3o na vota\u00e7\u00e3o do requerimento de urg\u00eancia para a aprecia\u00e7\u00e3o do Projeto de Lei n\u00ba 1.847, de 2024, que estabelece regime de transi\u00e7\u00e3o para a contribui\u00e7\u00e3o substitutiva prevista nos arts. 7\u00ba e 8\u00ba da Lei n\u00ba 12.546, de 14 de dezembro [&hellip;]","og_url":"https:\/\/www.legislapp.com.br\/index.php\/discurso-camara-09-09-2024-adriana-ventura-novo-sp\/","og_site_name":"Legislapp","article_publisher":"https:\/\/www.instagram.com\/legislapp\/","og_image":[{"url":"https:\/\/www.legislapp.com.br\/wp-content\/uploads\/2021\/07\/Logo-Legislapp-1-03-1.png","type":"","width":"","height":""}],"twitter_card":"summary_large_image","twitter_misc":{"Est. tempo de leitura":"1 minuto"},"schema":{"@context":"https:\/\/schema.org","@graph":[{"@type":"WebPage","@id":"https:\/\/www.legislapp.com.br\/index.php\/discurso-camara-09-09-2024-adriana-ventura-novo-sp\/","url":"https:\/\/www.legislapp.com.br\/index.php\/discurso-camara-09-09-2024-adriana-ventura-novo-sp\/","name":"Discurso de Adriana Ventura, NOVO-SP - Legislapp","isPartOf":{"@id":"https:\/\/www.legislapp.com.br\/#website"},"primaryImageOfPage":{"@id":"https:\/\/www.legislapp.com.br\/index.php\/discurso-camara-09-09-2024-adriana-ventura-novo-sp\/#primaryimage"},"image":{"@id":"https:\/\/www.legislapp.com.br\/index.php\/discurso-camara-09-09-2024-adriana-ventura-novo-sp\/#primaryimage"},"thumbnailUrl":"https:\/\/www.legislapp.com.br\/wp-content\/uploads\/2021\/07\/Logo-Legislapp-1-03-1.png","datePublished":"2024-09-30T23:36:42+00:00","breadcrumb":{"@id":"https:\/\/www.legislapp.com.br\/index.php\/discurso-camara-09-09-2024-adriana-ventura-novo-sp\/#breadcrumb"},"inLanguage":"pt-BR","potentialAction":[{"@type":"ReadAction","target":["https:\/\/www.legislapp.com.br\/index.php\/discurso-camara-09-09-2024-adriana-ventura-novo-sp\/"]}]},{"@type":"ImageObject","inLanguage":"pt-BR","@id":"https:\/\/www.legislapp.com.br\/index.php\/discurso-camara-09-09-2024-adriana-ventura-novo-sp\/#primaryimage","url":"https:\/\/www.legislapp.com.br\/wp-content\/uploads\/2021\/07\/Logo-Legislapp-1-03-1.png","contentUrl":"https:\/\/www.legislapp.com.br\/wp-content\/uploads\/2021\/07\/Logo-Legislapp-1-03-1.png","width":2679,"height":2697},{"@type":"BreadcrumbList","@id":"https:\/\/www.legislapp.com.br\/index.php\/discurso-camara-09-09-2024-adriana-ventura-novo-sp\/#breadcrumb","itemListElement":[{"@type":"ListItem","position":1,"name":"In\u00edcio","item":"https:\/\/www.legislapp.com.br\/"},{"@type":"ListItem","position":2,"name":"Discurso de Adriana Ventura, NOVO-SP"}]},{"@type":"WebSite","@id":"https:\/\/www.legislapp.com.br\/#website","url":"https:\/\/www.legislapp.com.br\/","name":"Legislapp","description":"Intelig\u00eancia governamental em tempo real","publisher":{"@id":"https:\/\/www.legislapp.com.br\/#organization"},"potentialAction":[{"@type":"SearchAction","target":{"@type":"EntryPoint","urlTemplate":"https:\/\/www.legislapp.com.br\/?s={search_term_string}"},"query-input":{"@type":"PropertyValueSpecification","valueRequired":true,"valueName":"search_term_string"}}],"inLanguage":"pt-BR"},{"@type":"Organization","@id":"https:\/\/www.legislapp.com.br\/#organization","name":"Legislapp Monitoramento e Intelig\u00eancia Governamental","url":"https:\/\/www.legislapp.com.br\/","logo":{"@type":"ImageObject","inLanguage":"pt-BR","@id":"https:\/\/www.legislapp.com.br\/#\/schema\/logo\/image\/","url":"https:\/\/www.legislapp.com.br\/wp-content\/uploads\/icon.png","contentUrl":"https:\/\/www.legislapp.com.br\/wp-content\/uploads\/icon.png","width":1024,"height":1024,"caption":"Legislapp Monitoramento e Intelig\u00eancia Governamental"},"image":{"@id":"https:\/\/www.legislapp.com.br\/#\/schema\/logo\/image\/"},"sameAs":["https:\/\/www.instagram.com\/legislapp\/"]}]}},"_links":{"self":[{"href":"https:\/\/www.legislapp.com.br\/index.php\/wp-json\/wp\/v2\/pages\/5057","targetHints":{"allow":["GET"]}}],"collection":[{"href":"https:\/\/www.legislapp.com.br\/index.php\/wp-json\/wp\/v2\/pages"}],"about":[{"href":"https:\/\/www.legislapp.com.br\/index.php\/wp-json\/wp\/v2\/types\/page"}],"author":[{"embeddable":true,"href":"https:\/\/www.legislapp.com.br\/index.php\/wp-json\/wp\/v2\/users\/1"}],"replies":[{"embeddable":true,"href":"https:\/\/www.legislapp.com.br\/index.php\/wp-json\/wp\/v2\/comments?post=5057"}],"version-history":[{"count":0,"href":"https:\/\/www.legislapp.com.br\/index.php\/wp-json\/wp\/v2\/pages\/5057\/revisions"}],"wp:attachment":[{"href":"https:\/\/www.legislapp.com.br\/index.php\/wp-json\/wp\/v2\/media?parent=5057"}],"curies":[{"name":"wp","href":"https:\/\/api.w.org\/{rel}","templated":true}]}}