{"id":5912,"date":"2025-06-25T10:10:05","date_gmt":"2025-06-25T13:10:05","guid":{"rendered":"https:\/\/www.legislapp.com.br\/index.php\/camara-pl-2501-2024\/"},"modified":"2025-06-25T10:10:05","modified_gmt":"2025-06-25T13:10:05","slug":"camara-pl-2501-2024","status":"publish","type":"page","link":"https:\/\/www.legislapp.com.br\/index.php\/camara-pl-2501-2024\/","title":{"rendered":"PL 2501\/2024 &#8211; Z\u00e9 Silva"},"content":{"rendered":"<h1 style='text-align: center;'>C\u00e2mara &#8211; Autoria de Z\u00e9 Silva<br \/><img src='https:\/\/www.camara.leg.br\/internet\/deputado\/bandep\/160632.jpg' alt='Z\u00e9 Silva' \/><\/h3>\n<p><\/p>\n<article style='text-align: center'>Altera as Leis n\u00ba 11.326, de 24 de julho de 2006, n\u00ba 11.947, de 16 de junho de 2009, e n\u00ba 14.628, de 20 de julho de 2023, para prever a inclus\u00e3o do jovem rural entre os fornecedores de g\u00eaneros aliment\u00edcios diretamente da agricultura familiar para o Programa Nacional de Alimenta\u00e7\u00e3o Escolar.<\/article>\n<p><\/p>\n<p style='text-align: center'><a href='https:\/\/app.legislapp.com.br\/#\/busca?termo=Altera\u00e7\u00e3o'>Altera\u00e7\u00e3o<\/a>, <a href='https:\/\/app.legislapp.com.br\/#\/busca?termo=Lei da Agricultura Familiar (2006)'>Lei da Agricultura Familiar (2006)<\/a>, <a href='https:\/\/app.legislapp.com.br\/#\/busca?termo=Lei da Alimenta\u00e7\u00e3o Escolar (2009)'>Lei da Alimenta\u00e7\u00e3o Escolar (2009)<\/a>, <a href='https:\/\/app.legislapp.com.br\/#\/busca?termo=Lei Federal'>Lei Federal<\/a>, <a href='https:\/\/app.legislapp.com.br\/#\/busca?termo=inclus\u00e3o'>inclus\u00e3o<\/a>, <a href='https:\/\/app.legislapp.com.br\/#\/busca?termo=Jovem rural'>Jovem rural<\/a>, <a href='https:\/\/app.legislapp.com.br\/#\/busca?termo=Programa Nacional de Alimenta\u00e7\u00e3o Escolar (Pnae)'>Programa Nacional de Alimenta\u00e7\u00e3o Escolar (Pnae)<\/a>, <a href='https:\/\/app.legislapp.com.br\/#\/busca?termo=Programa de Aquisi\u00e7\u00e3o de Alimentos (PAA)'>Programa de Aquisi\u00e7\u00e3o de Alimentos (PAA)<\/a>, <a href='https:\/\/app.legislapp.com.br\/#\/busca?termo=fornecimento'>fornecimento<\/a>, <a href='https:\/\/app.legislapp.com.br\/#\/busca?termo=alimento'>alimento<\/a>, <a href='https:\/\/app.legislapp.com.br\/#\/busca?termo=agricultura familiar.'>agricultura familiar.<\/a><\/p>\n<p><\/p>\n<article>PROJETO DE LEI N\u00ba          , DE 2024<br \/>\n(Do Sr. Z\u00c9 SILVA)<br \/>\nAltera as Leis n\u00ba 11.326, de 24 de julho<br \/>\nde 2006, n\u00ba 11.947, de 16 de junho de 2009,<br \/>\ne n\u00ba 14.628, de 20 de julho de 2023, para<br \/>\nprever a inclus\u00e3o do jovem rural entre os<br \/>\nfornecedores de g\u00eaneros aliment\u00edcios<br \/>\ndiretamente da agricultura familiar para o<br \/>\nPrograma Nacional de Alimenta\u00e7\u00e3o Escolar.<br \/>\nO Congresso Nacional decreta:<br \/>\nArt. 1\u00ba \u00c9 inserido inciso VII no \u00a7 2\u00ba do art. 3\u00ba da Lei n\u00ba 11.326,<br \/>\nde 24 de julho de 2006, com a seguinte reda\u00e7\u00e3o:<br \/>\n\u201cArt. 3\u00ba&#8230;&#8230;&#8230;&#8230;&#8230;&#8230;&#8230;&#8230;&#8230;&#8230;&#8230;&#8230;&#8230;&#8230;&#8230;&#8230;&#8230;&#8230;&#8230;&#8230;&#8230;&#8230;&#8230;&#8230;&#8230;&#8230;&#8230;&#8230;&#8230;<br \/>\n&#8230;&#8230;&#8230;&#8230;&#8230;&#8230;&#8230;&#8230;&#8230;&#8230;&#8230;&#8230;&#8230;&#8230;&#8230;&#8230;&#8230;&#8230;&#8230;&#8230;&#8230;&#8230;&#8230;&#8230;&#8230;&#8230;&#8230;&#8230;&#8230;&#8230;&#8230;&#8230;..<br \/>\n\u00a7 2\u00ba&#8230;&#8230;&#8230;&#8230;&#8230;&#8230;&#8230;&#8230;&#8230;&#8230;&#8230;&#8230;&#8230;&#8230;&#8230;&#8230;&#8230;&#8230;&#8230;&#8230;&#8230;&#8230;&#8230;&#8230;&#8230;&#8230;&#8230;&#8230;&#8230;&#8230;..<br \/>\n&#8230;&#8230;&#8230;&#8230;&#8230;&#8230;&#8230;&#8230;&#8230;&#8230;&#8230;&#8230;&#8230;&#8230;&#8230;&#8230;&#8230;&#8230;&#8230;&#8230;&#8230;&#8230;&#8230;&#8230;&#8230;&#8230;&#8230;&#8230;&#8230;&#8230;&#8230;&#8230;..<br \/>\nVII &#8211; jovens rurais com idade entre 15 (quinze) e 29 (vinte e<br \/>\nnove) anos.<br \/>\n&#8230;&#8230;&#8230;&#8230;&#8230;&#8230;&#8230;&#8230;&#8230;&#8230;&#8230;&#8230;&#8230;&#8230;&#8230;&#8230;&#8230;&#8230;&#8230;&#8230;&#8230;&#8230;&#8230;&#8230;&#8230;&#8230;\u201d (NR)<br \/>\nArt. 2\u00ba O art. 14 da Lei n\u00ba 11.947, de 16 de junho de 2009,<br \/>\npassa a vigorar com a seguinte reda\u00e7\u00e3o:<br \/>\n\u201cArt. 14. Do total dos recursos financeiros repassados pelo<br \/>\nFNDE, no \u00e2mbito do PNAE, no m\u00ednimo 30% (trinta por cento)<br \/>\ndever\u00e3o ser utilizados na aquisi\u00e7\u00e3o de g\u00eaneros aliment\u00edcios<br \/>\ndiretamente da agricultura familiar e do empreendedor familiar<br \/>\nrural ou de suas organiza\u00e7\u00f5es, priorizando-se os<br \/>\nassentamentos da reforma agr\u00e1ria, as comunidades<br \/>\ntradicionais ind\u00edgenas, as comunidades quilombolas e os<br \/>\ngrupos formais e informais de mulheres e de jovens rurais:<br \/>\n&#8230;&#8230;&#8230;&#8230;&#8230;&#8230;&#8230;&#8230;&#8230;&#8230;&#8230;&#8230;&#8230;&#8230;&#8230;&#8230;&#8230;&#8230;&#8230;&#8230;&#8230;&#8230;&#8230;&#8230;&#8230;&#8230;&#8230;&#8230;&#8230;&#8230;&#8230;..<br \/>\n\u00a7 4\u00ba A aquisi\u00e7\u00e3o dos g\u00eaneros aliment\u00edcios de que trata o caput<br \/>\ndeste artigo, sem preju\u00edzo do disposto no \u00a7 3\u00ba, quando<br \/>\ncomprados de fam\u00edlia rural individual, ser\u00e1 feita no nome do<br \/>\nPara verificar a assinatura, acesse https:\/\/infoleg-autenticidade-assinatura.camara.leg.br\/CD241023385000<br \/>\nAssinado eletronicamente pelo(a) Dep. Z\u00e9 Silva<br \/>\nApresenta\u00e7\u00e3o: 20\/06\/2024 09:17:28.460 &#8211; MESA<br \/>\n*CD241023385000* PL n.2501\/20242<br \/>\nfilho considerado jovem rural, em no m\u00ednimo 10% (dez por<br \/>\ncento) do valor adquirido.\u201d (NR)<br \/>\nArt. 3\u00ba \u00c9 acrescentado o \u00a7 3\u00ba ao art. 8\u00ba da Lei n\u00ba 14.628, de 20<br \/>\nde julho de 2023, com a seguinte reda\u00e7\u00e3o:<br \/>\n\u201cArt. 8\u00ba&#8230;&#8230;&#8230;&#8230;&#8230;&#8230;&#8230;&#8230;&#8230;&#8230;&#8230;&#8230;&#8230;&#8230;&#8230;&#8230;&#8230;&#8230;&#8230;&#8230;&#8230;&#8230;&#8230;&#8230;&#8230;&#8230;&#8230;&#8230;..<br \/>\n&#8230;&#8230;&#8230;&#8230;&#8230;&#8230;&#8230;&#8230;&#8230;&#8230;&#8230;&#8230;&#8230;&#8230;&#8230;&#8230;&#8230;&#8230;&#8230;&#8230;&#8230;&#8230;&#8230;&#8230;&#8230;&#8230;&#8230;&#8230;&#8230;&#8230;&#8230;&#8230;.<br \/>\n\u00a7 3\u00ba Ser\u00e1 garantida a participa\u00e7\u00e3o m\u00ednima de 50% (cinquenta<br \/>\npor cento) de mulheres e 10% (dez por cento) de jovens rurais,<br \/>\nna execu\u00e7\u00e3o do PAA no conjunto de suas modalidades.<br \/>\n&#8230;&#8230;&#8230;&#8230;&#8230;&#8230;&#8230;&#8230;&#8230;&#8230;&#8230;&#8230;&#8230;&#8230;&#8230;&#8230;&#8230;&#8230;&#8230;&#8230;&#8230;&#8230;&#8230;&#8230;&#8230;&#8230;&#8230;&#8230;&#8230;\u201d(NR)<br \/>\nArt. 4\u00ba Esta Lei entra em vigor na data de sua publica\u00e7\u00e3o.<br \/>\nJUSTIFICA\u00c7\u00c3O<br \/>\nO Programa Nacional de Alimenta\u00e7\u00e3o Escolar (PNAE)<br \/>\ndesempenha um papel crucial ao fornecer alimenta\u00e7\u00e3o escolar e educa\u00e7\u00e3o<br \/>\nalimentar a estudantes da educa\u00e7\u00e3o b\u00e1sica p\u00fablica ao longo de 200 dias<br \/>\nletivos. Em resposta \u00e0 pandemia de Covid-19 em 2020, nosso substitutivo ao<br \/>\nProjeto de Lei n\u00ba 786\/2020 foi transformado na Lei 13.987\/2020, garantindo a<br \/>\ndistribui\u00e7\u00e3o dos alimentos da merenda escolar \u00e0s fam\u00edlias dos estudantes,<br \/>\nassegurando a nutri\u00e7\u00e3o de 42 milh\u00f5es de alunos em todo o Brasil.<br \/>\nA Lei n\u00ba 11.947\/2009 estipula que pelo menos 30% dos<br \/>\nrecursos do PNAE devem ser direcionados \u00e0 compra de alimentos da<br \/>\nagricultura familiar, uma conquista que tem impulsionado a economia rural.<br \/>\nDesde ent\u00e3o, nossos esfor\u00e7os t\u00eam sido para estruturar espa\u00e7os onde<br \/>\nagricultores possam vender seus produtos, como feiras livres, fundamentais<br \/>\npara integrar produ\u00e7\u00e3o e cultura local. Os limites de compra por ano por<br \/>\nprodutor carecem de atualiza\u00e7\u00e3o recorrente, com nossa atua\u00e7\u00e3o foram<br \/>\nelevados de R$ 20.000 para R$ 40.000 por ano, pela Resolu\u00e7\u00e3o n\u00ba 21\/2021,<br \/>\nresultado da nossa Indica\u00e7\u00e3o INC 1255\/2021.<br \/>\nAl\u00e9m disso, a inclus\u00e3o dos jovens rurais como fornecedores de<br \/>\nalimentos para o PNAE, conforme proposto, visa n\u00e3o apenas promover a<br \/>\nPara verificar a assinatura, acesse https:\/\/infoleg-autenticidade-assinatura.camara.leg.br\/CD241023385000<br \/>\nAssinado eletronicamente pelo(a) Dep. Z\u00e9 Silva<br \/>\nApresenta\u00e7\u00e3o: 20\/06\/2024 09:17:28.460 &#8211; MESA<br \/>\n*CD241023385000* PL n.2501\/20243<br \/>\nparticipa\u00e7\u00e3o social e o desenvolvimento integral dos jovens, mas tamb\u00e9m<br \/>\nfortalecer a produ\u00e7\u00e3o e a comercializa\u00e7\u00e3o na agricultura familiar.<br \/>\nEssas iniciativas destacam a import\u00e2ncia cont\u00ednua de pol\u00edticas<br \/>\np\u00fablicas que apoiam a agricultura familiar, n\u00e3o apenas como um meio de<br \/>\nfornecer alimentos saud\u00e1veis, mas tamb\u00e9m como um motor econ\u00f4mico crucial<br \/>\npara comunidades rurais em todo o Brasil.<br \/>\nA Lei n\u00ba 12.852\/2013 (Estatuto da Juventude) define a faixa<br \/>\net\u00e1ria de 15 a 29 anos como a que constitui o segmento dos jovens. Entre os<br \/>\nprinc\u00edpios deste diploma est\u00e3o a valoriza\u00e7\u00e3o e promo\u00e7\u00e3o da participa\u00e7\u00e3o social<br \/>\n(art. 2\u00ba, II) e a promo\u00e7\u00e3o do bem-estar, da experimenta\u00e7\u00e3o e do<br \/>\ndesenvolvimento integral do jovem (art. 2\u00ba, V). Prev\u00ea, ainda que (art. 15, VI, \u201ca\u201d<br \/>\ne \u201cd\u2019) a a\u00e7\u00e3o do poder p\u00fablico na efetiva\u00e7\u00e3o do direito do jovem \u00e0<br \/>\nprofissionaliza\u00e7\u00e3o, ao trabalho e \u00e0 renda contempla a ado\u00e7\u00e3o de, entre outras<br \/>\nmedidas, o apoio ao jovem trabalhador rural na organiza\u00e7\u00e3o da produ\u00e7\u00e3o da<br \/>\nagricultura familiar e dos empreendimentos familiares rurais, por meio de a\u00e7\u00f5es<br \/>\ncomo o est\u00edmulo \u00e0 produ\u00e7\u00e3o e \u00e0 diversifica\u00e7\u00e3o de produtos e \u00e0 comercializa\u00e7\u00e3o<br \/>\ndireta da produ\u00e7\u00e3o da agricultura familiar, aos empreendimentos familiares<br \/>\nrurais e \u00e0 forma\u00e7\u00e3o de cooperativas.<br \/>\nA presente Proposi\u00e7\u00e3o visa dar concretude a esses princ\u00edpios,<br \/>\npor meio da inclus\u00e3o do jovem rural entre os atores que s\u00e3o os fornecedores<br \/>\nde g\u00eaneros aliment\u00edcios diretamente da agricultura familiar para o Programa<br \/>\nNacional de Alimenta\u00e7\u00e3o Escolar.<br \/>\nSala das Sess\u00f5es, em        de                     de 2024.<br \/>\nDeputado Z\u00c9 SILVA<br \/>\nPara verificar a assinatura, acesse https:\/\/infoleg-autenticidade-assinatura.camara.leg.br\/CD241023385000<br \/>\nAssinado eletronicamente pelo(a) Dep. Z\u00e9 Silva<br \/>\nApresenta\u00e7\u00e3o: 20\/06\/2024 09:17:28.460 &#8211; MESA<br \/>\n*CD241023385000* PL n.2501\/2024<\/article>\n<div style=\"text-align: center\">\n<div style=\"margin-bottom: 20px;\" class=\"et_pb_button_module_wrapper et_pb_button_5_tb_body_wrapper et_pb_button_alignment_center et_pb_module \">\n         <a class=\"et_pb_button et_pb_button_5_tb_body et_hover_enabled et_pb_bg_layout_dark\" style=\"width: 50%;background-color: black;\" href=\"https:\/\/app.legislapp.com.br\" target=\"_blank\" rel=\"noopener\">Visualizar completo na nossa plataforma (30 dias gr\u00e1tis)<\/a><\/p><\/div>\n<p>      <a href=\"https:\/\/play.google.com\/store\/apps\/details?id=br.com.legislapp\"><img decoding=\"async\" style=\"width: 15%; min-width: 130px;\" src=\"https:\/\/www.legislapp.com.br\/wp-content\/uploads\/google-play.png\"><\/a><br \/>\n      <a href=\"https:\/\/apps.apple.com\/us\/app\/legislapp\/id1568929859\"><img decoding=\"async\" style=\"width: 15%; min-width: 130px\" src=\"https:\/\/www.legislapp.com.br\/wp-content\/uploads\/apple-store.png\"><\/a>\n   <\/div>\n","protected":false},"excerpt":{"rendered":"<p>C\u00e2mara &#8211; Autoria de Z\u00e9 Silva Altera as Leis n\u00ba 11.326, de 24 de julho de 2006, n\u00ba 11.947, de 16 de junho de 2009, e n\u00ba 14.628, de 20 de julho de 2023, para prever a inclus\u00e3o do jovem rural entre os fornecedores de g\u00eaneros aliment\u00edcios diretamente da agricultura familiar para o Programa Nacional [&hellip;]<\/p>\n","protected":false},"author":1,"featured_media":0,"parent":0,"menu_order":0,"comment_status":"closed","ping_status":"closed","template":"page-template-blank.php","meta":{"_et_pb_use_builder":"","_et_pb_old_content":"","_et_gb_content_width":"1080","ngg_post_thumbnail":0,"footnotes":""},"class_list":["post-5912","page","type-page","status-publish","hentry"],"yoast_head":"<!-- This site is optimized with the Yoast SEO plugin v24.4 - https:\/\/yoast.com\/wordpress\/plugins\/seo\/ -->\n<title>PL 2501\/2024 - Z\u00e9 Silva - Legislapp<\/title>\n<meta name=\"robots\" content=\"index, follow, max-snippet:-1, max-image-preview:large, max-video-preview:-1\" \/>\n<link rel=\"canonical\" href=\"https:\/\/www.legislapp.com.br\/index.php\/camara-pl-2501-2024\/\" \/>\n<meta property=\"og:locale\" content=\"pt_BR\" \/>\n<meta property=\"og:type\" content=\"article\" \/>\n<meta property=\"og:title\" content=\"PL 2501\/2024 - Z\u00e9 Silva - Legislapp\" \/>\n<meta property=\"og:description\" content=\"C\u00e2mara &#8211; Autoria de Z\u00e9 Silva Altera as Leis n\u00ba 11.326, de 24 de julho de 2006, n\u00ba 11.947, de 16 de junho de 2009, e n\u00ba 14.628, de 20 de julho de 2023, para prever a inclus\u00e3o do jovem rural entre os fornecedores de g\u00eaneros aliment\u00edcios diretamente da agricultura familiar para o Programa Nacional [&hellip;]\" \/>\n<meta property=\"og:url\" content=\"https:\/\/www.legislapp.com.br\/index.php\/camara-pl-2501-2024\/\" \/>\n<meta property=\"og:site_name\" content=\"Legislapp\" \/>\n<meta property=\"article:publisher\" content=\"https:\/\/www.instagram.com\/legislapp\/\" \/>\n<meta property=\"og:image\" content=\"https:\/\/www.camara.leg.br\/internet\/deputado\/bandep\/160632.jpg\" \/>\n<meta name=\"twitter:card\" content=\"summary_large_image\" \/>\n<meta name=\"twitter:label1\" content=\"Est. tempo de leitura\" \/>\n\t<meta name=\"twitter:data1\" content=\"5 minutos\" \/>\n<script type=\"application\/ld+json\" class=\"yoast-schema-graph\">{\"@context\":\"https:\/\/schema.org\",\"@graph\":[{\"@type\":\"WebPage\",\"@id\":\"https:\/\/www.legislapp.com.br\/index.php\/camara-pl-2501-2024\/\",\"url\":\"https:\/\/www.legislapp.com.br\/index.php\/camara-pl-2501-2024\/\",\"name\":\"PL 2501\/2024 - Z\u00e9 Silva - Legislapp\",\"isPartOf\":{\"@id\":\"https:\/\/www.legislapp.com.br\/#website\"},\"primaryImageOfPage\":{\"@id\":\"https:\/\/www.legislapp.com.br\/index.php\/camara-pl-2501-2024\/#primaryimage\"},\"image\":{\"@id\":\"https:\/\/www.legislapp.com.br\/index.php\/camara-pl-2501-2024\/#primaryimage\"},\"thumbnailUrl\":\"https:\/\/www.camara.leg.br\/internet\/deputado\/bandep\/160632.jpg\",\"datePublished\":\"2025-06-25T13:10:05+00:00\",\"breadcrumb\":{\"@id\":\"https:\/\/www.legislapp.com.br\/index.php\/camara-pl-2501-2024\/#breadcrumb\"},\"inLanguage\":\"pt-BR\",\"potentialAction\":[{\"@type\":\"ReadAction\",\"target\":[\"https:\/\/www.legislapp.com.br\/index.php\/camara-pl-2501-2024\/\"]}]},{\"@type\":\"ImageObject\",\"inLanguage\":\"pt-BR\",\"@id\":\"https:\/\/www.legislapp.com.br\/index.php\/camara-pl-2501-2024\/#primaryimage\",\"url\":\"https:\/\/www.camara.leg.br\/internet\/deputado\/bandep\/160632.jpg\",\"contentUrl\":\"https:\/\/www.camara.leg.br\/internet\/deputado\/bandep\/160632.jpg\"},{\"@type\":\"BreadcrumbList\",\"@id\":\"https:\/\/www.legislapp.com.br\/index.php\/camara-pl-2501-2024\/#breadcrumb\",\"itemListElement\":[{\"@type\":\"ListItem\",\"position\":1,\"name\":\"In\u00edcio\",\"item\":\"https:\/\/www.legislapp.com.br\/\"},{\"@type\":\"ListItem\",\"position\":2,\"name\":\"PL 2501\/2024 &#8211; Z\u00e9 Silva\"}]},{\"@type\":\"WebSite\",\"@id\":\"https:\/\/www.legislapp.com.br\/#website\",\"url\":\"https:\/\/www.legislapp.com.br\/\",\"name\":\"Legislapp\",\"description\":\"Intelig\u00eancia governamental em tempo real\",\"publisher\":{\"@id\":\"https:\/\/www.legislapp.com.br\/#organization\"},\"potentialAction\":[{\"@type\":\"SearchAction\",\"target\":{\"@type\":\"EntryPoint\",\"urlTemplate\":\"https:\/\/www.legislapp.com.br\/?s={search_term_string}\"},\"query-input\":{\"@type\":\"PropertyValueSpecification\",\"valueRequired\":true,\"valueName\":\"search_term_string\"}}],\"inLanguage\":\"pt-BR\"},{\"@type\":\"Organization\",\"@id\":\"https:\/\/www.legislapp.com.br\/#organization\",\"name\":\"Legislapp Monitoramento e Intelig\u00eancia Governamental\",\"url\":\"https:\/\/www.legislapp.com.br\/\",\"logo\":{\"@type\":\"ImageObject\",\"inLanguage\":\"pt-BR\",\"@id\":\"https:\/\/www.legislapp.com.br\/#\/schema\/logo\/image\/\",\"url\":\"https:\/\/www.legislapp.com.br\/wp-content\/uploads\/icon.png\",\"contentUrl\":\"https:\/\/www.legislapp.com.br\/wp-content\/uploads\/icon.png\",\"width\":1024,\"height\":1024,\"caption\":\"Legislapp Monitoramento e Intelig\u00eancia Governamental\"},\"image\":{\"@id\":\"https:\/\/www.legislapp.com.br\/#\/schema\/logo\/image\/\"},\"sameAs\":[\"https:\/\/www.instagram.com\/legislapp\/\"]}]}<\/script>\n<!-- \/ Yoast SEO plugin. -->","yoast_head_json":{"title":"PL 2501\/2024 - Z\u00e9 Silva - Legislapp","robots":{"index":"index","follow":"follow","max-snippet":"max-snippet:-1","max-image-preview":"max-image-preview:large","max-video-preview":"max-video-preview:-1"},"canonical":"https:\/\/www.legislapp.com.br\/index.php\/camara-pl-2501-2024\/","og_locale":"pt_BR","og_type":"article","og_title":"PL 2501\/2024 - Z\u00e9 Silva - Legislapp","og_description":"C\u00e2mara &#8211; Autoria de Z\u00e9 Silva Altera as Leis n\u00ba 11.326, de 24 de julho de 2006, n\u00ba 11.947, de 16 de junho de 2009, e n\u00ba 14.628, de 20 de julho de 2023, para prever a inclus\u00e3o do jovem rural entre os fornecedores de g\u00eaneros aliment\u00edcios diretamente da agricultura familiar para o Programa Nacional [&hellip;]","og_url":"https:\/\/www.legislapp.com.br\/index.php\/camara-pl-2501-2024\/","og_site_name":"Legislapp","article_publisher":"https:\/\/www.instagram.com\/legislapp\/","og_image":[{"url":"https:\/\/www.camara.leg.br\/internet\/deputado\/bandep\/160632.jpg","type":"","width":"","height":""}],"twitter_card":"summary_large_image","twitter_misc":{"Est. tempo de leitura":"5 minutos"},"schema":{"@context":"https:\/\/schema.org","@graph":[{"@type":"WebPage","@id":"https:\/\/www.legislapp.com.br\/index.php\/camara-pl-2501-2024\/","url":"https:\/\/www.legislapp.com.br\/index.php\/camara-pl-2501-2024\/","name":"PL 2501\/2024 - Z\u00e9 Silva - Legislapp","isPartOf":{"@id":"https:\/\/www.legislapp.com.br\/#website"},"primaryImageOfPage":{"@id":"https:\/\/www.legislapp.com.br\/index.php\/camara-pl-2501-2024\/#primaryimage"},"image":{"@id":"https:\/\/www.legislapp.com.br\/index.php\/camara-pl-2501-2024\/#primaryimage"},"thumbnailUrl":"https:\/\/www.camara.leg.br\/internet\/deputado\/bandep\/160632.jpg","datePublished":"2025-06-25T13:10:05+00:00","breadcrumb":{"@id":"https:\/\/www.legislapp.com.br\/index.php\/camara-pl-2501-2024\/#breadcrumb"},"inLanguage":"pt-BR","potentialAction":[{"@type":"ReadAction","target":["https:\/\/www.legislapp.com.br\/index.php\/camara-pl-2501-2024\/"]}]},{"@type":"ImageObject","inLanguage":"pt-BR","@id":"https:\/\/www.legislapp.com.br\/index.php\/camara-pl-2501-2024\/#primaryimage","url":"https:\/\/www.camara.leg.br\/internet\/deputado\/bandep\/160632.jpg","contentUrl":"https:\/\/www.camara.leg.br\/internet\/deputado\/bandep\/160632.jpg"},{"@type":"BreadcrumbList","@id":"https:\/\/www.legislapp.com.br\/index.php\/camara-pl-2501-2024\/#breadcrumb","itemListElement":[{"@type":"ListItem","position":1,"name":"In\u00edcio","item":"https:\/\/www.legislapp.com.br\/"},{"@type":"ListItem","position":2,"name":"PL 2501\/2024 &#8211; Z\u00e9 Silva"}]},{"@type":"WebSite","@id":"https:\/\/www.legislapp.com.br\/#website","url":"https:\/\/www.legislapp.com.br\/","name":"Legislapp","description":"Intelig\u00eancia governamental em tempo real","publisher":{"@id":"https:\/\/www.legislapp.com.br\/#organization"},"potentialAction":[{"@type":"SearchAction","target":{"@type":"EntryPoint","urlTemplate":"https:\/\/www.legislapp.com.br\/?s={search_term_string}"},"query-input":{"@type":"PropertyValueSpecification","valueRequired":true,"valueName":"search_term_string"}}],"inLanguage":"pt-BR"},{"@type":"Organization","@id":"https:\/\/www.legislapp.com.br\/#organization","name":"Legislapp Monitoramento e Intelig\u00eancia Governamental","url":"https:\/\/www.legislapp.com.br\/","logo":{"@type":"ImageObject","inLanguage":"pt-BR","@id":"https:\/\/www.legislapp.com.br\/#\/schema\/logo\/image\/","url":"https:\/\/www.legislapp.com.br\/wp-content\/uploads\/icon.png","contentUrl":"https:\/\/www.legislapp.com.br\/wp-content\/uploads\/icon.png","width":1024,"height":1024,"caption":"Legislapp Monitoramento e Intelig\u00eancia Governamental"},"image":{"@id":"https:\/\/www.legislapp.com.br\/#\/schema\/logo\/image\/"},"sameAs":["https:\/\/www.instagram.com\/legislapp\/"]}]}},"_links":{"self":[{"href":"https:\/\/www.legislapp.com.br\/index.php\/wp-json\/wp\/v2\/pages\/5912","targetHints":{"allow":["GET"]}}],"collection":[{"href":"https:\/\/www.legislapp.com.br\/index.php\/wp-json\/wp\/v2\/pages"}],"about":[{"href":"https:\/\/www.legislapp.com.br\/index.php\/wp-json\/wp\/v2\/types\/page"}],"author":[{"embeddable":true,"href":"https:\/\/www.legislapp.com.br\/index.php\/wp-json\/wp\/v2\/users\/1"}],"replies":[{"embeddable":true,"href":"https:\/\/www.legislapp.com.br\/index.php\/wp-json\/wp\/v2\/comments?post=5912"}],"version-history":[{"count":0,"href":"https:\/\/www.legislapp.com.br\/index.php\/wp-json\/wp\/v2\/pages\/5912\/revisions"}],"wp:attachment":[{"href":"https:\/\/www.legislapp.com.br\/index.php\/wp-json\/wp\/v2\/media?parent=5912"}],"curies":[{"name":"wp","href":"https:\/\/api.w.org\/{rel}","templated":true}]}}