{"id":5917,"date":"2025-06-25T10:10:22","date_gmt":"2025-06-25T13:10:22","guid":{"rendered":"https:\/\/www.legislapp.com.br\/index.php\/senado-pl-1533-2023\/"},"modified":"2025-06-25T10:10:22","modified_gmt":"2025-06-25T13:10:22","slug":"senado-pl-1533-2023","status":"publish","type":"page","link":"https:\/\/www.legislapp.com.br\/index.php\/senado-pl-1533-2023\/","title":{"rendered":"PL 1533\/2023 &#8211; C\u00e2mara dos Deputados"},"content":{"rendered":"<h1 style='text-align: center;'>Senado &#8211; Autoria de C\u00e2mara dos Deputados<\/h3>\n<p><\/p>\n<article style='text-align: center'>Altera o art. 98 da Lei n\u00ba 8.171, de 17 de janeiro de 1991, para dispor sobre o uso das faixas de dom\u00ednio ao longo das rodovias.<\/article>\n<p><\/p>\n<p style='text-align: center'><a href='https:\/\/app.legislapp.com.br\/#\/busca?termo=ALTERA\u00c7\u00c3O'>ALTERA\u00c7\u00c3O<\/a>, <a href='https:\/\/app.legislapp.com.br\/#\/busca?termo=LEI FEDERAL'>LEI FEDERAL<\/a>, <a href='https:\/\/app.legislapp.com.br\/#\/busca?termo=CRITERIOS'>CRITERIOS<\/a>, <a href='https:\/\/app.legislapp.com.br\/#\/busca?termo=AUTORIZA\u00c7\u00c3O'>AUTORIZA\u00c7\u00c3O<\/a>, <a href='https:\/\/app.legislapp.com.br\/#\/busca?termo=EXECUTIVO'>EXECUTIVO<\/a>, <a href='https:\/\/app.legislapp.com.br\/#\/busca?termo=OUTORGA'>OUTORGA<\/a>, <a href='https:\/\/app.legislapp.com.br\/#\/busca?termo=CONCESS\u00c3O DE USO'>CONCESS\u00c3O DE USO<\/a>, <a href='https:\/\/app.legislapp.com.br\/#\/busca?termo=MARGEM'>MARGEM<\/a>, <a href='https:\/\/app.legislapp.com.br\/#\/busca?termo=RODOVIA'>RODOVIA<\/a>, <a href='https:\/\/app.legislapp.com.br\/#\/busca?termo=DESTINA\u00c7\u00c3O'>DESTINA\u00c7\u00c3O<\/a>, <a href='https:\/\/app.legislapp.com.br\/#\/busca?termo=PROPRIETARIO'>PROPRIETARIO<\/a>, <a href='https:\/\/app.legislapp.com.br\/#\/busca?termo=LOTE'>LOTE<\/a>, <a href='https:\/\/app.legislapp.com.br\/#\/busca?termo=IMOVEL'>IMOVEL<\/a>, <a href='https:\/\/app.legislapp.com.br\/#\/busca?termo=TERRENO LIMITROFE'>TERRENO LIMITROFE<\/a>, <a href='https:\/\/app.legislapp.com.br\/#\/busca?termo=OBJETIVO'>OBJETIVO<\/a>, <a href='https:\/\/app.legislapp.com.br\/#\/busca?termo=CULTIVO'>CULTIVO<\/a>, <a href='https:\/\/app.legislapp.com.br\/#\/busca?termo=REFLORESTAMENTO'>REFLORESTAMENTO<\/a>, <a href='https:\/\/app.legislapp.com.br\/#\/busca?termo=VEGETA\u00c7\u00c3O NATIVA .'>VEGETA\u00c7\u00c3O NATIVA .<\/a><\/p>\n<p><\/p>\n<article>REQUERIMENTO<br \/>\n(Do Sr. CARLOS NADER)<br \/>\nRequer o envio de Indica\u00e7\u00e3o ao Poder<br \/>\nExecutivo, sugerindo distribui\u00e7\u00e3o de merenda<br \/>\nadequada para alunos portadores de diabetes<br \/>\nda Rede de Ensino P\u00fablica do Munic\u00edpio de<br \/>\nS\u00e3o Jos\u00e9 do Vale do Rio Preto  -RJ .<br \/>\nSenhor Presidente:<br \/>\nNos termos do art. 113, inciso I e \u00a7 1\u00ba, do Regimento Interno<br \/>\nda C\u00e2mara dos Deputados, requero a Vossa Excel\u00eancia, seja encaminhada ao<br \/>\nPoder Executivo a Indica\u00e7\u00e3o em anexo, sugerindo a  distribui\u00e7\u00e3o de merenda<br \/>\nescolar adequada para alunos portadores de diabetes da Rede de Ensino<br \/>\nP\u00fablica , no Munic\u00edpio de S\u00e3o Jos\u00e9 do Vale do Rio Preto -RJ .<br \/>\nSala das Sess\u00f5es, em             de                            de 2004.<br \/>\nDeputado CARLOS NADERINDICA\u00c7\u00c3O N\u00ba              DE 2004.<br \/>\n( Do Sr. CARLOS NADER)<br \/>\nSugere a distribui\u00e7\u00e3o de merenda adequada<br \/>\npara alunos portadores de diabetes da Rede de<br \/>\nEnsino  P\u00fablica  do  Munic\u00edpio de S\u00e3o Jos\u00e9 do<br \/>\nVale do Rio Preto  -RJ .<br \/>\n                           Excelent\u00edssimo Senhor Ministro de Estado da Educa\u00e7\u00e3o:<br \/>\nConsiderando que  h\u00e1  in\u00fameras crian\u00e7as portadoras de diabetes<br \/>\nna Rede de Ensino P\u00fablica, que em  grande maioria n\u00e3o possuem condi\u00e7\u00f5es de<br \/>\nmanter alimenta\u00e7\u00e3o adequada e, que podem ter na Escola  a merenda<br \/>\ndiferenciada para atender sua necessidade  patol\u00f3gica:<br \/>\nSugerimos que seja distribu\u00edda merenda adequada para alunos<br \/>\nportadores de diabetes da Rede P\u00fablica de Ensino do Munic\u00edpio de S\u00e3o Jos\u00e9<br \/>\ndo Vale do Rio Preto-RJ, auxiliando assim fam\u00edlias carentes  que tenham<br \/>\ncrian\u00e7as portadores de diabetes,  matriculadas e sem condi\u00e7\u00f5es de arcar com<br \/>\nmais este  \u00f4nus em sua  parca renda.<br \/>\nSala das Sess\u00f5es, em         de                       de 2004.<br \/>\nDeputado CARLOS NADER<\/article>\n<div style=\"text-align: center\">\n<div style=\"margin-bottom: 20px;\" class=\"et_pb_button_module_wrapper et_pb_button_5_tb_body_wrapper et_pb_button_alignment_center et_pb_module \">\n         <a class=\"et_pb_button et_pb_button_5_tb_body et_hover_enabled et_pb_bg_layout_dark\" style=\"width: 50%;background-color: black;\" href=\"https:\/\/app.legislapp.com.br\" target=\"_blank\" rel=\"noopener\">Visualizar completo na nossa plataforma (30 dias gr\u00e1tis)<\/a><\/p><\/div>\n<p>      <a href=\"https:\/\/play.google.com\/store\/apps\/details?id=br.com.legislapp\"><img decoding=\"async\" style=\"width: 15%; min-width: 130px;\" src=\"https:\/\/www.legislapp.com.br\/wp-content\/uploads\/google-play.png\"><\/a><br \/>\n      <a href=\"https:\/\/apps.apple.com\/us\/app\/legislapp\/id1568929859\"><img decoding=\"async\" style=\"width: 15%; min-width: 130px\" src=\"https:\/\/www.legislapp.com.br\/wp-content\/uploads\/apple-store.png\"><\/a>\n   <\/div>\n","protected":false},"excerpt":{"rendered":"<p>Senado &#8211; Autoria de C\u00e2mara dos Deputados Altera o art. 98 da Lei n\u00ba 8.171, de 17 de janeiro de 1991, para dispor sobre o uso das faixas de dom\u00ednio ao longo das rodovias. ALTERA\u00c7\u00c3O, LEI FEDERAL, CRITERIOS, AUTORIZA\u00c7\u00c3O, EXECUTIVO, OUTORGA, CONCESS\u00c3O DE USO, MARGEM, RODOVIA, DESTINA\u00c7\u00c3O, PROPRIETARIO, LOTE, IMOVEL, TERRENO LIMITROFE, OBJETIVO, CULTIVO, REFLORESTAMENTO, [&hellip;]<\/p>\n","protected":false},"author":1,"featured_media":0,"parent":0,"menu_order":0,"comment_status":"closed","ping_status":"closed","template":"page-template-blank.php","meta":{"_et_pb_use_builder":"","_et_pb_old_content":"","_et_gb_content_width":"1080","ngg_post_thumbnail":0,"footnotes":""},"class_list":["post-5917","page","type-page","status-publish","hentry"],"yoast_head":"<!-- This site is optimized with the Yoast SEO plugin v24.4 - https:\/\/yoast.com\/wordpress\/plugins\/seo\/ -->\n<title>PL 1533\/2023 - C\u00e2mara dos Deputados - Legislapp<\/title>\n<meta name=\"robots\" content=\"index, follow, max-snippet:-1, max-image-preview:large, max-video-preview:-1\" \/>\n<link rel=\"canonical\" href=\"https:\/\/www.legislapp.com.br\/index.php\/senado-pl-1533-2023\/\" \/>\n<meta property=\"og:locale\" content=\"pt_BR\" \/>\n<meta property=\"og:type\" content=\"article\" \/>\n<meta property=\"og:title\" content=\"PL 1533\/2023 - C\u00e2mara dos Deputados - Legislapp\" \/>\n<meta property=\"og:description\" content=\"Senado &#8211; Autoria de C\u00e2mara dos Deputados Altera o art. 98 da Lei n\u00ba 8.171, de 17 de janeiro de 1991, para dispor sobre o uso das faixas de dom\u00ednio ao longo das rodovias. ALTERA\u00c7\u00c3O, LEI FEDERAL, CRITERIOS, AUTORIZA\u00c7\u00c3O, EXECUTIVO, OUTORGA, CONCESS\u00c3O DE USO, MARGEM, RODOVIA, DESTINA\u00c7\u00c3O, PROPRIETARIO, LOTE, IMOVEL, TERRENO LIMITROFE, OBJETIVO, CULTIVO, REFLORESTAMENTO, [&hellip;]\" \/>\n<meta property=\"og:url\" content=\"https:\/\/www.legislapp.com.br\/index.php\/senado-pl-1533-2023\/\" \/>\n<meta property=\"og:site_name\" content=\"Legislapp\" \/>\n<meta property=\"article:publisher\" content=\"https:\/\/www.instagram.com\/legislapp\/\" \/>\n<meta property=\"og:image\" content=\"https:\/\/www.legislapp.com.br\/wp-content\/uploads\/google-play.png\" \/>\n<meta name=\"twitter:card\" content=\"summary_large_image\" \/>\n<meta name=\"twitter:label1\" content=\"Est. tempo de leitura\" \/>\n\t<meta name=\"twitter:data1\" content=\"2 minutos\" \/>\n<script type=\"application\/ld+json\" class=\"yoast-schema-graph\">{\"@context\":\"https:\/\/schema.org\",\"@graph\":[{\"@type\":\"WebPage\",\"@id\":\"https:\/\/www.legislapp.com.br\/index.php\/senado-pl-1533-2023\/\",\"url\":\"https:\/\/www.legislapp.com.br\/index.php\/senado-pl-1533-2023\/\",\"name\":\"PL 1533\/2023 - C\u00e2mara dos Deputados - Legislapp\",\"isPartOf\":{\"@id\":\"https:\/\/www.legislapp.com.br\/#website\"},\"primaryImageOfPage\":{\"@id\":\"https:\/\/www.legislapp.com.br\/index.php\/senado-pl-1533-2023\/#primaryimage\"},\"image\":{\"@id\":\"https:\/\/www.legislapp.com.br\/index.php\/senado-pl-1533-2023\/#primaryimage\"},\"thumbnailUrl\":\"https:\/\/www.legislapp.com.br\/wp-content\/uploads\/google-play.png\",\"datePublished\":\"2025-06-25T13:10:22+00:00\",\"breadcrumb\":{\"@id\":\"https:\/\/www.legislapp.com.br\/index.php\/senado-pl-1533-2023\/#breadcrumb\"},\"inLanguage\":\"pt-BR\",\"potentialAction\":[{\"@type\":\"ReadAction\",\"target\":[\"https:\/\/www.legislapp.com.br\/index.php\/senado-pl-1533-2023\/\"]}]},{\"@type\":\"ImageObject\",\"inLanguage\":\"pt-BR\",\"@id\":\"https:\/\/www.legislapp.com.br\/index.php\/senado-pl-1533-2023\/#primaryimage\",\"url\":\"https:\/\/www.legislapp.com.br\/wp-content\/uploads\/google-play.png\",\"contentUrl\":\"https:\/\/www.legislapp.com.br\/wp-content\/uploads\/google-play.png\",\"width\":564,\"height\":168},{\"@type\":\"BreadcrumbList\",\"@id\":\"https:\/\/www.legislapp.com.br\/index.php\/senado-pl-1533-2023\/#breadcrumb\",\"itemListElement\":[{\"@type\":\"ListItem\",\"position\":1,\"name\":\"In\u00edcio\",\"item\":\"https:\/\/www.legislapp.com.br\/\"},{\"@type\":\"ListItem\",\"position\":2,\"name\":\"PL 1533\/2023 &#8211; C\u00e2mara dos Deputados\"}]},{\"@type\":\"WebSite\",\"@id\":\"https:\/\/www.legislapp.com.br\/#website\",\"url\":\"https:\/\/www.legislapp.com.br\/\",\"name\":\"Legislapp\",\"description\":\"Intelig\u00eancia governamental em tempo real\",\"publisher\":{\"@id\":\"https:\/\/www.legislapp.com.br\/#organization\"},\"potentialAction\":[{\"@type\":\"SearchAction\",\"target\":{\"@type\":\"EntryPoint\",\"urlTemplate\":\"https:\/\/www.legislapp.com.br\/?s={search_term_string}\"},\"query-input\":{\"@type\":\"PropertyValueSpecification\",\"valueRequired\":true,\"valueName\":\"search_term_string\"}}],\"inLanguage\":\"pt-BR\"},{\"@type\":\"Organization\",\"@id\":\"https:\/\/www.legislapp.com.br\/#organization\",\"name\":\"Legislapp Monitoramento e Intelig\u00eancia Governamental\",\"url\":\"https:\/\/www.legislapp.com.br\/\",\"logo\":{\"@type\":\"ImageObject\",\"inLanguage\":\"pt-BR\",\"@id\":\"https:\/\/www.legislapp.com.br\/#\/schema\/logo\/image\/\",\"url\":\"https:\/\/www.legislapp.com.br\/wp-content\/uploads\/icon.png\",\"contentUrl\":\"https:\/\/www.legislapp.com.br\/wp-content\/uploads\/icon.png\",\"width\":1024,\"height\":1024,\"caption\":\"Legislapp Monitoramento e Intelig\u00eancia Governamental\"},\"image\":{\"@id\":\"https:\/\/www.legislapp.com.br\/#\/schema\/logo\/image\/\"},\"sameAs\":[\"https:\/\/www.instagram.com\/legislapp\/\"]}]}<\/script>\n<!-- \/ Yoast SEO plugin. -->","yoast_head_json":{"title":"PL 1533\/2023 - C\u00e2mara dos Deputados - Legislapp","robots":{"index":"index","follow":"follow","max-snippet":"max-snippet:-1","max-image-preview":"max-image-preview:large","max-video-preview":"max-video-preview:-1"},"canonical":"https:\/\/www.legislapp.com.br\/index.php\/senado-pl-1533-2023\/","og_locale":"pt_BR","og_type":"article","og_title":"PL 1533\/2023 - C\u00e2mara dos Deputados - Legislapp","og_description":"Senado &#8211; Autoria de C\u00e2mara dos Deputados Altera o art. 98 da Lei n\u00ba 8.171, de 17 de janeiro de 1991, para dispor sobre o uso das faixas de dom\u00ednio ao longo das rodovias. ALTERA\u00c7\u00c3O, LEI FEDERAL, CRITERIOS, AUTORIZA\u00c7\u00c3O, EXECUTIVO, OUTORGA, CONCESS\u00c3O DE USO, MARGEM, RODOVIA, DESTINA\u00c7\u00c3O, PROPRIETARIO, LOTE, IMOVEL, TERRENO LIMITROFE, OBJETIVO, CULTIVO, REFLORESTAMENTO, [&hellip;]","og_url":"https:\/\/www.legislapp.com.br\/index.php\/senado-pl-1533-2023\/","og_site_name":"Legislapp","article_publisher":"https:\/\/www.instagram.com\/legislapp\/","og_image":[{"url":"https:\/\/www.legislapp.com.br\/wp-content\/uploads\/google-play.png","type":"","width":"","height":""}],"twitter_card":"summary_large_image","twitter_misc":{"Est. tempo de leitura":"2 minutos"},"schema":{"@context":"https:\/\/schema.org","@graph":[{"@type":"WebPage","@id":"https:\/\/www.legislapp.com.br\/index.php\/senado-pl-1533-2023\/","url":"https:\/\/www.legislapp.com.br\/index.php\/senado-pl-1533-2023\/","name":"PL 1533\/2023 - C\u00e2mara dos Deputados - Legislapp","isPartOf":{"@id":"https:\/\/www.legislapp.com.br\/#website"},"primaryImageOfPage":{"@id":"https:\/\/www.legislapp.com.br\/index.php\/senado-pl-1533-2023\/#primaryimage"},"image":{"@id":"https:\/\/www.legislapp.com.br\/index.php\/senado-pl-1533-2023\/#primaryimage"},"thumbnailUrl":"https:\/\/www.legislapp.com.br\/wp-content\/uploads\/google-play.png","datePublished":"2025-06-25T13:10:22+00:00","breadcrumb":{"@id":"https:\/\/www.legislapp.com.br\/index.php\/senado-pl-1533-2023\/#breadcrumb"},"inLanguage":"pt-BR","potentialAction":[{"@type":"ReadAction","target":["https:\/\/www.legislapp.com.br\/index.php\/senado-pl-1533-2023\/"]}]},{"@type":"ImageObject","inLanguage":"pt-BR","@id":"https:\/\/www.legislapp.com.br\/index.php\/senado-pl-1533-2023\/#primaryimage","url":"https:\/\/www.legislapp.com.br\/wp-content\/uploads\/google-play.png","contentUrl":"https:\/\/www.legislapp.com.br\/wp-content\/uploads\/google-play.png","width":564,"height":168},{"@type":"BreadcrumbList","@id":"https:\/\/www.legislapp.com.br\/index.php\/senado-pl-1533-2023\/#breadcrumb","itemListElement":[{"@type":"ListItem","position":1,"name":"In\u00edcio","item":"https:\/\/www.legislapp.com.br\/"},{"@type":"ListItem","position":2,"name":"PL 1533\/2023 &#8211; C\u00e2mara dos Deputados"}]},{"@type":"WebSite","@id":"https:\/\/www.legislapp.com.br\/#website","url":"https:\/\/www.legislapp.com.br\/","name":"Legislapp","description":"Intelig\u00eancia governamental em tempo real","publisher":{"@id":"https:\/\/www.legislapp.com.br\/#organization"},"potentialAction":[{"@type":"SearchAction","target":{"@type":"EntryPoint","urlTemplate":"https:\/\/www.legislapp.com.br\/?s={search_term_string}"},"query-input":{"@type":"PropertyValueSpecification","valueRequired":true,"valueName":"search_term_string"}}],"inLanguage":"pt-BR"},{"@type":"Organization","@id":"https:\/\/www.legislapp.com.br\/#organization","name":"Legislapp Monitoramento e Intelig\u00eancia Governamental","url":"https:\/\/www.legislapp.com.br\/","logo":{"@type":"ImageObject","inLanguage":"pt-BR","@id":"https:\/\/www.legislapp.com.br\/#\/schema\/logo\/image\/","url":"https:\/\/www.legislapp.com.br\/wp-content\/uploads\/icon.png","contentUrl":"https:\/\/www.legislapp.com.br\/wp-content\/uploads\/icon.png","width":1024,"height":1024,"caption":"Legislapp Monitoramento e Intelig\u00eancia Governamental"},"image":{"@id":"https:\/\/www.legislapp.com.br\/#\/schema\/logo\/image\/"},"sameAs":["https:\/\/www.instagram.com\/legislapp\/"]}]}},"_links":{"self":[{"href":"https:\/\/www.legislapp.com.br\/index.php\/wp-json\/wp\/v2\/pages\/5917","targetHints":{"allow":["GET"]}}],"collection":[{"href":"https:\/\/www.legislapp.com.br\/index.php\/wp-json\/wp\/v2\/pages"}],"about":[{"href":"https:\/\/www.legislapp.com.br\/index.php\/wp-json\/wp\/v2\/types\/page"}],"author":[{"embeddable":true,"href":"https:\/\/www.legislapp.com.br\/index.php\/wp-json\/wp\/v2\/users\/1"}],"replies":[{"embeddable":true,"href":"https:\/\/www.legislapp.com.br\/index.php\/wp-json\/wp\/v2\/comments?post=5917"}],"version-history":[{"count":0,"href":"https:\/\/www.legislapp.com.br\/index.php\/wp-json\/wp\/v2\/pages\/5917\/revisions"}],"wp:attachment":[{"href":"https:\/\/www.legislapp.com.br\/index.php\/wp-json\/wp\/v2\/media?parent=5917"}],"curies":[{"name":"wp","href":"https:\/\/api.w.org\/{rel}","templated":true}]}}