{"id":5918,"date":"2025-06-25T10:10:26","date_gmt":"2025-06-25T13:10:26","guid":{"rendered":"https:\/\/www.legislapp.com.br\/index.php\/camara-pl-6165-2023\/"},"modified":"2025-06-25T10:10:26","modified_gmt":"2025-06-25T13:10:26","slug":"camara-pl-6165-2023","status":"publish","type":"page","link":"https:\/\/www.legislapp.com.br\/index.php\/camara-pl-6165-2023\/","title":{"rendered":"PL 6165\/2023 &#8211; Rog\u00e9ria Santos"},"content":{"rendered":"<h1 style='text-align: center;'>C\u00e2mara &#8211; Autoria de Rog\u00e9ria Santos<br \/><img src='https:\/\/www.camara.leg.br\/internet\/deputado\/bandep\/220695.jpg' alt='Rog\u00e9ria Santos' \/><\/h3>\n<p><\/p>\n<article style='text-align: center'>Disp\u00f5e sobre a obrigatoriedade de afixa\u00e7\u00e3o de cartazes, adesivos ou placas informativas em idiomas distintos nos locais de acesso e perman\u00eancia de turistas p\u00fablico ou privado, contendo as informa\u00e7\u00f5es de utilidade e seguran\u00e7a p\u00fablica aos turistas nos Estados do Brasil, assim como, informa\u00e7\u00f5es sobre os meios de den\u00fancias, contato e endere\u00e7o com localiza\u00e7\u00e3o da Delegacia de Prote\u00e7\u00e3o ao Turista.<\/article>\n<p><\/p>\n<p style='text-align: center'><a href='https:\/\/app.legislapp.com.br\/#\/busca?termo='><\/a><\/p>\n<p><\/p>\n<article>\nC\u00c2MARA DOS DEPUTADOS<br \/>\nGabinete da Deputada Rog\u00e9ria Santos | REPUBLICANOS\/BA <\/p>\n<p>PROJETO DE LEI N\u00ba          , de 2023<br \/>\n(Da Sra. ROG\u00c9RIA SANTOS) <\/p>\n<p>Disp\u00f5e sobre a obrigatoriedade de<br \/>\nafixa\u00e7\u00e3o de cartazes, adesivos ou<br \/>\nplacas informativas em idiomas<br \/>\ndistintos nos locais de acesso e<br \/>\nperman\u00eancia de turistas p\u00fablico ou<br \/>\nprivado, contendo as informa\u00e7\u00f5es de<br \/>\nutilidade e seguran\u00e7a p\u00fablica aos<br \/>\nturistas nos Estados do Brasil, assim<br \/>\ncomo, informa\u00e7\u00f5es sobre os meios de<br \/>\nden\u00fancias, contato e endere\u00e7o com<br \/>\nlocaliza\u00e7\u00e3o da Delegacia de Prote\u00e7\u00e3o<br \/>\nao Turista. <\/p>\n<p>O CONGRESSO NACIONAL decreta:<br \/>\nArt. 1\u00b0 \u00c9 obrigat\u00f3ria a afixa\u00e7\u00e3o de cartaz, placa informativa ou<br \/>\nadesivo em idiomas distintos nos locais p\u00fablicos que sejam de acesso e<br \/>\nperman\u00eancia de turistas, contendo as informa\u00e7\u00f5es de utilidade e seguran\u00e7a<br \/>\np\u00fablica, como servi\u00e7os especializados e unidades de apoio aos turistas, assim<br \/>\ncomo, informa\u00e7\u00f5es sobre os meios de den\u00fancias, contato e endere\u00e7o com<br \/>\nlocaliza\u00e7\u00e3o da Delegacia de Prote\u00e7\u00e3o ao Turista do local, devendo ser<br \/>\nadaptados \u00e0s pessoas com pessoas com defici\u00eancia.<br \/>\nPar\u00e1grafo \u00danico. Quando se tratar de locais privados que<br \/>\nsejam de acesso e perman\u00eancia de turistas, a obrigatoriedade da afixa\u00e7\u00e3o do<br \/>\nmaterial informativo ser\u00e1 do propriet\u00e1rio ou do respons\u00e1vel pelo<br \/>\nestabelecimento.<br \/>\nArt. 2\u00b0 Esta lei entra em vigor na data de sua publica\u00e7\u00e3o. <\/p>\n<p>Para verificar a assinatura, acesse https:\/\/infoleg-autenticidade-assinatura.camara.leg.br\/CD231523712100<br \/>\nAssinado eletronicamente pelo(a) Dep. Rog\u00e9ria Santos<br \/>\nApresenta\u00e7\u00e3o: 21\/12\/2023 15:36:51.513 &#8211; MESA<br \/>\n*CD231523712100*LexEdit PL n.6165\/2023<br \/>\nC\u00c2MARA DOS DEPUTADOS<br \/>\nGabinete da Deputada Rog\u00e9ria Santos | REPUBLICANOS\/BA <\/p>\n<p>JUSTIFICA\u00c7\u00c3O <\/p>\n<p>O Brasil \u00e9 um pa\u00eds tur\u00edstico e muito procurado por estrangeiros. As<br \/>\npaisagens naturais e a diversidade cultural s\u00e3o os principais atrativos tur\u00edsticos<br \/>\ndo pa\u00eds. S\u00f3 no primeiro trimestre de 2023, cerca de 2,3 milh\u00f5es de estrangeiros<br \/>\nvisitaram a na\u00e7\u00e3o brasileira e segundo dados publicados pelo s\u00edtio eletr\u00f4nico<br \/>\ndo Governo Federal, a marca \u00e9 superior \u00e0 do mesmo per\u00edodo de 2020, \u00faltimo<br \/>\nano antes da pandemia por coronav\u00edrus. Somente nos dois primeiros meses<br \/>\ndeste ano, os 1,5 milh\u00e3o de visitantes injetaram R$ 5,8 bilh\u00f5es na economia<br \/>\nbrasileira conforme levantamento da Ag\u00eancia Brasileira de Promo\u00e7\u00e3o<br \/>\n1<br \/>\nInternacional do Turismo (Embratur) e do Minist\u00e9rio do Turismo.<br \/>\nO desempenho tamb\u00e9m se apresentou superior ao do primeiro trimestre<br \/>\nde 2019, considerando que houve 2,2 milh\u00f5es de turistas internacionais no<br \/>\nBrasil. No ranking, a maior parte desses turistas que visitam o Brasil s\u00e3o<br \/>\nargentinos(as), totalizando aproximadamente, 01 milh\u00e3o de pessoas. Logo em<br \/>\nseguida, s\u00e3o estadunidenses, com 184,3 mil, e em terceiro lugar, s\u00e3o<br \/>\nparaguaios, com 151,5 mil pessoas conforme os dados oficiais divulgados.<br \/>\nCumpre salientar que o gasto dos turistas estrangeiros no Brasil<br \/>\ncontribui e muito com a economia nacional. \u00c9 uma atividade econ\u00f4mica<br \/>\nrespons\u00e1vel pela gera\u00e7\u00e3o de empregos e pelo intenso dinamismo do setor<br \/>\nterci\u00e1rio, uma vez que movimenta uma s\u00e9rie de servi\u00e7os como transporte,<br \/>\nalimenta\u00e7\u00e3o e hospedagem. Segundo um estudo realizado pela Funda\u00e7\u00e3o<br \/>\nGet\u00falio Vargas, cada R$ 1,00 investido na promo\u00e7\u00e3o internacional do turismo,<br \/>\n2<br \/>\nR$ 20,00 retornam para a economia brasileira , ou seja, \u00e9 poss\u00edvel coadunar<br \/>\ncom o pensamento de que se trata de um investimento de alto rendimento.<br \/>\n Assim, o turismo e a economia brasileiro devem ser olhados com uma<br \/>\naten\u00e7\u00e3o especial, pois resta clarividente o qu\u00e3o \u00e9 importante para a cultura,<br \/>\npara a gera\u00e7\u00e3o de empregos, para o dinamismo econ\u00f4mico e para a atra\u00e7\u00e3o de<br \/>\nmaiores investimentos no pa\u00eds e nas diversas regi\u00f5es e cidades tur\u00edsticas do<br \/>\npa\u00eds.<br \/>\nNeste contexto, a presente proposi\u00e7\u00e3o que tem por finalidade garantir o<br \/>\ndireito ao acesso \u00e0 informa\u00e7\u00e3o previsto no artigo 5\u00ba, inciso XIV, da Constitui\u00e7\u00e3o<br \/>\n3<br \/>\nFederal , tanto para turistas estrangeiros, quanto para turistas nacionais, com<br \/>\nvias de garantias de direitos j\u00e1 consolidados, a exemplo do previsto no artigo 6\u00ba <\/p>\n<p>1<br \/>\n Acesso dispon\u00edvel em: https:\/\/www.gov.br\/planalto\/pt-br\/acompanhe-o-planalto\/noticias\/2023\/04\/2-<br \/>\n3-milhoes-de-estrangeiros-visitaram-o-brasil-no-primeiro-trimestre.<br \/>\n2<br \/>\n Acesso dispon\u00edvel em: < https:\/\/embratur.com.br\/2023\/05\/15\/importancia-do-turismo-na-economia-\ndo-brasil-entra-no-debate-nacional\/>.<br \/>\n3<br \/>\n Acesso dispon\u00edvel em: < https:\/\/www.planalto.gov.br\/ccivil_03\/constituicao\/constituicao.htm>.  <\/p>\n<p>Para verificar a assinatura, acesse https:\/\/infoleg-autenticidade-assinatura.camara.leg.br\/CD231523712100<br \/>\nAssinado eletronicamente pelo(a) Dep. Rog\u00e9ria Santos<br \/>\nApresenta\u00e7\u00e3o: 21\/12\/2023 15:36:51.513 &#8211; MESA<br \/>\n*CD231523712100*LexEdit PL n.6165\/2023<br \/>\nC\u00c2MARA DOS DEPUTADOS<br \/>\nGabinete da Deputada Rog\u00e9ria Santos | REPUBLICANOS\/BA <\/p>\n<p>do C\u00f3digo de Defesa do Consumidor que prev\u00ea ser direito b\u00e1sico do<br \/>\n4<br \/>\nconsumidor o acesso \u00e0 informa\u00e7\u00e3o .<br \/>\nDiante do exposto, tornar obrigat\u00f3ria a afixa\u00e7\u00e3o de cartaz, adesivo ou<br \/>\nplaca informativa em idiomas distintos nos locais p\u00fablicos que sejam de acesso<br \/>\ne perman\u00eancia de turistas, contendo as informa\u00e7\u00f5es de utilidade e seguran\u00e7a<br \/>\np\u00fablica como servi\u00e7os especializados e unidades de apoio aos turistas do local,<br \/>\nassim como, informa\u00e7\u00f5es sobre os meios de den\u00fancias, contato e endere\u00e7o<br \/>\ncom localiza\u00e7\u00e3o da Delegacia de Prote\u00e7\u00e3o ao Turista assegurar\u00e1 o direito ao<br \/>\nacesso a informa\u00e7\u00e3o, devendo ser de forma clara, adequada, vis\u00edvel, precisa,<br \/>\ninclusiva e acess\u00edvel aos turistas, que s\u00e3o pessoas com defici\u00eancia.<br \/>\nCerto de que meus nobres pares compreendem a import\u00e2ncia desta<br \/>\nproposta legislativa, conclamo-os ao apoio e aprova\u00e7\u00e3o deste projeto de lei. <\/p>\n<p>Sala das Sess\u00f5es, em        de                     de 2023. <\/p>\n<p>ROG\u00c9RIA SANTOS<br \/>\nDeputada Federal <\/p>\n<p>4<br \/>\n Acesso dispon\u00edvel em: < https:\/\/www.planalto.gov.br\/ccivil_03\/leis\/l8078compilado.htm>.  <\/p>\n<p>Para verificar a assinatura, acesse https:\/\/infoleg-autenticidade-assinatura.camara.leg.br\/CD231523712100<br \/>\nAssinado eletronicamente pelo(a) Dep. Rog\u00e9ria Santos<br \/>\nApresenta\u00e7\u00e3o: 21\/12\/2023 15:36:51.513 &#8211; MESA<br \/>\n*CD231523712100*LexEdit PL n.6165\/2023<\/article>\n<div style=\"text-align: center\">\n<div style=\"margin-bottom: 20px;\" class=\"et_pb_button_module_wrapper et_pb_button_5_tb_body_wrapper et_pb_button_alignment_center et_pb_module \">\n         <a class=\"et_pb_button et_pb_button_5_tb_body et_hover_enabled et_pb_bg_layout_dark\" style=\"width: 50%;background-color: black;\" href=\"https:\/\/app.legislapp.com.br\" target=\"_blank\" rel=\"noopener\">Visualizar completo na nossa plataforma (30 dias gr\u00e1tis)<\/a><\/p><\/div>\n<p>      <a href=\"https:\/\/play.google.com\/store\/apps\/details?id=br.com.legislapp\"><img decoding=\"async\" style=\"width: 15%; min-width: 130px;\" src=\"https:\/\/www.legislapp.com.br\/wp-content\/uploads\/google-play.png\"><\/a><br \/>\n      <a href=\"https:\/\/apps.apple.com\/us\/app\/legislapp\/id1568929859\"><img decoding=\"async\" style=\"width: 15%; min-width: 130px\" src=\"https:\/\/www.legislapp.com.br\/wp-content\/uploads\/apple-store.png\"><\/a>\n   <\/div>\n","protected":false},"excerpt":{"rendered":"<p>C\u00e2mara &#8211; Autoria de Rog\u00e9ria Santos Disp\u00f5e sobre a obrigatoriedade de afixa\u00e7\u00e3o de cartazes, adesivos ou placas informativas em idiomas distintos nos locais de acesso e perman\u00eancia de turistas p\u00fablico ou privado, contendo as informa\u00e7\u00f5es de utilidade e seguran\u00e7a p\u00fablica aos turistas nos Estados do Brasil, assim como, informa\u00e7\u00f5es sobre os meios de den\u00fancias, contato [&hellip;]<\/p>\n","protected":false},"author":1,"featured_media":0,"parent":0,"menu_order":0,"comment_status":"closed","ping_status":"closed","template":"page-template-blank.php","meta":{"_et_pb_use_builder":"","_et_pb_old_content":"","_et_gb_content_width":"1080","ngg_post_thumbnail":0,"footnotes":""},"class_list":["post-5918","page","type-page","status-publish","hentry"],"yoast_head":"<!-- This site is optimized with the Yoast SEO plugin v24.4 - https:\/\/yoast.com\/wordpress\/plugins\/seo\/ -->\n<title>PL 6165\/2023 - Rog\u00e9ria Santos - Legislapp<\/title>\n<meta name=\"robots\" content=\"index, follow, max-snippet:-1, max-image-preview:large, max-video-preview:-1\" \/>\n<link rel=\"canonical\" href=\"https:\/\/www.legislapp.com.br\/index.php\/camara-pl-6165-2023\/\" \/>\n<meta property=\"og:locale\" content=\"pt_BR\" \/>\n<meta property=\"og:type\" content=\"article\" \/>\n<meta property=\"og:title\" content=\"PL 6165\/2023 - Rog\u00e9ria Santos - Legislapp\" \/>\n<meta property=\"og:description\" content=\"C\u00e2mara &#8211; Autoria de Rog\u00e9ria Santos Disp\u00f5e sobre a obrigatoriedade de afixa\u00e7\u00e3o de cartazes, adesivos ou placas informativas em idiomas distintos nos locais de acesso e perman\u00eancia de turistas p\u00fablico ou privado, contendo as informa\u00e7\u00f5es de utilidade e seguran\u00e7a p\u00fablica aos turistas nos Estados do Brasil, assim como, informa\u00e7\u00f5es sobre os meios de den\u00fancias, contato [&hellip;]\" \/>\n<meta property=\"og:url\" content=\"https:\/\/www.legislapp.com.br\/index.php\/camara-pl-6165-2023\/\" \/>\n<meta property=\"og:site_name\" content=\"Legislapp\" \/>\n<meta property=\"article:publisher\" content=\"https:\/\/www.instagram.com\/legislapp\/\" \/>\n<meta property=\"og:image\" content=\"https:\/\/www.camara.leg.br\/internet\/deputado\/bandep\/220695.jpg\" \/>\n<meta name=\"twitter:card\" content=\"summary_large_image\" \/>\n<meta name=\"twitter:label1\" content=\"Est. tempo de leitura\" \/>\n\t<meta name=\"twitter:data1\" content=\"5 minutos\" \/>\n<script type=\"application\/ld+json\" class=\"yoast-schema-graph\">{\"@context\":\"https:\/\/schema.org\",\"@graph\":[{\"@type\":\"WebPage\",\"@id\":\"https:\/\/www.legislapp.com.br\/index.php\/camara-pl-6165-2023\/\",\"url\":\"https:\/\/www.legislapp.com.br\/index.php\/camara-pl-6165-2023\/\",\"name\":\"PL 6165\/2023 - Rog\u00e9ria Santos - Legislapp\",\"isPartOf\":{\"@id\":\"https:\/\/www.legislapp.com.br\/#website\"},\"primaryImageOfPage\":{\"@id\":\"https:\/\/www.legislapp.com.br\/index.php\/camara-pl-6165-2023\/#primaryimage\"},\"image\":{\"@id\":\"https:\/\/www.legislapp.com.br\/index.php\/camara-pl-6165-2023\/#primaryimage\"},\"thumbnailUrl\":\"https:\/\/www.camara.leg.br\/internet\/deputado\/bandep\/220695.jpg\",\"datePublished\":\"2025-06-25T13:10:26+00:00\",\"breadcrumb\":{\"@id\":\"https:\/\/www.legislapp.com.br\/index.php\/camara-pl-6165-2023\/#breadcrumb\"},\"inLanguage\":\"pt-BR\",\"potentialAction\":[{\"@type\":\"ReadAction\",\"target\":[\"https:\/\/www.legislapp.com.br\/index.php\/camara-pl-6165-2023\/\"]}]},{\"@type\":\"ImageObject\",\"inLanguage\":\"pt-BR\",\"@id\":\"https:\/\/www.legislapp.com.br\/index.php\/camara-pl-6165-2023\/#primaryimage\",\"url\":\"https:\/\/www.camara.leg.br\/internet\/deputado\/bandep\/220695.jpg\",\"contentUrl\":\"https:\/\/www.camara.leg.br\/internet\/deputado\/bandep\/220695.jpg\"},{\"@type\":\"BreadcrumbList\",\"@id\":\"https:\/\/www.legislapp.com.br\/index.php\/camara-pl-6165-2023\/#breadcrumb\",\"itemListElement\":[{\"@type\":\"ListItem\",\"position\":1,\"name\":\"In\u00edcio\",\"item\":\"https:\/\/www.legislapp.com.br\/\"},{\"@type\":\"ListItem\",\"position\":2,\"name\":\"PL 6165\/2023 &#8211; Rog\u00e9ria Santos\"}]},{\"@type\":\"WebSite\",\"@id\":\"https:\/\/www.legislapp.com.br\/#website\",\"url\":\"https:\/\/www.legislapp.com.br\/\",\"name\":\"Legislapp\",\"description\":\"Intelig\u00eancia governamental em tempo real\",\"publisher\":{\"@id\":\"https:\/\/www.legislapp.com.br\/#organization\"},\"potentialAction\":[{\"@type\":\"SearchAction\",\"target\":{\"@type\":\"EntryPoint\",\"urlTemplate\":\"https:\/\/www.legislapp.com.br\/?s={search_term_string}\"},\"query-input\":{\"@type\":\"PropertyValueSpecification\",\"valueRequired\":true,\"valueName\":\"search_term_string\"}}],\"inLanguage\":\"pt-BR\"},{\"@type\":\"Organization\",\"@id\":\"https:\/\/www.legislapp.com.br\/#organization\",\"name\":\"Legislapp Monitoramento e Intelig\u00eancia Governamental\",\"url\":\"https:\/\/www.legislapp.com.br\/\",\"logo\":{\"@type\":\"ImageObject\",\"inLanguage\":\"pt-BR\",\"@id\":\"https:\/\/www.legislapp.com.br\/#\/schema\/logo\/image\/\",\"url\":\"https:\/\/www.legislapp.com.br\/wp-content\/uploads\/icon.png\",\"contentUrl\":\"https:\/\/www.legislapp.com.br\/wp-content\/uploads\/icon.png\",\"width\":1024,\"height\":1024,\"caption\":\"Legislapp Monitoramento e Intelig\u00eancia Governamental\"},\"image\":{\"@id\":\"https:\/\/www.legislapp.com.br\/#\/schema\/logo\/image\/\"},\"sameAs\":[\"https:\/\/www.instagram.com\/legislapp\/\"]}]}<\/script>\n<!-- \/ Yoast SEO plugin. -->","yoast_head_json":{"title":"PL 6165\/2023 - Rog\u00e9ria Santos - Legislapp","robots":{"index":"index","follow":"follow","max-snippet":"max-snippet:-1","max-image-preview":"max-image-preview:large","max-video-preview":"max-video-preview:-1"},"canonical":"https:\/\/www.legislapp.com.br\/index.php\/camara-pl-6165-2023\/","og_locale":"pt_BR","og_type":"article","og_title":"PL 6165\/2023 - Rog\u00e9ria Santos - Legislapp","og_description":"C\u00e2mara &#8211; Autoria de Rog\u00e9ria Santos Disp\u00f5e sobre a obrigatoriedade de afixa\u00e7\u00e3o de cartazes, adesivos ou placas informativas em idiomas distintos nos locais de acesso e perman\u00eancia de turistas p\u00fablico ou privado, contendo as informa\u00e7\u00f5es de utilidade e seguran\u00e7a p\u00fablica aos turistas nos Estados do Brasil, assim como, informa\u00e7\u00f5es sobre os meios de den\u00fancias, contato [&hellip;]","og_url":"https:\/\/www.legislapp.com.br\/index.php\/camara-pl-6165-2023\/","og_site_name":"Legislapp","article_publisher":"https:\/\/www.instagram.com\/legislapp\/","og_image":[{"url":"https:\/\/www.camara.leg.br\/internet\/deputado\/bandep\/220695.jpg","type":"","width":"","height":""}],"twitter_card":"summary_large_image","twitter_misc":{"Est. tempo de leitura":"5 minutos"},"schema":{"@context":"https:\/\/schema.org","@graph":[{"@type":"WebPage","@id":"https:\/\/www.legislapp.com.br\/index.php\/camara-pl-6165-2023\/","url":"https:\/\/www.legislapp.com.br\/index.php\/camara-pl-6165-2023\/","name":"PL 6165\/2023 - Rog\u00e9ria Santos - Legislapp","isPartOf":{"@id":"https:\/\/www.legislapp.com.br\/#website"},"primaryImageOfPage":{"@id":"https:\/\/www.legislapp.com.br\/index.php\/camara-pl-6165-2023\/#primaryimage"},"image":{"@id":"https:\/\/www.legislapp.com.br\/index.php\/camara-pl-6165-2023\/#primaryimage"},"thumbnailUrl":"https:\/\/www.camara.leg.br\/internet\/deputado\/bandep\/220695.jpg","datePublished":"2025-06-25T13:10:26+00:00","breadcrumb":{"@id":"https:\/\/www.legislapp.com.br\/index.php\/camara-pl-6165-2023\/#breadcrumb"},"inLanguage":"pt-BR","potentialAction":[{"@type":"ReadAction","target":["https:\/\/www.legislapp.com.br\/index.php\/camara-pl-6165-2023\/"]}]},{"@type":"ImageObject","inLanguage":"pt-BR","@id":"https:\/\/www.legislapp.com.br\/index.php\/camara-pl-6165-2023\/#primaryimage","url":"https:\/\/www.camara.leg.br\/internet\/deputado\/bandep\/220695.jpg","contentUrl":"https:\/\/www.camara.leg.br\/internet\/deputado\/bandep\/220695.jpg"},{"@type":"BreadcrumbList","@id":"https:\/\/www.legislapp.com.br\/index.php\/camara-pl-6165-2023\/#breadcrumb","itemListElement":[{"@type":"ListItem","position":1,"name":"In\u00edcio","item":"https:\/\/www.legislapp.com.br\/"},{"@type":"ListItem","position":2,"name":"PL 6165\/2023 &#8211; Rog\u00e9ria Santos"}]},{"@type":"WebSite","@id":"https:\/\/www.legislapp.com.br\/#website","url":"https:\/\/www.legislapp.com.br\/","name":"Legislapp","description":"Intelig\u00eancia governamental em tempo real","publisher":{"@id":"https:\/\/www.legislapp.com.br\/#organization"},"potentialAction":[{"@type":"SearchAction","target":{"@type":"EntryPoint","urlTemplate":"https:\/\/www.legislapp.com.br\/?s={search_term_string}"},"query-input":{"@type":"PropertyValueSpecification","valueRequired":true,"valueName":"search_term_string"}}],"inLanguage":"pt-BR"},{"@type":"Organization","@id":"https:\/\/www.legislapp.com.br\/#organization","name":"Legislapp Monitoramento e Intelig\u00eancia Governamental","url":"https:\/\/www.legislapp.com.br\/","logo":{"@type":"ImageObject","inLanguage":"pt-BR","@id":"https:\/\/www.legislapp.com.br\/#\/schema\/logo\/image\/","url":"https:\/\/www.legislapp.com.br\/wp-content\/uploads\/icon.png","contentUrl":"https:\/\/www.legislapp.com.br\/wp-content\/uploads\/icon.png","width":1024,"height":1024,"caption":"Legislapp Monitoramento e Intelig\u00eancia Governamental"},"image":{"@id":"https:\/\/www.legislapp.com.br\/#\/schema\/logo\/image\/"},"sameAs":["https:\/\/www.instagram.com\/legislapp\/"]}]}},"_links":{"self":[{"href":"https:\/\/www.legislapp.com.br\/index.php\/wp-json\/wp\/v2\/pages\/5918","targetHints":{"allow":["GET"]}}],"collection":[{"href":"https:\/\/www.legislapp.com.br\/index.php\/wp-json\/wp\/v2\/pages"}],"about":[{"href":"https:\/\/www.legislapp.com.br\/index.php\/wp-json\/wp\/v2\/types\/page"}],"author":[{"embeddable":true,"href":"https:\/\/www.legislapp.com.br\/index.php\/wp-json\/wp\/v2\/users\/1"}],"replies":[{"embeddable":true,"href":"https:\/\/www.legislapp.com.br\/index.php\/wp-json\/wp\/v2\/comments?post=5918"}],"version-history":[{"count":0,"href":"https:\/\/www.legislapp.com.br\/index.php\/wp-json\/wp\/v2\/pages\/5918\/revisions"}],"wp:attachment":[{"href":"https:\/\/www.legislapp.com.br\/index.php\/wp-json\/wp\/v2\/media?parent=5918"}],"curies":[{"name":"wp","href":"https:\/\/api.w.org\/{rel}","templated":true}]}}