{"id":5921,"date":"2025-06-25T10:10:35","date_gmt":"2025-06-25T13:10:35","guid":{"rendered":"https:\/\/www.legislapp.com.br\/index.php\/camara-pl-3239-2024\/"},"modified":"2025-06-25T10:10:35","modified_gmt":"2025-06-25T13:10:35","slug":"camara-pl-3239-2024","status":"publish","type":"page","link":"https:\/\/www.legislapp.com.br\/index.php\/camara-pl-3239-2024\/","title":{"rendered":"PL 3239\/2024 &#8211; Z\u00e9 Haroldo Cathedral"},"content":{"rendered":"<h1 style='text-align: center;'>C\u00e2mara &#8211; Autoria de Z\u00e9 Haroldo Cathedral<br \/><img src='https:\/\/www.camara.leg.br\/internet\/deputado\/bandep\/220536.jpg' alt='Z\u00e9 Haroldo Cathedral' \/><\/h3>\n<p><\/p>\n<article style='text-align: center'>Altera a Lei n\u00ba 13.146, de 6 de julho de 2015, que\tinstitui a Lei Brasileira de Inclus\u00e3o da Pessoa com Defici\u00eancia (Estatuto da Pessoa com Defici\u00eancia) para assegurar acompanhante \u00e0 pessoa com defici\u00eancia em unidades hospitalares.<\/article>\n<p><\/p>\n<p style='text-align: center'><a href='https:\/\/app.legislapp.com.br\/#\/busca?termo='><\/a><\/p>\n<p><\/p>\n<article>PROJETO DE LEI N\u00ba         , de 2024<br \/>\n(Do Sr. Z\u00e9 Haroldo Cathedral)<br \/>\nAltera a Lei n\u00ba 13.146, de 6 de julho de<br \/>\n2015, que institui a Lei Brasileira de<br \/>\nInclus\u00e3o da Pessoa com Defici\u00eancia<br \/>\n(Estatuto da Pessoa com Defici\u00eancia)<br \/>\npara assegurar acompanhante \u00e0 pessoa<br \/>\ncom defici\u00eancia em unidades<br \/>\nhospitalares.<br \/>\nO Congresso Nacional decreta:<br \/>\nArt. 1\u00ba Esta lei acrescenta o artigo 22-A na Lei n\u00ba 13.146, de 6 de julho<br \/>\nde 2015, que \u201cinstitui a Lei Brasileira de Inclus\u00e3o da Pessoa com Defici\u00eancia<br \/>\n(Estatuto da Pessoa com Defici\u00eancia)\u201d, a fim de assegurar o direito a um<br \/>\nacompanhante \u00e0 pessoa com defici\u00eancia que esteja desacompanhada em<br \/>\nunidades hospitalares.<br \/>\nArt. 2\u00ba O art. 22\u00ba-A da Lei n\u00ba 13.146, de 6 de julho de 2015, passa a<br \/>\nvigorar com a seguinte reda\u00e7\u00e3o:<br \/>\n\u201cArt.22\u00ba-A A pessoa com defici\u00eancia que esteja<br \/>\ndesacompanhada em unidades hospitalares poder\u00e1 solicitar<br \/>\num acompanhante durante sua perman\u00eancia na unidade.<br \/>\nPar\u00e1grafo \u00fanico. O acompanhante mencionado no caput ser\u00e1<br \/>\nprovidenciado pela unidade hospitalar com o intuito de dar o<br \/>\nsuporte necess\u00e1rio \u00e0 pessoa com defici\u00eancia. \u201d (NR)<br \/>\nArt. 3\u00ba Esta lei entra em vigor na data de sua publica\u00e7\u00e3o.<br \/>\nJUSTIFICATIVA<br \/>\nPara verificar a assinatura, acesse https:\/\/infoleg-autenticidade-assinatura.camara.leg.br\/CD249684523500<br \/>\nAssinado eletronicamente pelo(a) Dep. Z\u00e9 Haroldo Cathedral<br \/>\nApresenta\u00e7\u00e3o: 20\/08\/2024 14:59:53.187 &#8211; Mesa<br \/>\n*CD249684523500* PL n.3239\/2024De acordo com a Lei de Inclus\u00e3o Brasileira: \u201cConsidera-se pessoa com<br \/>\ndefici\u00eancia aquela que tem impedimento de longo prazo de natureza f\u00edsica,<br \/>\nmental, intelectual ou sensorial, o qual, em intera\u00e7\u00e3o com uma ou mais<br \/>\nbarreiras, pode obstruir sua participa\u00e7\u00e3o plena e efetiva na sociedade em<br \/>\n1<br \/>\nigualdade de condi\u00e7\u00f5es com as demais pessoas\u201d .<br \/>\nAssim, as pessoas com defici\u00eancia t\u00eam algum tipo de limita\u00e7\u00e3o que cria<br \/>\ndeterminadas barreiras na sociedade que os impedem de obterem<br \/>\noportunidades iguais aos demais. Sabe-se, portanto, que as pessoas em<br \/>\ncomento enfrentam diversas dificuldades no decorrer da vida que, muitas<br \/>\nvezes, comprometem uma boa qualidade ou a pr\u00f3pria dignidade.<br \/>\nO Estatuto da Pessoa com Defici\u00eancia visa suprir garantias e direitos<br \/>\nnecess\u00e1rios para a plena inclus\u00e3o social e \u00e0 cidadania em condi\u00e7\u00f5es de<br \/>\nigualdade. Nesse sentido, um dos princ\u00edpios assegurados pela Lei Brasileira de<br \/>\nInclus\u00e3o \u00e9 gerar autonomia a este p\u00fablico, para que possam ser assegurados<br \/>\nseus direitos fundamentais j\u00e1 adquiridos pela nossa Carta Magna.<br \/>\nContextualizado a import\u00e2ncia do Estatuto da Pessoa com Defici\u00eancia<br \/>\ne as necessidades de suprir determinadas limita\u00e7\u00f5es e, principalmente, visando<br \/>\noferecer mais autonomia \u00e0 pessoa com defici\u00eancia em unidades hospitalares \u00e9<br \/>\nque se apresenta a presente proposi\u00e7\u00e3o.<br \/>\nIsso porque, as pessoas com defici\u00eancia, na fase adulta, buscam se<br \/>\ndirigir a unidades de sa\u00fade de forma aut\u00f4noma, assim como pessoas sem<br \/>\ndefici\u00eancia, seja para algum tratamento, alguma emerg\u00eancia ou alguma<br \/>\nconsulta. Contudo, muitas vezes, precisam de determinados suportes que<br \/>\napenas um acompanhante pode ofertar.<br \/>\nCom efeito, sabe-se que nem todas as pessoas possuem<br \/>\nacompanhante pr\u00f3prio ou atendente pessoal para suprir tal necessidade de os<br \/>\nacompanhar para os hospitais. Assim, percebe-se uma dificuldade enfrentada<br \/>\npela pessoa com defici\u00eancia que necessitada ser sanada.<br \/>\nA presente proposi\u00e7\u00e3o, ent\u00e3o, visa determinar que as unidades<br \/>\nhospitalares disponham de um acompanhante quando requisitado pela pessoa<br \/>\n1<br \/>\n https:\/\/www.planalto.gov.br\/ccivil_03\/_ato2015-2018\/2015\/lei\/l13146.htm?<br \/>\nmsclkid=e03ca915a93011eca55b7de3600188ab<br \/>\nPara verificar a assinatura, acesse https:\/\/infoleg-autenticidade-assinatura.camara.leg.br\/CD249684523500<br \/>\nAssinado eletronicamente pelo(a) Dep. Z\u00e9 Haroldo Cathedral<br \/>\nApresenta\u00e7\u00e3o: 20\/08\/2024 14:59:53.187 &#8211; Mesa<br \/>\n*CD249684523500* PL n.3239\/2024com defici\u00eancia que esteja desacompanhada para suprir necessidades b\u00e1sicas.<br \/>\nDestarte, estaremos oferecendo a autonomia necess\u00e1ria para que a pessoa<br \/>\ncom defici\u00eancia possa se direcionar \u00e0s unidades de sa\u00fade sozinhas, sem se<br \/>\npreocupar, eis que ali encontrar\u00e3o o apoio necess\u00e1rio.<br \/>\nS\u00e3o adapta\u00e7\u00f5es razo\u00e1veis que garantir\u00e3o que as pessoas com<br \/>\ndefici\u00eancia tenham os mesmos direitos e oportunidades das pessoas sem<br \/>\ndefici\u00eancia, como por exemplo, ir ao m\u00e9dico desacompanhada.<br \/>\nAl\u00e9m disso, devemos mencionar a dificuldade em ter um<br \/>\nacompanhante na fase adulta da vida, eis que ao envelhecer perdemos<br \/>\nfamiliares, al\u00e9m de outras pessoas que tinham disponibilidade em ajudar, mas<br \/>\nque passam a ter outras preocupa\u00e7\u00f5es normais do dia a dia, seja com seus<br \/>\nempregos ou com outras tarefas t\u00e3o importantes quanto. N\u00e3o h\u00e1 d\u00favidas de<br \/>\nque a tem\u00e1tica merece visibilidade para o envelhecimento da pessoa com<br \/>\ndefici\u00eancia, atentando-se \u00e0 fase adulta e \u00e0 terceira idade.<br \/>\nH\u00e1 diversos relatos de pessoas com defici\u00eancia que, infelizmente,<br \/>\ndeixam de comparecer a unidades hospitalares por estarem<br \/>\ndesacompanhadas, ficando \u00e0 merc\u00ea de outrem ou, ainda, quando v\u00e3o, sofrem<br \/>\nbarreiras desnecess\u00e1rias.<br \/>\nEssas s\u00e3o algumas das raz\u00f5es que justificam a necessidade de ofertar<br \/>\num acompanhante em unidades hospitalares \u00e0s pessoas com defici\u00eancia que<br \/>\nestejam desacompanhadas. Garantir uma vida digna e a prote\u00e7\u00e3o dessas<br \/>\npessoas \u00e9 um princ\u00edpio constitucional.<br \/>\nAssim, diante do exposto e constatada a relev\u00e2ncia da proposta, \u00e9 que<br \/>\ncontamos com o apoio dos nobres pares desta Casa para a aprova\u00e7\u00e3o deste<br \/>\nrelevante projeto de lei.<br \/>\nSala das Sess\u00f5es, em                de                          de 2024.<br \/>\nDep. Z\u00e9 Haroldo Cathedral<br \/>\nPSD\/RR<br \/>\nPara verificar a assinatura, acesse https:\/\/infoleg-autenticidade-assinatura.camara.leg.br\/CD249684523500<br \/>\nAssinado eletronicamente pelo(a) Dep. Z\u00e9 Haroldo Cathedral<br \/>\nApresenta\u00e7\u00e3o: 20\/08\/2024 14:59:53.187 &#8211; Mesa<br \/>\n*CD249684523500* PL n.3239\/2024<\/article>\n<div style=\"text-align: center\">\n<div style=\"margin-bottom: 20px;\" class=\"et_pb_button_module_wrapper et_pb_button_5_tb_body_wrapper et_pb_button_alignment_center et_pb_module \">\n         <a class=\"et_pb_button et_pb_button_5_tb_body et_hover_enabled et_pb_bg_layout_dark\" style=\"width: 50%;background-color: black;\" href=\"https:\/\/app.legislapp.com.br\" target=\"_blank\" rel=\"noopener\">Visualizar completo na nossa plataforma (30 dias gr\u00e1tis)<\/a><\/p><\/div>\n<p>      <a href=\"https:\/\/play.google.com\/store\/apps\/details?id=br.com.legislapp\"><img decoding=\"async\" style=\"width: 15%; min-width: 130px;\" src=\"https:\/\/www.legislapp.com.br\/wp-content\/uploads\/google-play.png\"><\/a><br \/>\n      <a href=\"https:\/\/apps.apple.com\/us\/app\/legislapp\/id1568929859\"><img decoding=\"async\" style=\"width: 15%; min-width: 130px\" src=\"https:\/\/www.legislapp.com.br\/wp-content\/uploads\/apple-store.png\"><\/a>\n   <\/div>\n","protected":false},"excerpt":{"rendered":"<p>C\u00e2mara &#8211; Autoria de Z\u00e9 Haroldo Cathedral Altera a Lei n\u00ba 13.146, de 6 de julho de 2015, que institui a Lei Brasileira de Inclus\u00e3o da Pessoa com Defici\u00eancia (Estatuto da Pessoa com Defici\u00eancia) para assegurar acompanhante \u00e0 pessoa com defici\u00eancia em unidades hospitalares. PROJETO DE LEI N\u00ba , de 2024 (Do Sr. Z\u00e9 Haroldo [&hellip;]<\/p>\n","protected":false},"author":1,"featured_media":0,"parent":0,"menu_order":0,"comment_status":"closed","ping_status":"closed","template":"page-template-blank.php","meta":{"_et_pb_use_builder":"","_et_pb_old_content":"","_et_gb_content_width":"1080","ngg_post_thumbnail":0,"footnotes":""},"class_list":["post-5921","page","type-page","status-publish","hentry"],"yoast_head":"<!-- This site is optimized with the Yoast SEO plugin v24.4 - https:\/\/yoast.com\/wordpress\/plugins\/seo\/ -->\n<title>PL 3239\/2024 - Z\u00e9 Haroldo Cathedral - Legislapp<\/title>\n<meta name=\"robots\" content=\"index, follow, max-snippet:-1, max-image-preview:large, max-video-preview:-1\" \/>\n<link rel=\"canonical\" href=\"https:\/\/www.legislapp.com.br\/index.php\/camara-pl-3239-2024\/\" \/>\n<meta property=\"og:locale\" content=\"pt_BR\" \/>\n<meta property=\"og:type\" content=\"article\" \/>\n<meta property=\"og:title\" content=\"PL 3239\/2024 - Z\u00e9 Haroldo Cathedral - Legislapp\" \/>\n<meta property=\"og:description\" content=\"C\u00e2mara &#8211; Autoria de Z\u00e9 Haroldo Cathedral Altera a Lei n\u00ba 13.146, de 6 de julho de 2015, que institui a Lei Brasileira de Inclus\u00e3o da Pessoa com Defici\u00eancia (Estatuto da Pessoa com Defici\u00eancia) para assegurar acompanhante \u00e0 pessoa com defici\u00eancia em unidades hospitalares. PROJETO DE LEI N\u00ba , de 2024 (Do Sr. Z\u00e9 Haroldo [&hellip;]\" \/>\n<meta property=\"og:url\" content=\"https:\/\/www.legislapp.com.br\/index.php\/camara-pl-3239-2024\/\" \/>\n<meta property=\"og:site_name\" content=\"Legislapp\" \/>\n<meta property=\"article:publisher\" content=\"https:\/\/www.instagram.com\/legislapp\/\" \/>\n<meta property=\"og:image\" content=\"https:\/\/www.camara.leg.br\/internet\/deputado\/bandep\/220536.jpg\" \/>\n<meta name=\"twitter:card\" content=\"summary_large_image\" \/>\n<meta name=\"twitter:label1\" content=\"Est. tempo de leitura\" \/>\n\t<meta name=\"twitter:data1\" content=\"5 minutos\" \/>\n<script type=\"application\/ld+json\" class=\"yoast-schema-graph\">{\"@context\":\"https:\/\/schema.org\",\"@graph\":[{\"@type\":\"WebPage\",\"@id\":\"https:\/\/www.legislapp.com.br\/index.php\/camara-pl-3239-2024\/\",\"url\":\"https:\/\/www.legislapp.com.br\/index.php\/camara-pl-3239-2024\/\",\"name\":\"PL 3239\/2024 - Z\u00e9 Haroldo Cathedral - Legislapp\",\"isPartOf\":{\"@id\":\"https:\/\/www.legislapp.com.br\/#website\"},\"primaryImageOfPage\":{\"@id\":\"https:\/\/www.legislapp.com.br\/index.php\/camara-pl-3239-2024\/#primaryimage\"},\"image\":{\"@id\":\"https:\/\/www.legislapp.com.br\/index.php\/camara-pl-3239-2024\/#primaryimage\"},\"thumbnailUrl\":\"https:\/\/www.camara.leg.br\/internet\/deputado\/bandep\/220536.jpg\",\"datePublished\":\"2025-06-25T13:10:35+00:00\",\"breadcrumb\":{\"@id\":\"https:\/\/www.legislapp.com.br\/index.php\/camara-pl-3239-2024\/#breadcrumb\"},\"inLanguage\":\"pt-BR\",\"potentialAction\":[{\"@type\":\"ReadAction\",\"target\":[\"https:\/\/www.legislapp.com.br\/index.php\/camara-pl-3239-2024\/\"]}]},{\"@type\":\"ImageObject\",\"inLanguage\":\"pt-BR\",\"@id\":\"https:\/\/www.legislapp.com.br\/index.php\/camara-pl-3239-2024\/#primaryimage\",\"url\":\"https:\/\/www.camara.leg.br\/internet\/deputado\/bandep\/220536.jpg\",\"contentUrl\":\"https:\/\/www.camara.leg.br\/internet\/deputado\/bandep\/220536.jpg\"},{\"@type\":\"BreadcrumbList\",\"@id\":\"https:\/\/www.legislapp.com.br\/index.php\/camara-pl-3239-2024\/#breadcrumb\",\"itemListElement\":[{\"@type\":\"ListItem\",\"position\":1,\"name\":\"In\u00edcio\",\"item\":\"https:\/\/www.legislapp.com.br\/\"},{\"@type\":\"ListItem\",\"position\":2,\"name\":\"PL 3239\/2024 &#8211; Z\u00e9 Haroldo Cathedral\"}]},{\"@type\":\"WebSite\",\"@id\":\"https:\/\/www.legislapp.com.br\/#website\",\"url\":\"https:\/\/www.legislapp.com.br\/\",\"name\":\"Legislapp\",\"description\":\"Intelig\u00eancia governamental em tempo real\",\"publisher\":{\"@id\":\"https:\/\/www.legislapp.com.br\/#organization\"},\"potentialAction\":[{\"@type\":\"SearchAction\",\"target\":{\"@type\":\"EntryPoint\",\"urlTemplate\":\"https:\/\/www.legislapp.com.br\/?s={search_term_string}\"},\"query-input\":{\"@type\":\"PropertyValueSpecification\",\"valueRequired\":true,\"valueName\":\"search_term_string\"}}],\"inLanguage\":\"pt-BR\"},{\"@type\":\"Organization\",\"@id\":\"https:\/\/www.legislapp.com.br\/#organization\",\"name\":\"Legislapp Monitoramento e Intelig\u00eancia Governamental\",\"url\":\"https:\/\/www.legislapp.com.br\/\",\"logo\":{\"@type\":\"ImageObject\",\"inLanguage\":\"pt-BR\",\"@id\":\"https:\/\/www.legislapp.com.br\/#\/schema\/logo\/image\/\",\"url\":\"https:\/\/www.legislapp.com.br\/wp-content\/uploads\/icon.png\",\"contentUrl\":\"https:\/\/www.legislapp.com.br\/wp-content\/uploads\/icon.png\",\"width\":1024,\"height\":1024,\"caption\":\"Legislapp Monitoramento e Intelig\u00eancia Governamental\"},\"image\":{\"@id\":\"https:\/\/www.legislapp.com.br\/#\/schema\/logo\/image\/\"},\"sameAs\":[\"https:\/\/www.instagram.com\/legislapp\/\"]}]}<\/script>\n<!-- \/ Yoast SEO plugin. -->","yoast_head_json":{"title":"PL 3239\/2024 - Z\u00e9 Haroldo Cathedral - Legislapp","robots":{"index":"index","follow":"follow","max-snippet":"max-snippet:-1","max-image-preview":"max-image-preview:large","max-video-preview":"max-video-preview:-1"},"canonical":"https:\/\/www.legislapp.com.br\/index.php\/camara-pl-3239-2024\/","og_locale":"pt_BR","og_type":"article","og_title":"PL 3239\/2024 - Z\u00e9 Haroldo Cathedral - Legislapp","og_description":"C\u00e2mara &#8211; Autoria de Z\u00e9 Haroldo Cathedral Altera a Lei n\u00ba 13.146, de 6 de julho de 2015, que institui a Lei Brasileira de Inclus\u00e3o da Pessoa com Defici\u00eancia (Estatuto da Pessoa com Defici\u00eancia) para assegurar acompanhante \u00e0 pessoa com defici\u00eancia em unidades hospitalares. PROJETO DE LEI N\u00ba , de 2024 (Do Sr. Z\u00e9 Haroldo [&hellip;]","og_url":"https:\/\/www.legislapp.com.br\/index.php\/camara-pl-3239-2024\/","og_site_name":"Legislapp","article_publisher":"https:\/\/www.instagram.com\/legislapp\/","og_image":[{"url":"https:\/\/www.camara.leg.br\/internet\/deputado\/bandep\/220536.jpg","type":"","width":"","height":""}],"twitter_card":"summary_large_image","twitter_misc":{"Est. tempo de leitura":"5 minutos"},"schema":{"@context":"https:\/\/schema.org","@graph":[{"@type":"WebPage","@id":"https:\/\/www.legislapp.com.br\/index.php\/camara-pl-3239-2024\/","url":"https:\/\/www.legislapp.com.br\/index.php\/camara-pl-3239-2024\/","name":"PL 3239\/2024 - Z\u00e9 Haroldo Cathedral - Legislapp","isPartOf":{"@id":"https:\/\/www.legislapp.com.br\/#website"},"primaryImageOfPage":{"@id":"https:\/\/www.legislapp.com.br\/index.php\/camara-pl-3239-2024\/#primaryimage"},"image":{"@id":"https:\/\/www.legislapp.com.br\/index.php\/camara-pl-3239-2024\/#primaryimage"},"thumbnailUrl":"https:\/\/www.camara.leg.br\/internet\/deputado\/bandep\/220536.jpg","datePublished":"2025-06-25T13:10:35+00:00","breadcrumb":{"@id":"https:\/\/www.legislapp.com.br\/index.php\/camara-pl-3239-2024\/#breadcrumb"},"inLanguage":"pt-BR","potentialAction":[{"@type":"ReadAction","target":["https:\/\/www.legislapp.com.br\/index.php\/camara-pl-3239-2024\/"]}]},{"@type":"ImageObject","inLanguage":"pt-BR","@id":"https:\/\/www.legislapp.com.br\/index.php\/camara-pl-3239-2024\/#primaryimage","url":"https:\/\/www.camara.leg.br\/internet\/deputado\/bandep\/220536.jpg","contentUrl":"https:\/\/www.camara.leg.br\/internet\/deputado\/bandep\/220536.jpg"},{"@type":"BreadcrumbList","@id":"https:\/\/www.legislapp.com.br\/index.php\/camara-pl-3239-2024\/#breadcrumb","itemListElement":[{"@type":"ListItem","position":1,"name":"In\u00edcio","item":"https:\/\/www.legislapp.com.br\/"},{"@type":"ListItem","position":2,"name":"PL 3239\/2024 &#8211; Z\u00e9 Haroldo Cathedral"}]},{"@type":"WebSite","@id":"https:\/\/www.legislapp.com.br\/#website","url":"https:\/\/www.legislapp.com.br\/","name":"Legislapp","description":"Intelig\u00eancia governamental em tempo real","publisher":{"@id":"https:\/\/www.legislapp.com.br\/#organization"},"potentialAction":[{"@type":"SearchAction","target":{"@type":"EntryPoint","urlTemplate":"https:\/\/www.legislapp.com.br\/?s={search_term_string}"},"query-input":{"@type":"PropertyValueSpecification","valueRequired":true,"valueName":"search_term_string"}}],"inLanguage":"pt-BR"},{"@type":"Organization","@id":"https:\/\/www.legislapp.com.br\/#organization","name":"Legislapp Monitoramento e Intelig\u00eancia Governamental","url":"https:\/\/www.legislapp.com.br\/","logo":{"@type":"ImageObject","inLanguage":"pt-BR","@id":"https:\/\/www.legislapp.com.br\/#\/schema\/logo\/image\/","url":"https:\/\/www.legislapp.com.br\/wp-content\/uploads\/icon.png","contentUrl":"https:\/\/www.legislapp.com.br\/wp-content\/uploads\/icon.png","width":1024,"height":1024,"caption":"Legislapp Monitoramento e Intelig\u00eancia Governamental"},"image":{"@id":"https:\/\/www.legislapp.com.br\/#\/schema\/logo\/image\/"},"sameAs":["https:\/\/www.instagram.com\/legislapp\/"]}]}},"_links":{"self":[{"href":"https:\/\/www.legislapp.com.br\/index.php\/wp-json\/wp\/v2\/pages\/5921","targetHints":{"allow":["GET"]}}],"collection":[{"href":"https:\/\/www.legislapp.com.br\/index.php\/wp-json\/wp\/v2\/pages"}],"about":[{"href":"https:\/\/www.legislapp.com.br\/index.php\/wp-json\/wp\/v2\/types\/page"}],"author":[{"embeddable":true,"href":"https:\/\/www.legislapp.com.br\/index.php\/wp-json\/wp\/v2\/users\/1"}],"replies":[{"embeddable":true,"href":"https:\/\/www.legislapp.com.br\/index.php\/wp-json\/wp\/v2\/comments?post=5921"}],"version-history":[{"count":0,"href":"https:\/\/www.legislapp.com.br\/index.php\/wp-json\/wp\/v2\/pages\/5921\/revisions"}],"wp:attachment":[{"href":"https:\/\/www.legislapp.com.br\/index.php\/wp-json\/wp\/v2\/media?parent=5921"}],"curies":[{"name":"wp","href":"https:\/\/api.w.org\/{rel}","templated":true}]}}