{"id":5923,"date":"2025-06-25T10:10:42","date_gmt":"2025-06-25T13:10:42","guid":{"rendered":"https:\/\/www.legislapp.com.br\/index.php\/camara-pl-3026-2024\/"},"modified":"2025-06-25T10:10:42","modified_gmt":"2025-06-25T13:10:42","slug":"camara-pl-3026-2024","status":"publish","type":"page","link":"https:\/\/www.legislapp.com.br\/index.php\/camara-pl-3026-2024\/","title":{"rendered":"PL 3026\/2024 &#8211; Silvye Alves"},"content":{"rendered":"<h1 style='text-align: center;'>C\u00e2mara &#8211; Autoria de Silvye Alves<br \/><img src='https:\/\/www.camara.leg.br\/internet\/deputado\/bandep\/220569.jpg' alt='Silvye Alves' \/><\/h3>\n<p><\/p>\n<article style='text-align: center'>Disp\u00f5e sobre a cria\u00e7\u00e3o do Programa Nacional de Cuidados M\u00e9dicos Ginecol\u00f3gicos para Mulheres em Situa\u00e7\u00e3o de Extrema Vulnerabilidade Socioecon\u00f4mica e d\u00e1 outras provid\u00eancias.<\/article>\n<p><\/p>\n<p style='text-align: center'><a href='https:\/\/app.legislapp.com.br\/#\/busca?termo='><\/a><\/p>\n<p><\/p>\n<article>                                    PROJETO DE LEI N\u00ba                       , DE  2024<br \/>\n                                                        (Da Sra. Silvye Alves)<br \/>\nDisp\u00f5e sobre a cria\u00e7\u00e3o do Programa<br \/>\nNacional de Cuidados M\u00e9dicos<br \/>\nGinecol\u00f3gicos para Mulheres em Situa\u00e7\u00e3o<br \/>\nde Extrema Vulnerabilidade<br \/>\nSocioecon\u00f4mica e d\u00e1 outras provid\u00eancias.<br \/>\n                           O Congresso Nacional decreta:<br \/>\n                          Art. 1\u00ba Fica criado o Programa Nacional de Cuidados M\u00e9dicos<br \/>\nGinecol\u00f3gicos para Mulheres em Situa\u00e7\u00e3o de Extrema Vulnerabilidade<br \/>\nSocioecon\u00f4mica, com o objetivo de assegurar a oferta de servi\u00e7os de sa\u00fade<br \/>\nm\u00e9dicos ginecol\u00f3gicos adequados e acess\u00edveis para todas as mulheres em<br \/>\nsitua\u00e7\u00e3o de extrema vulnerabilidade socioecon\u00f4mica.<br \/>\n                     Art. 2\u00ba O Programa  Nacional de Cuidados M\u00e9dicos Ginecol\u00f3gicos<br \/>\npara Mulheres em Situa\u00e7\u00e3o de Extrema Vulnerabilidade Socioecon\u00f4mica<br \/>\nestruturado conforme as seguintes diretrizes:<br \/>\n                    \u00a71\u00ba  Cria\u00e7\u00e3o do Sistema de Identifica\u00e7\u00e3o, Triagem e Acesso, que<br \/>\nser\u00e1 efetivado por meio de:<br \/>\n                   I &#8211;  Ser\u00e1 implementado um sistema para identificar mulheres em<br \/>\nsitua\u00e7\u00e3o de extrema vulnerabilidade socioecon\u00f4mica que necessitam de<br \/>\ncuidados ginecol\u00f3gicos.<br \/>\n                   II &#8211; Ser\u00e3o criadas cl\u00ednicas m\u00f3veis e pontos de atendimento em<br \/>\n\u00e1reas com alta concentra\u00e7\u00e3o de mulheres em situa\u00e7\u00e3o de vulnerabilidade<br \/>\nsocioecon\u00f4mica, garantindo acesso a consultas, m\u00e9todos contraceptivos<br \/>\n(como inje\u00e7\u00f5es e p\u00edlulas)   e exames ginecol\u00f3gicos.<br \/>\n                   \u00a72\u00ba Cria\u00e7\u00e3o  de Servi\u00e7os Tratamentos, de  Atendimento e<br \/>\nAcompanhamento, por meio de :<br \/>\n            I &#8211; Ser\u00e3o oferecidas consultas m\u00e9dicas ginecol\u00f3gicas e exames<br \/>\npreventivos, como Papanicolau e Mamografias, al\u00e9m de m\u00e9todos<br \/>\ncontraceptivos, incluindo inje\u00e7\u00f5es e p\u00edlulas anticoncepcionais, gratuitamente<br \/>\npara mulheres identificadas em situa\u00e7\u00e3o de extrema vulnerabilidade<br \/>\nsocioecon\u00f4mica.<br \/>\nPara verificar a assinatura, acesse https:\/\/infoleg-autenticidade-assinatura.camara.leg.br\/CD246556882100<br \/>\nAssinado eletronicamente pelo(a) Dep. Silvye Alves<br \/>\nApresenta\u00e7\u00e3o: 02\/08\/2024 16:23:04.050 &#8211; MESA<br \/>\n*CD246556882100* PL n.3026\/2024                   II &#8211; O programa garantir\u00e1 a oferta de tratamentos m\u00e9dicos<br \/>\nginecol\u00f3gicos necess\u00e1rios, incluindo acompanhamento cont\u00ednuo para<br \/>\ncondi\u00e7\u00f5es diagnosticadas, com suporte integral e encaminhamentos para<br \/>\nservi\u00e7os especializados quando necess\u00e1rio.<br \/>\n             \u00a73\u00ba  &#8211;   O Programa ter\u00e1  campanhas educativas desenvolvidas pelo<br \/>\nPoder Executivo, da seguinte forma:<br \/>\nI &#8211; Ser\u00e3o realizadas campanhas de conscientiza\u00e7\u00e3o sobre a import\u00e2ncia<br \/>\ndos cuidados m\u00e9dicos ginecol\u00f3gicos e a disponibilidade dos servi\u00e7os<br \/>\noferecidos pelo programa, utilizando m\u00eddias sociais, r\u00e1dio, televis\u00e3o e<br \/>\nmateriais impressos.<br \/>\n         II &#8211; Ser\u00e3o promovidas oficinas e palestras sobre sa\u00fade ginecol\u00f3gica em<br \/>\ncomunidades de mulheres vulner\u00e1veis, abordando temas como preven\u00e7\u00e3o,<br \/>\nsintomas de doen\u00e7as ginecol\u00f3gicas e acesso aos servi\u00e7os.<br \/>\n          \u00a74\u00ba &#8211; O Programa, por meio da Estrat\u00e9gia Sa\u00fade da Fam\u00edlia \u2013 ESF, do<br \/>\nMinist\u00e9rio da Sa\u00fade, promover\u00e1 a   Capacita\u00e7\u00e3o e Forma\u00e7\u00e3o de Profissionais<br \/>\nespecializados no atendimento \u00e0s mulheres em condi\u00e7\u00f5es vulner\u00e1veis, da<br \/>\nseguinte forma:<br \/>\n            I &#8211;   Os profissionais de sa\u00fade ser\u00e3o capacitados para atender as<br \/>\nnecessidades espec\u00edficas das mulheres em situa\u00e7\u00e3o de vulnerabilidade, com<br \/>\nfoco em atendimento humanizado e sens\u00edvel \u00e0s quest\u00f5es de g\u00eanero e<br \/>\nsocioecon\u00f4micas.<br \/>\n            \u00a7 5\u00ba  Ser\u00e3o disponibilizados servi\u00e7os de apoio psicol\u00f3gico e social para<br \/>\najudar as mulheres a lidar com quest\u00f5es relacionadas \u00e0 sa\u00fade ginecol\u00f3gica e \u00e0<br \/>\nsua condi\u00e7\u00e3o socioecon\u00f4mica.<br \/>\n           \u00a7 6\u00ba  O Minist\u00e9rio da Sa\u00fade dever\u00e1 estabelecer parcerias com ONGs,<br \/>\ninstitui\u00e7\u00f5es comunit\u00e1rias e grupos de apoio para garantir a implementa\u00e7\u00e3o<br \/>\nefetiva do programa e alcan\u00e7ar as mulheres que mais necessitam.<br \/>\n          \u00a7 7\u00ba  Os servi\u00e7os de sa\u00fade da fam\u00edlia fornecidos  pelo Minist\u00e9rio da<br \/>\nSa\u00fade ser\u00e3o integrados ao programa para realizar triagens, fornecer<br \/>\ninforma\u00e7\u00f5es e encaminhar mulheres para o atendimento ginecol\u00f3gico<br \/>\nadequado.<br \/>\n          \u00a7 8\u00ba  Ser\u00e1 criado um sistema de monitoramento para avaliar a efic\u00e1cia do<br \/>\nprograma, identificar lacunas e garantir a qualidade dos servi\u00e7os prestados.<br \/>\n           \u00a79\u00ba O Minist\u00e9rio da Sa\u00fade dever\u00e1 publicar relat\u00f3rios anuais sobre as<br \/>\natividades do programa, incluindo dados sobre o n\u00famero de atendimentos<br \/>\nrealizados, a cobertura do programa e recomenda\u00e7\u00f5es para ajustes e<br \/>\nmelhorias.<br \/>\nPara verificar a assinatura, acesse https:\/\/infoleg-autenticidade-assinatura.camara.leg.br\/CD246556882100<br \/>\nAssinado eletronicamente pelo(a) Dep. Silvye Alves<br \/>\nApresenta\u00e7\u00e3o: 02\/08\/2024 16:23:04.050 &#8211; MESA<br \/>\n*CD246556882100* PL n.3026\/2024          Art. 3\u00ba O Poder Executivo, por meio do Minist\u00e9rio da Sa\u00fade e outras<br \/>\ninstitui\u00e7\u00f5es competentes, ser\u00e1 respons\u00e1vel pela regulamenta\u00e7\u00e3o e execu\u00e7\u00e3o<br \/>\ndas disposi\u00e7\u00f5es desta lei.<br \/>\n          4\u00ba Esta lei entra em vigor na data de sua publica\u00e7\u00e3o.<\/p>\n<p>                                                     Justifica\u00e7\u00e3o<br \/>\n                            O presente projeto de lei visa assegurar que mulheres em<br \/>\nsitua\u00e7\u00e3o de extrema vulnerabilidade socioecon\u00f4mica tenham acesso a<br \/>\ncuidados m\u00e9dicos ginecol\u00f3gicos essenciais. O objetivo \u00e9 promover a sa\u00fade e o<br \/>\nbem-estar dessas mulheres por meio de servi\u00e7os gratuitos, educa\u00e7\u00e3o e apoio<br \/>\ncont\u00ednuo, respeitando a dignidade e garantindo a equidade no acesso aos<br \/>\ncuidados de sa\u00fade.<br \/>\n                          O  foco do Programa aqui proposto  \u00e9  garantir cuidados<br \/>\nginecol\u00f3gicos para mulheres em situa\u00e7\u00e3o de extrema vulnerabilidade<br \/>\nsocioecon\u00f4mica, promovendo o acesso a servi\u00e7os de sa\u00fade ginecol\u00f3gica<br \/>\nessenciais e garantir a qualidade do atendimento para essa popula\u00e7\u00e3o.<br \/>\n                           Tamb\u00e9m com a cria\u00e7\u00e3o desse programa de cuidado s<br \/>\nginecol\u00f3gicos para mulheres em condi\u00e7\u00f5es de vulnerabilidade extrema , ser\u00e1<br \/>\nampliar  a base de atendimento realizando parceria com servi\u00e7os de sa\u00fade,<br \/>\ncentros de assist\u00eancia social e organiza\u00e7\u00f5es comunit\u00e1rias.<br \/>\n                            Portanto, nossa proposi\u00e7\u00e3o legislativa busca abordar a<br \/>\nquest\u00e3o de forma sens\u00edvel e \u00e9tica, garantindo acesso a cuidados de sa\u00fade sem<br \/>\ncomprometer os direitos dessas mulheres.<br \/>\n                            Diante do exposto, solicito aos nobres pares a aprova\u00e7\u00e3o do<br \/>\nprojeto de lei em tela.<\/p>\n<p>                                               Sala das Sess\u00f5es ,        de 2024.<br \/>\n                                         Deputada Federal Silvye Alves \u2013 UB\/GO<br \/>\nPara verificar a assinatura, acesse https:\/\/infoleg-autenticidade-assinatura.camara.leg.br\/CD246556882100<br \/>\nAssinado eletronicamente pelo(a) Dep. Silvye Alves<br \/>\nApresenta\u00e7\u00e3o: 02\/08\/2024 16:23:04.050 &#8211; MESA<br \/>\n*CD246556882100* PL n.3026\/2024<\/article>\n<div style=\"text-align: center\">\n<div style=\"margin-bottom: 20px;\" class=\"et_pb_button_module_wrapper et_pb_button_5_tb_body_wrapper et_pb_button_alignment_center et_pb_module \">\n         <a class=\"et_pb_button et_pb_button_5_tb_body et_hover_enabled et_pb_bg_layout_dark\" style=\"width: 50%;background-color: black;\" href=\"https:\/\/app.legislapp.com.br\" target=\"_blank\" rel=\"noopener\">Visualizar completo na nossa plataforma (30 dias gr\u00e1tis)<\/a><\/p><\/div>\n<p>      <a href=\"https:\/\/play.google.com\/store\/apps\/details?id=br.com.legislapp\"><img decoding=\"async\" style=\"width: 15%; min-width: 130px;\" src=\"https:\/\/www.legislapp.com.br\/wp-content\/uploads\/google-play.png\"><\/a><br \/>\n      <a href=\"https:\/\/apps.apple.com\/us\/app\/legislapp\/id1568929859\"><img decoding=\"async\" style=\"width: 15%; min-width: 130px\" src=\"https:\/\/www.legislapp.com.br\/wp-content\/uploads\/apple-store.png\"><\/a>\n   <\/div>\n","protected":false},"excerpt":{"rendered":"<p>C\u00e2mara &#8211; Autoria de Silvye Alves Disp\u00f5e sobre a cria\u00e7\u00e3o do Programa Nacional de Cuidados M\u00e9dicos Ginecol\u00f3gicos para Mulheres em Situa\u00e7\u00e3o de Extrema Vulnerabilidade Socioecon\u00f4mica e d\u00e1 outras provid\u00eancias. PROJETO DE LEI N\u00ba , DE 2024 (Da Sra. Silvye Alves) Disp\u00f5e sobre a cria\u00e7\u00e3o do Programa Nacional de Cuidados M\u00e9dicos Ginecol\u00f3gicos para Mulheres em Situa\u00e7\u00e3o [&hellip;]<\/p>\n","protected":false},"author":1,"featured_media":0,"parent":0,"menu_order":0,"comment_status":"closed","ping_status":"closed","template":"page-template-blank.php","meta":{"_et_pb_use_builder":"","_et_pb_old_content":"","_et_gb_content_width":"1080","ngg_post_thumbnail":0,"footnotes":""},"class_list":["post-5923","page","type-page","status-publish","hentry"],"yoast_head":"<!-- This site is optimized with the Yoast SEO plugin v24.4 - https:\/\/yoast.com\/wordpress\/plugins\/seo\/ -->\n<title>PL 3026\/2024 - Silvye Alves - Legislapp<\/title>\n<meta name=\"robots\" content=\"index, follow, max-snippet:-1, max-image-preview:large, max-video-preview:-1\" \/>\n<link rel=\"canonical\" href=\"https:\/\/www.legislapp.com.br\/index.php\/camara-pl-3026-2024\/\" \/>\n<meta property=\"og:locale\" content=\"pt_BR\" \/>\n<meta property=\"og:type\" content=\"article\" \/>\n<meta property=\"og:title\" content=\"PL 3026\/2024 - Silvye Alves - Legislapp\" \/>\n<meta property=\"og:description\" content=\"C\u00e2mara &#8211; Autoria de Silvye Alves Disp\u00f5e sobre a cria\u00e7\u00e3o do Programa Nacional de Cuidados M\u00e9dicos Ginecol\u00f3gicos para Mulheres em Situa\u00e7\u00e3o de Extrema Vulnerabilidade Socioecon\u00f4mica e d\u00e1 outras provid\u00eancias. PROJETO DE LEI N\u00ba , DE 2024 (Da Sra. Silvye Alves) Disp\u00f5e sobre a cria\u00e7\u00e3o do Programa Nacional de Cuidados M\u00e9dicos Ginecol\u00f3gicos para Mulheres em Situa\u00e7\u00e3o [&hellip;]\" \/>\n<meta property=\"og:url\" content=\"https:\/\/www.legislapp.com.br\/index.php\/camara-pl-3026-2024\/\" \/>\n<meta property=\"og:site_name\" content=\"Legislapp\" \/>\n<meta property=\"article:publisher\" content=\"https:\/\/www.instagram.com\/legislapp\/\" \/>\n<meta property=\"og:image\" content=\"https:\/\/www.camara.leg.br\/internet\/deputado\/bandep\/220569.jpg\" \/>\n<meta name=\"twitter:card\" content=\"summary_large_image\" \/>\n<meta name=\"twitter:label1\" content=\"Est. tempo de leitura\" \/>\n\t<meta name=\"twitter:data1\" content=\"5 minutos\" \/>\n<script type=\"application\/ld+json\" class=\"yoast-schema-graph\">{\"@context\":\"https:\/\/schema.org\",\"@graph\":[{\"@type\":\"WebPage\",\"@id\":\"https:\/\/www.legislapp.com.br\/index.php\/camara-pl-3026-2024\/\",\"url\":\"https:\/\/www.legislapp.com.br\/index.php\/camara-pl-3026-2024\/\",\"name\":\"PL 3026\/2024 - Silvye Alves - Legislapp\",\"isPartOf\":{\"@id\":\"https:\/\/www.legislapp.com.br\/#website\"},\"primaryImageOfPage\":{\"@id\":\"https:\/\/www.legislapp.com.br\/index.php\/camara-pl-3026-2024\/#primaryimage\"},\"image\":{\"@id\":\"https:\/\/www.legislapp.com.br\/index.php\/camara-pl-3026-2024\/#primaryimage\"},\"thumbnailUrl\":\"https:\/\/www.camara.leg.br\/internet\/deputado\/bandep\/220569.jpg\",\"datePublished\":\"2025-06-25T13:10:42+00:00\",\"breadcrumb\":{\"@id\":\"https:\/\/www.legislapp.com.br\/index.php\/camara-pl-3026-2024\/#breadcrumb\"},\"inLanguage\":\"pt-BR\",\"potentialAction\":[{\"@type\":\"ReadAction\",\"target\":[\"https:\/\/www.legislapp.com.br\/index.php\/camara-pl-3026-2024\/\"]}]},{\"@type\":\"ImageObject\",\"inLanguage\":\"pt-BR\",\"@id\":\"https:\/\/www.legislapp.com.br\/index.php\/camara-pl-3026-2024\/#primaryimage\",\"url\":\"https:\/\/www.camara.leg.br\/internet\/deputado\/bandep\/220569.jpg\",\"contentUrl\":\"https:\/\/www.camara.leg.br\/internet\/deputado\/bandep\/220569.jpg\"},{\"@type\":\"BreadcrumbList\",\"@id\":\"https:\/\/www.legislapp.com.br\/index.php\/camara-pl-3026-2024\/#breadcrumb\",\"itemListElement\":[{\"@type\":\"ListItem\",\"position\":1,\"name\":\"In\u00edcio\",\"item\":\"https:\/\/www.legislapp.com.br\/\"},{\"@type\":\"ListItem\",\"position\":2,\"name\":\"PL 3026\/2024 &#8211; Silvye Alves\"}]},{\"@type\":\"WebSite\",\"@id\":\"https:\/\/www.legislapp.com.br\/#website\",\"url\":\"https:\/\/www.legislapp.com.br\/\",\"name\":\"Legislapp\",\"description\":\"Intelig\u00eancia governamental em tempo real\",\"publisher\":{\"@id\":\"https:\/\/www.legislapp.com.br\/#organization\"},\"potentialAction\":[{\"@type\":\"SearchAction\",\"target\":{\"@type\":\"EntryPoint\",\"urlTemplate\":\"https:\/\/www.legislapp.com.br\/?s={search_term_string}\"},\"query-input\":{\"@type\":\"PropertyValueSpecification\",\"valueRequired\":true,\"valueName\":\"search_term_string\"}}],\"inLanguage\":\"pt-BR\"},{\"@type\":\"Organization\",\"@id\":\"https:\/\/www.legislapp.com.br\/#organization\",\"name\":\"Legislapp Monitoramento e Intelig\u00eancia Governamental\",\"url\":\"https:\/\/www.legislapp.com.br\/\",\"logo\":{\"@type\":\"ImageObject\",\"inLanguage\":\"pt-BR\",\"@id\":\"https:\/\/www.legislapp.com.br\/#\/schema\/logo\/image\/\",\"url\":\"https:\/\/www.legislapp.com.br\/wp-content\/uploads\/icon.png\",\"contentUrl\":\"https:\/\/www.legislapp.com.br\/wp-content\/uploads\/icon.png\",\"width\":1024,\"height\":1024,\"caption\":\"Legislapp Monitoramento e Intelig\u00eancia Governamental\"},\"image\":{\"@id\":\"https:\/\/www.legislapp.com.br\/#\/schema\/logo\/image\/\"},\"sameAs\":[\"https:\/\/www.instagram.com\/legislapp\/\"]}]}<\/script>\n<!-- \/ Yoast SEO plugin. -->","yoast_head_json":{"title":"PL 3026\/2024 - Silvye Alves - Legislapp","robots":{"index":"index","follow":"follow","max-snippet":"max-snippet:-1","max-image-preview":"max-image-preview:large","max-video-preview":"max-video-preview:-1"},"canonical":"https:\/\/www.legislapp.com.br\/index.php\/camara-pl-3026-2024\/","og_locale":"pt_BR","og_type":"article","og_title":"PL 3026\/2024 - Silvye Alves - Legislapp","og_description":"C\u00e2mara &#8211; Autoria de Silvye Alves Disp\u00f5e sobre a cria\u00e7\u00e3o do Programa Nacional de Cuidados M\u00e9dicos Ginecol\u00f3gicos para Mulheres em Situa\u00e7\u00e3o de Extrema Vulnerabilidade Socioecon\u00f4mica e d\u00e1 outras provid\u00eancias. PROJETO DE LEI N\u00ba , DE 2024 (Da Sra. Silvye Alves) Disp\u00f5e sobre a cria\u00e7\u00e3o do Programa Nacional de Cuidados M\u00e9dicos Ginecol\u00f3gicos para Mulheres em Situa\u00e7\u00e3o [&hellip;]","og_url":"https:\/\/www.legislapp.com.br\/index.php\/camara-pl-3026-2024\/","og_site_name":"Legislapp","article_publisher":"https:\/\/www.instagram.com\/legislapp\/","og_image":[{"url":"https:\/\/www.camara.leg.br\/internet\/deputado\/bandep\/220569.jpg","type":"","width":"","height":""}],"twitter_card":"summary_large_image","twitter_misc":{"Est. tempo de leitura":"5 minutos"},"schema":{"@context":"https:\/\/schema.org","@graph":[{"@type":"WebPage","@id":"https:\/\/www.legislapp.com.br\/index.php\/camara-pl-3026-2024\/","url":"https:\/\/www.legislapp.com.br\/index.php\/camara-pl-3026-2024\/","name":"PL 3026\/2024 - Silvye Alves - Legislapp","isPartOf":{"@id":"https:\/\/www.legislapp.com.br\/#website"},"primaryImageOfPage":{"@id":"https:\/\/www.legislapp.com.br\/index.php\/camara-pl-3026-2024\/#primaryimage"},"image":{"@id":"https:\/\/www.legislapp.com.br\/index.php\/camara-pl-3026-2024\/#primaryimage"},"thumbnailUrl":"https:\/\/www.camara.leg.br\/internet\/deputado\/bandep\/220569.jpg","datePublished":"2025-06-25T13:10:42+00:00","breadcrumb":{"@id":"https:\/\/www.legislapp.com.br\/index.php\/camara-pl-3026-2024\/#breadcrumb"},"inLanguage":"pt-BR","potentialAction":[{"@type":"ReadAction","target":["https:\/\/www.legislapp.com.br\/index.php\/camara-pl-3026-2024\/"]}]},{"@type":"ImageObject","inLanguage":"pt-BR","@id":"https:\/\/www.legislapp.com.br\/index.php\/camara-pl-3026-2024\/#primaryimage","url":"https:\/\/www.camara.leg.br\/internet\/deputado\/bandep\/220569.jpg","contentUrl":"https:\/\/www.camara.leg.br\/internet\/deputado\/bandep\/220569.jpg"},{"@type":"BreadcrumbList","@id":"https:\/\/www.legislapp.com.br\/index.php\/camara-pl-3026-2024\/#breadcrumb","itemListElement":[{"@type":"ListItem","position":1,"name":"In\u00edcio","item":"https:\/\/www.legislapp.com.br\/"},{"@type":"ListItem","position":2,"name":"PL 3026\/2024 &#8211; Silvye Alves"}]},{"@type":"WebSite","@id":"https:\/\/www.legislapp.com.br\/#website","url":"https:\/\/www.legislapp.com.br\/","name":"Legislapp","description":"Intelig\u00eancia governamental em tempo real","publisher":{"@id":"https:\/\/www.legislapp.com.br\/#organization"},"potentialAction":[{"@type":"SearchAction","target":{"@type":"EntryPoint","urlTemplate":"https:\/\/www.legislapp.com.br\/?s={search_term_string}"},"query-input":{"@type":"PropertyValueSpecification","valueRequired":true,"valueName":"search_term_string"}}],"inLanguage":"pt-BR"},{"@type":"Organization","@id":"https:\/\/www.legislapp.com.br\/#organization","name":"Legislapp Monitoramento e Intelig\u00eancia Governamental","url":"https:\/\/www.legislapp.com.br\/","logo":{"@type":"ImageObject","inLanguage":"pt-BR","@id":"https:\/\/www.legislapp.com.br\/#\/schema\/logo\/image\/","url":"https:\/\/www.legislapp.com.br\/wp-content\/uploads\/icon.png","contentUrl":"https:\/\/www.legislapp.com.br\/wp-content\/uploads\/icon.png","width":1024,"height":1024,"caption":"Legislapp Monitoramento e Intelig\u00eancia Governamental"},"image":{"@id":"https:\/\/www.legislapp.com.br\/#\/schema\/logo\/image\/"},"sameAs":["https:\/\/www.instagram.com\/legislapp\/"]}]}},"_links":{"self":[{"href":"https:\/\/www.legislapp.com.br\/index.php\/wp-json\/wp\/v2\/pages\/5923","targetHints":{"allow":["GET"]}}],"collection":[{"href":"https:\/\/www.legislapp.com.br\/index.php\/wp-json\/wp\/v2\/pages"}],"about":[{"href":"https:\/\/www.legislapp.com.br\/index.php\/wp-json\/wp\/v2\/types\/page"}],"author":[{"embeddable":true,"href":"https:\/\/www.legislapp.com.br\/index.php\/wp-json\/wp\/v2\/users\/1"}],"replies":[{"embeddable":true,"href":"https:\/\/www.legislapp.com.br\/index.php\/wp-json\/wp\/v2\/comments?post=5923"}],"version-history":[{"count":0,"href":"https:\/\/www.legislapp.com.br\/index.php\/wp-json\/wp\/v2\/pages\/5923\/revisions"}],"wp:attachment":[{"href":"https:\/\/www.legislapp.com.br\/index.php\/wp-json\/wp\/v2\/media?parent=5923"}],"curies":[{"name":"wp","href":"https:\/\/api.w.org\/{rel}","templated":true}]}}