{"id":5925,"date":"2025-06-25T10:10:49","date_gmt":"2025-06-25T13:10:49","guid":{"rendered":"https:\/\/www.legislapp.com.br\/index.php\/camara-pl-222-2024\/"},"modified":"2025-06-25T10:10:49","modified_gmt":"2025-06-25T13:10:49","slug":"camara-pl-222-2024","status":"publish","type":"page","link":"https:\/\/www.legislapp.com.br\/index.php\/camara-pl-222-2024\/","title":{"rendered":"PL 222\/2024 &#8211; Pedro Aihara"},"content":{"rendered":"<h1 style='text-align: center;'>C\u00e2mara &#8211; Autoria de Pedro Aihara<br \/><img src='https:\/\/www.camara.leg.br\/internet\/deputado\/bandep\/220630.jpg' alt='Pedro Aihara' \/><\/h3>\n<p><\/p>\n<article style='text-align: center'>Altera a Lei n\u00ba 9.503, de 1997 (C\u00f3digo de Tr\u00e2nsito Brasileiro), para tornar poss\u00edvel, mediante termo de coopera\u00e7\u00e3o, o uso de ve\u00edculo automotor levado a leil\u00e3o em treinamentos de salvamento veicular realizados por Corpos de Bombeiros Militares.<\/article>\n<p><\/p>\n<p style='text-align: center'><a href='https:\/\/app.legislapp.com.br\/#\/busca?termo='><\/a><\/p>\n<p><\/p>\n<article>C\u00c2MARA DOS DEPUTADOS<br \/>\nGabinete Dep. Federal PEDRO AIHARA &#8211; MG<br \/>\nPROJETO DE LEI N\u00ba          , DE 2024<br \/>\n(Do Sr. PEDRO AIHARA)<br \/>\nAltera a Lei n\u00ba 9.503, de 1997 (C\u00f3digo<br \/>\nde Tr\u00e2nsito Brasileiro), para tornar poss\u00edvel,<br \/>\nmediante termo de coopera\u00e7\u00e3o, o uso de<br \/>\nve\u00edculo automotor levado a leil\u00e3o em<br \/>\ntreinamentos de salvamento veicular<br \/>\nrealizados por Corpos de Bombeiros<br \/>\nMilitares.<br \/>\nO Congresso Nacional decreta:<br \/>\nArt. 1\u00ba Esta Lei altera o art. 328 da Lei n\u00ba 9.503, de 23 de setembro<br \/>\nde 1997, que \u201cInstitui o C\u00f3digo de Tr\u00e2nsito Brasileiro\u201d, para tornar poss\u00edvel,<br \/>\nmediante termo de coopera\u00e7\u00e3o, o uso de ve\u00edculo automotor levado a leil\u00e3o em<br \/>\ntreinamentos de salvamento veicular realizados por Corpos de Bombeiros<br \/>\nMilitares.<br \/>\nArt. 2\u00ba O art. 328 da Lei n\u00ba 9.503, de 1997, passa a vigorar com as<br \/>\nseguintes altera\u00e7\u00f5es:<br \/>\n\u201cArt. 328&#8230;&#8230;&#8230;&#8230;&#8230;&#8230;&#8230;&#8230;&#8230;&#8230;&#8230;&#8230;&#8230;&#8230;&#8230;&#8230;&#8230;&#8230;&#8230;&#8230;&#8230;&#8230;&#8230;&#8230;&#8230;&#8230;&#8230;&#8230;&#8230;&#8230;&#8230;&#8230;.<br \/>\n&#8230;&#8230;&#8230;&#8230;&#8230;&#8230;&#8230;&#8230;&#8230;&#8230;&#8230;&#8230;&#8230;&#8230;&#8230;&#8230;&#8230;&#8230;&#8230;&#8230;&#8230;&#8230;&#8230;&#8230;&#8230;&#8230;&#8230;&#8230;&#8230;&#8230;&#8230;&#8230;&#8230;&#8230;&#8230;&#8230;&#8230;<br \/>\n\u00a7 15. A autoridade respons\u00e1vel pelo leil\u00e3o dever\u00e1, havendo demanda<br \/>\nde treinamento dos Corpos de Bombeiros Militares, celebrar termo de<br \/>\ncoopera\u00e7\u00e3o com as institui\u00e7\u00f5es para lhes permitir, a t\u00edtulo de<br \/>\nempr\u00e9stimo, o uso de ve\u00edculos levados a leil\u00e3o em exerc\u00edcios<br \/>\npr\u00e1ticos de salvamento veicular, nos termos de regulamenta\u00e7\u00e3o do<br \/>\nContran.\u201d (NR)<br \/>\nArt. 3\u00ba Esta Lei entra em vigor ap\u00f3s decorridos 120 (cento e vinte)<br \/>\ndias de sua publica\u00e7\u00e3o oficial.<br \/>\nPara verificar a assinatura, acesse https:\/\/infoleg-autenticidade-assinatura.camara.leg.br\/CD249994930500<br \/>\nAssinado eletronicamente pelo(a) Dep. Pedro Aihara<br \/>\nApresenta\u00e7\u00e3o: 07\/02\/2024 18:04:56.310 &#8211; Mesa<br \/>\n*CD249994930500* PL n.222\/2024C\u00c2MARA DOS DEPUTADOS<br \/>\nGabinete Dep. Federal PEDRO AIHARA &#8211; MG<br \/>\nJUSTIFICA\u00c7\u00c3O<br \/>\nEste projeto de lei pretende tornar poss\u00edvel, com a necess\u00e1ria<br \/>\nseguran\u00e7a jur\u00eddica, a celebra\u00e7\u00e3o de termos de coopera\u00e7\u00e3o entre Corpos de<br \/>\nBombeiros Militares e \u00f3rg\u00e3os do Sistema Nacional de Tr\u00e2nsito respons\u00e1veis<br \/>\npela realiza\u00e7\u00e3o de leil\u00e3o de ve\u00edculos removidos a dep\u00f3sito, para uso de parte<br \/>\ndesses automotores em a\u00e7\u00f5es de treinamento de salvamento de pessoas ap\u00f3s<br \/>\nacidentes de tr\u00e2nsito.<br \/>\nEmbora o resgate e o salvamento estejam entre as mais nobres<br \/>\natividades que se podem desenvolver em sociedade, n\u00e3o tem sido f\u00e1cil para os<br \/>\nCorpos de Bombeiros Militares \u2013 quase sempre respons\u00e1veis por atendimentos<br \/>\nde urg\u00eancia decorrentes de desastres em rodovias e vias urbanas \u2013 preparar<br \/>\nseu pessoal para as a\u00e7\u00f5es de resgate e salvamento em acidentes<br \/>\nautomobil\u00edsticos.<br \/>\nIsso decorre da grande dificuldade de as corpora\u00e7\u00f5es terem \u00e0<br \/>\ndisposi\u00e7\u00e3o ve\u00edculos j\u00e1 sem utilidade, com os quais possam desenvolver cursos,<br \/>\ntreinamentos e t\u00e9cnicas de resgate e salvamento, da maneira mais realista<br \/>\nposs\u00edvel.<br \/>\nAlguns Corpos de Bombeiros Militares e \u00f3rg\u00e3os de tr\u00e2nsito t\u00eam<br \/>\ncelebrado termo de coopera\u00e7\u00e3o para tornar poss\u00edvel o emprego de ve\u00edculos<br \/>\nlevados a dep\u00f3sito nos treinamentos de resgate e salvamento. Esses ve\u00edculos,<br \/>\nap\u00f3s uso pelas corpora\u00e7\u00f5es, retornam ao \u00f3rg\u00e3o respons\u00e1vel para a realiza\u00e7\u00e3o<br \/>\ndo leil\u00e3o, nos termos da legisla\u00e7\u00e3o.<br \/>\nA pr\u00e1tica, no entanto, merece maior respaldo legal, pois ainda n\u00e3o \u00e9<br \/>\npac\u00edfico o entendimento segundo o qual o ve\u00edculo sob guarda do \u00f3rg\u00e3o<br \/>\nPara verificar a assinatura, acesse https:\/\/infoleg-autenticidade-assinatura.camara.leg.br\/CD249994930500<br \/>\nAssinado eletronicamente pelo(a) Dep. Pedro Aihara<br \/>\nApresenta\u00e7\u00e3o: 07\/02\/2024 18:04:56.310 &#8211; Mesa<br \/>\n*CD249994930500* PL n.222\/2024C\u00c2MARA DOS DEPUTADOS<br \/>\nGabinete Dep. Federal PEDRO AIHARA &#8211; MG<br \/>\nrespons\u00e1vel pelo leil\u00e3o possa ser objeto de tal tipo de ajuste, mesmo que isso<br \/>\nrepresente enorme ganho para a sociedade.<br \/>\nPor esse motivo, a presente iniciativa deixa patente na lei que a<br \/>\niniciativa \u00e9 formalmente poss\u00edvel, dependendo t\u00e3o somente do atendimento a<br \/>\nrequisitos que visam a impedir qualquer comprometimento do leil\u00e3o.<br \/>\nSendo assim, pede-se o apoio dos Nobres Pares a esta proposta<br \/>\nlegislativa.<br \/>\nSala das Sess\u00f5es, em        de                     de 2024.<br \/>\nDeputado PEDRO AIHARA<br \/>\nPara verificar a assinatura, acesse https:\/\/infoleg-autenticidade-assinatura.camara.leg.br\/CD249994930500<br \/>\nAssinado eletronicamente pelo(a) Dep. Pedro Aihara<br \/>\nApresenta\u00e7\u00e3o: 07\/02\/2024 18:04:56.310 &#8211; Mesa<br \/>\n*CD249994930500* PL n.222\/2024<\/article>\n<div style=\"text-align: center\">\n<div style=\"margin-bottom: 20px;\" class=\"et_pb_button_module_wrapper et_pb_button_5_tb_body_wrapper et_pb_button_alignment_center et_pb_module \">\n         <a class=\"et_pb_button et_pb_button_5_tb_body et_hover_enabled et_pb_bg_layout_dark\" style=\"width: 50%;background-color: black;\" href=\"https:\/\/app.legislapp.com.br\" target=\"_blank\" rel=\"noopener\">Visualizar completo na nossa plataforma (30 dias gr\u00e1tis)<\/a><\/p><\/div>\n<p>      <a href=\"https:\/\/play.google.com\/store\/apps\/details?id=br.com.legislapp\"><img decoding=\"async\" style=\"width: 15%; min-width: 130px;\" src=\"https:\/\/www.legislapp.com.br\/wp-content\/uploads\/google-play.png\"><\/a><br \/>\n      <a href=\"https:\/\/apps.apple.com\/us\/app\/legislapp\/id1568929859\"><img decoding=\"async\" style=\"width: 15%; min-width: 130px\" src=\"https:\/\/www.legislapp.com.br\/wp-content\/uploads\/apple-store.png\"><\/a>\n   <\/div>\n","protected":false},"excerpt":{"rendered":"<p>C\u00e2mara &#8211; Autoria de Pedro Aihara Altera a Lei n\u00ba 9.503, de 1997 (C\u00f3digo de Tr\u00e2nsito Brasileiro), para tornar poss\u00edvel, mediante termo de coopera\u00e7\u00e3o, o uso de ve\u00edculo automotor levado a leil\u00e3o em treinamentos de salvamento veicular realizados por Corpos de Bombeiros Militares. C\u00c2MARA DOS DEPUTADOS Gabinete Dep. Federal PEDRO AIHARA &#8211; MG PROJETO DE [&hellip;]<\/p>\n","protected":false},"author":1,"featured_media":0,"parent":0,"menu_order":0,"comment_status":"closed","ping_status":"closed","template":"page-template-blank.php","meta":{"_et_pb_use_builder":"","_et_pb_old_content":"","_et_gb_content_width":"1080","ngg_post_thumbnail":0,"footnotes":""},"class_list":["post-5925","page","type-page","status-publish","hentry"],"yoast_head":"<!-- This site is optimized with the Yoast SEO plugin v24.4 - https:\/\/yoast.com\/wordpress\/plugins\/seo\/ -->\n<title>PL 222\/2024 - Pedro Aihara - Legislapp<\/title>\n<meta name=\"robots\" content=\"index, follow, max-snippet:-1, max-image-preview:large, max-video-preview:-1\" \/>\n<link rel=\"canonical\" href=\"https:\/\/www.legislapp.com.br\/index.php\/camara-pl-222-2024\/\" \/>\n<meta property=\"og:locale\" content=\"pt_BR\" \/>\n<meta property=\"og:type\" content=\"article\" \/>\n<meta property=\"og:title\" content=\"PL 222\/2024 - Pedro Aihara - Legislapp\" \/>\n<meta property=\"og:description\" content=\"C\u00e2mara &#8211; Autoria de Pedro Aihara Altera a Lei n\u00ba 9.503, de 1997 (C\u00f3digo de Tr\u00e2nsito Brasileiro), para tornar poss\u00edvel, mediante termo de coopera\u00e7\u00e3o, o uso de ve\u00edculo automotor levado a leil\u00e3o em treinamentos de salvamento veicular realizados por Corpos de Bombeiros Militares. C\u00c2MARA DOS DEPUTADOS Gabinete Dep. Federal PEDRO AIHARA &#8211; MG PROJETO DE [&hellip;]\" \/>\n<meta property=\"og:url\" content=\"https:\/\/www.legislapp.com.br\/index.php\/camara-pl-222-2024\/\" \/>\n<meta property=\"og:site_name\" content=\"Legislapp\" \/>\n<meta property=\"article:publisher\" content=\"https:\/\/www.instagram.com\/legislapp\/\" \/>\n<meta property=\"og:image\" content=\"https:\/\/www.camara.leg.br\/internet\/deputado\/bandep\/220630.jpg\" \/>\n<meta name=\"twitter:card\" content=\"summary_large_image\" \/>\n<meta name=\"twitter:label1\" content=\"Est. tempo de leitura\" \/>\n\t<meta name=\"twitter:data1\" content=\"4 minutos\" \/>\n<script type=\"application\/ld+json\" class=\"yoast-schema-graph\">{\"@context\":\"https:\/\/schema.org\",\"@graph\":[{\"@type\":\"WebPage\",\"@id\":\"https:\/\/www.legislapp.com.br\/index.php\/camara-pl-222-2024\/\",\"url\":\"https:\/\/www.legislapp.com.br\/index.php\/camara-pl-222-2024\/\",\"name\":\"PL 222\/2024 - Pedro Aihara - Legislapp\",\"isPartOf\":{\"@id\":\"https:\/\/www.legislapp.com.br\/#website\"},\"primaryImageOfPage\":{\"@id\":\"https:\/\/www.legislapp.com.br\/index.php\/camara-pl-222-2024\/#primaryimage\"},\"image\":{\"@id\":\"https:\/\/www.legislapp.com.br\/index.php\/camara-pl-222-2024\/#primaryimage\"},\"thumbnailUrl\":\"https:\/\/www.camara.leg.br\/internet\/deputado\/bandep\/220630.jpg\",\"datePublished\":\"2025-06-25T13:10:49+00:00\",\"breadcrumb\":{\"@id\":\"https:\/\/www.legislapp.com.br\/index.php\/camara-pl-222-2024\/#breadcrumb\"},\"inLanguage\":\"pt-BR\",\"potentialAction\":[{\"@type\":\"ReadAction\",\"target\":[\"https:\/\/www.legislapp.com.br\/index.php\/camara-pl-222-2024\/\"]}]},{\"@type\":\"ImageObject\",\"inLanguage\":\"pt-BR\",\"@id\":\"https:\/\/www.legislapp.com.br\/index.php\/camara-pl-222-2024\/#primaryimage\",\"url\":\"https:\/\/www.camara.leg.br\/internet\/deputado\/bandep\/220630.jpg\",\"contentUrl\":\"https:\/\/www.camara.leg.br\/internet\/deputado\/bandep\/220630.jpg\"},{\"@type\":\"BreadcrumbList\",\"@id\":\"https:\/\/www.legislapp.com.br\/index.php\/camara-pl-222-2024\/#breadcrumb\",\"itemListElement\":[{\"@type\":\"ListItem\",\"position\":1,\"name\":\"In\u00edcio\",\"item\":\"https:\/\/www.legislapp.com.br\/\"},{\"@type\":\"ListItem\",\"position\":2,\"name\":\"PL 222\/2024 &#8211; Pedro Aihara\"}]},{\"@type\":\"WebSite\",\"@id\":\"https:\/\/www.legislapp.com.br\/#website\",\"url\":\"https:\/\/www.legislapp.com.br\/\",\"name\":\"Legislapp\",\"description\":\"Intelig\u00eancia governamental em tempo real\",\"publisher\":{\"@id\":\"https:\/\/www.legislapp.com.br\/#organization\"},\"potentialAction\":[{\"@type\":\"SearchAction\",\"target\":{\"@type\":\"EntryPoint\",\"urlTemplate\":\"https:\/\/www.legislapp.com.br\/?s={search_term_string}\"},\"query-input\":{\"@type\":\"PropertyValueSpecification\",\"valueRequired\":true,\"valueName\":\"search_term_string\"}}],\"inLanguage\":\"pt-BR\"},{\"@type\":\"Organization\",\"@id\":\"https:\/\/www.legislapp.com.br\/#organization\",\"name\":\"Legislapp Monitoramento e Intelig\u00eancia Governamental\",\"url\":\"https:\/\/www.legislapp.com.br\/\",\"logo\":{\"@type\":\"ImageObject\",\"inLanguage\":\"pt-BR\",\"@id\":\"https:\/\/www.legislapp.com.br\/#\/schema\/logo\/image\/\",\"url\":\"https:\/\/www.legislapp.com.br\/wp-content\/uploads\/icon.png\",\"contentUrl\":\"https:\/\/www.legislapp.com.br\/wp-content\/uploads\/icon.png\",\"width\":1024,\"height\":1024,\"caption\":\"Legislapp Monitoramento e Intelig\u00eancia Governamental\"},\"image\":{\"@id\":\"https:\/\/www.legislapp.com.br\/#\/schema\/logo\/image\/\"},\"sameAs\":[\"https:\/\/www.instagram.com\/legislapp\/\"]}]}<\/script>\n<!-- \/ Yoast SEO plugin. -->","yoast_head_json":{"title":"PL 222\/2024 - Pedro Aihara - Legislapp","robots":{"index":"index","follow":"follow","max-snippet":"max-snippet:-1","max-image-preview":"max-image-preview:large","max-video-preview":"max-video-preview:-1"},"canonical":"https:\/\/www.legislapp.com.br\/index.php\/camara-pl-222-2024\/","og_locale":"pt_BR","og_type":"article","og_title":"PL 222\/2024 - Pedro Aihara - Legislapp","og_description":"C\u00e2mara &#8211; Autoria de Pedro Aihara Altera a Lei n\u00ba 9.503, de 1997 (C\u00f3digo de Tr\u00e2nsito Brasileiro), para tornar poss\u00edvel, mediante termo de coopera\u00e7\u00e3o, o uso de ve\u00edculo automotor levado a leil\u00e3o em treinamentos de salvamento veicular realizados por Corpos de Bombeiros Militares. C\u00c2MARA DOS DEPUTADOS Gabinete Dep. Federal PEDRO AIHARA &#8211; MG PROJETO DE [&hellip;]","og_url":"https:\/\/www.legislapp.com.br\/index.php\/camara-pl-222-2024\/","og_site_name":"Legislapp","article_publisher":"https:\/\/www.instagram.com\/legislapp\/","og_image":[{"url":"https:\/\/www.camara.leg.br\/internet\/deputado\/bandep\/220630.jpg","type":"","width":"","height":""}],"twitter_card":"summary_large_image","twitter_misc":{"Est. tempo de leitura":"4 minutos"},"schema":{"@context":"https:\/\/schema.org","@graph":[{"@type":"WebPage","@id":"https:\/\/www.legislapp.com.br\/index.php\/camara-pl-222-2024\/","url":"https:\/\/www.legislapp.com.br\/index.php\/camara-pl-222-2024\/","name":"PL 222\/2024 - Pedro Aihara - Legislapp","isPartOf":{"@id":"https:\/\/www.legislapp.com.br\/#website"},"primaryImageOfPage":{"@id":"https:\/\/www.legislapp.com.br\/index.php\/camara-pl-222-2024\/#primaryimage"},"image":{"@id":"https:\/\/www.legislapp.com.br\/index.php\/camara-pl-222-2024\/#primaryimage"},"thumbnailUrl":"https:\/\/www.camara.leg.br\/internet\/deputado\/bandep\/220630.jpg","datePublished":"2025-06-25T13:10:49+00:00","breadcrumb":{"@id":"https:\/\/www.legislapp.com.br\/index.php\/camara-pl-222-2024\/#breadcrumb"},"inLanguage":"pt-BR","potentialAction":[{"@type":"ReadAction","target":["https:\/\/www.legislapp.com.br\/index.php\/camara-pl-222-2024\/"]}]},{"@type":"ImageObject","inLanguage":"pt-BR","@id":"https:\/\/www.legislapp.com.br\/index.php\/camara-pl-222-2024\/#primaryimage","url":"https:\/\/www.camara.leg.br\/internet\/deputado\/bandep\/220630.jpg","contentUrl":"https:\/\/www.camara.leg.br\/internet\/deputado\/bandep\/220630.jpg"},{"@type":"BreadcrumbList","@id":"https:\/\/www.legislapp.com.br\/index.php\/camara-pl-222-2024\/#breadcrumb","itemListElement":[{"@type":"ListItem","position":1,"name":"In\u00edcio","item":"https:\/\/www.legislapp.com.br\/"},{"@type":"ListItem","position":2,"name":"PL 222\/2024 &#8211; Pedro Aihara"}]},{"@type":"WebSite","@id":"https:\/\/www.legislapp.com.br\/#website","url":"https:\/\/www.legislapp.com.br\/","name":"Legislapp","description":"Intelig\u00eancia governamental em tempo real","publisher":{"@id":"https:\/\/www.legislapp.com.br\/#organization"},"potentialAction":[{"@type":"SearchAction","target":{"@type":"EntryPoint","urlTemplate":"https:\/\/www.legislapp.com.br\/?s={search_term_string}"},"query-input":{"@type":"PropertyValueSpecification","valueRequired":true,"valueName":"search_term_string"}}],"inLanguage":"pt-BR"},{"@type":"Organization","@id":"https:\/\/www.legislapp.com.br\/#organization","name":"Legislapp Monitoramento e Intelig\u00eancia Governamental","url":"https:\/\/www.legislapp.com.br\/","logo":{"@type":"ImageObject","inLanguage":"pt-BR","@id":"https:\/\/www.legislapp.com.br\/#\/schema\/logo\/image\/","url":"https:\/\/www.legislapp.com.br\/wp-content\/uploads\/icon.png","contentUrl":"https:\/\/www.legislapp.com.br\/wp-content\/uploads\/icon.png","width":1024,"height":1024,"caption":"Legislapp Monitoramento e Intelig\u00eancia Governamental"},"image":{"@id":"https:\/\/www.legislapp.com.br\/#\/schema\/logo\/image\/"},"sameAs":["https:\/\/www.instagram.com\/legislapp\/"]}]}},"_links":{"self":[{"href":"https:\/\/www.legislapp.com.br\/index.php\/wp-json\/wp\/v2\/pages\/5925","targetHints":{"allow":["GET"]}}],"collection":[{"href":"https:\/\/www.legislapp.com.br\/index.php\/wp-json\/wp\/v2\/pages"}],"about":[{"href":"https:\/\/www.legislapp.com.br\/index.php\/wp-json\/wp\/v2\/types\/page"}],"author":[{"embeddable":true,"href":"https:\/\/www.legislapp.com.br\/index.php\/wp-json\/wp\/v2\/users\/1"}],"replies":[{"embeddable":true,"href":"https:\/\/www.legislapp.com.br\/index.php\/wp-json\/wp\/v2\/comments?post=5925"}],"version-history":[{"count":0,"href":"https:\/\/www.legislapp.com.br\/index.php\/wp-json\/wp\/v2\/pages\/5925\/revisions"}],"wp:attachment":[{"href":"https:\/\/www.legislapp.com.br\/index.php\/wp-json\/wp\/v2\/media?parent=5925"}],"curies":[{"name":"wp","href":"https:\/\/api.w.org\/{rel}","templated":true}]}}