{"id":5927,"date":"2025-06-25T10:10:56","date_gmt":"2025-06-25T13:10:56","guid":{"rendered":"https:\/\/www.legislapp.com.br\/index.php\/senado-pl-350-2021\/"},"modified":"2025-06-25T10:10:56","modified_gmt":"2025-06-25T13:10:56","slug":"senado-pl-350-2021","status":"publish","type":"page","link":"https:\/\/www.legislapp.com.br\/index.php\/senado-pl-350-2021\/","title":{"rendered":"PL 350\/2021 &#8211; Senador Paulo Paim (PT\/RS)"},"content":{"rendered":"<h1 style='text-align: center;'>Senado &#8211; Autoria de Senador Paulo Paim (PT\/RS)<br \/><img src='http:\/\/www.senado.leg.br\/senadores\/img\/fotos-oficiais\/senador825.jpg' alt='Senador Paulo Paim (PT\/RS)' \/><\/h3>\n<p><\/p>\n<article style='text-align: center'>Institui a linha oficial de pobreza e estabelece que o Governo Federal dever\u00e1 definir metas progressiva erradica\u00e7\u00e3o da pobreza e diminui\u00e7\u00e3o das desigualdades socioecon\u00f4micas, e d\u00e1 outras provid\u00eancias.<\/article>\n<p><\/p>\n<p style='text-align: center'><a href='https:\/\/app.legislapp.com.br\/#\/busca?termo=CRIA\u00c7\u00c3O'>CRIA\u00c7\u00c3O<\/a>, <a href='https:\/\/app.legislapp.com.br\/#\/busca?termo=LEI FEDERAL'>LEI FEDERAL<\/a>, <a href='https:\/\/app.legislapp.com.br\/#\/busca?termo=OBRIGATORIEDADE'>OBRIGATORIEDADE<\/a>, <a href='https:\/\/app.legislapp.com.br\/#\/busca?termo=GOVERNO FEDERAL'>GOVERNO FEDERAL<\/a>, <a href='https:\/\/app.legislapp.com.br\/#\/busca?termo=DEFINI\u00c7\u00c3O'>DEFINI\u00c7\u00c3O<\/a>, <a href='https:\/\/app.legislapp.com.br\/#\/busca?termo=EXECU\u00c7\u00c3O'>EXECU\u00c7\u00c3O<\/a>, <a href='https:\/\/app.legislapp.com.br\/#\/busca?termo=POLITICA PUBLICA'>POLITICA PUBLICA<\/a>, <a href='https:\/\/app.legislapp.com.br\/#\/busca?termo=OBJETIVO'>OBJETIVO<\/a>, <a href='https:\/\/app.legislapp.com.br\/#\/busca?termo=ERRADICA\u00c7\u00c3O'>ERRADICA\u00c7\u00c3O<\/a>, <a href='https:\/\/app.legislapp.com.br\/#\/busca?termo=POBREZA .'>POBREZA .<\/a><\/p>\n<p><\/p>\n<article>GRUPO DE TRABALHO ESTATUTO DA CRIAN\u00c7A E ADOLESCENTE<br \/>\nREQUERIMENTO<br \/>\n(Do Sr. OSMAR SERRAGLIO)<br \/>\nSenhor Presidente:<br \/>\nRequeiro a V.Exa., nos ternos do disposto no art.<br \/>\n58, \u00a7 2\u00ba, inc. II, da Constitui\u00e7\u00e3o Federal, ouvido o Plen\u00e1rio deste Colendo Grupo de<br \/>\nTrabalho,  seja designada data para realiza\u00e7\u00e3o de audi\u00eancia p\u00fablica com o objetivo<br \/>\nde ouvir   Representante da CNBB &#8211;  Confer\u00eancia Nacional dos Bispos do Brasil e o<br \/>\nRabino Sr. Ehenry Sobel sobre o cumprimento da Lei n.1.628\/02 e a possibilidade de<br \/>\nredu\u00e7\u00e3o da maioridade penal.<br \/>\nJustificamos o pedido, n\u00e3o s\u00f3 ante a reconhecida<br \/>\nexpress\u00e3o e ascend\u00eancia comunit\u00e1ria que aquela prestigiada institui\u00e7\u00e3o e o ilustre<br \/>\nRabino fruem em nosso meio, como tamb\u00e9m  na esteira das manifesta\u00e7\u00f5es<br \/>\nrecentes, advindas dos mesmos,  a prop\u00f3sito do tema,  espelhando, no primeiro<br \/>\ncaso, opini\u00f5es divergentes, o que \u00e9 bom para que o Grupo possa aferir as<br \/>\npondera\u00e7\u00f5es conflitantes , e,  em rela\u00e7\u00e3o ao famoso Rabino, a mudan\u00e7a e retomada<br \/>\nde opini\u00e3o, a prop\u00f3sito da responsabilidade penal e sua puni\u00e7\u00e3o,  no  curto<br \/>\ninterregno de duas semanas.<br \/>\nSala da  Comiss\u00e3o, em 2  de  dezembro  de 2003.<br \/>\nDeputado OSMAR SERRAGLIO<\/article>\n<div style=\"text-align: center\">\n<div style=\"margin-bottom: 20px;\" class=\"et_pb_button_module_wrapper et_pb_button_5_tb_body_wrapper et_pb_button_alignment_center et_pb_module \">\n         <a class=\"et_pb_button et_pb_button_5_tb_body et_hover_enabled et_pb_bg_layout_dark\" style=\"width: 50%;background-color: black;\" href=\"https:\/\/app.legislapp.com.br\" target=\"_blank\" rel=\"noopener\">Visualizar completo na nossa plataforma (30 dias gr\u00e1tis)<\/a><\/p><\/div>\n<p>      <a href=\"https:\/\/play.google.com\/store\/apps\/details?id=br.com.legislapp\"><img decoding=\"async\" style=\"width: 15%; min-width: 130px;\" src=\"https:\/\/www.legislapp.com.br\/wp-content\/uploads\/google-play.png\"><\/a><br \/>\n      <a href=\"https:\/\/apps.apple.com\/us\/app\/legislapp\/id1568929859\"><img decoding=\"async\" style=\"width: 15%; min-width: 130px\" src=\"https:\/\/www.legislapp.com.br\/wp-content\/uploads\/apple-store.png\"><\/a>\n   <\/div>\n","protected":false},"excerpt":{"rendered":"<p>Senado &#8211; Autoria de Senador Paulo Paim (PT\/RS) Institui a linha oficial de pobreza e estabelece que o Governo Federal dever\u00e1 definir metas progressiva erradica\u00e7\u00e3o da pobreza e diminui\u00e7\u00e3o das desigualdades socioecon\u00f4micas, e d\u00e1 outras provid\u00eancias. CRIA\u00c7\u00c3O, LEI FEDERAL, OBRIGATORIEDADE, GOVERNO FEDERAL, DEFINI\u00c7\u00c3O, EXECU\u00c7\u00c3O, POLITICA PUBLICA, OBJETIVO, ERRADICA\u00c7\u00c3O, POBREZA . GRUPO DE TRABALHO ESTATUTO DA [&hellip;]<\/p>\n","protected":false},"author":1,"featured_media":0,"parent":0,"menu_order":0,"comment_status":"closed","ping_status":"closed","template":"page-template-blank.php","meta":{"_et_pb_use_builder":"","_et_pb_old_content":"","_et_gb_content_width":"1080","ngg_post_thumbnail":0,"footnotes":""},"class_list":["post-5927","page","type-page","status-publish","hentry"],"yoast_head":"<!-- This site is optimized with the Yoast SEO plugin v24.4 - https:\/\/yoast.com\/wordpress\/plugins\/seo\/ -->\n<title>PL 350\/2021 - Senador Paulo Paim (PT\/RS) - Legislapp<\/title>\n<meta name=\"robots\" content=\"index, follow, max-snippet:-1, max-image-preview:large, max-video-preview:-1\" \/>\n<link rel=\"canonical\" href=\"https:\/\/www.legislapp.com.br\/index.php\/senado-pl-350-2021\/\" \/>\n<meta property=\"og:locale\" content=\"pt_BR\" \/>\n<meta property=\"og:type\" content=\"article\" \/>\n<meta property=\"og:title\" content=\"PL 350\/2021 - Senador Paulo Paim (PT\/RS) - Legislapp\" \/>\n<meta property=\"og:description\" content=\"Senado &#8211; Autoria de Senador Paulo Paim (PT\/RS) Institui a linha oficial de pobreza e estabelece que o Governo Federal dever\u00e1 definir metas progressiva erradica\u00e7\u00e3o da pobreza e diminui\u00e7\u00e3o das desigualdades socioecon\u00f4micas, e d\u00e1 outras provid\u00eancias. CRIA\u00c7\u00c3O, LEI FEDERAL, OBRIGATORIEDADE, GOVERNO FEDERAL, DEFINI\u00c7\u00c3O, EXECU\u00c7\u00c3O, POLITICA PUBLICA, OBJETIVO, ERRADICA\u00c7\u00c3O, POBREZA . GRUPO DE TRABALHO ESTATUTO DA [&hellip;]\" \/>\n<meta property=\"og:url\" content=\"https:\/\/www.legislapp.com.br\/index.php\/senado-pl-350-2021\/\" \/>\n<meta property=\"og:site_name\" content=\"Legislapp\" \/>\n<meta property=\"article:publisher\" content=\"https:\/\/www.instagram.com\/legislapp\/\" \/>\n<meta property=\"og:image\" content=\"http:\/\/www.senado.leg.br\/senadores\/img\/fotos-oficiais\/senador825.jpg\" \/>\n<meta name=\"twitter:card\" content=\"summary_large_image\" \/>\n<meta name=\"twitter:label1\" content=\"Est. tempo de leitura\" \/>\n\t<meta name=\"twitter:data1\" content=\"1 minuto\" \/>\n<script type=\"application\/ld+json\" class=\"yoast-schema-graph\">{\"@context\":\"https:\/\/schema.org\",\"@graph\":[{\"@type\":\"WebPage\",\"@id\":\"https:\/\/www.legislapp.com.br\/index.php\/senado-pl-350-2021\/\",\"url\":\"https:\/\/www.legislapp.com.br\/index.php\/senado-pl-350-2021\/\",\"name\":\"PL 350\/2021 - Senador Paulo Paim (PT\/RS) - Legislapp\",\"isPartOf\":{\"@id\":\"https:\/\/www.legislapp.com.br\/#website\"},\"primaryImageOfPage\":{\"@id\":\"https:\/\/www.legislapp.com.br\/index.php\/senado-pl-350-2021\/#primaryimage\"},\"image\":{\"@id\":\"https:\/\/www.legislapp.com.br\/index.php\/senado-pl-350-2021\/#primaryimage\"},\"thumbnailUrl\":\"http:\/\/www.senado.leg.br\/senadores\/img\/fotos-oficiais\/senador825.jpg\",\"datePublished\":\"2025-06-25T13:10:56+00:00\",\"breadcrumb\":{\"@id\":\"https:\/\/www.legislapp.com.br\/index.php\/senado-pl-350-2021\/#breadcrumb\"},\"inLanguage\":\"pt-BR\",\"potentialAction\":[{\"@type\":\"ReadAction\",\"target\":[\"https:\/\/www.legislapp.com.br\/index.php\/senado-pl-350-2021\/\"]}]},{\"@type\":\"ImageObject\",\"inLanguage\":\"pt-BR\",\"@id\":\"https:\/\/www.legislapp.com.br\/index.php\/senado-pl-350-2021\/#primaryimage\",\"url\":\"http:\/\/www.senado.leg.br\/senadores\/img\/fotos-oficiais\/senador825.jpg\",\"contentUrl\":\"http:\/\/www.senado.leg.br\/senadores\/img\/fotos-oficiais\/senador825.jpg\"},{\"@type\":\"BreadcrumbList\",\"@id\":\"https:\/\/www.legislapp.com.br\/index.php\/senado-pl-350-2021\/#breadcrumb\",\"itemListElement\":[{\"@type\":\"ListItem\",\"position\":1,\"name\":\"In\u00edcio\",\"item\":\"https:\/\/www.legislapp.com.br\/\"},{\"@type\":\"ListItem\",\"position\":2,\"name\":\"PL 350\/2021 &#8211; Senador Paulo Paim (PT\/RS)\"}]},{\"@type\":\"WebSite\",\"@id\":\"https:\/\/www.legislapp.com.br\/#website\",\"url\":\"https:\/\/www.legislapp.com.br\/\",\"name\":\"Legislapp\",\"description\":\"Intelig\u00eancia governamental em tempo real\",\"publisher\":{\"@id\":\"https:\/\/www.legislapp.com.br\/#organization\"},\"potentialAction\":[{\"@type\":\"SearchAction\",\"target\":{\"@type\":\"EntryPoint\",\"urlTemplate\":\"https:\/\/www.legislapp.com.br\/?s={search_term_string}\"},\"query-input\":{\"@type\":\"PropertyValueSpecification\",\"valueRequired\":true,\"valueName\":\"search_term_string\"}}],\"inLanguage\":\"pt-BR\"},{\"@type\":\"Organization\",\"@id\":\"https:\/\/www.legislapp.com.br\/#organization\",\"name\":\"Legislapp Monitoramento e Intelig\u00eancia Governamental\",\"url\":\"https:\/\/www.legislapp.com.br\/\",\"logo\":{\"@type\":\"ImageObject\",\"inLanguage\":\"pt-BR\",\"@id\":\"https:\/\/www.legislapp.com.br\/#\/schema\/logo\/image\/\",\"url\":\"https:\/\/www.legislapp.com.br\/wp-content\/uploads\/icon.png\",\"contentUrl\":\"https:\/\/www.legislapp.com.br\/wp-content\/uploads\/icon.png\",\"width\":1024,\"height\":1024,\"caption\":\"Legislapp Monitoramento e Intelig\u00eancia Governamental\"},\"image\":{\"@id\":\"https:\/\/www.legislapp.com.br\/#\/schema\/logo\/image\/\"},\"sameAs\":[\"https:\/\/www.instagram.com\/legislapp\/\"]}]}<\/script>\n<!-- \/ Yoast SEO plugin. -->","yoast_head_json":{"title":"PL 350\/2021 - Senador Paulo Paim (PT\/RS) - Legislapp","robots":{"index":"index","follow":"follow","max-snippet":"max-snippet:-1","max-image-preview":"max-image-preview:large","max-video-preview":"max-video-preview:-1"},"canonical":"https:\/\/www.legislapp.com.br\/index.php\/senado-pl-350-2021\/","og_locale":"pt_BR","og_type":"article","og_title":"PL 350\/2021 - Senador Paulo Paim (PT\/RS) - Legislapp","og_description":"Senado &#8211; Autoria de Senador Paulo Paim (PT\/RS) Institui a linha oficial de pobreza e estabelece que o Governo Federal dever\u00e1 definir metas progressiva erradica\u00e7\u00e3o da pobreza e diminui\u00e7\u00e3o das desigualdades socioecon\u00f4micas, e d\u00e1 outras provid\u00eancias. CRIA\u00c7\u00c3O, LEI FEDERAL, OBRIGATORIEDADE, GOVERNO FEDERAL, DEFINI\u00c7\u00c3O, EXECU\u00c7\u00c3O, POLITICA PUBLICA, OBJETIVO, ERRADICA\u00c7\u00c3O, POBREZA . GRUPO DE TRABALHO ESTATUTO DA [&hellip;]","og_url":"https:\/\/www.legislapp.com.br\/index.php\/senado-pl-350-2021\/","og_site_name":"Legislapp","article_publisher":"https:\/\/www.instagram.com\/legislapp\/","og_image":[{"url":"http:\/\/www.senado.leg.br\/senadores\/img\/fotos-oficiais\/senador825.jpg","type":"","width":"","height":""}],"twitter_card":"summary_large_image","twitter_misc":{"Est. tempo de leitura":"1 minuto"},"schema":{"@context":"https:\/\/schema.org","@graph":[{"@type":"WebPage","@id":"https:\/\/www.legislapp.com.br\/index.php\/senado-pl-350-2021\/","url":"https:\/\/www.legislapp.com.br\/index.php\/senado-pl-350-2021\/","name":"PL 350\/2021 - Senador Paulo Paim (PT\/RS) - Legislapp","isPartOf":{"@id":"https:\/\/www.legislapp.com.br\/#website"},"primaryImageOfPage":{"@id":"https:\/\/www.legislapp.com.br\/index.php\/senado-pl-350-2021\/#primaryimage"},"image":{"@id":"https:\/\/www.legislapp.com.br\/index.php\/senado-pl-350-2021\/#primaryimage"},"thumbnailUrl":"http:\/\/www.senado.leg.br\/senadores\/img\/fotos-oficiais\/senador825.jpg","datePublished":"2025-06-25T13:10:56+00:00","breadcrumb":{"@id":"https:\/\/www.legislapp.com.br\/index.php\/senado-pl-350-2021\/#breadcrumb"},"inLanguage":"pt-BR","potentialAction":[{"@type":"ReadAction","target":["https:\/\/www.legislapp.com.br\/index.php\/senado-pl-350-2021\/"]}]},{"@type":"ImageObject","inLanguage":"pt-BR","@id":"https:\/\/www.legislapp.com.br\/index.php\/senado-pl-350-2021\/#primaryimage","url":"http:\/\/www.senado.leg.br\/senadores\/img\/fotos-oficiais\/senador825.jpg","contentUrl":"http:\/\/www.senado.leg.br\/senadores\/img\/fotos-oficiais\/senador825.jpg"},{"@type":"BreadcrumbList","@id":"https:\/\/www.legislapp.com.br\/index.php\/senado-pl-350-2021\/#breadcrumb","itemListElement":[{"@type":"ListItem","position":1,"name":"In\u00edcio","item":"https:\/\/www.legislapp.com.br\/"},{"@type":"ListItem","position":2,"name":"PL 350\/2021 &#8211; Senador Paulo Paim (PT\/RS)"}]},{"@type":"WebSite","@id":"https:\/\/www.legislapp.com.br\/#website","url":"https:\/\/www.legislapp.com.br\/","name":"Legislapp","description":"Intelig\u00eancia governamental em tempo real","publisher":{"@id":"https:\/\/www.legislapp.com.br\/#organization"},"potentialAction":[{"@type":"SearchAction","target":{"@type":"EntryPoint","urlTemplate":"https:\/\/www.legislapp.com.br\/?s={search_term_string}"},"query-input":{"@type":"PropertyValueSpecification","valueRequired":true,"valueName":"search_term_string"}}],"inLanguage":"pt-BR"},{"@type":"Organization","@id":"https:\/\/www.legislapp.com.br\/#organization","name":"Legislapp Monitoramento e Intelig\u00eancia Governamental","url":"https:\/\/www.legislapp.com.br\/","logo":{"@type":"ImageObject","inLanguage":"pt-BR","@id":"https:\/\/www.legislapp.com.br\/#\/schema\/logo\/image\/","url":"https:\/\/www.legislapp.com.br\/wp-content\/uploads\/icon.png","contentUrl":"https:\/\/www.legislapp.com.br\/wp-content\/uploads\/icon.png","width":1024,"height":1024,"caption":"Legislapp Monitoramento e Intelig\u00eancia Governamental"},"image":{"@id":"https:\/\/www.legislapp.com.br\/#\/schema\/logo\/image\/"},"sameAs":["https:\/\/www.instagram.com\/legislapp\/"]}]}},"_links":{"self":[{"href":"https:\/\/www.legislapp.com.br\/index.php\/wp-json\/wp\/v2\/pages\/5927","targetHints":{"allow":["GET"]}}],"collection":[{"href":"https:\/\/www.legislapp.com.br\/index.php\/wp-json\/wp\/v2\/pages"}],"about":[{"href":"https:\/\/www.legislapp.com.br\/index.php\/wp-json\/wp\/v2\/types\/page"}],"author":[{"embeddable":true,"href":"https:\/\/www.legislapp.com.br\/index.php\/wp-json\/wp\/v2\/users\/1"}],"replies":[{"embeddable":true,"href":"https:\/\/www.legislapp.com.br\/index.php\/wp-json\/wp\/v2\/comments?post=5927"}],"version-history":[{"count":0,"href":"https:\/\/www.legislapp.com.br\/index.php\/wp-json\/wp\/v2\/pages\/5927\/revisions"}],"wp:attachment":[{"href":"https:\/\/www.legislapp.com.br\/index.php\/wp-json\/wp\/v2\/media?parent=5927"}],"curies":[{"name":"wp","href":"https:\/\/api.w.org\/{rel}","templated":true}]}}