{"id":5928,"date":"2025-06-25T10:10:59","date_gmt":"2025-06-25T13:10:59","guid":{"rendered":"https:\/\/www.legislapp.com.br\/index.php\/camara-pl-892-2024\/"},"modified":"2025-06-25T10:10:59","modified_gmt":"2025-06-25T13:10:59","slug":"camara-pl-892-2024","status":"publish","type":"page","link":"https:\/\/www.legislapp.com.br\/index.php\/camara-pl-892-2024\/","title":{"rendered":"PL 892\/2024 &#8211; Saullo Vianna"},"content":{"rendered":"<h1 style='text-align: center;'>C\u00e2mara &#8211; Autoria de Saullo Vianna<br \/><img src='https:\/\/www.camara.leg.br\/internet\/deputado\/bandep\/220713.jpg' alt='Saullo Vianna' \/><\/h3>\n<p><\/p>\n<article style='text-align: center'>Disp\u00f5e sobre o Imposto de Renda das Pessoas F\u00edsicas, dando nova reda\u00e7\u00e3o ao inciso XXIV do art. 6\u00b0 da Lei n\u00b0 7.713, de 22 de dezembro de 1988.<\/article>\n<p><\/p>\n<p style='text-align: center'><a href='https:\/\/app.legislapp.com.br\/#\/busca?termo='><\/a><\/p>\n<p><\/p>\n<article>C\u00c2MARA DOS DEPUTADOS<br \/>\nGABINETE DO DEPUTADO SAULLO VIANNA &#8211;  UNI\u00c3O\/AM <\/p>\n<p>PROJETO DE LEI  N\u00ba                 \/2024<br \/>\n(DO SR.  SAULLO VIANNA) <\/p>\n<p>Disp\u00f5e sobre o Imposto de Renda das Pessoas<br \/>\nF\u00edsicas, dando nova reda\u00e7\u00e3o ao inciso XXIV do art. 6\u00b0<br \/>\nda Lei n\u00b0 7.713, de 22 de dezembro de 1988. <\/p>\n<p>O CONGRESSO NACIONAL decreta:  <\/p>\n<p>Art. 1\u00ba O art. 6\u00ba da Lei n\u00ba 7.713, de 22 de dezembro de 1988, passa a<br \/>\nvigorar com a seguinte reda\u00e7\u00e3o:  <\/p>\n<p>\u201cArt. 6\u00ba &#8230;&#8230;&#8230;&#8230;&#8230;&#8230;&#8230;&#8230;&#8230;&#8230;&#8230;&#8230;&#8230;&#8230;&#8230;&#8230;&#8230;. &#8230;&#8230;&#8230;&#8230;&#8230;&#8230;&#8230;&#8230;&#8230;&#8230;&#8230;&#8230;&#8230;&#8230;&#8230;.<br \/>\nXXIV \u2013 a remunera\u00e7\u00e3o e os rendimentos provenientes de<br \/>\naposentadoria e pens\u00e3o, de transfer\u00eancia para a reserva remunerada ou de<br \/>\nreforma percebidos por pessoa com transtorno do espectro autista ou por seu<br \/>\nrepresentante legal. &#8230;&#8230;&#8230;&#8230;&#8230;&#8230;&#8230;&#8230;&#8230;&#8230;&#8230;&#8230;&#8230;&#8230;&#8230;&#8230;&#8230;&#8230;&#8230;&#8230;&#8230;&#8230;\u201d (NR)  <\/p>\n<p>Art. 2\u00ba Esta Lei entra em vigor no primeiro dia do exerc\u00edcio seguinte<br \/>\nao de sua publica\u00e7\u00e3o.  <\/p>\n<p>Sala das Sess\u00f5es, em 19 de mar\u00e7o de 2024. <\/p>\n<p>Para verificar a assinatura, acesse https:\/\/infoleg-autenticidade-assinatura.camara.leg.br\/CD246853489200<br \/>\nAssinado eletronicamente pelo(a) Dep. Saullo Vianna<br \/>\nApresenta\u00e7\u00e3o: 20\/03\/2024 15:39:22.000 &#8211; MESA<br \/>\n*CD246853489200*LexEdit PL n.892\/2024C\u00c2MARA DOS DEPUTADOS<br \/>\nGABINETE DO DEPUTADO SAULLO VIANNA &#8211;  UNI\u00c3O\/AM <\/p>\n<p>JUSTIFICATIVA <\/p>\n<p>Em uma realidade cada vez mais evidenciada, as fam\u00edlias veem sua<br \/>\nrealidade se modificar relevantemente, ao se deparar com um diagn\u00f3stico de<br \/>\nautismo em seu seio.  <\/p>\n<p>Uma realidade que n\u00e3o tem previs\u00e3o de fim, mas o que altera toda<br \/>\numa cadeia financeira, impactada pelo alto pre\u00e7o do tratamento e a falta de<br \/>\niniciativa p\u00fablica no aux\u00edlio \u00e0s fam\u00edlias. Sendo um problema que pode aumentar<br \/>\nsilenciosamente, devido ao desinteresse das pessoas que n\u00e3o vivem esta<br \/>\nrealidade.<br \/>\nAo passar dos anos a busca de tratamento s\u00f3 aumenta, sem<br \/>\nperspectiva e diante de uma realidade burocr\u00e1tica imposta pelo poder p\u00fablico<br \/>\npodemos, a m\u00e9dio prazo, testemunhar o verdadeiro aumento de pessoas<br \/>\nincapazes de trabalhar e que buscar\u00e3o ajuda financeira atrav\u00e9s da previd\u00eancia<br \/>\nsocial causando um verdadeiro descontrole a realidade financeira previdenci\u00e1ria.  <\/p>\n<p>O problema \u00e9 de sa\u00fade p\u00fablica, mas o objetivo \u00e9 alertar para um<br \/>\nproblema socioecon\u00f4mico te propor\u00e7\u00f5es relevantes para a previd\u00eancia social a<br \/>\nm\u00e9dio e longo prazo.<br \/>\nO Transtorno do Espectro Autista (TEA) exige uma oferta de<br \/>\ntratamentos multidisciplinares com custos que impactam diretamente as vidas das<br \/>\nfam\u00edlias portadoras de um ente com tal doen\u00e7a. <\/p>\n<p>Estimativas apontam que o tratamento completo do TEA com a<br \/>\nabordagem Applied Behavior Analysis (ABA) \u2013 An\u00e1lise do Comportamento<br \/>\nAplicada, saiba mais abaixo \u2013 pode custar at\u00e9 R$ 30 mil, considerando os<br \/>\nprofissionais envolvidos no atendimento e a intensidade do tratamento, que pode<br \/>\nchegar a 40 horas semanais.<br \/>\nPara verificar a assinatura, acesse https:\/\/infoleg-autenticidade-assinatura.camara.leg.br\/CD246853489200<br \/>\nAssinado eletronicamente pelo(a) Dep. Saullo Vianna<br \/>\nApresenta\u00e7\u00e3o: 20\/03\/2024 15:39:22.000 &#8211; MESA<br \/>\n*CD246853489200*LexEdit PL n.892\/2024C\u00c2MARA DOS DEPUTADOS<br \/>\nGABINETE DO DEPUTADO SAULLO VIANNA &#8211;  UNI\u00c3O\/AM <\/p>\n<p>Ainda n\u00e3o h\u00e1 no Brasil um levantamento oficial do n\u00famero de casos<br \/>\nreconhecidos de TEA, mas trabalha-se com uma proje\u00e7\u00e3o a partir do estudo do<br \/>\nCentro para Controle de Doen\u00e7as e Preven\u00e7\u00e3o (CDC em ingl\u00eas), dos Estados<br \/>\nUnidos. A partir da pesquisa norte-americana, estima-se que o Brasil teria em<br \/>\ntorno de 5,95 milh\u00f5es de autistas. Segundo dados do Sistema de Informa\u00e7\u00f5es<br \/>\nAmbulatoriais (SIA), em 2021 o Brasil realizou 9,6 milh\u00f5es de atendimentos<br \/>\nambulatoriais a pessoas com autismo, sendo 4,1 milh\u00f5es de crian\u00e7as com at\u00e9 9<br \/>\nanos de idade. <\/p>\n<p>O TEA \u00e9 uma condi\u00e7\u00e3o complexa que afeta o neurodesenvolvimento<br \/>\nde um indiv\u00edduo, impactando sua comunica\u00e7\u00e3o, linguagem, intera\u00e7\u00e3o social e<br \/>\ncomportamento.  <\/p>\n<p>Nessa linha, propomos a isen\u00e7\u00e3o de IRPF da remunera\u00e7\u00e3o e dos<br \/>\nrendimentos provenientes de aposentadoria e pens\u00e3o, de transfer\u00eancia para a<br \/>\nreserva remunerada ou de reforma percebidos por pessoa f\u00edsica com TEA ou por<br \/>\nseu representante legal, com vistas assegurar que o benef\u00edcio ser\u00e1 dirigido aos<br \/>\nestratos sociais que realmente necessitam.<br \/>\nDessa feita, convoco o apoio dos nobres pares \u00e0 presente<br \/>\npropositura. <\/p>\n<p>Sala das Sess\u00f5es, em 19 de mar\u00e7o de 2024. <\/p>\n<p>Saullo Vianna<br \/>\nDeputado Federal \u2013 Uni\u00e3o Brasil<br \/>\nPara verificar a assinatura, acesse https:\/\/infoleg-autenticidade-assinatura.camara.leg.br\/CD246853489200<br \/>\nAssinado eletronicamente pelo(a) Dep. Saullo Vianna<br \/>\nApresenta\u00e7\u00e3o: 20\/03\/2024 15:39:22.000 &#8211; MESA<br \/>\n*CD246853489200*LexEdit PL n.892\/2024<\/article>\n<div style=\"text-align: center\">\n<div style=\"margin-bottom: 20px;\" class=\"et_pb_button_module_wrapper et_pb_button_5_tb_body_wrapper et_pb_button_alignment_center et_pb_module \">\n         <a class=\"et_pb_button et_pb_button_5_tb_body et_hover_enabled et_pb_bg_layout_dark\" style=\"width: 50%;background-color: black;\" href=\"https:\/\/app.legislapp.com.br\" target=\"_blank\" rel=\"noopener\">Visualizar completo na nossa plataforma (30 dias gr\u00e1tis)<\/a><\/p><\/div>\n<p>      <a href=\"https:\/\/play.google.com\/store\/apps\/details?id=br.com.legislapp\"><img decoding=\"async\" style=\"width: 15%; min-width: 130px;\" src=\"https:\/\/www.legislapp.com.br\/wp-content\/uploads\/google-play.png\"><\/a><br \/>\n      <a href=\"https:\/\/apps.apple.com\/us\/app\/legislapp\/id1568929859\"><img decoding=\"async\" style=\"width: 15%; min-width: 130px\" src=\"https:\/\/www.legislapp.com.br\/wp-content\/uploads\/apple-store.png\"><\/a>\n   <\/div>\n","protected":false},"excerpt":{"rendered":"<p>C\u00e2mara &#8211; Autoria de Saullo Vianna Disp\u00f5e sobre o Imposto de Renda das Pessoas F\u00edsicas, dando nova reda\u00e7\u00e3o ao inciso XXIV do art. 6\u00b0 da Lei n\u00b0 7.713, de 22 de dezembro de 1988. C\u00c2MARA DOS DEPUTADOS GABINETE DO DEPUTADO SAULLO VIANNA &#8211; UNI\u00c3O\/AM PROJETO DE LEI N\u00ba \/2024 (DO SR. SAULLO VIANNA) Disp\u00f5e sobre [&hellip;]<\/p>\n","protected":false},"author":1,"featured_media":0,"parent":0,"menu_order":0,"comment_status":"closed","ping_status":"closed","template":"page-template-blank.php","meta":{"_et_pb_use_builder":"","_et_pb_old_content":"","_et_gb_content_width":"1080","ngg_post_thumbnail":0,"footnotes":""},"class_list":["post-5928","page","type-page","status-publish","hentry"],"yoast_head":"<!-- This site is optimized with the Yoast SEO plugin v24.4 - https:\/\/yoast.com\/wordpress\/plugins\/seo\/ -->\n<title>PL 892\/2024 - Saullo Vianna - Legislapp<\/title>\n<meta name=\"robots\" content=\"index, follow, max-snippet:-1, max-image-preview:large, max-video-preview:-1\" \/>\n<link rel=\"canonical\" href=\"https:\/\/www.legislapp.com.br\/index.php\/camara-pl-892-2024\/\" \/>\n<meta property=\"og:locale\" content=\"pt_BR\" \/>\n<meta property=\"og:type\" content=\"article\" \/>\n<meta property=\"og:title\" content=\"PL 892\/2024 - Saullo Vianna - Legislapp\" \/>\n<meta property=\"og:description\" content=\"C\u00e2mara &#8211; Autoria de Saullo Vianna Disp\u00f5e sobre o Imposto de Renda das Pessoas F\u00edsicas, dando nova reda\u00e7\u00e3o ao inciso XXIV do art. 6\u00b0 da Lei n\u00b0 7.713, de 22 de dezembro de 1988. C\u00c2MARA DOS DEPUTADOS GABINETE DO DEPUTADO SAULLO VIANNA &#8211; UNI\u00c3O\/AM PROJETO DE LEI N\u00ba \/2024 (DO SR. SAULLO VIANNA) Disp\u00f5e sobre [&hellip;]\" \/>\n<meta property=\"og:url\" content=\"https:\/\/www.legislapp.com.br\/index.php\/camara-pl-892-2024\/\" \/>\n<meta property=\"og:site_name\" content=\"Legislapp\" \/>\n<meta property=\"article:publisher\" content=\"https:\/\/www.instagram.com\/legislapp\/\" \/>\n<meta property=\"og:image\" content=\"https:\/\/www.camara.leg.br\/internet\/deputado\/bandep\/220713.jpg\" \/>\n<meta name=\"twitter:card\" content=\"summary_large_image\" \/>\n<meta name=\"twitter:label1\" content=\"Est. tempo de leitura\" \/>\n\t<meta name=\"twitter:data1\" content=\"4 minutos\" \/>\n<script type=\"application\/ld+json\" class=\"yoast-schema-graph\">{\"@context\":\"https:\/\/schema.org\",\"@graph\":[{\"@type\":\"WebPage\",\"@id\":\"https:\/\/www.legislapp.com.br\/index.php\/camara-pl-892-2024\/\",\"url\":\"https:\/\/www.legislapp.com.br\/index.php\/camara-pl-892-2024\/\",\"name\":\"PL 892\/2024 - Saullo Vianna - Legislapp\",\"isPartOf\":{\"@id\":\"https:\/\/www.legislapp.com.br\/#website\"},\"primaryImageOfPage\":{\"@id\":\"https:\/\/www.legislapp.com.br\/index.php\/camara-pl-892-2024\/#primaryimage\"},\"image\":{\"@id\":\"https:\/\/www.legislapp.com.br\/index.php\/camara-pl-892-2024\/#primaryimage\"},\"thumbnailUrl\":\"https:\/\/www.camara.leg.br\/internet\/deputado\/bandep\/220713.jpg\",\"datePublished\":\"2025-06-25T13:10:59+00:00\",\"breadcrumb\":{\"@id\":\"https:\/\/www.legislapp.com.br\/index.php\/camara-pl-892-2024\/#breadcrumb\"},\"inLanguage\":\"pt-BR\",\"potentialAction\":[{\"@type\":\"ReadAction\",\"target\":[\"https:\/\/www.legislapp.com.br\/index.php\/camara-pl-892-2024\/\"]}]},{\"@type\":\"ImageObject\",\"inLanguage\":\"pt-BR\",\"@id\":\"https:\/\/www.legislapp.com.br\/index.php\/camara-pl-892-2024\/#primaryimage\",\"url\":\"https:\/\/www.camara.leg.br\/internet\/deputado\/bandep\/220713.jpg\",\"contentUrl\":\"https:\/\/www.camara.leg.br\/internet\/deputado\/bandep\/220713.jpg\"},{\"@type\":\"BreadcrumbList\",\"@id\":\"https:\/\/www.legislapp.com.br\/index.php\/camara-pl-892-2024\/#breadcrumb\",\"itemListElement\":[{\"@type\":\"ListItem\",\"position\":1,\"name\":\"In\u00edcio\",\"item\":\"https:\/\/www.legislapp.com.br\/\"},{\"@type\":\"ListItem\",\"position\":2,\"name\":\"PL 892\/2024 &#8211; Saullo Vianna\"}]},{\"@type\":\"WebSite\",\"@id\":\"https:\/\/www.legislapp.com.br\/#website\",\"url\":\"https:\/\/www.legislapp.com.br\/\",\"name\":\"Legislapp\",\"description\":\"Intelig\u00eancia governamental em tempo real\",\"publisher\":{\"@id\":\"https:\/\/www.legislapp.com.br\/#organization\"},\"potentialAction\":[{\"@type\":\"SearchAction\",\"target\":{\"@type\":\"EntryPoint\",\"urlTemplate\":\"https:\/\/www.legislapp.com.br\/?s={search_term_string}\"},\"query-input\":{\"@type\":\"PropertyValueSpecification\",\"valueRequired\":true,\"valueName\":\"search_term_string\"}}],\"inLanguage\":\"pt-BR\"},{\"@type\":\"Organization\",\"@id\":\"https:\/\/www.legislapp.com.br\/#organization\",\"name\":\"Legislapp Monitoramento e Intelig\u00eancia Governamental\",\"url\":\"https:\/\/www.legislapp.com.br\/\",\"logo\":{\"@type\":\"ImageObject\",\"inLanguage\":\"pt-BR\",\"@id\":\"https:\/\/www.legislapp.com.br\/#\/schema\/logo\/image\/\",\"url\":\"https:\/\/www.legislapp.com.br\/wp-content\/uploads\/icon.png\",\"contentUrl\":\"https:\/\/www.legislapp.com.br\/wp-content\/uploads\/icon.png\",\"width\":1024,\"height\":1024,\"caption\":\"Legislapp Monitoramento e Intelig\u00eancia Governamental\"},\"image\":{\"@id\":\"https:\/\/www.legislapp.com.br\/#\/schema\/logo\/image\/\"},\"sameAs\":[\"https:\/\/www.instagram.com\/legislapp\/\"]}]}<\/script>\n<!-- \/ Yoast SEO plugin. -->","yoast_head_json":{"title":"PL 892\/2024 - Saullo Vianna - Legislapp","robots":{"index":"index","follow":"follow","max-snippet":"max-snippet:-1","max-image-preview":"max-image-preview:large","max-video-preview":"max-video-preview:-1"},"canonical":"https:\/\/www.legislapp.com.br\/index.php\/camara-pl-892-2024\/","og_locale":"pt_BR","og_type":"article","og_title":"PL 892\/2024 - Saullo Vianna - Legislapp","og_description":"C\u00e2mara &#8211; Autoria de Saullo Vianna Disp\u00f5e sobre o Imposto de Renda das Pessoas F\u00edsicas, dando nova reda\u00e7\u00e3o ao inciso XXIV do art. 6\u00b0 da Lei n\u00b0 7.713, de 22 de dezembro de 1988. C\u00c2MARA DOS DEPUTADOS GABINETE DO DEPUTADO SAULLO VIANNA &#8211; UNI\u00c3O\/AM PROJETO DE LEI N\u00ba \/2024 (DO SR. SAULLO VIANNA) Disp\u00f5e sobre [&hellip;]","og_url":"https:\/\/www.legislapp.com.br\/index.php\/camara-pl-892-2024\/","og_site_name":"Legislapp","article_publisher":"https:\/\/www.instagram.com\/legislapp\/","og_image":[{"url":"https:\/\/www.camara.leg.br\/internet\/deputado\/bandep\/220713.jpg","type":"","width":"","height":""}],"twitter_card":"summary_large_image","twitter_misc":{"Est. tempo de leitura":"4 minutos"},"schema":{"@context":"https:\/\/schema.org","@graph":[{"@type":"WebPage","@id":"https:\/\/www.legislapp.com.br\/index.php\/camara-pl-892-2024\/","url":"https:\/\/www.legislapp.com.br\/index.php\/camara-pl-892-2024\/","name":"PL 892\/2024 - Saullo Vianna - Legislapp","isPartOf":{"@id":"https:\/\/www.legislapp.com.br\/#website"},"primaryImageOfPage":{"@id":"https:\/\/www.legislapp.com.br\/index.php\/camara-pl-892-2024\/#primaryimage"},"image":{"@id":"https:\/\/www.legislapp.com.br\/index.php\/camara-pl-892-2024\/#primaryimage"},"thumbnailUrl":"https:\/\/www.camara.leg.br\/internet\/deputado\/bandep\/220713.jpg","datePublished":"2025-06-25T13:10:59+00:00","breadcrumb":{"@id":"https:\/\/www.legislapp.com.br\/index.php\/camara-pl-892-2024\/#breadcrumb"},"inLanguage":"pt-BR","potentialAction":[{"@type":"ReadAction","target":["https:\/\/www.legislapp.com.br\/index.php\/camara-pl-892-2024\/"]}]},{"@type":"ImageObject","inLanguage":"pt-BR","@id":"https:\/\/www.legislapp.com.br\/index.php\/camara-pl-892-2024\/#primaryimage","url":"https:\/\/www.camara.leg.br\/internet\/deputado\/bandep\/220713.jpg","contentUrl":"https:\/\/www.camara.leg.br\/internet\/deputado\/bandep\/220713.jpg"},{"@type":"BreadcrumbList","@id":"https:\/\/www.legislapp.com.br\/index.php\/camara-pl-892-2024\/#breadcrumb","itemListElement":[{"@type":"ListItem","position":1,"name":"In\u00edcio","item":"https:\/\/www.legislapp.com.br\/"},{"@type":"ListItem","position":2,"name":"PL 892\/2024 &#8211; Saullo Vianna"}]},{"@type":"WebSite","@id":"https:\/\/www.legislapp.com.br\/#website","url":"https:\/\/www.legislapp.com.br\/","name":"Legislapp","description":"Intelig\u00eancia governamental em tempo real","publisher":{"@id":"https:\/\/www.legislapp.com.br\/#organization"},"potentialAction":[{"@type":"SearchAction","target":{"@type":"EntryPoint","urlTemplate":"https:\/\/www.legislapp.com.br\/?s={search_term_string}"},"query-input":{"@type":"PropertyValueSpecification","valueRequired":true,"valueName":"search_term_string"}}],"inLanguage":"pt-BR"},{"@type":"Organization","@id":"https:\/\/www.legislapp.com.br\/#organization","name":"Legislapp Monitoramento e Intelig\u00eancia Governamental","url":"https:\/\/www.legislapp.com.br\/","logo":{"@type":"ImageObject","inLanguage":"pt-BR","@id":"https:\/\/www.legislapp.com.br\/#\/schema\/logo\/image\/","url":"https:\/\/www.legislapp.com.br\/wp-content\/uploads\/icon.png","contentUrl":"https:\/\/www.legislapp.com.br\/wp-content\/uploads\/icon.png","width":1024,"height":1024,"caption":"Legislapp Monitoramento e Intelig\u00eancia Governamental"},"image":{"@id":"https:\/\/www.legislapp.com.br\/#\/schema\/logo\/image\/"},"sameAs":["https:\/\/www.instagram.com\/legislapp\/"]}]}},"_links":{"self":[{"href":"https:\/\/www.legislapp.com.br\/index.php\/wp-json\/wp\/v2\/pages\/5928","targetHints":{"allow":["GET"]}}],"collection":[{"href":"https:\/\/www.legislapp.com.br\/index.php\/wp-json\/wp\/v2\/pages"}],"about":[{"href":"https:\/\/www.legislapp.com.br\/index.php\/wp-json\/wp\/v2\/types\/page"}],"author":[{"embeddable":true,"href":"https:\/\/www.legislapp.com.br\/index.php\/wp-json\/wp\/v2\/users\/1"}],"replies":[{"embeddable":true,"href":"https:\/\/www.legislapp.com.br\/index.php\/wp-json\/wp\/v2\/comments?post=5928"}],"version-history":[{"count":0,"href":"https:\/\/www.legislapp.com.br\/index.php\/wp-json\/wp\/v2\/pages\/5928\/revisions"}],"wp:attachment":[{"href":"https:\/\/www.legislapp.com.br\/index.php\/wp-json\/wp\/v2\/media?parent=5928"}],"curies":[{"name":"wp","href":"https:\/\/api.w.org\/{rel}","templated":true}]}}