{"id":5930,"date":"2025-06-25T10:11:05","date_gmt":"2025-06-25T13:11:05","guid":{"rendered":"https:\/\/www.legislapp.com.br\/index.php\/camara-pl-3709-2024\/"},"modified":"2025-06-25T10:11:05","modified_gmt":"2025-06-25T13:11:05","slug":"camara-pl-3709-2024","status":"publish","type":"page","link":"https:\/\/www.legislapp.com.br\/index.php\/camara-pl-3709-2024\/","title":{"rendered":"PL 3709\/2024 &#8211; Dr. Zacharias Calil"},"content":{"rendered":"<h1 style='text-align: center;'>C\u00e2mara &#8211; Autoria de Dr. Zacharias Calil<br \/><img src='https:\/\/www.camara.leg.br\/internet\/deputado\/bandep\/204412.jpg' alt='Dr. Zacharias Calil' \/><\/h3>\n<p><\/p>\n<article style='text-align: center'>Disp\u00f5e sobre a preven\u00e7\u00e3o e o enfrentamento \u00e0 viol\u00eancia contra crian\u00e7as e adolescentes ind\u00edgenas, quilombolas e pertencentes a outros povos e comunidades tradicionais no Brasil.<\/article>\n<p><\/p>\n<p style='text-align: center'><a href='https:\/\/app.legislapp.com.br\/#\/busca?termo='><\/a><\/p>\n<p><\/p>\n<article>          C \u00c2 M A R A D O S D E P U T A D O S<br \/>\nPROJETO DE LEI N\u00ba          , DE 2024<br \/>\n(Do Sr. Dr. Zacharias Calil)<br \/>\nDisp\u00f5e sobre a preven\u00e7\u00e3o e o<br \/>\nenfrentamento \u00e0 viol\u00eancia contra crian\u00e7as e<br \/>\nadolescentes ind\u00edgenas, quilombolas e<br \/>\npertencentes a outros povos e comunidades<br \/>\ntradicionais no Brasil.<br \/>\nO Congresso Nacional decreta:<br \/>\nArt. 1\u00ba Esta Lei disp\u00f5e sobre a preven\u00e7\u00e3o e o enfrentamento \u00e0<br \/>\nviol\u00eancia contra crian\u00e7as e adolescentes ind\u00edgenas, quilombolas e pertencentes a<br \/>\noutros povos e comunidades tracionais no Brasil.<br \/>\nArt. 2\u00ba A Lei n\u00ba 13.431, de 4 de abril de 2017, passa a vigorar com<br \/>\nas seguintes modifica\u00e7\u00f5es:<br \/>\n\u201cArt. 4\u00ba A Uni\u00e3o, os Estados, o Distrito Federal e os Munic\u00edpios<br \/>\ndesenvolver\u00e3o pol\u00edticas integradas e coordenadas que visem<br \/>\ngarantir servi\u00e7os culturalmente apropriados no \u00e2mbito dos direitos<br \/>\nprevistos nesta lei \u00e0s crian\u00e7as e adolescentes ind\u00edgenas,<br \/>\nquilombolas e pertencentes a outros povos e comunidades<br \/>\ntradicionais no Brasil.<br \/>\n\u00a7 1\u00ba A aplica\u00e7\u00e3o do disposto nesta lei dever\u00e1 considerar a<br \/>\nlegisla\u00e7\u00e3o pertinente aos ind\u00edgenas, quilombolas e povos e<br \/>\ncomunidades tradicionais e os tratados internacionais dos quais o<br \/>\nBrasil \u00e9 signat\u00e1rio, bem como, sem preju\u00edzo de outros elementos,<br \/>\nas culturas, formas de organiza\u00e7\u00e3o social, l\u00ednguas e tradi\u00e7\u00f5es dos<br \/>\npovos em quest\u00e3o.<br \/>\n\u00a7 3\u00ba Para adequa\u00e7\u00e3o cultural dos servi\u00e7os existentes ou a serem<br \/>\ncriados no \u00e2mbito desta lei, considera-se, sem preju\u00edzo de outros,<br \/>\na ado\u00e7\u00e3o dos seguintes requisitos:<br \/>\nPara verificar a assinatura, acesse https:\/\/infoleg-autenticidade-assinatura.camara.leg.br\/CD241638406500<br \/>\nAssinado eletronicamente pelo(a) Dep. Dr. Zacharias Calil<br \/>\nApresenta\u00e7\u00e3o: 25\/09\/2024 16:35:46.777 &#8211; MESA<br \/>\n*CD241638406500* PL n.3709\/20242<br \/>\nI &#8211; Participa\u00e7\u00e3o de lideran\u00e7as, organiza\u00e7\u00f5es, comunidades,<br \/>\nfam\u00edlias, crian\u00e7as e adolescentes de Povos e Comunidades<br \/>\nTradicionais nos espa\u00e7os de planejamento, nos processos de<br \/>\ntomada de decis\u00f5es e na fiscaliza\u00e7\u00e3o dos servi\u00e7os;<br \/>\nII &#8211; Inser\u00e7\u00e3o de profissionais de quaisquer \u00e1reas de forma\u00e7\u00e3o com<br \/>\nconhecimento das tradi\u00e7\u00f5es e costumes dos Povos e<br \/>\nComunidades Tradicionais ou de profissionais oriundos de Povos<br \/>\ne Comunidades Tradicionais na equipe t\u00e9cnica das institui\u00e7\u00f5es do<br \/>\nSistema de Garantia de Direitos, especialmente nas cidades e<br \/>\nregi\u00f5es com a presen\u00e7a de Povos e Comunidades Tradicionais;<br \/>\nIII &#8211; Disponibiliza\u00e7\u00e3o de informa\u00e7\u00f5es aos Povos e Comunidades<br \/>\nTradicionais sobre os servi\u00e7os e os direitos de crian\u00e7as e<br \/>\nadolescentes em linguagem culturalmente acess\u00edvel e,<br \/>\npreferencialmente, nas l\u00ednguas \u00e9tnicas;<br \/>\nIV &#8211; Forma\u00e7\u00e3o permanente aos profissionais do Sistema de<br \/>\nGarantia de Direitos sobre as hist\u00f3rias, as culturas e os direitos de<br \/>\nPovos e Comunidades Tradicionais, assim como a forma de<br \/>\naplica\u00e7\u00e3o intercultural dos direitos das crian\u00e7as e dos<br \/>\nadolescentes, de modo a assegurar a melhoria do atendimento e<br \/>\no respeito \u00e0 diversidade cultural, particularmente na matriz<br \/>\ncurricular das Escolas de Conselhos;<br \/>\nV &#8211; Fluxos operacionais sist\u00eamicos de atendimento do Sistema de<br \/>\nGarantia de Direitos que dialoguem com as inst\u00e2ncias internas de<br \/>\nPovos e Comunidades Tradicionais, reconhecendo suas pr\u00e1ticas<br \/>\ninternas de cuidado e prote\u00e7\u00e3o;<br \/>\nVI &#8211; Medidas espec\u00edficas que contemplem as realidades e os<br \/>\ndireitos de crian\u00e7as e adolescentes pertencentes aos Povos e<br \/>\nComunidades Tradicionais nos planos setoriais e intersetoriais a<br \/>\nserem elaborados ou atualizados nas tr\u00eas esferas de governo;<br \/>\nVII &#8211; Aprimoramento da coleta de dados cadastrais do Sistema de<br \/>\nGarantia de Direitos voltados para Crian\u00e7as e Adolescentes de<br \/>\nPovos e Comunidades Tradicionais do quesito cor ou ra\u00e7a, de<br \/>\nPara verificar a assinatura, acesse https:\/\/infoleg-autenticidade-assinatura.camara.leg.br\/CD241638406500<br \/>\nAssinado eletronicamente pelo(a) Dep. Dr. Zacharias Calil<br \/>\nApresenta\u00e7\u00e3o: 25\/09\/2024 16:35:46.777 &#8211; MESA<br \/>\n*CD241638406500* PL n.3709\/20243<br \/>\nacordo com as categorias do IBGE, e inclus\u00e3o do quesito etnia\u201d.<br \/>\n(NR)<br \/>\nArt. 3\u00ba O Executivo Federal estabelecer\u00e1 Plano intersetorial,<br \/>\nenvolvendo todos os \u00f3rg\u00e3os que executem pol\u00edticas para a inf\u00e2ncia e a<br \/>\nadolesc\u00eancia, com o objetivo de promover a prote\u00e7\u00e3o integral plural, a preven\u00e7\u00e3o e<br \/>\nenfrentamento \u00e0s viol\u00eancias contra crian\u00e7as e adolescentes ind\u00edgenas,<br \/>\nquilombolas e pertencentes a outros povos e comunidades tradicionais \u2013 Plano<br \/>\nRa\u00edzes Seguras.<br \/>\nPar\u00e1grafo \u00fanico: o plano de que trata o caput ser\u00e1 formulado \u00e0<br \/>\nparte ou no \u00e2mbito de planos setoriais da crian\u00e7a e do adolescente com o qual<br \/>\nguarde pertin\u00eancia.<br \/>\nArt. 4\u00ba Constituem diretrizes do Plano Ra\u00edzes Seguras:<br \/>\nI &#8211; Participa\u00e7\u00e3o dos Povos e Comunidades Tradicionais nos<br \/>\nespa\u00e7os de planejamento, nos processos de tomada de decis\u00f5es e na fiscaliza\u00e7\u00e3o<br \/>\ndos servi\u00e7os;<br \/>\nII \u2013 Valoriza\u00e7\u00e3o das tradi\u00e7\u00f5es e costumes dos Povos e<br \/>\nComunidades Tradicionais, de suas inst\u00e2ncias internas e pr\u00e1ticas internas de<br \/>\ncuidado e prote\u00e7\u00e3o;<br \/>\nIII &#8211; Disponibiliza\u00e7\u00e3o de informa\u00e7\u00f5es aos Povos e Comunidades<br \/>\nTradicionais sobre os servi\u00e7os e os direitos de crian\u00e7as e adolescentes em<br \/>\nlinguagem culturalmente acess\u00edvel e, preferencialmente, nas l\u00ednguas \u00e9tnicas;<br \/>\nIV &#8211; Forma\u00e7\u00e3o permanente aos profissionais do Sistema de<br \/>\nGarantia de Direitos, inclusive sobre as hist\u00f3rias, as culturas e os direitos de Povos<br \/>\ne Comunidades Tradicionais, assim como a forma de aplica\u00e7\u00e3o intercultural dos<br \/>\ndireitos das crian\u00e7as e dos adolescentes, de modo a assegurar a melhoria do<br \/>\natendimento e o respeito \u00e0 diversidade cultural;<br \/>\nV \u2013 Planejamento, execu\u00e7\u00e3o e monitoramento intersetorial de<br \/>\npol\u00edticas de preven\u00e7\u00e3o e enfrentamento \u00e0s viol\u00eancias.<br \/>\nVI \u2013 Uso respons\u00e1vel e seguro de tecnologias em prol dos direitos<br \/>\ndas crian\u00e7as e adolescentes;<br \/>\nArt. 5\u00ba O Plano Ra\u00edzes Seguran\u00e7as dever\u00e1 ser estruturado, sem<br \/>\npreju\u00edzo de outros, considerando os seguintes eixos:<br \/>\nPara verificar a assinatura, acesse https:\/\/infoleg-autenticidade-assinatura.camara.leg.br\/CD241638406500<br \/>\nAssinado eletronicamente pelo(a) Dep. Dr. Zacharias Calil<br \/>\nApresenta\u00e7\u00e3o: 25\/09\/2024 16:35:46.777 &#8211; MESA<br \/>\n*CD241638406500* PL n.3709\/20244<br \/>\nI \u2013 Preven\u00e7\u00e3o: com o foco em programas e a\u00e7\u00f5es baseados em<br \/>\nfatores sist\u00eamicos e de risco, com interven\u00e7\u00f5es nas fam\u00edlias, inclusive extensas,<br \/>\nredes de parentesco, comunidades, escolas e outros espa\u00e7os.<br \/>\nII \u2013 Atendimento: com foco em programas e a\u00e7\u00f5es baseados no<br \/>\ndisposto na Lei n\u00ba 13.431, de 4 de abril de 2017, devendo ser consideradas as<br \/>\nadequa\u00e7\u00f5es culturais pertinentes.<br \/>\nIII \u2013 Monitoramento e Avalia\u00e7\u00e3o: Implementa\u00e7\u00e3o de um sistema<br \/>\nde monitoramento cont\u00ednuo das a\u00e7\u00f5es do programa, com suas respectivas metas e<br \/>\nindicadores e participa\u00e7\u00e3o ativa das comunidades na avalia\u00e7\u00e3o dos resultados.<br \/>\nArt. 6\u00ba O Poder Executivo Federal fomentar\u00e1 a cria\u00e7\u00e3o de Planos<br \/>\nEstaduais, Distrital e Municipais e promover\u00e1 outros meios de coopera\u00e7\u00e3o com<br \/>\nEstados, Distrito Federal e munic\u00edpios para a preven\u00e7\u00e3o e o enfrentamento \u00e0<br \/>\nviol\u00eancia contra crian\u00e7as e adolescentes ind\u00edgenas, quilombolas e pertencentes a<br \/>\noutros povos e comunidades tradicionais.<br \/>\nArt. 7\u00ba Esta Lei entra em vigor na data de sua publica\u00e7\u00e3o.<br \/>\nJUSTIFICA\u00c7\u00c3O<br \/>\nO presente Projeto de Lei visa responder \u00e0 necessidade premente de<br \/>\nfortalecer as pol\u00edticas p\u00fablicas voltadas \u00e0 prote\u00e7\u00e3o integral de crian\u00e7as e<br \/>\nadolescentes pertencentes a povos e comunidades tradicionais no Brasil, incluindo<br \/>\nind\u00edgenas, quilombolas e outros grupos. Tratam-se de comunidades, hoje,<br \/>\nvulner\u00e1veis a diversas formas de viol\u00eancia e marginaliza\u00e7\u00e3o, e os mecanismos<br \/>\natuais de prote\u00e7\u00e3o nem sempre conseguem abarcar as especificidades desses<br \/>\ngrupos.<br \/>\nA Lei n\u00ba 13.431, de 4 de abril de 2017, recentemente aprovada por este<br \/>\nparlamento, j\u00e1 estabelece, como se sabe, diretrizes gerais para o enfrentamento<br \/>\nda viol\u00eancia contra crian\u00e7as e adolescentes, mas este projeto tem como objetivo<br \/>\nexpandir e aprimorar essa legisla\u00e7\u00e3o, garantindo que as pol\u00edticas p\u00fablicas sejam<br \/>\nculturalmente adequadas e promovam uma prote\u00e7\u00e3o plural e efetiva para as<br \/>\ncrian\u00e7as e adolescentes de povos e comunidades tradicionais.<br \/>\nConsideramos que adequar a legisla\u00e7\u00e3o concernente ao atendimento,<br \/>\ncontudo, n\u00e3o \u00e9 o suficiente, sendo necess\u00e1rio que o Estado mobilize suas<br \/>\nPara verificar a assinatura, acesse https:\/\/infoleg-autenticidade-assinatura.camara.leg.br\/CD241638406500<br \/>\nAssinado eletronicamente pelo(a) Dep. Dr. Zacharias Calil<br \/>\nApresenta\u00e7\u00e3o: 25\/09\/2024 16:35:46.777 &#8211; MESA<br \/>\n*CD241638406500* PL n.3709\/20245<br \/>\ncapacidades institucionais para prevenir e enfrentar a viol\u00eancia nesses territ\u00f3rios,<br \/>\nvalorizando e respeitando as culturas dos povos e comunidades tradicionais.<br \/>\nNesse sentido, o &#8220;Plano Ra\u00edzes Seguras&#8221; \u00e9 proposto como uma ferramenta<br \/>\nintersetorial para a promo\u00e7\u00e3o da prote\u00e7\u00e3o integral dessas crian\u00e7as e adolescentes,<br \/>\narticulando diferentes esferas governamentais e integrando as pol\u00edticas de<br \/>\npreven\u00e7\u00e3o e enfrentamento \u00e0s viol\u00eancias. O plano visa n\u00e3o apenas fortalecer as<br \/>\na\u00e7\u00f5es de atendimento, mas tamb\u00e9m investir na preven\u00e7\u00e3o por meio de programas<br \/>\nque considerem os fatores de risco sist\u00eamicos e interven\u00e7\u00f5es em fam\u00edlias e<br \/>\ncomunidades.<br \/>\nO fomento \u00e0 cria\u00e7\u00e3o de Planos Estaduais, Distrital e Municipais \u00e9 outra<br \/>\niniciativa que visa garantir que essa pol\u00edtica chegue a todos os entes federativos,<br \/>\npromovendo uma a\u00e7\u00e3o coordenada e integrada em todas as regi\u00f5es do pa\u00eds. A<br \/>\ncoopera\u00e7\u00e3o entre Uni\u00e3o, Estados, Distrito Federal e Munic\u00edpios \u00e9 fundamental para<br \/>\no sucesso do projeto.<br \/>\nPor fim, o projeto refor\u00e7a o compromisso do Brasil com a prote\u00e7\u00e3o dos<br \/>\ndireitos de crian\u00e7as e adolescentes ind\u00edgenas, quilombolas e de outros povos e<br \/>\ncomunidades tradicionais, em conson\u00e2ncia com a legisla\u00e7\u00e3o nacional e os tratados<br \/>\ninternacionais dos quais o pa\u00eds \u00e9 signat\u00e1rio. Trata-se de um avan\u00e7o importante<br \/>\npara a promo\u00e7\u00e3o da equidade e da justi\u00e7a social no Brasil.<br \/>\nDessa forma, solicita-se o apoio dos nobres parlamentares para a<br \/>\naprova\u00e7\u00e3o desta medida de grande relev\u00e2ncia para a defesa dos direitos de<br \/>\ncrian\u00e7as e adolescentes em situa\u00e7\u00e3o de vulnerabilidade, garantindo-lhes um futuro<br \/>\nmais digno e protegido.<br \/>\nSala das Sess\u00f5es, em 25 de setembro de 2024.<br \/>\nDeputado Dr. Zacharias Calil<br \/>\nUNI\u00c3O &#8211; GO<br \/>\nPara verificar a assinatura, acesse https:\/\/infoleg-autenticidade-assinatura.camara.leg.br\/CD241638406500<br \/>\nAssinado eletronicamente pelo(a) Dep. Dr. Zacharias Calil<br \/>\nApresenta\u00e7\u00e3o: 25\/09\/2024 16:35:46.777 &#8211; MESA<br \/>\n*CD241638406500* PL n.3709\/2024<\/article>\n<div style=\"text-align: center\">\n<div style=\"margin-bottom: 20px;\" class=\"et_pb_button_module_wrapper et_pb_button_5_tb_body_wrapper et_pb_button_alignment_center et_pb_module \">\n         <a class=\"et_pb_button et_pb_button_5_tb_body et_hover_enabled et_pb_bg_layout_dark\" style=\"width: 50%;background-color: black;\" href=\"https:\/\/app.legislapp.com.br\" target=\"_blank\" rel=\"noopener\">Visualizar completo na nossa plataforma (30 dias gr\u00e1tis)<\/a><\/p><\/div>\n<p>      <a href=\"https:\/\/play.google.com\/store\/apps\/details?id=br.com.legislapp\"><img decoding=\"async\" style=\"width: 15%; min-width: 130px;\" src=\"https:\/\/www.legislapp.com.br\/wp-content\/uploads\/google-play.png\"><\/a><br \/>\n      <a href=\"https:\/\/apps.apple.com\/us\/app\/legislapp\/id1568929859\"><img decoding=\"async\" style=\"width: 15%; min-width: 130px\" src=\"https:\/\/www.legislapp.com.br\/wp-content\/uploads\/apple-store.png\"><\/a>\n   <\/div>\n","protected":false},"excerpt":{"rendered":"<p>C\u00e2mara &#8211; Autoria de Dr. Zacharias Calil Disp\u00f5e sobre a preven\u00e7\u00e3o e o enfrentamento \u00e0 viol\u00eancia contra crian\u00e7as e adolescentes ind\u00edgenas, quilombolas e pertencentes a outros povos e comunidades tradicionais no Brasil. C \u00c2 M A R A D O S D E P U T A D O S PROJETO DE LEI N\u00ba , [&hellip;]<\/p>\n","protected":false},"author":1,"featured_media":0,"parent":0,"menu_order":0,"comment_status":"closed","ping_status":"closed","template":"page-template-blank.php","meta":{"_et_pb_use_builder":"","_et_pb_old_content":"","_et_gb_content_width":"1080","ngg_post_thumbnail":0,"footnotes":""},"class_list":["post-5930","page","type-page","status-publish","hentry"],"yoast_head":"<!-- This site is optimized with the Yoast SEO plugin v24.4 - https:\/\/yoast.com\/wordpress\/plugins\/seo\/ -->\n<title>PL 3709\/2024 - Dr. Zacharias Calil - Legislapp<\/title>\n<meta name=\"robots\" content=\"index, follow, max-snippet:-1, max-image-preview:large, max-video-preview:-1\" \/>\n<link rel=\"canonical\" href=\"https:\/\/www.legislapp.com.br\/index.php\/camara-pl-3709-2024\/\" \/>\n<meta property=\"og:locale\" content=\"pt_BR\" \/>\n<meta property=\"og:type\" content=\"article\" \/>\n<meta property=\"og:title\" content=\"PL 3709\/2024 - Dr. Zacharias Calil - Legislapp\" \/>\n<meta property=\"og:description\" content=\"C\u00e2mara &#8211; Autoria de Dr. Zacharias Calil Disp\u00f5e sobre a preven\u00e7\u00e3o e o enfrentamento \u00e0 viol\u00eancia contra crian\u00e7as e adolescentes ind\u00edgenas, quilombolas e pertencentes a outros povos e comunidades tradicionais no Brasil. C \u00c2 M A R A D O S D E P U T A D O S PROJETO DE LEI N\u00ba , [&hellip;]\" \/>\n<meta property=\"og:url\" content=\"https:\/\/www.legislapp.com.br\/index.php\/camara-pl-3709-2024\/\" \/>\n<meta property=\"og:site_name\" content=\"Legislapp\" \/>\n<meta property=\"article:publisher\" content=\"https:\/\/www.instagram.com\/legislapp\/\" \/>\n<meta property=\"og:image\" content=\"https:\/\/www.camara.leg.br\/internet\/deputado\/bandep\/204412.jpg\" \/>\n<meta name=\"twitter:card\" content=\"summary_large_image\" \/>\n<meta name=\"twitter:label1\" content=\"Est. tempo de leitura\" \/>\n\t<meta name=\"twitter:data1\" content=\"8 minutos\" \/>\n<script type=\"application\/ld+json\" class=\"yoast-schema-graph\">{\"@context\":\"https:\/\/schema.org\",\"@graph\":[{\"@type\":\"WebPage\",\"@id\":\"https:\/\/www.legislapp.com.br\/index.php\/camara-pl-3709-2024\/\",\"url\":\"https:\/\/www.legislapp.com.br\/index.php\/camara-pl-3709-2024\/\",\"name\":\"PL 3709\/2024 - Dr. Zacharias Calil - Legislapp\",\"isPartOf\":{\"@id\":\"https:\/\/www.legislapp.com.br\/#website\"},\"primaryImageOfPage\":{\"@id\":\"https:\/\/www.legislapp.com.br\/index.php\/camara-pl-3709-2024\/#primaryimage\"},\"image\":{\"@id\":\"https:\/\/www.legislapp.com.br\/index.php\/camara-pl-3709-2024\/#primaryimage\"},\"thumbnailUrl\":\"https:\/\/www.camara.leg.br\/internet\/deputado\/bandep\/204412.jpg\",\"datePublished\":\"2025-06-25T13:11:05+00:00\",\"breadcrumb\":{\"@id\":\"https:\/\/www.legislapp.com.br\/index.php\/camara-pl-3709-2024\/#breadcrumb\"},\"inLanguage\":\"pt-BR\",\"potentialAction\":[{\"@type\":\"ReadAction\",\"target\":[\"https:\/\/www.legislapp.com.br\/index.php\/camara-pl-3709-2024\/\"]}]},{\"@type\":\"ImageObject\",\"inLanguage\":\"pt-BR\",\"@id\":\"https:\/\/www.legislapp.com.br\/index.php\/camara-pl-3709-2024\/#primaryimage\",\"url\":\"https:\/\/www.camara.leg.br\/internet\/deputado\/bandep\/204412.jpg\",\"contentUrl\":\"https:\/\/www.camara.leg.br\/internet\/deputado\/bandep\/204412.jpg\"},{\"@type\":\"BreadcrumbList\",\"@id\":\"https:\/\/www.legislapp.com.br\/index.php\/camara-pl-3709-2024\/#breadcrumb\",\"itemListElement\":[{\"@type\":\"ListItem\",\"position\":1,\"name\":\"In\u00edcio\",\"item\":\"https:\/\/www.legislapp.com.br\/\"},{\"@type\":\"ListItem\",\"position\":2,\"name\":\"PL 3709\/2024 &#8211; Dr. Zacharias Calil\"}]},{\"@type\":\"WebSite\",\"@id\":\"https:\/\/www.legislapp.com.br\/#website\",\"url\":\"https:\/\/www.legislapp.com.br\/\",\"name\":\"Legislapp\",\"description\":\"Intelig\u00eancia governamental em tempo real\",\"publisher\":{\"@id\":\"https:\/\/www.legislapp.com.br\/#organization\"},\"potentialAction\":[{\"@type\":\"SearchAction\",\"target\":{\"@type\":\"EntryPoint\",\"urlTemplate\":\"https:\/\/www.legislapp.com.br\/?s={search_term_string}\"},\"query-input\":{\"@type\":\"PropertyValueSpecification\",\"valueRequired\":true,\"valueName\":\"search_term_string\"}}],\"inLanguage\":\"pt-BR\"},{\"@type\":\"Organization\",\"@id\":\"https:\/\/www.legislapp.com.br\/#organization\",\"name\":\"Legislapp Monitoramento e Intelig\u00eancia Governamental\",\"url\":\"https:\/\/www.legislapp.com.br\/\",\"logo\":{\"@type\":\"ImageObject\",\"inLanguage\":\"pt-BR\",\"@id\":\"https:\/\/www.legislapp.com.br\/#\/schema\/logo\/image\/\",\"url\":\"https:\/\/www.legislapp.com.br\/wp-content\/uploads\/icon.png\",\"contentUrl\":\"https:\/\/www.legislapp.com.br\/wp-content\/uploads\/icon.png\",\"width\":1024,\"height\":1024,\"caption\":\"Legislapp Monitoramento e Intelig\u00eancia Governamental\"},\"image\":{\"@id\":\"https:\/\/www.legislapp.com.br\/#\/schema\/logo\/image\/\"},\"sameAs\":[\"https:\/\/www.instagram.com\/legislapp\/\"]}]}<\/script>\n<!-- \/ Yoast SEO plugin. -->","yoast_head_json":{"title":"PL 3709\/2024 - Dr. Zacharias Calil - Legislapp","robots":{"index":"index","follow":"follow","max-snippet":"max-snippet:-1","max-image-preview":"max-image-preview:large","max-video-preview":"max-video-preview:-1"},"canonical":"https:\/\/www.legislapp.com.br\/index.php\/camara-pl-3709-2024\/","og_locale":"pt_BR","og_type":"article","og_title":"PL 3709\/2024 - Dr. Zacharias Calil - Legislapp","og_description":"C\u00e2mara &#8211; Autoria de Dr. Zacharias Calil Disp\u00f5e sobre a preven\u00e7\u00e3o e o enfrentamento \u00e0 viol\u00eancia contra crian\u00e7as e adolescentes ind\u00edgenas, quilombolas e pertencentes a outros povos e comunidades tradicionais no Brasil. C \u00c2 M A R A D O S D E P U T A D O S PROJETO DE LEI N\u00ba , [&hellip;]","og_url":"https:\/\/www.legislapp.com.br\/index.php\/camara-pl-3709-2024\/","og_site_name":"Legislapp","article_publisher":"https:\/\/www.instagram.com\/legislapp\/","og_image":[{"url":"https:\/\/www.camara.leg.br\/internet\/deputado\/bandep\/204412.jpg","type":"","width":"","height":""}],"twitter_card":"summary_large_image","twitter_misc":{"Est. tempo de leitura":"8 minutos"},"schema":{"@context":"https:\/\/schema.org","@graph":[{"@type":"WebPage","@id":"https:\/\/www.legislapp.com.br\/index.php\/camara-pl-3709-2024\/","url":"https:\/\/www.legislapp.com.br\/index.php\/camara-pl-3709-2024\/","name":"PL 3709\/2024 - Dr. Zacharias Calil - Legislapp","isPartOf":{"@id":"https:\/\/www.legislapp.com.br\/#website"},"primaryImageOfPage":{"@id":"https:\/\/www.legislapp.com.br\/index.php\/camara-pl-3709-2024\/#primaryimage"},"image":{"@id":"https:\/\/www.legislapp.com.br\/index.php\/camara-pl-3709-2024\/#primaryimage"},"thumbnailUrl":"https:\/\/www.camara.leg.br\/internet\/deputado\/bandep\/204412.jpg","datePublished":"2025-06-25T13:11:05+00:00","breadcrumb":{"@id":"https:\/\/www.legislapp.com.br\/index.php\/camara-pl-3709-2024\/#breadcrumb"},"inLanguage":"pt-BR","potentialAction":[{"@type":"ReadAction","target":["https:\/\/www.legislapp.com.br\/index.php\/camara-pl-3709-2024\/"]}]},{"@type":"ImageObject","inLanguage":"pt-BR","@id":"https:\/\/www.legislapp.com.br\/index.php\/camara-pl-3709-2024\/#primaryimage","url":"https:\/\/www.camara.leg.br\/internet\/deputado\/bandep\/204412.jpg","contentUrl":"https:\/\/www.camara.leg.br\/internet\/deputado\/bandep\/204412.jpg"},{"@type":"BreadcrumbList","@id":"https:\/\/www.legislapp.com.br\/index.php\/camara-pl-3709-2024\/#breadcrumb","itemListElement":[{"@type":"ListItem","position":1,"name":"In\u00edcio","item":"https:\/\/www.legislapp.com.br\/"},{"@type":"ListItem","position":2,"name":"PL 3709\/2024 &#8211; Dr. Zacharias Calil"}]},{"@type":"WebSite","@id":"https:\/\/www.legislapp.com.br\/#website","url":"https:\/\/www.legislapp.com.br\/","name":"Legislapp","description":"Intelig\u00eancia governamental em tempo real","publisher":{"@id":"https:\/\/www.legislapp.com.br\/#organization"},"potentialAction":[{"@type":"SearchAction","target":{"@type":"EntryPoint","urlTemplate":"https:\/\/www.legislapp.com.br\/?s={search_term_string}"},"query-input":{"@type":"PropertyValueSpecification","valueRequired":true,"valueName":"search_term_string"}}],"inLanguage":"pt-BR"},{"@type":"Organization","@id":"https:\/\/www.legislapp.com.br\/#organization","name":"Legislapp Monitoramento e Intelig\u00eancia Governamental","url":"https:\/\/www.legislapp.com.br\/","logo":{"@type":"ImageObject","inLanguage":"pt-BR","@id":"https:\/\/www.legislapp.com.br\/#\/schema\/logo\/image\/","url":"https:\/\/www.legislapp.com.br\/wp-content\/uploads\/icon.png","contentUrl":"https:\/\/www.legislapp.com.br\/wp-content\/uploads\/icon.png","width":1024,"height":1024,"caption":"Legislapp Monitoramento e Intelig\u00eancia Governamental"},"image":{"@id":"https:\/\/www.legislapp.com.br\/#\/schema\/logo\/image\/"},"sameAs":["https:\/\/www.instagram.com\/legislapp\/"]}]}},"_links":{"self":[{"href":"https:\/\/www.legislapp.com.br\/index.php\/wp-json\/wp\/v2\/pages\/5930","targetHints":{"allow":["GET"]}}],"collection":[{"href":"https:\/\/www.legislapp.com.br\/index.php\/wp-json\/wp\/v2\/pages"}],"about":[{"href":"https:\/\/www.legislapp.com.br\/index.php\/wp-json\/wp\/v2\/types\/page"}],"author":[{"embeddable":true,"href":"https:\/\/www.legislapp.com.br\/index.php\/wp-json\/wp\/v2\/users\/1"}],"replies":[{"embeddable":true,"href":"https:\/\/www.legislapp.com.br\/index.php\/wp-json\/wp\/v2\/comments?post=5930"}],"version-history":[{"count":0,"href":"https:\/\/www.legislapp.com.br\/index.php\/wp-json\/wp\/v2\/pages\/5930\/revisions"}],"wp:attachment":[{"href":"https:\/\/www.legislapp.com.br\/index.php\/wp-json\/wp\/v2\/media?parent=5930"}],"curies":[{"name":"wp","href":"https:\/\/api.w.org\/{rel}","templated":true}]}}