{"id":5934,"date":"2025-06-25T10:11:19","date_gmt":"2025-06-25T13:11:19","guid":{"rendered":"https:\/\/www.legislapp.com.br\/index.php\/camara-pl-1607-2024\/"},"modified":"2025-06-25T10:11:19","modified_gmt":"2025-06-25T13:11:19","slug":"camara-pl-1607-2024","status":"publish","type":"page","link":"https:\/\/www.legislapp.com.br\/index.php\/camara-pl-1607-2024\/","title":{"rendered":"PL 1607\/2024 &#8211; Laura Carneiro"},"content":{"rendered":"<h1 style='text-align: center;'>C\u00e2mara &#8211; Autoria de Laura Carneiro<br \/><img src='https:\/\/www.camara.leg.br\/internet\/deputado\/bandep\/74856.jpg' alt='Laura Carneiro' \/><\/h3>\n<p><\/p>\n<article style='text-align: center'>Cria a pol\u00edtica de atendimento a brasileiras emigrantes \u201cEspa\u00e7o da Mulher Brasileira \u2013 EMuB\u201d.<\/article>\n<p><\/p>\n<p style='text-align: center'><a href='https:\/\/app.legislapp.com.br\/#\/busca?termo=Cria\u00e7\u00e3o'>Cria\u00e7\u00e3o<\/a>, <a href='https:\/\/app.legislapp.com.br\/#\/busca?termo=A\u00e7\u00e3o governamental'>A\u00e7\u00e3o governamental<\/a>, <a href='https:\/\/app.legislapp.com.br\/#\/busca?termo=Atividade governamental'>Atividade governamental<\/a>, <a href='https:\/\/app.legislapp.com.br\/#\/busca?termo=atendimento'>atendimento<\/a>, <a href='https:\/\/app.legislapp.com.br\/#\/busca?termo=Mulher'>Mulher<\/a>, <a href='https:\/\/app.legislapp.com.br\/#\/busca?termo=assist\u00eancia'>assist\u00eancia<\/a>, <a href='https:\/\/app.legislapp.com.br\/#\/busca?termo=Emigrante'>Emigrante<\/a>, <a href='https:\/\/app.legislapp.com.br\/#\/busca?termo=Servi\u00e7os consulares'>Servi\u00e7os consulares<\/a>, <a href='https:\/\/app.legislapp.com.br\/#\/busca?termo=Acolhimento humanit\u00e1rio.'>Acolhimento humanit\u00e1rio.<\/a><\/p>\n<p><\/p>\n<article>PROJETO DE LEI N\u00ba                 , DE 2024<br \/>\n(Da Sra. Deputada Federal Laura Carneiro)<br \/>\nCria a pol\u00edtica de atendimento a<br \/>\nbrasileiras emigrantes \u201cEspa\u00e7o da Mulher<br \/>\nBrasileira \u2013 EMuB\u201d.<br \/>\nO Congresso Nacional decreta:<br \/>\nArt. 1\u00ba Esta Lei institui a pol\u00edtica de atendimento a<br \/>\nbrasileiras emigrantes \u201cEspa\u00e7o da Mulher Brasileira \u2013 EMuB\u201d como<br \/>\nespecializa\u00e7\u00e3o da atividade de assist\u00eancia consular brasileira, sem preju\u00edzo ao<br \/>\natendimento regular das reparti\u00e7\u00f5es consulares e dos setores consulares de<br \/>\nmiss\u00f5es diplom\u00e1ticas.<br \/>\nArt. 2\u00ba A pol\u00edtica de atendimento a brasileiras emigrantes<br \/>\n\u201cEspa\u00e7o da Mulher Brasileira\u201d tem por objetivo planejar e implementar a\u00e7\u00f5es<br \/>\nconjuntas de informa\u00e7\u00e3o, orienta\u00e7\u00e3o, conscientiza\u00e7\u00e3o e apoio \u00e0 comunidade de<br \/>\nmulheres brasileiras emigrantes, na forma de regulamento.<br \/>\nPar\u00e1grafo \u00fanico. A assist\u00eancia consular e as a\u00e7\u00f5es<br \/>\ndesenvolvidas no EMuB t\u00eam car\u00e1ter multidisciplinar e s\u00e3o promovidas por meio<br \/>\nde atividades presenciais e virtuais dimensionadas conforme o tamanho da<br \/>\ncomunidade brasileira na jurisdi\u00e7\u00e3o consular, com prioridade para pessoas em<br \/>\nsitua\u00e7\u00e3o de vulnerabilidade.<br \/>\nArt. 3\u00ba S\u00e3o objetivos espec\u00edficos da pol\u00edtica de atendimento a<br \/>\nbrasileiras emigrantes \u201cEspa\u00e7o da Mulher Brasileira\u201d, dentro do contexto<br \/>\ncultural e jur\u00eddico da jurisdi\u00e7\u00e3o consular:<br \/>\nI \u2013 o combate \u00e0 viol\u00eancia dom\u00e9stica;<br \/>\nII \u2013 a defesa da emigrante contra a discrimina\u00e7\u00e3o e a<br \/>\norienta\u00e7\u00e3o para a salvaguarda de seus direitos humanos;<br \/>\nIII \u2013 a promo\u00e7\u00e3o da capacita\u00e7\u00e3o e da autonomia da mulher;<br \/>\nPara verificar a assinatura, acesse https:\/\/infoleg-autenticidade-assinatura.camara.leg.br\/CD240936473700<br \/>\nAssinado eletronicamente pelo(a) Dep. Laura Carneiro<br \/>\nApresenta\u00e7\u00e3o: 07\/05\/2024 15:23:47.707 &#8211; MESA<br \/>\n*CD240936473700* PL n.1607\/20242<br \/>\nIV \u2013 o apoio ao empreendedorismo feminino; e<br \/>\nV \u2013 o aprimoramento educacional e profissional da mulher.<br \/>\nPar\u00e1grafo \u00fanico. O atendimento consular prestado por meio do<br \/>\nEspa\u00e7o da Mulher Brasileira buscar\u00e1 incluir o apoio de profissionais<br \/>\nespecializados e de institui\u00e7\u00f5es parceiras nas \u00e1reas de:<br \/>\nI \u2013 imigra\u00e7\u00e3o;<br \/>\nII \u2013 direito de fam\u00edlia;<br \/>\nIII \u2013 legisla\u00e7\u00e3o trabalhista e previdenci\u00e1ria;<br \/>\nIV \u2013 aux\u00edlio psicol\u00f3gico;<br \/>\nV \u2013 capacita\u00e7\u00e3o lingu\u00edstica, educacional, profissional e<br \/>\nfinanceira;<br \/>\nVI \u2013 empreendedorismo e desenvolvimento pessoal; e<br \/>\nVII \u2013 outras \u00e1reas correlatas.<br \/>\nArt. Esta Lei entra em vigor na data da sua publica\u00e7\u00e3o.<br \/>\nJUSTIFICA\u00c7\u00c3O<br \/>\nAs mulheres brasileiras representam um n\u00famero significativo<br \/>\nda di\u00e1spora brasileira, com mais de 2,3 milh\u00f5es de mulheres vivendo no<br \/>\nexterior. Essa parcela da popula\u00e7\u00e3o enfrenta desafios espec\u00edficos, relacionados<br \/>\n\u00e0 inser\u00e7\u00e3o social, cultural e econ\u00f4mica em seus novos pa\u00edses, al\u00e9m de<br \/>\nquest\u00f5es de g\u00eanero, viol\u00eancia e vulnerabilidade. O desconhecimento dos<br \/>\nc\u00f3digos culturais locais, o distanciamento da fam\u00edlia e rede de apoio e o receio<br \/>\nou avers\u00e3o \u00e0 busca de apoio consular costumam expor as mulheres a<br \/>\nsitua\u00e7\u00f5es de conflito, abusos e fragilidade.<br \/>\nDiante desse cen\u00e1rio, torna-se crucial a implementa\u00e7\u00e3o de uma<br \/>\npol\u00edtica p\u00fablica direcionada ao atendimento \u00e0s necessidades das mulheres<br \/>\nbrasileiras emigrantes, dentro do escopo da assist\u00eancia consular. O Espa\u00e7o da<br \/>\nMulher Brasileira \u2013 EMuB \u00e9 uma iniciativa de algumas reparti\u00e7\u00f5es consulares<br \/>\nPara verificar a assinatura, acesse https:\/\/infoleg-autenticidade-assinatura.camara.leg.br\/CD240936473700<br \/>\nAssinado eletronicamente pelo(a) Dep. Laura Carneiro<br \/>\nApresenta\u00e7\u00e3o: 07\/05\/2024 15:23:47.707 &#8211; MESA<br \/>\n*CD240936473700* PL n.1607\/20243<br \/>\nbrasileiras \u2013 como a de Boston, Nova Iorque, Londres, Roma, Madri, Beirute e<br \/>\nBuenos Aires \u2013 que prop\u00f5e ser um espa\u00e7o acolhedor e seguro, oferecendo<br \/>\nservi\u00e7os especializados e personalizados para essa popula\u00e7\u00e3o.<br \/>\nA pol\u00edtica do EMuB tem como objetivos:<br \/>\n\u2022 promover a igualdade de g\u00eanero e o empoderamento das<br \/>\nmulheres brasileiras emigrantes, por meio de a\u00e7\u00f5es de conscientiza\u00e7\u00e3o,<br \/>\ncapacita\u00e7\u00e3o e promo\u00e7\u00e3o da participa\u00e7\u00e3o social das mulheres;<br \/>\n\u2022 combater a viol\u00eancia contra a mulher, oferecendo<br \/>\nacolhimento, orienta\u00e7\u00e3o jur\u00eddica e psicol\u00f3gica \u00e0s mulheres v\u00edtimas de viol\u00eancia<br \/>\ne promovendo a coopera\u00e7\u00e3o com as autoridades locais para a investiga\u00e7\u00e3o e<br \/>\npuni\u00e7\u00e3o dos agressores;<br \/>\n\u2022 facilitar o acesso das mulheres brasileiras emigrantes aos<br \/>\nservi\u00e7os p\u00fablicos, prestando informa\u00e7\u00f5es e encaminhamentos para os servi\u00e7os<br \/>\nde sa\u00fade, educa\u00e7\u00e3o, trabalho, previd\u00eancia social e outros.<br \/>\n\u2022 fortalecer a rede de apoio \u00e0s mulheres brasileiras emigrantes,<br \/>\nfomentando a integra\u00e7\u00e3o social e cultural das mulheres, por interm\u00e9dio da<br \/>\ncria\u00e7\u00e3o de grupos de apoio, eventos e atividades culturais.<br \/>\nPara consolidar essa iniciativa em uma pol\u00edtica p\u00fablica de<br \/>\namparo e garantia da dignidade das mulheres emigrantes e para fortalecer a<br \/>\nparceria entre a rede consular brasileira e institui\u00e7\u00f5es n\u00e3o governamentais de<br \/>\napoio a brasileiros no exterior, apresentamos esta proposta e a submetemos ao<br \/>\nexame e \u00e0 aprova\u00e7\u00e3o dos Nobres Pares.<br \/>\nSala das Sess\u00f5es, em 07 de maio de 2024.<br \/>\nDeputada Federal LAURA CARNEIRO<br \/>\n2024-2857<br \/>\nPara verificar a assinatura, acesse https:\/\/infoleg-autenticidade-assinatura.camara.leg.br\/CD240936473700<br \/>\nAssinado eletronicamente pelo(a) Dep. Laura Carneiro<br \/>\nApresenta\u00e7\u00e3o: 07\/05\/2024 15:23:47.707 &#8211; MESA<br \/>\n*CD240936473700* PL n.1607\/2024<\/article>\n<div style=\"text-align: center\">\n<div style=\"margin-bottom: 20px;\" class=\"et_pb_button_module_wrapper et_pb_button_5_tb_body_wrapper et_pb_button_alignment_center et_pb_module \">\n         <a class=\"et_pb_button et_pb_button_5_tb_body et_hover_enabled et_pb_bg_layout_dark\" style=\"width: 50%;background-color: black;\" href=\"https:\/\/app.legislapp.com.br\" target=\"_blank\" rel=\"noopener\">Visualizar completo na nossa plataforma (30 dias gr\u00e1tis)<\/a><\/p><\/div>\n<p>      <a href=\"https:\/\/play.google.com\/store\/apps\/details?id=br.com.legislapp\"><img decoding=\"async\" style=\"width: 15%; min-width: 130px;\" src=\"https:\/\/www.legislapp.com.br\/wp-content\/uploads\/google-play.png\"><\/a><br \/>\n      <a href=\"https:\/\/apps.apple.com\/us\/app\/legislapp\/id1568929859\"><img decoding=\"async\" style=\"width: 15%; min-width: 130px\" src=\"https:\/\/www.legislapp.com.br\/wp-content\/uploads\/apple-store.png\"><\/a>\n   <\/div>\n","protected":false},"excerpt":{"rendered":"<p>C\u00e2mara &#8211; Autoria de Laura Carneiro Cria a pol\u00edtica de atendimento a brasileiras emigrantes \u201cEspa\u00e7o da Mulher Brasileira \u2013 EMuB\u201d. Cria\u00e7\u00e3o, A\u00e7\u00e3o governamental, Atividade governamental, atendimento, Mulher, assist\u00eancia, Emigrante, Servi\u00e7os consulares, Acolhimento humanit\u00e1rio. PROJETO DE LEI N\u00ba , DE 2024 (Da Sra. Deputada Federal Laura Carneiro) Cria a pol\u00edtica de atendimento a brasileiras emigrantes \u201cEspa\u00e7o [&hellip;]<\/p>\n","protected":false},"author":1,"featured_media":0,"parent":0,"menu_order":0,"comment_status":"closed","ping_status":"closed","template":"page-template-blank.php","meta":{"_et_pb_use_builder":"","_et_pb_old_content":"","_et_gb_content_width":"1080","ngg_post_thumbnail":0,"footnotes":""},"class_list":["post-5934","page","type-page","status-publish","hentry"],"yoast_head":"<!-- This site is optimized with the Yoast SEO plugin v24.4 - https:\/\/yoast.com\/wordpress\/plugins\/seo\/ -->\n<title>PL 1607\/2024 - Laura Carneiro - Legislapp<\/title>\n<meta name=\"robots\" content=\"index, follow, max-snippet:-1, max-image-preview:large, max-video-preview:-1\" \/>\n<link rel=\"canonical\" href=\"https:\/\/www.legislapp.com.br\/index.php\/camara-pl-1607-2024\/\" \/>\n<meta property=\"og:locale\" content=\"pt_BR\" \/>\n<meta property=\"og:type\" content=\"article\" \/>\n<meta property=\"og:title\" content=\"PL 1607\/2024 - Laura Carneiro - Legislapp\" \/>\n<meta property=\"og:description\" content=\"C\u00e2mara &#8211; Autoria de Laura Carneiro Cria a pol\u00edtica de atendimento a brasileiras emigrantes \u201cEspa\u00e7o da Mulher Brasileira \u2013 EMuB\u201d. Cria\u00e7\u00e3o, A\u00e7\u00e3o governamental, Atividade governamental, atendimento, Mulher, assist\u00eancia, Emigrante, Servi\u00e7os consulares, Acolhimento humanit\u00e1rio. PROJETO DE LEI N\u00ba , DE 2024 (Da Sra. Deputada Federal Laura Carneiro) Cria a pol\u00edtica de atendimento a brasileiras emigrantes \u201cEspa\u00e7o [&hellip;]\" \/>\n<meta property=\"og:url\" content=\"https:\/\/www.legislapp.com.br\/index.php\/camara-pl-1607-2024\/\" \/>\n<meta property=\"og:site_name\" content=\"Legislapp\" \/>\n<meta property=\"article:publisher\" content=\"https:\/\/www.instagram.com\/legislapp\/\" \/>\n<meta property=\"og:image\" content=\"https:\/\/www.camara.leg.br\/internet\/deputado\/bandep\/74856.jpg\" \/>\n<meta name=\"twitter:card\" content=\"summary_large_image\" \/>\n<meta name=\"twitter:label1\" content=\"Est. tempo de leitura\" \/>\n\t<meta name=\"twitter:data1\" content=\"4 minutos\" \/>\n<script type=\"application\/ld+json\" class=\"yoast-schema-graph\">{\"@context\":\"https:\/\/schema.org\",\"@graph\":[{\"@type\":\"WebPage\",\"@id\":\"https:\/\/www.legislapp.com.br\/index.php\/camara-pl-1607-2024\/\",\"url\":\"https:\/\/www.legislapp.com.br\/index.php\/camara-pl-1607-2024\/\",\"name\":\"PL 1607\/2024 - Laura Carneiro - Legislapp\",\"isPartOf\":{\"@id\":\"https:\/\/www.legislapp.com.br\/#website\"},\"primaryImageOfPage\":{\"@id\":\"https:\/\/www.legislapp.com.br\/index.php\/camara-pl-1607-2024\/#primaryimage\"},\"image\":{\"@id\":\"https:\/\/www.legislapp.com.br\/index.php\/camara-pl-1607-2024\/#primaryimage\"},\"thumbnailUrl\":\"https:\/\/www.camara.leg.br\/internet\/deputado\/bandep\/74856.jpg\",\"datePublished\":\"2025-06-25T13:11:19+00:00\",\"breadcrumb\":{\"@id\":\"https:\/\/www.legislapp.com.br\/index.php\/camara-pl-1607-2024\/#breadcrumb\"},\"inLanguage\":\"pt-BR\",\"potentialAction\":[{\"@type\":\"ReadAction\",\"target\":[\"https:\/\/www.legislapp.com.br\/index.php\/camara-pl-1607-2024\/\"]}]},{\"@type\":\"ImageObject\",\"inLanguage\":\"pt-BR\",\"@id\":\"https:\/\/www.legislapp.com.br\/index.php\/camara-pl-1607-2024\/#primaryimage\",\"url\":\"https:\/\/www.camara.leg.br\/internet\/deputado\/bandep\/74856.jpg\",\"contentUrl\":\"https:\/\/www.camara.leg.br\/internet\/deputado\/bandep\/74856.jpg\"},{\"@type\":\"BreadcrumbList\",\"@id\":\"https:\/\/www.legislapp.com.br\/index.php\/camara-pl-1607-2024\/#breadcrumb\",\"itemListElement\":[{\"@type\":\"ListItem\",\"position\":1,\"name\":\"In\u00edcio\",\"item\":\"https:\/\/www.legislapp.com.br\/\"},{\"@type\":\"ListItem\",\"position\":2,\"name\":\"PL 1607\/2024 &#8211; Laura Carneiro\"}]},{\"@type\":\"WebSite\",\"@id\":\"https:\/\/www.legislapp.com.br\/#website\",\"url\":\"https:\/\/www.legislapp.com.br\/\",\"name\":\"Legislapp\",\"description\":\"Intelig\u00eancia governamental em tempo real\",\"publisher\":{\"@id\":\"https:\/\/www.legislapp.com.br\/#organization\"},\"potentialAction\":[{\"@type\":\"SearchAction\",\"target\":{\"@type\":\"EntryPoint\",\"urlTemplate\":\"https:\/\/www.legislapp.com.br\/?s={search_term_string}\"},\"query-input\":{\"@type\":\"PropertyValueSpecification\",\"valueRequired\":true,\"valueName\":\"search_term_string\"}}],\"inLanguage\":\"pt-BR\"},{\"@type\":\"Organization\",\"@id\":\"https:\/\/www.legislapp.com.br\/#organization\",\"name\":\"Legislapp Monitoramento e Intelig\u00eancia Governamental\",\"url\":\"https:\/\/www.legislapp.com.br\/\",\"logo\":{\"@type\":\"ImageObject\",\"inLanguage\":\"pt-BR\",\"@id\":\"https:\/\/www.legislapp.com.br\/#\/schema\/logo\/image\/\",\"url\":\"https:\/\/www.legislapp.com.br\/wp-content\/uploads\/icon.png\",\"contentUrl\":\"https:\/\/www.legislapp.com.br\/wp-content\/uploads\/icon.png\",\"width\":1024,\"height\":1024,\"caption\":\"Legislapp Monitoramento e Intelig\u00eancia Governamental\"},\"image\":{\"@id\":\"https:\/\/www.legislapp.com.br\/#\/schema\/logo\/image\/\"},\"sameAs\":[\"https:\/\/www.instagram.com\/legislapp\/\"]}]}<\/script>\n<!-- \/ Yoast SEO plugin. -->","yoast_head_json":{"title":"PL 1607\/2024 - Laura Carneiro - Legislapp","robots":{"index":"index","follow":"follow","max-snippet":"max-snippet:-1","max-image-preview":"max-image-preview:large","max-video-preview":"max-video-preview:-1"},"canonical":"https:\/\/www.legislapp.com.br\/index.php\/camara-pl-1607-2024\/","og_locale":"pt_BR","og_type":"article","og_title":"PL 1607\/2024 - Laura Carneiro - Legislapp","og_description":"C\u00e2mara &#8211; Autoria de Laura Carneiro Cria a pol\u00edtica de atendimento a brasileiras emigrantes \u201cEspa\u00e7o da Mulher Brasileira \u2013 EMuB\u201d. Cria\u00e7\u00e3o, A\u00e7\u00e3o governamental, Atividade governamental, atendimento, Mulher, assist\u00eancia, Emigrante, Servi\u00e7os consulares, Acolhimento humanit\u00e1rio. PROJETO DE LEI N\u00ba , DE 2024 (Da Sra. Deputada Federal Laura Carneiro) Cria a pol\u00edtica de atendimento a brasileiras emigrantes \u201cEspa\u00e7o [&hellip;]","og_url":"https:\/\/www.legislapp.com.br\/index.php\/camara-pl-1607-2024\/","og_site_name":"Legislapp","article_publisher":"https:\/\/www.instagram.com\/legislapp\/","og_image":[{"url":"https:\/\/www.camara.leg.br\/internet\/deputado\/bandep\/74856.jpg","type":"","width":"","height":""}],"twitter_card":"summary_large_image","twitter_misc":{"Est. tempo de leitura":"4 minutos"},"schema":{"@context":"https:\/\/schema.org","@graph":[{"@type":"WebPage","@id":"https:\/\/www.legislapp.com.br\/index.php\/camara-pl-1607-2024\/","url":"https:\/\/www.legislapp.com.br\/index.php\/camara-pl-1607-2024\/","name":"PL 1607\/2024 - Laura Carneiro - Legislapp","isPartOf":{"@id":"https:\/\/www.legislapp.com.br\/#website"},"primaryImageOfPage":{"@id":"https:\/\/www.legislapp.com.br\/index.php\/camara-pl-1607-2024\/#primaryimage"},"image":{"@id":"https:\/\/www.legislapp.com.br\/index.php\/camara-pl-1607-2024\/#primaryimage"},"thumbnailUrl":"https:\/\/www.camara.leg.br\/internet\/deputado\/bandep\/74856.jpg","datePublished":"2025-06-25T13:11:19+00:00","breadcrumb":{"@id":"https:\/\/www.legislapp.com.br\/index.php\/camara-pl-1607-2024\/#breadcrumb"},"inLanguage":"pt-BR","potentialAction":[{"@type":"ReadAction","target":["https:\/\/www.legislapp.com.br\/index.php\/camara-pl-1607-2024\/"]}]},{"@type":"ImageObject","inLanguage":"pt-BR","@id":"https:\/\/www.legislapp.com.br\/index.php\/camara-pl-1607-2024\/#primaryimage","url":"https:\/\/www.camara.leg.br\/internet\/deputado\/bandep\/74856.jpg","contentUrl":"https:\/\/www.camara.leg.br\/internet\/deputado\/bandep\/74856.jpg"},{"@type":"BreadcrumbList","@id":"https:\/\/www.legislapp.com.br\/index.php\/camara-pl-1607-2024\/#breadcrumb","itemListElement":[{"@type":"ListItem","position":1,"name":"In\u00edcio","item":"https:\/\/www.legislapp.com.br\/"},{"@type":"ListItem","position":2,"name":"PL 1607\/2024 &#8211; Laura Carneiro"}]},{"@type":"WebSite","@id":"https:\/\/www.legislapp.com.br\/#website","url":"https:\/\/www.legislapp.com.br\/","name":"Legislapp","description":"Intelig\u00eancia governamental em tempo real","publisher":{"@id":"https:\/\/www.legislapp.com.br\/#organization"},"potentialAction":[{"@type":"SearchAction","target":{"@type":"EntryPoint","urlTemplate":"https:\/\/www.legislapp.com.br\/?s={search_term_string}"},"query-input":{"@type":"PropertyValueSpecification","valueRequired":true,"valueName":"search_term_string"}}],"inLanguage":"pt-BR"},{"@type":"Organization","@id":"https:\/\/www.legislapp.com.br\/#organization","name":"Legislapp Monitoramento e Intelig\u00eancia Governamental","url":"https:\/\/www.legislapp.com.br\/","logo":{"@type":"ImageObject","inLanguage":"pt-BR","@id":"https:\/\/www.legislapp.com.br\/#\/schema\/logo\/image\/","url":"https:\/\/www.legislapp.com.br\/wp-content\/uploads\/icon.png","contentUrl":"https:\/\/www.legislapp.com.br\/wp-content\/uploads\/icon.png","width":1024,"height":1024,"caption":"Legislapp Monitoramento e Intelig\u00eancia Governamental"},"image":{"@id":"https:\/\/www.legislapp.com.br\/#\/schema\/logo\/image\/"},"sameAs":["https:\/\/www.instagram.com\/legislapp\/"]}]}},"_links":{"self":[{"href":"https:\/\/www.legislapp.com.br\/index.php\/wp-json\/wp\/v2\/pages\/5934","targetHints":{"allow":["GET"]}}],"collection":[{"href":"https:\/\/www.legislapp.com.br\/index.php\/wp-json\/wp\/v2\/pages"}],"about":[{"href":"https:\/\/www.legislapp.com.br\/index.php\/wp-json\/wp\/v2\/types\/page"}],"author":[{"embeddable":true,"href":"https:\/\/www.legislapp.com.br\/index.php\/wp-json\/wp\/v2\/users\/1"}],"replies":[{"embeddable":true,"href":"https:\/\/www.legislapp.com.br\/index.php\/wp-json\/wp\/v2\/comments?post=5934"}],"version-history":[{"count":0,"href":"https:\/\/www.legislapp.com.br\/index.php\/wp-json\/wp\/v2\/pages\/5934\/revisions"}],"wp:attachment":[{"href":"https:\/\/www.legislapp.com.br\/index.php\/wp-json\/wp\/v2\/media?parent=5934"}],"curies":[{"name":"wp","href":"https:\/\/api.w.org\/{rel}","templated":true}]}}