{"id":5935,"date":"2025-06-25T10:11:22","date_gmt":"2025-06-25T13:11:22","guid":{"rendered":"https:\/\/www.legislapp.com.br\/index.php\/camara-pl-1494-2024\/"},"modified":"2025-06-25T10:11:22","modified_gmt":"2025-06-25T13:11:22","slug":"camara-pl-1494-2024","status":"publish","type":"page","link":"https:\/\/www.legislapp.com.br\/index.php\/camara-pl-1494-2024\/","title":{"rendered":"PL 1494\/2024 &#8211; Julia Zanatta"},"content":{"rendered":"<h1 style='text-align: center;'>C\u00e2mara &#8211; Autoria de Julia Zanatta<br \/><img src='https:\/\/www.camara.leg.br\/internet\/deputado\/bandep\/220559.jpg' alt='Julia Zanatta' \/><\/h3>\n<p><\/p>\n<article style='text-align: center'>Altera a Lei n. 9.394, de 20 de dezembro de 1996, para reduzir a idade m\u00ednima para realiza\u00e7\u00e3o de exames supletivos.<\/article>\n<p><\/p>\n<p style='text-align: center'><a href='https:\/\/app.legislapp.com.br\/#\/busca?termo=Altera\u00e7\u00e3o'>Altera\u00e7\u00e3o<\/a>, <a href='https:\/\/app.legislapp.com.br\/#\/busca?termo=Lei de Diretrizes e Bases da Educa\u00e7\u00e3o Nacional (1996)'>Lei de Diretrizes e Bases da Educa\u00e7\u00e3o Nacional (1996)<\/a>, <a href='https:\/\/app.legislapp.com.br\/#\/busca?termo=educa\u00e7\u00e3o de jovens e adultos'>educa\u00e7\u00e3o de jovens e adultos<\/a>, <a href='https:\/\/app.legislapp.com.br\/#\/busca?termo=redu\u00e7\u00e3o'>redu\u00e7\u00e3o<\/a>, <a href='https:\/\/app.legislapp.com.br\/#\/busca?termo=idade m\u00ednima'>idade m\u00ednima<\/a>, <a href='https:\/\/app.legislapp.com.br\/#\/busca?termo=realiza\u00e7\u00e3o'>realiza\u00e7\u00e3o<\/a>, <a href='https:\/\/app.legislapp.com.br\/#\/busca?termo=exame supletivo.'>exame supletivo.<\/a><\/p>\n<p><\/p>\n<article>\nC\u00c2MARA DOS DEPUTADOS<br \/>\nGabinete da Deputada J\u00daLIA ZANATTA \u2013 PL\/SC<br \/>\nPROJETO DE LEI N.              , DE 2024<br \/>\n(Da Sra. Deputada J\u00falia Zanatta)<br \/>\nAltera a Lei n. 9.394, de 20 de<br \/>\ndezembro de 1996, para reduzir a idade<br \/>\nm\u00ednima para realiza\u00e7\u00e3o de exames<br \/>\nsupletivos.<br \/>\nO CONGRESSO NACIONAL decreta:<br \/>\nArt. 1\u00ba Esta Lei altera a Lei n. 9.394, de 20 de dezembro de 1996,<br \/>\npara reduzir a idade m\u00ednima para realiza\u00e7\u00e3o de exames supletivos.<br \/>\nArt. 2\u00ba O artigo 38 da Lei n. 9.394, de 20 de dezembro de 1996,<br \/>\npassa a vigorar com a seguinte reda\u00e7\u00e3o:<br \/>\n\u201cArt. 38\u2026\u2026\u2026\u2026\u2026\u2026\u2026\u2026\u2026\u2026\u2026\u2026\u2026\u2026\u2026.<br \/>\n\u00a7 1\u00ba \u2026\u2026\u2026\u2026\u2026\u2026\u2026\u2026\u2026\u2026\u2026\u2026\u2026\u2026\u2026<br \/>\nI &#8211; no n\u00edvel de conclus\u00e3o do ensino fundamental, para os<br \/>\nmaiores de treze anos;<br \/>\nII &#8211; no n\u00edvel de conclus\u00e3o do ensino m\u00e9dio, para os maiores<br \/>\nde dezesseis anos.<br \/>\n\u2026\u2026\u2026\u2026\u2026\u2026\u2026\u2026\u2026\u2026\u2026\u2026\u2026\u2026\u2026\u201d (NR)<br \/>\nArt. 3\u00ba Esta Lei entra em vigor na data de sua publica\u00e7\u00e3o.<br \/>\nJUSTIFICATIVA<\/p>\n<p>Trata-se de projeto de lei com escopo de reduzir a idade m\u00ednima para<br \/>\nrealiza\u00e7\u00e3o dos exames supletivos e de avalia\u00e7\u00e3o de desempenho escolar, sendo<br \/>\num dos prop\u00f3sitos propiciar a crian\u00e7as e adolescentes superdotados a chance de<br \/>\nmais r\u00e1pido progredir nas cadeiras escolares e alcan\u00e7ar o mercado com mais<br \/>\nagilidade.<br \/>\nC\u00e2mara dos Deputados | Anexo IV \u2013 4\u00ba andar \u2013 Gabinete 448 | 70100-970 Bras\u00edlia DF<br \/>\nTel (61) 3215-5448 | dep.juliazanatta@camara.leg.br<br \/>\n1<br \/>\nPara verificar a assinatura, acesse https:\/\/infoleg-autenticidade-assinatura.camara.leg.br\/CD248419042800<br \/>\nAssinado eletronicamente pelo(a) Dep. Julia Zanatta<br \/>\nApresenta\u00e7\u00e3o: 29\/04\/2024 18:41:25.953 &#8211; MESA<br \/>\n*CD248419042800* PL n.1494\/2024<br \/>\nC\u00c2MARA DOS DEPUTADOS<br \/>\nGabinete da Deputada J\u00daLIA ZANATTA \u2013 PL\/SC<br \/>\nN\u00e3o \u00e9 razo\u00e1vel que um jovem, dotado dos conhecimentos<br \/>\nque dizem respeito ao ensino m\u00e9dio, seja impedido de ingressar no ensino<br \/>\nsuperior com alguns anos de anteced\u00eancia. Pelo contr\u00e1rio, a altera\u00e7\u00e3o da lei ser\u00e1<br \/>\num est\u00edmulo para que existam pessoas qualificadas e capacitadas ao mercado de<br \/>\ntrabalho com menor idade, haja vista que s\u00e3o raros aqueles que concluem o<br \/>\nensino superior antes dos vinte anos de idade.<br \/>\nDiante desse cen\u00e1rio, pe\u00e7o apoio aos pares pela aprova\u00e7\u00e3o do presente<br \/>\nprojeto de lei.<br \/>\nBras\u00edlia\/DF, de abril de 2024.<br \/>\nDeputada J\u00daLIA ZANATTA<br \/>\nPL\/SC<br \/>\nC\u00e2mara dos Deputados | Anexo IV \u2013 4\u00ba andar \u2013 Gabinete 448 | 70100-970 Bras\u00edlia DF<br \/>\nTel (61) 3215-5448 | dep.juliazanatta@camara.leg.br<br \/>\n2<br \/>\nPara verificar a assinatura, acesse https:\/\/infoleg-autenticidade-assinatura.camara.leg.br\/CD248419042800<br \/>\nAssinado eletronicamente pelo(a) Dep. Julia Zanatta<br \/>\nApresenta\u00e7\u00e3o: 29\/04\/2024 18:41:25.953 &#8211; MESA<br \/>\n*CD248419042800* PL n.1494\/2024<\/article>\n<div style=\"text-align: center\">\n<div style=\"margin-bottom: 20px;\" class=\"et_pb_button_module_wrapper et_pb_button_5_tb_body_wrapper et_pb_button_alignment_center et_pb_module \">\n         <a class=\"et_pb_button et_pb_button_5_tb_body et_hover_enabled et_pb_bg_layout_dark\" style=\"width: 50%;background-color: black;\" href=\"https:\/\/app.legislapp.com.br\" target=\"_blank\" rel=\"noopener\">Visualizar completo na nossa plataforma (30 dias gr\u00e1tis)<\/a><\/p><\/div>\n<p>      <a href=\"https:\/\/play.google.com\/store\/apps\/details?id=br.com.legislapp\"><img decoding=\"async\" style=\"width: 15%; min-width: 130px;\" src=\"https:\/\/www.legislapp.com.br\/wp-content\/uploads\/google-play.png\"><\/a><br \/>\n      <a href=\"https:\/\/apps.apple.com\/us\/app\/legislapp\/id1568929859\"><img decoding=\"async\" style=\"width: 15%; min-width: 130px\" src=\"https:\/\/www.legislapp.com.br\/wp-content\/uploads\/apple-store.png\"><\/a>\n   <\/div>\n","protected":false},"excerpt":{"rendered":"<p>C\u00e2mara &#8211; Autoria de Julia Zanatta Altera a Lei n. 9.394, de 20 de dezembro de 1996, para reduzir a idade m\u00ednima para realiza\u00e7\u00e3o de exames supletivos. Altera\u00e7\u00e3o, Lei de Diretrizes e Bases da Educa\u00e7\u00e3o Nacional (1996), educa\u00e7\u00e3o de jovens e adultos, redu\u00e7\u00e3o, idade m\u00ednima, realiza\u00e7\u00e3o, exame supletivo. C\u00c2MARA DOS DEPUTADOS Gabinete da Deputada J\u00daLIA [&hellip;]<\/p>\n","protected":false},"author":1,"featured_media":0,"parent":0,"menu_order":0,"comment_status":"closed","ping_status":"closed","template":"page-template-blank.php","meta":{"_et_pb_use_builder":"","_et_pb_old_content":"","_et_gb_content_width":"1080","ngg_post_thumbnail":0,"footnotes":""},"class_list":["post-5935","page","type-page","status-publish","hentry"],"yoast_head":"<!-- This site is optimized with the Yoast SEO plugin v24.4 - https:\/\/yoast.com\/wordpress\/plugins\/seo\/ -->\n<title>PL 1494\/2024 - Julia Zanatta - Legislapp<\/title>\n<meta name=\"robots\" content=\"index, follow, max-snippet:-1, max-image-preview:large, max-video-preview:-1\" \/>\n<link rel=\"canonical\" href=\"https:\/\/www.legislapp.com.br\/index.php\/camara-pl-1494-2024\/\" \/>\n<meta property=\"og:locale\" content=\"pt_BR\" \/>\n<meta property=\"og:type\" content=\"article\" \/>\n<meta property=\"og:title\" content=\"PL 1494\/2024 - Julia Zanatta - Legislapp\" \/>\n<meta property=\"og:description\" content=\"C\u00e2mara &#8211; Autoria de Julia Zanatta Altera a Lei n. 9.394, de 20 de dezembro de 1996, para reduzir a idade m\u00ednima para realiza\u00e7\u00e3o de exames supletivos. Altera\u00e7\u00e3o, Lei de Diretrizes e Bases da Educa\u00e7\u00e3o Nacional (1996), educa\u00e7\u00e3o de jovens e adultos, redu\u00e7\u00e3o, idade m\u00ednima, realiza\u00e7\u00e3o, exame supletivo. C\u00c2MARA DOS DEPUTADOS Gabinete da Deputada J\u00daLIA [&hellip;]\" \/>\n<meta property=\"og:url\" content=\"https:\/\/www.legislapp.com.br\/index.php\/camara-pl-1494-2024\/\" \/>\n<meta property=\"og:site_name\" content=\"Legislapp\" \/>\n<meta property=\"article:publisher\" content=\"https:\/\/www.instagram.com\/legislapp\/\" \/>\n<meta property=\"og:image\" content=\"https:\/\/www.camara.leg.br\/internet\/deputado\/bandep\/220559.jpg\" \/>\n<meta name=\"twitter:card\" content=\"summary_large_image\" \/>\n<meta name=\"twitter:label1\" content=\"Est. tempo de leitura\" \/>\n\t<meta name=\"twitter:data1\" content=\"2 minutos\" \/>\n<script type=\"application\/ld+json\" class=\"yoast-schema-graph\">{\"@context\":\"https:\/\/schema.org\",\"@graph\":[{\"@type\":\"WebPage\",\"@id\":\"https:\/\/www.legislapp.com.br\/index.php\/camara-pl-1494-2024\/\",\"url\":\"https:\/\/www.legislapp.com.br\/index.php\/camara-pl-1494-2024\/\",\"name\":\"PL 1494\/2024 - Julia Zanatta - Legislapp\",\"isPartOf\":{\"@id\":\"https:\/\/www.legislapp.com.br\/#website\"},\"primaryImageOfPage\":{\"@id\":\"https:\/\/www.legislapp.com.br\/index.php\/camara-pl-1494-2024\/#primaryimage\"},\"image\":{\"@id\":\"https:\/\/www.legislapp.com.br\/index.php\/camara-pl-1494-2024\/#primaryimage\"},\"thumbnailUrl\":\"https:\/\/www.camara.leg.br\/internet\/deputado\/bandep\/220559.jpg\",\"datePublished\":\"2025-06-25T13:11:22+00:00\",\"breadcrumb\":{\"@id\":\"https:\/\/www.legislapp.com.br\/index.php\/camara-pl-1494-2024\/#breadcrumb\"},\"inLanguage\":\"pt-BR\",\"potentialAction\":[{\"@type\":\"ReadAction\",\"target\":[\"https:\/\/www.legislapp.com.br\/index.php\/camara-pl-1494-2024\/\"]}]},{\"@type\":\"ImageObject\",\"inLanguage\":\"pt-BR\",\"@id\":\"https:\/\/www.legislapp.com.br\/index.php\/camara-pl-1494-2024\/#primaryimage\",\"url\":\"https:\/\/www.camara.leg.br\/internet\/deputado\/bandep\/220559.jpg\",\"contentUrl\":\"https:\/\/www.camara.leg.br\/internet\/deputado\/bandep\/220559.jpg\"},{\"@type\":\"BreadcrumbList\",\"@id\":\"https:\/\/www.legislapp.com.br\/index.php\/camara-pl-1494-2024\/#breadcrumb\",\"itemListElement\":[{\"@type\":\"ListItem\",\"position\":1,\"name\":\"In\u00edcio\",\"item\":\"https:\/\/www.legislapp.com.br\/\"},{\"@type\":\"ListItem\",\"position\":2,\"name\":\"PL 1494\/2024 &#8211; Julia Zanatta\"}]},{\"@type\":\"WebSite\",\"@id\":\"https:\/\/www.legislapp.com.br\/#website\",\"url\":\"https:\/\/www.legislapp.com.br\/\",\"name\":\"Legislapp\",\"description\":\"Intelig\u00eancia governamental em tempo real\",\"publisher\":{\"@id\":\"https:\/\/www.legislapp.com.br\/#organization\"},\"potentialAction\":[{\"@type\":\"SearchAction\",\"target\":{\"@type\":\"EntryPoint\",\"urlTemplate\":\"https:\/\/www.legislapp.com.br\/?s={search_term_string}\"},\"query-input\":{\"@type\":\"PropertyValueSpecification\",\"valueRequired\":true,\"valueName\":\"search_term_string\"}}],\"inLanguage\":\"pt-BR\"},{\"@type\":\"Organization\",\"@id\":\"https:\/\/www.legislapp.com.br\/#organization\",\"name\":\"Legislapp Monitoramento e Intelig\u00eancia Governamental\",\"url\":\"https:\/\/www.legislapp.com.br\/\",\"logo\":{\"@type\":\"ImageObject\",\"inLanguage\":\"pt-BR\",\"@id\":\"https:\/\/www.legislapp.com.br\/#\/schema\/logo\/image\/\",\"url\":\"https:\/\/www.legislapp.com.br\/wp-content\/uploads\/icon.png\",\"contentUrl\":\"https:\/\/www.legislapp.com.br\/wp-content\/uploads\/icon.png\",\"width\":1024,\"height\":1024,\"caption\":\"Legislapp Monitoramento e Intelig\u00eancia Governamental\"},\"image\":{\"@id\":\"https:\/\/www.legislapp.com.br\/#\/schema\/logo\/image\/\"},\"sameAs\":[\"https:\/\/www.instagram.com\/legislapp\/\"]}]}<\/script>\n<!-- \/ Yoast SEO plugin. -->","yoast_head_json":{"title":"PL 1494\/2024 - Julia Zanatta - Legislapp","robots":{"index":"index","follow":"follow","max-snippet":"max-snippet:-1","max-image-preview":"max-image-preview:large","max-video-preview":"max-video-preview:-1"},"canonical":"https:\/\/www.legislapp.com.br\/index.php\/camara-pl-1494-2024\/","og_locale":"pt_BR","og_type":"article","og_title":"PL 1494\/2024 - Julia Zanatta - Legislapp","og_description":"C\u00e2mara &#8211; Autoria de Julia Zanatta Altera a Lei n. 9.394, de 20 de dezembro de 1996, para reduzir a idade m\u00ednima para realiza\u00e7\u00e3o de exames supletivos. Altera\u00e7\u00e3o, Lei de Diretrizes e Bases da Educa\u00e7\u00e3o Nacional (1996), educa\u00e7\u00e3o de jovens e adultos, redu\u00e7\u00e3o, idade m\u00ednima, realiza\u00e7\u00e3o, exame supletivo. C\u00c2MARA DOS DEPUTADOS Gabinete da Deputada J\u00daLIA [&hellip;]","og_url":"https:\/\/www.legislapp.com.br\/index.php\/camara-pl-1494-2024\/","og_site_name":"Legislapp","article_publisher":"https:\/\/www.instagram.com\/legislapp\/","og_image":[{"url":"https:\/\/www.camara.leg.br\/internet\/deputado\/bandep\/220559.jpg","type":"","width":"","height":""}],"twitter_card":"summary_large_image","twitter_misc":{"Est. tempo de leitura":"2 minutos"},"schema":{"@context":"https:\/\/schema.org","@graph":[{"@type":"WebPage","@id":"https:\/\/www.legislapp.com.br\/index.php\/camara-pl-1494-2024\/","url":"https:\/\/www.legislapp.com.br\/index.php\/camara-pl-1494-2024\/","name":"PL 1494\/2024 - Julia Zanatta - Legislapp","isPartOf":{"@id":"https:\/\/www.legislapp.com.br\/#website"},"primaryImageOfPage":{"@id":"https:\/\/www.legislapp.com.br\/index.php\/camara-pl-1494-2024\/#primaryimage"},"image":{"@id":"https:\/\/www.legislapp.com.br\/index.php\/camara-pl-1494-2024\/#primaryimage"},"thumbnailUrl":"https:\/\/www.camara.leg.br\/internet\/deputado\/bandep\/220559.jpg","datePublished":"2025-06-25T13:11:22+00:00","breadcrumb":{"@id":"https:\/\/www.legislapp.com.br\/index.php\/camara-pl-1494-2024\/#breadcrumb"},"inLanguage":"pt-BR","potentialAction":[{"@type":"ReadAction","target":["https:\/\/www.legislapp.com.br\/index.php\/camara-pl-1494-2024\/"]}]},{"@type":"ImageObject","inLanguage":"pt-BR","@id":"https:\/\/www.legislapp.com.br\/index.php\/camara-pl-1494-2024\/#primaryimage","url":"https:\/\/www.camara.leg.br\/internet\/deputado\/bandep\/220559.jpg","contentUrl":"https:\/\/www.camara.leg.br\/internet\/deputado\/bandep\/220559.jpg"},{"@type":"BreadcrumbList","@id":"https:\/\/www.legislapp.com.br\/index.php\/camara-pl-1494-2024\/#breadcrumb","itemListElement":[{"@type":"ListItem","position":1,"name":"In\u00edcio","item":"https:\/\/www.legislapp.com.br\/"},{"@type":"ListItem","position":2,"name":"PL 1494\/2024 &#8211; Julia Zanatta"}]},{"@type":"WebSite","@id":"https:\/\/www.legislapp.com.br\/#website","url":"https:\/\/www.legislapp.com.br\/","name":"Legislapp","description":"Intelig\u00eancia governamental em tempo real","publisher":{"@id":"https:\/\/www.legislapp.com.br\/#organization"},"potentialAction":[{"@type":"SearchAction","target":{"@type":"EntryPoint","urlTemplate":"https:\/\/www.legislapp.com.br\/?s={search_term_string}"},"query-input":{"@type":"PropertyValueSpecification","valueRequired":true,"valueName":"search_term_string"}}],"inLanguage":"pt-BR"},{"@type":"Organization","@id":"https:\/\/www.legislapp.com.br\/#organization","name":"Legislapp Monitoramento e Intelig\u00eancia Governamental","url":"https:\/\/www.legislapp.com.br\/","logo":{"@type":"ImageObject","inLanguage":"pt-BR","@id":"https:\/\/www.legislapp.com.br\/#\/schema\/logo\/image\/","url":"https:\/\/www.legislapp.com.br\/wp-content\/uploads\/icon.png","contentUrl":"https:\/\/www.legislapp.com.br\/wp-content\/uploads\/icon.png","width":1024,"height":1024,"caption":"Legislapp Monitoramento e Intelig\u00eancia Governamental"},"image":{"@id":"https:\/\/www.legislapp.com.br\/#\/schema\/logo\/image\/"},"sameAs":["https:\/\/www.instagram.com\/legislapp\/"]}]}},"_links":{"self":[{"href":"https:\/\/www.legislapp.com.br\/index.php\/wp-json\/wp\/v2\/pages\/5935","targetHints":{"allow":["GET"]}}],"collection":[{"href":"https:\/\/www.legislapp.com.br\/index.php\/wp-json\/wp\/v2\/pages"}],"about":[{"href":"https:\/\/www.legislapp.com.br\/index.php\/wp-json\/wp\/v2\/types\/page"}],"author":[{"embeddable":true,"href":"https:\/\/www.legislapp.com.br\/index.php\/wp-json\/wp\/v2\/users\/1"}],"replies":[{"embeddable":true,"href":"https:\/\/www.legislapp.com.br\/index.php\/wp-json\/wp\/v2\/comments?post=5935"}],"version-history":[{"count":0,"href":"https:\/\/www.legislapp.com.br\/index.php\/wp-json\/wp\/v2\/pages\/5935\/revisions"}],"wp:attachment":[{"href":"https:\/\/www.legislapp.com.br\/index.php\/wp-json\/wp\/v2\/media?parent=5935"}],"curies":[{"name":"wp","href":"https:\/\/api.w.org\/{rel}","templated":true}]}}