{"id":5937,"date":"2025-06-25T10:11:28","date_gmt":"2025-06-25T13:11:28","guid":{"rendered":"https:\/\/www.legislapp.com.br\/index.php\/camara-pl-2233-2024\/"},"modified":"2025-06-25T10:11:28","modified_gmt":"2025-06-25T13:11:28","slug":"camara-pl-2233-2024","status":"publish","type":"page","link":"https:\/\/www.legislapp.com.br\/index.php\/camara-pl-2233-2024\/","title":{"rendered":"PL 2233\/2024 &#8211; Benes Leoc\u00e1dio"},"content":{"rendered":"<h1 style='text-align: center;'>C\u00e2mara &#8211; Autoria de Benes Leoc\u00e1dio<br \/><img src='https:\/\/www.camara.leg.br\/internet\/deputado\/bandep\/109429.jpg' alt='Benes Leoc\u00e1dio' \/><\/h3>\n<p><\/p>\n<article style='text-align: center'>Altera a Lei n\u00ba 13.146, de 6 de julho de 2015, para assegurar mecanismos de incentivo \u00e0 participa\u00e7\u00e3o das pessoas com defici\u00eancia na produ\u00e7\u00e3o e na pr\u00e1tica de atividades art\u00edsticas, intelectuais, culturais, esportivas e recreativas.<\/article>\n<p><\/p>\n<p style='text-align: center'><a href='https:\/\/app.legislapp.com.br\/#\/busca?termo='><\/a><\/p>\n<p><\/p>\n<article>PROJETO DE LEI N\u00ba          , DE 2024<br \/>\n(Do Sr. BENES LEOC\u00c1DIO)<br \/>\nAltera a Lei n\u00ba 13.146, de 6 de julho de<br \/>\n2015, para assegurar mecanismos de<br \/>\nincentivo \u00e0 participa\u00e7\u00e3o das pessoas com<br \/>\ndefici\u00eancia na produ\u00e7\u00e3o e na pr\u00e1tica de<br \/>\natividades art\u00edsticas, intelectuais, culturais,<br \/>\nesportivas e recreativas.<br \/>\nO Congresso Nacional decreta:<br \/>\nArt. 1\u00ba Esta Lei altera a Lei n\u00ba 13.146, de 6 de julho de 2015,<br \/>\npara assegurar mecanismos de incentivo \u00e0 participa\u00e7\u00e3o das pessoas com<br \/>\ndefici\u00eancia na produ\u00e7\u00e3o e na pr\u00e1tica de atividades art\u00edsticas, intelectuais,<br \/>\nculturais, esportivas e recreativas.<br \/>\nArt. 2\u00ba O artigo 43 da Lei n\u00ba 13.146, de 6 de julho de 2015,<br \/>\npassa a vigorar acrescido do seguinte par\u00e1grafo \u00fanico:<br \/>\n\u201cArt. 43&#8230;&#8230;&#8230;&#8230;&#8230;&#8230;&#8230;&#8230;&#8230;&#8230;&#8230;&#8230;&#8230;&#8230;&#8230;&#8230;&#8230;&#8230;&#8230;&#8230;&#8230;&#8230;&#8230;&#8230;&#8230;&#8230;&#8230;&#8230;.<br \/>\n&#8230;&#8230;&#8230;&#8230;&#8230;&#8230;&#8230;&#8230;&#8230;&#8230;&#8230;&#8230;&#8230;&#8230;&#8230;&#8230;&#8230;&#8230;&#8230;&#8230;&#8230;&#8230;&#8230;&#8230;&#8230;&#8230;&#8230;&#8230;&#8230;&#8230;&#8230;&#8230;<br \/>\nPar\u00e1grafo \u00fanico. O Poder P\u00fablico dever\u00e1 fomentar, apoiar e<br \/>\nviabilizar produ\u00e7\u00f5es art\u00edsticas, intelectuais, culturais, esportivas<br \/>\ne recreativas protagonizadas por pessoas com defici\u00eancia, a<br \/>\npartir das seguintes medidas, dentre outras estabelecidas por<br \/>\nregulamento:<br \/>\nI &#8211; ampla divulga\u00e7\u00e3o de informa\u00e7\u00f5es sobre a\u00e7\u00f5es, programas,<br \/>\nprojetos, eventos e editais destinados \u00e0s pessoas com<br \/>\ndefici\u00eancia em formatos alternativos e acess\u00edveis;<br \/>\nII &#8211; est\u00edmulo \u00e0 realiza\u00e7\u00e3o de projetos que sejam produzidos e<br \/>\npropostos por pessoas com defici\u00eancia ou que empreguem<br \/>\npessoas com defici\u00eancia;<br \/>\nIII &#8211; est\u00edmulo \u00e0 realiza\u00e7\u00e3o de projetos que promovam a frui\u00e7\u00e3o<br \/>\nde bens, produtos e atividades por pessoas com defici\u00eancia.\u201d<br \/>\nArt. 3\u00ba Esta Lei entra em vigor na data de sua publica\u00e7\u00e3o.<br \/>\nPara verificar a assinatura, acesse https:\/\/infoleg-autenticidade-assinatura.camara.leg.br\/CD245840046200<br \/>\nAssinado eletronicamente pelo(a) Dep. Benes Leoc\u00e1dio<br \/>\nApresenta\u00e7\u00e3o: 06\/06\/2024 15:23:15.483 &#8211; MESA<br \/>\n*CD245840046200* PL n.2233\/20242<br \/>\nJUSTIFICA\u00c7\u00c3O<br \/>\nA Lei n\u00ba 13.146, de 6 de julho de 2015 \u2013 Estatuto da Pessoa<br \/>\ncom Defici\u00eancia \u2013 trata no cap\u00edtulo Cap\u00edtulo IX do direito \u00e0 cultura, ao esporte,<br \/>\nao turismo e ao lazer das pessoas com defici\u00eancia.<br \/>\nNo entanto, nota-se que a garantia desses direitos muitas<br \/>\nvezes resume-se \u00e0 acessibilidade f\u00edsica ou material e n\u00e3o ao produzir e exercer<br \/>\ndiretamente as atividades art\u00edsticas, intelectuais, culturais, esportivas e<br \/>\nrecreativas. Ou seja, pouco se verifica de fomento espec\u00edfico \u00e0 realiza\u00e7\u00e3o de<br \/>\nprojetos produzidos ou praticados por pessoas com defici\u00eancia ou que<br \/>\nempreguem essas pessoas.<br \/>\nTemos observado que alguns entes federativos est\u00e3o<br \/>\nproduzindo normas, por exemplo, de incentivo \u00e0 produ\u00e7\u00e3o cultural por pessoas<br \/>\ncom defici\u00eancia, como o Governo do Distrito Federal, que instituiu a nova<br \/>\npol\u00edtica cultural de acessibilidade por meio do Decreto n\u00ba 43.811\/2022. Em tal<br \/>\nnorma, n\u00e3o foram poupados esfor\u00e7os para aumentar e incentivar a inclus\u00e3o de<br \/>\npessoas com defici\u00eancia nas atividades culturais.<br \/>\nNo entanto, como estamos trabalhando com norma geral de<br \/>\nabrang\u00eancia nacional, n\u00e3o podemos descer \u00e0s min\u00facias, tal como faz a<br \/>\nlegisla\u00e7\u00e3o local. Precisamos focar em normas que incentivem e estabele\u00e7am<br \/>\npar\u00e2metros que sejam seguidos pelos entes subnacionais para refor\u00e7ar a<br \/>\nparticipa\u00e7\u00e3o ativa das pessoas com defici\u00eancia em todas as atividades<br \/>\nart\u00edsticas, intelectuais, culturais, esportivas e recreativas.<br \/>\nNeste sentido, contamos com o apoio dos nobres pares para a<br \/>\naprova\u00e7\u00e3o de t\u00e3o relevante Projeto de Lei.<br \/>\nSala das Sess\u00f5es, em        de                     de 2024.<br \/>\nDeputado BENES LEOC\u00c1DIO<br \/>\n2024-5734<br \/>\nPara verificar a assinatura, acesse https:\/\/infoleg-autenticidade-assinatura.camara.leg.br\/CD245840046200<br \/>\nAssinado eletronicamente pelo(a) Dep. Benes Leoc\u00e1dio<br \/>\nApresenta\u00e7\u00e3o: 06\/06\/2024 15:23:15.483 &#8211; MESA<br \/>\n*CD245840046200* PL n.2233\/2024<\/article>\n<div style=\"text-align: center\">\n<div style=\"margin-bottom: 20px;\" class=\"et_pb_button_module_wrapper et_pb_button_5_tb_body_wrapper et_pb_button_alignment_center et_pb_module \">\n         <a class=\"et_pb_button et_pb_button_5_tb_body et_hover_enabled et_pb_bg_layout_dark\" style=\"width: 50%;background-color: black;\" href=\"https:\/\/app.legislapp.com.br\" target=\"_blank\" rel=\"noopener\">Visualizar completo na nossa plataforma (30 dias gr\u00e1tis)<\/a><\/p><\/div>\n<p>      <a href=\"https:\/\/play.google.com\/store\/apps\/details?id=br.com.legislapp\"><img decoding=\"async\" style=\"width: 15%; min-width: 130px;\" src=\"https:\/\/www.legislapp.com.br\/wp-content\/uploads\/google-play.png\"><\/a><br \/>\n      <a href=\"https:\/\/apps.apple.com\/us\/app\/legislapp\/id1568929859\"><img decoding=\"async\" style=\"width: 15%; min-width: 130px\" src=\"https:\/\/www.legislapp.com.br\/wp-content\/uploads\/apple-store.png\"><\/a>\n   <\/div>\n","protected":false},"excerpt":{"rendered":"<p>C\u00e2mara &#8211; Autoria de Benes Leoc\u00e1dio Altera a Lei n\u00ba 13.146, de 6 de julho de 2015, para assegurar mecanismos de incentivo \u00e0 participa\u00e7\u00e3o das pessoas com defici\u00eancia na produ\u00e7\u00e3o e na pr\u00e1tica de atividades art\u00edsticas, intelectuais, culturais, esportivas e recreativas. PROJETO DE LEI N\u00ba , DE 2024 (Do Sr. BENES LEOC\u00c1DIO) Altera a Lei [&hellip;]<\/p>\n","protected":false},"author":1,"featured_media":0,"parent":0,"menu_order":0,"comment_status":"closed","ping_status":"closed","template":"page-template-blank.php","meta":{"_et_pb_use_builder":"","_et_pb_old_content":"","_et_gb_content_width":"1080","ngg_post_thumbnail":0,"footnotes":""},"class_list":["post-5937","page","type-page","status-publish","hentry"],"yoast_head":"<!-- This site is optimized with the Yoast SEO plugin v24.4 - https:\/\/yoast.com\/wordpress\/plugins\/seo\/ -->\n<title>PL 2233\/2024 - Benes Leoc\u00e1dio - Legislapp<\/title>\n<meta name=\"robots\" content=\"index, follow, max-snippet:-1, max-image-preview:large, max-video-preview:-1\" \/>\n<link rel=\"canonical\" href=\"https:\/\/www.legislapp.com.br\/index.php\/camara-pl-2233-2024\/\" \/>\n<meta property=\"og:locale\" content=\"pt_BR\" \/>\n<meta property=\"og:type\" content=\"article\" \/>\n<meta property=\"og:title\" content=\"PL 2233\/2024 - Benes Leoc\u00e1dio - Legislapp\" \/>\n<meta property=\"og:description\" content=\"C\u00e2mara &#8211; Autoria de Benes Leoc\u00e1dio Altera a Lei n\u00ba 13.146, de 6 de julho de 2015, para assegurar mecanismos de incentivo \u00e0 participa\u00e7\u00e3o das pessoas com defici\u00eancia na produ\u00e7\u00e3o e na pr\u00e1tica de atividades art\u00edsticas, intelectuais, culturais, esportivas e recreativas. PROJETO DE LEI N\u00ba , DE 2024 (Do Sr. BENES LEOC\u00c1DIO) Altera a Lei [&hellip;]\" \/>\n<meta property=\"og:url\" content=\"https:\/\/www.legislapp.com.br\/index.php\/camara-pl-2233-2024\/\" \/>\n<meta property=\"og:site_name\" content=\"Legislapp\" \/>\n<meta property=\"article:publisher\" content=\"https:\/\/www.instagram.com\/legislapp\/\" \/>\n<meta property=\"og:image\" content=\"https:\/\/www.camara.leg.br\/internet\/deputado\/bandep\/109429.jpg\" \/>\n<meta name=\"twitter:card\" content=\"summary_large_image\" \/>\n<meta name=\"twitter:label1\" content=\"Est. tempo de leitura\" \/>\n\t<meta name=\"twitter:data1\" content=\"3 minutos\" \/>\n<script type=\"application\/ld+json\" class=\"yoast-schema-graph\">{\"@context\":\"https:\/\/schema.org\",\"@graph\":[{\"@type\":\"WebPage\",\"@id\":\"https:\/\/www.legislapp.com.br\/index.php\/camara-pl-2233-2024\/\",\"url\":\"https:\/\/www.legislapp.com.br\/index.php\/camara-pl-2233-2024\/\",\"name\":\"PL 2233\/2024 - Benes Leoc\u00e1dio - Legislapp\",\"isPartOf\":{\"@id\":\"https:\/\/www.legislapp.com.br\/#website\"},\"primaryImageOfPage\":{\"@id\":\"https:\/\/www.legislapp.com.br\/index.php\/camara-pl-2233-2024\/#primaryimage\"},\"image\":{\"@id\":\"https:\/\/www.legislapp.com.br\/index.php\/camara-pl-2233-2024\/#primaryimage\"},\"thumbnailUrl\":\"https:\/\/www.camara.leg.br\/internet\/deputado\/bandep\/109429.jpg\",\"datePublished\":\"2025-06-25T13:11:28+00:00\",\"breadcrumb\":{\"@id\":\"https:\/\/www.legislapp.com.br\/index.php\/camara-pl-2233-2024\/#breadcrumb\"},\"inLanguage\":\"pt-BR\",\"potentialAction\":[{\"@type\":\"ReadAction\",\"target\":[\"https:\/\/www.legislapp.com.br\/index.php\/camara-pl-2233-2024\/\"]}]},{\"@type\":\"ImageObject\",\"inLanguage\":\"pt-BR\",\"@id\":\"https:\/\/www.legislapp.com.br\/index.php\/camara-pl-2233-2024\/#primaryimage\",\"url\":\"https:\/\/www.camara.leg.br\/internet\/deputado\/bandep\/109429.jpg\",\"contentUrl\":\"https:\/\/www.camara.leg.br\/internet\/deputado\/bandep\/109429.jpg\"},{\"@type\":\"BreadcrumbList\",\"@id\":\"https:\/\/www.legislapp.com.br\/index.php\/camara-pl-2233-2024\/#breadcrumb\",\"itemListElement\":[{\"@type\":\"ListItem\",\"position\":1,\"name\":\"In\u00edcio\",\"item\":\"https:\/\/www.legislapp.com.br\/\"},{\"@type\":\"ListItem\",\"position\":2,\"name\":\"PL 2233\/2024 &#8211; Benes Leoc\u00e1dio\"}]},{\"@type\":\"WebSite\",\"@id\":\"https:\/\/www.legislapp.com.br\/#website\",\"url\":\"https:\/\/www.legislapp.com.br\/\",\"name\":\"Legislapp\",\"description\":\"Intelig\u00eancia governamental em tempo real\",\"publisher\":{\"@id\":\"https:\/\/www.legislapp.com.br\/#organization\"},\"potentialAction\":[{\"@type\":\"SearchAction\",\"target\":{\"@type\":\"EntryPoint\",\"urlTemplate\":\"https:\/\/www.legislapp.com.br\/?s={search_term_string}\"},\"query-input\":{\"@type\":\"PropertyValueSpecification\",\"valueRequired\":true,\"valueName\":\"search_term_string\"}}],\"inLanguage\":\"pt-BR\"},{\"@type\":\"Organization\",\"@id\":\"https:\/\/www.legislapp.com.br\/#organization\",\"name\":\"Legislapp Monitoramento e Intelig\u00eancia Governamental\",\"url\":\"https:\/\/www.legislapp.com.br\/\",\"logo\":{\"@type\":\"ImageObject\",\"inLanguage\":\"pt-BR\",\"@id\":\"https:\/\/www.legislapp.com.br\/#\/schema\/logo\/image\/\",\"url\":\"https:\/\/www.legislapp.com.br\/wp-content\/uploads\/icon.png\",\"contentUrl\":\"https:\/\/www.legislapp.com.br\/wp-content\/uploads\/icon.png\",\"width\":1024,\"height\":1024,\"caption\":\"Legislapp Monitoramento e Intelig\u00eancia Governamental\"},\"image\":{\"@id\":\"https:\/\/www.legislapp.com.br\/#\/schema\/logo\/image\/\"},\"sameAs\":[\"https:\/\/www.instagram.com\/legislapp\/\"]}]}<\/script>\n<!-- \/ Yoast SEO plugin. -->","yoast_head_json":{"title":"PL 2233\/2024 - Benes Leoc\u00e1dio - Legislapp","robots":{"index":"index","follow":"follow","max-snippet":"max-snippet:-1","max-image-preview":"max-image-preview:large","max-video-preview":"max-video-preview:-1"},"canonical":"https:\/\/www.legislapp.com.br\/index.php\/camara-pl-2233-2024\/","og_locale":"pt_BR","og_type":"article","og_title":"PL 2233\/2024 - Benes Leoc\u00e1dio - Legislapp","og_description":"C\u00e2mara &#8211; Autoria de Benes Leoc\u00e1dio Altera a Lei n\u00ba 13.146, de 6 de julho de 2015, para assegurar mecanismos de incentivo \u00e0 participa\u00e7\u00e3o das pessoas com defici\u00eancia na produ\u00e7\u00e3o e na pr\u00e1tica de atividades art\u00edsticas, intelectuais, culturais, esportivas e recreativas. PROJETO DE LEI N\u00ba , DE 2024 (Do Sr. BENES LEOC\u00c1DIO) Altera a Lei [&hellip;]","og_url":"https:\/\/www.legislapp.com.br\/index.php\/camara-pl-2233-2024\/","og_site_name":"Legislapp","article_publisher":"https:\/\/www.instagram.com\/legislapp\/","og_image":[{"url":"https:\/\/www.camara.leg.br\/internet\/deputado\/bandep\/109429.jpg","type":"","width":"","height":""}],"twitter_card":"summary_large_image","twitter_misc":{"Est. tempo de leitura":"3 minutos"},"schema":{"@context":"https:\/\/schema.org","@graph":[{"@type":"WebPage","@id":"https:\/\/www.legislapp.com.br\/index.php\/camara-pl-2233-2024\/","url":"https:\/\/www.legislapp.com.br\/index.php\/camara-pl-2233-2024\/","name":"PL 2233\/2024 - Benes Leoc\u00e1dio - Legislapp","isPartOf":{"@id":"https:\/\/www.legislapp.com.br\/#website"},"primaryImageOfPage":{"@id":"https:\/\/www.legislapp.com.br\/index.php\/camara-pl-2233-2024\/#primaryimage"},"image":{"@id":"https:\/\/www.legislapp.com.br\/index.php\/camara-pl-2233-2024\/#primaryimage"},"thumbnailUrl":"https:\/\/www.camara.leg.br\/internet\/deputado\/bandep\/109429.jpg","datePublished":"2025-06-25T13:11:28+00:00","breadcrumb":{"@id":"https:\/\/www.legislapp.com.br\/index.php\/camara-pl-2233-2024\/#breadcrumb"},"inLanguage":"pt-BR","potentialAction":[{"@type":"ReadAction","target":["https:\/\/www.legislapp.com.br\/index.php\/camara-pl-2233-2024\/"]}]},{"@type":"ImageObject","inLanguage":"pt-BR","@id":"https:\/\/www.legislapp.com.br\/index.php\/camara-pl-2233-2024\/#primaryimage","url":"https:\/\/www.camara.leg.br\/internet\/deputado\/bandep\/109429.jpg","contentUrl":"https:\/\/www.camara.leg.br\/internet\/deputado\/bandep\/109429.jpg"},{"@type":"BreadcrumbList","@id":"https:\/\/www.legislapp.com.br\/index.php\/camara-pl-2233-2024\/#breadcrumb","itemListElement":[{"@type":"ListItem","position":1,"name":"In\u00edcio","item":"https:\/\/www.legislapp.com.br\/"},{"@type":"ListItem","position":2,"name":"PL 2233\/2024 &#8211; Benes Leoc\u00e1dio"}]},{"@type":"WebSite","@id":"https:\/\/www.legislapp.com.br\/#website","url":"https:\/\/www.legislapp.com.br\/","name":"Legislapp","description":"Intelig\u00eancia governamental em tempo real","publisher":{"@id":"https:\/\/www.legislapp.com.br\/#organization"},"potentialAction":[{"@type":"SearchAction","target":{"@type":"EntryPoint","urlTemplate":"https:\/\/www.legislapp.com.br\/?s={search_term_string}"},"query-input":{"@type":"PropertyValueSpecification","valueRequired":true,"valueName":"search_term_string"}}],"inLanguage":"pt-BR"},{"@type":"Organization","@id":"https:\/\/www.legislapp.com.br\/#organization","name":"Legislapp Monitoramento e Intelig\u00eancia Governamental","url":"https:\/\/www.legislapp.com.br\/","logo":{"@type":"ImageObject","inLanguage":"pt-BR","@id":"https:\/\/www.legislapp.com.br\/#\/schema\/logo\/image\/","url":"https:\/\/www.legislapp.com.br\/wp-content\/uploads\/icon.png","contentUrl":"https:\/\/www.legislapp.com.br\/wp-content\/uploads\/icon.png","width":1024,"height":1024,"caption":"Legislapp Monitoramento e Intelig\u00eancia Governamental"},"image":{"@id":"https:\/\/www.legislapp.com.br\/#\/schema\/logo\/image\/"},"sameAs":["https:\/\/www.instagram.com\/legislapp\/"]}]}},"_links":{"self":[{"href":"https:\/\/www.legislapp.com.br\/index.php\/wp-json\/wp\/v2\/pages\/5937","targetHints":{"allow":["GET"]}}],"collection":[{"href":"https:\/\/www.legislapp.com.br\/index.php\/wp-json\/wp\/v2\/pages"}],"about":[{"href":"https:\/\/www.legislapp.com.br\/index.php\/wp-json\/wp\/v2\/types\/page"}],"author":[{"embeddable":true,"href":"https:\/\/www.legislapp.com.br\/index.php\/wp-json\/wp\/v2\/users\/1"}],"replies":[{"embeddable":true,"href":"https:\/\/www.legislapp.com.br\/index.php\/wp-json\/wp\/v2\/comments?post=5937"}],"version-history":[{"count":0,"href":"https:\/\/www.legislapp.com.br\/index.php\/wp-json\/wp\/v2\/pages\/5937\/revisions"}],"wp:attachment":[{"href":"https:\/\/www.legislapp.com.br\/index.php\/wp-json\/wp\/v2\/media?parent=5937"}],"curies":[{"name":"wp","href":"https:\/\/api.w.org\/{rel}","templated":true}]}}