{"id":5938,"date":"2025-06-25T10:11:31","date_gmt":"2025-06-25T13:11:31","guid":{"rendered":"https:\/\/www.legislapp.com.br\/index.php\/camara-pl-3182-2024\/"},"modified":"2025-06-25T10:11:31","modified_gmt":"2025-06-25T13:11:31","slug":"camara-pl-3182-2024","status":"publish","type":"page","link":"https:\/\/www.legislapp.com.br\/index.php\/camara-pl-3182-2024\/","title":{"rendered":"PL 3182\/2024 &#8211; Murilo Galdino"},"content":{"rendered":"<h1 style='text-align: center;'>C\u00e2mara &#8211; Autoria de Murilo Galdino<br \/><img src='https:\/\/www.camara.leg.br\/internet\/deputado\/bandep\/220584.jpg' alt='Murilo Galdino' \/><\/h3>\n<p><\/p>\n<article style='text-align: center'>Altera o art. 23 da Lei n\u00ba 10.741, de 1\u00ba de outubro de 2003 (Estatuto da Pessoa Idosa) para assegurar desconto de pelo menos 50% (cinquenta por cento) nos ingressos para eventos art\u00edsticos, culturais, esportivos e de lazer a 1 (um) acompanhante de pessoa idosa.<\/article>\n<p><\/p>\n<p style='text-align: center'><a href='https:\/\/app.legislapp.com.br\/#\/busca?termo='><\/a><\/p>\n<p><\/p>\n<article>PROJETO DE LEI N\u00ba          , DE 2024<br \/>\n(Do Sr. MURILO GALDINO)<br \/>\nAltera o art. 23 da Lei n\u00ba 10.741, de 1\u00ba<br \/>\nde outubro de 2003 (Estatuto da Pessoa<br \/>\nIdosa) para assegurar desconto de pelo<br \/>\nmenos 50% (cinquenta por cento) nos<br \/>\ningressos para eventos art\u00edsticos, culturais,<br \/>\nesportivos e de lazer a 1 (um)<br \/>\nacompanhante de pessoa idosa.<br \/>\nO Congresso Nacional decreta:<br \/>\nArt. 1\u00ba O art. 23 da Lei n\u00ba 10.741, de 1\u00ba de outubro de 2003,<br \/>\npassa a vigorar com a seguinte reda\u00e7\u00e3o:<br \/>\n\u201cArt. 23. A participa\u00e7\u00e3o das pessoas idosas em atividades<br \/>\nculturais e de lazer ser\u00e1 proporcionada mediante descontos de<br \/>\npelo menos 50% (cinquenta por cento) nos ingressos para<br \/>\neventos art\u00edsticos, culturais, esportivos e de lazer, bem como o<br \/>\nacesso preferencial aos respectivos locais, garantida a<br \/>\nacessibilidade nos respectivos eventos.<br \/>\nPar\u00e1grafo \u00fanico. Assegura-se o mesmo percentual de desconto<br \/>\nreferido no caput deste artigo a 1 (um) acompanhante da<br \/>\npessoa idosa.\u201d (NR)<br \/>\nArt. 2\u00ba Esta Lei entra em vigor na data de sua publica\u00e7\u00e3o.<br \/>\nJUSTIFICA\u00c7\u00c3O<br \/>\nO Projeto de Lei que apresentamos acrescenta o par\u00e1grafo<br \/>\n\u00fanico ao art. 23 do Estatuto da Pessoa Idosa (Lei n\u00ba 10.741, de 1\u00ba de outubro<br \/>\nde 2003), para assegurar desconto de pelo menos 50% (cinquenta por cento)<br \/>\nnos ingressos para eventos art\u00edsticos, culturais, esportivos e de lazer a 1 (um)<br \/>\nacompanhante de pessoa idosa.<br \/>\nPara verificar a assinatura, acesse https:\/\/infoleg-autenticidade-assinatura.camara.leg.br\/CD241098408900<br \/>\nAssinado eletronicamente pelo(a) Dep. Murilo Galdino<br \/>\nApresenta\u00e7\u00e3o: 15\/08\/2024 12:12:20.040 &#8211; MESA<br \/>\n*CD241098408900* PL n.3182\/20242<br \/>\nCultura, esporte e lazer s\u00e3o direitos sociais garantidos a todos<br \/>\npela nossa Constitui\u00e7\u00e3o Federal. Ao seu turno, o amparo e a prote\u00e7\u00e3o \u00e0s<br \/>\npessoas idosas tamb\u00e9m s\u00e3o acertadamente assegurados pela nossa Lei Maior.<br \/>\n\u00c9 not\u00f3rio que a Lei n\u00ba 10.741, de 1\u00ba de outubro de 2003,<br \/>\ngarante um conjunto de direitos \u00e0s pessoas idosas, incluindo descontos em<br \/>\neventos culturais e acesso preferencial a eles. No entanto, muitos beneficiados<br \/>\nnecessitam da presen\u00e7a de cuidadores ou de acompanhantes para participar<br \/>\ndessas atividades de forma segura e, portanto, usufruir de um direito que lhes \u00e9<br \/>\ngarantido.<br \/>\nEstender o benef\u00edcio da meia-entrada aos acompanhantes \u00e9<br \/>\numa medida de justi\u00e7a e inclus\u00e3o, assegurando que as pessoas idosas possam<br \/>\nparticipar ativamente da vida cultural e social. Al\u00e9m disso, garantir o acesso<br \/>\npreferencial aos acompanhantes facilita a mobilidade e o conforto dos idosos<br \/>\nem eventos, promovendo um ambiente mais acolhedor e seguro.<br \/>\nDestacamos ainda a nova reda\u00e7\u00e3o conferida ao caput do art.<br \/>\n23 ao consignar que est\u00e1 garantida a acessibilidade nos eventos art\u00edsticos,<br \/>\nculturais, esportivos e de lazer \u00e0s pessoas idosas. Trata-se de medida<br \/>\napropriada, uma vez que o Brasil ainda carece de estruturas que proporcionem<br \/>\nefetiva acessibilidade dos equipamentos culturais e de lazer \u00e0s pessoas idosas<br \/>\ne a outros potenciais benefici\u00e1rios dessa medida, a exemplo das pessoas com<br \/>\ndefici\u00eancia.<br \/>\nAnte o exposto, estamos certos de que os nobres Pares nos<br \/>\napoiar\u00e3o neste merit\u00f3rio Projeto de Lei.<br \/>\nSala das Sess\u00f5es, em        de                     de 2024.<br \/>\nDeputado MURILO GALDINO<br \/>\nPara verificar a assinatura, acesse https:\/\/infoleg-autenticidade-assinatura.camara.leg.br\/CD241098408900<br \/>\nAssinado eletronicamente pelo(a) Dep. Murilo Galdino<br \/>\nApresenta\u00e7\u00e3o: 15\/08\/2024 12:12:20.040 &#8211; MESA<br \/>\n*CD241098408900* PL n.3182\/2024<\/article>\n<div style=\"text-align: center\">\n<div style=\"margin-bottom: 20px;\" class=\"et_pb_button_module_wrapper et_pb_button_5_tb_body_wrapper et_pb_button_alignment_center et_pb_module \">\n         <a class=\"et_pb_button et_pb_button_5_tb_body et_hover_enabled et_pb_bg_layout_dark\" style=\"width: 50%;background-color: black;\" href=\"https:\/\/app.legislapp.com.br\" target=\"_blank\" rel=\"noopener\">Visualizar completo na nossa plataforma (30 dias gr\u00e1tis)<\/a><\/p><\/div>\n<p>      <a href=\"https:\/\/play.google.com\/store\/apps\/details?id=br.com.legislapp\"><img decoding=\"async\" style=\"width: 15%; min-width: 130px;\" src=\"https:\/\/www.legislapp.com.br\/wp-content\/uploads\/google-play.png\"><\/a><br \/>\n      <a href=\"https:\/\/apps.apple.com\/us\/app\/legislapp\/id1568929859\"><img decoding=\"async\" style=\"width: 15%; min-width: 130px\" src=\"https:\/\/www.legislapp.com.br\/wp-content\/uploads\/apple-store.png\"><\/a>\n   <\/div>\n","protected":false},"excerpt":{"rendered":"<p>C\u00e2mara &#8211; Autoria de Murilo Galdino Altera o art. 23 da Lei n\u00ba 10.741, de 1\u00ba de outubro de 2003 (Estatuto da Pessoa Idosa) para assegurar desconto de pelo menos 50% (cinquenta por cento) nos ingressos para eventos art\u00edsticos, culturais, esportivos e de lazer a 1 (um) acompanhante de pessoa idosa. PROJETO DE LEI N\u00ba [&hellip;]<\/p>\n","protected":false},"author":1,"featured_media":0,"parent":0,"menu_order":0,"comment_status":"closed","ping_status":"closed","template":"page-template-blank.php","meta":{"_et_pb_use_builder":"","_et_pb_old_content":"","_et_gb_content_width":"1080","ngg_post_thumbnail":0,"footnotes":""},"class_list":["post-5938","page","type-page","status-publish","hentry"],"yoast_head":"<!-- This site is optimized with the Yoast SEO plugin v24.4 - https:\/\/yoast.com\/wordpress\/plugins\/seo\/ -->\n<title>PL 3182\/2024 - Murilo Galdino - Legislapp<\/title>\n<meta name=\"robots\" content=\"index, follow, max-snippet:-1, max-image-preview:large, max-video-preview:-1\" \/>\n<link rel=\"canonical\" href=\"https:\/\/www.legislapp.com.br\/index.php\/camara-pl-3182-2024\/\" \/>\n<meta property=\"og:locale\" content=\"pt_BR\" \/>\n<meta property=\"og:type\" content=\"article\" \/>\n<meta property=\"og:title\" content=\"PL 3182\/2024 - Murilo Galdino - Legislapp\" \/>\n<meta property=\"og:description\" content=\"C\u00e2mara &#8211; Autoria de Murilo Galdino Altera o art. 23 da Lei n\u00ba 10.741, de 1\u00ba de outubro de 2003 (Estatuto da Pessoa Idosa) para assegurar desconto de pelo menos 50% (cinquenta por cento) nos ingressos para eventos art\u00edsticos, culturais, esportivos e de lazer a 1 (um) acompanhante de pessoa idosa. PROJETO DE LEI N\u00ba [&hellip;]\" \/>\n<meta property=\"og:url\" content=\"https:\/\/www.legislapp.com.br\/index.php\/camara-pl-3182-2024\/\" \/>\n<meta property=\"og:site_name\" content=\"Legislapp\" \/>\n<meta property=\"article:publisher\" content=\"https:\/\/www.instagram.com\/legislapp\/\" \/>\n<meta property=\"og:image\" content=\"https:\/\/www.camara.leg.br\/internet\/deputado\/bandep\/220584.jpg\" \/>\n<meta name=\"twitter:card\" content=\"summary_large_image\" \/>\n<meta name=\"twitter:label1\" content=\"Est. tempo de leitura\" \/>\n\t<meta name=\"twitter:data1\" content=\"3 minutos\" \/>\n<script type=\"application\/ld+json\" class=\"yoast-schema-graph\">{\"@context\":\"https:\/\/schema.org\",\"@graph\":[{\"@type\":\"WebPage\",\"@id\":\"https:\/\/www.legislapp.com.br\/index.php\/camara-pl-3182-2024\/\",\"url\":\"https:\/\/www.legislapp.com.br\/index.php\/camara-pl-3182-2024\/\",\"name\":\"PL 3182\/2024 - Murilo Galdino - Legislapp\",\"isPartOf\":{\"@id\":\"https:\/\/www.legislapp.com.br\/#website\"},\"primaryImageOfPage\":{\"@id\":\"https:\/\/www.legislapp.com.br\/index.php\/camara-pl-3182-2024\/#primaryimage\"},\"image\":{\"@id\":\"https:\/\/www.legislapp.com.br\/index.php\/camara-pl-3182-2024\/#primaryimage\"},\"thumbnailUrl\":\"https:\/\/www.camara.leg.br\/internet\/deputado\/bandep\/220584.jpg\",\"datePublished\":\"2025-06-25T13:11:31+00:00\",\"breadcrumb\":{\"@id\":\"https:\/\/www.legislapp.com.br\/index.php\/camara-pl-3182-2024\/#breadcrumb\"},\"inLanguage\":\"pt-BR\",\"potentialAction\":[{\"@type\":\"ReadAction\",\"target\":[\"https:\/\/www.legislapp.com.br\/index.php\/camara-pl-3182-2024\/\"]}]},{\"@type\":\"ImageObject\",\"inLanguage\":\"pt-BR\",\"@id\":\"https:\/\/www.legislapp.com.br\/index.php\/camara-pl-3182-2024\/#primaryimage\",\"url\":\"https:\/\/www.camara.leg.br\/internet\/deputado\/bandep\/220584.jpg\",\"contentUrl\":\"https:\/\/www.camara.leg.br\/internet\/deputado\/bandep\/220584.jpg\"},{\"@type\":\"BreadcrumbList\",\"@id\":\"https:\/\/www.legislapp.com.br\/index.php\/camara-pl-3182-2024\/#breadcrumb\",\"itemListElement\":[{\"@type\":\"ListItem\",\"position\":1,\"name\":\"In\u00edcio\",\"item\":\"https:\/\/www.legislapp.com.br\/\"},{\"@type\":\"ListItem\",\"position\":2,\"name\":\"PL 3182\/2024 &#8211; Murilo Galdino\"}]},{\"@type\":\"WebSite\",\"@id\":\"https:\/\/www.legislapp.com.br\/#website\",\"url\":\"https:\/\/www.legislapp.com.br\/\",\"name\":\"Legislapp\",\"description\":\"Intelig\u00eancia governamental em tempo real\",\"publisher\":{\"@id\":\"https:\/\/www.legislapp.com.br\/#organization\"},\"potentialAction\":[{\"@type\":\"SearchAction\",\"target\":{\"@type\":\"EntryPoint\",\"urlTemplate\":\"https:\/\/www.legislapp.com.br\/?s={search_term_string}\"},\"query-input\":{\"@type\":\"PropertyValueSpecification\",\"valueRequired\":true,\"valueName\":\"search_term_string\"}}],\"inLanguage\":\"pt-BR\"},{\"@type\":\"Organization\",\"@id\":\"https:\/\/www.legislapp.com.br\/#organization\",\"name\":\"Legislapp Monitoramento e Intelig\u00eancia Governamental\",\"url\":\"https:\/\/www.legislapp.com.br\/\",\"logo\":{\"@type\":\"ImageObject\",\"inLanguage\":\"pt-BR\",\"@id\":\"https:\/\/www.legislapp.com.br\/#\/schema\/logo\/image\/\",\"url\":\"https:\/\/www.legislapp.com.br\/wp-content\/uploads\/icon.png\",\"contentUrl\":\"https:\/\/www.legislapp.com.br\/wp-content\/uploads\/icon.png\",\"width\":1024,\"height\":1024,\"caption\":\"Legislapp Monitoramento e Intelig\u00eancia Governamental\"},\"image\":{\"@id\":\"https:\/\/www.legislapp.com.br\/#\/schema\/logo\/image\/\"},\"sameAs\":[\"https:\/\/www.instagram.com\/legislapp\/\"]}]}<\/script>\n<!-- \/ Yoast SEO plugin. -->","yoast_head_json":{"title":"PL 3182\/2024 - Murilo Galdino - Legislapp","robots":{"index":"index","follow":"follow","max-snippet":"max-snippet:-1","max-image-preview":"max-image-preview:large","max-video-preview":"max-video-preview:-1"},"canonical":"https:\/\/www.legislapp.com.br\/index.php\/camara-pl-3182-2024\/","og_locale":"pt_BR","og_type":"article","og_title":"PL 3182\/2024 - Murilo Galdino - Legislapp","og_description":"C\u00e2mara &#8211; Autoria de Murilo Galdino Altera o art. 23 da Lei n\u00ba 10.741, de 1\u00ba de outubro de 2003 (Estatuto da Pessoa Idosa) para assegurar desconto de pelo menos 50% (cinquenta por cento) nos ingressos para eventos art\u00edsticos, culturais, esportivos e de lazer a 1 (um) acompanhante de pessoa idosa. PROJETO DE LEI N\u00ba [&hellip;]","og_url":"https:\/\/www.legislapp.com.br\/index.php\/camara-pl-3182-2024\/","og_site_name":"Legislapp","article_publisher":"https:\/\/www.instagram.com\/legislapp\/","og_image":[{"url":"https:\/\/www.camara.leg.br\/internet\/deputado\/bandep\/220584.jpg","type":"","width":"","height":""}],"twitter_card":"summary_large_image","twitter_misc":{"Est. tempo de leitura":"3 minutos"},"schema":{"@context":"https:\/\/schema.org","@graph":[{"@type":"WebPage","@id":"https:\/\/www.legislapp.com.br\/index.php\/camara-pl-3182-2024\/","url":"https:\/\/www.legislapp.com.br\/index.php\/camara-pl-3182-2024\/","name":"PL 3182\/2024 - Murilo Galdino - Legislapp","isPartOf":{"@id":"https:\/\/www.legislapp.com.br\/#website"},"primaryImageOfPage":{"@id":"https:\/\/www.legislapp.com.br\/index.php\/camara-pl-3182-2024\/#primaryimage"},"image":{"@id":"https:\/\/www.legislapp.com.br\/index.php\/camara-pl-3182-2024\/#primaryimage"},"thumbnailUrl":"https:\/\/www.camara.leg.br\/internet\/deputado\/bandep\/220584.jpg","datePublished":"2025-06-25T13:11:31+00:00","breadcrumb":{"@id":"https:\/\/www.legislapp.com.br\/index.php\/camara-pl-3182-2024\/#breadcrumb"},"inLanguage":"pt-BR","potentialAction":[{"@type":"ReadAction","target":["https:\/\/www.legislapp.com.br\/index.php\/camara-pl-3182-2024\/"]}]},{"@type":"ImageObject","inLanguage":"pt-BR","@id":"https:\/\/www.legislapp.com.br\/index.php\/camara-pl-3182-2024\/#primaryimage","url":"https:\/\/www.camara.leg.br\/internet\/deputado\/bandep\/220584.jpg","contentUrl":"https:\/\/www.camara.leg.br\/internet\/deputado\/bandep\/220584.jpg"},{"@type":"BreadcrumbList","@id":"https:\/\/www.legislapp.com.br\/index.php\/camara-pl-3182-2024\/#breadcrumb","itemListElement":[{"@type":"ListItem","position":1,"name":"In\u00edcio","item":"https:\/\/www.legislapp.com.br\/"},{"@type":"ListItem","position":2,"name":"PL 3182\/2024 &#8211; Murilo Galdino"}]},{"@type":"WebSite","@id":"https:\/\/www.legislapp.com.br\/#website","url":"https:\/\/www.legislapp.com.br\/","name":"Legislapp","description":"Intelig\u00eancia governamental em tempo real","publisher":{"@id":"https:\/\/www.legislapp.com.br\/#organization"},"potentialAction":[{"@type":"SearchAction","target":{"@type":"EntryPoint","urlTemplate":"https:\/\/www.legislapp.com.br\/?s={search_term_string}"},"query-input":{"@type":"PropertyValueSpecification","valueRequired":true,"valueName":"search_term_string"}}],"inLanguage":"pt-BR"},{"@type":"Organization","@id":"https:\/\/www.legislapp.com.br\/#organization","name":"Legislapp Monitoramento e Intelig\u00eancia Governamental","url":"https:\/\/www.legislapp.com.br\/","logo":{"@type":"ImageObject","inLanguage":"pt-BR","@id":"https:\/\/www.legislapp.com.br\/#\/schema\/logo\/image\/","url":"https:\/\/www.legislapp.com.br\/wp-content\/uploads\/icon.png","contentUrl":"https:\/\/www.legislapp.com.br\/wp-content\/uploads\/icon.png","width":1024,"height":1024,"caption":"Legislapp Monitoramento e Intelig\u00eancia Governamental"},"image":{"@id":"https:\/\/www.legislapp.com.br\/#\/schema\/logo\/image\/"},"sameAs":["https:\/\/www.instagram.com\/legislapp\/"]}]}},"_links":{"self":[{"href":"https:\/\/www.legislapp.com.br\/index.php\/wp-json\/wp\/v2\/pages\/5938","targetHints":{"allow":["GET"]}}],"collection":[{"href":"https:\/\/www.legislapp.com.br\/index.php\/wp-json\/wp\/v2\/pages"}],"about":[{"href":"https:\/\/www.legislapp.com.br\/index.php\/wp-json\/wp\/v2\/types\/page"}],"author":[{"embeddable":true,"href":"https:\/\/www.legislapp.com.br\/index.php\/wp-json\/wp\/v2\/users\/1"}],"replies":[{"embeddable":true,"href":"https:\/\/www.legislapp.com.br\/index.php\/wp-json\/wp\/v2\/comments?post=5938"}],"version-history":[{"count":0,"href":"https:\/\/www.legislapp.com.br\/index.php\/wp-json\/wp\/v2\/pages\/5938\/revisions"}],"wp:attachment":[{"href":"https:\/\/www.legislapp.com.br\/index.php\/wp-json\/wp\/v2\/media?parent=5938"}],"curies":[{"name":"wp","href":"https:\/\/api.w.org\/{rel}","templated":true}]}}