{"id":5939,"date":"2025-06-25T10:11:35","date_gmt":"2025-06-25T13:11:35","guid":{"rendered":"https:\/\/www.legislapp.com.br\/index.php\/camara-pl-2870-2024\/"},"modified":"2025-06-25T10:11:35","modified_gmt":"2025-06-25T13:11:35","slug":"camara-pl-2870-2024","status":"publish","type":"page","link":"https:\/\/www.legislapp.com.br\/index.php\/camara-pl-2870-2024\/","title":{"rendered":"PL 2870\/2024 &#8211; Marcos Tavares"},"content":{"rendered":"<h1 style='text-align: center;'>C\u00e2mara &#8211; Autoria de Marcos Tavares<br \/><img src='https:\/\/www.camara.leg.br\/internet\/deputado\/bandep\/220604.jpg' alt='Marcos Tavares' \/><\/h3>\n<p><\/p>\n<article style='text-align: center'>Institui incentivos \u00e0 pesquisa e desenvolvimento de alimentos sustent\u00e1veis para animais, promovendo benef\u00edcios fiscais para empresas que investem em alternativas ecol\u00f3gicas e nutritivas, estabelece padr\u00f5es de sustentabilidade na produ\u00e7\u00e3o e fomenta a inova\u00e7\u00e3o no setor de alimenta\u00e7\u00e3o animal.<\/article>\n<p><\/p>\n<p style='text-align: center'><a href='https:\/\/app.legislapp.com.br\/#\/busca?termo='><\/a><\/p>\n<p><\/p>\n<article>C\u00c2MARA DOS DEPUTADOS<br \/>\nDEPUTADO FEDERAL MARCOS TAVARES<br \/>\nPROJETO DE LEI N\u00ba     , DE                      DE 2024<br \/>\n(Do Senhor Marcos Tavares)<br \/>\nInstitui incentivos \u00e0 pesquisa e desenvolvimento<br \/>\nde alimentos sustent\u00e1veis para animais,<br \/>\npromovendo benef\u00edcios fiscais para empresas<br \/>\nque investem em alternativas ecol\u00f3gicas e<br \/>\nnutritivas, estabelece padr\u00f5es de<br \/>\nsustentabilidade na produ\u00e7\u00e3o e fomenta a<br \/>\ninova\u00e7\u00e3o no setor de alimenta\u00e7\u00e3o animal.<br \/>\nO Congresso Nacional decreta:<br \/>\nArt. 1\u00ba O presente projeto de lei visa incentivar a pesquisa e o<br \/>\ndesenvolvimento de alimentos sustent\u00e1veis e nutritivos para animais dom\u00e9sticos,<br \/>\noferecendo incentivos fiscais \u00e0s empresas do setor, promovendo pesquisas sobre<br \/>\nalternativas ecol\u00f3gicas aos ingredientes tradicionais de ra\u00e7\u00e3o animal e<br \/>\nimplementando padr\u00f5es de sustentabilidade para a produ\u00e7\u00e3o desses alimentos.<br \/>\nArt. 2\u00ba Para fins desta lei, consideram-se:<br \/>\nI. Alimentos sustent\u00e1veis para animais: alimentos produzidos com<br \/>\ningredientes e m\u00e9todos que minimizam o impacto ambiental, utilizam recursos de<br \/>\nforma eficiente e garantem a nutri\u00e7\u00e3o adequada dos animais.<br \/>\nII. Incentivos fiscais: benef\u00edcios fiscais concedidos \u00e0s empresas, como<br \/>\nisen\u00e7\u00f5es, redu\u00e7\u00f5es ou cr\u00e9ditos tribut\u00e1rios, visando estimular investimentos em<br \/>\npesquisa e desenvolvimento de alimentos sustent\u00e1veis para animais.<br \/>\nArt. 3\u00ba Incentivos Fiscais:<br \/>\nI. Ficam institu\u00eddos incentivos fiscais para as empresas que investirem em<br \/>\npesquisa e desenvolvimento de alimentos sustent\u00e1veis e nutritivos para animais<br \/>\n_________________________________________________________________________________________________________________________<br \/>\nPra\u00e7a dos Tr\u00eas Poderes &#8211; Anexo IV \u2013 Gabinete 611 &#8211; C\u00e2mara dos Deputados &#8211; CEP: 70.160-900 \u2013 Bras\u00edlia\/DF<br \/>\nContato: (61) 3215-5611 e-mail: dep.marcostavares@camara.leg.br<br \/>\nPara verificar a assinatura, acesse https:\/\/infoleg-autenticidade-assinatura.camara.leg.br\/CD248919764400<br \/>\nAssinado eletronicamente pelo(a) Dep. Marcos Tavares<br \/>\nApresenta\u00e7\u00e3o: 11\/07\/2024 16:59:22.373 &#8211; MESA<br \/>\n*CD248919764400* PL n.2870\/2024C\u00c2MARA DOS DEPUTADOS<br \/>\nDEPUTADO FEDERAL MARCOS TAVARES<br \/>\ndom\u00e9sticos.<br \/>\nII. Os incentivos fiscais incluem:<br \/>\na. Isen\u00e7\u00e3o de impostos sobre produtos industrializados (IPI) para<br \/>\nequipamentos e insumos utilizados exclusivamente em pesquisas voltadas para a<br \/>\nprodu\u00e7\u00e3o de alimentos sustent\u00e1veis.<br \/>\nb. Redu\u00e7\u00e3o de at\u00e9 50% no Imposto de Renda sobre Pessoa Jur\u00eddica<br \/>\n(IRPJ) para empresas que comprovarem investimentos em projetos de pesquisa<br \/>\ne desenvolvimento de alimentos sustent\u00e1veis para animais.<br \/>\nc. Concess\u00e3o de cr\u00e9ditos tribut\u00e1rios proporcionais aos investimentos<br \/>\nrealizados em infraestrutura e tecnologia para a produ\u00e7\u00e3o sustent\u00e1vel de<br \/>\nalimentos para animais.<br \/>\nArt. 4\u00ba Promo\u00e7\u00e3o de Pesquisas:<br \/>\nI. O Governo Federal, por meio dos \u00f3rg\u00e3os competentes, promover\u00e1 e<br \/>\nfinanciar\u00e1 pesquisas sobre alternativas ecol\u00f3gicas aos ingredientes tradicionais<br \/>\nutilizados na produ\u00e7\u00e3o de ra\u00e7\u00e3o animal.<br \/>\nII. Ser\u00e3o estabelecidos editais e chamadas p\u00fablicas para selecionar<br \/>\nprojetos de pesquisa que busquem solu\u00e7\u00f5es inovadoras e sustent\u00e1veis para a<br \/>\nalimenta\u00e7\u00e3o de animais dom\u00e9sticos.<br \/>\nArt. 5\u00ba Padr\u00f5es de Sustentabilidade:<br \/>\nI. Ficam implementados padr\u00f5es de sustentabilidade para a produ\u00e7\u00e3o de<br \/>\nalimentos para animais, que dever\u00e3o ser seguidos por todas as empresas do<br \/>\nsetor.<br \/>\nII. Os padr\u00f5es de sustentabilidade incluir\u00e3o, mas n\u00e3o se limitar\u00e3o a:<br \/>\na. Utiliza\u00e7\u00e3o de ingredientes provenientes de fontes renov\u00e1veis e de baixo<br \/>\nimpacto ambiental.<br \/>\n_________________________________________________________________________________________________________________________<br \/>\nPra\u00e7a dos Tr\u00eas Poderes &#8211; Anexo IV \u2013 Gabinete 611 &#8211; C\u00e2mara dos Deputados &#8211; CEP: 70.160-900 \u2013 Bras\u00edlia\/DF<br \/>\nContato: (61) 3215-5611 e-mail: dep.marcostavares@camara.leg.br<br \/>\nPara verificar a assinatura, acesse https:\/\/infoleg-autenticidade-assinatura.camara.leg.br\/CD248919764400<br \/>\nAssinado eletronicamente pelo(a) Dep. Marcos Tavares<br \/>\nApresenta\u00e7\u00e3o: 11\/07\/2024 16:59:22.373 &#8211; MESA<br \/>\n*CD248919764400* PL n.2870\/2024C\u00c2MARA DOS DEPUTADOS<br \/>\nDEPUTADO FEDERAL MARCOS TAVARES<br \/>\nb. Redu\u00e7\u00e3o do uso de \u00e1gua e energia na produ\u00e7\u00e3o de alimentos para<br \/>\nanimais.<br \/>\nc. Implementa\u00e7\u00e3o de pr\u00e1ticas de gest\u00e3o de res\u00edduos que visem a<br \/>\nminimiza\u00e7\u00e3o do desperd\u00edcio e a reciclagem de materiais.<br \/>\nArt. 6\u00ba Monitoramento e Fiscaliza\u00e7\u00e3o:<br \/>\nI. A fiscaliza\u00e7\u00e3o e o monitoramento do cumprimento dos incentivos fiscais,<br \/>\ndas pesquisas promovidas e dos padr\u00f5es de sustentabilidade ser\u00e3o realizados<br \/>\npelos \u00f3rg\u00e3os competentes designados pelo Governo Federal.<br \/>\nII. Ser\u00e3o estabelecidos mecanismos de auditoria e presta\u00e7\u00e3o de contas<br \/>\npara garantir a correta aplica\u00e7\u00e3o dos incentivos e a conformidade das empresas<br \/>\ncom os padr\u00f5es de sustentabilidade.<br \/>\nArt. 7\u00ba Disposi\u00e7\u00f5es Finais:<br \/>\nI. Esta Lei ser\u00e1 regulamentada, no que couber, pelo Poder Executivo.<br \/>\nII. Esta lei entra em vigor na data de sua publica\u00e7\u00e3o.<br \/>\nIII. Revogam-se as disposi\u00e7\u00f5es em contr\u00e1rio.<br \/>\nSala das Sess\u00f5es, em       de                  de 2024.<br \/>\nMARCOS TAVARES<br \/>\nDeputado Federal<br \/>\nPDT-RJ<br \/>\n_________________________________________________________________________________________________________________________<br \/>\nPra\u00e7a dos Tr\u00eas Poderes &#8211; Anexo IV \u2013 Gabinete 611 &#8211; C\u00e2mara dos Deputados &#8211; CEP: 70.160-900 \u2013 Bras\u00edlia\/DF<br \/>\nContato: (61) 3215-5611 e-mail: dep.marcostavares@camara.leg.br<br \/>\nPara verificar a assinatura, acesse https:\/\/infoleg-autenticidade-assinatura.camara.leg.br\/CD248919764400<br \/>\nAssinado eletronicamente pelo(a) Dep. Marcos Tavares<br \/>\nApresenta\u00e7\u00e3o: 11\/07\/2024 16:59:22.373 &#8211; MESA<br \/>\n*CD248919764400* PL n.2870\/2024C\u00c2MARA DOS DEPUTADOS<br \/>\nDEPUTADO FEDERAL MARCOS TAVARES<br \/>\nJUSTIFICATIVA<br \/>\nA produ\u00e7\u00e3o de alimentos para animais dom\u00e9sticos consome uma<br \/>\nquantidade significativa de recursos naturais e contribui para a emiss\u00e3o de gases<br \/>\nde efeito estufa. Incentivar o desenvolvimento de alimentos sustent\u00e1veis reduz a<br \/>\npegada ambiental associada a essa ind\u00fastria. A utiliza\u00e7\u00e3o de ingredientes<br \/>\nprovenientes de fontes renov\u00e1veis e de baixo impacto ambiental \u00e9 essencial para<br \/>\nmitigar os efeitos negativos no meio ambiente.<br \/>\nA qualidade da alimenta\u00e7\u00e3o \u00e9 crucial para a sa\u00fade e o bem-estar dos<br \/>\nanimais dom\u00e9sticos. Incentivar a pesquisa em alternativas ecol\u00f3gicas e nutritivas<br \/>\naos ingredientes tradicionais da ra\u00e7\u00e3o animal assegura que os animais recebam<br \/>\numa dieta equilibrada e saud\u00e1vel. Produtos de alta qualidade nutricional,<br \/>\ndesenvolvidos com uma preocupa\u00e7\u00e3o ambiental, contribuem para a longevidade<br \/>\ne a qualidade de vida dos pets.<br \/>\nO oferecimento de incentivos fiscais para empresas que investem em<br \/>\npesquisa e desenvolvimento de alimentos sustent\u00e1veis para animais promove a<br \/>\ninova\u00e7\u00e3o no setor. Isso n\u00e3o apenas melhora a competitividade das empresas<br \/>\nbrasileiras no mercado global, mas tamb\u00e9m posiciona o Brasil como um l\u00edder na<br \/>\nprodu\u00e7\u00e3o de alimentos sustent\u00e1veis. A inova\u00e7\u00e3o \u00e9 fundamental para adaptar-se<br \/>\n\u00e0s mudan\u00e7as de mercado e \u00e0s exig\u00eancias dos consumidores por produtos mais<br \/>\necol\u00f3gicos.<br \/>\nAdotar pr\u00e1ticas de sustentabilidade na produ\u00e7\u00e3o de alimentos para<br \/>\nanimais dom\u00e9sticos reflete um compromisso com o futuro do planeta. Esta<br \/>\nproposta est\u00e1 alinhada com os Objetivos de Desenvolvimento Sustent\u00e1vel (ODS)<br \/>\nda ONU, que visam promover a sustentabilidade e a prote\u00e7\u00e3o do meio ambiente.<br \/>\nImplementar padr\u00f5es de sustentabilidade contribui para a preserva\u00e7\u00e3o dos<br \/>\nrecursos naturais para as futuras gera\u00e7\u00f5es.<br \/>\nOs incentivos fiscais propostos estimular\u00e3o investimentos em pesquisa e<br \/>\ndesenvolvimento, resultando em inova\u00e7\u00e3o e efici\u00eancia no setor de alimentos para<br \/>\nanimais. Isso pode levar \u00e0 cria\u00e7\u00e3o de novos empregos e ao fortalecimento da<br \/>\neconomia local. Empresas que adotam pr\u00e1ticas sustent\u00e1veis tamb\u00e9m podem se<br \/>\nbeneficiar de uma imagem positiva junto aos consumidores, aumentando sua<br \/>\ncompetitividade e potencial de mercado.<br \/>\n_________________________________________________________________________________________________________________________<br \/>\nPra\u00e7a dos Tr\u00eas Poderes &#8211; Anexo IV \u2013 Gabinete 611 &#8211; C\u00e2mara dos Deputados &#8211; CEP: 70.160-900 \u2013 Bras\u00edlia\/DF<br \/>\nContato: (61) 3215-5611 e-mail: dep.marcostavares@camara.leg.br<br \/>\nPara verificar a assinatura, acesse https:\/\/infoleg-autenticidade-assinatura.camara.leg.br\/CD248919764400<br \/>\nAssinado eletronicamente pelo(a) Dep. Marcos Tavares<br \/>\nApresenta\u00e7\u00e3o: 11\/07\/2024 16:59:22.373 &#8211; MESA<br \/>\n*CD248919764400* PL n.2870\/2024C\u00c2MARA DOS DEPUTADOS<br \/>\nDEPUTADO FEDERAL MARCOS TAVARES<br \/>\nA promo\u00e7\u00e3o de pr\u00e1ticas de produ\u00e7\u00e3o sustent\u00e1vel \u00e9 uma responsabilidade<br \/>\nsocial das empresas. Ao incentivar essas pr\u00e1ticas, o governo est\u00e1 promovendo<br \/>\num comportamento empresarial respons\u00e1vel, que considera n\u00e3o apenas o lucro,<br \/>\nmas tamb\u00e9m o impacto ambiental e social de suas opera\u00e7\u00f5es. Empresas que<br \/>\nadotam pr\u00e1ticas sustent\u00e1veis demonstram seu compromisso com a comunidade<br \/>\ne o meio ambiente.<br \/>\nA aprova\u00e7\u00e3o deste projeto de lei \u00e9 essencial para promover a<br \/>\nsustentabilidade, a inova\u00e7\u00e3o e a competitividade no setor de alimentos para<br \/>\nanimais dom\u00e9sticos. Incentivar a pesquisa e o desenvolvimento de alimentos<br \/>\nsustent\u00e1veis traz benef\u00edcios ambientais, econ\u00f4micos e sociais, contribuindo para<br \/>\num futuro mais verde e saud\u00e1vel.<br \/>\nEste projeto de lei alinha-se com os objetivos globais de desenvolvimento<br \/>\nsustent\u00e1vel e reflete o compromisso do Brasil com a prote\u00e7\u00e3o do meio ambiente<br \/>\ne o bem-estar dos animais.<br \/>\nSala das Sess\u00f5es, em       de                  de 2024.<br \/>\nMARCOS TAVARES<br \/>\nDeputado Federal<br \/>\nPDT-RJ<br \/>\n_________________________________________________________________________________________________________________________<br \/>\nPra\u00e7a dos Tr\u00eas Poderes &#8211; Anexo IV \u2013 Gabinete 611 &#8211; C\u00e2mara dos Deputados &#8211; CEP: 70.160-900 \u2013 Bras\u00edlia\/DF<br \/>\nContato: (61) 3215-5611 e-mail: dep.marcostavares@camara.leg.br<br \/>\nPara verificar a assinatura, acesse https:\/\/infoleg-autenticidade-assinatura.camara.leg.br\/CD248919764400<br \/>\nAssinado eletronicamente pelo(a) Dep. Marcos Tavares<br \/>\nApresenta\u00e7\u00e3o: 11\/07\/2024 16:59:22.373 &#8211; MESA<br \/>\n*CD248919764400* PL n.2870\/2024<\/article>\n<div style=\"text-align: center\">\n<div style=\"margin-bottom: 20px;\" class=\"et_pb_button_module_wrapper et_pb_button_5_tb_body_wrapper et_pb_button_alignment_center et_pb_module \">\n         <a class=\"et_pb_button et_pb_button_5_tb_body et_hover_enabled et_pb_bg_layout_dark\" style=\"width: 50%;background-color: black;\" href=\"https:\/\/app.legislapp.com.br\" target=\"_blank\" rel=\"noopener\">Visualizar completo na nossa plataforma (30 dias gr\u00e1tis)<\/a><\/p><\/div>\n<p>      <a href=\"https:\/\/play.google.com\/store\/apps\/details?id=br.com.legislapp\"><img decoding=\"async\" style=\"width: 15%; min-width: 130px;\" src=\"https:\/\/www.legislapp.com.br\/wp-content\/uploads\/google-play.png\"><\/a><br \/>\n      <a href=\"https:\/\/apps.apple.com\/us\/app\/legislapp\/id1568929859\"><img decoding=\"async\" style=\"width: 15%; min-width: 130px\" src=\"https:\/\/www.legislapp.com.br\/wp-content\/uploads\/apple-store.png\"><\/a>\n   <\/div>\n","protected":false},"excerpt":{"rendered":"<p>C\u00e2mara &#8211; Autoria de Marcos Tavares Institui incentivos \u00e0 pesquisa e desenvolvimento de alimentos sustent\u00e1veis para animais, promovendo benef\u00edcios fiscais para empresas que investem em alternativas ecol\u00f3gicas e nutritivas, estabelece padr\u00f5es de sustentabilidade na produ\u00e7\u00e3o e fomenta a inova\u00e7\u00e3o no setor de alimenta\u00e7\u00e3o animal. C\u00c2MARA DOS DEPUTADOS DEPUTADO FEDERAL MARCOS TAVARES PROJETO DE LEI N\u00ba [&hellip;]<\/p>\n","protected":false},"author":1,"featured_media":0,"parent":0,"menu_order":0,"comment_status":"closed","ping_status":"closed","template":"page-template-blank.php","meta":{"_et_pb_use_builder":"","_et_pb_old_content":"","_et_gb_content_width":"1080","ngg_post_thumbnail":0,"footnotes":""},"class_list":["post-5939","page","type-page","status-publish","hentry"],"yoast_head":"<!-- This site is optimized with the Yoast SEO plugin v24.4 - https:\/\/yoast.com\/wordpress\/plugins\/seo\/ -->\n<title>PL 2870\/2024 - Marcos Tavares - Legislapp<\/title>\n<meta name=\"robots\" content=\"index, follow, max-snippet:-1, max-image-preview:large, max-video-preview:-1\" \/>\n<link rel=\"canonical\" href=\"https:\/\/www.legislapp.com.br\/index.php\/camara-pl-2870-2024\/\" \/>\n<meta property=\"og:locale\" content=\"pt_BR\" \/>\n<meta property=\"og:type\" content=\"article\" \/>\n<meta property=\"og:title\" content=\"PL 2870\/2024 - Marcos Tavares - Legislapp\" \/>\n<meta property=\"og:description\" content=\"C\u00e2mara &#8211; Autoria de Marcos Tavares Institui incentivos \u00e0 pesquisa e desenvolvimento de alimentos sustent\u00e1veis para animais, promovendo benef\u00edcios fiscais para empresas que investem em alternativas ecol\u00f3gicas e nutritivas, estabelece padr\u00f5es de sustentabilidade na produ\u00e7\u00e3o e fomenta a inova\u00e7\u00e3o no setor de alimenta\u00e7\u00e3o animal. C\u00c2MARA DOS DEPUTADOS DEPUTADO FEDERAL MARCOS TAVARES PROJETO DE LEI N\u00ba [&hellip;]\" \/>\n<meta property=\"og:url\" content=\"https:\/\/www.legislapp.com.br\/index.php\/camara-pl-2870-2024\/\" \/>\n<meta property=\"og:site_name\" content=\"Legislapp\" \/>\n<meta property=\"article:publisher\" content=\"https:\/\/www.instagram.com\/legislapp\/\" \/>\n<meta property=\"og:image\" content=\"https:\/\/www.camara.leg.br\/internet\/deputado\/bandep\/220604.jpg\" \/>\n<meta name=\"twitter:card\" content=\"summary_large_image\" \/>\n<meta name=\"twitter:label1\" content=\"Est. tempo de leitura\" \/>\n\t<meta name=\"twitter:data1\" content=\"7 minutos\" \/>\n<script type=\"application\/ld+json\" class=\"yoast-schema-graph\">{\"@context\":\"https:\/\/schema.org\",\"@graph\":[{\"@type\":\"WebPage\",\"@id\":\"https:\/\/www.legislapp.com.br\/index.php\/camara-pl-2870-2024\/\",\"url\":\"https:\/\/www.legislapp.com.br\/index.php\/camara-pl-2870-2024\/\",\"name\":\"PL 2870\/2024 - Marcos Tavares - Legislapp\",\"isPartOf\":{\"@id\":\"https:\/\/www.legislapp.com.br\/#website\"},\"primaryImageOfPage\":{\"@id\":\"https:\/\/www.legislapp.com.br\/index.php\/camara-pl-2870-2024\/#primaryimage\"},\"image\":{\"@id\":\"https:\/\/www.legislapp.com.br\/index.php\/camara-pl-2870-2024\/#primaryimage\"},\"thumbnailUrl\":\"https:\/\/www.camara.leg.br\/internet\/deputado\/bandep\/220604.jpg\",\"datePublished\":\"2025-06-25T13:11:35+00:00\",\"breadcrumb\":{\"@id\":\"https:\/\/www.legislapp.com.br\/index.php\/camara-pl-2870-2024\/#breadcrumb\"},\"inLanguage\":\"pt-BR\",\"potentialAction\":[{\"@type\":\"ReadAction\",\"target\":[\"https:\/\/www.legislapp.com.br\/index.php\/camara-pl-2870-2024\/\"]}]},{\"@type\":\"ImageObject\",\"inLanguage\":\"pt-BR\",\"@id\":\"https:\/\/www.legislapp.com.br\/index.php\/camara-pl-2870-2024\/#primaryimage\",\"url\":\"https:\/\/www.camara.leg.br\/internet\/deputado\/bandep\/220604.jpg\",\"contentUrl\":\"https:\/\/www.camara.leg.br\/internet\/deputado\/bandep\/220604.jpg\"},{\"@type\":\"BreadcrumbList\",\"@id\":\"https:\/\/www.legislapp.com.br\/index.php\/camara-pl-2870-2024\/#breadcrumb\",\"itemListElement\":[{\"@type\":\"ListItem\",\"position\":1,\"name\":\"In\u00edcio\",\"item\":\"https:\/\/www.legislapp.com.br\/\"},{\"@type\":\"ListItem\",\"position\":2,\"name\":\"PL 2870\/2024 &#8211; Marcos Tavares\"}]},{\"@type\":\"WebSite\",\"@id\":\"https:\/\/www.legislapp.com.br\/#website\",\"url\":\"https:\/\/www.legislapp.com.br\/\",\"name\":\"Legislapp\",\"description\":\"Intelig\u00eancia governamental em tempo real\",\"publisher\":{\"@id\":\"https:\/\/www.legislapp.com.br\/#organization\"},\"potentialAction\":[{\"@type\":\"SearchAction\",\"target\":{\"@type\":\"EntryPoint\",\"urlTemplate\":\"https:\/\/www.legislapp.com.br\/?s={search_term_string}\"},\"query-input\":{\"@type\":\"PropertyValueSpecification\",\"valueRequired\":true,\"valueName\":\"search_term_string\"}}],\"inLanguage\":\"pt-BR\"},{\"@type\":\"Organization\",\"@id\":\"https:\/\/www.legislapp.com.br\/#organization\",\"name\":\"Legislapp Monitoramento e Intelig\u00eancia Governamental\",\"url\":\"https:\/\/www.legislapp.com.br\/\",\"logo\":{\"@type\":\"ImageObject\",\"inLanguage\":\"pt-BR\",\"@id\":\"https:\/\/www.legislapp.com.br\/#\/schema\/logo\/image\/\",\"url\":\"https:\/\/www.legislapp.com.br\/wp-content\/uploads\/icon.png\",\"contentUrl\":\"https:\/\/www.legislapp.com.br\/wp-content\/uploads\/icon.png\",\"width\":1024,\"height\":1024,\"caption\":\"Legislapp Monitoramento e Intelig\u00eancia Governamental\"},\"image\":{\"@id\":\"https:\/\/www.legislapp.com.br\/#\/schema\/logo\/image\/\"},\"sameAs\":[\"https:\/\/www.instagram.com\/legislapp\/\"]}]}<\/script>\n<!-- \/ Yoast SEO plugin. -->","yoast_head_json":{"title":"PL 2870\/2024 - Marcos Tavares - Legislapp","robots":{"index":"index","follow":"follow","max-snippet":"max-snippet:-1","max-image-preview":"max-image-preview:large","max-video-preview":"max-video-preview:-1"},"canonical":"https:\/\/www.legislapp.com.br\/index.php\/camara-pl-2870-2024\/","og_locale":"pt_BR","og_type":"article","og_title":"PL 2870\/2024 - Marcos Tavares - Legislapp","og_description":"C\u00e2mara &#8211; Autoria de Marcos Tavares Institui incentivos \u00e0 pesquisa e desenvolvimento de alimentos sustent\u00e1veis para animais, promovendo benef\u00edcios fiscais para empresas que investem em alternativas ecol\u00f3gicas e nutritivas, estabelece padr\u00f5es de sustentabilidade na produ\u00e7\u00e3o e fomenta a inova\u00e7\u00e3o no setor de alimenta\u00e7\u00e3o animal. C\u00c2MARA DOS DEPUTADOS DEPUTADO FEDERAL MARCOS TAVARES PROJETO DE LEI N\u00ba [&hellip;]","og_url":"https:\/\/www.legislapp.com.br\/index.php\/camara-pl-2870-2024\/","og_site_name":"Legislapp","article_publisher":"https:\/\/www.instagram.com\/legislapp\/","og_image":[{"url":"https:\/\/www.camara.leg.br\/internet\/deputado\/bandep\/220604.jpg","type":"","width":"","height":""}],"twitter_card":"summary_large_image","twitter_misc":{"Est. tempo de leitura":"7 minutos"},"schema":{"@context":"https:\/\/schema.org","@graph":[{"@type":"WebPage","@id":"https:\/\/www.legislapp.com.br\/index.php\/camara-pl-2870-2024\/","url":"https:\/\/www.legislapp.com.br\/index.php\/camara-pl-2870-2024\/","name":"PL 2870\/2024 - Marcos Tavares - Legislapp","isPartOf":{"@id":"https:\/\/www.legislapp.com.br\/#website"},"primaryImageOfPage":{"@id":"https:\/\/www.legislapp.com.br\/index.php\/camara-pl-2870-2024\/#primaryimage"},"image":{"@id":"https:\/\/www.legislapp.com.br\/index.php\/camara-pl-2870-2024\/#primaryimage"},"thumbnailUrl":"https:\/\/www.camara.leg.br\/internet\/deputado\/bandep\/220604.jpg","datePublished":"2025-06-25T13:11:35+00:00","breadcrumb":{"@id":"https:\/\/www.legislapp.com.br\/index.php\/camara-pl-2870-2024\/#breadcrumb"},"inLanguage":"pt-BR","potentialAction":[{"@type":"ReadAction","target":["https:\/\/www.legislapp.com.br\/index.php\/camara-pl-2870-2024\/"]}]},{"@type":"ImageObject","inLanguage":"pt-BR","@id":"https:\/\/www.legislapp.com.br\/index.php\/camara-pl-2870-2024\/#primaryimage","url":"https:\/\/www.camara.leg.br\/internet\/deputado\/bandep\/220604.jpg","contentUrl":"https:\/\/www.camara.leg.br\/internet\/deputado\/bandep\/220604.jpg"},{"@type":"BreadcrumbList","@id":"https:\/\/www.legislapp.com.br\/index.php\/camara-pl-2870-2024\/#breadcrumb","itemListElement":[{"@type":"ListItem","position":1,"name":"In\u00edcio","item":"https:\/\/www.legislapp.com.br\/"},{"@type":"ListItem","position":2,"name":"PL 2870\/2024 &#8211; Marcos Tavares"}]},{"@type":"WebSite","@id":"https:\/\/www.legislapp.com.br\/#website","url":"https:\/\/www.legislapp.com.br\/","name":"Legislapp","description":"Intelig\u00eancia governamental em tempo real","publisher":{"@id":"https:\/\/www.legislapp.com.br\/#organization"},"potentialAction":[{"@type":"SearchAction","target":{"@type":"EntryPoint","urlTemplate":"https:\/\/www.legislapp.com.br\/?s={search_term_string}"},"query-input":{"@type":"PropertyValueSpecification","valueRequired":true,"valueName":"search_term_string"}}],"inLanguage":"pt-BR"},{"@type":"Organization","@id":"https:\/\/www.legislapp.com.br\/#organization","name":"Legislapp Monitoramento e Intelig\u00eancia Governamental","url":"https:\/\/www.legislapp.com.br\/","logo":{"@type":"ImageObject","inLanguage":"pt-BR","@id":"https:\/\/www.legislapp.com.br\/#\/schema\/logo\/image\/","url":"https:\/\/www.legislapp.com.br\/wp-content\/uploads\/icon.png","contentUrl":"https:\/\/www.legislapp.com.br\/wp-content\/uploads\/icon.png","width":1024,"height":1024,"caption":"Legislapp Monitoramento e Intelig\u00eancia Governamental"},"image":{"@id":"https:\/\/www.legislapp.com.br\/#\/schema\/logo\/image\/"},"sameAs":["https:\/\/www.instagram.com\/legislapp\/"]}]}},"_links":{"self":[{"href":"https:\/\/www.legislapp.com.br\/index.php\/wp-json\/wp\/v2\/pages\/5939","targetHints":{"allow":["GET"]}}],"collection":[{"href":"https:\/\/www.legislapp.com.br\/index.php\/wp-json\/wp\/v2\/pages"}],"about":[{"href":"https:\/\/www.legislapp.com.br\/index.php\/wp-json\/wp\/v2\/types\/page"}],"author":[{"embeddable":true,"href":"https:\/\/www.legislapp.com.br\/index.php\/wp-json\/wp\/v2\/users\/1"}],"replies":[{"embeddable":true,"href":"https:\/\/www.legislapp.com.br\/index.php\/wp-json\/wp\/v2\/comments?post=5939"}],"version-history":[{"count":0,"href":"https:\/\/www.legislapp.com.br\/index.php\/wp-json\/wp\/v2\/pages\/5939\/revisions"}],"wp:attachment":[{"href":"https:\/\/www.legislapp.com.br\/index.php\/wp-json\/wp\/v2\/media?parent=5939"}],"curies":[{"name":"wp","href":"https:\/\/api.w.org\/{rel}","templated":true}]}}