{"id":5940,"date":"2025-06-25T10:11:38","date_gmt":"2025-06-25T13:11:38","guid":{"rendered":"https:\/\/www.legislapp.com.br\/index.php\/camara-pl-1447-2024\/"},"modified":"2025-06-25T10:11:38","modified_gmt":"2025-06-25T13:11:38","slug":"camara-pl-1447-2024","status":"publish","type":"page","link":"https:\/\/www.legislapp.com.br\/index.php\/camara-pl-1447-2024\/","title":{"rendered":"PL 1447\/2024 &#8211; Pedro Uczai"},"content":{"rendered":"<h1 style='text-align: center;'>C\u00e2mara &#8211; Autoria de Pedro Uczai<br \/><img src='https:\/\/www.camara.leg.br\/internet\/deputado\/bandep\/160604.jpg' alt='Pedro Uczai' \/><\/h3>\n<p><\/p>\n<article style='text-align: center'>Altera a reda\u00e7\u00e3o do \u00a7 8\u00ba do art. 3\u00ba da Lei n\u00ba 5.537, de 1968, que trata das atribui\u00e7\u00f5es do Fundo Nacional de Desenvolvimento da Educa\u00e7\u00e3o (FNDE), para explicitar, como benefici\u00e1rios de bolsas e ressarcimento de despesas, os estudantes das institui\u00e7\u00f5es p\u00fablicas e das institui\u00e7\u00f5es comunit\u00e1rias de educa\u00e7\u00e3o superior.<\/article>\n<p><\/p>\n<p style='text-align: center'><a href='https:\/\/app.legislapp.com.br\/#\/busca?termo='><\/a><\/p>\n<p><\/p>\n<article>C\u00c2MARA DOS DEPUTADOS  <\/p>\n<p>PROJETO DE LEI N\u00ba          , DE 2024<br \/>\n(Do Sr. PEDRO UCZAI)<br \/>\nAltera a reda\u00e7\u00e3o do \u00a7 8\u00ba do art. 3\u00ba da<br \/>\nLei n\u00ba 5.537, de 1968, que trata das<br \/>\natribui\u00e7\u00f5es do Fundo Nacional de<br \/>\nDesenvolvimento da Educa\u00e7\u00e3o (FNDE), para<br \/>\nexplicitar, como benefici\u00e1rios de bolsas e<br \/>\nressarcimento de despesas, os estudantes<br \/>\ndas institui\u00e7\u00f5es p\u00fablicas e das institui\u00e7\u00f5es<br \/>\ncomunit\u00e1rias de educa\u00e7\u00e3o superior.<br \/>\nO Congresso Nacional decreta:<br \/>\nArt. 1\u00ba O \u00a7 8\u00ba do art. 3\u00ba da Lei n\u00ba 5.537, de 21 de novembro de<br \/>\n1968, passa a vigorar com a seguinte reda\u00e7\u00e3o:<br \/>\n\u201cArt. 3\u00ba &#8230;&#8230;&#8230;&#8230;&#8230;&#8230;&#8230;&#8230;&#8230;&#8230;&#8230;&#8230;&#8230;&#8230;&#8230;&#8230;&#8230;&#8230;&#8230;&#8230;&#8230;&#8230;&#8230;&#8230;&#8230;&#8230;&#8230;&#8230;..<br \/>\n&#8230;&#8230;&#8230;&#8230;&#8230;&#8230;&#8230;&#8230;&#8230;&#8230;&#8230;&#8230;&#8230;&#8230;&#8230;&#8230;&#8230;&#8230;&#8230;&#8230;&#8230;&#8230;&#8230;&#8230;&#8230;&#8230;&#8230;&#8230;&#8230;&#8230;&#8230;&#8230;..<br \/>\n\u00a7 8\u00ba A assist\u00eancia financeira de que trata a al\u00ednea g ocorrer\u00e1,<br \/>\nna forma, condi\u00e7\u00f5es e crit\u00e9rios estabelecidos pelo Minist\u00e9rio da<br \/>\nEduca\u00e7\u00e3o, por meio da concess\u00e3o de bolsas de estudo e<br \/>\nperman\u00eancia e ressarcimento de despesas aos estudantes das<br \/>\ninstitui\u00e7\u00f5es p\u00fablicas de educa\u00e7\u00e3o superior e das institui\u00e7\u00f5es<br \/>\ncomunit\u00e1rias de educa\u00e7\u00e3o superior, assim reconhecidas nos<br \/>\ntermos da respectiva legisla\u00e7\u00e3o espec\u00edfica\u201d. (NR)<br \/>\nArt. 2\u00ba Esta Lei entra em vigor na data de sua publica\u00e7\u00e3o.<br \/>\nJUSTIFICA\u00c7\u00c3O<br \/>\nO dispositivo alterado pelo presente projeto de lei \u00e9 o que d\u00e1<br \/>\nsuporte ao atual Programa de Bolsa Perman\u00eancia, institu\u00eddo pela Portaria n\u00ba<br \/>\nPara verificar a assinatura, acesse https:\/\/infoleg-autenticidade-assinatura.camara.leg.br\/CD246184073600<br \/>\nAssinado eletronicamente pelo(a) Dep. Pedro Uczai<br \/>\nApresenta\u00e7\u00e3o: 25\/04\/2024 12:07:45.947 &#8211; MESA<br \/>\n*CD246184073600*LexEdit PL n.1447\/20242 <\/p>\n<p>389, de 9 de maio de 2013. Esse programa est\u00e1 voltado para os estudantes<br \/>\nmatriculados em cursos de gradua\u00e7\u00e3o nas institui\u00e7\u00f5es federais de educa\u00e7\u00e3o<br \/>\nsuperior, em situa\u00e7\u00e3o de vulnerabilidade socioecon\u00f4mica, especialmente<br \/>\nind\u00edgenas e quilombolas.<br \/>\nH\u00e1, por\u00e9m, um contingente de estudantes, com as mesmas<br \/>\ncaracter\u00edsticas, que necessita de apoio semelhante e que se encontra<br \/>\nmatriculado nas institui\u00e7\u00f5es comunit\u00e1rias de educa\u00e7\u00e3o superior. A relev\u00e2ncia<br \/>\nsocial e o car\u00e1ter de interesse p\u00fablico dos servi\u00e7os educacionais por elas<br \/>\noferecidos foram reconhecidos pela Lei n\u00ba 12.881, de 12 de novembro de 2013,<br \/>\nque \u201cdisp\u00f5e sobre a defini\u00e7\u00e3o, qualifica\u00e7\u00e3o, prerrogativas e finalidades das<br \/>\nInstitui\u00e7\u00f5es Comunit\u00e1rias de Educa\u00e7\u00e3o Superior &#8211; ICES, disciplina o Termo de<br \/>\nParceria e d\u00e1 outras provid\u00eancias\u201d. S\u00e3o elas obrigadas a oferecer servi\u00e7os<br \/>\ngratuitos \u00e0 popula\u00e7\u00e3o, proporcionais aos recursos obtidos do poder p\u00fablico, e a<br \/>\nserem alternativa na oferta de servi\u00e7os p\u00fablicos nos casos em que n\u00e3o s\u00e3o<br \/>\nproporcionados diretamente por entidades p\u00fablicas estatais.<br \/>\nEssa marca das institui\u00e7\u00f5es comunit\u00e1rias \u00e9 o que as leva a<br \/>\nreceber estudantes com perfil similar aos contemplados com a Bolsa<br \/>\nPerman\u00eancia nas institui\u00e7\u00f5es federais.<br \/>\nDesse modo, \u00e9 quest\u00e3o de justi\u00e7a social que p\u00fablicos<br \/>\nigualmente vulner\u00e1veis, embora em institui\u00e7\u00f5es distintas, tenham oportunidade<br \/>\nde acesso aos mesmos benef\u00edcios concedidos pelo Poder P\u00fablico federal.<br \/>\nNa realidade, as institui\u00e7\u00f5es comunit\u00e1rias, reconhecidas como<br \/>\ntal nos termos da legisla\u00e7\u00e3o que lhes \u00e9 espec\u00edfica, cumprem, em suas \u00e1reas de<br \/>\natua\u00e7\u00e3o, exatamente as mesmas fun\u00e7\u00f5es educacionais e sociais que as<br \/>\ninstitui\u00e7\u00f5es p\u00fablicas de educa\u00e7\u00e3o superior.<br \/>\nEstas as raz\u00f5es que inspiram o presente projeto de lei, na<br \/>\ncerteza de que sua relev\u00e2ncia haver\u00e1 de ser reconhecida pelos ilustres Pares,<br \/>\ncom vistas \u00e0 sua aprova\u00e7\u00e3o.<br \/>\nSala das Sess\u00f5es, em        de                     de 2024.<br \/>\nPara verificar a assinatura, acesse https:\/\/infoleg-autenticidade-assinatura.camara.leg.br\/CD246184073600<br \/>\nAssinado eletronicamente pelo(a) Dep. Pedro Uczai<br \/>\nApresenta\u00e7\u00e3o: 25\/04\/2024 12:07:45.947 &#8211; MESA<br \/>\n*CD246184073600*LexEdit PL n.1447\/20243 <\/p>\n<p>Deputado PEDRO UCZAI <\/p>\n<p>2024-986<br \/>\nPara verificar a assinatura, acesse https:\/\/infoleg-autenticidade-assinatura.camara.leg.br\/CD246184073600<br \/>\nAssinado eletronicamente pelo(a) Dep. Pedro Uczai<br \/>\nApresenta\u00e7\u00e3o: 25\/04\/2024 12:07:45.947 &#8211; MESA<br \/>\n*CD246184073600*LexEdit PL n.1447\/2024<\/article>\n<div style=\"text-align: center\">\n<div style=\"margin-bottom: 20px;\" class=\"et_pb_button_module_wrapper et_pb_button_5_tb_body_wrapper et_pb_button_alignment_center et_pb_module \">\n         <a class=\"et_pb_button et_pb_button_5_tb_body et_hover_enabled et_pb_bg_layout_dark\" style=\"width: 50%;background-color: black;\" href=\"https:\/\/app.legislapp.com.br\" target=\"_blank\" rel=\"noopener\">Visualizar completo na nossa plataforma (30 dias gr\u00e1tis)<\/a><\/p><\/div>\n<p>      <a href=\"https:\/\/play.google.com\/store\/apps\/details?id=br.com.legislapp\"><img decoding=\"async\" style=\"width: 15%; min-width: 130px;\" src=\"https:\/\/www.legislapp.com.br\/wp-content\/uploads\/google-play.png\"><\/a><br \/>\n      <a href=\"https:\/\/apps.apple.com\/us\/app\/legislapp\/id1568929859\"><img decoding=\"async\" style=\"width: 15%; min-width: 130px\" src=\"https:\/\/www.legislapp.com.br\/wp-content\/uploads\/apple-store.png\"><\/a>\n   <\/div>\n","protected":false},"excerpt":{"rendered":"<p>C\u00e2mara &#8211; Autoria de Pedro Uczai Altera a reda\u00e7\u00e3o do \u00a7 8\u00ba do art. 3\u00ba da Lei n\u00ba 5.537, de 1968, que trata das atribui\u00e7\u00f5es do Fundo Nacional de Desenvolvimento da Educa\u00e7\u00e3o (FNDE), para explicitar, como benefici\u00e1rios de bolsas e ressarcimento de despesas, os estudantes das institui\u00e7\u00f5es p\u00fablicas e das institui\u00e7\u00f5es comunit\u00e1rias de educa\u00e7\u00e3o superior. [&hellip;]<\/p>\n","protected":false},"author":1,"featured_media":0,"parent":0,"menu_order":0,"comment_status":"closed","ping_status":"closed","template":"page-template-blank.php","meta":{"_et_pb_use_builder":"","_et_pb_old_content":"","_et_gb_content_width":"1080","ngg_post_thumbnail":0,"footnotes":""},"class_list":["post-5940","page","type-page","status-publish","hentry"],"yoast_head":"<!-- This site is optimized with the Yoast SEO plugin v24.4 - https:\/\/yoast.com\/wordpress\/plugins\/seo\/ -->\n<title>PL 1447\/2024 - Pedro Uczai - Legislapp<\/title>\n<meta name=\"robots\" content=\"index, follow, max-snippet:-1, max-image-preview:large, max-video-preview:-1\" \/>\n<link rel=\"canonical\" href=\"https:\/\/www.legislapp.com.br\/index.php\/camara-pl-1447-2024\/\" \/>\n<meta property=\"og:locale\" content=\"pt_BR\" \/>\n<meta property=\"og:type\" content=\"article\" \/>\n<meta property=\"og:title\" content=\"PL 1447\/2024 - Pedro Uczai - Legislapp\" \/>\n<meta property=\"og:description\" content=\"C\u00e2mara &#8211; Autoria de Pedro Uczai Altera a reda\u00e7\u00e3o do \u00a7 8\u00ba do art. 3\u00ba da Lei n\u00ba 5.537, de 1968, que trata das atribui\u00e7\u00f5es do Fundo Nacional de Desenvolvimento da Educa\u00e7\u00e3o (FNDE), para explicitar, como benefici\u00e1rios de bolsas e ressarcimento de despesas, os estudantes das institui\u00e7\u00f5es p\u00fablicas e das institui\u00e7\u00f5es comunit\u00e1rias de educa\u00e7\u00e3o superior. [&hellip;]\" \/>\n<meta property=\"og:url\" content=\"https:\/\/www.legislapp.com.br\/index.php\/camara-pl-1447-2024\/\" \/>\n<meta property=\"og:site_name\" content=\"Legislapp\" \/>\n<meta property=\"article:publisher\" content=\"https:\/\/www.instagram.com\/legislapp\/\" \/>\n<meta property=\"og:image\" content=\"https:\/\/www.camara.leg.br\/internet\/deputado\/bandep\/160604.jpg\" \/>\n<meta name=\"twitter:card\" content=\"summary_large_image\" \/>\n<meta name=\"twitter:label1\" content=\"Est. tempo de leitura\" \/>\n\t<meta name=\"twitter:data1\" content=\"3 minutos\" \/>\n<script type=\"application\/ld+json\" class=\"yoast-schema-graph\">{\"@context\":\"https:\/\/schema.org\",\"@graph\":[{\"@type\":\"WebPage\",\"@id\":\"https:\/\/www.legislapp.com.br\/index.php\/camara-pl-1447-2024\/\",\"url\":\"https:\/\/www.legislapp.com.br\/index.php\/camara-pl-1447-2024\/\",\"name\":\"PL 1447\/2024 - Pedro Uczai - Legislapp\",\"isPartOf\":{\"@id\":\"https:\/\/www.legislapp.com.br\/#website\"},\"primaryImageOfPage\":{\"@id\":\"https:\/\/www.legislapp.com.br\/index.php\/camara-pl-1447-2024\/#primaryimage\"},\"image\":{\"@id\":\"https:\/\/www.legislapp.com.br\/index.php\/camara-pl-1447-2024\/#primaryimage\"},\"thumbnailUrl\":\"https:\/\/www.camara.leg.br\/internet\/deputado\/bandep\/160604.jpg\",\"datePublished\":\"2025-06-25T13:11:38+00:00\",\"breadcrumb\":{\"@id\":\"https:\/\/www.legislapp.com.br\/index.php\/camara-pl-1447-2024\/#breadcrumb\"},\"inLanguage\":\"pt-BR\",\"potentialAction\":[{\"@type\":\"ReadAction\",\"target\":[\"https:\/\/www.legislapp.com.br\/index.php\/camara-pl-1447-2024\/\"]}]},{\"@type\":\"ImageObject\",\"inLanguage\":\"pt-BR\",\"@id\":\"https:\/\/www.legislapp.com.br\/index.php\/camara-pl-1447-2024\/#primaryimage\",\"url\":\"https:\/\/www.camara.leg.br\/internet\/deputado\/bandep\/160604.jpg\",\"contentUrl\":\"https:\/\/www.camara.leg.br\/internet\/deputado\/bandep\/160604.jpg\"},{\"@type\":\"BreadcrumbList\",\"@id\":\"https:\/\/www.legislapp.com.br\/index.php\/camara-pl-1447-2024\/#breadcrumb\",\"itemListElement\":[{\"@type\":\"ListItem\",\"position\":1,\"name\":\"In\u00edcio\",\"item\":\"https:\/\/www.legislapp.com.br\/\"},{\"@type\":\"ListItem\",\"position\":2,\"name\":\"PL 1447\/2024 &#8211; Pedro Uczai\"}]},{\"@type\":\"WebSite\",\"@id\":\"https:\/\/www.legislapp.com.br\/#website\",\"url\":\"https:\/\/www.legislapp.com.br\/\",\"name\":\"Legislapp\",\"description\":\"Intelig\u00eancia governamental em tempo real\",\"publisher\":{\"@id\":\"https:\/\/www.legislapp.com.br\/#organization\"},\"potentialAction\":[{\"@type\":\"SearchAction\",\"target\":{\"@type\":\"EntryPoint\",\"urlTemplate\":\"https:\/\/www.legislapp.com.br\/?s={search_term_string}\"},\"query-input\":{\"@type\":\"PropertyValueSpecification\",\"valueRequired\":true,\"valueName\":\"search_term_string\"}}],\"inLanguage\":\"pt-BR\"},{\"@type\":\"Organization\",\"@id\":\"https:\/\/www.legislapp.com.br\/#organization\",\"name\":\"Legislapp Monitoramento e Intelig\u00eancia Governamental\",\"url\":\"https:\/\/www.legislapp.com.br\/\",\"logo\":{\"@type\":\"ImageObject\",\"inLanguage\":\"pt-BR\",\"@id\":\"https:\/\/www.legislapp.com.br\/#\/schema\/logo\/image\/\",\"url\":\"https:\/\/www.legislapp.com.br\/wp-content\/uploads\/icon.png\",\"contentUrl\":\"https:\/\/www.legislapp.com.br\/wp-content\/uploads\/icon.png\",\"width\":1024,\"height\":1024,\"caption\":\"Legislapp Monitoramento e Intelig\u00eancia Governamental\"},\"image\":{\"@id\":\"https:\/\/www.legislapp.com.br\/#\/schema\/logo\/image\/\"},\"sameAs\":[\"https:\/\/www.instagram.com\/legislapp\/\"]}]}<\/script>\n<!-- \/ Yoast SEO plugin. -->","yoast_head_json":{"title":"PL 1447\/2024 - Pedro Uczai - Legislapp","robots":{"index":"index","follow":"follow","max-snippet":"max-snippet:-1","max-image-preview":"max-image-preview:large","max-video-preview":"max-video-preview:-1"},"canonical":"https:\/\/www.legislapp.com.br\/index.php\/camara-pl-1447-2024\/","og_locale":"pt_BR","og_type":"article","og_title":"PL 1447\/2024 - Pedro Uczai - Legislapp","og_description":"C\u00e2mara &#8211; Autoria de Pedro Uczai Altera a reda\u00e7\u00e3o do \u00a7 8\u00ba do art. 3\u00ba da Lei n\u00ba 5.537, de 1968, que trata das atribui\u00e7\u00f5es do Fundo Nacional de Desenvolvimento da Educa\u00e7\u00e3o (FNDE), para explicitar, como benefici\u00e1rios de bolsas e ressarcimento de despesas, os estudantes das institui\u00e7\u00f5es p\u00fablicas e das institui\u00e7\u00f5es comunit\u00e1rias de educa\u00e7\u00e3o superior. [&hellip;]","og_url":"https:\/\/www.legislapp.com.br\/index.php\/camara-pl-1447-2024\/","og_site_name":"Legislapp","article_publisher":"https:\/\/www.instagram.com\/legislapp\/","og_image":[{"url":"https:\/\/www.camara.leg.br\/internet\/deputado\/bandep\/160604.jpg","type":"","width":"","height":""}],"twitter_card":"summary_large_image","twitter_misc":{"Est. tempo de leitura":"3 minutos"},"schema":{"@context":"https:\/\/schema.org","@graph":[{"@type":"WebPage","@id":"https:\/\/www.legislapp.com.br\/index.php\/camara-pl-1447-2024\/","url":"https:\/\/www.legislapp.com.br\/index.php\/camara-pl-1447-2024\/","name":"PL 1447\/2024 - Pedro Uczai - Legislapp","isPartOf":{"@id":"https:\/\/www.legislapp.com.br\/#website"},"primaryImageOfPage":{"@id":"https:\/\/www.legislapp.com.br\/index.php\/camara-pl-1447-2024\/#primaryimage"},"image":{"@id":"https:\/\/www.legislapp.com.br\/index.php\/camara-pl-1447-2024\/#primaryimage"},"thumbnailUrl":"https:\/\/www.camara.leg.br\/internet\/deputado\/bandep\/160604.jpg","datePublished":"2025-06-25T13:11:38+00:00","breadcrumb":{"@id":"https:\/\/www.legislapp.com.br\/index.php\/camara-pl-1447-2024\/#breadcrumb"},"inLanguage":"pt-BR","potentialAction":[{"@type":"ReadAction","target":["https:\/\/www.legislapp.com.br\/index.php\/camara-pl-1447-2024\/"]}]},{"@type":"ImageObject","inLanguage":"pt-BR","@id":"https:\/\/www.legislapp.com.br\/index.php\/camara-pl-1447-2024\/#primaryimage","url":"https:\/\/www.camara.leg.br\/internet\/deputado\/bandep\/160604.jpg","contentUrl":"https:\/\/www.camara.leg.br\/internet\/deputado\/bandep\/160604.jpg"},{"@type":"BreadcrumbList","@id":"https:\/\/www.legislapp.com.br\/index.php\/camara-pl-1447-2024\/#breadcrumb","itemListElement":[{"@type":"ListItem","position":1,"name":"In\u00edcio","item":"https:\/\/www.legislapp.com.br\/"},{"@type":"ListItem","position":2,"name":"PL 1447\/2024 &#8211; Pedro Uczai"}]},{"@type":"WebSite","@id":"https:\/\/www.legislapp.com.br\/#website","url":"https:\/\/www.legislapp.com.br\/","name":"Legislapp","description":"Intelig\u00eancia governamental em tempo real","publisher":{"@id":"https:\/\/www.legislapp.com.br\/#organization"},"potentialAction":[{"@type":"SearchAction","target":{"@type":"EntryPoint","urlTemplate":"https:\/\/www.legislapp.com.br\/?s={search_term_string}"},"query-input":{"@type":"PropertyValueSpecification","valueRequired":true,"valueName":"search_term_string"}}],"inLanguage":"pt-BR"},{"@type":"Organization","@id":"https:\/\/www.legislapp.com.br\/#organization","name":"Legislapp Monitoramento e Intelig\u00eancia Governamental","url":"https:\/\/www.legislapp.com.br\/","logo":{"@type":"ImageObject","inLanguage":"pt-BR","@id":"https:\/\/www.legislapp.com.br\/#\/schema\/logo\/image\/","url":"https:\/\/www.legislapp.com.br\/wp-content\/uploads\/icon.png","contentUrl":"https:\/\/www.legislapp.com.br\/wp-content\/uploads\/icon.png","width":1024,"height":1024,"caption":"Legislapp Monitoramento e Intelig\u00eancia Governamental"},"image":{"@id":"https:\/\/www.legislapp.com.br\/#\/schema\/logo\/image\/"},"sameAs":["https:\/\/www.instagram.com\/legislapp\/"]}]}},"_links":{"self":[{"href":"https:\/\/www.legislapp.com.br\/index.php\/wp-json\/wp\/v2\/pages\/5940","targetHints":{"allow":["GET"]}}],"collection":[{"href":"https:\/\/www.legislapp.com.br\/index.php\/wp-json\/wp\/v2\/pages"}],"about":[{"href":"https:\/\/www.legislapp.com.br\/index.php\/wp-json\/wp\/v2\/types\/page"}],"author":[{"embeddable":true,"href":"https:\/\/www.legislapp.com.br\/index.php\/wp-json\/wp\/v2\/users\/1"}],"replies":[{"embeddable":true,"href":"https:\/\/www.legislapp.com.br\/index.php\/wp-json\/wp\/v2\/comments?post=5940"}],"version-history":[{"count":0,"href":"https:\/\/www.legislapp.com.br\/index.php\/wp-json\/wp\/v2\/pages\/5940\/revisions"}],"wp:attachment":[{"href":"https:\/\/www.legislapp.com.br\/index.php\/wp-json\/wp\/v2\/media?parent=5940"}],"curies":[{"name":"wp","href":"https:\/\/api.w.org\/{rel}","templated":true}]}}