{"id":5941,"date":"2025-06-25T10:11:41","date_gmt":"2025-06-25T13:11:41","guid":{"rendered":"https:\/\/www.legislapp.com.br\/index.php\/camara-pl-3579-2024\/"},"modified":"2025-06-25T10:11:41","modified_gmt":"2025-06-25T13:11:41","slug":"camara-pl-3579-2024","status":"publish","type":"page","link":"https:\/\/www.legislapp.com.br\/index.php\/camara-pl-3579-2024\/","title":{"rendered":"PL 3579\/2024 &#8211; Julio Arcoverde"},"content":{"rendered":"<h1 style='text-align: center;'>C\u00e2mara &#8211; Autoria de Julio Arcoverde<br \/><img src='https:\/\/www.camara.leg.br\/internet\/deputado\/bandep\/66385.jpg' alt='Julio Arcoverde' \/><\/h3>\n<p><\/p>\n<article style='text-align: center'>Altera o art. 9\u00ba da Lei n\u00ba 9.636, de 15 de maio de 1998, para estender o prazo de inscri\u00e7\u00e3o de ocupa\u00e7\u00f5es em im\u00f3veis da Uni\u00e3o at\u00e9 11 de setembro de 2023, visando \u00e0 regulariza\u00e7\u00e3o fundi\u00e1ria de posses informais e ao aumento da base de arrecada\u00e7\u00e3o patrimonial.<\/article>\n<p><\/p>\n<p style='text-align: center'><a href='https:\/\/app.legislapp.com.br\/#\/busca?termo='><\/a><\/p>\n<p><\/p>\n<article>C\u00c2MARA DOS DEPUTADOS<br \/>\nGabinete Deputada Silvia Wai\u00e3pi<br \/>\nPROJETO DE LEI N\u00ba         , DE 2024<br \/>\n(Da Sra. SILVIA WAI\u00c3PI)<br \/>\nAltera o art. 9\u00ba da Lei n\u00ba 9.636, de 15 de<br \/>\nmaio de 1998, para estender o prazo de<br \/>\ninscri\u00e7\u00e3o de ocupa\u00e7\u00f5es em im\u00f3veis da Uni\u00e3o<br \/>\nat\u00e9 11 de setembro de 2023, visando \u00e0<br \/>\nregulariza\u00e7\u00e3o fundi\u00e1ria de posses informais e<br \/>\nao aumento da base de arrecada\u00e7\u00e3o<br \/>\npatrimonial.<br \/>\nO Congresso Nacional decreta:<br \/>\nArt. 1\u00ba A Lei n\u00ba 9.636, de 15 de maio de 1998 , passa a vigorar com<br \/>\nas seguintes altera\u00e7\u00f5es:<br \/>\nArt. 9\u00ba \u00c9 vedada a inscri\u00e7\u00e3o de ocupa\u00e7\u00f5es que:<br \/>\nI &#8211; ocorreram ap\u00f3s 11 de setembro de 2023;<br \/>\nII &#8211; &#8230;&#8230;&#8230;&#8230;&#8230;&#8230;&#8230;&#8230;&#8230;&#8230;&#8230;&#8230;&#8230;&#8230;&#8230;&#8230;&#8230;&#8230;&#8230;&#8230;&#8230;&#8230;;<br \/>\nIII \u2013 Ficam exclu\u00eddos do marco do inciso I deste artigo, as terras<br \/>\nocupadas irregularmente por movimentos sociais, organiza\u00e7\u00f5es da<br \/>\nsociedade civil, articula\u00e7\u00f5es e outros organismos assemelhados, que<br \/>\ntenham se utilizando de esbulho possess\u00f3rio, turba\u00e7\u00e3o ou amea\u00e7a<br \/>\npara ocupa\u00e7\u00e3o fundi\u00e1ria, seja urbana ou rural, ainda que transit\u00f3ria.<br \/>\nArt. 2\u00ba. Esta Lei entra em vigor na data da sua publica\u00e7\u00e3o.<br \/>\nC\u00e2mara dos Deputados, Anexo IV, Gabinete 333 \u2013 CEP 70160-9000<br \/>\nFones: (61) 3215-5333 \u2013 3215-3333<br \/>\ndep.silviawaiapi@camara.leg.br<br \/>\nPara verificar a assinatura, acesse https:\/\/infoleg-autenticidade-assinatura.camara.leg.br\/CD241963536300<br \/>\nAssinado eletronicamente pelo(a) Dep. Silvia Wai\u00e3pi<br \/>\nApresenta\u00e7\u00e3o: 16\/09\/2024 16:23:50.077 &#8211; MESA<br \/>\n*CD241963536300* PL n.3579\/2024C\u00c2MARA DOS DEPUTADOS<br \/>\nGabinete Deputada Silvia Wai\u00e3pi<br \/>\nJUSTIFICA\u00c7\u00c3O<br \/>\nO Art. 9\u00ba da Lei n\u00ba 9.636, de 1998, que trata da gest\u00e3o e aliena\u00e7\u00e3o de<br \/>\nbens im\u00f3veis da Uni\u00e3o, sofreu v\u00e1rias altera\u00e7\u00f5es ao longo dos anos, estabelecendo<br \/>\ndiferentes datas limites para a inscri\u00e7\u00e3o de ocupa\u00e7\u00f5es. Essas altera\u00e7\u00f5es refletem o<br \/>\nesfor\u00e7o legislativo em ajustar a regula\u00e7\u00e3o sobre ocupa\u00e7\u00f5es irregulares de terras da<br \/>\nUni\u00e3o, com base em diferentes contextos hist\u00f3ricos e econ\u00f4micos.<br \/>\nAqui est\u00e3o as principais mudan\u00e7as, com as respectivas datas:<br \/>\n15 de fevereiro de 1997: A vers\u00e3o original proibia a inscri\u00e7\u00e3o de<br \/>\nocupa\u00e7\u00f5es que tivessem ocorrido ap\u00f3s essa data.<br \/>\n27 de abril de 2006: Altera\u00e7\u00e3o introduzida pela Lei n\u00ba 11.481, de<br \/>\n2007, mudou a data limite para a inscri\u00e7\u00e3o de ocupa\u00e7\u00f5es.<br \/>\n10 de junho de 2014: A Lei n\u00ba 13.139, de 2015, trouxe uma nova<br \/>\naltera\u00e7\u00e3o, fixando essa data como o limite para a inscri\u00e7\u00e3o de novas ocupa\u00e7\u00f5es.<br \/>\nCada uma dessas modifica\u00e7\u00f5es ajustou a legisla\u00e7\u00e3o \u00e0s<br \/>\nnecessidades espec\u00edficas de regulariza\u00e7\u00e3o de im\u00f3veis da Uni\u00e3o ao longo do tempo,<br \/>\nsempre com o objetivo de limitar a regulariza\u00e7\u00e3o de ocupa\u00e7\u00f5es que ocorreram ap\u00f3s<br \/>\na data estipulada.<br \/>\nDesde a \u00faltima altera\u00e7\u00e3o no artigo 9\u00ba, I, o cen\u00e1rio socioecon\u00f4mico<br \/>\nbrasileiro evoluiu significativamente, gerando novos desafios no que diz respeito \u00e0s<br \/>\nocupa\u00e7\u00f5es irregulares. Assim, torna-se imperativo adaptar a legisla\u00e7\u00e3o para refletir<br \/>\nessa nova realidade. Prop\u00f5e-se, portanto, a altera\u00e7\u00e3o da data limite para inscri\u00e7\u00e3o de<br \/>\nocupa\u00e7\u00f5es para 11 de setembro de 2023, como forma de facilitar o cadastramento<br \/>\nde im\u00f3veis ocupados informalmente e permitir que o poder p\u00fablico tenha maior<br \/>\ncontrole sobre essas \u00e1reas.<br \/>\nA atualiza\u00e7\u00e3o da data possibilitar\u00e1 o cadastramento de<br \/>\nassentamentos informais que ainda n\u00e3o foram reconhecidos ou regularizados,<br \/>\npermitindo sua inclus\u00e3o em processos de regulariza\u00e7\u00e3o fundi\u00e1ria, seja por concess\u00e3o<br \/>\nde t\u00edtulos individuais ou coletivos. Al\u00e9m disso, essa medida aumentar\u00e1 a base de<br \/>\nC\u00e2mara dos Deputados, Anexo IV, Gabinete 333 \u2013 CEP 70160-9000<br \/>\nFones: (61) 3215-5333 \u2013 3215-3333<br \/>\ndep.silviawaiapi@camara.leg.br<br \/>\nPara verificar a assinatura, acesse https:\/\/infoleg-autenticidade-assinatura.camara.leg.br\/CD241963536300<br \/>\nAssinado eletronicamente pelo(a) Dep. Silvia Wai\u00e3pi<br \/>\nApresenta\u00e7\u00e3o: 16\/09\/2024 16:23:50.077 &#8211; MESA<br \/>\n*CD241963536300* PL n.3579\/2024C\u00c2MARA DOS DEPUTADOS<br \/>\nGabinete Deputada Silvia Wai\u00e3pi<br \/>\nim\u00f3veis sujeitos \u00e0 cobran\u00e7a de taxas de ocupa\u00e7\u00e3o, ampliando a arrecada\u00e7\u00e3o<br \/>\npatrimonial da Uni\u00e3o. Esse incremento na receita n\u00e3o apenas contribui para o<br \/>\nequil\u00edbrio financeiro das contas p\u00fablicas, como tamb\u00e9m valoriza o patrim\u00f4nio<br \/>\nimobili\u00e1rio federal, ao regularizar a situa\u00e7\u00e3o de ocupa\u00e7\u00f5es existentes.<br \/>\nAo permitir o cadastramento de ocupa\u00e7\u00f5es at\u00e9 11 de setembro de<br \/>\n2023, a altera\u00e7\u00e3o promover\u00e1 a inclus\u00e3o social, proporcionando seguran\u00e7a jur\u00eddica<br \/>\naos ocupantes e refor\u00e7ando o controle da Uni\u00e3o sobre os bens p\u00fablicos. Com isso,<br \/>\nbusca-se evitar o crescimento de ocupa\u00e7\u00f5es irregulares e fomentar a regulariza\u00e7\u00e3o<br \/>\nfundi\u00e1ria em conformidade com os dispositivos legais vigentes, como a concess\u00e3o de<br \/>\nuso especial para fins de moradia (CUEM).<br \/>\nAdemais, a proposta visa proporcionar maior seguran\u00e7a jur\u00eddica tanto<br \/>\npara os ocupantes quanto para o poder p\u00fablico. A Uni\u00e3o, ao formalizar as<br \/>\nocupa\u00e7\u00f5es, ter\u00e1 maior controle e poder\u00e1 implementar pol\u00edticas p\u00fablicas de<br \/>\nurbaniza\u00e7\u00e3o, saneamento e planejamento territorial de forma mais eficiente. Esta<br \/>\nmedida tamb\u00e9m possibilitar\u00e1 o uso de novas tecnologias, como o<br \/>\ngeorreferenciamento, para otimizar o processo de cadastramento e fiscaliza\u00e7\u00e3o das<br \/>\nocupa\u00e7\u00f5es.<br \/>\nContudo, \u00e9 necess\u00e1rio deixar claro que a altera\u00e7\u00e3o proposta para 11<br \/>\nde setembro de 2023, exclui ocupa\u00e7\u00f5es irregulares promovidas por movimentos<br \/>\ncomo o Movimento dos Trabalhadores Rurais Sem Terra (MST) e outras<br \/>\norganiza\u00e7\u00f5es que realizam invas\u00f5es sem respaldo legal. Esta medida se destina<br \/>\nexclusivamente a ocupa\u00e7\u00f5es que ocorreram de forma pac\u00edfica e que estejam em<br \/>\nconformidade com os requisitos legais para regulariza\u00e7\u00e3o fundi\u00e1ria. O objetivo \u00e9<br \/>\nevitar a legitima\u00e7\u00e3o de invas\u00f5es promovidas por grupos que n\u00e3o respeitam a<br \/>\nlegalidade e que desafiam o ordenamento jur\u00eddico.<br \/>\nAo excluir ocupa\u00e7\u00f5es irregulares organizadas, a proposta refor\u00e7a o<br \/>\ncompromisso com a ordem e a legalidade, assegurando que apenas as ocupa\u00e7\u00f5es<br \/>\nleg\u00edtimas, que possam ser regularizadas conforme as normas existentes, sejam<br \/>\nconsideradas para cadastramento e futura regulariza\u00e7\u00e3o. Essa postura firme visa<br \/>\nC\u00e2mara dos Deputados, Anexo IV, Gabinete 333 \u2013 CEP 70160-9000<br \/>\nFones: (61) 3215-5333 \u2013 3215-3333<br \/>\ndep.silviawaiapi@camara.leg.br<br \/>\nPara verificar a assinatura, acesse https:\/\/infoleg-autenticidade-assinatura.camara.leg.br\/CD241963536300<br \/>\nAssinado eletronicamente pelo(a) Dep. Silvia Wai\u00e3pi<br \/>\nApresenta\u00e7\u00e3o: 16\/09\/2024 16:23:50.077 &#8211; MESA<br \/>\n*CD241963536300* PL n.3579\/2024C\u00c2MARA DOS DEPUTADOS<br \/>\nGabinete Deputada Silvia Wai\u00e3pi<br \/>\ndesestimular pr\u00e1ticas de invas\u00e3o e incentivar a ado\u00e7\u00e3o de solu\u00e7\u00f5es legais para a<br \/>\nocupa\u00e7\u00e3o e o uso dos bens p\u00fablicos.<br \/>\nEm conclus\u00e3o, a altera\u00e7\u00e3o do Art. 9\u00ba, I, para a data de 11 de<br \/>\nsetembro de 2023, representa uma medida estrat\u00e9gica que combina inclus\u00e3o social,<br \/>\naumento da arrecada\u00e7\u00e3o patrimonial e gest\u00e3o eficiente do patrim\u00f4nio imobili\u00e1rio da<br \/>\nUni\u00e3o. Ao mesmo tempo, a exclus\u00e3o de ocupa\u00e7\u00f5es promovidas por movimentos<br \/>\nirregulares assegura o respeito \u00e0 legalidade e \u00e0 ordem p\u00fablica, desestimulando<br \/>\ninvas\u00f5es e promovendo uma administra\u00e7\u00e3o mais justa e eficaz dos im\u00f3veis federais.<br \/>\nPor todas essas raz\u00f5es expostas, esperamos contar com a<br \/>\nsensibilidade dos nobres Deputados e Deputadas para a aprova\u00e7\u00e3o da presente<br \/>\nproposi\u00e7\u00e3o.<br \/>\nSala das Sess\u00f5es, em       de setembro de 2024.<br \/>\nDeputada SILVIA WAI\u00c3PI<br \/>\nPL\/AP<br \/>\nC\u00e2mara dos Deputados, Anexo IV, Gabinete 333 \u2013 CEP 70160-9000<br \/>\nFones: (61) 3215-5333 \u2013 3215-3333<br \/>\ndep.silviawaiapi@camara.leg.br<br \/>\nPara verificar a assinatura, acesse https:\/\/infoleg-autenticidade-assinatura.camara.leg.br\/CD241963536300<br \/>\nAssinado eletronicamente pelo(a) Dep. Silvia Wai\u00e3pi<br \/>\nApresenta\u00e7\u00e3o: 16\/09\/2024 16:23:50.077 &#8211; MESA<br \/>\n*CD241963536300* PL n.3579\/2024<\/article>\n<div style=\"text-align: center\">\n<div style=\"margin-bottom: 20px;\" class=\"et_pb_button_module_wrapper et_pb_button_5_tb_body_wrapper et_pb_button_alignment_center et_pb_module \">\n         <a class=\"et_pb_button et_pb_button_5_tb_body et_hover_enabled et_pb_bg_layout_dark\" style=\"width: 50%;background-color: black;\" href=\"https:\/\/app.legislapp.com.br\" target=\"_blank\" rel=\"noopener\">Visualizar completo na nossa plataforma (30 dias gr\u00e1tis)<\/a><\/p><\/div>\n<p>      <a href=\"https:\/\/play.google.com\/store\/apps\/details?id=br.com.legislapp\"><img decoding=\"async\" style=\"width: 15%; min-width: 130px;\" src=\"https:\/\/www.legislapp.com.br\/wp-content\/uploads\/google-play.png\"><\/a><br \/>\n      <a href=\"https:\/\/apps.apple.com\/us\/app\/legislapp\/id1568929859\"><img decoding=\"async\" style=\"width: 15%; min-width: 130px\" src=\"https:\/\/www.legislapp.com.br\/wp-content\/uploads\/apple-store.png\"><\/a>\n   <\/div>\n","protected":false},"excerpt":{"rendered":"<p>C\u00e2mara &#8211; Autoria de Julio Arcoverde Altera o art. 9\u00ba da Lei n\u00ba 9.636, de 15 de maio de 1998, para estender o prazo de inscri\u00e7\u00e3o de ocupa\u00e7\u00f5es em im\u00f3veis da Uni\u00e3o at\u00e9 11 de setembro de 2023, visando \u00e0 regulariza\u00e7\u00e3o fundi\u00e1ria de posses informais e ao aumento da base de arrecada\u00e7\u00e3o patrimonial. C\u00c2MARA DOS [&hellip;]<\/p>\n","protected":false},"author":1,"featured_media":0,"parent":0,"menu_order":0,"comment_status":"closed","ping_status":"closed","template":"page-template-blank.php","meta":{"_et_pb_use_builder":"","_et_pb_old_content":"","_et_gb_content_width":"1080","ngg_post_thumbnail":0,"footnotes":""},"class_list":["post-5941","page","type-page","status-publish","hentry"],"yoast_head":"<!-- This site is optimized with the Yoast SEO plugin v24.4 - https:\/\/yoast.com\/wordpress\/plugins\/seo\/ -->\n<title>PL 3579\/2024 - Julio Arcoverde - Legislapp<\/title>\n<meta name=\"robots\" content=\"index, follow, max-snippet:-1, max-image-preview:large, max-video-preview:-1\" \/>\n<link rel=\"canonical\" href=\"https:\/\/www.legislapp.com.br\/index.php\/camara-pl-3579-2024\/\" \/>\n<meta property=\"og:locale\" content=\"pt_BR\" \/>\n<meta property=\"og:type\" content=\"article\" \/>\n<meta property=\"og:title\" content=\"PL 3579\/2024 - Julio Arcoverde - Legislapp\" \/>\n<meta property=\"og:description\" content=\"C\u00e2mara &#8211; Autoria de Julio Arcoverde Altera o art. 9\u00ba da Lei n\u00ba 9.636, de 15 de maio de 1998, para estender o prazo de inscri\u00e7\u00e3o de ocupa\u00e7\u00f5es em im\u00f3veis da Uni\u00e3o at\u00e9 11 de setembro de 2023, visando \u00e0 regulariza\u00e7\u00e3o fundi\u00e1ria de posses informais e ao aumento da base de arrecada\u00e7\u00e3o patrimonial. C\u00c2MARA DOS [&hellip;]\" \/>\n<meta property=\"og:url\" content=\"https:\/\/www.legislapp.com.br\/index.php\/camara-pl-3579-2024\/\" \/>\n<meta property=\"og:site_name\" content=\"Legislapp\" \/>\n<meta property=\"article:publisher\" content=\"https:\/\/www.instagram.com\/legislapp\/\" \/>\n<meta property=\"og:image\" content=\"https:\/\/www.camara.leg.br\/internet\/deputado\/bandep\/66385.jpg\" \/>\n<meta name=\"twitter:card\" content=\"summary_large_image\" \/>\n<meta name=\"twitter:label1\" content=\"Est. tempo de leitura\" \/>\n\t<meta name=\"twitter:data1\" content=\"6 minutos\" \/>\n<script type=\"application\/ld+json\" class=\"yoast-schema-graph\">{\"@context\":\"https:\/\/schema.org\",\"@graph\":[{\"@type\":\"WebPage\",\"@id\":\"https:\/\/www.legislapp.com.br\/index.php\/camara-pl-3579-2024\/\",\"url\":\"https:\/\/www.legislapp.com.br\/index.php\/camara-pl-3579-2024\/\",\"name\":\"PL 3579\/2024 - Julio Arcoverde - Legislapp\",\"isPartOf\":{\"@id\":\"https:\/\/www.legislapp.com.br\/#website\"},\"primaryImageOfPage\":{\"@id\":\"https:\/\/www.legislapp.com.br\/index.php\/camara-pl-3579-2024\/#primaryimage\"},\"image\":{\"@id\":\"https:\/\/www.legislapp.com.br\/index.php\/camara-pl-3579-2024\/#primaryimage\"},\"thumbnailUrl\":\"https:\/\/www.camara.leg.br\/internet\/deputado\/bandep\/66385.jpg\",\"datePublished\":\"2025-06-25T13:11:41+00:00\",\"breadcrumb\":{\"@id\":\"https:\/\/www.legislapp.com.br\/index.php\/camara-pl-3579-2024\/#breadcrumb\"},\"inLanguage\":\"pt-BR\",\"potentialAction\":[{\"@type\":\"ReadAction\",\"target\":[\"https:\/\/www.legislapp.com.br\/index.php\/camara-pl-3579-2024\/\"]}]},{\"@type\":\"ImageObject\",\"inLanguage\":\"pt-BR\",\"@id\":\"https:\/\/www.legislapp.com.br\/index.php\/camara-pl-3579-2024\/#primaryimage\",\"url\":\"https:\/\/www.camara.leg.br\/internet\/deputado\/bandep\/66385.jpg\",\"contentUrl\":\"https:\/\/www.camara.leg.br\/internet\/deputado\/bandep\/66385.jpg\"},{\"@type\":\"BreadcrumbList\",\"@id\":\"https:\/\/www.legislapp.com.br\/index.php\/camara-pl-3579-2024\/#breadcrumb\",\"itemListElement\":[{\"@type\":\"ListItem\",\"position\":1,\"name\":\"In\u00edcio\",\"item\":\"https:\/\/www.legislapp.com.br\/\"},{\"@type\":\"ListItem\",\"position\":2,\"name\":\"PL 3579\/2024 &#8211; Julio Arcoverde\"}]},{\"@type\":\"WebSite\",\"@id\":\"https:\/\/www.legislapp.com.br\/#website\",\"url\":\"https:\/\/www.legislapp.com.br\/\",\"name\":\"Legislapp\",\"description\":\"Intelig\u00eancia governamental em tempo real\",\"publisher\":{\"@id\":\"https:\/\/www.legislapp.com.br\/#organization\"},\"potentialAction\":[{\"@type\":\"SearchAction\",\"target\":{\"@type\":\"EntryPoint\",\"urlTemplate\":\"https:\/\/www.legislapp.com.br\/?s={search_term_string}\"},\"query-input\":{\"@type\":\"PropertyValueSpecification\",\"valueRequired\":true,\"valueName\":\"search_term_string\"}}],\"inLanguage\":\"pt-BR\"},{\"@type\":\"Organization\",\"@id\":\"https:\/\/www.legislapp.com.br\/#organization\",\"name\":\"Legislapp Monitoramento e Intelig\u00eancia Governamental\",\"url\":\"https:\/\/www.legislapp.com.br\/\",\"logo\":{\"@type\":\"ImageObject\",\"inLanguage\":\"pt-BR\",\"@id\":\"https:\/\/www.legislapp.com.br\/#\/schema\/logo\/image\/\",\"url\":\"https:\/\/www.legislapp.com.br\/wp-content\/uploads\/icon.png\",\"contentUrl\":\"https:\/\/www.legislapp.com.br\/wp-content\/uploads\/icon.png\",\"width\":1024,\"height\":1024,\"caption\":\"Legislapp Monitoramento e Intelig\u00eancia Governamental\"},\"image\":{\"@id\":\"https:\/\/www.legislapp.com.br\/#\/schema\/logo\/image\/\"},\"sameAs\":[\"https:\/\/www.instagram.com\/legislapp\/\"]}]}<\/script>\n<!-- \/ Yoast SEO plugin. -->","yoast_head_json":{"title":"PL 3579\/2024 - Julio Arcoverde - Legislapp","robots":{"index":"index","follow":"follow","max-snippet":"max-snippet:-1","max-image-preview":"max-image-preview:large","max-video-preview":"max-video-preview:-1"},"canonical":"https:\/\/www.legislapp.com.br\/index.php\/camara-pl-3579-2024\/","og_locale":"pt_BR","og_type":"article","og_title":"PL 3579\/2024 - Julio Arcoverde - Legislapp","og_description":"C\u00e2mara &#8211; Autoria de Julio Arcoverde Altera o art. 9\u00ba da Lei n\u00ba 9.636, de 15 de maio de 1998, para estender o prazo de inscri\u00e7\u00e3o de ocupa\u00e7\u00f5es em im\u00f3veis da Uni\u00e3o at\u00e9 11 de setembro de 2023, visando \u00e0 regulariza\u00e7\u00e3o fundi\u00e1ria de posses informais e ao aumento da base de arrecada\u00e7\u00e3o patrimonial. C\u00c2MARA DOS [&hellip;]","og_url":"https:\/\/www.legislapp.com.br\/index.php\/camara-pl-3579-2024\/","og_site_name":"Legislapp","article_publisher":"https:\/\/www.instagram.com\/legislapp\/","og_image":[{"url":"https:\/\/www.camara.leg.br\/internet\/deputado\/bandep\/66385.jpg","type":"","width":"","height":""}],"twitter_card":"summary_large_image","twitter_misc":{"Est. tempo de leitura":"6 minutos"},"schema":{"@context":"https:\/\/schema.org","@graph":[{"@type":"WebPage","@id":"https:\/\/www.legislapp.com.br\/index.php\/camara-pl-3579-2024\/","url":"https:\/\/www.legislapp.com.br\/index.php\/camara-pl-3579-2024\/","name":"PL 3579\/2024 - Julio Arcoverde - Legislapp","isPartOf":{"@id":"https:\/\/www.legislapp.com.br\/#website"},"primaryImageOfPage":{"@id":"https:\/\/www.legislapp.com.br\/index.php\/camara-pl-3579-2024\/#primaryimage"},"image":{"@id":"https:\/\/www.legislapp.com.br\/index.php\/camara-pl-3579-2024\/#primaryimage"},"thumbnailUrl":"https:\/\/www.camara.leg.br\/internet\/deputado\/bandep\/66385.jpg","datePublished":"2025-06-25T13:11:41+00:00","breadcrumb":{"@id":"https:\/\/www.legislapp.com.br\/index.php\/camara-pl-3579-2024\/#breadcrumb"},"inLanguage":"pt-BR","potentialAction":[{"@type":"ReadAction","target":["https:\/\/www.legislapp.com.br\/index.php\/camara-pl-3579-2024\/"]}]},{"@type":"ImageObject","inLanguage":"pt-BR","@id":"https:\/\/www.legislapp.com.br\/index.php\/camara-pl-3579-2024\/#primaryimage","url":"https:\/\/www.camara.leg.br\/internet\/deputado\/bandep\/66385.jpg","contentUrl":"https:\/\/www.camara.leg.br\/internet\/deputado\/bandep\/66385.jpg"},{"@type":"BreadcrumbList","@id":"https:\/\/www.legislapp.com.br\/index.php\/camara-pl-3579-2024\/#breadcrumb","itemListElement":[{"@type":"ListItem","position":1,"name":"In\u00edcio","item":"https:\/\/www.legislapp.com.br\/"},{"@type":"ListItem","position":2,"name":"PL 3579\/2024 &#8211; Julio Arcoverde"}]},{"@type":"WebSite","@id":"https:\/\/www.legislapp.com.br\/#website","url":"https:\/\/www.legislapp.com.br\/","name":"Legislapp","description":"Intelig\u00eancia governamental em tempo real","publisher":{"@id":"https:\/\/www.legislapp.com.br\/#organization"},"potentialAction":[{"@type":"SearchAction","target":{"@type":"EntryPoint","urlTemplate":"https:\/\/www.legislapp.com.br\/?s={search_term_string}"},"query-input":{"@type":"PropertyValueSpecification","valueRequired":true,"valueName":"search_term_string"}}],"inLanguage":"pt-BR"},{"@type":"Organization","@id":"https:\/\/www.legislapp.com.br\/#organization","name":"Legislapp Monitoramento e Intelig\u00eancia Governamental","url":"https:\/\/www.legislapp.com.br\/","logo":{"@type":"ImageObject","inLanguage":"pt-BR","@id":"https:\/\/www.legislapp.com.br\/#\/schema\/logo\/image\/","url":"https:\/\/www.legislapp.com.br\/wp-content\/uploads\/icon.png","contentUrl":"https:\/\/www.legislapp.com.br\/wp-content\/uploads\/icon.png","width":1024,"height":1024,"caption":"Legislapp Monitoramento e Intelig\u00eancia Governamental"},"image":{"@id":"https:\/\/www.legislapp.com.br\/#\/schema\/logo\/image\/"},"sameAs":["https:\/\/www.instagram.com\/legislapp\/"]}]}},"_links":{"self":[{"href":"https:\/\/www.legislapp.com.br\/index.php\/wp-json\/wp\/v2\/pages\/5941","targetHints":{"allow":["GET"]}}],"collection":[{"href":"https:\/\/www.legislapp.com.br\/index.php\/wp-json\/wp\/v2\/pages"}],"about":[{"href":"https:\/\/www.legislapp.com.br\/index.php\/wp-json\/wp\/v2\/types\/page"}],"author":[{"embeddable":true,"href":"https:\/\/www.legislapp.com.br\/index.php\/wp-json\/wp\/v2\/users\/1"}],"replies":[{"embeddable":true,"href":"https:\/\/www.legislapp.com.br\/index.php\/wp-json\/wp\/v2\/comments?post=5941"}],"version-history":[{"count":0,"href":"https:\/\/www.legislapp.com.br\/index.php\/wp-json\/wp\/v2\/pages\/5941\/revisions"}],"wp:attachment":[{"href":"https:\/\/www.legislapp.com.br\/index.php\/wp-json\/wp\/v2\/media?parent=5941"}],"curies":[{"name":"wp","href":"https:\/\/api.w.org\/{rel}","templated":true}]}}