{"id":5949,"date":"2025-06-25T10:12:09","date_gmt":"2025-06-25T13:12:09","guid":{"rendered":"https:\/\/www.legislapp.com.br\/index.php\/camara-pl-3999-2024\/"},"modified":"2025-06-25T10:12:09","modified_gmt":"2025-06-25T13:12:09","slug":"camara-pl-3999-2024","status":"publish","type":"page","link":"https:\/\/www.legislapp.com.br\/index.php\/camara-pl-3999-2024\/","title":{"rendered":"PL 3999\/2024 &#8211; Dr. Frederico"},"content":{"rendered":"<h1 style='text-align: center;'>C\u00e2mara &#8211; Autoria de Dr. Frederico<br \/><img src='https:\/\/www.camara.leg.br\/internet\/deputado\/bandep\/204518.jpg' alt='Dr. Frederico' \/><\/h3>\n<p><\/p>\n<article style='text-align: center'>Institui o Dia Nacional de Combate ao Estresse, a ser celebrado anualmente no dia 23 de setembro.<\/article>\n<p><\/p>\n<p style='text-align: center'><a href='https:\/\/app.legislapp.com.br\/#\/busca?termo='><\/a><\/p>\n<p><\/p>\n<article>PROJETO DE LEI N\u00ba                       , DE 2024<br \/>\n(Do Sr. Dr. Frederico)<br \/>\nInstitui o Dia Nacional de<br \/>\nCombate ao Estresse, a ser celebrado<br \/>\nanualmente no dia 23 de setembro.<br \/>\nO Congresso Nacional decreta:<br \/>\nArt. 1\u00ba Fica institu\u00eddo o Dia Nacional de Combate ao Estresse, a ser<br \/>\ncelebrado anualmente no dia 23 de setembro, com o objetivo de conscientizar<br \/>\na popula\u00e7\u00e3o sobre a import\u00e2ncia da preven\u00e7\u00e3o, diagn\u00f3stico, controle e<br \/>\ntratamento do estresse, al\u00e9m de promover a\u00e7\u00f5es educativas e informativas<br \/>\nsobre o tema.<br \/>\nArt. 2\u00ba O Dia Nacional de Combate ao Estresse passa a integrar o<br \/>\ncalend\u00e1rio oficial de eventos do pa\u00eds.<br \/>\nArt. 3\u00ba No Dia Nacional de Combate ao Estresse, ser\u00e3o promovidas, por<br \/>\n\u00f3rg\u00e3os p\u00fablicos e privados, campanhas de conscientiza\u00e7\u00e3o em locais de<br \/>\ngrande circula\u00e7\u00e3o, como escolas, universidades, ambientes de trabalho,<br \/>\nhospitais e redes sociais, sobre os fatores causadores de estresse, suas<br \/>\nconsequ\u00eancias para a sa\u00fade f\u00edsica e mental, e as formas de preven\u00e7\u00e3o e<br \/>\ntratamento.<br \/>\nArt. 4\u00ba O Poder Executivo, por meio do Minist\u00e9rio da Sa\u00fade, incentivar\u00e1<br \/>\na coopera\u00e7\u00e3o entre entidades p\u00fablicas e privadas, organiza\u00e7\u00f5es n\u00e3o-<br \/>\ngovernamentais e demais setores da sociedade civil, para que sejam<br \/>\ndesenvolvidas a\u00e7\u00f5es de apoio, informa\u00e7\u00e3o e assist\u00eancia \u00e0 popula\u00e7\u00e3o sobre o<br \/>\nestresse, priorizando:<br \/>\nI \u2013 A dissemina\u00e7\u00e3o de informa\u00e7\u00f5es t\u00e9cnicas sobre os sintomas, efeitos e<br \/>\nformas de gerenciamento do estresse;<br \/>\nPara verificar a assinatura, acesse https:\/\/infoleg-autenticidade-assinatura.camara.leg.br\/CD243065701600<br \/>\nAssinado eletronicamente pelo(a) Dep. Dr. Frederico<br \/>\nApresenta\u00e7\u00e3o: 17\/10\/2024 13:12:05.273 &#8211; Mesa<br \/>\n*CD243065701600* PL n.3999\/2024II \u2013 A promo\u00e7\u00e3o de atividades que estimulem h\u00e1bitos saud\u00e1veis, como a<br \/>\npr\u00e1tica de exerc\u00edcios f\u00edsicos e t\u00e9cnicas de relaxamento;<br \/>\nIII \u2013 Apoio a espa\u00e7os e plataformas para debates p\u00fablicos e orienta\u00e7\u00f5es<br \/>\nsobre o tema;<br \/>\nIV \u2013 A inclus\u00e3o de a\u00e7\u00f5es espec\u00edficas sobre o estresse no \u00e2mbito de<br \/>\npol\u00edticas p\u00fablicas de sa\u00fade e bem-estar.<br \/>\nArt. 5\u00ba Esta Lei entra em vigor na data de sua publica\u00e7\u00e3o.<br \/>\nJUSTIFICA\u00c7\u00c3O<br \/>\n A presente iniciativa legislativa em releitura do Projeto de Lei n\u00ba 3.555,<br \/>\nde 2008, do ilustre Deputado Federal Mendes Ribeiro Filho (PMDB\/RS), que<br \/>\nprop\u00f5e instituir o \u201cDia Nacional de Conscientiza\u00e7\u00e3o do Estresse, a ser<br \/>\ncomemorado no terceiro domingo de novembro, anualmente. \u201d<br \/>\nO estresse \u00e9 um dos principais fatores que afetam a sa\u00fade f\u00edsica e<br \/>\nmental da popula\u00e7\u00e3o mundial, com consequ\u00eancias diretas no aumento de<br \/>\ndoen\u00e7as cr\u00f4nicas e no comprometimento da qualidade de vida. Do ponto de<br \/>\nvista fisiol\u00f3gico, o estresse \u00e9 uma resposta natural do organismo frente a<br \/>\nest\u00edmulos considerados amea\u00e7adores, acionando o eixo hipot\u00e1lamo-pituit\u00e1ria-<br \/>\nadrenal. Quando exposto a situa\u00e7\u00f5es de estresse, o corpo humano inicia a<br \/>\nlibera\u00e7\u00e3o de horm\u00f4nios como a adrenalina e o cortisol, que preparam o<br \/>\n1<br \/>\norganismo para o &#8220;modo de luta ou fuga&#8221; . Esse processo \u00e9 fundamental para a<br \/>\nsobreviv\u00eancia em situa\u00e7\u00f5es de perigo imediato. No entanto, a exposi\u00e7\u00e3o<br \/>\ncr\u00f4nica ao estresse pode levar ao desgaste do sistema imunol\u00f3gico,<br \/>\ncardiovascular, neurol\u00f3gico e end\u00f3crino.<br \/>\nAl\u00e9m disso, estudos cient\u00edficos demonstram que o estresse cr\u00f4nico est\u00e1<br \/>\ndiretamente relacionado ao surgimento de doen\u00e7as como hipertens\u00e3o arterial,<br \/>\ndiabetes tipo 2, dist\u00farbios de ansiedade, depress\u00e3o e doen\u00e7as autoimunes.<br \/>\n1<br \/>\n SAPOLSKY, R. M.; ROMERO, L. M.; MUNCK, A. U. How do glucocorticoids influence<br \/>\nstress responses? Integrating permissive, suppressive, stimulatory, and preparative<br \/>\nactions. Endocrine reviews, Bethesda, v. 21, n. 1, p. 55-89, 2000.<br \/>\nPara verificar a assinatura, acesse https:\/\/infoleg-autenticidade-assinatura.camara.leg.br\/CD243065701600<br \/>\nAssinado eletronicamente pelo(a) Dep. Dr. Frederico<br \/>\nApresenta\u00e7\u00e3o: 17\/10\/2024 13:12:05.273 &#8211; Mesa<br \/>\n*CD243065701600* PL n.3999\/2024Al\u00e9m disso, ele pode impactar negativamente a produtividade laboral, a<br \/>\nqualidade das rela\u00e7\u00f5es sociais e familiares e o bem-estar geral.<br \/>\nA proposta de cria\u00e7\u00e3o de uma semana de conscientiza\u00e7\u00e3o \u00e9 relevante<br \/>\npor v\u00e1rios motivos, entre eles porque possibilita que a sociedade compreenda<br \/>\nos efeitos do estresse e a import\u00e2ncia de sua gest\u00e3o, evitando que ele se torne<br \/>\num fator debilitante. O projeto tamb\u00e9m refor\u00e7a a import\u00e2ncia da promo\u00e7\u00e3o de<br \/>\npol\u00edticas de sa\u00fade p\u00fablica que contemplem o bem-estar mental como elemento<br \/>\npara a preven\u00e7\u00e3o de doen\u00e7as e para a constru\u00e7\u00e3o de uma sociedade com<br \/>\nindiv\u00edduos mais saud\u00e1veis e harm\u00f4nicos. A conscientiza\u00e7\u00e3o acerca dos fatores<br \/>\ndesencadeantes do estresse e das formas de enfrentamento, como a pr\u00e1tica<br \/>\nregular de exerc\u00edcios f\u00edsicos, t\u00e9cnicas de relaxamento, apoio psicoterap\u00eautico e<br \/>\na cria\u00e7\u00e3o de ambientes de trabalho saud\u00e1veis, s\u00e3o instrumentos fundamentais<br \/>\npara a redu\u00e7\u00e3o da preval\u00eancia de doen\u00e7as associadas ao estresse.<br \/>\nAdemais, foi escolhido o dia 23 de setembro pois coincide com a data<br \/>\nem que \u00e9 comemorado o Dia Internacional de Combate ao Estresse. Essa data<br \/>\ntamb\u00e9m \u00e9 marcada pelo in\u00edcio da primavera. Assim poder\u00e3o ser promovidas<br \/>\natividades educativas, palestras e campanhas de sa\u00fade p\u00fablica, visando<br \/>\nsensibilizar a popula\u00e7\u00e3o sobre os riscos do estresse n\u00e3o controlado e as<br \/>\nestrat\u00e9gias para uma vida mais saud\u00e1vel.<br \/>\nPor todo exposto, apresento este projeto de lei com o objetivo de<br \/>\npromover a dissemina\u00e7\u00e3o de informa\u00e7\u00f5es sobre os efeitos do estresse e<br \/>\nformas de preven\u00e7\u00e3o. Conto com o apoio dos nobres pares para que essa<br \/>\nproposta possa ser aprovada e assim promover mudan\u00e7as na realidade social.<br \/>\nSala das Sess\u00f5es, em 15 de outubro de 2024.<br \/>\nDeputado Federal Dr. Frederico<br \/>\nPRD-MG<br \/>\nPara verificar a assinatura, acesse https:\/\/infoleg-autenticidade-assinatura.camara.leg.br\/CD243065701600<br \/>\nAssinado eletronicamente pelo(a) Dep. Dr. Frederico<br \/>\nApresenta\u00e7\u00e3o: 17\/10\/2024 13:12:05.273 &#8211; Mesa<br \/>\n*CD243065701600* PL n.3999\/2024Para verificar a assinatura, acesse https:\/\/infoleg-autenticidade-assinatura.camara.leg.br\/CD243065701600<br \/>\nAssinado eletronicamente pelo(a) Dep. Dr. Frederico<br \/>\nApresenta\u00e7\u00e3o: 17\/10\/2024 13:12:05.273 &#8211; Mesa<br \/>\n*CD243065701600* PL n.3999\/2024<\/article>\n<div style=\"text-align: center\">\n<div style=\"margin-bottom: 20px;\" class=\"et_pb_button_module_wrapper et_pb_button_5_tb_body_wrapper et_pb_button_alignment_center et_pb_module \">\n         <a class=\"et_pb_button et_pb_button_5_tb_body et_hover_enabled et_pb_bg_layout_dark\" style=\"width: 50%;background-color: black;\" href=\"https:\/\/app.legislapp.com.br\" target=\"_blank\" rel=\"noopener\">Visualizar completo na nossa plataforma (30 dias gr\u00e1tis)<\/a><\/p><\/div>\n<p>      <a href=\"https:\/\/play.google.com\/store\/apps\/details?id=br.com.legislapp\"><img decoding=\"async\" style=\"width: 15%; min-width: 130px;\" src=\"https:\/\/www.legislapp.com.br\/wp-content\/uploads\/google-play.png\"><\/a><br \/>\n      <a href=\"https:\/\/apps.apple.com\/us\/app\/legislapp\/id1568929859\"><img decoding=\"async\" style=\"width: 15%; min-width: 130px\" src=\"https:\/\/www.legislapp.com.br\/wp-content\/uploads\/apple-store.png\"><\/a>\n   <\/div>\n","protected":false},"excerpt":{"rendered":"<p>C\u00e2mara &#8211; Autoria de Dr. Frederico Institui o Dia Nacional de Combate ao Estresse, a ser celebrado anualmente no dia 23 de setembro. PROJETO DE LEI N\u00ba , DE 2024 (Do Sr. Dr. Frederico) Institui o Dia Nacional de Combate ao Estresse, a ser celebrado anualmente no dia 23 de setembro. O Congresso Nacional decreta: [&hellip;]<\/p>\n","protected":false},"author":1,"featured_media":0,"parent":0,"menu_order":0,"comment_status":"closed","ping_status":"closed","template":"page-template-blank.php","meta":{"_et_pb_use_builder":"","_et_pb_old_content":"","_et_gb_content_width":"1080","ngg_post_thumbnail":0,"footnotes":""},"class_list":["post-5949","page","type-page","status-publish","hentry"],"yoast_head":"<!-- This site is optimized with the Yoast SEO plugin v24.4 - https:\/\/yoast.com\/wordpress\/plugins\/seo\/ -->\n<title>PL 3999\/2024 - Dr. Frederico - Legislapp<\/title>\n<meta name=\"robots\" content=\"index, follow, max-snippet:-1, max-image-preview:large, max-video-preview:-1\" \/>\n<link rel=\"canonical\" href=\"https:\/\/www.legislapp.com.br\/index.php\/camara-pl-3999-2024\/\" \/>\n<meta property=\"og:locale\" content=\"pt_BR\" \/>\n<meta property=\"og:type\" content=\"article\" \/>\n<meta property=\"og:title\" content=\"PL 3999\/2024 - Dr. Frederico - Legislapp\" \/>\n<meta property=\"og:description\" content=\"C\u00e2mara &#8211; Autoria de Dr. Frederico Institui o Dia Nacional de Combate ao Estresse, a ser celebrado anualmente no dia 23 de setembro. PROJETO DE LEI N\u00ba , DE 2024 (Do Sr. Dr. Frederico) Institui o Dia Nacional de Combate ao Estresse, a ser celebrado anualmente no dia 23 de setembro. O Congresso Nacional decreta: [&hellip;]\" \/>\n<meta property=\"og:url\" content=\"https:\/\/www.legislapp.com.br\/index.php\/camara-pl-3999-2024\/\" \/>\n<meta property=\"og:site_name\" content=\"Legislapp\" \/>\n<meta property=\"article:publisher\" content=\"https:\/\/www.instagram.com\/legislapp\/\" \/>\n<meta property=\"og:image\" content=\"https:\/\/www.camara.leg.br\/internet\/deputado\/bandep\/204518.jpg\" \/>\n<meta name=\"twitter:card\" content=\"summary_large_image\" \/>\n<meta name=\"twitter:label1\" content=\"Est. tempo de leitura\" \/>\n\t<meta name=\"twitter:data1\" content=\"5 minutos\" \/>\n<script type=\"application\/ld+json\" class=\"yoast-schema-graph\">{\"@context\":\"https:\/\/schema.org\",\"@graph\":[{\"@type\":\"WebPage\",\"@id\":\"https:\/\/www.legislapp.com.br\/index.php\/camara-pl-3999-2024\/\",\"url\":\"https:\/\/www.legislapp.com.br\/index.php\/camara-pl-3999-2024\/\",\"name\":\"PL 3999\/2024 - Dr. Frederico - Legislapp\",\"isPartOf\":{\"@id\":\"https:\/\/www.legislapp.com.br\/#website\"},\"primaryImageOfPage\":{\"@id\":\"https:\/\/www.legislapp.com.br\/index.php\/camara-pl-3999-2024\/#primaryimage\"},\"image\":{\"@id\":\"https:\/\/www.legislapp.com.br\/index.php\/camara-pl-3999-2024\/#primaryimage\"},\"thumbnailUrl\":\"https:\/\/www.camara.leg.br\/internet\/deputado\/bandep\/204518.jpg\",\"datePublished\":\"2025-06-25T13:12:09+00:00\",\"breadcrumb\":{\"@id\":\"https:\/\/www.legislapp.com.br\/index.php\/camara-pl-3999-2024\/#breadcrumb\"},\"inLanguage\":\"pt-BR\",\"potentialAction\":[{\"@type\":\"ReadAction\",\"target\":[\"https:\/\/www.legislapp.com.br\/index.php\/camara-pl-3999-2024\/\"]}]},{\"@type\":\"ImageObject\",\"inLanguage\":\"pt-BR\",\"@id\":\"https:\/\/www.legislapp.com.br\/index.php\/camara-pl-3999-2024\/#primaryimage\",\"url\":\"https:\/\/www.camara.leg.br\/internet\/deputado\/bandep\/204518.jpg\",\"contentUrl\":\"https:\/\/www.camara.leg.br\/internet\/deputado\/bandep\/204518.jpg\"},{\"@type\":\"BreadcrumbList\",\"@id\":\"https:\/\/www.legislapp.com.br\/index.php\/camara-pl-3999-2024\/#breadcrumb\",\"itemListElement\":[{\"@type\":\"ListItem\",\"position\":1,\"name\":\"In\u00edcio\",\"item\":\"https:\/\/www.legislapp.com.br\/\"},{\"@type\":\"ListItem\",\"position\":2,\"name\":\"PL 3999\/2024 &#8211; Dr. Frederico\"}]},{\"@type\":\"WebSite\",\"@id\":\"https:\/\/www.legislapp.com.br\/#website\",\"url\":\"https:\/\/www.legislapp.com.br\/\",\"name\":\"Legislapp\",\"description\":\"Intelig\u00eancia governamental em tempo real\",\"publisher\":{\"@id\":\"https:\/\/www.legislapp.com.br\/#organization\"},\"potentialAction\":[{\"@type\":\"SearchAction\",\"target\":{\"@type\":\"EntryPoint\",\"urlTemplate\":\"https:\/\/www.legislapp.com.br\/?s={search_term_string}\"},\"query-input\":{\"@type\":\"PropertyValueSpecification\",\"valueRequired\":true,\"valueName\":\"search_term_string\"}}],\"inLanguage\":\"pt-BR\"},{\"@type\":\"Organization\",\"@id\":\"https:\/\/www.legislapp.com.br\/#organization\",\"name\":\"Legislapp Monitoramento e Intelig\u00eancia Governamental\",\"url\":\"https:\/\/www.legislapp.com.br\/\",\"logo\":{\"@type\":\"ImageObject\",\"inLanguage\":\"pt-BR\",\"@id\":\"https:\/\/www.legislapp.com.br\/#\/schema\/logo\/image\/\",\"url\":\"https:\/\/www.legislapp.com.br\/wp-content\/uploads\/icon.png\",\"contentUrl\":\"https:\/\/www.legislapp.com.br\/wp-content\/uploads\/icon.png\",\"width\":1024,\"height\":1024,\"caption\":\"Legislapp Monitoramento e Intelig\u00eancia Governamental\"},\"image\":{\"@id\":\"https:\/\/www.legislapp.com.br\/#\/schema\/logo\/image\/\"},\"sameAs\":[\"https:\/\/www.instagram.com\/legislapp\/\"]}]}<\/script>\n<!-- \/ Yoast SEO plugin. -->","yoast_head_json":{"title":"PL 3999\/2024 - Dr. Frederico - Legislapp","robots":{"index":"index","follow":"follow","max-snippet":"max-snippet:-1","max-image-preview":"max-image-preview:large","max-video-preview":"max-video-preview:-1"},"canonical":"https:\/\/www.legislapp.com.br\/index.php\/camara-pl-3999-2024\/","og_locale":"pt_BR","og_type":"article","og_title":"PL 3999\/2024 - Dr. Frederico - Legislapp","og_description":"C\u00e2mara &#8211; Autoria de Dr. Frederico Institui o Dia Nacional de Combate ao Estresse, a ser celebrado anualmente no dia 23 de setembro. PROJETO DE LEI N\u00ba , DE 2024 (Do Sr. Dr. Frederico) Institui o Dia Nacional de Combate ao Estresse, a ser celebrado anualmente no dia 23 de setembro. O Congresso Nacional decreta: [&hellip;]","og_url":"https:\/\/www.legislapp.com.br\/index.php\/camara-pl-3999-2024\/","og_site_name":"Legislapp","article_publisher":"https:\/\/www.instagram.com\/legislapp\/","og_image":[{"url":"https:\/\/www.camara.leg.br\/internet\/deputado\/bandep\/204518.jpg","type":"","width":"","height":""}],"twitter_card":"summary_large_image","twitter_misc":{"Est. tempo de leitura":"5 minutos"},"schema":{"@context":"https:\/\/schema.org","@graph":[{"@type":"WebPage","@id":"https:\/\/www.legislapp.com.br\/index.php\/camara-pl-3999-2024\/","url":"https:\/\/www.legislapp.com.br\/index.php\/camara-pl-3999-2024\/","name":"PL 3999\/2024 - Dr. Frederico - Legislapp","isPartOf":{"@id":"https:\/\/www.legislapp.com.br\/#website"},"primaryImageOfPage":{"@id":"https:\/\/www.legislapp.com.br\/index.php\/camara-pl-3999-2024\/#primaryimage"},"image":{"@id":"https:\/\/www.legislapp.com.br\/index.php\/camara-pl-3999-2024\/#primaryimage"},"thumbnailUrl":"https:\/\/www.camara.leg.br\/internet\/deputado\/bandep\/204518.jpg","datePublished":"2025-06-25T13:12:09+00:00","breadcrumb":{"@id":"https:\/\/www.legislapp.com.br\/index.php\/camara-pl-3999-2024\/#breadcrumb"},"inLanguage":"pt-BR","potentialAction":[{"@type":"ReadAction","target":["https:\/\/www.legislapp.com.br\/index.php\/camara-pl-3999-2024\/"]}]},{"@type":"ImageObject","inLanguage":"pt-BR","@id":"https:\/\/www.legislapp.com.br\/index.php\/camara-pl-3999-2024\/#primaryimage","url":"https:\/\/www.camara.leg.br\/internet\/deputado\/bandep\/204518.jpg","contentUrl":"https:\/\/www.camara.leg.br\/internet\/deputado\/bandep\/204518.jpg"},{"@type":"BreadcrumbList","@id":"https:\/\/www.legislapp.com.br\/index.php\/camara-pl-3999-2024\/#breadcrumb","itemListElement":[{"@type":"ListItem","position":1,"name":"In\u00edcio","item":"https:\/\/www.legislapp.com.br\/"},{"@type":"ListItem","position":2,"name":"PL 3999\/2024 &#8211; Dr. Frederico"}]},{"@type":"WebSite","@id":"https:\/\/www.legislapp.com.br\/#website","url":"https:\/\/www.legislapp.com.br\/","name":"Legislapp","description":"Intelig\u00eancia governamental em tempo real","publisher":{"@id":"https:\/\/www.legislapp.com.br\/#organization"},"potentialAction":[{"@type":"SearchAction","target":{"@type":"EntryPoint","urlTemplate":"https:\/\/www.legislapp.com.br\/?s={search_term_string}"},"query-input":{"@type":"PropertyValueSpecification","valueRequired":true,"valueName":"search_term_string"}}],"inLanguage":"pt-BR"},{"@type":"Organization","@id":"https:\/\/www.legislapp.com.br\/#organization","name":"Legislapp Monitoramento e Intelig\u00eancia Governamental","url":"https:\/\/www.legislapp.com.br\/","logo":{"@type":"ImageObject","inLanguage":"pt-BR","@id":"https:\/\/www.legislapp.com.br\/#\/schema\/logo\/image\/","url":"https:\/\/www.legislapp.com.br\/wp-content\/uploads\/icon.png","contentUrl":"https:\/\/www.legislapp.com.br\/wp-content\/uploads\/icon.png","width":1024,"height":1024,"caption":"Legislapp Monitoramento e Intelig\u00eancia Governamental"},"image":{"@id":"https:\/\/www.legislapp.com.br\/#\/schema\/logo\/image\/"},"sameAs":["https:\/\/www.instagram.com\/legislapp\/"]}]}},"_links":{"self":[{"href":"https:\/\/www.legislapp.com.br\/index.php\/wp-json\/wp\/v2\/pages\/5949","targetHints":{"allow":["GET"]}}],"collection":[{"href":"https:\/\/www.legislapp.com.br\/index.php\/wp-json\/wp\/v2\/pages"}],"about":[{"href":"https:\/\/www.legislapp.com.br\/index.php\/wp-json\/wp\/v2\/types\/page"}],"author":[{"embeddable":true,"href":"https:\/\/www.legislapp.com.br\/index.php\/wp-json\/wp\/v2\/users\/1"}],"replies":[{"embeddable":true,"href":"https:\/\/www.legislapp.com.br\/index.php\/wp-json\/wp\/v2\/comments?post=5949"}],"version-history":[{"count":0,"href":"https:\/\/www.legislapp.com.br\/index.php\/wp-json\/wp\/v2\/pages\/5949\/revisions"}],"wp:attachment":[{"href":"https:\/\/www.legislapp.com.br\/index.php\/wp-json\/wp\/v2\/media?parent=5949"}],"curies":[{"name":"wp","href":"https:\/\/api.w.org\/{rel}","templated":true}]}}