{"id":5960,"date":"2025-06-25T10:12:48","date_gmt":"2025-06-25T13:12:48","guid":{"rendered":"https:\/\/www.legislapp.com.br\/index.php\/camara-pl-3276-2024\/"},"modified":"2025-06-25T10:12:48","modified_gmt":"2025-06-25T13:12:48","slug":"camara-pl-3276-2024","status":"publish","type":"page","link":"https:\/\/www.legislapp.com.br\/index.php\/camara-pl-3276-2024\/","title":{"rendered":"PL 3276\/2024 &#8211; Julio Lopes"},"content":{"rendered":"<h1 style='text-align: center;'>C\u00e2mara &#8211; Autoria de Julio Lopes<br \/><img src='https:\/\/www.camara.leg.br\/internet\/deputado\/bandep\/74253.jpg' alt='Julio Lopes' \/><\/h3>\n<p><\/p>\n<article style='text-align: center'>Define pr\u00eamios, que n\u00e3o integram o sal\u00e1rio de contribui\u00e7\u00e3o, na forma do art. 28, \u00a7 9\u00ba, \u201cz\u201d, da Lei n\u00b0 8.212, de 24 de julho de 1991.<\/article>\n<p><\/p>\n<p style='text-align: center'><a href='https:\/\/app.legislapp.com.br\/#\/busca?termo='><\/a><\/p>\n<p><\/p>\n<article>PROJETO DE LEI N\u00ba          , DE 2024<br \/>\n(Do Sr. JULIO LOPES)<br \/>\nDefine pr\u00eamios, que n\u00e3o integram o<br \/>\nsal\u00e1rio de contribui\u00e7\u00e3o, na forma do art. 28,<br \/>\n\u00a7 9\u00ba, \u201cz\u201d, da Lei n\u00b0 8.212, de 24 de julho de<br \/>\n1991.<br \/>\nO Congresso Nacional decreta:<br \/>\nArt. 1\u00ba O art. 28 da Lei n\u00b0 8.212, de 24 de julho de 1991, passa<br \/>\na vigorar acrescido do seguinte \u00a712:<br \/>\n\u201cArt. 28&#8230;&#8230;&#8230;&#8230;&#8230;&#8230;&#8230;&#8230;&#8230;&#8230;&#8230;&#8230;&#8230;&#8230;&#8230;&#8230;&#8230;&#8230;&#8230;&#8230;&#8230;&#8230;&#8230;&#8230;&#8230;&#8230;&#8230;&#8230;&#8230;&#8230;<br \/>\n&#8230;&#8230;&#8230;&#8230;&#8230;&#8230;&#8230;&#8230;&#8230;&#8230;&#8230;&#8230;&#8230;&#8230;&#8230;&#8230;&#8230;&#8230;&#8230;&#8230;&#8230;&#8230;&#8230;&#8230;&#8230;&#8230;&#8230;&#8230;&#8230;&#8230;&#8230;&#8230;&#8230;..<br \/>\n.<br \/>\n\u00a7 12. Consideram-se pr\u00eamios, de que trata a al\u00ednea z do \u00a7 9\u00ba,<br \/>\nas liberalidades concedidas, na forma de bens, servi\u00e7os ou<br \/>\nvalor em dinheiro, em raz\u00e3o de desempenho superior ao<br \/>\nordinariamente esperado no exerc\u00edcio de suas atividades, a<br \/>\nempregado ou a grupo de empregados ou pelo fornecedor a<br \/>\ncontribuinte individual, com o qual n\u00e3o mantenha rela\u00e7\u00e3o de<br \/>\nemprego, pela venda de seus produtos.\u201d (NR)<br \/>\nArt. 2\u00ba Esta Lei entra em vigor na data de sua publica\u00e7\u00e3o.<br \/>\nJUSTIFICA\u00c7\u00c3O<br \/>\nA Reforma Trabalhista (Lei n\u00ba 13.467, de 2017) alterou a<br \/>\nConsolida\u00e7\u00e3o das Leis do Trabalho \u2013 CLT para reconhecer que os pr\u00eamios, por<br \/>\nela definidos como \u201cas liberalidades concedidas pelo empregador em forma de<br \/>\nbens, servi\u00e7os ou valor em dinheiro a empregado ou a grupo de empregados,<br \/>\nem raz\u00e3o de desempenho superior ao ordinariamente esperado no exerc\u00edcio de<br \/>\nsuas atividades\u201d, n\u00e3o integram a remunera\u00e7\u00e3o do empregado.<br \/>\nPara verificar a assinatura, acesse https:\/\/infoleg-autenticidade-assinatura.camara.leg.br\/CD248884685800<br \/>\nAssinado eletronicamente pelo(a) Dep. Julio Lopes<br \/>\nApresenta\u00e7\u00e3o: 22\/08\/2024 13:39:12.413 &#8211; Mesa<br \/>\n*CD248884685800* PL n.3276\/2024Consequentemente, foi alterada tamb\u00e9m a Lei n\u00ba 8.212, de 24<br \/>\nde julho de 1991, o Plano de Custeio da Seguridade Social, para dispor que os<br \/>\npr\u00eamios n\u00e3o integram o sal\u00e1rio de contribui\u00e7\u00e3o (art. 28, \u00a7 9\u00ba, al\u00ednea z). Os<br \/>\nincisos I e III do caput do art. 28 da Lei n\u00ba 8.212, de 1991, definem sal\u00e1rio de<br \/>\ncontribui\u00e7\u00e3o para empregados (e avulsos) e contribuintes individuais,<br \/>\nrespectivamente como \u201ca remunera\u00e7\u00e3o auferida em uma ou mais empresas,<br \/>\nassim entendida a totalidade dos rendimentos pagos, devidos ou creditados a<br \/>\nqualquer t\u00edtulo, durante o m\u00eas, destinados a retribuir o trabalho, qualquer que<br \/>\nseja a sua forma, inclusive as gorjetas, os ganhos habituais sob a forma de<br \/>\nutilidades e os adiantamentos decorrentes de reajuste salarial, quer pelos<br \/>\nservi\u00e7os efetivamente prestados, quer pelo tempo \u00e0 disposi\u00e7\u00e3o do empregador<br \/>\nou tomador de servi\u00e7os nos termos da lei ou do contrato ou, ainda, de<br \/>\nconven\u00e7\u00e3o ou acordo coletivo de trabalho ou senten\u00e7a normativa\u201d e \u201ca<br \/>\nremunera\u00e7\u00e3o auferida em uma ou mais empresas ou pelo exerc\u00edcio de sua<br \/>\natividade por conta pr\u00f3pria, durante o m\u00eas\u201d, observado o limite m\u00e1ximo do<br \/>\n1<br \/>\nsal\u00e1rio de contribui\u00e7\u00e3o, atualmente fixado em R$ 7.786,02 .<br \/>\nApesar de ter sido prevista a exclus\u00e3o dos pr\u00eamios do sal\u00e1rio<br \/>\nde contribui\u00e7\u00e3o, a Lei n\u00ba 8.212, de 1991, n\u00e3o foi alterada para definir pr\u00eamio<br \/>\npara fins de aplica\u00e7\u00e3o da legisla\u00e7\u00e3o previdenci\u00e1ria, o que pretendemos corrigir<br \/>\npor meio do presente Projeto de Lei.<br \/>\nAs premia\u00e7\u00f5es a empregados s\u00e3o aquelas concedidas pelo<br \/>\nempregador para reconhecer o desempenho extraordin\u00e1rio de seu empregado<br \/>\nou de um grupo de empregados, enquanto as premia\u00e7\u00f5es a contribuintes<br \/>\nindividuais s\u00e3o aquelas concedidas pelo desempenho extraordin\u00e1rio na venda<br \/>\nde seus produtos ao consumidor final. Um vendedor de uma loja de celulares,<br \/>\npor exemplo, precisa saber as fun\u00e7\u00f5es do aparelho para vend\u00ea-lo ao<br \/>\nconsumidor e para tanto recebe treinamento da ind\u00fastria, que n\u00e3o \u00e9 seu<br \/>\nempregador. Assim, \u00e9 comum empresas com atividade industrial institu\u00edrem<br \/>\ncampanhas de incentivo \u00e0s vendas de seus produtos, por meio do pagamento<br \/>\nde pr\u00eamios aos melhores vendedores do com\u00e9rcio.<br \/>\n1<br \/>\n https:\/\/www.in.gov.br\/en\/web\/dou\/-\/portaria-interministerial-mps\/mf-n-2-de-11-de-janeiro-de-2024-<br \/>\n537035232<br \/>\nPara verificar a assinatura, acesse https:\/\/infoleg-autenticidade-assinatura.camara.leg.br\/CD248884685800<br \/>\nAssinado eletronicamente pelo(a) Dep. Julio Lopes<br \/>\nApresenta\u00e7\u00e3o: 22\/08\/2024 13:39:12.413 &#8211; Mesa<br \/>\n*CD248884685800* PL n.3276\/2024Portanto, a altera\u00e7\u00e3o proposta visa a definir pr\u00eamios a<br \/>\nempregados e a contribuintes individuais na Lei n\u00ba 8.212, 1991, de modo que<br \/>\nfique mais clara a n\u00e3o incid\u00eancia da contribui\u00e7\u00e3o previdenci\u00e1ria sobre essa<br \/>\nparcela. A proposta est\u00e1 alinhada inclusive \u00e0 defini\u00e7\u00e3o de pr\u00eamios no art. 34,<br \/>\ninc. V, \u201cl\u201d, da Instru\u00e7\u00e3o Normativa n\u00ba 2.110, de 2022, da Receita Federal do<br \/>\nBrasil, que os define como \u201cas liberalidades concedidas pelo empregador em<br \/>\nforma de bens, servi\u00e7os ou valor em dinheiro a empregado ou a grupo de<br \/>\nempregados, em raz\u00e3o de desempenho superior ao ordinariamente esperado<br \/>\n2<br \/>\nno exerc\u00edcio de suas atividades\u201d , embora a defini\u00e7\u00e3o ora proposta seja mais<br \/>\nampla, por incluir tamb\u00e9m os contribuintes individuais. Apenas cuidamos de<br \/>\nprever, ainda, a possibilidade de concess\u00e3o dos pr\u00eamios pelo fornecedor a<br \/>\ncontribuinte individual, com o qual n\u00e3o mantenha rela\u00e7\u00e3o de emprego, pela<br \/>\nvenda de seus produtos, o que tamb\u00e9m est\u00e1 vinculado \u00e0 comprova\u00e7\u00e3o de<br \/>\nconcess\u00e3o em raz\u00e3o de desempenho superior ao ordinariamente esperado no<br \/>\nexerc\u00edcio de suas atividades.<br \/>\nPelo exposto, contamos com o apoio dos nobres Pares, a fim<br \/>\nde que sejam definidos os pr\u00eamios na legisla\u00e7\u00e3o previdenci\u00e1ria, conferindo<br \/>\nmaior transpar\u00eancia \u00e0 legisla\u00e7\u00e3o.<br \/>\nSala das Sess\u00f5es, em        de                     de 2024.<br \/>\nDeputado JULIO LOPES<br \/>\n2<br \/>\n http:\/\/normas.receita.fazenda.gov.br\/sijut2consulta\/link.action?idAto=126687<br \/>\nPara verificar a assinatura, acesse https:\/\/infoleg-autenticidade-assinatura.camara.leg.br\/CD248884685800<br \/>\nAssinado eletronicamente pelo(a) Dep. Julio Lopes<br \/>\nApresenta\u00e7\u00e3o: 22\/08\/2024 13:39:12.413 &#8211; Mesa<br \/>\n*CD248884685800* PL n.3276\/2024<\/article>\n<div style=\"text-align: center\">\n<div style=\"margin-bottom: 20px;\" class=\"et_pb_button_module_wrapper et_pb_button_5_tb_body_wrapper et_pb_button_alignment_center et_pb_module \">\n         <a class=\"et_pb_button et_pb_button_5_tb_body et_hover_enabled et_pb_bg_layout_dark\" style=\"width: 50%;background-color: black;\" href=\"https:\/\/app.legislapp.com.br\" target=\"_blank\" rel=\"noopener\">Visualizar completo na nossa plataforma (30 dias gr\u00e1tis)<\/a><\/p><\/div>\n<p>      <a href=\"https:\/\/play.google.com\/store\/apps\/details?id=br.com.legislapp\"><img decoding=\"async\" style=\"width: 15%; min-width: 130px;\" src=\"https:\/\/www.legislapp.com.br\/wp-content\/uploads\/google-play.png\"><\/a><br \/>\n      <a href=\"https:\/\/apps.apple.com\/us\/app\/legislapp\/id1568929859\"><img decoding=\"async\" style=\"width: 15%; min-width: 130px\" src=\"https:\/\/www.legislapp.com.br\/wp-content\/uploads\/apple-store.png\"><\/a>\n   <\/div>\n","protected":false},"excerpt":{"rendered":"<p>C\u00e2mara &#8211; Autoria de Julio Lopes Define pr\u00eamios, que n\u00e3o integram o sal\u00e1rio de contribui\u00e7\u00e3o, na forma do art. 28, \u00a7 9\u00ba, \u201cz\u201d, da Lei n\u00b0 8.212, de 24 de julho de 1991. PROJETO DE LEI N\u00ba , DE 2024 (Do Sr. JULIO LOPES) Define pr\u00eamios, que n\u00e3o integram o sal\u00e1rio de contribui\u00e7\u00e3o, na forma [&hellip;]<\/p>\n","protected":false},"author":1,"featured_media":0,"parent":0,"menu_order":0,"comment_status":"closed","ping_status":"closed","template":"page-template-blank.php","meta":{"_et_pb_use_builder":"","_et_pb_old_content":"","_et_gb_content_width":"1080","ngg_post_thumbnail":0,"footnotes":""},"class_list":["post-5960","page","type-page","status-publish","hentry"],"yoast_head":"<!-- This site is optimized with the Yoast SEO plugin v24.4 - https:\/\/yoast.com\/wordpress\/plugins\/seo\/ -->\n<title>PL 3276\/2024 - Julio Lopes - Legislapp<\/title>\n<meta name=\"robots\" content=\"index, follow, max-snippet:-1, max-image-preview:large, max-video-preview:-1\" \/>\n<link rel=\"canonical\" href=\"https:\/\/www.legislapp.com.br\/index.php\/camara-pl-3276-2024\/\" \/>\n<meta property=\"og:locale\" content=\"pt_BR\" \/>\n<meta property=\"og:type\" content=\"article\" \/>\n<meta property=\"og:title\" content=\"PL 3276\/2024 - Julio Lopes - Legislapp\" \/>\n<meta property=\"og:description\" content=\"C\u00e2mara &#8211; Autoria de Julio Lopes Define pr\u00eamios, que n\u00e3o integram o sal\u00e1rio de contribui\u00e7\u00e3o, na forma do art. 28, \u00a7 9\u00ba, \u201cz\u201d, da Lei n\u00b0 8.212, de 24 de julho de 1991. PROJETO DE LEI N\u00ba , DE 2024 (Do Sr. JULIO LOPES) Define pr\u00eamios, que n\u00e3o integram o sal\u00e1rio de contribui\u00e7\u00e3o, na forma [&hellip;]\" \/>\n<meta property=\"og:url\" content=\"https:\/\/www.legislapp.com.br\/index.php\/camara-pl-3276-2024\/\" \/>\n<meta property=\"og:site_name\" content=\"Legislapp\" \/>\n<meta property=\"article:publisher\" content=\"https:\/\/www.instagram.com\/legislapp\/\" \/>\n<meta property=\"og:image\" content=\"https:\/\/www.camara.leg.br\/internet\/deputado\/bandep\/74253.jpg\" \/>\n<meta name=\"twitter:card\" content=\"summary_large_image\" \/>\n<meta name=\"twitter:label1\" content=\"Est. tempo de leitura\" \/>\n\t<meta name=\"twitter:data1\" content=\"5 minutos\" \/>\n<script type=\"application\/ld+json\" class=\"yoast-schema-graph\">{\"@context\":\"https:\/\/schema.org\",\"@graph\":[{\"@type\":\"WebPage\",\"@id\":\"https:\/\/www.legislapp.com.br\/index.php\/camara-pl-3276-2024\/\",\"url\":\"https:\/\/www.legislapp.com.br\/index.php\/camara-pl-3276-2024\/\",\"name\":\"PL 3276\/2024 - Julio Lopes - Legislapp\",\"isPartOf\":{\"@id\":\"https:\/\/www.legislapp.com.br\/#website\"},\"primaryImageOfPage\":{\"@id\":\"https:\/\/www.legislapp.com.br\/index.php\/camara-pl-3276-2024\/#primaryimage\"},\"image\":{\"@id\":\"https:\/\/www.legislapp.com.br\/index.php\/camara-pl-3276-2024\/#primaryimage\"},\"thumbnailUrl\":\"https:\/\/www.camara.leg.br\/internet\/deputado\/bandep\/74253.jpg\",\"datePublished\":\"2025-06-25T13:12:48+00:00\",\"breadcrumb\":{\"@id\":\"https:\/\/www.legislapp.com.br\/index.php\/camara-pl-3276-2024\/#breadcrumb\"},\"inLanguage\":\"pt-BR\",\"potentialAction\":[{\"@type\":\"ReadAction\",\"target\":[\"https:\/\/www.legislapp.com.br\/index.php\/camara-pl-3276-2024\/\"]}]},{\"@type\":\"ImageObject\",\"inLanguage\":\"pt-BR\",\"@id\":\"https:\/\/www.legislapp.com.br\/index.php\/camara-pl-3276-2024\/#primaryimage\",\"url\":\"https:\/\/www.camara.leg.br\/internet\/deputado\/bandep\/74253.jpg\",\"contentUrl\":\"https:\/\/www.camara.leg.br\/internet\/deputado\/bandep\/74253.jpg\"},{\"@type\":\"BreadcrumbList\",\"@id\":\"https:\/\/www.legislapp.com.br\/index.php\/camara-pl-3276-2024\/#breadcrumb\",\"itemListElement\":[{\"@type\":\"ListItem\",\"position\":1,\"name\":\"In\u00edcio\",\"item\":\"https:\/\/www.legislapp.com.br\/\"},{\"@type\":\"ListItem\",\"position\":2,\"name\":\"PL 3276\/2024 &#8211; Julio Lopes\"}]},{\"@type\":\"WebSite\",\"@id\":\"https:\/\/www.legislapp.com.br\/#website\",\"url\":\"https:\/\/www.legislapp.com.br\/\",\"name\":\"Legislapp\",\"description\":\"Intelig\u00eancia governamental em tempo real\",\"publisher\":{\"@id\":\"https:\/\/www.legislapp.com.br\/#organization\"},\"potentialAction\":[{\"@type\":\"SearchAction\",\"target\":{\"@type\":\"EntryPoint\",\"urlTemplate\":\"https:\/\/www.legislapp.com.br\/?s={search_term_string}\"},\"query-input\":{\"@type\":\"PropertyValueSpecification\",\"valueRequired\":true,\"valueName\":\"search_term_string\"}}],\"inLanguage\":\"pt-BR\"},{\"@type\":\"Organization\",\"@id\":\"https:\/\/www.legislapp.com.br\/#organization\",\"name\":\"Legislapp Monitoramento e Intelig\u00eancia Governamental\",\"url\":\"https:\/\/www.legislapp.com.br\/\",\"logo\":{\"@type\":\"ImageObject\",\"inLanguage\":\"pt-BR\",\"@id\":\"https:\/\/www.legislapp.com.br\/#\/schema\/logo\/image\/\",\"url\":\"https:\/\/www.legislapp.com.br\/wp-content\/uploads\/icon.png\",\"contentUrl\":\"https:\/\/www.legislapp.com.br\/wp-content\/uploads\/icon.png\",\"width\":1024,\"height\":1024,\"caption\":\"Legislapp Monitoramento e Intelig\u00eancia Governamental\"},\"image\":{\"@id\":\"https:\/\/www.legislapp.com.br\/#\/schema\/logo\/image\/\"},\"sameAs\":[\"https:\/\/www.instagram.com\/legislapp\/\"]}]}<\/script>\n<!-- \/ Yoast SEO plugin. -->","yoast_head_json":{"title":"PL 3276\/2024 - Julio Lopes - Legislapp","robots":{"index":"index","follow":"follow","max-snippet":"max-snippet:-1","max-image-preview":"max-image-preview:large","max-video-preview":"max-video-preview:-1"},"canonical":"https:\/\/www.legislapp.com.br\/index.php\/camara-pl-3276-2024\/","og_locale":"pt_BR","og_type":"article","og_title":"PL 3276\/2024 - Julio Lopes - Legislapp","og_description":"C\u00e2mara &#8211; Autoria de Julio Lopes Define pr\u00eamios, que n\u00e3o integram o sal\u00e1rio de contribui\u00e7\u00e3o, na forma do art. 28, \u00a7 9\u00ba, \u201cz\u201d, da Lei n\u00b0 8.212, de 24 de julho de 1991. PROJETO DE LEI N\u00ba , DE 2024 (Do Sr. JULIO LOPES) Define pr\u00eamios, que n\u00e3o integram o sal\u00e1rio de contribui\u00e7\u00e3o, na forma [&hellip;]","og_url":"https:\/\/www.legislapp.com.br\/index.php\/camara-pl-3276-2024\/","og_site_name":"Legislapp","article_publisher":"https:\/\/www.instagram.com\/legislapp\/","og_image":[{"url":"https:\/\/www.camara.leg.br\/internet\/deputado\/bandep\/74253.jpg","type":"","width":"","height":""}],"twitter_card":"summary_large_image","twitter_misc":{"Est. tempo de leitura":"5 minutos"},"schema":{"@context":"https:\/\/schema.org","@graph":[{"@type":"WebPage","@id":"https:\/\/www.legislapp.com.br\/index.php\/camara-pl-3276-2024\/","url":"https:\/\/www.legislapp.com.br\/index.php\/camara-pl-3276-2024\/","name":"PL 3276\/2024 - Julio Lopes - Legislapp","isPartOf":{"@id":"https:\/\/www.legislapp.com.br\/#website"},"primaryImageOfPage":{"@id":"https:\/\/www.legislapp.com.br\/index.php\/camara-pl-3276-2024\/#primaryimage"},"image":{"@id":"https:\/\/www.legislapp.com.br\/index.php\/camara-pl-3276-2024\/#primaryimage"},"thumbnailUrl":"https:\/\/www.camara.leg.br\/internet\/deputado\/bandep\/74253.jpg","datePublished":"2025-06-25T13:12:48+00:00","breadcrumb":{"@id":"https:\/\/www.legislapp.com.br\/index.php\/camara-pl-3276-2024\/#breadcrumb"},"inLanguage":"pt-BR","potentialAction":[{"@type":"ReadAction","target":["https:\/\/www.legislapp.com.br\/index.php\/camara-pl-3276-2024\/"]}]},{"@type":"ImageObject","inLanguage":"pt-BR","@id":"https:\/\/www.legislapp.com.br\/index.php\/camara-pl-3276-2024\/#primaryimage","url":"https:\/\/www.camara.leg.br\/internet\/deputado\/bandep\/74253.jpg","contentUrl":"https:\/\/www.camara.leg.br\/internet\/deputado\/bandep\/74253.jpg"},{"@type":"BreadcrumbList","@id":"https:\/\/www.legislapp.com.br\/index.php\/camara-pl-3276-2024\/#breadcrumb","itemListElement":[{"@type":"ListItem","position":1,"name":"In\u00edcio","item":"https:\/\/www.legislapp.com.br\/"},{"@type":"ListItem","position":2,"name":"PL 3276\/2024 &#8211; Julio Lopes"}]},{"@type":"WebSite","@id":"https:\/\/www.legislapp.com.br\/#website","url":"https:\/\/www.legislapp.com.br\/","name":"Legislapp","description":"Intelig\u00eancia governamental em tempo real","publisher":{"@id":"https:\/\/www.legislapp.com.br\/#organization"},"potentialAction":[{"@type":"SearchAction","target":{"@type":"EntryPoint","urlTemplate":"https:\/\/www.legislapp.com.br\/?s={search_term_string}"},"query-input":{"@type":"PropertyValueSpecification","valueRequired":true,"valueName":"search_term_string"}}],"inLanguage":"pt-BR"},{"@type":"Organization","@id":"https:\/\/www.legislapp.com.br\/#organization","name":"Legislapp Monitoramento e Intelig\u00eancia Governamental","url":"https:\/\/www.legislapp.com.br\/","logo":{"@type":"ImageObject","inLanguage":"pt-BR","@id":"https:\/\/www.legislapp.com.br\/#\/schema\/logo\/image\/","url":"https:\/\/www.legislapp.com.br\/wp-content\/uploads\/icon.png","contentUrl":"https:\/\/www.legislapp.com.br\/wp-content\/uploads\/icon.png","width":1024,"height":1024,"caption":"Legislapp Monitoramento e Intelig\u00eancia Governamental"},"image":{"@id":"https:\/\/www.legislapp.com.br\/#\/schema\/logo\/image\/"},"sameAs":["https:\/\/www.instagram.com\/legislapp\/"]}]}},"_links":{"self":[{"href":"https:\/\/www.legislapp.com.br\/index.php\/wp-json\/wp\/v2\/pages\/5960","targetHints":{"allow":["GET"]}}],"collection":[{"href":"https:\/\/www.legislapp.com.br\/index.php\/wp-json\/wp\/v2\/pages"}],"about":[{"href":"https:\/\/www.legislapp.com.br\/index.php\/wp-json\/wp\/v2\/types\/page"}],"author":[{"embeddable":true,"href":"https:\/\/www.legislapp.com.br\/index.php\/wp-json\/wp\/v2\/users\/1"}],"replies":[{"embeddable":true,"href":"https:\/\/www.legislapp.com.br\/index.php\/wp-json\/wp\/v2\/comments?post=5960"}],"version-history":[{"count":0,"href":"https:\/\/www.legislapp.com.br\/index.php\/wp-json\/wp\/v2\/pages\/5960\/revisions"}],"wp:attachment":[{"href":"https:\/\/www.legislapp.com.br\/index.php\/wp-json\/wp\/v2\/media?parent=5960"}],"curies":[{"name":"wp","href":"https:\/\/api.w.org\/{rel}","templated":true}]}}