{"id":5961,"date":"2025-06-25T10:12:53","date_gmt":"2025-06-25T13:12:53","guid":{"rendered":"https:\/\/www.legislapp.com.br\/index.php\/camara-pl-3965-2024\/"},"modified":"2025-06-25T10:12:53","modified_gmt":"2025-06-25T13:12:53","slug":"camara-pl-3965-2024","status":"publish","type":"page","link":"https:\/\/www.legislapp.com.br\/index.php\/camara-pl-3965-2024\/","title":{"rendered":"PL 3965\/2024 &#8211; Tarc\u00edsio Motta"},"content":{"rendered":"<h1 style='text-align: center;'>C\u00e2mara &#8211; Autoria de Tarc\u00edsio Motta<br \/><img src='https:\/\/www.camara.leg.br\/internet\/deputado\/bandep\/220598.jpg' alt='Tarc\u00edsio Motta' \/><\/h3>\n<p><\/p>\n<article style='text-align: center'>Institui o feriado escolar e o dia nacional dos professores, professoras e profissionais de educa\u00e7\u00e3o<\/article>\n<p><\/p>\n<p style='text-align: center'><a href='https:\/\/app.legislapp.com.br\/#\/busca?termo=Cria\u00e7\u00e3o'>Cria\u00e7\u00e3o<\/a>, <a href='https:\/\/app.legislapp.com.br\/#\/busca?termo=Dia Nacional dos Professores'>Dia Nacional dos Professores<\/a>, <a href='https:\/\/app.legislapp.com.br\/#\/busca?termo=Professoras e Profissionais de Educa\u00e7\u00e3o'>Professoras e Profissionais de Educa\u00e7\u00e3o<\/a>, <a href='https:\/\/app.legislapp.com.br\/#\/busca?termo=feriado letivo'>feriado letivo<\/a>, <a href='https:\/\/app.legislapp.com.br\/#\/busca?termo=data comemorativa'>data comemorativa<\/a>, <a href='https:\/\/app.legislapp.com.br\/#\/busca?termo=outubro.'>outubro.<\/a><\/p>\n<p><\/p>\n<article>C\u00c2MARA DOS DEPUTADOS<br \/>\nGABINETE DO DEPUTADO TARC\u00cdSIO MOTTA \u2013 PSOL\/RJ<br \/>\nPROJETO DE LEI N\u00ba           , DE 2024.<br \/>\n(do Sr. TARC\u00cdSIO MOTTA)<br \/>\nInstitui o feriado escolar e o dia nacional dos<br \/>\nprofessores, professoras e profissionais de<br \/>\neduca\u00e7\u00e3o<br \/>\nO CONGRESSO NACIONAL decreta:<br \/>\nArt. 1\u00ba \u00c9 institu\u00eddo o Dia Nacional dos Professores, Professoras e<br \/>\nProfissionais de Educa\u00e7\u00e3o, a ser celebrado, anualmente, no dia 15 de outubro.<br \/>\nArt. 2\u00ba O dia 15 de outubro, dedicado aos professores, professoras e<br \/>\nprofissionais de educa\u00e7\u00e3o, fica declarado como feriado escolar em todo o territ\u00f3rio<br \/>\nnacional.<br \/>\nPar\u00e1grafo \u00fanico. Ficam suspensas, no dia 15 de outubro, as atividades normais e<br \/>\nn\u00e3o essenciais em todos os estabelecimentos e unidades de ensino do Pa\u00eds.<br \/>\nArt. 3\u00ba Esta Lei entra em vigor na data de sua publica\u00e7\u00e3o.<br \/>\nJUSTIFICA\u00c7\u00c3O<br \/>\nO presente projeto de lei institui o 15 de outubro como feriado escolar e dia<br \/>\nnacional dos professores, professoras e profissionais de educa\u00e7\u00e3o, data que j\u00e1<br \/>\nconfigura feriado escolar pelo Decreto 52.682, de 14 de outubro de 1963.<br \/>\nC\u00e2mara dos Deputados | Anexo IV \u2013 Gabinete 413 | CEP 70160-900 Bras\u00edlia-DF Tel (61) 3215-5413<br \/>\nPara verificar a assinatura, acesse https:\/\/infoleg-autenticidade-assinatura.camara.leg.br\/CD245155323600<br \/>\nE-mail dep.tarcisiomotta@camara.leg.br<br \/>\nAssinado eletronicamente pelo(a) Dep. Tarc\u00edsio Motta<br \/>\nApresenta\u00e7\u00e3o: 15\/10\/2024 21:21:56.763 &#8211; Mesa<br \/>\n*CD245155323600* PL n.3965\/2024C\u00c2MARA DOS DEPUTADOS<br \/>\nGABINETE DO DEPUTADO TARC\u00cdSIO MOTTA \u2013 PSOL\/RJ<br \/>\nO Dia dos Professores e a sua import\u00e2ncia para os educadores t\u00eam uma<br \/>\nlonga trajet\u00f3ria no Brasil, come\u00e7ando no dia 15 de outubro de 1827, quando Dom<br \/>\nPedro I decretou a cria\u00e7\u00e3o do Ensino Elementar no Brasil. O dia estava associado<br \/>\n\u00e0 Santa Teresa d&#8217; \u00c1vila, padroeira dos professores. Por meio de um Decreto<br \/>\nImperial, foi estabelecido que todas as cidades, vilas e povoados deveriam contar<br \/>\ncom escolas de primeiras letras. O decreto tratava n\u00e3o apenas da descentraliza\u00e7\u00e3o<br \/>\ndo ensino, mas tamb\u00e9m abordava temas como o sal\u00e1rio dos professores, as<br \/>\ndisciplinas b\u00e1sicas que deveriam ser ensinadas e as condi\u00e7\u00f5es de contrata\u00e7\u00e3o dos<br \/>\neducadores.<br \/>\nSomente 120 anos depois, em 1947, o professor Samuel Becker sugeriu<br \/>\ntransformar o 15 de outubro em um dia de homenagem aos professores, inspirado<br \/>\npelo decreto de Dom Pedro I. Ele prop\u00f4s a cria\u00e7\u00e3o de um feriado como forma de<br \/>\nreconhecimento e tamb\u00e9m para oferecer um dia de descanso, diante da longa<br \/>\ndura\u00e7\u00e3o do segundo semestre letivo, que ia de 1\u00ba de junho a 15 de dezembro. A<br \/>\ndata seria, al\u00e9m de uma homenagem, uma oportunidade para reflex\u00e3o sobre o<br \/>\nandamento do ano letivo.<br \/>\nEm 1948, gra\u00e7as \u00e0 primeira deputada negra eleita no Brasil, Antonieta de<br \/>\nBarros, a data come\u00e7a a tomar a forma que conhecemos hoje.  Com seu discurso<br \/>\ninspirador sobre a miss\u00e3o de educar, ela conseguiu a promulga\u00e7\u00e3o da Lei n\u00ba 145,<br \/>\nque instituiu oficialmente o Dia do Professor em seu estado, Santa Catarina. Em<br \/>\nsuas palavras: &#8220;Educar \u00e9 ensinar os outros a viver; \u00e9 iluminar caminhos alheios; \u00e9<br \/>\namparar os debilitados, transformando-os em fortes&#8221;.<br \/>\nSomente em 1963, durante o governo do presidente Jo\u00e3o Goulart, a data foi<br \/>\noficializada atrav\u00e9s de um decreto presidencial como um \u201cferiado escolar\u201d. Al\u00e9m<br \/>\ndisso, outras medidas importantes foram adotadas, como a concess\u00e3o de bolsas<br \/>\nde estudos para alunos carentes e a realiza\u00e7\u00e3o de concursos para professores,<br \/>\ncom o objetivo de melhorar a qualidade do ensino e combater o favoritismo nas<br \/>\ncontrata\u00e7\u00f5es.<br \/>\nC\u00e2mara dos Deputados | Anexo IV \u2013 Gabinete 413 | CEP 70160-900 Bras\u00edlia-DF Tel (61) 3215-5413<br \/>\nPara verificar a assinatura, acesse https:\/\/infoleg-autenticidade-assinatura.camara.leg.br\/CD245155323600<br \/>\nE-mail dep.tarcisiomotta@camara.leg.br<br \/>\nAssinado eletronicamente pelo(a) Dep. Tarc\u00edsio Motta<br \/>\nApresenta\u00e7\u00e3o: 15\/10\/2024 21:21:56.763 &#8211; Mesa<br \/>\n*CD245155323600* PL n.3965\/2024C\u00c2MARA DOS DEPUTADOS<br \/>\nGABINETE DO DEPUTADO TARC\u00cdSIO MOTTA \u2013 PSOL\/RJ<br \/>\nEssa trajet\u00f3ria reflete a evolu\u00e7\u00e3o do reconhecimento da import\u00e2ncia dos<br \/>\neducadores na sociedade brasileira, consolidando o 15 de outubro agora como o<br \/>\nDia Nacional dos Professores, Professoras e Profissionais de Educa\u00e7\u00e3o e feriado<br \/>\nescolar com a suspens\u00e3o das atividades normais e n\u00e3o essenciais dos<br \/>\nestabelecimentos de ensino em todo territ\u00f3rio nacional.<br \/>\nSala de sess\u00f5es, em 15 de outubro de 2024.<br \/>\nDeputado TARCISIO MOTTA<br \/>\nPSOL\/RJ<br \/>\nC\u00e2mara dos Deputados | Anexo IV \u2013 Gabinete 413 | CEP 70160-900 Bras\u00edlia-DF Tel (61) 3215-5413<br \/>\nPara verificar a assinatura, acesse https:\/\/infoleg-autenticidade-assinatura.camara.leg.br\/CD245155323600<br \/>\nE-mail dep.tarcisiomotta@camara.leg.br<br \/>\nAssinado eletronicamente pelo(a) Dep. Tarc\u00edsio Motta<br \/>\nApresenta\u00e7\u00e3o: 15\/10\/2024 21:21:56.763 &#8211; Mesa<br \/>\n*CD245155323600* PL n.3965\/2024<\/article>\n<div style=\"text-align: center\">\n<div style=\"margin-bottom: 20px;\" class=\"et_pb_button_module_wrapper et_pb_button_5_tb_body_wrapper et_pb_button_alignment_center et_pb_module \">\n         <a class=\"et_pb_button et_pb_button_5_tb_body et_hover_enabled et_pb_bg_layout_dark\" style=\"width: 50%;background-color: black;\" href=\"https:\/\/app.legislapp.com.br\" target=\"_blank\" rel=\"noopener\">Visualizar completo na nossa plataforma (30 dias gr\u00e1tis)<\/a><\/p><\/div>\n<p>      <a href=\"https:\/\/play.google.com\/store\/apps\/details?id=br.com.legislapp\"><img decoding=\"async\" style=\"width: 15%; min-width: 130px;\" src=\"https:\/\/www.legislapp.com.br\/wp-content\/uploads\/google-play.png\"><\/a><br \/>\n      <a href=\"https:\/\/apps.apple.com\/us\/app\/legislapp\/id1568929859\"><img decoding=\"async\" style=\"width: 15%; min-width: 130px\" src=\"https:\/\/www.legislapp.com.br\/wp-content\/uploads\/apple-store.png\"><\/a>\n   <\/div>\n","protected":false},"excerpt":{"rendered":"<p>C\u00e2mara &#8211; Autoria de Tarc\u00edsio Motta Institui o feriado escolar e o dia nacional dos professores, professoras e profissionais de educa\u00e7\u00e3o Cria\u00e7\u00e3o, Dia Nacional dos Professores, Professoras e Profissionais de Educa\u00e7\u00e3o, feriado letivo, data comemorativa, outubro. C\u00c2MARA DOS DEPUTADOS GABINETE DO DEPUTADO TARC\u00cdSIO MOTTA \u2013 PSOL\/RJ PROJETO DE LEI N\u00ba , DE 2024. (do Sr. [&hellip;]<\/p>\n","protected":false},"author":1,"featured_media":0,"parent":0,"menu_order":0,"comment_status":"closed","ping_status":"closed","template":"page-template-blank.php","meta":{"_et_pb_use_builder":"","_et_pb_old_content":"","_et_gb_content_width":"1080","ngg_post_thumbnail":0,"footnotes":""},"class_list":["post-5961","page","type-page","status-publish","hentry"],"yoast_head":"<!-- This site is optimized with the Yoast SEO plugin v24.4 - https:\/\/yoast.com\/wordpress\/plugins\/seo\/ -->\n<title>PL 3965\/2024 - Tarc\u00edsio Motta - Legislapp<\/title>\n<meta name=\"robots\" content=\"index, follow, max-snippet:-1, max-image-preview:large, max-video-preview:-1\" \/>\n<link rel=\"canonical\" href=\"https:\/\/www.legislapp.com.br\/index.php\/camara-pl-3965-2024\/\" \/>\n<meta property=\"og:locale\" content=\"pt_BR\" \/>\n<meta property=\"og:type\" content=\"article\" \/>\n<meta property=\"og:title\" content=\"PL 3965\/2024 - Tarc\u00edsio Motta - Legislapp\" \/>\n<meta property=\"og:description\" content=\"C\u00e2mara &#8211; Autoria de Tarc\u00edsio Motta Institui o feriado escolar e o dia nacional dos professores, professoras e profissionais de educa\u00e7\u00e3o Cria\u00e7\u00e3o, Dia Nacional dos Professores, Professoras e Profissionais de Educa\u00e7\u00e3o, feriado letivo, data comemorativa, outubro. C\u00c2MARA DOS DEPUTADOS GABINETE DO DEPUTADO TARC\u00cdSIO MOTTA \u2013 PSOL\/RJ PROJETO DE LEI N\u00ba , DE 2024. (do Sr. [&hellip;]\" \/>\n<meta property=\"og:url\" content=\"https:\/\/www.legislapp.com.br\/index.php\/camara-pl-3965-2024\/\" \/>\n<meta property=\"og:site_name\" content=\"Legislapp\" \/>\n<meta property=\"article:publisher\" content=\"https:\/\/www.instagram.com\/legislapp\/\" \/>\n<meta property=\"og:image\" content=\"https:\/\/www.camara.leg.br\/internet\/deputado\/bandep\/220598.jpg\" \/>\n<meta name=\"twitter:card\" content=\"summary_large_image\" \/>\n<meta name=\"twitter:label1\" content=\"Est. tempo de leitura\" \/>\n\t<meta name=\"twitter:data1\" content=\"4 minutos\" \/>\n<script type=\"application\/ld+json\" class=\"yoast-schema-graph\">{\"@context\":\"https:\/\/schema.org\",\"@graph\":[{\"@type\":\"WebPage\",\"@id\":\"https:\/\/www.legislapp.com.br\/index.php\/camara-pl-3965-2024\/\",\"url\":\"https:\/\/www.legislapp.com.br\/index.php\/camara-pl-3965-2024\/\",\"name\":\"PL 3965\/2024 - Tarc\u00edsio Motta - Legislapp\",\"isPartOf\":{\"@id\":\"https:\/\/www.legislapp.com.br\/#website\"},\"primaryImageOfPage\":{\"@id\":\"https:\/\/www.legislapp.com.br\/index.php\/camara-pl-3965-2024\/#primaryimage\"},\"image\":{\"@id\":\"https:\/\/www.legislapp.com.br\/index.php\/camara-pl-3965-2024\/#primaryimage\"},\"thumbnailUrl\":\"https:\/\/www.camara.leg.br\/internet\/deputado\/bandep\/220598.jpg\",\"datePublished\":\"2025-06-25T13:12:53+00:00\",\"breadcrumb\":{\"@id\":\"https:\/\/www.legislapp.com.br\/index.php\/camara-pl-3965-2024\/#breadcrumb\"},\"inLanguage\":\"pt-BR\",\"potentialAction\":[{\"@type\":\"ReadAction\",\"target\":[\"https:\/\/www.legislapp.com.br\/index.php\/camara-pl-3965-2024\/\"]}]},{\"@type\":\"ImageObject\",\"inLanguage\":\"pt-BR\",\"@id\":\"https:\/\/www.legislapp.com.br\/index.php\/camara-pl-3965-2024\/#primaryimage\",\"url\":\"https:\/\/www.camara.leg.br\/internet\/deputado\/bandep\/220598.jpg\",\"contentUrl\":\"https:\/\/www.camara.leg.br\/internet\/deputado\/bandep\/220598.jpg\"},{\"@type\":\"BreadcrumbList\",\"@id\":\"https:\/\/www.legislapp.com.br\/index.php\/camara-pl-3965-2024\/#breadcrumb\",\"itemListElement\":[{\"@type\":\"ListItem\",\"position\":1,\"name\":\"In\u00edcio\",\"item\":\"https:\/\/www.legislapp.com.br\/\"},{\"@type\":\"ListItem\",\"position\":2,\"name\":\"PL 3965\/2024 &#8211; Tarc\u00edsio Motta\"}]},{\"@type\":\"WebSite\",\"@id\":\"https:\/\/www.legislapp.com.br\/#website\",\"url\":\"https:\/\/www.legislapp.com.br\/\",\"name\":\"Legislapp\",\"description\":\"Intelig\u00eancia governamental em tempo real\",\"publisher\":{\"@id\":\"https:\/\/www.legislapp.com.br\/#organization\"},\"potentialAction\":[{\"@type\":\"SearchAction\",\"target\":{\"@type\":\"EntryPoint\",\"urlTemplate\":\"https:\/\/www.legislapp.com.br\/?s={search_term_string}\"},\"query-input\":{\"@type\":\"PropertyValueSpecification\",\"valueRequired\":true,\"valueName\":\"search_term_string\"}}],\"inLanguage\":\"pt-BR\"},{\"@type\":\"Organization\",\"@id\":\"https:\/\/www.legislapp.com.br\/#organization\",\"name\":\"Legislapp Monitoramento e Intelig\u00eancia Governamental\",\"url\":\"https:\/\/www.legislapp.com.br\/\",\"logo\":{\"@type\":\"ImageObject\",\"inLanguage\":\"pt-BR\",\"@id\":\"https:\/\/www.legislapp.com.br\/#\/schema\/logo\/image\/\",\"url\":\"https:\/\/www.legislapp.com.br\/wp-content\/uploads\/icon.png\",\"contentUrl\":\"https:\/\/www.legislapp.com.br\/wp-content\/uploads\/icon.png\",\"width\":1024,\"height\":1024,\"caption\":\"Legislapp Monitoramento e Intelig\u00eancia Governamental\"},\"image\":{\"@id\":\"https:\/\/www.legislapp.com.br\/#\/schema\/logo\/image\/\"},\"sameAs\":[\"https:\/\/www.instagram.com\/legislapp\/\"]}]}<\/script>\n<!-- \/ Yoast SEO plugin. -->","yoast_head_json":{"title":"PL 3965\/2024 - Tarc\u00edsio Motta - Legislapp","robots":{"index":"index","follow":"follow","max-snippet":"max-snippet:-1","max-image-preview":"max-image-preview:large","max-video-preview":"max-video-preview:-1"},"canonical":"https:\/\/www.legislapp.com.br\/index.php\/camara-pl-3965-2024\/","og_locale":"pt_BR","og_type":"article","og_title":"PL 3965\/2024 - Tarc\u00edsio Motta - Legislapp","og_description":"C\u00e2mara &#8211; Autoria de Tarc\u00edsio Motta Institui o feriado escolar e o dia nacional dos professores, professoras e profissionais de educa\u00e7\u00e3o Cria\u00e7\u00e3o, Dia Nacional dos Professores, Professoras e Profissionais de Educa\u00e7\u00e3o, feriado letivo, data comemorativa, outubro. C\u00c2MARA DOS DEPUTADOS GABINETE DO DEPUTADO TARC\u00cdSIO MOTTA \u2013 PSOL\/RJ PROJETO DE LEI N\u00ba , DE 2024. (do Sr. [&hellip;]","og_url":"https:\/\/www.legislapp.com.br\/index.php\/camara-pl-3965-2024\/","og_site_name":"Legislapp","article_publisher":"https:\/\/www.instagram.com\/legislapp\/","og_image":[{"url":"https:\/\/www.camara.leg.br\/internet\/deputado\/bandep\/220598.jpg","type":"","width":"","height":""}],"twitter_card":"summary_large_image","twitter_misc":{"Est. tempo de leitura":"4 minutos"},"schema":{"@context":"https:\/\/schema.org","@graph":[{"@type":"WebPage","@id":"https:\/\/www.legislapp.com.br\/index.php\/camara-pl-3965-2024\/","url":"https:\/\/www.legislapp.com.br\/index.php\/camara-pl-3965-2024\/","name":"PL 3965\/2024 - Tarc\u00edsio Motta - Legislapp","isPartOf":{"@id":"https:\/\/www.legislapp.com.br\/#website"},"primaryImageOfPage":{"@id":"https:\/\/www.legislapp.com.br\/index.php\/camara-pl-3965-2024\/#primaryimage"},"image":{"@id":"https:\/\/www.legislapp.com.br\/index.php\/camara-pl-3965-2024\/#primaryimage"},"thumbnailUrl":"https:\/\/www.camara.leg.br\/internet\/deputado\/bandep\/220598.jpg","datePublished":"2025-06-25T13:12:53+00:00","breadcrumb":{"@id":"https:\/\/www.legislapp.com.br\/index.php\/camara-pl-3965-2024\/#breadcrumb"},"inLanguage":"pt-BR","potentialAction":[{"@type":"ReadAction","target":["https:\/\/www.legislapp.com.br\/index.php\/camara-pl-3965-2024\/"]}]},{"@type":"ImageObject","inLanguage":"pt-BR","@id":"https:\/\/www.legislapp.com.br\/index.php\/camara-pl-3965-2024\/#primaryimage","url":"https:\/\/www.camara.leg.br\/internet\/deputado\/bandep\/220598.jpg","contentUrl":"https:\/\/www.camara.leg.br\/internet\/deputado\/bandep\/220598.jpg"},{"@type":"BreadcrumbList","@id":"https:\/\/www.legislapp.com.br\/index.php\/camara-pl-3965-2024\/#breadcrumb","itemListElement":[{"@type":"ListItem","position":1,"name":"In\u00edcio","item":"https:\/\/www.legislapp.com.br\/"},{"@type":"ListItem","position":2,"name":"PL 3965\/2024 &#8211; Tarc\u00edsio Motta"}]},{"@type":"WebSite","@id":"https:\/\/www.legislapp.com.br\/#website","url":"https:\/\/www.legislapp.com.br\/","name":"Legislapp","description":"Intelig\u00eancia governamental em tempo real","publisher":{"@id":"https:\/\/www.legislapp.com.br\/#organization"},"potentialAction":[{"@type":"SearchAction","target":{"@type":"EntryPoint","urlTemplate":"https:\/\/www.legislapp.com.br\/?s={search_term_string}"},"query-input":{"@type":"PropertyValueSpecification","valueRequired":true,"valueName":"search_term_string"}}],"inLanguage":"pt-BR"},{"@type":"Organization","@id":"https:\/\/www.legislapp.com.br\/#organization","name":"Legislapp Monitoramento e Intelig\u00eancia Governamental","url":"https:\/\/www.legislapp.com.br\/","logo":{"@type":"ImageObject","inLanguage":"pt-BR","@id":"https:\/\/www.legislapp.com.br\/#\/schema\/logo\/image\/","url":"https:\/\/www.legislapp.com.br\/wp-content\/uploads\/icon.png","contentUrl":"https:\/\/www.legislapp.com.br\/wp-content\/uploads\/icon.png","width":1024,"height":1024,"caption":"Legislapp Monitoramento e Intelig\u00eancia Governamental"},"image":{"@id":"https:\/\/www.legislapp.com.br\/#\/schema\/logo\/image\/"},"sameAs":["https:\/\/www.instagram.com\/legislapp\/"]}]}},"_links":{"self":[{"href":"https:\/\/www.legislapp.com.br\/index.php\/wp-json\/wp\/v2\/pages\/5961","targetHints":{"allow":["GET"]}}],"collection":[{"href":"https:\/\/www.legislapp.com.br\/index.php\/wp-json\/wp\/v2\/pages"}],"about":[{"href":"https:\/\/www.legislapp.com.br\/index.php\/wp-json\/wp\/v2\/types\/page"}],"author":[{"embeddable":true,"href":"https:\/\/www.legislapp.com.br\/index.php\/wp-json\/wp\/v2\/users\/1"}],"replies":[{"embeddable":true,"href":"https:\/\/www.legislapp.com.br\/index.php\/wp-json\/wp\/v2\/comments?post=5961"}],"version-history":[{"count":0,"href":"https:\/\/www.legislapp.com.br\/index.php\/wp-json\/wp\/v2\/pages\/5961\/revisions"}],"wp:attachment":[{"href":"https:\/\/www.legislapp.com.br\/index.php\/wp-json\/wp\/v2\/media?parent=5961"}],"curies":[{"name":"wp","href":"https:\/\/api.w.org\/{rel}","templated":true}]}}