{"id":5994,"date":"2025-06-25T10:14:39","date_gmt":"2025-06-25T13:14:39","guid":{"rendered":"https:\/\/www.legislapp.com.br\/index.php\/cam-legislativa-de-mg-pl-3761-2025\/"},"modified":"2025-06-25T10:14:39","modified_gmt":"2025-06-25T13:14:39","slug":"cam-legislativa-de-mg-pl-3761-2025","status":"publish","type":"page","link":"https:\/\/www.legislapp.com.br\/index.php\/cam-legislativa-de-mg-pl-3761-2025\/","title":{"rendered":"PL 3761\/2025 &#8211; Deputados"},"content":{"rendered":"<h1 style='text-align: center;'>C\u00e2m. Legislativa de MG &#8211; Autoria de Deputados<\/h3>\n<p><\/p>\n<article style='text-align: center'>Altera a Lei Estadual Lei 22256, de 26 de junho de 2016, que institui<br \/>\na pol\u00edtica de atendimento \u00e0 mulher v\u00edtima de viol\u00eancia no Estado e d\u00e1<br \/>\noutras provid\u00eancias (acrescenta par\u00e1grafo \u00fanico ao art 4\u00ba, com vistas a<br \/>\nassegurar o direito ao atendimento policial e pericial especializado<br \/>\npreferencialmente por servidoras do sexo feminino).<\/article>\n<p><\/p>\n<p style='text-align: center'><a href='https:\/\/app.legislapp.com.br\/#\/busca?termo='><\/a><\/p>\n<p><\/p>\n<article>Altera a Lei Estadual Lei n\u00ba 22.256, de 26 de junho de 2016, que institui a pol\u00edtica de atendimento \u00e0 mulher v\u00edtima de viol\u00eancia no Estado e d\u00e1 outras provid\u00eancias (para acrescentar par\u00e1grafo \u00fanico ao Art. 4\u00ba, com vistas a assegurar o direito ao atendimento policial e pericial especializado preferencialmente por servidoras do sexo feminino).<br \/>\nA Assembleia Legislativa do Estado de Minas Gerais decreta:<br \/>\nArt. 1\u00ba \u2013 A Lei Estadual n\u00ba 22.256, de 26 de junho de 2016, passa a vigorar com o seguinte par\u00e1grafo \u00fanico acrescentado ao Art. 4\u00ba:<br \/>\n\u201cArt. 4\u00ba \u2013 (&#8230;)<br \/>\nPar\u00e1grafo \u00fanico \u2013 Em cumprimento ao artigo 10-A da Lei Federal n\u00ba 11.340\/2006 (Lei Maria da Penha), que assegura \u00e0 mulher em situa\u00e7\u00e3o de viol\u00eancia dom\u00e9stica e familiar o direito a atendimento policial e pericial especializado, cont\u00ednuo e realizado preferencialmente por servidoras do sexo feminino com capacita\u00e7\u00e3o pr\u00e9via, o estado de Minas Gerais dever\u00e1 dar prioridade \u00e0 remo\u00e7\u00e3o de servidoras da \u00e1rea de seguran\u00e7a p\u00fablica para suprir a poss\u00edvel falta dessas profissionais nas Delegacias Especializadas de Atendimento \u00e0 Mulher (DEAMs) e nas Patrulhas de Preven\u00e7\u00e3o \u00e0 Viol\u00eancia Dom\u00e9stica do estado.\u201d.<br \/>\nArt. 2\u00ba \u2013 A Lei Estadual n\u00ba 21.733, de 29 de julho de 2015, passa a vigorar com o seguinte inciso V acrescentado ao Art. 2\u00ba \u2013 A:<br \/>\n\u201cArt. 2\u00ba-A \u2013 (&#8230;)<br \/>\nIV \u2013 prioriza\u00e7\u00e3o da remo\u00e7\u00e3o de servidoras da \u00e1rea de seguran\u00e7a p\u00fablica para atender o direito da mulher em situa\u00e7\u00e3o de viol\u00eancia dom\u00e9stica e familiar de ser atendida preferencialmente por servidora do sexo feminino, previsto no artigo 10-A da Lei Federal n\u00ba 11.340\/2006.\u201d.<br \/>\nArt. 3\u00ba \u2013 Esta lei entra em vigor nada data de sua publica\u00e7\u00e3o.<br \/>\nSala das Reuni\u00f5es, 13 de maio de 2025.<br \/>\nMaria Clara Marra (PSDB), presidente da Comiss\u00e3o de Defesa dos Direitos da Pessoa com Defici\u00eancia.<br \/>\nJustifica\u00e7\u00e3o: A presente proposi\u00e7\u00e3o legislativa visa dar efetividade ao disposto no artigo 10-A, caput, da Lei Federal n\u00ba 11.340, de 7 de agosto de 2006 (Lei Maria da Penha), que estabelece o direito da mulher em situa\u00e7\u00e3o de viol\u00eancia dom\u00e9stica e familiar a um atendimento policial e pericial especializado, ininterrupto e prestado, preferencialmente, por servidoras do sexo feminino devidamente capacitadas.<br \/>\nA especializa\u00e7\u00e3o e a sensibilidade no atendimento \u00e0s v\u00edtimas de viol\u00eancia dom\u00e9stica s\u00e3o cruciais para garantir um acolhimento adequado, a coleta de informa\u00e7\u00f5es precisas e o encaminhamento eficaz para a rede de prote\u00e7\u00e3o. A presen\u00e7a de servidoras do sexo feminino, conforme preconiza a Lei Maria da Penha, contribui para um ambiente de maior confian\u00e7a e seguran\u00e7a para a v\u00edtima, muitas vezes fragilizada pela experi\u00eancia de viol\u00eancia.<br \/>\nOcorre que, em diversas ocasi\u00f5es, a distribui\u00e7\u00e3o de profissionais da seguran\u00e7a p\u00fablica no \u00e2mbito do estado de Minas Gerais pode n\u00e3o contemplar, de maneira imediata, a necessidade de servidoras femininas em todas as unidades de atendimento. A presente medida busca solucionar essa quest\u00e3o, permitindo que o Estado priorize a remo\u00e7\u00e3o de servidoras j\u00e1 integrantes do sistema de seguran\u00e7a para suprir eventuais lacunas existentes.<br \/>\nEssa prioriza\u00e7\u00e3o n\u00e3o implica em preju\u00edzo \u00e0 qualidade dos servi\u00e7os prestados \u00e0 popula\u00e7\u00e3o em geral, tampouco tem impacto financeiro, mas revela-se em uma a\u00e7\u00e3o estrat\u00e9gica e emergencial para assegurar o cumprimento de um direito fundamental das mulheres v\u00edtimas de viol\u00eancia, conforme previsto na legisla\u00e7\u00e3o federal. Ao possibilitar a remo\u00e7\u00e3o priorit\u00e1ria, o estado de Minas Gerais demonstra seu compromisso com a prote\u00e7\u00e3o integral dessas mulheres, garantindo um atendimento mais humanizado e especializado, em conson\u00e2ncia com os princ\u00edpios da Lei Maria da Penha.<br \/>\nAssim, solicito o apoio dos meus nobres colegas para a aprova\u00e7\u00e3o desta proposi\u00e7\u00e3o.<br \/>\n\u2013 Publicado, vai o projeto \u00e0s Comiss\u00f5es de Justi\u00e7a, de Seguran\u00e7a P\u00fablica, dos Direitos da Mulher e de Administra\u00e7\u00e3o P\u00fablica para parecer, nos termos do art. 188, c\/c o art. 102, do Regimento Interno.<\/article>\n<div style=\"text-align: center\">\n<div style=\"margin-bottom: 20px;\" class=\"et_pb_button_module_wrapper et_pb_button_5_tb_body_wrapper et_pb_button_alignment_center et_pb_module \">\n         <a class=\"et_pb_button et_pb_button_5_tb_body et_hover_enabled et_pb_bg_layout_dark\" style=\"width: 50%;background-color: black;\" href=\"https:\/\/app.legislapp.com.br\" target=\"_blank\" rel=\"noopener\">Visualizar completo na nossa plataforma (30 dias gr\u00e1tis)<\/a><\/p><\/div>\n<p>      <a href=\"https:\/\/play.google.com\/store\/apps\/details?id=br.com.legislapp\"><img decoding=\"async\" style=\"width: 15%; min-width: 130px;\" src=\"https:\/\/www.legislapp.com.br\/wp-content\/uploads\/google-play.png\"><\/a><br \/>\n      <a href=\"https:\/\/apps.apple.com\/us\/app\/legislapp\/id1568929859\"><img decoding=\"async\" style=\"width: 15%; min-width: 130px\" src=\"https:\/\/www.legislapp.com.br\/wp-content\/uploads\/apple-store.png\"><\/a>\n   <\/div>\n","protected":false},"excerpt":{"rendered":"<p>C\u00e2m. Legislativa de MG &#8211; Autoria de Deputados Altera a Lei Estadual Lei 22256, de 26 de junho de 2016, que institui a pol\u00edtica de atendimento \u00e0 mulher v\u00edtima de viol\u00eancia no Estado e d\u00e1 outras provid\u00eancias (acrescenta par\u00e1grafo \u00fanico ao art 4\u00ba, com vistas a assegurar o direito ao atendimento policial e pericial especializado [&hellip;]<\/p>\n","protected":false},"author":1,"featured_media":0,"parent":0,"menu_order":0,"comment_status":"closed","ping_status":"closed","template":"page-template-blank.php","meta":{"_et_pb_use_builder":"","_et_pb_old_content":"","_et_gb_content_width":"1080","ngg_post_thumbnail":0,"footnotes":""},"class_list":["post-5994","page","type-page","status-publish","hentry"],"yoast_head":"<!-- This site is optimized with the Yoast SEO plugin v24.4 - https:\/\/yoast.com\/wordpress\/plugins\/seo\/ -->\n<title>PL 3761\/2025 - Deputados - Legislapp<\/title>\n<meta name=\"robots\" content=\"index, follow, max-snippet:-1, max-image-preview:large, max-video-preview:-1\" \/>\n<link rel=\"canonical\" href=\"https:\/\/www.legislapp.com.br\/index.php\/cam-legislativa-de-mg-pl-3761-2025\/\" \/>\n<meta property=\"og:locale\" content=\"pt_BR\" \/>\n<meta property=\"og:type\" content=\"article\" \/>\n<meta property=\"og:title\" content=\"PL 3761\/2025 - Deputados - Legislapp\" \/>\n<meta property=\"og:description\" content=\"C\u00e2m. Legislativa de MG &#8211; Autoria de Deputados Altera a Lei Estadual Lei 22256, de 26 de junho de 2016, que institui a pol\u00edtica de atendimento \u00e0 mulher v\u00edtima de viol\u00eancia no Estado e d\u00e1 outras provid\u00eancias (acrescenta par\u00e1grafo \u00fanico ao art 4\u00ba, com vistas a assegurar o direito ao atendimento policial e pericial especializado [&hellip;]\" \/>\n<meta property=\"og:url\" content=\"https:\/\/www.legislapp.com.br\/index.php\/cam-legislativa-de-mg-pl-3761-2025\/\" \/>\n<meta property=\"og:site_name\" content=\"Legislapp\" \/>\n<meta property=\"article:publisher\" content=\"https:\/\/www.instagram.com\/legislapp\/\" \/>\n<meta property=\"og:image\" content=\"https:\/\/www.legislapp.com.br\/wp-content\/uploads\/google-play.png\" \/>\n<meta name=\"twitter:card\" content=\"summary_large_image\" \/>\n<meta name=\"twitter:label1\" content=\"Est. tempo de leitura\" \/>\n\t<meta name=\"twitter:data1\" content=\"4 minutos\" \/>\n<script type=\"application\/ld+json\" class=\"yoast-schema-graph\">{\"@context\":\"https:\/\/schema.org\",\"@graph\":[{\"@type\":\"WebPage\",\"@id\":\"https:\/\/www.legislapp.com.br\/index.php\/cam-legislativa-de-mg-pl-3761-2025\/\",\"url\":\"https:\/\/www.legislapp.com.br\/index.php\/cam-legislativa-de-mg-pl-3761-2025\/\",\"name\":\"PL 3761\/2025 - Deputados - Legislapp\",\"isPartOf\":{\"@id\":\"https:\/\/www.legislapp.com.br\/#website\"},\"primaryImageOfPage\":{\"@id\":\"https:\/\/www.legislapp.com.br\/index.php\/cam-legislativa-de-mg-pl-3761-2025\/#primaryimage\"},\"image\":{\"@id\":\"https:\/\/www.legislapp.com.br\/index.php\/cam-legislativa-de-mg-pl-3761-2025\/#primaryimage\"},\"thumbnailUrl\":\"https:\/\/www.legislapp.com.br\/wp-content\/uploads\/google-play.png\",\"datePublished\":\"2025-06-25T13:14:39+00:00\",\"breadcrumb\":{\"@id\":\"https:\/\/www.legislapp.com.br\/index.php\/cam-legislativa-de-mg-pl-3761-2025\/#breadcrumb\"},\"inLanguage\":\"pt-BR\",\"potentialAction\":[{\"@type\":\"ReadAction\",\"target\":[\"https:\/\/www.legislapp.com.br\/index.php\/cam-legislativa-de-mg-pl-3761-2025\/\"]}]},{\"@type\":\"ImageObject\",\"inLanguage\":\"pt-BR\",\"@id\":\"https:\/\/www.legislapp.com.br\/index.php\/cam-legislativa-de-mg-pl-3761-2025\/#primaryimage\",\"url\":\"https:\/\/www.legislapp.com.br\/wp-content\/uploads\/google-play.png\",\"contentUrl\":\"https:\/\/www.legislapp.com.br\/wp-content\/uploads\/google-play.png\",\"width\":564,\"height\":168},{\"@type\":\"BreadcrumbList\",\"@id\":\"https:\/\/www.legislapp.com.br\/index.php\/cam-legislativa-de-mg-pl-3761-2025\/#breadcrumb\",\"itemListElement\":[{\"@type\":\"ListItem\",\"position\":1,\"name\":\"In\u00edcio\",\"item\":\"https:\/\/www.legislapp.com.br\/\"},{\"@type\":\"ListItem\",\"position\":2,\"name\":\"PL 3761\/2025 &#8211; Deputados\"}]},{\"@type\":\"WebSite\",\"@id\":\"https:\/\/www.legislapp.com.br\/#website\",\"url\":\"https:\/\/www.legislapp.com.br\/\",\"name\":\"Legislapp\",\"description\":\"Intelig\u00eancia governamental em tempo real\",\"publisher\":{\"@id\":\"https:\/\/www.legislapp.com.br\/#organization\"},\"potentialAction\":[{\"@type\":\"SearchAction\",\"target\":{\"@type\":\"EntryPoint\",\"urlTemplate\":\"https:\/\/www.legislapp.com.br\/?s={search_term_string}\"},\"query-input\":{\"@type\":\"PropertyValueSpecification\",\"valueRequired\":true,\"valueName\":\"search_term_string\"}}],\"inLanguage\":\"pt-BR\"},{\"@type\":\"Organization\",\"@id\":\"https:\/\/www.legislapp.com.br\/#organization\",\"name\":\"Legislapp Monitoramento e Intelig\u00eancia Governamental\",\"url\":\"https:\/\/www.legislapp.com.br\/\",\"logo\":{\"@type\":\"ImageObject\",\"inLanguage\":\"pt-BR\",\"@id\":\"https:\/\/www.legislapp.com.br\/#\/schema\/logo\/image\/\",\"url\":\"https:\/\/www.legislapp.com.br\/wp-content\/uploads\/icon.png\",\"contentUrl\":\"https:\/\/www.legislapp.com.br\/wp-content\/uploads\/icon.png\",\"width\":1024,\"height\":1024,\"caption\":\"Legislapp Monitoramento e Intelig\u00eancia Governamental\"},\"image\":{\"@id\":\"https:\/\/www.legislapp.com.br\/#\/schema\/logo\/image\/\"},\"sameAs\":[\"https:\/\/www.instagram.com\/legislapp\/\"]}]}<\/script>\n<!-- \/ Yoast SEO plugin. -->","yoast_head_json":{"title":"PL 3761\/2025 - Deputados - Legislapp","robots":{"index":"index","follow":"follow","max-snippet":"max-snippet:-1","max-image-preview":"max-image-preview:large","max-video-preview":"max-video-preview:-1"},"canonical":"https:\/\/www.legislapp.com.br\/index.php\/cam-legislativa-de-mg-pl-3761-2025\/","og_locale":"pt_BR","og_type":"article","og_title":"PL 3761\/2025 - Deputados - Legislapp","og_description":"C\u00e2m. Legislativa de MG &#8211; Autoria de Deputados Altera a Lei Estadual Lei 22256, de 26 de junho de 2016, que institui a pol\u00edtica de atendimento \u00e0 mulher v\u00edtima de viol\u00eancia no Estado e d\u00e1 outras provid\u00eancias (acrescenta par\u00e1grafo \u00fanico ao art 4\u00ba, com vistas a assegurar o direito ao atendimento policial e pericial especializado [&hellip;]","og_url":"https:\/\/www.legislapp.com.br\/index.php\/cam-legislativa-de-mg-pl-3761-2025\/","og_site_name":"Legislapp","article_publisher":"https:\/\/www.instagram.com\/legislapp\/","og_image":[{"url":"https:\/\/www.legislapp.com.br\/wp-content\/uploads\/google-play.png","type":"","width":"","height":""}],"twitter_card":"summary_large_image","twitter_misc":{"Est. tempo de leitura":"4 minutos"},"schema":{"@context":"https:\/\/schema.org","@graph":[{"@type":"WebPage","@id":"https:\/\/www.legislapp.com.br\/index.php\/cam-legislativa-de-mg-pl-3761-2025\/","url":"https:\/\/www.legislapp.com.br\/index.php\/cam-legislativa-de-mg-pl-3761-2025\/","name":"PL 3761\/2025 - Deputados - Legislapp","isPartOf":{"@id":"https:\/\/www.legislapp.com.br\/#website"},"primaryImageOfPage":{"@id":"https:\/\/www.legislapp.com.br\/index.php\/cam-legislativa-de-mg-pl-3761-2025\/#primaryimage"},"image":{"@id":"https:\/\/www.legislapp.com.br\/index.php\/cam-legislativa-de-mg-pl-3761-2025\/#primaryimage"},"thumbnailUrl":"https:\/\/www.legislapp.com.br\/wp-content\/uploads\/google-play.png","datePublished":"2025-06-25T13:14:39+00:00","breadcrumb":{"@id":"https:\/\/www.legislapp.com.br\/index.php\/cam-legislativa-de-mg-pl-3761-2025\/#breadcrumb"},"inLanguage":"pt-BR","potentialAction":[{"@type":"ReadAction","target":["https:\/\/www.legislapp.com.br\/index.php\/cam-legislativa-de-mg-pl-3761-2025\/"]}]},{"@type":"ImageObject","inLanguage":"pt-BR","@id":"https:\/\/www.legislapp.com.br\/index.php\/cam-legislativa-de-mg-pl-3761-2025\/#primaryimage","url":"https:\/\/www.legislapp.com.br\/wp-content\/uploads\/google-play.png","contentUrl":"https:\/\/www.legislapp.com.br\/wp-content\/uploads\/google-play.png","width":564,"height":168},{"@type":"BreadcrumbList","@id":"https:\/\/www.legislapp.com.br\/index.php\/cam-legislativa-de-mg-pl-3761-2025\/#breadcrumb","itemListElement":[{"@type":"ListItem","position":1,"name":"In\u00edcio","item":"https:\/\/www.legislapp.com.br\/"},{"@type":"ListItem","position":2,"name":"PL 3761\/2025 &#8211; Deputados"}]},{"@type":"WebSite","@id":"https:\/\/www.legislapp.com.br\/#website","url":"https:\/\/www.legislapp.com.br\/","name":"Legislapp","description":"Intelig\u00eancia governamental em tempo real","publisher":{"@id":"https:\/\/www.legislapp.com.br\/#organization"},"potentialAction":[{"@type":"SearchAction","target":{"@type":"EntryPoint","urlTemplate":"https:\/\/www.legislapp.com.br\/?s={search_term_string}"},"query-input":{"@type":"PropertyValueSpecification","valueRequired":true,"valueName":"search_term_string"}}],"inLanguage":"pt-BR"},{"@type":"Organization","@id":"https:\/\/www.legislapp.com.br\/#organization","name":"Legislapp Monitoramento e Intelig\u00eancia Governamental","url":"https:\/\/www.legislapp.com.br\/","logo":{"@type":"ImageObject","inLanguage":"pt-BR","@id":"https:\/\/www.legislapp.com.br\/#\/schema\/logo\/image\/","url":"https:\/\/www.legislapp.com.br\/wp-content\/uploads\/icon.png","contentUrl":"https:\/\/www.legislapp.com.br\/wp-content\/uploads\/icon.png","width":1024,"height":1024,"caption":"Legislapp Monitoramento e Intelig\u00eancia Governamental"},"image":{"@id":"https:\/\/www.legislapp.com.br\/#\/schema\/logo\/image\/"},"sameAs":["https:\/\/www.instagram.com\/legislapp\/"]}]}},"_links":{"self":[{"href":"https:\/\/www.legislapp.com.br\/index.php\/wp-json\/wp\/v2\/pages\/5994","targetHints":{"allow":["GET"]}}],"collection":[{"href":"https:\/\/www.legislapp.com.br\/index.php\/wp-json\/wp\/v2\/pages"}],"about":[{"href":"https:\/\/www.legislapp.com.br\/index.php\/wp-json\/wp\/v2\/types\/page"}],"author":[{"embeddable":true,"href":"https:\/\/www.legislapp.com.br\/index.php\/wp-json\/wp\/v2\/users\/1"}],"replies":[{"embeddable":true,"href":"https:\/\/www.legislapp.com.br\/index.php\/wp-json\/wp\/v2\/comments?post=5994"}],"version-history":[{"count":0,"href":"https:\/\/www.legislapp.com.br\/index.php\/wp-json\/wp\/v2\/pages\/5994\/revisions"}],"wp:attachment":[{"href":"https:\/\/www.legislapp.com.br\/index.php\/wp-json\/wp\/v2\/media?parent=5994"}],"curies":[{"name":"wp","href":"https:\/\/api.w.org\/{rel}","templated":true}]}}