{"id":5996,"date":"2025-06-25T10:14:45","date_gmt":"2025-06-25T13:14:45","guid":{"rendered":"https:\/\/www.legislapp.com.br\/index.php\/cam-legislativa-de-pe-pl-2955-2025\/"},"modified":"2025-06-25T10:14:45","modified_gmt":"2025-06-25T13:14:45","slug":"cam-legislativa-de-pe-pl-2955-2025","status":"publish","type":"page","link":"https:\/\/www.legislapp.com.br\/index.php\/cam-legislativa-de-pe-pl-2955-2025\/","title":{"rendered":"PL 2955\/2025 &#8211; Jo\u00e3ozinho Ten\u00f3rio"},"content":{"rendered":"<h1 style='text-align: center;'>C\u00e2m. Legislativa de PE &#8211; Autoria de Jo\u00e3ozinho Ten\u00f3rio<br \/><img src='https:\/\/www.alepe.pe.gov.br\/\/wp-content\/uploads\/2023\/02\/JOAZINHO-TENORIO-scaled-e1676403006659.jpg' alt='Jo\u00e3ozinho Ten\u00f3rio' \/><\/h3>\n<p><\/p>\n<article style='text-align: center'>O presente Projeto de Lei prop\u00f5e a institui\u00e7\u00e3o da Romaria de Frei Dami\u00e3o no munic\u00edpio de S\u00e3o Joaquim do Monte no Calend\u00e1rio Oficial de Eventos e Datas Comemorativas do Estado de Pernambuco.<\/p>\n<p>Localizada no munic\u00edpio de S\u00e3o Joaquim do Monte, conhecido como a terra da\u00a0\u00a0Romaria de Frei Dami\u00e3o, criada em 1993 , ainda com a presen\u00e7a de Frei Dami\u00e3o e seu companheiro de jornada Frei Fernando, a romaria se consolidou como um dos maiores encontros de romeiros do nordeste, sendo o principal do estado de Pernambuco.<\/p>\n<p>A cidade \u00e9 literalmente tomada por uma multid\u00e3o que toma conta das principais vias e se espalha pelo trajeto at\u00e9 o cruzeiro do Frei Dami\u00e3o, reunindo aproximadamente cerca de 150 mil pessoas em 4 dias de festa.<\/p>\n<p>A Romaria conquista a cada dia ainda mais fi\u00e9is, que com sua f\u00e9 e devo\u00e7\u00e3o, fortalecem crescentemente o evento.<\/p>\n<p>Frei Dami\u00e3o nasceu em Bozzano, na It\u00e1lia, em 5 de novembro de 1898. Em 1923 ele foi ordenado sacerdote no antigo Col\u00e9gio S\u00e3o Louren\u00e7o de Bindisi, em Roma. Em 1931, foi enviado ao Brasil, e se estabeleceu no Convento Nossa Senhora da Penha, no Recife. \u00a0<\/p>\n<p>Ao todo, o religioso dedicou 66 anos da vida \u00e0s Santas Miss\u00f5es, at\u00e9 sua morte, em 1997, ap\u00f3s complica\u00e7\u00f5es causadas por um derrame cerebral. Pela longa carreira e dedica\u00e7\u00e3o \u00e0 f\u00e9, Frei Dami\u00e3o se tornou um marco para cat\u00f3licos de todo Estado, sendo lembrado at\u00e9 hoje. Um exemplo disso \u00e9 a romaria, que acontece h\u00e1 32 anos sob organiza\u00e7\u00e3o da par\u00f3quia de S\u00e3o Joaquim do Monte.<\/p>\n<p>A Romaria de Frei Dami\u00e3o em S\u00e3o Joaquim do Monte \u00e9 um evento religioso anual que atrai milhares de fi\u00e9is ao longo de quatro dias de celebra\u00e7\u00f5es, incluindo missas, prociss\u00f5es e apresenta\u00e7\u00f5es culturais.<\/p>\n<p>Em face do exposto, solicita-se a colabora\u00e7\u00e3o de todos os membros desta nobre Casa para aprova\u00e7\u00e3o da presente proposi\u00e7\u00e3o legislativa, dada a sua relev\u00e2ncia e interesse p\u00fablico.<\/article>\n<p><\/p>\n<p style='text-align: center'><a href='https:\/\/app.legislapp.com.br\/#\/busca?termo='><\/a><\/p>\n<p><\/p>\n<article>\u00a0\u00a0\u00a0\u00a0\u00a0Art. 1\u00ba A Lei n\u00ba 16.241, de 14 de dezembro de 2017, passa a vigorar com o seguinte acr\u00e9scimo:<\/p>\n<p>Art. 413-I. Entre o final do m\u00eas de agosto e in\u00edcio de setembro: Romaria de Frei Dami\u00e3o no munic\u00edpio de S\u00e3o Joaquim do Monte.\u201d (AC)<\/p>\n<p>\u00a0\u00a0\u00a0\u00a0\u00a0Art. 2\u00ba Esta Lei entra em vigor na data de sua publica\u00e7\u00e3o.<\/article>\n<div style=\"text-align: center\">\n<div style=\"margin-bottom: 20px;\" class=\"et_pb_button_module_wrapper et_pb_button_5_tb_body_wrapper et_pb_button_alignment_center et_pb_module \">\n         <a class=\"et_pb_button et_pb_button_5_tb_body et_hover_enabled et_pb_bg_layout_dark\" style=\"width: 50%;background-color: black;\" href=\"https:\/\/app.legislapp.com.br\" target=\"_blank\" rel=\"noopener\">Visualizar completo na nossa plataforma (30 dias gr\u00e1tis)<\/a><\/p><\/div>\n<p>      <a href=\"https:\/\/play.google.com\/store\/apps\/details?id=br.com.legislapp\"><img decoding=\"async\" style=\"width: 15%; min-width: 130px;\" src=\"https:\/\/www.legislapp.com.br\/wp-content\/uploads\/google-play.png\"><\/a><br \/>\n      <a href=\"https:\/\/apps.apple.com\/us\/app\/legislapp\/id1568929859\"><img decoding=\"async\" style=\"width: 15%; min-width: 130px\" src=\"https:\/\/www.legislapp.com.br\/wp-content\/uploads\/apple-store.png\"><\/a>\n   <\/div>\n","protected":false},"excerpt":{"rendered":"<p>C\u00e2m. Legislativa de PE &#8211; Autoria de Jo\u00e3ozinho Ten\u00f3rio O presente Projeto de Lei prop\u00f5e a institui\u00e7\u00e3o da Romaria de Frei Dami\u00e3o no munic\u00edpio de S\u00e3o Joaquim do Monte no Calend\u00e1rio Oficial de Eventos e Datas Comemorativas do Estado de Pernambuco. Localizada no munic\u00edpio de S\u00e3o Joaquim do Monte, conhecido como a terra da\u00a0\u00a0Romaria de [&hellip;]<\/p>\n","protected":false},"author":1,"featured_media":0,"parent":0,"menu_order":0,"comment_status":"closed","ping_status":"closed","template":"page-template-blank.php","meta":{"_et_pb_use_builder":"","_et_pb_old_content":"","_et_gb_content_width":"1080","ngg_post_thumbnail":0,"footnotes":""},"class_list":["post-5996","page","type-page","status-publish","hentry"],"yoast_head":"<!-- This site is optimized with the Yoast SEO plugin v24.4 - https:\/\/yoast.com\/wordpress\/plugins\/seo\/ -->\n<title>PL 2955\/2025 - Jo\u00e3ozinho Ten\u00f3rio - Legislapp<\/title>\n<meta name=\"robots\" content=\"index, follow, max-snippet:-1, max-image-preview:large, max-video-preview:-1\" \/>\n<link rel=\"canonical\" href=\"https:\/\/www.legislapp.com.br\/index.php\/cam-legislativa-de-pe-pl-2955-2025\/\" \/>\n<meta property=\"og:locale\" content=\"pt_BR\" \/>\n<meta property=\"og:type\" content=\"article\" \/>\n<meta property=\"og:title\" content=\"PL 2955\/2025 - Jo\u00e3ozinho Ten\u00f3rio - Legislapp\" \/>\n<meta property=\"og:description\" content=\"C\u00e2m. Legislativa de PE &#8211; Autoria de Jo\u00e3ozinho Ten\u00f3rio O presente Projeto de Lei prop\u00f5e a institui\u00e7\u00e3o da Romaria de Frei Dami\u00e3o no munic\u00edpio de S\u00e3o Joaquim do Monte no Calend\u00e1rio Oficial de Eventos e Datas Comemorativas do Estado de Pernambuco. Localizada no munic\u00edpio de S\u00e3o Joaquim do Monte, conhecido como a terra da\u00a0\u00a0Romaria de [&hellip;]\" \/>\n<meta property=\"og:url\" content=\"https:\/\/www.legislapp.com.br\/index.php\/cam-legislativa-de-pe-pl-2955-2025\/\" \/>\n<meta property=\"og:site_name\" content=\"Legislapp\" \/>\n<meta property=\"article:publisher\" content=\"https:\/\/www.instagram.com\/legislapp\/\" \/>\n<meta property=\"og:image\" content=\"https:\/\/www.alepe.pe.gov.br\/\/wp-content\/uploads\/2023\/02\/JOAZINHO-TENORIO-scaled-e1676403006659.jpg\" \/>\n<meta name=\"twitter:card\" content=\"summary_large_image\" \/>\n<meta name=\"twitter:label1\" content=\"Est. tempo de leitura\" \/>\n\t<meta name=\"twitter:data1\" content=\"2 minutos\" \/>\n<script type=\"application\/ld+json\" class=\"yoast-schema-graph\">{\"@context\":\"https:\/\/schema.org\",\"@graph\":[{\"@type\":\"WebPage\",\"@id\":\"https:\/\/www.legislapp.com.br\/index.php\/cam-legislativa-de-pe-pl-2955-2025\/\",\"url\":\"https:\/\/www.legislapp.com.br\/index.php\/cam-legislativa-de-pe-pl-2955-2025\/\",\"name\":\"PL 2955\/2025 - Jo\u00e3ozinho Ten\u00f3rio - Legislapp\",\"isPartOf\":{\"@id\":\"https:\/\/www.legislapp.com.br\/#website\"},\"primaryImageOfPage\":{\"@id\":\"https:\/\/www.legislapp.com.br\/index.php\/cam-legislativa-de-pe-pl-2955-2025\/#primaryimage\"},\"image\":{\"@id\":\"https:\/\/www.legislapp.com.br\/index.php\/cam-legislativa-de-pe-pl-2955-2025\/#primaryimage\"},\"thumbnailUrl\":\"https:\/\/www.alepe.pe.gov.br\/\/wp-content\/uploads\/2023\/02\/JOAZINHO-TENORIO-scaled-e1676403006659.jpg\",\"datePublished\":\"2025-06-25T13:14:45+00:00\",\"breadcrumb\":{\"@id\":\"https:\/\/www.legislapp.com.br\/index.php\/cam-legislativa-de-pe-pl-2955-2025\/#breadcrumb\"},\"inLanguage\":\"pt-BR\",\"potentialAction\":[{\"@type\":\"ReadAction\",\"target\":[\"https:\/\/www.legislapp.com.br\/index.php\/cam-legislativa-de-pe-pl-2955-2025\/\"]}]},{\"@type\":\"ImageObject\",\"inLanguage\":\"pt-BR\",\"@id\":\"https:\/\/www.legislapp.com.br\/index.php\/cam-legislativa-de-pe-pl-2955-2025\/#primaryimage\",\"url\":\"https:\/\/www.alepe.pe.gov.br\/\/wp-content\/uploads\/2023\/02\/JOAZINHO-TENORIO-scaled-e1676403006659.jpg\",\"contentUrl\":\"https:\/\/www.alepe.pe.gov.br\/\/wp-content\/uploads\/2023\/02\/JOAZINHO-TENORIO-scaled-e1676403006659.jpg\"},{\"@type\":\"BreadcrumbList\",\"@id\":\"https:\/\/www.legislapp.com.br\/index.php\/cam-legislativa-de-pe-pl-2955-2025\/#breadcrumb\",\"itemListElement\":[{\"@type\":\"ListItem\",\"position\":1,\"name\":\"In\u00edcio\",\"item\":\"https:\/\/www.legislapp.com.br\/\"},{\"@type\":\"ListItem\",\"position\":2,\"name\":\"PL 2955\/2025 &#8211; Jo\u00e3ozinho Ten\u00f3rio\"}]},{\"@type\":\"WebSite\",\"@id\":\"https:\/\/www.legislapp.com.br\/#website\",\"url\":\"https:\/\/www.legislapp.com.br\/\",\"name\":\"Legislapp\",\"description\":\"Intelig\u00eancia governamental em tempo real\",\"publisher\":{\"@id\":\"https:\/\/www.legislapp.com.br\/#organization\"},\"potentialAction\":[{\"@type\":\"SearchAction\",\"target\":{\"@type\":\"EntryPoint\",\"urlTemplate\":\"https:\/\/www.legislapp.com.br\/?s={search_term_string}\"},\"query-input\":{\"@type\":\"PropertyValueSpecification\",\"valueRequired\":true,\"valueName\":\"search_term_string\"}}],\"inLanguage\":\"pt-BR\"},{\"@type\":\"Organization\",\"@id\":\"https:\/\/www.legislapp.com.br\/#organization\",\"name\":\"Legislapp Monitoramento e Intelig\u00eancia Governamental\",\"url\":\"https:\/\/www.legislapp.com.br\/\",\"logo\":{\"@type\":\"ImageObject\",\"inLanguage\":\"pt-BR\",\"@id\":\"https:\/\/www.legislapp.com.br\/#\/schema\/logo\/image\/\",\"url\":\"https:\/\/www.legislapp.com.br\/wp-content\/uploads\/icon.png\",\"contentUrl\":\"https:\/\/www.legislapp.com.br\/wp-content\/uploads\/icon.png\",\"width\":1024,\"height\":1024,\"caption\":\"Legislapp Monitoramento e Intelig\u00eancia Governamental\"},\"image\":{\"@id\":\"https:\/\/www.legislapp.com.br\/#\/schema\/logo\/image\/\"},\"sameAs\":[\"https:\/\/www.instagram.com\/legislapp\/\"]}]}<\/script>\n<!-- \/ Yoast SEO plugin. -->","yoast_head_json":{"title":"PL 2955\/2025 - Jo\u00e3ozinho Ten\u00f3rio - Legislapp","robots":{"index":"index","follow":"follow","max-snippet":"max-snippet:-1","max-image-preview":"max-image-preview:large","max-video-preview":"max-video-preview:-1"},"canonical":"https:\/\/www.legislapp.com.br\/index.php\/cam-legislativa-de-pe-pl-2955-2025\/","og_locale":"pt_BR","og_type":"article","og_title":"PL 2955\/2025 - Jo\u00e3ozinho Ten\u00f3rio - Legislapp","og_description":"C\u00e2m. Legislativa de PE &#8211; Autoria de Jo\u00e3ozinho Ten\u00f3rio O presente Projeto de Lei prop\u00f5e a institui\u00e7\u00e3o da Romaria de Frei Dami\u00e3o no munic\u00edpio de S\u00e3o Joaquim do Monte no Calend\u00e1rio Oficial de Eventos e Datas Comemorativas do Estado de Pernambuco. Localizada no munic\u00edpio de S\u00e3o Joaquim do Monte, conhecido como a terra da\u00a0\u00a0Romaria de [&hellip;]","og_url":"https:\/\/www.legislapp.com.br\/index.php\/cam-legislativa-de-pe-pl-2955-2025\/","og_site_name":"Legislapp","article_publisher":"https:\/\/www.instagram.com\/legislapp\/","og_image":[{"url":"https:\/\/www.alepe.pe.gov.br\/\/wp-content\/uploads\/2023\/02\/JOAZINHO-TENORIO-scaled-e1676403006659.jpg","type":"","width":"","height":""}],"twitter_card":"summary_large_image","twitter_misc":{"Est. tempo de leitura":"2 minutos"},"schema":{"@context":"https:\/\/schema.org","@graph":[{"@type":"WebPage","@id":"https:\/\/www.legislapp.com.br\/index.php\/cam-legislativa-de-pe-pl-2955-2025\/","url":"https:\/\/www.legislapp.com.br\/index.php\/cam-legislativa-de-pe-pl-2955-2025\/","name":"PL 2955\/2025 - Jo\u00e3ozinho Ten\u00f3rio - Legislapp","isPartOf":{"@id":"https:\/\/www.legislapp.com.br\/#website"},"primaryImageOfPage":{"@id":"https:\/\/www.legislapp.com.br\/index.php\/cam-legislativa-de-pe-pl-2955-2025\/#primaryimage"},"image":{"@id":"https:\/\/www.legislapp.com.br\/index.php\/cam-legislativa-de-pe-pl-2955-2025\/#primaryimage"},"thumbnailUrl":"https:\/\/www.alepe.pe.gov.br\/\/wp-content\/uploads\/2023\/02\/JOAZINHO-TENORIO-scaled-e1676403006659.jpg","datePublished":"2025-06-25T13:14:45+00:00","breadcrumb":{"@id":"https:\/\/www.legislapp.com.br\/index.php\/cam-legislativa-de-pe-pl-2955-2025\/#breadcrumb"},"inLanguage":"pt-BR","potentialAction":[{"@type":"ReadAction","target":["https:\/\/www.legislapp.com.br\/index.php\/cam-legislativa-de-pe-pl-2955-2025\/"]}]},{"@type":"ImageObject","inLanguage":"pt-BR","@id":"https:\/\/www.legislapp.com.br\/index.php\/cam-legislativa-de-pe-pl-2955-2025\/#primaryimage","url":"https:\/\/www.alepe.pe.gov.br\/\/wp-content\/uploads\/2023\/02\/JOAZINHO-TENORIO-scaled-e1676403006659.jpg","contentUrl":"https:\/\/www.alepe.pe.gov.br\/\/wp-content\/uploads\/2023\/02\/JOAZINHO-TENORIO-scaled-e1676403006659.jpg"},{"@type":"BreadcrumbList","@id":"https:\/\/www.legislapp.com.br\/index.php\/cam-legislativa-de-pe-pl-2955-2025\/#breadcrumb","itemListElement":[{"@type":"ListItem","position":1,"name":"In\u00edcio","item":"https:\/\/www.legislapp.com.br\/"},{"@type":"ListItem","position":2,"name":"PL 2955\/2025 &#8211; Jo\u00e3ozinho Ten\u00f3rio"}]},{"@type":"WebSite","@id":"https:\/\/www.legislapp.com.br\/#website","url":"https:\/\/www.legislapp.com.br\/","name":"Legislapp","description":"Intelig\u00eancia governamental em tempo real","publisher":{"@id":"https:\/\/www.legislapp.com.br\/#organization"},"potentialAction":[{"@type":"SearchAction","target":{"@type":"EntryPoint","urlTemplate":"https:\/\/www.legislapp.com.br\/?s={search_term_string}"},"query-input":{"@type":"PropertyValueSpecification","valueRequired":true,"valueName":"search_term_string"}}],"inLanguage":"pt-BR"},{"@type":"Organization","@id":"https:\/\/www.legislapp.com.br\/#organization","name":"Legislapp Monitoramento e Intelig\u00eancia Governamental","url":"https:\/\/www.legislapp.com.br\/","logo":{"@type":"ImageObject","inLanguage":"pt-BR","@id":"https:\/\/www.legislapp.com.br\/#\/schema\/logo\/image\/","url":"https:\/\/www.legislapp.com.br\/wp-content\/uploads\/icon.png","contentUrl":"https:\/\/www.legislapp.com.br\/wp-content\/uploads\/icon.png","width":1024,"height":1024,"caption":"Legislapp Monitoramento e Intelig\u00eancia Governamental"},"image":{"@id":"https:\/\/www.legislapp.com.br\/#\/schema\/logo\/image\/"},"sameAs":["https:\/\/www.instagram.com\/legislapp\/"]}]}},"_links":{"self":[{"href":"https:\/\/www.legislapp.com.br\/index.php\/wp-json\/wp\/v2\/pages\/5996","targetHints":{"allow":["GET"]}}],"collection":[{"href":"https:\/\/www.legislapp.com.br\/index.php\/wp-json\/wp\/v2\/pages"}],"about":[{"href":"https:\/\/www.legislapp.com.br\/index.php\/wp-json\/wp\/v2\/types\/page"}],"author":[{"embeddable":true,"href":"https:\/\/www.legislapp.com.br\/index.php\/wp-json\/wp\/v2\/users\/1"}],"replies":[{"embeddable":true,"href":"https:\/\/www.legislapp.com.br\/index.php\/wp-json\/wp\/v2\/comments?post=5996"}],"version-history":[{"count":0,"href":"https:\/\/www.legislapp.com.br\/index.php\/wp-json\/wp\/v2\/pages\/5996\/revisions"}],"wp:attachment":[{"href":"https:\/\/www.legislapp.com.br\/index.php\/wp-json\/wp\/v2\/media?parent=5996"}],"curies":[{"name":"wp","href":"https:\/\/api.w.org\/{rel}","templated":true}]}}