{"id":5997,"date":"2025-06-25T10:14:48","date_gmt":"2025-06-25T13:14:48","guid":{"rendered":"https:\/\/www.legislapp.com.br\/index.php\/cam-legislativa-de-pe-pl-2976-2025\/"},"modified":"2025-06-25T10:14:48","modified_gmt":"2025-06-25T13:14:48","slug":"cam-legislativa-de-pe-pl-2976-2025","status":"publish","type":"page","link":"https:\/\/www.legislapp.com.br\/index.php\/cam-legislativa-de-pe-pl-2976-2025\/","title":{"rendered":"PL 2976\/2025 &#8211; Rosa Amorim"},"content":{"rendered":"<h1 style='text-align: center;'>C\u00e2m. Legislativa de PE &#8211; Autoria de Rosa Amorim<br \/><img src='https:\/\/www.alepe.pe.gov.br\/\/wp-content\/uploads\/2023\/02\/ROSA-AMORIM-scaled-e1675862161271.jpg' alt='Rosa Amorim' \/><\/h3>\n<p><\/p>\n<article style='text-align: center'>A presente proposi\u00e7\u00e3o tem por finalidade promover a justi\u00e7a social e ampliar as oportunidades de acesso \u00e0 educa\u00e7\u00e3o t\u00e9cnica e superior na \u00e1rea da sa\u00fade para estudantes oriundos da rede p\u00fablica estadual de ensino m\u00e9dio.<\/p>\n<p>Para tanto, altera-se a Lei Estadual n\u00ba 15.065, de 4 de setembro de 2013, a fim de estabelecer reserva de 50% (cinquenta por cento) das vagas do programa Forma\u00e7\u00e3o do Sistema \u00danico de Sa\u00fade \u2013 FORMASUS para os alunos egressos do ensino m\u00e9dio das escolas p\u00fablicas estaduais.<\/p>\n<p>Atualmente, as vagas encontram-se distribu\u00eddas entre alunos de escola p\u00fablica e alunos bolsistas integrais de escolas privadas, sem reservas. No entanto, tal previs\u00e3o normativa acaba por gerar potencial situa\u00e7\u00e3o de inequidade, tendo em vista que as vagas podem atualmente ser integralmente preenchidas por alunos bolsistas, sem promover justi\u00e7a social referentemente aos alunos oriundos de escolas p\u00fablicas.<\/p>\n<p>Em outras palavras, devido \u00e0s diferen\u00e7as estruturais e educacionais significativas entre esses dois sistemas de ensino, constata-se que bolsistas integrais de institui\u00e7\u00f5es privadas frequentemente possuem notas muito elevadas, tornando desproporcional a disputa com estudantes exclusivamente oriundos da rede p\u00fablica.<\/p>\n<p>A proposta ora apresentada busca corrigir essa lacuna, garantindo que ao menos metade das bolsas ofertadas sejam destinadas a alunos que tenham cursado integralmente o ensino m\u00e9dio em escolas p\u00fablicas estaduais. Trata-se de medida que promove a equidade, reconhecendo as desigualdades de acesso ao ensino superior enfrentadas por esses estudantes.<\/p>\n<p>Ressalta-se que a aplica\u00e7\u00e3o da nova regra fica restrita aos processos seletivos futuros, preservando a seguran\u00e7a jur\u00eddica dos certames em andamento ou j\u00e1 regulados por edital publicado antes da entrada em vigor da nova legisla\u00e7\u00e3o.<\/p>\n<p>Diante do exposto, requer-se o valoroso apoio dos Nobres Parlamentares da Assembleia Legislativa.<\/article>\n<p><\/p>\n<p style='text-align: center'><a href='https:\/\/app.legislapp.com.br\/#\/busca?termo='><\/a><\/p>\n<p><\/p>\n<article>\u00a0\u00a0\u00a0\u00a0\u00a0Art. 1\u00ba A Lei n\u00ba 15.065, de 4 de setembro de 2013, passa a vigorar acrescida do art. 2\u00ba-A, com a seguinte reda\u00e7\u00e3o:<\/p>\n<p>\u201cArt. 2\u00ba-A. No m\u00ednimo 50% (cinquenta por cento) das bolsas integrais de estudo ofertadas no \u00e2mbito do Programa FORMASUS dever\u00e3o ser destinadas a alunos egressos do ensino m\u00e9dio das escolas p\u00fablicas estaduais. (AC)<\/p>\n<p>\u00a7 1\u00ba Para fazer jus \u00e0 reserva estabelecida no caput, o candidato dever\u00e1 ter cursado integralmente o ensino m\u00e9dio m escola p\u00fablica estadual. (AC)<\/p>\n<p>\u00a7 2\u00ba Para fins de cumprimento do percentual m\u00ednimo estabelecido no caput, as fra\u00e7\u00f5es de vagas decorrentes da aplica\u00e7\u00e3o do percentual ser\u00e3o arredondadas para o n\u00famero inteiro imediatamente superior. (AC)<\/p>\n<p>\u00a7 3\u00ba As vagas reservadas nos termos do caput que n\u00e3o forem preenchidas por candidatos egressos do ensino m\u00e9dio das escolas p\u00fablicas estaduais voltar\u00e3o a integrar o universo a ser ocupado pelos demais candidatos do processo seletivo, respeitada a ordem de classifica\u00e7\u00e3o.&#8221; (AC)<\/p>\n<p>\u00a0\u00a0\u00a0\u00a0\u00a0Art. 2\u00ba As disposi\u00e7\u00f5es desta Lei n\u00e3o se aplicam aos processos seletivos cujos editais de abertura foram publicados anteriormente \u00e0 sua vig\u00eancia.<\/p>\n<p>\u00a0\u00a0\u00a0\u00a0\u00a0Art. 3\u00ba Caber\u00e1 ao Poder Executivo regulamentar a presente Lei em todos os aspectos necess\u00e1rios \u00e0 sua efetiva aplica\u00e7\u00e3o.<\/p>\n<p>\u00a0\u00a0\u00a0\u00a0\u00a0Art. 4\u00ba Esta Lei entra em vigor na data de sua publica\u00e7\u00e3o.<\/article>\n<div style=\"text-align: center\">\n<div style=\"margin-bottom: 20px;\" class=\"et_pb_button_module_wrapper et_pb_button_5_tb_body_wrapper et_pb_button_alignment_center et_pb_module \">\n         <a class=\"et_pb_button et_pb_button_5_tb_body et_hover_enabled et_pb_bg_layout_dark\" style=\"width: 50%;background-color: black;\" href=\"https:\/\/app.legislapp.com.br\" target=\"_blank\" rel=\"noopener\">Visualizar completo na nossa plataforma (30 dias gr\u00e1tis)<\/a><\/p><\/div>\n<p>      <a href=\"https:\/\/play.google.com\/store\/apps\/details?id=br.com.legislapp\"><img decoding=\"async\" style=\"width: 15%; min-width: 130px;\" src=\"https:\/\/www.legislapp.com.br\/wp-content\/uploads\/google-play.png\"><\/a><br \/>\n      <a href=\"https:\/\/apps.apple.com\/us\/app\/legislapp\/id1568929859\"><img decoding=\"async\" style=\"width: 15%; min-width: 130px\" src=\"https:\/\/www.legislapp.com.br\/wp-content\/uploads\/apple-store.png\"><\/a>\n   <\/div>\n","protected":false},"excerpt":{"rendered":"<p>C\u00e2m. Legislativa de PE &#8211; Autoria de Rosa Amorim A presente proposi\u00e7\u00e3o tem por finalidade promover a justi\u00e7a social e ampliar as oportunidades de acesso \u00e0 educa\u00e7\u00e3o t\u00e9cnica e superior na \u00e1rea da sa\u00fade para estudantes oriundos da rede p\u00fablica estadual de ensino m\u00e9dio. Para tanto, altera-se a Lei Estadual n\u00ba 15.065, de 4 de [&hellip;]<\/p>\n","protected":false},"author":1,"featured_media":0,"parent":0,"menu_order":0,"comment_status":"closed","ping_status":"closed","template":"page-template-blank.php","meta":{"_et_pb_use_builder":"","_et_pb_old_content":"","_et_gb_content_width":"1080","ngg_post_thumbnail":0,"footnotes":""},"class_list":["post-5997","page","type-page","status-publish","hentry"],"yoast_head":"<!-- This site is optimized with the Yoast SEO plugin v24.4 - https:\/\/yoast.com\/wordpress\/plugins\/seo\/ -->\n<title>PL 2976\/2025 - Rosa Amorim - Legislapp<\/title>\n<meta name=\"robots\" content=\"index, follow, max-snippet:-1, max-image-preview:large, max-video-preview:-1\" \/>\n<link rel=\"canonical\" href=\"https:\/\/www.legislapp.com.br\/index.php\/cam-legislativa-de-pe-pl-2976-2025\/\" \/>\n<meta property=\"og:locale\" content=\"pt_BR\" \/>\n<meta property=\"og:type\" content=\"article\" \/>\n<meta property=\"og:title\" content=\"PL 2976\/2025 - Rosa Amorim - Legislapp\" \/>\n<meta property=\"og:description\" content=\"C\u00e2m. Legislativa de PE &#8211; Autoria de Rosa Amorim A presente proposi\u00e7\u00e3o tem por finalidade promover a justi\u00e7a social e ampliar as oportunidades de acesso \u00e0 educa\u00e7\u00e3o t\u00e9cnica e superior na \u00e1rea da sa\u00fade para estudantes oriundos da rede p\u00fablica estadual de ensino m\u00e9dio. Para tanto, altera-se a Lei Estadual n\u00ba 15.065, de 4 de [&hellip;]\" \/>\n<meta property=\"og:url\" content=\"https:\/\/www.legislapp.com.br\/index.php\/cam-legislativa-de-pe-pl-2976-2025\/\" \/>\n<meta property=\"og:site_name\" content=\"Legislapp\" \/>\n<meta property=\"article:publisher\" content=\"https:\/\/www.instagram.com\/legislapp\/\" \/>\n<meta property=\"og:image\" content=\"https:\/\/www.alepe.pe.gov.br\/\/wp-content\/uploads\/2023\/02\/ROSA-AMORIM-scaled-e1675862161271.jpg\" \/>\n<meta name=\"twitter:card\" content=\"summary_large_image\" \/>\n<meta name=\"twitter:label1\" content=\"Est. tempo de leitura\" \/>\n\t<meta name=\"twitter:data1\" content=\"3 minutos\" \/>\n<script type=\"application\/ld+json\" class=\"yoast-schema-graph\">{\"@context\":\"https:\/\/schema.org\",\"@graph\":[{\"@type\":\"WebPage\",\"@id\":\"https:\/\/www.legislapp.com.br\/index.php\/cam-legislativa-de-pe-pl-2976-2025\/\",\"url\":\"https:\/\/www.legislapp.com.br\/index.php\/cam-legislativa-de-pe-pl-2976-2025\/\",\"name\":\"PL 2976\/2025 - Rosa Amorim - Legislapp\",\"isPartOf\":{\"@id\":\"https:\/\/www.legislapp.com.br\/#website\"},\"primaryImageOfPage\":{\"@id\":\"https:\/\/www.legislapp.com.br\/index.php\/cam-legislativa-de-pe-pl-2976-2025\/#primaryimage\"},\"image\":{\"@id\":\"https:\/\/www.legislapp.com.br\/index.php\/cam-legislativa-de-pe-pl-2976-2025\/#primaryimage\"},\"thumbnailUrl\":\"https:\/\/www.alepe.pe.gov.br\/\/wp-content\/uploads\/2023\/02\/ROSA-AMORIM-scaled-e1675862161271.jpg\",\"datePublished\":\"2025-06-25T13:14:48+00:00\",\"breadcrumb\":{\"@id\":\"https:\/\/www.legislapp.com.br\/index.php\/cam-legislativa-de-pe-pl-2976-2025\/#breadcrumb\"},\"inLanguage\":\"pt-BR\",\"potentialAction\":[{\"@type\":\"ReadAction\",\"target\":[\"https:\/\/www.legislapp.com.br\/index.php\/cam-legislativa-de-pe-pl-2976-2025\/\"]}]},{\"@type\":\"ImageObject\",\"inLanguage\":\"pt-BR\",\"@id\":\"https:\/\/www.legislapp.com.br\/index.php\/cam-legislativa-de-pe-pl-2976-2025\/#primaryimage\",\"url\":\"https:\/\/www.alepe.pe.gov.br\/\/wp-content\/uploads\/2023\/02\/ROSA-AMORIM-scaled-e1675862161271.jpg\",\"contentUrl\":\"https:\/\/www.alepe.pe.gov.br\/\/wp-content\/uploads\/2023\/02\/ROSA-AMORIM-scaled-e1675862161271.jpg\"},{\"@type\":\"BreadcrumbList\",\"@id\":\"https:\/\/www.legislapp.com.br\/index.php\/cam-legislativa-de-pe-pl-2976-2025\/#breadcrumb\",\"itemListElement\":[{\"@type\":\"ListItem\",\"position\":1,\"name\":\"In\u00edcio\",\"item\":\"https:\/\/www.legislapp.com.br\/\"},{\"@type\":\"ListItem\",\"position\":2,\"name\":\"PL 2976\/2025 &#8211; Rosa Amorim\"}]},{\"@type\":\"WebSite\",\"@id\":\"https:\/\/www.legislapp.com.br\/#website\",\"url\":\"https:\/\/www.legislapp.com.br\/\",\"name\":\"Legislapp\",\"description\":\"Intelig\u00eancia governamental em tempo real\",\"publisher\":{\"@id\":\"https:\/\/www.legislapp.com.br\/#organization\"},\"potentialAction\":[{\"@type\":\"SearchAction\",\"target\":{\"@type\":\"EntryPoint\",\"urlTemplate\":\"https:\/\/www.legislapp.com.br\/?s={search_term_string}\"},\"query-input\":{\"@type\":\"PropertyValueSpecification\",\"valueRequired\":true,\"valueName\":\"search_term_string\"}}],\"inLanguage\":\"pt-BR\"},{\"@type\":\"Organization\",\"@id\":\"https:\/\/www.legislapp.com.br\/#organization\",\"name\":\"Legislapp Monitoramento e Intelig\u00eancia Governamental\",\"url\":\"https:\/\/www.legislapp.com.br\/\",\"logo\":{\"@type\":\"ImageObject\",\"inLanguage\":\"pt-BR\",\"@id\":\"https:\/\/www.legislapp.com.br\/#\/schema\/logo\/image\/\",\"url\":\"https:\/\/www.legislapp.com.br\/wp-content\/uploads\/icon.png\",\"contentUrl\":\"https:\/\/www.legislapp.com.br\/wp-content\/uploads\/icon.png\",\"width\":1024,\"height\":1024,\"caption\":\"Legislapp Monitoramento e Intelig\u00eancia Governamental\"},\"image\":{\"@id\":\"https:\/\/www.legislapp.com.br\/#\/schema\/logo\/image\/\"},\"sameAs\":[\"https:\/\/www.instagram.com\/legislapp\/\"]}]}<\/script>\n<!-- \/ Yoast SEO plugin. -->","yoast_head_json":{"title":"PL 2976\/2025 - Rosa Amorim - Legislapp","robots":{"index":"index","follow":"follow","max-snippet":"max-snippet:-1","max-image-preview":"max-image-preview:large","max-video-preview":"max-video-preview:-1"},"canonical":"https:\/\/www.legislapp.com.br\/index.php\/cam-legislativa-de-pe-pl-2976-2025\/","og_locale":"pt_BR","og_type":"article","og_title":"PL 2976\/2025 - Rosa Amorim - Legislapp","og_description":"C\u00e2m. Legislativa de PE &#8211; Autoria de Rosa Amorim A presente proposi\u00e7\u00e3o tem por finalidade promover a justi\u00e7a social e ampliar as oportunidades de acesso \u00e0 educa\u00e7\u00e3o t\u00e9cnica e superior na \u00e1rea da sa\u00fade para estudantes oriundos da rede p\u00fablica estadual de ensino m\u00e9dio. Para tanto, altera-se a Lei Estadual n\u00ba 15.065, de 4 de [&hellip;]","og_url":"https:\/\/www.legislapp.com.br\/index.php\/cam-legislativa-de-pe-pl-2976-2025\/","og_site_name":"Legislapp","article_publisher":"https:\/\/www.instagram.com\/legislapp\/","og_image":[{"url":"https:\/\/www.alepe.pe.gov.br\/\/wp-content\/uploads\/2023\/02\/ROSA-AMORIM-scaled-e1675862161271.jpg","type":"","width":"","height":""}],"twitter_card":"summary_large_image","twitter_misc":{"Est. tempo de leitura":"3 minutos"},"schema":{"@context":"https:\/\/schema.org","@graph":[{"@type":"WebPage","@id":"https:\/\/www.legislapp.com.br\/index.php\/cam-legislativa-de-pe-pl-2976-2025\/","url":"https:\/\/www.legislapp.com.br\/index.php\/cam-legislativa-de-pe-pl-2976-2025\/","name":"PL 2976\/2025 - Rosa Amorim - Legislapp","isPartOf":{"@id":"https:\/\/www.legislapp.com.br\/#website"},"primaryImageOfPage":{"@id":"https:\/\/www.legislapp.com.br\/index.php\/cam-legislativa-de-pe-pl-2976-2025\/#primaryimage"},"image":{"@id":"https:\/\/www.legislapp.com.br\/index.php\/cam-legislativa-de-pe-pl-2976-2025\/#primaryimage"},"thumbnailUrl":"https:\/\/www.alepe.pe.gov.br\/\/wp-content\/uploads\/2023\/02\/ROSA-AMORIM-scaled-e1675862161271.jpg","datePublished":"2025-06-25T13:14:48+00:00","breadcrumb":{"@id":"https:\/\/www.legislapp.com.br\/index.php\/cam-legislativa-de-pe-pl-2976-2025\/#breadcrumb"},"inLanguage":"pt-BR","potentialAction":[{"@type":"ReadAction","target":["https:\/\/www.legislapp.com.br\/index.php\/cam-legislativa-de-pe-pl-2976-2025\/"]}]},{"@type":"ImageObject","inLanguage":"pt-BR","@id":"https:\/\/www.legislapp.com.br\/index.php\/cam-legislativa-de-pe-pl-2976-2025\/#primaryimage","url":"https:\/\/www.alepe.pe.gov.br\/\/wp-content\/uploads\/2023\/02\/ROSA-AMORIM-scaled-e1675862161271.jpg","contentUrl":"https:\/\/www.alepe.pe.gov.br\/\/wp-content\/uploads\/2023\/02\/ROSA-AMORIM-scaled-e1675862161271.jpg"},{"@type":"BreadcrumbList","@id":"https:\/\/www.legislapp.com.br\/index.php\/cam-legislativa-de-pe-pl-2976-2025\/#breadcrumb","itemListElement":[{"@type":"ListItem","position":1,"name":"In\u00edcio","item":"https:\/\/www.legislapp.com.br\/"},{"@type":"ListItem","position":2,"name":"PL 2976\/2025 &#8211; Rosa Amorim"}]},{"@type":"WebSite","@id":"https:\/\/www.legislapp.com.br\/#website","url":"https:\/\/www.legislapp.com.br\/","name":"Legislapp","description":"Intelig\u00eancia governamental em tempo real","publisher":{"@id":"https:\/\/www.legislapp.com.br\/#organization"},"potentialAction":[{"@type":"SearchAction","target":{"@type":"EntryPoint","urlTemplate":"https:\/\/www.legislapp.com.br\/?s={search_term_string}"},"query-input":{"@type":"PropertyValueSpecification","valueRequired":true,"valueName":"search_term_string"}}],"inLanguage":"pt-BR"},{"@type":"Organization","@id":"https:\/\/www.legislapp.com.br\/#organization","name":"Legislapp Monitoramento e Intelig\u00eancia Governamental","url":"https:\/\/www.legislapp.com.br\/","logo":{"@type":"ImageObject","inLanguage":"pt-BR","@id":"https:\/\/www.legislapp.com.br\/#\/schema\/logo\/image\/","url":"https:\/\/www.legislapp.com.br\/wp-content\/uploads\/icon.png","contentUrl":"https:\/\/www.legislapp.com.br\/wp-content\/uploads\/icon.png","width":1024,"height":1024,"caption":"Legislapp Monitoramento e Intelig\u00eancia Governamental"},"image":{"@id":"https:\/\/www.legislapp.com.br\/#\/schema\/logo\/image\/"},"sameAs":["https:\/\/www.instagram.com\/legislapp\/"]}]}},"_links":{"self":[{"href":"https:\/\/www.legislapp.com.br\/index.php\/wp-json\/wp\/v2\/pages\/5997","targetHints":{"allow":["GET"]}}],"collection":[{"href":"https:\/\/www.legislapp.com.br\/index.php\/wp-json\/wp\/v2\/pages"}],"about":[{"href":"https:\/\/www.legislapp.com.br\/index.php\/wp-json\/wp\/v2\/types\/page"}],"author":[{"embeddable":true,"href":"https:\/\/www.legislapp.com.br\/index.php\/wp-json\/wp\/v2\/users\/1"}],"replies":[{"embeddable":true,"href":"https:\/\/www.legislapp.com.br\/index.php\/wp-json\/wp\/v2\/comments?post=5997"}],"version-history":[{"count":0,"href":"https:\/\/www.legislapp.com.br\/index.php\/wp-json\/wp\/v2\/pages\/5997\/revisions"}],"wp:attachment":[{"href":"https:\/\/www.legislapp.com.br\/index.php\/wp-json\/wp\/v2\/media?parent=5997"}],"curies":[{"name":"wp","href":"https:\/\/api.w.org\/{rel}","templated":true}]}}