{"id":5999,"date":"2025-06-25T10:14:55","date_gmt":"2025-06-25T13:14:55","guid":{"rendered":"https:\/\/www.legislapp.com.br\/index.php\/cam-legislativa-de-mg-pl-3840-2025\/"},"modified":"2025-06-25T10:14:55","modified_gmt":"2025-06-25T13:14:55","slug":"cam-legislativa-de-mg-pl-3840-2025","status":"publish","type":"page","link":"https:\/\/www.legislapp.com.br\/index.php\/cam-legislativa-de-mg-pl-3840-2025\/","title":{"rendered":"PL 3840\/2025 &#8211; Deputados"},"content":{"rendered":"<h1 style='text-align: center;'>C\u00e2m. Legislativa de MG &#8211; Autoria de Deputados<\/h3>\n<p><\/p>\n<article style='text-align: center'>Institui a Comenda Pedro Aleixo.<\/article>\n<p><\/p>\n<p style='text-align: center'><a href='https:\/\/app.legislapp.com.br\/#\/busca?termo='><\/a><\/p>\n<p><\/p>\n<article>Institui a Comenda Pedro Aleixo e d\u00e1 outras provid\u00eancias.<br \/>\nA Assembleia Legislativa do Estado de Minas Gerais decreta:<br \/>\nArt. 1\u00ba \u2013 Fica institu\u00edda a Comenda Pedro Aleixo, destinada a homenagear profissionais da \u00e1rea pol\u00edtica que tenham destacado em suas fun\u00e7\u00f5es e atividades.<br \/>\nArt. 2\u00ba \u2013 A Comenda Pedro Aleixo ser\u00e1 entregue pelo Governador do Estado anualmente, em cerim\u00f4nia realizada na semana do dia 1\u00ba de agosto, data do nascimento do Pedro Aleixo.<br \/>\nPar\u00e1grafo \u00fanico \u2013 Os agraciados em n\u00famero de 12 ser\u00e3o indicados por Deputados ou pela Mesa diretora.<br \/>\nSala das Reuni\u00f5es, 22 de maio de 2025.<br \/>\nCarlos Henrique (Republicanos), presidente da Comiss\u00e3o de Reda\u00e7\u00e3o.<br \/>\nJustifica\u00e7\u00e3o: Nascido na cidade de Mariana, estado de Minas Gerais, em 1 de agosto de 1901. Formou-se pela Faculdade de Direito da Universidade de Minas Gerais, em 1922. Nesse mesmo ano, apoiou a candidatura presidencial de Nilo Pe\u00e7anha, lan\u00e7ada pela Rea\u00e7\u00e3o Republicana, sendo derrotada por Artur Bernardes. Em 1927, elegeu-se conselheiro municipal (cargo correspondente ao de vereador) em Belo Horizonte. Foi um advogado, jornalista, professor e pol\u00edtico brasileiro, tendo sido o 16.\u00ba vice-presidente do Brasil entre 1967 e 1969, impedido de tomar posse da presid\u00eancia da Rep\u00fablica pela junta militar de 1969. Foi tamb\u00e9m Deputado estadual, Deputado federal e ministro da Educa\u00e7\u00e3o no Governo do presidente Castelo Branco.<br \/>\nAinda em 1927, participou da funda\u00e7\u00e3o de O Estado de Minas, jornal do qual foi diretor nos anos seguintes. Em 1930, foi partid\u00e1rio da Alian\u00e7a Liberal, que lan\u00e7ou a chapa Get\u00falio Vargas \u00e0 presid\u00eancia da Rep\u00fablica. Em seguida, deu apoio ativo ao movimento armado que afastou Washington Lu\u00eds da presid\u00eancia e levou Vargas ao poder.<br \/>\nAtividades Profissionais e Cargos P\u00fablicos: Presidente, Comiss\u00e3o de Revis\u00e3o Administrativa do Estado de Minas Gerais, 1933; Secret\u00e1rio do Interior, 1947-1950; Ministro da Educa\u00e7\u00e3o e Cultura, 1966; Professor de Direito Penal, 1956, e Direito Internacional P\u00fablico, 1952-1953, Faculdade de Direito da Universidade de Minas Gerais; Diretor, O Estado de Minas, 1928-1929; Diretor, Banco Hipotec\u00e1rio Agr\u00edcola do Estado de Minas Gerais que passou a ser chamado de Banco do Estado de Minas Gerais; Presidente, Instituto da Ordem dos Advogados de Minas Gerais. Advogado e professor titular de Direito Penal na Universidade Federal e Minas Gerais (UFMG) e um dos tr\u00eas jornalistas fundadores de Jornal\u00a0 \u201cO Estado de Minas\u201d.\u00a0<br \/>\nFoi um dos articuladores, em Minas Gerais, da Revolu\u00e7\u00e3o Liberal de 1930. Era presidente da C\u00e2mara dos Deputados em 10 de novembro de 1937, quando Get\u00falio Vargas deu o golpe de estado e dissolveu o Congresso Nacional. Foi um dos que assinaram o \u201cManifesto dos Mineiros\u201d (24 de outubro de 1943) em favor da redemocratiza\u00e7\u00e3o do Pa\u00eds e um dos fundadores da Uni\u00e3o Democr\u00e1tica Nacional \u2013 UDN. Entre 1946 e 1958 dedicou-se a pol\u00edtica mineira.\u00a0<br \/>\nFoi eleito deputado federal 1958 e liderou a Maioria na C\u00e2mara durante o governo de J\u00e2nio Quadros. Reeleito em 1962, tomou parte ativa nas articula\u00e7\u00f5es que precederam o golpe militar de 31 de mar\u00e7o de 1964.\u00a0<br \/>\nFoi L\u00edder da Maioria na C\u00e2mara dos Deputados durante o governo de Castelo Branco e Ministro da Educa\u00e7\u00e3o e Cultura durante o primeiro semestre de 1966. Foi eleito, indiretamente, vice-presidente da Rep\u00fablica na chapa do presidente Costa e Silva e ficou no governo no per\u00edodo de 1967 a 1969. Em 1969, com a doen\u00e7a do Presidente Costa e Silva, foi impedido pela Junta Militar de assumir a Presid\u00eancia da Rep\u00fablica. Faleceu em 1975.O mineiro fazia parte da ala dos liberais que apoiaram o golpe de 1964, mas mais tarde se afastaram. No livro A Ditadura Envergonhada, o autor, jornalista Elio Gaspari escreve que Aleixo era conhecido por sua \u201cretid\u00e3o e tibieza\u201d.<br \/>\nHavia v\u00e1rios matizes de liberalismo no grupo do qual Aleixo fazia parte desde liberais que poderiam ser considerados moderados, que aceitavam reformas sociais modernizantes, mas eram anticomunistas, at\u00e9 liberais de tradi\u00e7\u00e3o francamente olig\u00e1rquica, antipopulistas e antirreformistas. Al\u00e9m disso, \u201chavia liberais estritamente economicistas, que professavam a f\u00e9 na economia de mercado e na propriedade privada, mas eram politicamente conservadores e autorit\u00e1rios quando se tratava de defender a ordem social tradicional, supostamente amea\u00e7ada. Aleixo era da ala do liberalismo conservador brasileiro.\u00a0<br \/>\nEste tipo de liberalismo poderia ser descrito como restrito \u00e0 defesa de normas jur\u00eddicas formais na organiza\u00e7\u00e3o do Estado e \u00e0 defesa intransigente da propriedade privada, mas socialmente elitista e politicamente conservador, flertando com o autoritarismo em momentos de crise social e pol\u00edtica. A trajet\u00f3ria aparentemente contradit\u00f3ria de Pedro Aleixo se conecta \u00e0s contradi\u00e7\u00f5es deste tipo de liberalismo, muito comum na Am\u00e9rica Latina, mas sobretudo uma marca da pol\u00edtica.<br \/>\n\u2013 Semelhante proposi\u00e7\u00e3o foi apresentada anteriormente pelo deputado Carlos Henrique. Anexe-se ao Projeto de Lei n\u00ba 2.883\/2024, nos termos do \u00a7 2\u00ba do art. 173 do Regimento Interno.<\/article>\n<div style=\"text-align: center\">\n<div style=\"margin-bottom: 20px;\" class=\"et_pb_button_module_wrapper et_pb_button_5_tb_body_wrapper et_pb_button_alignment_center et_pb_module \">\n         <a class=\"et_pb_button et_pb_button_5_tb_body et_hover_enabled et_pb_bg_layout_dark\" style=\"width: 50%;background-color: black;\" href=\"https:\/\/app.legislapp.com.br\" target=\"_blank\" rel=\"noopener\">Visualizar completo na nossa plataforma (30 dias gr\u00e1tis)<\/a><\/p><\/div>\n<p>      <a href=\"https:\/\/play.google.com\/store\/apps\/details?id=br.com.legislapp\"><img decoding=\"async\" style=\"width: 15%; min-width: 130px;\" src=\"https:\/\/www.legislapp.com.br\/wp-content\/uploads\/google-play.png\"><\/a><br \/>\n      <a href=\"https:\/\/apps.apple.com\/us\/app\/legislapp\/id1568929859\"><img decoding=\"async\" style=\"width: 15%; min-width: 130px\" src=\"https:\/\/www.legislapp.com.br\/wp-content\/uploads\/apple-store.png\"><\/a>\n   <\/div>\n","protected":false},"excerpt":{"rendered":"<p>C\u00e2m. Legislativa de MG &#8211; Autoria de Deputados Institui a Comenda Pedro Aleixo. Institui a Comenda Pedro Aleixo e d\u00e1 outras provid\u00eancias. A Assembleia Legislativa do Estado de Minas Gerais decreta: Art. 1\u00ba \u2013 Fica institu\u00edda a Comenda Pedro Aleixo, destinada a homenagear profissionais da \u00e1rea pol\u00edtica que tenham destacado em suas fun\u00e7\u00f5es e atividades. [&hellip;]<\/p>\n","protected":false},"author":1,"featured_media":0,"parent":0,"menu_order":0,"comment_status":"closed","ping_status":"closed","template":"page-template-blank.php","meta":{"_et_pb_use_builder":"","_et_pb_old_content":"","_et_gb_content_width":"1080","ngg_post_thumbnail":0,"footnotes":""},"class_list":["post-5999","page","type-page","status-publish","hentry"],"yoast_head":"<!-- This site is optimized with the Yoast SEO plugin v24.4 - https:\/\/yoast.com\/wordpress\/plugins\/seo\/ -->\n<title>PL 3840\/2025 - Deputados - Legislapp<\/title>\n<meta name=\"robots\" content=\"index, follow, max-snippet:-1, max-image-preview:large, max-video-preview:-1\" \/>\n<link rel=\"canonical\" href=\"https:\/\/www.legislapp.com.br\/index.php\/cam-legislativa-de-mg-pl-3840-2025\/\" \/>\n<meta property=\"og:locale\" content=\"pt_BR\" \/>\n<meta property=\"og:type\" content=\"article\" \/>\n<meta property=\"og:title\" content=\"PL 3840\/2025 - Deputados - Legislapp\" \/>\n<meta property=\"og:description\" content=\"C\u00e2m. Legislativa de MG &#8211; Autoria de Deputados Institui a Comenda Pedro Aleixo. Institui a Comenda Pedro Aleixo e d\u00e1 outras provid\u00eancias. A Assembleia Legislativa do Estado de Minas Gerais decreta: Art. 1\u00ba \u2013 Fica institu\u00edda a Comenda Pedro Aleixo, destinada a homenagear profissionais da \u00e1rea pol\u00edtica que tenham destacado em suas fun\u00e7\u00f5es e atividades. [&hellip;]\" \/>\n<meta property=\"og:url\" content=\"https:\/\/www.legislapp.com.br\/index.php\/cam-legislativa-de-mg-pl-3840-2025\/\" \/>\n<meta property=\"og:site_name\" content=\"Legislapp\" \/>\n<meta property=\"article:publisher\" content=\"https:\/\/www.instagram.com\/legislapp\/\" \/>\n<meta property=\"og:image\" content=\"https:\/\/www.legislapp.com.br\/wp-content\/uploads\/google-play.png\" \/>\n<meta name=\"twitter:card\" content=\"summary_large_image\" \/>\n<meta name=\"twitter:label1\" content=\"Est. tempo de leitura\" \/>\n\t<meta name=\"twitter:data1\" content=\"4 minutos\" \/>\n<script type=\"application\/ld+json\" class=\"yoast-schema-graph\">{\"@context\":\"https:\/\/schema.org\",\"@graph\":[{\"@type\":\"WebPage\",\"@id\":\"https:\/\/www.legislapp.com.br\/index.php\/cam-legislativa-de-mg-pl-3840-2025\/\",\"url\":\"https:\/\/www.legislapp.com.br\/index.php\/cam-legislativa-de-mg-pl-3840-2025\/\",\"name\":\"PL 3840\/2025 - Deputados - Legislapp\",\"isPartOf\":{\"@id\":\"https:\/\/www.legislapp.com.br\/#website\"},\"primaryImageOfPage\":{\"@id\":\"https:\/\/www.legislapp.com.br\/index.php\/cam-legislativa-de-mg-pl-3840-2025\/#primaryimage\"},\"image\":{\"@id\":\"https:\/\/www.legislapp.com.br\/index.php\/cam-legislativa-de-mg-pl-3840-2025\/#primaryimage\"},\"thumbnailUrl\":\"https:\/\/www.legislapp.com.br\/wp-content\/uploads\/google-play.png\",\"datePublished\":\"2025-06-25T13:14:55+00:00\",\"breadcrumb\":{\"@id\":\"https:\/\/www.legislapp.com.br\/index.php\/cam-legislativa-de-mg-pl-3840-2025\/#breadcrumb\"},\"inLanguage\":\"pt-BR\",\"potentialAction\":[{\"@type\":\"ReadAction\",\"target\":[\"https:\/\/www.legislapp.com.br\/index.php\/cam-legislativa-de-mg-pl-3840-2025\/\"]}]},{\"@type\":\"ImageObject\",\"inLanguage\":\"pt-BR\",\"@id\":\"https:\/\/www.legislapp.com.br\/index.php\/cam-legislativa-de-mg-pl-3840-2025\/#primaryimage\",\"url\":\"https:\/\/www.legislapp.com.br\/wp-content\/uploads\/google-play.png\",\"contentUrl\":\"https:\/\/www.legislapp.com.br\/wp-content\/uploads\/google-play.png\",\"width\":564,\"height\":168},{\"@type\":\"BreadcrumbList\",\"@id\":\"https:\/\/www.legislapp.com.br\/index.php\/cam-legislativa-de-mg-pl-3840-2025\/#breadcrumb\",\"itemListElement\":[{\"@type\":\"ListItem\",\"position\":1,\"name\":\"In\u00edcio\",\"item\":\"https:\/\/www.legislapp.com.br\/\"},{\"@type\":\"ListItem\",\"position\":2,\"name\":\"PL 3840\/2025 &#8211; Deputados\"}]},{\"@type\":\"WebSite\",\"@id\":\"https:\/\/www.legislapp.com.br\/#website\",\"url\":\"https:\/\/www.legislapp.com.br\/\",\"name\":\"Legislapp\",\"description\":\"Intelig\u00eancia governamental em tempo real\",\"publisher\":{\"@id\":\"https:\/\/www.legislapp.com.br\/#organization\"},\"potentialAction\":[{\"@type\":\"SearchAction\",\"target\":{\"@type\":\"EntryPoint\",\"urlTemplate\":\"https:\/\/www.legislapp.com.br\/?s={search_term_string}\"},\"query-input\":{\"@type\":\"PropertyValueSpecification\",\"valueRequired\":true,\"valueName\":\"search_term_string\"}}],\"inLanguage\":\"pt-BR\"},{\"@type\":\"Organization\",\"@id\":\"https:\/\/www.legislapp.com.br\/#organization\",\"name\":\"Legislapp Monitoramento e Intelig\u00eancia Governamental\",\"url\":\"https:\/\/www.legislapp.com.br\/\",\"logo\":{\"@type\":\"ImageObject\",\"inLanguage\":\"pt-BR\",\"@id\":\"https:\/\/www.legislapp.com.br\/#\/schema\/logo\/image\/\",\"url\":\"https:\/\/www.legislapp.com.br\/wp-content\/uploads\/icon.png\",\"contentUrl\":\"https:\/\/www.legislapp.com.br\/wp-content\/uploads\/icon.png\",\"width\":1024,\"height\":1024,\"caption\":\"Legislapp Monitoramento e Intelig\u00eancia Governamental\"},\"image\":{\"@id\":\"https:\/\/www.legislapp.com.br\/#\/schema\/logo\/image\/\"},\"sameAs\":[\"https:\/\/www.instagram.com\/legislapp\/\"]}]}<\/script>\n<!-- \/ Yoast SEO plugin. -->","yoast_head_json":{"title":"PL 3840\/2025 - Deputados - Legislapp","robots":{"index":"index","follow":"follow","max-snippet":"max-snippet:-1","max-image-preview":"max-image-preview:large","max-video-preview":"max-video-preview:-1"},"canonical":"https:\/\/www.legislapp.com.br\/index.php\/cam-legislativa-de-mg-pl-3840-2025\/","og_locale":"pt_BR","og_type":"article","og_title":"PL 3840\/2025 - Deputados - Legislapp","og_description":"C\u00e2m. Legislativa de MG &#8211; Autoria de Deputados Institui a Comenda Pedro Aleixo. Institui a Comenda Pedro Aleixo e d\u00e1 outras provid\u00eancias. A Assembleia Legislativa do Estado de Minas Gerais decreta: Art. 1\u00ba \u2013 Fica institu\u00edda a Comenda Pedro Aleixo, destinada a homenagear profissionais da \u00e1rea pol\u00edtica que tenham destacado em suas fun\u00e7\u00f5es e atividades. [&hellip;]","og_url":"https:\/\/www.legislapp.com.br\/index.php\/cam-legislativa-de-mg-pl-3840-2025\/","og_site_name":"Legislapp","article_publisher":"https:\/\/www.instagram.com\/legislapp\/","og_image":[{"url":"https:\/\/www.legislapp.com.br\/wp-content\/uploads\/google-play.png","type":"","width":"","height":""}],"twitter_card":"summary_large_image","twitter_misc":{"Est. tempo de leitura":"4 minutos"},"schema":{"@context":"https:\/\/schema.org","@graph":[{"@type":"WebPage","@id":"https:\/\/www.legislapp.com.br\/index.php\/cam-legislativa-de-mg-pl-3840-2025\/","url":"https:\/\/www.legislapp.com.br\/index.php\/cam-legislativa-de-mg-pl-3840-2025\/","name":"PL 3840\/2025 - Deputados - Legislapp","isPartOf":{"@id":"https:\/\/www.legislapp.com.br\/#website"},"primaryImageOfPage":{"@id":"https:\/\/www.legislapp.com.br\/index.php\/cam-legislativa-de-mg-pl-3840-2025\/#primaryimage"},"image":{"@id":"https:\/\/www.legislapp.com.br\/index.php\/cam-legislativa-de-mg-pl-3840-2025\/#primaryimage"},"thumbnailUrl":"https:\/\/www.legislapp.com.br\/wp-content\/uploads\/google-play.png","datePublished":"2025-06-25T13:14:55+00:00","breadcrumb":{"@id":"https:\/\/www.legislapp.com.br\/index.php\/cam-legislativa-de-mg-pl-3840-2025\/#breadcrumb"},"inLanguage":"pt-BR","potentialAction":[{"@type":"ReadAction","target":["https:\/\/www.legislapp.com.br\/index.php\/cam-legislativa-de-mg-pl-3840-2025\/"]}]},{"@type":"ImageObject","inLanguage":"pt-BR","@id":"https:\/\/www.legislapp.com.br\/index.php\/cam-legislativa-de-mg-pl-3840-2025\/#primaryimage","url":"https:\/\/www.legislapp.com.br\/wp-content\/uploads\/google-play.png","contentUrl":"https:\/\/www.legislapp.com.br\/wp-content\/uploads\/google-play.png","width":564,"height":168},{"@type":"BreadcrumbList","@id":"https:\/\/www.legislapp.com.br\/index.php\/cam-legislativa-de-mg-pl-3840-2025\/#breadcrumb","itemListElement":[{"@type":"ListItem","position":1,"name":"In\u00edcio","item":"https:\/\/www.legislapp.com.br\/"},{"@type":"ListItem","position":2,"name":"PL 3840\/2025 &#8211; Deputados"}]},{"@type":"WebSite","@id":"https:\/\/www.legislapp.com.br\/#website","url":"https:\/\/www.legislapp.com.br\/","name":"Legislapp","description":"Intelig\u00eancia governamental em tempo real","publisher":{"@id":"https:\/\/www.legislapp.com.br\/#organization"},"potentialAction":[{"@type":"SearchAction","target":{"@type":"EntryPoint","urlTemplate":"https:\/\/www.legislapp.com.br\/?s={search_term_string}"},"query-input":{"@type":"PropertyValueSpecification","valueRequired":true,"valueName":"search_term_string"}}],"inLanguage":"pt-BR"},{"@type":"Organization","@id":"https:\/\/www.legislapp.com.br\/#organization","name":"Legislapp Monitoramento e Intelig\u00eancia Governamental","url":"https:\/\/www.legislapp.com.br\/","logo":{"@type":"ImageObject","inLanguage":"pt-BR","@id":"https:\/\/www.legislapp.com.br\/#\/schema\/logo\/image\/","url":"https:\/\/www.legislapp.com.br\/wp-content\/uploads\/icon.png","contentUrl":"https:\/\/www.legislapp.com.br\/wp-content\/uploads\/icon.png","width":1024,"height":1024,"caption":"Legislapp Monitoramento e Intelig\u00eancia Governamental"},"image":{"@id":"https:\/\/www.legislapp.com.br\/#\/schema\/logo\/image\/"},"sameAs":["https:\/\/www.instagram.com\/legislapp\/"]}]}},"_links":{"self":[{"href":"https:\/\/www.legislapp.com.br\/index.php\/wp-json\/wp\/v2\/pages\/5999","targetHints":{"allow":["GET"]}}],"collection":[{"href":"https:\/\/www.legislapp.com.br\/index.php\/wp-json\/wp\/v2\/pages"}],"about":[{"href":"https:\/\/www.legislapp.com.br\/index.php\/wp-json\/wp\/v2\/types\/page"}],"author":[{"embeddable":true,"href":"https:\/\/www.legislapp.com.br\/index.php\/wp-json\/wp\/v2\/users\/1"}],"replies":[{"embeddable":true,"href":"https:\/\/www.legislapp.com.br\/index.php\/wp-json\/wp\/v2\/comments?post=5999"}],"version-history":[{"count":0,"href":"https:\/\/www.legislapp.com.br\/index.php\/wp-json\/wp\/v2\/pages\/5999\/revisions"}],"wp:attachment":[{"href":"https:\/\/www.legislapp.com.br\/index.php\/wp-json\/wp\/v2\/media?parent=5999"}],"curies":[{"name":"wp","href":"https:\/\/api.w.org\/{rel}","templated":true}]}}