{"id":6023,"date":"2025-06-25T10:16:10","date_gmt":"2025-06-25T13:16:10","guid":{"rendered":"https:\/\/www.legislapp.com.br\/index.php\/cam-legislativa-de-sc-pl-0322-2025\/"},"modified":"2025-06-25T10:16:10","modified_gmt":"2025-06-25T13:16:10","slug":"cam-legislativa-de-sc-pl-0322-2025","status":"publish","type":"page","link":"https:\/\/www.legislapp.com.br\/index.php\/cam-legislativa-de-sc-pl-0322-2025\/","title":{"rendered":"PL.\/0322\/2025 &#8211; Sargento Lima"},"content":{"rendered":"<h1 style='text-align: center;'>C\u00e2m. Legislativa de SC &#8211; Autoria de Sargento Lima<\/h3>\n<p><\/p>\n<article style='text-align: center'>Institui o Dia Estadual do Professor de Jiu-Jitsu e altera o Anexo \u00danico da Lei n\u00ba 18.531, de 2022, que Consolida as leis que instituem datas e eventos alusivos no \u00e2mbito do Estado de Santa Catarina e estabelece o Calend\u00e1rio Oficial do Estado para incluir referida data alusiva no Calend\u00e1rio Oficial do Estado de Santa Catarina.<\/article>\n<p><\/p>\n<p style='text-align: center'><a href='https:\/\/app.legislapp.com.br\/#\/busca?termo='><\/a><\/p>\n<p><\/p>\n<article>ASSEMBLEIA LEGISLATIVA GABINETE DEPUTADO<br \/>\nESTADO DE SANTA CATARINA SARGENTO LIMA<\/p>\n<p>PROJETO DE LEI <\/p>\n<p>Institui o Dia Estadual do Professor de Jiu-Jitsu e altera o<br \/>\nAnexo \u00danico da Lei n\u00ba 18.531, de 2022, que Consolida as leis<br \/>\nque instituem datas e eventos alusivos no \u00e2mbito do Estado<br \/>\nde Santa Catarina e estabelece o Calend\u00e1rio Oficial do<br \/>\nEstado para incluir referida data alusiva no Calend\u00e1rio Oficial<br \/>\ndo Estado de Santa Catarina.<\/p>\n<p>Art. 1\u00ba Fica institu\u00eddo, no \u00e2mbito do Estado de Santa<br \/>\nCatarina, o Dia Estadual do Professor de Jiu-Jitsu, a ser celebrado, anualmente, no<br \/>\ndia 9 de setembro.<\/p>\n<p>Art. 2\u00ba O Anexo \u00danico da Lei n\u00ba 18.531, de 5 de dezembro de<br \/>\n2022, passa a vigorar com a altera\u00e7\u00e3o constante do Anexo \u00danico desta Lei.<\/p>\n<p>Art. 3\u00ba Esta Lei entra em vigor na data de sua publica\u00e7\u00e3o.<\/p>\n<p>Sala das Sess\u00f5es,<\/p>\n<p>Deputado Sargento Lima<\/p>\n<p>ANEXO \u00daNICO<br \/>\n(Altera o Anexo \u00danico da Lei n\u00ba 18.531, de 5 de dezembro de 2022)<\/p>\n<p>ANEXO \u00daNICO<br \/>\nCALEND\u00c1RIO OFICIAL DO ESTADO DE SANTA CATARINA<br \/>\n&#8230;&#8230;&#8230;&#8230;&#8230;&#8230;&#8230;&#8230;&#8230;&#8230;&#8230;&#8230;&#8230;&#8230;&#8230;&#8230;&#8230;&#8230;&#8230;&#8230;&#8230;&#8230;&#8230;&#8230;&#8230;&#8230;&#8230;&#8230;&#8230;&#8230;&#8230;&#8230;&#8230;&#8230;&#8230;&#8230;&#8230;&#8230;&#8230;&#8230;&#8230;&#8230;&#8230;&#8230;&#8230;&#8230;&#8230;..<br \/>\nSETEMBRO<br \/>\n9 \u2013 Dia Estadual do Professor de Jiu-Jitsu.<br \/>\n&#8230;&#8230;&#8230;&#8230;&#8230;&#8230;&#8230;&#8230;&#8230;&#8230;&#8230;&#8230;&#8230;&#8230;&#8230;&#8230;&#8230;&#8230;&#8230;&#8230;&#8230;&#8230;&#8230;&#8230;&#8230;&#8230;&#8230;&#8230;&#8230;&#8230;&#8230;&#8230;&#8230;&#8230;&#8230;&#8230;&#8230;&#8230;&#8230;&#8230;&#8230;&#8230;.&#8221;(NR)JUSTIFICATIVA<\/p>\n<p>O presente Projeto de Lei tem por objetivo reconhecer e<br \/>\nvalorizar a figura do Professor de Jiu-Jitsu no Estado de Santa Catarina, instituindo o<br \/>\nDia Estadual do Professor de Jiu-Jitsu no dia 9 de setembro, data j\u00e1 adotada por outros<br \/>\nestados brasileiros, fortalecendo a integra\u00e7\u00e3o nacional em torno dessa homenagem.<\/p>\n<p>O Jiu-Jitsu brasileiro, tamb\u00e9m conhecido como Brazilian Jiu-<br \/>\nJitsu (BJJ), \u00e9 uma arte marcial que transcendeu o tatame e tornou-se s\u00edmbolo de<br \/>\ndisciplina, supera\u00e7\u00e3o e transforma\u00e7\u00e3o social. Com ra\u00edzes no Jiu-Jitsu tradicional<br \/>\njapon\u00eas e desenvolvido no Brasil ao longo do s\u00e9culo XX por fam\u00edlias e mestres<br \/>\ndedicados, o BJJ conquistou reconhecimento internacional como uma das modalidades<br \/>\nmais completas de combate, autodefesa e forma\u00e7\u00e3o pessoal.<\/p>\n<p>Em Santa Catarina, a hist\u00f3ria do Jiu-Jitsu se confunde com a<br \/>\nde verdadeiros pioneiros que, muitas vezes enfrentando preconceitos e aus\u00eancia de<br \/>\napoio institucional, ergueram suas academias com esfor\u00e7o pr\u00f3prio e formaram<br \/>\ngera\u00e7\u00f5es de praticantes, atletas e cidad\u00e3os. Grandes mestres catarinenses \u2014 com<br \/>\natua\u00e7\u00e3o marcante em cidades como Florian\u00f3polis, Joinville, Barra Velha, Blumenau,<br \/>\nChapec\u00f3, Lages e tantas outras \u2014 foram e s\u00e3o fundamentais para o enraizamento e<br \/>\ncrescimento dessa arte em nosso estado.<\/p>\n<p>Esses professores n\u00e3o apenas ensinam t\u00e9cnicas de<br \/>\nimobiliza\u00e7\u00e3o e defesa pessoal \u2014 eles moldam car\u00e1teres, acolhem jovens em<br \/>\nvulnerabilidade, orientam trajet\u00f3rias de vida e formam campe\u00f5es n\u00e3o apenas nos<br \/>\np\u00f3dios, mas na conduta e nos valores. O Professor de Jiu-Jitsu \u00e9, antes de tudo, um<br \/>\neducador do corpo e da mente.<\/p>\n<p>Santa Catarina possui atletas reconhecidos nacional e<br \/>\ninternacionalmente, equipes que figuram entre as melhores do pa\u00eds e projetos sociais<br \/>\nexemplares que usam o Jiu-Jitsu como instrumento de inclus\u00e3o, resgate e cidadania.<br \/>\nNo entanto, por tr\u00e1s de cada resultado, sempre estar\u00e1 a figura silenciosa, persistente e<br \/>\ndedicada do professor \u2014 muitas vezes an\u00f4nimo \u2014 que entregou sua vida \u00e0 arte e ao<br \/>\npr\u00f3ximo.<\/p>\n<p>Ao instituirmos oficialmente o Dia Estadual do Professor de<br \/>\nJiu-Jitsu, estamos oferecendo um gesto de respeito, mem\u00f3ria e reconhecimento a todos<br \/>\nesses mestres que contribu\u00edram, e continuam contribuindo, para a constru\u00e7\u00e3o de um<br \/>\nestado mais justo, disciplinado, saud\u00e1vel e comprometido com os valores da honra,<br \/>\nhumildade e perseveran\u00e7a.<\/p>\n<p>\u00c9, portanto, mais do que uma data comemorativa. \u00c9 uma<br \/>\nhomenagem de Estado aos guardi\u00f5es de uma arte milenar adaptada com excel\u00eancia ao<br \/>\nesp\u00edrito e \u00e0 cultura catarinense.<\/p>\n<p>Diante disso, conclamamos os nobres parlamentares desta<br \/>\nCasa a aprovarem a presente proposi\u00e7\u00e3o, como um ato de justi\u00e7a e reconhecimento \u00e0<br \/>\nhist\u00f3ria viva que pulsa dentro de cada doj\u00f4 catarinense.<\/p>\n<p>Sala das Sess\u00f5es,<\/p>\n<p>Deputado Sargento Lima<br \/>\nELEGIS<br \/>\nDocumento assinado eletronicamente por Carlos Henrique de<br \/>\nSistema de Processo<br \/>\nLima, em 02\/06\/2025, \u00e0s 12:26.<br \/>\nLegislativo Eletr\u00f4nico<\/article>\n<div style=\"text-align: center\">\n<div style=\"margin-bottom: 20px;\" class=\"et_pb_button_module_wrapper et_pb_button_5_tb_body_wrapper et_pb_button_alignment_center et_pb_module \">\n         <a class=\"et_pb_button et_pb_button_5_tb_body et_hover_enabled et_pb_bg_layout_dark\" style=\"width: 50%;background-color: black;\" href=\"https:\/\/app.legislapp.com.br\" target=\"_blank\" rel=\"noopener\">Visualizar completo na nossa plataforma (30 dias gr\u00e1tis)<\/a><\/p><\/div>\n<p>      <a href=\"https:\/\/play.google.com\/store\/apps\/details?id=br.com.legislapp\"><img decoding=\"async\" style=\"width: 15%; min-width: 130px;\" src=\"https:\/\/www.legislapp.com.br\/wp-content\/uploads\/google-play.png\"><\/a><br \/>\n      <a href=\"https:\/\/apps.apple.com\/us\/app\/legislapp\/id1568929859\"><img decoding=\"async\" style=\"width: 15%; min-width: 130px\" src=\"https:\/\/www.legislapp.com.br\/wp-content\/uploads\/apple-store.png\"><\/a>\n   <\/div>\n","protected":false},"excerpt":{"rendered":"<p>C\u00e2m. Legislativa de SC &#8211; Autoria de Sargento Lima Institui o Dia Estadual do Professor de Jiu-Jitsu e altera o Anexo \u00danico da Lei n\u00ba 18.531, de 2022, que Consolida as leis que instituem datas e eventos alusivos no \u00e2mbito do Estado de Santa Catarina e estabelece o Calend\u00e1rio Oficial do Estado para incluir referida [&hellip;]<\/p>\n","protected":false},"author":1,"featured_media":0,"parent":0,"menu_order":0,"comment_status":"closed","ping_status":"closed","template":"page-template-blank.php","meta":{"_et_pb_use_builder":"","_et_pb_old_content":"","_et_gb_content_width":"1080","ngg_post_thumbnail":0,"footnotes":""},"class_list":["post-6023","page","type-page","status-publish","hentry"],"yoast_head":"<!-- This site is optimized with the Yoast SEO plugin v24.4 - https:\/\/yoast.com\/wordpress\/plugins\/seo\/ -->\n<title>PL.\/0322\/2025 - Sargento Lima - Legislapp<\/title>\n<meta name=\"robots\" content=\"index, follow, max-snippet:-1, max-image-preview:large, max-video-preview:-1\" \/>\n<link rel=\"canonical\" href=\"https:\/\/www.legislapp.com.br\/index.php\/cam-legislativa-de-sc-pl-0322-2025\/\" \/>\n<meta property=\"og:locale\" content=\"pt_BR\" \/>\n<meta property=\"og:type\" content=\"article\" \/>\n<meta property=\"og:title\" content=\"PL.\/0322\/2025 - Sargento Lima - Legislapp\" \/>\n<meta property=\"og:description\" content=\"C\u00e2m. Legislativa de SC &#8211; Autoria de Sargento Lima Institui o Dia Estadual do Professor de Jiu-Jitsu e altera o Anexo \u00danico da Lei n\u00ba 18.531, de 2022, que Consolida as leis que instituem datas e eventos alusivos no \u00e2mbito do Estado de Santa Catarina e estabelece o Calend\u00e1rio Oficial do Estado para incluir referida [&hellip;]\" \/>\n<meta property=\"og:url\" content=\"https:\/\/www.legislapp.com.br\/index.php\/cam-legislativa-de-sc-pl-0322-2025\/\" \/>\n<meta property=\"og:site_name\" content=\"Legislapp\" \/>\n<meta property=\"article:publisher\" content=\"https:\/\/www.instagram.com\/legislapp\/\" \/>\n<meta property=\"og:image\" content=\"https:\/\/www.legislapp.com.br\/wp-content\/uploads\/google-play.png\" \/>\n<meta name=\"twitter:card\" content=\"summary_large_image\" \/>\n<meta name=\"twitter:label1\" content=\"Est. tempo de leitura\" \/>\n\t<meta name=\"twitter:data1\" content=\"4 minutos\" \/>\n<script type=\"application\/ld+json\" class=\"yoast-schema-graph\">{\"@context\":\"https:\/\/schema.org\",\"@graph\":[{\"@type\":\"WebPage\",\"@id\":\"https:\/\/www.legislapp.com.br\/index.php\/cam-legislativa-de-sc-pl-0322-2025\/\",\"url\":\"https:\/\/www.legislapp.com.br\/index.php\/cam-legislativa-de-sc-pl-0322-2025\/\",\"name\":\"PL.\/0322\/2025 - Sargento Lima - Legislapp\",\"isPartOf\":{\"@id\":\"https:\/\/www.legislapp.com.br\/#website\"},\"primaryImageOfPage\":{\"@id\":\"https:\/\/www.legislapp.com.br\/index.php\/cam-legislativa-de-sc-pl-0322-2025\/#primaryimage\"},\"image\":{\"@id\":\"https:\/\/www.legislapp.com.br\/index.php\/cam-legislativa-de-sc-pl-0322-2025\/#primaryimage\"},\"thumbnailUrl\":\"https:\/\/www.legislapp.com.br\/wp-content\/uploads\/google-play.png\",\"datePublished\":\"2025-06-25T13:16:10+00:00\",\"breadcrumb\":{\"@id\":\"https:\/\/www.legislapp.com.br\/index.php\/cam-legislativa-de-sc-pl-0322-2025\/#breadcrumb\"},\"inLanguage\":\"pt-BR\",\"potentialAction\":[{\"@type\":\"ReadAction\",\"target\":[\"https:\/\/www.legislapp.com.br\/index.php\/cam-legislativa-de-sc-pl-0322-2025\/\"]}]},{\"@type\":\"ImageObject\",\"inLanguage\":\"pt-BR\",\"@id\":\"https:\/\/www.legislapp.com.br\/index.php\/cam-legislativa-de-sc-pl-0322-2025\/#primaryimage\",\"url\":\"https:\/\/www.legislapp.com.br\/wp-content\/uploads\/google-play.png\",\"contentUrl\":\"https:\/\/www.legislapp.com.br\/wp-content\/uploads\/google-play.png\",\"width\":564,\"height\":168},{\"@type\":\"BreadcrumbList\",\"@id\":\"https:\/\/www.legislapp.com.br\/index.php\/cam-legislativa-de-sc-pl-0322-2025\/#breadcrumb\",\"itemListElement\":[{\"@type\":\"ListItem\",\"position\":1,\"name\":\"In\u00edcio\",\"item\":\"https:\/\/www.legislapp.com.br\/\"},{\"@type\":\"ListItem\",\"position\":2,\"name\":\"PL.\/0322\/2025 &#8211; Sargento Lima\"}]},{\"@type\":\"WebSite\",\"@id\":\"https:\/\/www.legislapp.com.br\/#website\",\"url\":\"https:\/\/www.legislapp.com.br\/\",\"name\":\"Legislapp\",\"description\":\"Intelig\u00eancia governamental em tempo real\",\"publisher\":{\"@id\":\"https:\/\/www.legislapp.com.br\/#organization\"},\"potentialAction\":[{\"@type\":\"SearchAction\",\"target\":{\"@type\":\"EntryPoint\",\"urlTemplate\":\"https:\/\/www.legislapp.com.br\/?s={search_term_string}\"},\"query-input\":{\"@type\":\"PropertyValueSpecification\",\"valueRequired\":true,\"valueName\":\"search_term_string\"}}],\"inLanguage\":\"pt-BR\"},{\"@type\":\"Organization\",\"@id\":\"https:\/\/www.legislapp.com.br\/#organization\",\"name\":\"Legislapp Monitoramento e Intelig\u00eancia Governamental\",\"url\":\"https:\/\/www.legislapp.com.br\/\",\"logo\":{\"@type\":\"ImageObject\",\"inLanguage\":\"pt-BR\",\"@id\":\"https:\/\/www.legislapp.com.br\/#\/schema\/logo\/image\/\",\"url\":\"https:\/\/www.legislapp.com.br\/wp-content\/uploads\/icon.png\",\"contentUrl\":\"https:\/\/www.legislapp.com.br\/wp-content\/uploads\/icon.png\",\"width\":1024,\"height\":1024,\"caption\":\"Legislapp Monitoramento e Intelig\u00eancia Governamental\"},\"image\":{\"@id\":\"https:\/\/www.legislapp.com.br\/#\/schema\/logo\/image\/\"},\"sameAs\":[\"https:\/\/www.instagram.com\/legislapp\/\"]}]}<\/script>\n<!-- \/ Yoast SEO plugin. -->","yoast_head_json":{"title":"PL.\/0322\/2025 - Sargento Lima - Legislapp","robots":{"index":"index","follow":"follow","max-snippet":"max-snippet:-1","max-image-preview":"max-image-preview:large","max-video-preview":"max-video-preview:-1"},"canonical":"https:\/\/www.legislapp.com.br\/index.php\/cam-legislativa-de-sc-pl-0322-2025\/","og_locale":"pt_BR","og_type":"article","og_title":"PL.\/0322\/2025 - Sargento Lima - Legislapp","og_description":"C\u00e2m. Legislativa de SC &#8211; Autoria de Sargento Lima Institui o Dia Estadual do Professor de Jiu-Jitsu e altera o Anexo \u00danico da Lei n\u00ba 18.531, de 2022, que Consolida as leis que instituem datas e eventos alusivos no \u00e2mbito do Estado de Santa Catarina e estabelece o Calend\u00e1rio Oficial do Estado para incluir referida [&hellip;]","og_url":"https:\/\/www.legislapp.com.br\/index.php\/cam-legislativa-de-sc-pl-0322-2025\/","og_site_name":"Legislapp","article_publisher":"https:\/\/www.instagram.com\/legislapp\/","og_image":[{"url":"https:\/\/www.legislapp.com.br\/wp-content\/uploads\/google-play.png","type":"","width":"","height":""}],"twitter_card":"summary_large_image","twitter_misc":{"Est. tempo de leitura":"4 minutos"},"schema":{"@context":"https:\/\/schema.org","@graph":[{"@type":"WebPage","@id":"https:\/\/www.legislapp.com.br\/index.php\/cam-legislativa-de-sc-pl-0322-2025\/","url":"https:\/\/www.legislapp.com.br\/index.php\/cam-legislativa-de-sc-pl-0322-2025\/","name":"PL.\/0322\/2025 - Sargento Lima - Legislapp","isPartOf":{"@id":"https:\/\/www.legislapp.com.br\/#website"},"primaryImageOfPage":{"@id":"https:\/\/www.legislapp.com.br\/index.php\/cam-legislativa-de-sc-pl-0322-2025\/#primaryimage"},"image":{"@id":"https:\/\/www.legislapp.com.br\/index.php\/cam-legislativa-de-sc-pl-0322-2025\/#primaryimage"},"thumbnailUrl":"https:\/\/www.legislapp.com.br\/wp-content\/uploads\/google-play.png","datePublished":"2025-06-25T13:16:10+00:00","breadcrumb":{"@id":"https:\/\/www.legislapp.com.br\/index.php\/cam-legislativa-de-sc-pl-0322-2025\/#breadcrumb"},"inLanguage":"pt-BR","potentialAction":[{"@type":"ReadAction","target":["https:\/\/www.legislapp.com.br\/index.php\/cam-legislativa-de-sc-pl-0322-2025\/"]}]},{"@type":"ImageObject","inLanguage":"pt-BR","@id":"https:\/\/www.legislapp.com.br\/index.php\/cam-legislativa-de-sc-pl-0322-2025\/#primaryimage","url":"https:\/\/www.legislapp.com.br\/wp-content\/uploads\/google-play.png","contentUrl":"https:\/\/www.legislapp.com.br\/wp-content\/uploads\/google-play.png","width":564,"height":168},{"@type":"BreadcrumbList","@id":"https:\/\/www.legislapp.com.br\/index.php\/cam-legislativa-de-sc-pl-0322-2025\/#breadcrumb","itemListElement":[{"@type":"ListItem","position":1,"name":"In\u00edcio","item":"https:\/\/www.legislapp.com.br\/"},{"@type":"ListItem","position":2,"name":"PL.\/0322\/2025 &#8211; Sargento Lima"}]},{"@type":"WebSite","@id":"https:\/\/www.legislapp.com.br\/#website","url":"https:\/\/www.legislapp.com.br\/","name":"Legislapp","description":"Intelig\u00eancia governamental em tempo real","publisher":{"@id":"https:\/\/www.legislapp.com.br\/#organization"},"potentialAction":[{"@type":"SearchAction","target":{"@type":"EntryPoint","urlTemplate":"https:\/\/www.legislapp.com.br\/?s={search_term_string}"},"query-input":{"@type":"PropertyValueSpecification","valueRequired":true,"valueName":"search_term_string"}}],"inLanguage":"pt-BR"},{"@type":"Organization","@id":"https:\/\/www.legislapp.com.br\/#organization","name":"Legislapp Monitoramento e Intelig\u00eancia Governamental","url":"https:\/\/www.legislapp.com.br\/","logo":{"@type":"ImageObject","inLanguage":"pt-BR","@id":"https:\/\/www.legislapp.com.br\/#\/schema\/logo\/image\/","url":"https:\/\/www.legislapp.com.br\/wp-content\/uploads\/icon.png","contentUrl":"https:\/\/www.legislapp.com.br\/wp-content\/uploads\/icon.png","width":1024,"height":1024,"caption":"Legislapp Monitoramento e Intelig\u00eancia Governamental"},"image":{"@id":"https:\/\/www.legislapp.com.br\/#\/schema\/logo\/image\/"},"sameAs":["https:\/\/www.instagram.com\/legislapp\/"]}]}},"_links":{"self":[{"href":"https:\/\/www.legislapp.com.br\/index.php\/wp-json\/wp\/v2\/pages\/6023","targetHints":{"allow":["GET"]}}],"collection":[{"href":"https:\/\/www.legislapp.com.br\/index.php\/wp-json\/wp\/v2\/pages"}],"about":[{"href":"https:\/\/www.legislapp.com.br\/index.php\/wp-json\/wp\/v2\/types\/page"}],"author":[{"embeddable":true,"href":"https:\/\/www.legislapp.com.br\/index.php\/wp-json\/wp\/v2\/users\/1"}],"replies":[{"embeddable":true,"href":"https:\/\/www.legislapp.com.br\/index.php\/wp-json\/wp\/v2\/comments?post=6023"}],"version-history":[{"count":0,"href":"https:\/\/www.legislapp.com.br\/index.php\/wp-json\/wp\/v2\/pages\/6023\/revisions"}],"wp:attachment":[{"href":"https:\/\/www.legislapp.com.br\/index.php\/wp-json\/wp\/v2\/media?parent=6023"}],"curies":[{"name":"wp","href":"https:\/\/api.w.org\/{rel}","templated":true}]}}