{"id":6079,"date":"2025-06-25T10:19:01","date_gmt":"2025-06-25T13:19:01","guid":{"rendered":"https:\/\/www.legislapp.com.br\/index.php\/cam-legislativa-de-sc-pl-0342-2025\/"},"modified":"2025-06-25T10:19:01","modified_gmt":"2025-06-25T13:19:01","slug":"cam-legislativa-de-sc-pl-0342-2025","status":"publish","type":"page","link":"https:\/\/www.legislapp.com.br\/index.php\/cam-legislativa-de-sc-pl-0342-2025\/","title":{"rendered":"PL.\/0342\/2025 &#8211; Marcius Machado"},"content":{"rendered":"<h1 style='text-align: center;'>C\u00e2m. Legislativa de SC &#8211; Autoria de Marcius Machado<\/h3>\n<p><\/p>\n<article style='text-align: center'>Altera o art. 2\u00ba da Lei n\u00ba 12.854, de 2003, que &#8220;Institui o C\u00f3digo Estadual de Prote\u00e7\u00e3o aos Animais&#8221;, para vedar o confinamento, acorrentamento ou alojamento inadequado de animais, bem como qualquer meio de restri\u00e7\u00e3o indevida \u00e0 sua liberdade de locomo\u00e7\u00e3o.<\/article>\n<p><\/p>\n<p style='text-align: center'><a href='https:\/\/app.legislapp.com.br\/#\/busca?termo='><\/a><\/p>\n<p><\/p>\n<article>ASSEMBLEIA LEGISLATIVA GABINETE DEPUTADO<br \/>\nESTADO DE SANTA CATARINA MARCIUS MACHADO<br \/>\nPROJETO DE LEI<\/p>\n<p>Altera o art. 2\u00ba da Lei n\u00ba 12.854, de 2003, que &#8220;Institui o<br \/>\nC\u00f3digo Estadual de Prote\u00e7\u00e3o aos Animais&#8221;, para vedar o<br \/>\nconfinamento, acorrentamento ou alojamento inadequado de<br \/>\nanimais, bem como qualquer meio de restri\u00e7\u00e3o indevida \u00e0 sua<br \/>\nliberdade de locomo\u00e7\u00e3o.<\/p>\n<p>Art. 1\u00ba O art. 2\u00ba da Lei 12.854, de 22 de dezembro de 2003,<br \/>\npassa a vigorar com a seguinte reda\u00e7\u00e3o:<\/p>\n<p>\u201cArt. 2\u00ba&#8230;&#8230;&#8230;&#8230;&#8230;&#8230;&#8230;&#8230;&#8230;&#8230;&#8230;&#8230;&#8230;&#8230;&#8230;&#8230;&#8230;&#8230;&#8230;&#8230;&#8230;&#8230;&#8230;&#8230;&#8230;&#8230;&#8230;&#8230;&#8230;.<\/p>\n<p>&#8230;&#8230;&#8230;&#8230;&#8230;&#8230;&#8230;&#8230;&#8230;&#8230;&#8230;&#8230;&#8230;&#8230;&#8230;&#8230;&#8230;&#8230;&#8230;&#8230;&#8230;&#8230;&#8230;&#8230;&#8230;&#8230;&#8230;&#8230;&#8230;&#8230;&#8230;&#8230;&#8230;&#8230;<\/p>\n<p>XVII \u2013 realizar o acorrentamento inadequado de animais de<br \/>\nqualquer esp\u00e9cie, que resulte em sofrimento, estresse ou preju\u00edzo ao seu bem-estar.<\/p>\n<p>\u00a7 1\u00ba Para o cumprimento do disposto no inciso II do ca p u t<br \/>\ndeve-se observar:<\/p>\n<p>I \u2013 dimens\u00f5es apropriadas \u00e0 esp\u00e9cie, tamanho e necessidade<br \/>\ndo animal; <\/p>\n<p>II \u2013 espa\u00e7o suficiente para ampla movimenta\u00e7\u00e3o; <\/p>\n<p>III \u2013 incid\u00eancia de luz solar, sombra e ventila\u00e7\u00e3o adequadas;<\/p>\n<p>IV \u2013 fornecimento cont\u00ednuo de alimento e \u00e1gua limpa, bem<br \/>\ncomo atendimento veterin\u00e1rio, quando necess\u00e1rio; <\/p>\n<p>V \u2013 manuten\u00e7\u00e3o da higiene do alojamento e do pr\u00f3prio<br \/>\nanimal; e<\/p>\n<p>VI \u2013 prote\u00e7\u00e3o contra contato com outros animais agressivos<br \/>\nou portadores de doen\u00e7as transmiss\u00edveis.<\/p>\n<p>\u00a7 2\u00ba A veda\u00e7\u00e3o prevista no inciso XIV do ca p u t, n\u00e3o se aplica<br \/>\naos animais nas propriedades rurais e assemelhados, ficando assegurada a utiliza\u00e7\u00e3o<br \/>\nde brincagem, tatuagem ou outra t\u00e9cnica de identifica\u00e7\u00e3o de animais para fins de<br \/>\ncontrole sanit\u00e1rio e zoot\u00e9cnico.<\/p>\n<p>\u00a7 3\u00ba Para os fins do disposto no inciso XVII do ca p u t,<br \/>\nconsidera-se inadequado qualquer meio de restri\u00e7\u00e3o \u00e0 liberdade de locomo\u00e7\u00e3o dos<br \/>\nanimais que os prive de movimentos essenciais \u00e0 sua sa\u00fade e bem-estar.<\/p>\n<p>\u00a7 4\u00ba Configura restri\u00e7\u00e3o indevida \u00e0 liberdade de locomo\u00e7\u00e3o, o<br \/>\naprisionamento permanente ou rotineiro do animal a um objeto estacion\u00e1rio por<br \/>\nper\u00edodos prolongados, sem possibilitar sua movimenta\u00e7\u00e3o adequada.<\/p>\n<p>\u00a7 5\u00ba Nos casos de impossibilidade tempor\u00e1ria de outro meio<br \/>\nde conten\u00e7\u00e3o, ser\u00e1 permitido o uso de corrente do tipo vaiv\u00e9m, que assegure espa\u00e7osuficiente para a movimenta\u00e7\u00e3o do animal, de acordo com suas necessidades.<\/p>\n<p>\u00a7 6\u00ba A liberdade de locomo\u00e7\u00e3o do animal deve ser garantida<br \/>\nde forma a evitar qualquer tipo de ferimento, dor ou sofrimento desnecess\u00e1rio.<\/p>\n<p>\u00a7 7\u00ba \u00c9 expressamente vedado o uso de cadeado para o<br \/>\nfechamento de coleiras ou dispositivos similares que impe\u00e7am a remo\u00e7\u00e3o r\u00e1pida do<br \/>\nanimal em situa\u00e7\u00f5es de emerg\u00eancia.<\/p>\n<p>\u00a7 8\u00ba Para os fins do disposto no inciso XVII do caput, os<br \/>\ninfratores sofrer\u00e3o, cumulativamente, as penalidades impostas nos incisos V e VI do art.<br \/>\n27 e ser\u00e3o enquadrados em infra\u00e7\u00e3o grav\u00edssima, nos termos do inciso III do art. 28 da<br \/>\npresente Lei.\u201d (NR)<\/p>\n<p>Art. 2\u00ba Esta Lei entra em vigor na data de sua publica\u00e7\u00e3o.<\/p>\n<p>Sala das Sess\u00f5es,<\/p>\n<p>Deputado Marcius Machado<\/p>\n<p>J US T I F I CA\u00c7\u00c3O<\/p>\n<p>O presente Projeto de Lei visa aprimorar a prote\u00e7\u00e3o dos<br \/>\nanimais no Estado de Santa Catarina, prevenindo situa\u00e7\u00f5es de maus-tratos decorrentes<br \/>\nde confinamento inadequado, acorrentamento excessivo e outras formas de restri\u00e7\u00e3o \u00e0<br \/>\nliberdade de locomo\u00e7\u00e3o que comprometam o bem-estar animal.<\/p>\n<p>A legisla\u00e7\u00e3o vigente j\u00e1 estabelece diretrizes para a prote\u00e7\u00e3o<br \/>\ndos animais, por\u00e9m, a pr\u00e1tica do acorrentamento prolongado e do alojamento<br \/>\ninadequado ainda \u00e9 frequente, resultando em sofrimento e preju\u00edzos \u00e0 sa\u00fade dos<br \/>\nanimais. Dessa forma, o aprimoramento da Lei n\u00ba 12.854, de 2003, \u00e9 essencial para<br \/>\ngarantir condi\u00e7\u00f5es dignas de vida aos animais, alinhando-se \u00e0 evolu\u00e7\u00e3o das normativas<br \/>\nde bem-estar animal e \u00e0s diretrizes internacionais sobre o tema.<\/p>\n<p>A previs\u00e3o de exce\u00e7\u00e3o para conten\u00e7\u00e3o tempor\u00e1ria por meio<br \/>\ndo sistema vaiv\u00e9m busca atender situa\u00e7\u00f5es excepcionais em que n\u00e3o h\u00e1 uma<br \/>\nalternativa vi\u00e1vel para garantir a seguran\u00e7a do animal e das pessoas ao seu redor.<\/p>\n<p>Ademais, a proibi\u00e7\u00e3o do uso de cadeados em coleiras visa<br \/>\nevitar situa\u00e7\u00f5es de risco, como impossibilidade de resgate em emerg\u00eancias.<\/p>\n<p>Portanto, a proposta tem o objetivo de refor\u00e7ar os princ\u00edpios<br \/>\nde prote\u00e7\u00e3o animal, prevenindo maus-tratos e promovendo uma conviv\u00eancia<br \/>\nharmoniosa entre humanos e animais, em conson\u00e2ncia com os avan\u00e7os nas pol\u00edticas de<br \/>\nbem-estar animal.<\/p>\n<p>Diante do exposto, contamos com o apoio dos demais<br \/>\nParlamentares para a aprova\u00e7\u00e3o desta importante medida legislativa.<\/p>\n<p>ELEGIS<br \/>\nDocumento assinado eletronicamente por Marcius da Silva<br \/>\nSistema de Processo<br \/>\nMachado, em 09\/06\/2025, \u00e0s 16:25.<br \/>\nLegislativo Eletr\u00f4nico<\/article>\n<div style=\"text-align: center\">\n<div style=\"margin-bottom: 20px;\" class=\"et_pb_button_module_wrapper et_pb_button_5_tb_body_wrapper et_pb_button_alignment_center et_pb_module \">\n         <a class=\"et_pb_button et_pb_button_5_tb_body et_hover_enabled et_pb_bg_layout_dark\" style=\"width: 50%;background-color: black;\" href=\"https:\/\/app.legislapp.com.br\" target=\"_blank\" rel=\"noopener\">Visualizar completo na nossa plataforma (30 dias gr\u00e1tis)<\/a><\/p><\/div>\n<p>      <a href=\"https:\/\/play.google.com\/store\/apps\/details?id=br.com.legislapp\"><img decoding=\"async\" style=\"width: 15%; min-width: 130px;\" src=\"https:\/\/www.legislapp.com.br\/wp-content\/uploads\/google-play.png\"><\/a><br \/>\n      <a href=\"https:\/\/apps.apple.com\/us\/app\/legislapp\/id1568929859\"><img decoding=\"async\" style=\"width: 15%; min-width: 130px\" src=\"https:\/\/www.legislapp.com.br\/wp-content\/uploads\/apple-store.png\"><\/a>\n   <\/div>\n","protected":false},"excerpt":{"rendered":"<p>C\u00e2m. Legislativa de SC &#8211; Autoria de Marcius Machado Altera o art. 2\u00ba da Lei n\u00ba 12.854, de 2003, que &#8220;Institui o C\u00f3digo Estadual de Prote\u00e7\u00e3o aos Animais&#8221;, para vedar o confinamento, acorrentamento ou alojamento inadequado de animais, bem como qualquer meio de restri\u00e7\u00e3o indevida \u00e0 sua liberdade de locomo\u00e7\u00e3o. ASSEMBLEIA LEGISLATIVA GABINETE DEPUTADO ESTADO [&hellip;]<\/p>\n","protected":false},"author":1,"featured_media":0,"parent":0,"menu_order":0,"comment_status":"closed","ping_status":"closed","template":"page-template-blank.php","meta":{"_et_pb_use_builder":"","_et_pb_old_content":"","_et_gb_content_width":"1080","ngg_post_thumbnail":0,"footnotes":""},"class_list":["post-6079","page","type-page","status-publish","hentry"],"yoast_head":"<!-- This site is optimized with the Yoast SEO plugin v24.4 - https:\/\/yoast.com\/wordpress\/plugins\/seo\/ -->\n<title>PL.\/0342\/2025 - Marcius Machado - Legislapp<\/title>\n<meta name=\"robots\" content=\"index, follow, max-snippet:-1, max-image-preview:large, max-video-preview:-1\" \/>\n<link rel=\"canonical\" href=\"https:\/\/www.legislapp.com.br\/index.php\/cam-legislativa-de-sc-pl-0342-2025\/\" \/>\n<meta property=\"og:locale\" content=\"pt_BR\" \/>\n<meta property=\"og:type\" content=\"article\" \/>\n<meta property=\"og:title\" content=\"PL.\/0342\/2025 - Marcius Machado - Legislapp\" \/>\n<meta property=\"og:description\" content=\"C\u00e2m. Legislativa de SC &#8211; Autoria de Marcius Machado Altera o art. 2\u00ba da Lei n\u00ba 12.854, de 2003, que &#8220;Institui o C\u00f3digo Estadual de Prote\u00e7\u00e3o aos Animais&#8221;, para vedar o confinamento, acorrentamento ou alojamento inadequado de animais, bem como qualquer meio de restri\u00e7\u00e3o indevida \u00e0 sua liberdade de locomo\u00e7\u00e3o. ASSEMBLEIA LEGISLATIVA GABINETE DEPUTADO ESTADO [&hellip;]\" \/>\n<meta property=\"og:url\" content=\"https:\/\/www.legislapp.com.br\/index.php\/cam-legislativa-de-sc-pl-0342-2025\/\" \/>\n<meta property=\"og:site_name\" content=\"Legislapp\" \/>\n<meta property=\"article:publisher\" content=\"https:\/\/www.instagram.com\/legislapp\/\" \/>\n<meta property=\"og:image\" content=\"https:\/\/www.legislapp.com.br\/wp-content\/uploads\/google-play.png\" \/>\n<meta name=\"twitter:card\" content=\"summary_large_image\" \/>\n<meta name=\"twitter:label1\" content=\"Est. tempo de leitura\" \/>\n\t<meta name=\"twitter:data1\" content=\"4 minutos\" \/>\n<script type=\"application\/ld+json\" class=\"yoast-schema-graph\">{\"@context\":\"https:\/\/schema.org\",\"@graph\":[{\"@type\":\"WebPage\",\"@id\":\"https:\/\/www.legislapp.com.br\/index.php\/cam-legislativa-de-sc-pl-0342-2025\/\",\"url\":\"https:\/\/www.legislapp.com.br\/index.php\/cam-legislativa-de-sc-pl-0342-2025\/\",\"name\":\"PL.\/0342\/2025 - Marcius Machado - Legislapp\",\"isPartOf\":{\"@id\":\"https:\/\/www.legislapp.com.br\/#website\"},\"primaryImageOfPage\":{\"@id\":\"https:\/\/www.legislapp.com.br\/index.php\/cam-legislativa-de-sc-pl-0342-2025\/#primaryimage\"},\"image\":{\"@id\":\"https:\/\/www.legislapp.com.br\/index.php\/cam-legislativa-de-sc-pl-0342-2025\/#primaryimage\"},\"thumbnailUrl\":\"https:\/\/www.legislapp.com.br\/wp-content\/uploads\/google-play.png\",\"datePublished\":\"2025-06-25T13:19:01+00:00\",\"breadcrumb\":{\"@id\":\"https:\/\/www.legislapp.com.br\/index.php\/cam-legislativa-de-sc-pl-0342-2025\/#breadcrumb\"},\"inLanguage\":\"pt-BR\",\"potentialAction\":[{\"@type\":\"ReadAction\",\"target\":[\"https:\/\/www.legislapp.com.br\/index.php\/cam-legislativa-de-sc-pl-0342-2025\/\"]}]},{\"@type\":\"ImageObject\",\"inLanguage\":\"pt-BR\",\"@id\":\"https:\/\/www.legislapp.com.br\/index.php\/cam-legislativa-de-sc-pl-0342-2025\/#primaryimage\",\"url\":\"https:\/\/www.legislapp.com.br\/wp-content\/uploads\/google-play.png\",\"contentUrl\":\"https:\/\/www.legislapp.com.br\/wp-content\/uploads\/google-play.png\",\"width\":564,\"height\":168},{\"@type\":\"BreadcrumbList\",\"@id\":\"https:\/\/www.legislapp.com.br\/index.php\/cam-legislativa-de-sc-pl-0342-2025\/#breadcrumb\",\"itemListElement\":[{\"@type\":\"ListItem\",\"position\":1,\"name\":\"In\u00edcio\",\"item\":\"https:\/\/www.legislapp.com.br\/\"},{\"@type\":\"ListItem\",\"position\":2,\"name\":\"PL.\/0342\/2025 &#8211; Marcius Machado\"}]},{\"@type\":\"WebSite\",\"@id\":\"https:\/\/www.legislapp.com.br\/#website\",\"url\":\"https:\/\/www.legislapp.com.br\/\",\"name\":\"Legislapp\",\"description\":\"Intelig\u00eancia governamental em tempo real\",\"publisher\":{\"@id\":\"https:\/\/www.legislapp.com.br\/#organization\"},\"potentialAction\":[{\"@type\":\"SearchAction\",\"target\":{\"@type\":\"EntryPoint\",\"urlTemplate\":\"https:\/\/www.legislapp.com.br\/?s={search_term_string}\"},\"query-input\":{\"@type\":\"PropertyValueSpecification\",\"valueRequired\":true,\"valueName\":\"search_term_string\"}}],\"inLanguage\":\"pt-BR\"},{\"@type\":\"Organization\",\"@id\":\"https:\/\/www.legislapp.com.br\/#organization\",\"name\":\"Legislapp Monitoramento e Intelig\u00eancia Governamental\",\"url\":\"https:\/\/www.legislapp.com.br\/\",\"logo\":{\"@type\":\"ImageObject\",\"inLanguage\":\"pt-BR\",\"@id\":\"https:\/\/www.legislapp.com.br\/#\/schema\/logo\/image\/\",\"url\":\"https:\/\/www.legislapp.com.br\/wp-content\/uploads\/icon.png\",\"contentUrl\":\"https:\/\/www.legislapp.com.br\/wp-content\/uploads\/icon.png\",\"width\":1024,\"height\":1024,\"caption\":\"Legislapp Monitoramento e Intelig\u00eancia Governamental\"},\"image\":{\"@id\":\"https:\/\/www.legislapp.com.br\/#\/schema\/logo\/image\/\"},\"sameAs\":[\"https:\/\/www.instagram.com\/legislapp\/\"]}]}<\/script>\n<!-- \/ Yoast SEO plugin. -->","yoast_head_json":{"title":"PL.\/0342\/2025 - Marcius Machado - Legislapp","robots":{"index":"index","follow":"follow","max-snippet":"max-snippet:-1","max-image-preview":"max-image-preview:large","max-video-preview":"max-video-preview:-1"},"canonical":"https:\/\/www.legislapp.com.br\/index.php\/cam-legislativa-de-sc-pl-0342-2025\/","og_locale":"pt_BR","og_type":"article","og_title":"PL.\/0342\/2025 - Marcius Machado - Legislapp","og_description":"C\u00e2m. Legislativa de SC &#8211; Autoria de Marcius Machado Altera o art. 2\u00ba da Lei n\u00ba 12.854, de 2003, que &#8220;Institui o C\u00f3digo Estadual de Prote\u00e7\u00e3o aos Animais&#8221;, para vedar o confinamento, acorrentamento ou alojamento inadequado de animais, bem como qualquer meio de restri\u00e7\u00e3o indevida \u00e0 sua liberdade de locomo\u00e7\u00e3o. ASSEMBLEIA LEGISLATIVA GABINETE DEPUTADO ESTADO [&hellip;]","og_url":"https:\/\/www.legislapp.com.br\/index.php\/cam-legislativa-de-sc-pl-0342-2025\/","og_site_name":"Legislapp","article_publisher":"https:\/\/www.instagram.com\/legislapp\/","og_image":[{"url":"https:\/\/www.legislapp.com.br\/wp-content\/uploads\/google-play.png","type":"","width":"","height":""}],"twitter_card":"summary_large_image","twitter_misc":{"Est. tempo de leitura":"4 minutos"},"schema":{"@context":"https:\/\/schema.org","@graph":[{"@type":"WebPage","@id":"https:\/\/www.legislapp.com.br\/index.php\/cam-legislativa-de-sc-pl-0342-2025\/","url":"https:\/\/www.legislapp.com.br\/index.php\/cam-legislativa-de-sc-pl-0342-2025\/","name":"PL.\/0342\/2025 - Marcius Machado - Legislapp","isPartOf":{"@id":"https:\/\/www.legislapp.com.br\/#website"},"primaryImageOfPage":{"@id":"https:\/\/www.legislapp.com.br\/index.php\/cam-legislativa-de-sc-pl-0342-2025\/#primaryimage"},"image":{"@id":"https:\/\/www.legislapp.com.br\/index.php\/cam-legislativa-de-sc-pl-0342-2025\/#primaryimage"},"thumbnailUrl":"https:\/\/www.legislapp.com.br\/wp-content\/uploads\/google-play.png","datePublished":"2025-06-25T13:19:01+00:00","breadcrumb":{"@id":"https:\/\/www.legislapp.com.br\/index.php\/cam-legislativa-de-sc-pl-0342-2025\/#breadcrumb"},"inLanguage":"pt-BR","potentialAction":[{"@type":"ReadAction","target":["https:\/\/www.legislapp.com.br\/index.php\/cam-legislativa-de-sc-pl-0342-2025\/"]}]},{"@type":"ImageObject","inLanguage":"pt-BR","@id":"https:\/\/www.legislapp.com.br\/index.php\/cam-legislativa-de-sc-pl-0342-2025\/#primaryimage","url":"https:\/\/www.legislapp.com.br\/wp-content\/uploads\/google-play.png","contentUrl":"https:\/\/www.legislapp.com.br\/wp-content\/uploads\/google-play.png","width":564,"height":168},{"@type":"BreadcrumbList","@id":"https:\/\/www.legislapp.com.br\/index.php\/cam-legislativa-de-sc-pl-0342-2025\/#breadcrumb","itemListElement":[{"@type":"ListItem","position":1,"name":"In\u00edcio","item":"https:\/\/www.legislapp.com.br\/"},{"@type":"ListItem","position":2,"name":"PL.\/0342\/2025 &#8211; Marcius Machado"}]},{"@type":"WebSite","@id":"https:\/\/www.legislapp.com.br\/#website","url":"https:\/\/www.legislapp.com.br\/","name":"Legislapp","description":"Intelig\u00eancia governamental em tempo real","publisher":{"@id":"https:\/\/www.legislapp.com.br\/#organization"},"potentialAction":[{"@type":"SearchAction","target":{"@type":"EntryPoint","urlTemplate":"https:\/\/www.legislapp.com.br\/?s={search_term_string}"},"query-input":{"@type":"PropertyValueSpecification","valueRequired":true,"valueName":"search_term_string"}}],"inLanguage":"pt-BR"},{"@type":"Organization","@id":"https:\/\/www.legislapp.com.br\/#organization","name":"Legislapp Monitoramento e Intelig\u00eancia Governamental","url":"https:\/\/www.legislapp.com.br\/","logo":{"@type":"ImageObject","inLanguage":"pt-BR","@id":"https:\/\/www.legislapp.com.br\/#\/schema\/logo\/image\/","url":"https:\/\/www.legislapp.com.br\/wp-content\/uploads\/icon.png","contentUrl":"https:\/\/www.legislapp.com.br\/wp-content\/uploads\/icon.png","width":1024,"height":1024,"caption":"Legislapp Monitoramento e Intelig\u00eancia Governamental"},"image":{"@id":"https:\/\/www.legislapp.com.br\/#\/schema\/logo\/image\/"},"sameAs":["https:\/\/www.instagram.com\/legislapp\/"]}]}},"_links":{"self":[{"href":"https:\/\/www.legislapp.com.br\/index.php\/wp-json\/wp\/v2\/pages\/6079","targetHints":{"allow":["GET"]}}],"collection":[{"href":"https:\/\/www.legislapp.com.br\/index.php\/wp-json\/wp\/v2\/pages"}],"about":[{"href":"https:\/\/www.legislapp.com.br\/index.php\/wp-json\/wp\/v2\/types\/page"}],"author":[{"embeddable":true,"href":"https:\/\/www.legislapp.com.br\/index.php\/wp-json\/wp\/v2\/users\/1"}],"replies":[{"embeddable":true,"href":"https:\/\/www.legislapp.com.br\/index.php\/wp-json\/wp\/v2\/comments?post=6079"}],"version-history":[{"count":0,"href":"https:\/\/www.legislapp.com.br\/index.php\/wp-json\/wp\/v2\/pages\/6079\/revisions"}],"wp:attachment":[{"href":"https:\/\/www.legislapp.com.br\/index.php\/wp-json\/wp\/v2\/media?parent=6079"}],"curies":[{"name":"wp","href":"https:\/\/api.w.org\/{rel}","templated":true}]}}