{"id":6126,"date":"2025-06-25T10:21:26","date_gmt":"2025-06-25T13:21:26","guid":{"rendered":"https:\/\/www.legislapp.com.br\/index.php\/cam-legislativa-de-mg-pl-3912-2025\/"},"modified":"2025-06-25T10:21:26","modified_gmt":"2025-06-25T13:21:26","slug":"cam-legislativa-de-mg-pl-3912-2025","status":"publish","type":"page","link":"https:\/\/www.legislapp.com.br\/index.php\/cam-legislativa-de-mg-pl-3912-2025\/","title":{"rendered":"PL 3912\/2025 &#8211; Deputados"},"content":{"rendered":"<h1 style='text-align: center;'>C\u00e2m. Legislativa de MG &#8211; Autoria de Deputados<\/h3>\n<p><\/p>\n<article style='text-align: center'>Institui a pol\u00edtica estadual de aten\u00e7\u00e3o integral \u00e0 s\u00edndrome do<br \/>\nesgotamento profissional (&#8220;burnout&#8221;).<\/article>\n<p><\/p>\n<p style='text-align: center'><a href='https:\/\/app.legislapp.com.br\/#\/busca?termo='><\/a><\/p>\n<p><\/p>\n<article>Institui a pol\u00edtica estadual de aten\u00e7\u00e3o integral \u00e0 s\u00edndrome do esgotamento profissional (burnout).<br \/>\nA Assembleia Legislativa do Estado de Minas Gerais decreta:<br \/>\nArt. 1\u00ba \u2013 Fica institu\u00edda a pol\u00edtica estadual de aten\u00e7\u00e3o integral \u00e0 s\u00edndrome do esgotamento profissional (burnout).<br \/>\nArt. 2\u00ba \u2013 Para os efeitos desta lei, entende-se s\u00edndrome do esgotamento profissional (burnout) como um dist\u00farbio ps\u00edquico de car\u00e1ter depressivo, precedido de esgotamento f\u00edsico e mental, cuja causa est\u00e1 intimamente ligada \u00e0 vida profissional.<br \/>\nArt. 3\u00ba \u2013 A pol\u00edtica estadual de aten\u00e7\u00e3o integral \u00e0 s\u00edndrome do esgotamento profissional\u00a0(burnout) tem por finalidade a cria\u00e7\u00e3o, o desenvolvimento e a execu\u00e7\u00e3o de pol\u00edticas p\u00fablicas que visam assegurar tratamento integral e adequado \u00e0s pessoas acometidas por essa s\u00edndrome.<br \/>\nArt. 4\u00ba \u2013 S\u00e3o objetivos da pol\u00edtica institu\u00edda por esta lei:<br \/>\nI \u2013 desenvolver a\u00e7\u00f5es de diagn\u00f3stico e tratamento integral, adequado e cont\u00ednuo;<br \/>\nII \u2013 realizar campanhas de divulga\u00e7\u00e3o e esclarecimento sobre preven\u00e7\u00e3o, causas e sintomatologias;<br \/>\nIII \u2013 incentivar a\u00e7\u00f5es articuladas entre os setores da educa\u00e7\u00e3o, da seguran\u00e7a, da sa\u00fade e da medicina do trabalho que visem promover discuss\u00f5es e estudos em prol da sa\u00fade emocional;<br \/>\nIV \u2013 efetuar parcerias com entes p\u00fablicos e privados para melhorar o desenvolvimento das a\u00e7\u00f5es de tratamento da s\u00edndrome do esgotamento (burnout).<br \/>\nArt. 5\u00ba \u2013 Esta lei entra em vigor na data de sua publica\u00e7\u00e3o.<br \/>\nSala das Reuni\u00f5es, 9 de junho de 2025.<br \/>\nGrego da Funda\u00e7\u00e3o (PMN), presidente da Comiss\u00e3o Extraordin\u00e1ria de Preven\u00e7\u00e3o e Enfrentamento ao C\u00e2ncer e Ouvidor.<br \/>\nJustifica\u00e7\u00e3o: Este projeto tem como finalidade instituir, no \u00e2mbito estadual, a pol\u00edtica de aten\u00e7\u00e3o integral \u00e0 s\u00edndrome do esgotamento profissional (burnout), uma medida essencial diante do crescente n\u00famero de casos de adoecimento relacionados ao esgotamento profissional.<br \/>\nA s\u00edndrome do esgotamento profissional (burnout) \u00e9 reconhecida como uma condi\u00e7\u00e3o de sa\u00fade mental decorrente do estresse cr\u00f4nico no ambiente de trabalho, caracterizando-se por um quadro de exaust\u00e3o f\u00edsica e emocional, despersonaliza\u00e7\u00e3o e redu\u00e7\u00e3o da realiza\u00e7\u00e3o pessoal. A Organiza\u00e7\u00e3o Mundial da Sa\u00fade \u2013 OMS \u2013 incluiu a s\u00edndrome na Classifica\u00e7\u00e3o Internacional de Doen\u00e7as \u2013 CID-11 \u2013, refor\u00e7ando sua relev\u00e2ncia como problema de sa\u00fade p\u00fablica.<br \/>\nProfissionais de diversas \u00e1reas, especialmente da sa\u00fade, da educa\u00e7\u00e3o, da seguran\u00e7a p\u00fablica e de setores com alta demanda emocional e sobrecarga, est\u00e3o cada vez mais suscet\u00edveis a esse dist\u00farbio. De acordo com dados da Associa\u00e7\u00e3o Nacional de Medicina do Trabalho \u2013 Anamt \u2013, cerca de 30% das pessoas ocupadas em territ\u00f3rio nacional sofrem com a doen\u00e7a. O Pa\u00eds ocupa a segunda posi\u00e7\u00e3o no ranking mundial de casos.<br \/>\nDessa forma, esta pol\u00edtica busca garantir:<br \/>\n\u2013 o acesso a diagn\u00f3stico e tratamento adequado, cont\u00ednuo e humanizado;<br \/>\n\u2013 a realiza\u00e7\u00e3o de campanhas educativas sobre preven\u00e7\u00e3o e sintomas;<br \/>\n\u2013 o fomento \u00e0 articula\u00e7\u00e3o entre setores p\u00fablicos como sa\u00fade, educa\u00e7\u00e3o e seguran\u00e7a;<br \/>\n\u2013 a forma\u00e7\u00e3o de parcerias com entidades p\u00fablicas e privadas para fortalecimento das a\u00e7\u00f5es.<br \/>\nA promo\u00e7\u00e3o da sa\u00fade mental no ambiente de trabalho \u00e9 uma medida urgente e estrat\u00e9gica para a qualidade de vida da popula\u00e7\u00e3o, a redu\u00e7\u00e3o do adoecimento ocupacional e o aumento da produtividade com bem-estar.<br \/>\nPor essas raz\u00f5es, conto com o apoio dos nobres parlamentares para a aprova\u00e7\u00e3o desta proposta, que representa um passo importante na valoriza\u00e7\u00e3o da sa\u00fade emocional dos trabalhadores e no enfrentamento de uma das s\u00edndromes mais recorrentes do mundo contempor\u00e2neo.<br \/>\n\u2013 Semelhante proposi\u00e7\u00e3o foi apresentada anteriormente pelo deputado Charles Santos. Anexe-se ao Projeto de Lei n\u00ba 37\/2023, nos termos do \u00a7 2\u00ba do art. 173 do Regimento Interno.<\/article>\n<div style=\"text-align: center\">\n<div style=\"margin-bottom: 20px;\" class=\"et_pb_button_module_wrapper et_pb_button_5_tb_body_wrapper et_pb_button_alignment_center et_pb_module \">\n         <a class=\"et_pb_button et_pb_button_5_tb_body et_hover_enabled et_pb_bg_layout_dark\" style=\"width: 50%;background-color: black;\" href=\"https:\/\/app.legislapp.com.br\" target=\"_blank\" rel=\"noopener\">Visualizar completo na nossa plataforma (30 dias gr\u00e1tis)<\/a><\/p><\/div>\n<p>      <a href=\"https:\/\/play.google.com\/store\/apps\/details?id=br.com.legislapp\"><img decoding=\"async\" style=\"width: 15%; min-width: 130px;\" src=\"https:\/\/www.legislapp.com.br\/wp-content\/uploads\/google-play.png\"><\/a><br \/>\n      <a href=\"https:\/\/apps.apple.com\/us\/app\/legislapp\/id1568929859\"><img decoding=\"async\" style=\"width: 15%; min-width: 130px\" src=\"https:\/\/www.legislapp.com.br\/wp-content\/uploads\/apple-store.png\"><\/a>\n   <\/div>\n","protected":false},"excerpt":{"rendered":"<p>C\u00e2m. Legislativa de MG &#8211; Autoria de Deputados Institui a pol\u00edtica estadual de aten\u00e7\u00e3o integral \u00e0 s\u00edndrome do esgotamento profissional (&#8220;burnout&#8221;). Institui a pol\u00edtica estadual de aten\u00e7\u00e3o integral \u00e0 s\u00edndrome do esgotamento profissional (burnout). A Assembleia Legislativa do Estado de Minas Gerais decreta: Art. 1\u00ba \u2013 Fica institu\u00edda a pol\u00edtica estadual de aten\u00e7\u00e3o integral \u00e0 [&hellip;]<\/p>\n","protected":false},"author":1,"featured_media":0,"parent":0,"menu_order":0,"comment_status":"closed","ping_status":"closed","template":"page-template-blank.php","meta":{"_et_pb_use_builder":"","_et_pb_old_content":"","_et_gb_content_width":"1080","ngg_post_thumbnail":0,"footnotes":""},"class_list":["post-6126","page","type-page","status-publish","hentry"],"yoast_head":"<!-- This site is optimized with the Yoast SEO plugin v24.4 - https:\/\/yoast.com\/wordpress\/plugins\/seo\/ -->\n<title>PL 3912\/2025 - Deputados - Legislapp<\/title>\n<meta name=\"robots\" content=\"index, follow, max-snippet:-1, max-image-preview:large, max-video-preview:-1\" \/>\n<link rel=\"canonical\" href=\"https:\/\/www.legislapp.com.br\/index.php\/cam-legislativa-de-mg-pl-3912-2025\/\" \/>\n<meta property=\"og:locale\" content=\"pt_BR\" \/>\n<meta property=\"og:type\" content=\"article\" \/>\n<meta property=\"og:title\" content=\"PL 3912\/2025 - Deputados - Legislapp\" \/>\n<meta property=\"og:description\" content=\"C\u00e2m. Legislativa de MG &#8211; Autoria de Deputados Institui a pol\u00edtica estadual de aten\u00e7\u00e3o integral \u00e0 s\u00edndrome do esgotamento profissional (&#8220;burnout&#8221;). Institui a pol\u00edtica estadual de aten\u00e7\u00e3o integral \u00e0 s\u00edndrome do esgotamento profissional (burnout). A Assembleia Legislativa do Estado de Minas Gerais decreta: Art. 1\u00ba \u2013 Fica institu\u00edda a pol\u00edtica estadual de aten\u00e7\u00e3o integral \u00e0 [&hellip;]\" \/>\n<meta property=\"og:url\" content=\"https:\/\/www.legislapp.com.br\/index.php\/cam-legislativa-de-mg-pl-3912-2025\/\" \/>\n<meta property=\"og:site_name\" content=\"Legislapp\" \/>\n<meta property=\"article:publisher\" content=\"https:\/\/www.instagram.com\/legislapp\/\" \/>\n<meta property=\"og:image\" content=\"https:\/\/www.legislapp.com.br\/wp-content\/uploads\/google-play.png\" \/>\n<meta name=\"twitter:card\" content=\"summary_large_image\" \/>\n<meta name=\"twitter:label1\" content=\"Est. tempo de leitura\" \/>\n\t<meta name=\"twitter:data1\" content=\"3 minutos\" \/>\n<script type=\"application\/ld+json\" class=\"yoast-schema-graph\">{\"@context\":\"https:\/\/schema.org\",\"@graph\":[{\"@type\":\"WebPage\",\"@id\":\"https:\/\/www.legislapp.com.br\/index.php\/cam-legislativa-de-mg-pl-3912-2025\/\",\"url\":\"https:\/\/www.legislapp.com.br\/index.php\/cam-legislativa-de-mg-pl-3912-2025\/\",\"name\":\"PL 3912\/2025 - Deputados - Legislapp\",\"isPartOf\":{\"@id\":\"https:\/\/www.legislapp.com.br\/#website\"},\"primaryImageOfPage\":{\"@id\":\"https:\/\/www.legislapp.com.br\/index.php\/cam-legislativa-de-mg-pl-3912-2025\/#primaryimage\"},\"image\":{\"@id\":\"https:\/\/www.legislapp.com.br\/index.php\/cam-legislativa-de-mg-pl-3912-2025\/#primaryimage\"},\"thumbnailUrl\":\"https:\/\/www.legislapp.com.br\/wp-content\/uploads\/google-play.png\",\"datePublished\":\"2025-06-25T13:21:26+00:00\",\"breadcrumb\":{\"@id\":\"https:\/\/www.legislapp.com.br\/index.php\/cam-legislativa-de-mg-pl-3912-2025\/#breadcrumb\"},\"inLanguage\":\"pt-BR\",\"potentialAction\":[{\"@type\":\"ReadAction\",\"target\":[\"https:\/\/www.legislapp.com.br\/index.php\/cam-legislativa-de-mg-pl-3912-2025\/\"]}]},{\"@type\":\"ImageObject\",\"inLanguage\":\"pt-BR\",\"@id\":\"https:\/\/www.legislapp.com.br\/index.php\/cam-legislativa-de-mg-pl-3912-2025\/#primaryimage\",\"url\":\"https:\/\/www.legislapp.com.br\/wp-content\/uploads\/google-play.png\",\"contentUrl\":\"https:\/\/www.legislapp.com.br\/wp-content\/uploads\/google-play.png\",\"width\":564,\"height\":168},{\"@type\":\"BreadcrumbList\",\"@id\":\"https:\/\/www.legislapp.com.br\/index.php\/cam-legislativa-de-mg-pl-3912-2025\/#breadcrumb\",\"itemListElement\":[{\"@type\":\"ListItem\",\"position\":1,\"name\":\"In\u00edcio\",\"item\":\"https:\/\/www.legislapp.com.br\/\"},{\"@type\":\"ListItem\",\"position\":2,\"name\":\"PL 3912\/2025 &#8211; Deputados\"}]},{\"@type\":\"WebSite\",\"@id\":\"https:\/\/www.legislapp.com.br\/#website\",\"url\":\"https:\/\/www.legislapp.com.br\/\",\"name\":\"Legislapp\",\"description\":\"Intelig\u00eancia governamental em tempo real\",\"publisher\":{\"@id\":\"https:\/\/www.legislapp.com.br\/#organization\"},\"potentialAction\":[{\"@type\":\"SearchAction\",\"target\":{\"@type\":\"EntryPoint\",\"urlTemplate\":\"https:\/\/www.legislapp.com.br\/?s={search_term_string}\"},\"query-input\":{\"@type\":\"PropertyValueSpecification\",\"valueRequired\":true,\"valueName\":\"search_term_string\"}}],\"inLanguage\":\"pt-BR\"},{\"@type\":\"Organization\",\"@id\":\"https:\/\/www.legislapp.com.br\/#organization\",\"name\":\"Legislapp Monitoramento e Intelig\u00eancia Governamental\",\"url\":\"https:\/\/www.legislapp.com.br\/\",\"logo\":{\"@type\":\"ImageObject\",\"inLanguage\":\"pt-BR\",\"@id\":\"https:\/\/www.legislapp.com.br\/#\/schema\/logo\/image\/\",\"url\":\"https:\/\/www.legislapp.com.br\/wp-content\/uploads\/icon.png\",\"contentUrl\":\"https:\/\/www.legislapp.com.br\/wp-content\/uploads\/icon.png\",\"width\":1024,\"height\":1024,\"caption\":\"Legislapp Monitoramento e Intelig\u00eancia Governamental\"},\"image\":{\"@id\":\"https:\/\/www.legislapp.com.br\/#\/schema\/logo\/image\/\"},\"sameAs\":[\"https:\/\/www.instagram.com\/legislapp\/\"]}]}<\/script>\n<!-- \/ Yoast SEO plugin. -->","yoast_head_json":{"title":"PL 3912\/2025 - Deputados - Legislapp","robots":{"index":"index","follow":"follow","max-snippet":"max-snippet:-1","max-image-preview":"max-image-preview:large","max-video-preview":"max-video-preview:-1"},"canonical":"https:\/\/www.legislapp.com.br\/index.php\/cam-legislativa-de-mg-pl-3912-2025\/","og_locale":"pt_BR","og_type":"article","og_title":"PL 3912\/2025 - Deputados - Legislapp","og_description":"C\u00e2m. Legislativa de MG &#8211; Autoria de Deputados Institui a pol\u00edtica estadual de aten\u00e7\u00e3o integral \u00e0 s\u00edndrome do esgotamento profissional (&#8220;burnout&#8221;). Institui a pol\u00edtica estadual de aten\u00e7\u00e3o integral \u00e0 s\u00edndrome do esgotamento profissional (burnout). A Assembleia Legislativa do Estado de Minas Gerais decreta: Art. 1\u00ba \u2013 Fica institu\u00edda a pol\u00edtica estadual de aten\u00e7\u00e3o integral \u00e0 [&hellip;]","og_url":"https:\/\/www.legislapp.com.br\/index.php\/cam-legislativa-de-mg-pl-3912-2025\/","og_site_name":"Legislapp","article_publisher":"https:\/\/www.instagram.com\/legislapp\/","og_image":[{"url":"https:\/\/www.legislapp.com.br\/wp-content\/uploads\/google-play.png","type":"","width":"","height":""}],"twitter_card":"summary_large_image","twitter_misc":{"Est. tempo de leitura":"3 minutos"},"schema":{"@context":"https:\/\/schema.org","@graph":[{"@type":"WebPage","@id":"https:\/\/www.legislapp.com.br\/index.php\/cam-legislativa-de-mg-pl-3912-2025\/","url":"https:\/\/www.legislapp.com.br\/index.php\/cam-legislativa-de-mg-pl-3912-2025\/","name":"PL 3912\/2025 - Deputados - Legislapp","isPartOf":{"@id":"https:\/\/www.legislapp.com.br\/#website"},"primaryImageOfPage":{"@id":"https:\/\/www.legislapp.com.br\/index.php\/cam-legislativa-de-mg-pl-3912-2025\/#primaryimage"},"image":{"@id":"https:\/\/www.legislapp.com.br\/index.php\/cam-legislativa-de-mg-pl-3912-2025\/#primaryimage"},"thumbnailUrl":"https:\/\/www.legislapp.com.br\/wp-content\/uploads\/google-play.png","datePublished":"2025-06-25T13:21:26+00:00","breadcrumb":{"@id":"https:\/\/www.legislapp.com.br\/index.php\/cam-legislativa-de-mg-pl-3912-2025\/#breadcrumb"},"inLanguage":"pt-BR","potentialAction":[{"@type":"ReadAction","target":["https:\/\/www.legislapp.com.br\/index.php\/cam-legislativa-de-mg-pl-3912-2025\/"]}]},{"@type":"ImageObject","inLanguage":"pt-BR","@id":"https:\/\/www.legislapp.com.br\/index.php\/cam-legislativa-de-mg-pl-3912-2025\/#primaryimage","url":"https:\/\/www.legislapp.com.br\/wp-content\/uploads\/google-play.png","contentUrl":"https:\/\/www.legislapp.com.br\/wp-content\/uploads\/google-play.png","width":564,"height":168},{"@type":"BreadcrumbList","@id":"https:\/\/www.legislapp.com.br\/index.php\/cam-legislativa-de-mg-pl-3912-2025\/#breadcrumb","itemListElement":[{"@type":"ListItem","position":1,"name":"In\u00edcio","item":"https:\/\/www.legislapp.com.br\/"},{"@type":"ListItem","position":2,"name":"PL 3912\/2025 &#8211; Deputados"}]},{"@type":"WebSite","@id":"https:\/\/www.legislapp.com.br\/#website","url":"https:\/\/www.legislapp.com.br\/","name":"Legislapp","description":"Intelig\u00eancia governamental em tempo real","publisher":{"@id":"https:\/\/www.legislapp.com.br\/#organization"},"potentialAction":[{"@type":"SearchAction","target":{"@type":"EntryPoint","urlTemplate":"https:\/\/www.legislapp.com.br\/?s={search_term_string}"},"query-input":{"@type":"PropertyValueSpecification","valueRequired":true,"valueName":"search_term_string"}}],"inLanguage":"pt-BR"},{"@type":"Organization","@id":"https:\/\/www.legislapp.com.br\/#organization","name":"Legislapp Monitoramento e Intelig\u00eancia Governamental","url":"https:\/\/www.legislapp.com.br\/","logo":{"@type":"ImageObject","inLanguage":"pt-BR","@id":"https:\/\/www.legislapp.com.br\/#\/schema\/logo\/image\/","url":"https:\/\/www.legislapp.com.br\/wp-content\/uploads\/icon.png","contentUrl":"https:\/\/www.legislapp.com.br\/wp-content\/uploads\/icon.png","width":1024,"height":1024,"caption":"Legislapp Monitoramento e Intelig\u00eancia Governamental"},"image":{"@id":"https:\/\/www.legislapp.com.br\/#\/schema\/logo\/image\/"},"sameAs":["https:\/\/www.instagram.com\/legislapp\/"]}]}},"_links":{"self":[{"href":"https:\/\/www.legislapp.com.br\/index.php\/wp-json\/wp\/v2\/pages\/6126","targetHints":{"allow":["GET"]}}],"collection":[{"href":"https:\/\/www.legislapp.com.br\/index.php\/wp-json\/wp\/v2\/pages"}],"about":[{"href":"https:\/\/www.legislapp.com.br\/index.php\/wp-json\/wp\/v2\/types\/page"}],"author":[{"embeddable":true,"href":"https:\/\/www.legislapp.com.br\/index.php\/wp-json\/wp\/v2\/users\/1"}],"replies":[{"embeddable":true,"href":"https:\/\/www.legislapp.com.br\/index.php\/wp-json\/wp\/v2\/comments?post=6126"}],"version-history":[{"count":0,"href":"https:\/\/www.legislapp.com.br\/index.php\/wp-json\/wp\/v2\/pages\/6126\/revisions"}],"wp:attachment":[{"href":"https:\/\/www.legislapp.com.br\/index.php\/wp-json\/wp\/v2\/media?parent=6126"}],"curies":[{"name":"wp","href":"https:\/\/api.w.org\/{rel}","templated":true}]}}