{"id":6135,"date":"2025-06-25T10:21:53","date_gmt":"2025-06-25T13:21:53","guid":{"rendered":"https:\/\/www.legislapp.com.br\/index.php\/cam-legislativa-de-pe-prc-3020-2025\/"},"modified":"2025-06-25T10:21:53","modified_gmt":"2025-06-25T13:21:53","slug":"cam-legislativa-de-pe-prc-3020-2025","status":"publish","type":"page","link":"https:\/\/www.legislapp.com.br\/index.php\/cam-legislativa-de-pe-prc-3020-2025\/","title":{"rendered":"PRC 3020\/2025 &#8211; Rosa Amorim"},"content":{"rendered":"<h1 style='text-align: center;'>C\u00e2m. Legislativa de PE &#8211; Autoria de Rosa Amorim<br \/><img src='https:\/\/www.alepe.pe.gov.br\/\/wp-content\/uploads\/2023\/02\/ROSA-AMORIM-scaled-e1675862161271.jpg' alt='Rosa Amorim' \/><\/h3>\n<p><\/p>\n<article style='text-align: center'>Alexina Lins Crespo de Paula, foi uma mulher de convic\u00e7\u00f5es bem definidas, desde sempre forte, seja em seu papel como m\u00e3e, seja nos estudos, nas tarefas pol\u00edticas, no trabalho. Rompendo a barreira do preconceito em uma \u00e9poca predominantemente machista e conservadora de nossa sociedade, em que a mulher era considerada um mero instrumento, um objeto do homem, destinada apenas \u00e0 procria\u00e7\u00e3o e ao cuidado do marido, dos filhos e do lar.<\/p>\n<p>\u00c9 principalmente na atividade pol\u00edtico ideol\u00f3gica que ela desempenha um papel important\u00edssimo ao liderar \u2013 articulada inicialmente com pouqu\u00edssimas pessoas \u2013 um grupo clandestino que se preparava para a luta armada em busca de mudan\u00e7as essenciais para o povo brasileiro, a partir do trabalho de base das Ligas Camponesas nascidas no Nordeste do pa\u00eds.<\/p>\n<p>As Ligas Camponesas constituem um verdadeiro exemplo de que com organiza\u00e7\u00e3o popular, ficam mais pr\u00f3ximas do povo a esperan\u00e7a e a utopia (no real sentido do termo) que o impulsionam a seguir adiante, sabendo que um dia \u00e9 poss\u00edvel enfraquecer e livrar o campo da m\u00e3o esmagadora do latif\u00fandio.<\/p>\n<p>Em momentos de grande efervesc\u00eancia pol\u00edtica no Brasil, principalmente do Nordeste do pa\u00eds, verificamos nas a\u00e7\u00f5es de Alexina Cr\u00easpo a preocupa\u00e7\u00e3o essencial de organizar a classe trabalhadora no campo, onde contavam tamb\u00e9m com a cumplicidade (em seu significado positivo) do advogado Francisco Juli\u00e3o e do soci\u00f3logo Clodomir Moraes.<\/p>\n<p>O trabalho de Alexina Cr\u00easpo foi e permanece, na atualidade, de fundamental import\u00e2ncia, para a vida do movimento das ligas.<\/p>\n<p>Mulher, humanista e revolucion\u00e1ria. Com certeza essas tr\u00eas palavras podem caracterizar muito bem Alexina Lins de Paula Cr\u00easpo.<\/p>\n<p>Assim, diante do exposto, solicito aos nobres Pares a aprova\u00e7\u00e3o da tramita\u00e7\u00e3o deste Projeto de Resolu\u00e7\u00e3o.<\/article>\n<p><\/p>\n<p style='text-align: center'><a href='https:\/\/app.legislapp.com.br\/#\/busca?termo='><\/a><\/p>\n<p><\/p>\n<article>\u00a0\u00a0\u00a0\u00a0\u00a0Art. 1\u00ba Fica inscrito o nome de Alexina Crespo no Livro do Pante\u00e3o dos Her\u00f3is e das Hero\u00ednas de Pernambuco &#8211;\u00a0Fernando Santa Cruz, depositado no Museu Pal\u00e1cio Joaquim Nabuco.<\/p>\n<p>\u00a0\u00a0\u00a0\u00a0\u00a0Art. 2\u00ba Esta Resolu\u00e7\u00e3o entra em vigor na data de sua publica\u00e7\u00e3o.<\/article>\n<div style=\"text-align: center\">\n<div style=\"margin-bottom: 20px;\" class=\"et_pb_button_module_wrapper et_pb_button_5_tb_body_wrapper et_pb_button_alignment_center et_pb_module \">\n         <a class=\"et_pb_button et_pb_button_5_tb_body et_hover_enabled et_pb_bg_layout_dark\" style=\"width: 50%;background-color: black;\" href=\"https:\/\/app.legislapp.com.br\" target=\"_blank\" rel=\"noopener\">Visualizar completo na nossa plataforma (30 dias gr\u00e1tis)<\/a><\/p><\/div>\n<p>      <a href=\"https:\/\/play.google.com\/store\/apps\/details?id=br.com.legislapp\"><img decoding=\"async\" style=\"width: 15%; min-width: 130px;\" src=\"https:\/\/www.legislapp.com.br\/wp-content\/uploads\/google-play.png\"><\/a><br \/>\n      <a href=\"https:\/\/apps.apple.com\/us\/app\/legislapp\/id1568929859\"><img decoding=\"async\" style=\"width: 15%; min-width: 130px\" src=\"https:\/\/www.legislapp.com.br\/wp-content\/uploads\/apple-store.png\"><\/a>\n   <\/div>\n","protected":false},"excerpt":{"rendered":"<p>C\u00e2m. Legislativa de PE &#8211; Autoria de Rosa Amorim Alexina Lins Crespo de Paula, foi uma mulher de convic\u00e7\u00f5es bem definidas, desde sempre forte, seja em seu papel como m\u00e3e, seja nos estudos, nas tarefas pol\u00edticas, no trabalho. Rompendo a barreira do preconceito em uma \u00e9poca predominantemente machista e conservadora de nossa sociedade, em que [&hellip;]<\/p>\n","protected":false},"author":1,"featured_media":0,"parent":0,"menu_order":0,"comment_status":"closed","ping_status":"closed","template":"page-template-blank.php","meta":{"_et_pb_use_builder":"","_et_pb_old_content":"","_et_gb_content_width":"1080","ngg_post_thumbnail":0,"footnotes":""},"class_list":["post-6135","page","type-page","status-publish","hentry"],"yoast_head":"<!-- This site is optimized with the Yoast SEO plugin v24.4 - https:\/\/yoast.com\/wordpress\/plugins\/seo\/ -->\n<title>PRC 3020\/2025 - Rosa Amorim - Legislapp<\/title>\n<meta name=\"robots\" content=\"index, follow, max-snippet:-1, max-image-preview:large, max-video-preview:-1\" \/>\n<link rel=\"canonical\" href=\"https:\/\/www.legislapp.com.br\/index.php\/cam-legislativa-de-pe-prc-3020-2025\/\" \/>\n<meta property=\"og:locale\" content=\"pt_BR\" \/>\n<meta property=\"og:type\" content=\"article\" \/>\n<meta property=\"og:title\" content=\"PRC 3020\/2025 - Rosa Amorim - Legislapp\" \/>\n<meta property=\"og:description\" content=\"C\u00e2m. Legislativa de PE &#8211; Autoria de Rosa Amorim Alexina Lins Crespo de Paula, foi uma mulher de convic\u00e7\u00f5es bem definidas, desde sempre forte, seja em seu papel como m\u00e3e, seja nos estudos, nas tarefas pol\u00edticas, no trabalho. Rompendo a barreira do preconceito em uma \u00e9poca predominantemente machista e conservadora de nossa sociedade, em que [&hellip;]\" \/>\n<meta property=\"og:url\" content=\"https:\/\/www.legislapp.com.br\/index.php\/cam-legislativa-de-pe-prc-3020-2025\/\" \/>\n<meta property=\"og:site_name\" content=\"Legislapp\" \/>\n<meta property=\"article:publisher\" content=\"https:\/\/www.instagram.com\/legislapp\/\" \/>\n<meta property=\"og:image\" content=\"https:\/\/www.alepe.pe.gov.br\/\/wp-content\/uploads\/2023\/02\/ROSA-AMORIM-scaled-e1675862161271.jpg\" \/>\n<meta name=\"twitter:card\" content=\"summary_large_image\" \/>\n<meta name=\"twitter:label1\" content=\"Est. tempo de leitura\" \/>\n\t<meta name=\"twitter:data1\" content=\"2 minutos\" \/>\n<script type=\"application\/ld+json\" class=\"yoast-schema-graph\">{\"@context\":\"https:\/\/schema.org\",\"@graph\":[{\"@type\":\"WebPage\",\"@id\":\"https:\/\/www.legislapp.com.br\/index.php\/cam-legislativa-de-pe-prc-3020-2025\/\",\"url\":\"https:\/\/www.legislapp.com.br\/index.php\/cam-legislativa-de-pe-prc-3020-2025\/\",\"name\":\"PRC 3020\/2025 - Rosa Amorim - Legislapp\",\"isPartOf\":{\"@id\":\"https:\/\/www.legislapp.com.br\/#website\"},\"primaryImageOfPage\":{\"@id\":\"https:\/\/www.legislapp.com.br\/index.php\/cam-legislativa-de-pe-prc-3020-2025\/#primaryimage\"},\"image\":{\"@id\":\"https:\/\/www.legislapp.com.br\/index.php\/cam-legislativa-de-pe-prc-3020-2025\/#primaryimage\"},\"thumbnailUrl\":\"https:\/\/www.alepe.pe.gov.br\/\/wp-content\/uploads\/2023\/02\/ROSA-AMORIM-scaled-e1675862161271.jpg\",\"datePublished\":\"2025-06-25T13:21:53+00:00\",\"breadcrumb\":{\"@id\":\"https:\/\/www.legislapp.com.br\/index.php\/cam-legislativa-de-pe-prc-3020-2025\/#breadcrumb\"},\"inLanguage\":\"pt-BR\",\"potentialAction\":[{\"@type\":\"ReadAction\",\"target\":[\"https:\/\/www.legislapp.com.br\/index.php\/cam-legislativa-de-pe-prc-3020-2025\/\"]}]},{\"@type\":\"ImageObject\",\"inLanguage\":\"pt-BR\",\"@id\":\"https:\/\/www.legislapp.com.br\/index.php\/cam-legislativa-de-pe-prc-3020-2025\/#primaryimage\",\"url\":\"https:\/\/www.alepe.pe.gov.br\/\/wp-content\/uploads\/2023\/02\/ROSA-AMORIM-scaled-e1675862161271.jpg\",\"contentUrl\":\"https:\/\/www.alepe.pe.gov.br\/\/wp-content\/uploads\/2023\/02\/ROSA-AMORIM-scaled-e1675862161271.jpg\"},{\"@type\":\"BreadcrumbList\",\"@id\":\"https:\/\/www.legislapp.com.br\/index.php\/cam-legislativa-de-pe-prc-3020-2025\/#breadcrumb\",\"itemListElement\":[{\"@type\":\"ListItem\",\"position\":1,\"name\":\"In\u00edcio\",\"item\":\"https:\/\/www.legislapp.com.br\/\"},{\"@type\":\"ListItem\",\"position\":2,\"name\":\"PRC 3020\/2025 &#8211; Rosa Amorim\"}]},{\"@type\":\"WebSite\",\"@id\":\"https:\/\/www.legislapp.com.br\/#website\",\"url\":\"https:\/\/www.legislapp.com.br\/\",\"name\":\"Legislapp\",\"description\":\"Intelig\u00eancia governamental em tempo real\",\"publisher\":{\"@id\":\"https:\/\/www.legislapp.com.br\/#organization\"},\"potentialAction\":[{\"@type\":\"SearchAction\",\"target\":{\"@type\":\"EntryPoint\",\"urlTemplate\":\"https:\/\/www.legislapp.com.br\/?s={search_term_string}\"},\"query-input\":{\"@type\":\"PropertyValueSpecification\",\"valueRequired\":true,\"valueName\":\"search_term_string\"}}],\"inLanguage\":\"pt-BR\"},{\"@type\":\"Organization\",\"@id\":\"https:\/\/www.legislapp.com.br\/#organization\",\"name\":\"Legislapp Monitoramento e Intelig\u00eancia Governamental\",\"url\":\"https:\/\/www.legislapp.com.br\/\",\"logo\":{\"@type\":\"ImageObject\",\"inLanguage\":\"pt-BR\",\"@id\":\"https:\/\/www.legislapp.com.br\/#\/schema\/logo\/image\/\",\"url\":\"https:\/\/www.legislapp.com.br\/wp-content\/uploads\/icon.png\",\"contentUrl\":\"https:\/\/www.legislapp.com.br\/wp-content\/uploads\/icon.png\",\"width\":1024,\"height\":1024,\"caption\":\"Legislapp Monitoramento e Intelig\u00eancia Governamental\"},\"image\":{\"@id\":\"https:\/\/www.legislapp.com.br\/#\/schema\/logo\/image\/\"},\"sameAs\":[\"https:\/\/www.instagram.com\/legislapp\/\"]}]}<\/script>\n<!-- \/ Yoast SEO plugin. -->","yoast_head_json":{"title":"PRC 3020\/2025 - Rosa Amorim - Legislapp","robots":{"index":"index","follow":"follow","max-snippet":"max-snippet:-1","max-image-preview":"max-image-preview:large","max-video-preview":"max-video-preview:-1"},"canonical":"https:\/\/www.legislapp.com.br\/index.php\/cam-legislativa-de-pe-prc-3020-2025\/","og_locale":"pt_BR","og_type":"article","og_title":"PRC 3020\/2025 - Rosa Amorim - Legislapp","og_description":"C\u00e2m. Legislativa de PE &#8211; Autoria de Rosa Amorim Alexina Lins Crespo de Paula, foi uma mulher de convic\u00e7\u00f5es bem definidas, desde sempre forte, seja em seu papel como m\u00e3e, seja nos estudos, nas tarefas pol\u00edticas, no trabalho. Rompendo a barreira do preconceito em uma \u00e9poca predominantemente machista e conservadora de nossa sociedade, em que [&hellip;]","og_url":"https:\/\/www.legislapp.com.br\/index.php\/cam-legislativa-de-pe-prc-3020-2025\/","og_site_name":"Legislapp","article_publisher":"https:\/\/www.instagram.com\/legislapp\/","og_image":[{"url":"https:\/\/www.alepe.pe.gov.br\/\/wp-content\/uploads\/2023\/02\/ROSA-AMORIM-scaled-e1675862161271.jpg","type":"","width":"","height":""}],"twitter_card":"summary_large_image","twitter_misc":{"Est. tempo de leitura":"2 minutos"},"schema":{"@context":"https:\/\/schema.org","@graph":[{"@type":"WebPage","@id":"https:\/\/www.legislapp.com.br\/index.php\/cam-legislativa-de-pe-prc-3020-2025\/","url":"https:\/\/www.legislapp.com.br\/index.php\/cam-legislativa-de-pe-prc-3020-2025\/","name":"PRC 3020\/2025 - Rosa Amorim - Legislapp","isPartOf":{"@id":"https:\/\/www.legislapp.com.br\/#website"},"primaryImageOfPage":{"@id":"https:\/\/www.legislapp.com.br\/index.php\/cam-legislativa-de-pe-prc-3020-2025\/#primaryimage"},"image":{"@id":"https:\/\/www.legislapp.com.br\/index.php\/cam-legislativa-de-pe-prc-3020-2025\/#primaryimage"},"thumbnailUrl":"https:\/\/www.alepe.pe.gov.br\/\/wp-content\/uploads\/2023\/02\/ROSA-AMORIM-scaled-e1675862161271.jpg","datePublished":"2025-06-25T13:21:53+00:00","breadcrumb":{"@id":"https:\/\/www.legislapp.com.br\/index.php\/cam-legislativa-de-pe-prc-3020-2025\/#breadcrumb"},"inLanguage":"pt-BR","potentialAction":[{"@type":"ReadAction","target":["https:\/\/www.legislapp.com.br\/index.php\/cam-legislativa-de-pe-prc-3020-2025\/"]}]},{"@type":"ImageObject","inLanguage":"pt-BR","@id":"https:\/\/www.legislapp.com.br\/index.php\/cam-legislativa-de-pe-prc-3020-2025\/#primaryimage","url":"https:\/\/www.alepe.pe.gov.br\/\/wp-content\/uploads\/2023\/02\/ROSA-AMORIM-scaled-e1675862161271.jpg","contentUrl":"https:\/\/www.alepe.pe.gov.br\/\/wp-content\/uploads\/2023\/02\/ROSA-AMORIM-scaled-e1675862161271.jpg"},{"@type":"BreadcrumbList","@id":"https:\/\/www.legislapp.com.br\/index.php\/cam-legislativa-de-pe-prc-3020-2025\/#breadcrumb","itemListElement":[{"@type":"ListItem","position":1,"name":"In\u00edcio","item":"https:\/\/www.legislapp.com.br\/"},{"@type":"ListItem","position":2,"name":"PRC 3020\/2025 &#8211; Rosa Amorim"}]},{"@type":"WebSite","@id":"https:\/\/www.legislapp.com.br\/#website","url":"https:\/\/www.legislapp.com.br\/","name":"Legislapp","description":"Intelig\u00eancia governamental em tempo real","publisher":{"@id":"https:\/\/www.legislapp.com.br\/#organization"},"potentialAction":[{"@type":"SearchAction","target":{"@type":"EntryPoint","urlTemplate":"https:\/\/www.legislapp.com.br\/?s={search_term_string}"},"query-input":{"@type":"PropertyValueSpecification","valueRequired":true,"valueName":"search_term_string"}}],"inLanguage":"pt-BR"},{"@type":"Organization","@id":"https:\/\/www.legislapp.com.br\/#organization","name":"Legislapp Monitoramento e Intelig\u00eancia Governamental","url":"https:\/\/www.legislapp.com.br\/","logo":{"@type":"ImageObject","inLanguage":"pt-BR","@id":"https:\/\/www.legislapp.com.br\/#\/schema\/logo\/image\/","url":"https:\/\/www.legislapp.com.br\/wp-content\/uploads\/icon.png","contentUrl":"https:\/\/www.legislapp.com.br\/wp-content\/uploads\/icon.png","width":1024,"height":1024,"caption":"Legislapp Monitoramento e Intelig\u00eancia Governamental"},"image":{"@id":"https:\/\/www.legislapp.com.br\/#\/schema\/logo\/image\/"},"sameAs":["https:\/\/www.instagram.com\/legislapp\/"]}]}},"_links":{"self":[{"href":"https:\/\/www.legislapp.com.br\/index.php\/wp-json\/wp\/v2\/pages\/6135","targetHints":{"allow":["GET"]}}],"collection":[{"href":"https:\/\/www.legislapp.com.br\/index.php\/wp-json\/wp\/v2\/pages"}],"about":[{"href":"https:\/\/www.legislapp.com.br\/index.php\/wp-json\/wp\/v2\/types\/page"}],"author":[{"embeddable":true,"href":"https:\/\/www.legislapp.com.br\/index.php\/wp-json\/wp\/v2\/users\/1"}],"replies":[{"embeddable":true,"href":"https:\/\/www.legislapp.com.br\/index.php\/wp-json\/wp\/v2\/comments?post=6135"}],"version-history":[{"count":0,"href":"https:\/\/www.legislapp.com.br\/index.php\/wp-json\/wp\/v2\/pages\/6135\/revisions"}],"wp:attachment":[{"href":"https:\/\/www.legislapp.com.br\/index.php\/wp-json\/wp\/v2\/media?parent=6135"}],"curies":[{"name":"wp","href":"https:\/\/api.w.org\/{rel}","templated":true}]}}