{"id":6201,"date":"2025-06-25T10:25:16","date_gmt":"2025-06-25T13:25:16","guid":{"rendered":"https:\/\/www.legislapp.com.br\/index.php\/cam-legislativa-de-pe-prc-3002-2025\/"},"modified":"2025-06-25T10:25:16","modified_gmt":"2025-06-25T13:25:16","slug":"cam-legislativa-de-pe-prc-3002-2025","status":"publish","type":"page","link":"https:\/\/www.legislapp.com.br\/index.php\/cam-legislativa-de-pe-prc-3002-2025\/","title":{"rendered":"PRC 3002\/2025 &#8211; Waldemar Borges"},"content":{"rendered":"<h1 style='text-align: center;'>C\u00e2m. Legislativa de PE &#8211; Autoria de Waldemar Borges<br \/><img src='https:\/\/www.alepe.pe.gov.br\/\/wp-content\/uploads\/2015\/05\/WaldemarBorges_001-scaled-e1675862571749.jpg' alt='Waldemar Borges' \/><\/h3>\n<p><\/p>\n<article style='text-align: center'>Nascido em 20 de maio de 1945, na cidade de Santos, litoral paulista, e rec\u00e9m-ingresso no seleto rol dos grandes artistas octogen\u00e1rios do pa\u00eds, Renato Teixeira de Oliveira \u00e9 um leg\u00edtimo e orgulhoso representante das can\u00e7\u00f5es sertanejas e das modas de viola do Brasil.<\/p>\n<p>Renato \u00e9 pai da atriz Izabel Teixeira \u2013 que deu vida \u00e0 personagem Maria Bruaca no remake da telenovela Pantanal (TV Globo, 2022) \u2013, do m\u00fasico Chico e da cineasta Ant\u00f4nia. Av\u00f4 de Marina, J\u00falia, Beatriz, Flora, Diego, Antonio e Dom, Renato \u00e9 casado com Maria Galindo, sua parceira de sonhos e poesia, que \u00e9 uma professora pernambucana natural de Santa Cruz do Capibaribe.<\/p>\n<p>Foi do talento de compositor de Renato que nasceram can\u00e7\u00f5es emblem\u00e1ticas, regravadas por in\u00fameros cantores e cantoras. Romaria \u2013 uma homenagem \u00e0 Nossa Senhora Aparecida e aos seus devotos \u2013 foi imortalizada na voz de Elis Regina. Tocando em Frente, Amanheceu e Amizade Sincera tamb\u00e9m j\u00e1 est\u00e3o incorporadas ao rico cancioneiro popular brasileiro.<\/p>\n<p>Sua discografia conta com mais de 25 \u00e1lbuns, muitos deles agraciados com pr\u00eamios nacionais e internacionais, como o de Melhor Dupla Regional, ao lado de Almir Sater, na 27\u00aa edi\u00e7\u00e3o do Pr\u00eamio da M\u00fasica Brasileira, e o de Melhor \u00c1lbum de M\u00fasica Regional na 17\u00aa edi\u00e7\u00e3o do Grammy Latino.<\/p>\n<p>Ao lado de outros grandes nomes como Almir Sater (j\u00e1 citado), S\u00e9rgio Reis e Dominguinhos, Renato desenvolveu longas e prof\u00edcuas parcerias, que estabeleceram novos marcos na m\u00fasica popular brasileira.<\/p>\n<p>Neste ano de 2025, Renato percorre os palcos com a turn\u00ea Renato 80, celebrando sua identidade com a m\u00fasica, o cantar e o compor \u2013 paix\u00f5es que o acompanham por toda a vida.<\/p>\n<p>A rela\u00e7\u00e3o de Renato Teixeira com Pernambuco remonta \u00e0 inf\u00e2ncia, quando observava sua m\u00e3e \u201cdan\u00e7ando uma dan\u00e7a esquisita e acrob\u00e1tica, pendurada numa sombrinha que parecia flutuar no ar\u201d \u2013 referindo-se aos passos do frevo. Teixeira evoca Manuel Bandeira como seu \u201cmestre e refer\u00eancia\u201d, gra\u00e7as \u00e0 sutileza e \u00e0 simplicidade do nosso poeta.<\/p>\n<p>A influ\u00eancia de Pernambuco tamb\u00e9m permeia o of\u00edcio do compositor. Para ele, a compreens\u00e3o de que a m\u00fasica sertaneja pode ser um caminho para o Brasil interior \u2013 e \u201cn\u00e3o mais apenas uma na\u00e7\u00e3o de frente para o mar\u201d \u2013 veio de Luiz Gonzaga, cuja arte sempre esteve presente em sua vida.<\/p>\n<p>Ainda sobre Luiz Gonzaga, com quem manteve uma \u201ccurta e inesquec\u00edvel amizade que marcou sua vida para sempre\u201d, Renato guarda elogios emocionados. O Rei do Bai\u00e3o lhe disse que Romaria \u201ciria durar para sempre\u201d e deixou um conselho: \u201cTodas as vezes que for cantar sua Romaria, cante como se fosse a primeira vez, porque, na verdade, o senhor ganhou um presente de Deus. Tem que cuidar muito bem dele&#8230; tem que agradecer!\u201d.<\/p>\n<p>Os seguidores pernambucanos de Renato \u2013 a quem ele qualifica como um p\u00fablico carinhoso e amoroso \u2013 o acompanham desde as apresenta\u00e7\u00f5es rel\u00e2mpago nas portas da Universidade Federal de Pernambuco, quando desejava mostrar as can\u00e7\u00f5es do \u201ccaipirismo paulistano\u201d aos estudantes universit\u00e1rios.<\/p>\n<p>J\u00e1 integrado de corpo e alma \u00e0 cultura de Pernambuco, Renato Teixeira \u00e9 presen\u00e7a cativa nos Ensaios do Galo da Madrugada, realizados na sede do clube nos meses que antecedem o desfile do maior bloco do mundo. Para ele, estar em meio aos maracatus, tambores, fantasias, pastorinhas e passistas \u00e9 sentir-se um pernambucano.<\/p>\n<p>Renato j\u00e1 firmou parcerias com artistas pernambucanos como Cezzinha, Ed Carlos, Jorge de Altinho, Santanna, Thiago Melo e Maciel Melo \u2013 com este \u00faltimo, lan\u00e7ou a can\u00e7\u00e3o Recife, Eu e Voc\u00ea, em uma homenagem \u00e0 capital pernambucana.<\/p>\n<p>S\u00e3o muitos os motivos que nos irmanam ao cantor e compositor Renato Teixeira. Sua arte, talento e of\u00edcio, que enobrecem e destacam a cultura brasileira, tiveram profundas inspira\u00e7\u00f5es na cultura pernambucana \u2013 motivo de orgulho para todos n\u00f3s e raz\u00e3o para a presente proposta de concess\u00e3o de t\u00edtulo de cidadania.<\/p>\n<p>Essa proposi\u00e7\u00e3o, que nasce atrav\u00e9s deste mandato, tamb\u00e9m ecoa a voz dos muitos amigos e amigas de Renato em nosso estado, que, em consenso coletivo, nos fizeram compreender ainda mais a import\u00e2ncia deste reconhecimento.<\/p>\n<p>Diante do exposto, apresentamos a concess\u00e3o do presente T\u00edtulo Honor\u00edfico de Cidad\u00e3o Pernambucano, solicitando aos meus pares a aprova\u00e7\u00e3o deste Projeto de Resolu\u00e7\u00e3o.<\/article>\n<p><\/p>\n<p style='text-align: center'><a href='https:\/\/app.legislapp.com.br\/#\/busca?termo='><\/a><\/p>\n<p><\/p>\n<article>\u00a0\u00a0\u00a0\u00a0\u00a0Art. 1\u00ba Fica concedido o T\u00edtulo Honor\u00edfico de Cidad\u00e3o Pernambucano ao cantor e compositor Renato Teixeira de Oliveira.<\/p>\n<p>\u00a0\u00a0\u00a0\u00a0\u00a0Art. 2\u00ba Esta Resolu\u00e7\u00e3o\u00a0entra em vigor na data de sua publica\u00e7\u00e3o.<\/article>\n<div style=\"text-align: center\">\n<div style=\"margin-bottom: 20px;\" class=\"et_pb_button_module_wrapper et_pb_button_5_tb_body_wrapper et_pb_button_alignment_center et_pb_module \">\n         <a class=\"et_pb_button et_pb_button_5_tb_body et_hover_enabled et_pb_bg_layout_dark\" style=\"width: 50%;background-color: black;\" href=\"https:\/\/app.legislapp.com.br\" target=\"_blank\" rel=\"noopener\">Visualizar completo na nossa plataforma (30 dias gr\u00e1tis)<\/a><\/p><\/div>\n<p>      <a href=\"https:\/\/play.google.com\/store\/apps\/details?id=br.com.legislapp\"><img decoding=\"async\" style=\"width: 15%; min-width: 130px;\" src=\"https:\/\/www.legislapp.com.br\/wp-content\/uploads\/google-play.png\"><\/a><br \/>\n      <a href=\"https:\/\/apps.apple.com\/us\/app\/legislapp\/id1568929859\"><img decoding=\"async\" style=\"width: 15%; min-width: 130px\" src=\"https:\/\/www.legislapp.com.br\/wp-content\/uploads\/apple-store.png\"><\/a>\n   <\/div>\n","protected":false},"excerpt":{"rendered":"<p>C\u00e2m. Legislativa de PE &#8211; Autoria de Waldemar Borges Nascido em 20 de maio de 1945, na cidade de Santos, litoral paulista, e rec\u00e9m-ingresso no seleto rol dos grandes artistas octogen\u00e1rios do pa\u00eds, Renato Teixeira de Oliveira \u00e9 um leg\u00edtimo e orgulhoso representante das can\u00e7\u00f5es sertanejas e das modas de viola do Brasil. Renato \u00e9 [&hellip;]<\/p>\n","protected":false},"author":1,"featured_media":0,"parent":0,"menu_order":0,"comment_status":"closed","ping_status":"closed","template":"page-template-blank.php","meta":{"_et_pb_use_builder":"","_et_pb_old_content":"","_et_gb_content_width":"1080","ngg_post_thumbnail":0,"footnotes":""},"class_list":["post-6201","page","type-page","status-publish","hentry"],"yoast_head":"<!-- This site is optimized with the Yoast SEO plugin v24.4 - https:\/\/yoast.com\/wordpress\/plugins\/seo\/ -->\n<title>PRC 3002\/2025 - Waldemar Borges - Legislapp<\/title>\n<meta name=\"robots\" content=\"index, follow, max-snippet:-1, max-image-preview:large, max-video-preview:-1\" \/>\n<link rel=\"canonical\" href=\"https:\/\/www.legislapp.com.br\/index.php\/cam-legislativa-de-pe-prc-3002-2025\/\" \/>\n<meta property=\"og:locale\" content=\"pt_BR\" \/>\n<meta property=\"og:type\" content=\"article\" \/>\n<meta property=\"og:title\" content=\"PRC 3002\/2025 - Waldemar Borges - Legislapp\" \/>\n<meta property=\"og:description\" content=\"C\u00e2m. Legislativa de PE &#8211; Autoria de Waldemar Borges Nascido em 20 de maio de 1945, na cidade de Santos, litoral paulista, e rec\u00e9m-ingresso no seleto rol dos grandes artistas octogen\u00e1rios do pa\u00eds, Renato Teixeira de Oliveira \u00e9 um leg\u00edtimo e orgulhoso representante das can\u00e7\u00f5es sertanejas e das modas de viola do Brasil. Renato \u00e9 [&hellip;]\" \/>\n<meta property=\"og:url\" content=\"https:\/\/www.legislapp.com.br\/index.php\/cam-legislativa-de-pe-prc-3002-2025\/\" \/>\n<meta property=\"og:site_name\" content=\"Legislapp\" \/>\n<meta property=\"article:publisher\" content=\"https:\/\/www.instagram.com\/legislapp\/\" \/>\n<meta property=\"og:image\" content=\"https:\/\/www.alepe.pe.gov.br\/\/wp-content\/uploads\/2015\/05\/WaldemarBorges_001-scaled-e1675862571749.jpg\" \/>\n<meta name=\"twitter:card\" content=\"summary_large_image\" \/>\n<meta name=\"twitter:label1\" content=\"Est. tempo de leitura\" \/>\n\t<meta name=\"twitter:data1\" content=\"4 minutos\" \/>\n<script type=\"application\/ld+json\" class=\"yoast-schema-graph\">{\"@context\":\"https:\/\/schema.org\",\"@graph\":[{\"@type\":\"WebPage\",\"@id\":\"https:\/\/www.legislapp.com.br\/index.php\/cam-legislativa-de-pe-prc-3002-2025\/\",\"url\":\"https:\/\/www.legislapp.com.br\/index.php\/cam-legislativa-de-pe-prc-3002-2025\/\",\"name\":\"PRC 3002\/2025 - Waldemar Borges - Legislapp\",\"isPartOf\":{\"@id\":\"https:\/\/www.legislapp.com.br\/#website\"},\"primaryImageOfPage\":{\"@id\":\"https:\/\/www.legislapp.com.br\/index.php\/cam-legislativa-de-pe-prc-3002-2025\/#primaryimage\"},\"image\":{\"@id\":\"https:\/\/www.legislapp.com.br\/index.php\/cam-legislativa-de-pe-prc-3002-2025\/#primaryimage\"},\"thumbnailUrl\":\"https:\/\/www.alepe.pe.gov.br\/\/wp-content\/uploads\/2015\/05\/WaldemarBorges_001-scaled-e1675862571749.jpg\",\"datePublished\":\"2025-06-25T13:25:16+00:00\",\"breadcrumb\":{\"@id\":\"https:\/\/www.legislapp.com.br\/index.php\/cam-legislativa-de-pe-prc-3002-2025\/#breadcrumb\"},\"inLanguage\":\"pt-BR\",\"potentialAction\":[{\"@type\":\"ReadAction\",\"target\":[\"https:\/\/www.legislapp.com.br\/index.php\/cam-legislativa-de-pe-prc-3002-2025\/\"]}]},{\"@type\":\"ImageObject\",\"inLanguage\":\"pt-BR\",\"@id\":\"https:\/\/www.legislapp.com.br\/index.php\/cam-legislativa-de-pe-prc-3002-2025\/#primaryimage\",\"url\":\"https:\/\/www.alepe.pe.gov.br\/\/wp-content\/uploads\/2015\/05\/WaldemarBorges_001-scaled-e1675862571749.jpg\",\"contentUrl\":\"https:\/\/www.alepe.pe.gov.br\/\/wp-content\/uploads\/2015\/05\/WaldemarBorges_001-scaled-e1675862571749.jpg\"},{\"@type\":\"BreadcrumbList\",\"@id\":\"https:\/\/www.legislapp.com.br\/index.php\/cam-legislativa-de-pe-prc-3002-2025\/#breadcrumb\",\"itemListElement\":[{\"@type\":\"ListItem\",\"position\":1,\"name\":\"In\u00edcio\",\"item\":\"https:\/\/www.legislapp.com.br\/\"},{\"@type\":\"ListItem\",\"position\":2,\"name\":\"PRC 3002\/2025 &#8211; Waldemar Borges\"}]},{\"@type\":\"WebSite\",\"@id\":\"https:\/\/www.legislapp.com.br\/#website\",\"url\":\"https:\/\/www.legislapp.com.br\/\",\"name\":\"Legislapp\",\"description\":\"Intelig\u00eancia governamental em tempo real\",\"publisher\":{\"@id\":\"https:\/\/www.legislapp.com.br\/#organization\"},\"potentialAction\":[{\"@type\":\"SearchAction\",\"target\":{\"@type\":\"EntryPoint\",\"urlTemplate\":\"https:\/\/www.legislapp.com.br\/?s={search_term_string}\"},\"query-input\":{\"@type\":\"PropertyValueSpecification\",\"valueRequired\":true,\"valueName\":\"search_term_string\"}}],\"inLanguage\":\"pt-BR\"},{\"@type\":\"Organization\",\"@id\":\"https:\/\/www.legislapp.com.br\/#organization\",\"name\":\"Legislapp Monitoramento e Intelig\u00eancia Governamental\",\"url\":\"https:\/\/www.legislapp.com.br\/\",\"logo\":{\"@type\":\"ImageObject\",\"inLanguage\":\"pt-BR\",\"@id\":\"https:\/\/www.legislapp.com.br\/#\/schema\/logo\/image\/\",\"url\":\"https:\/\/www.legislapp.com.br\/wp-content\/uploads\/icon.png\",\"contentUrl\":\"https:\/\/www.legislapp.com.br\/wp-content\/uploads\/icon.png\",\"width\":1024,\"height\":1024,\"caption\":\"Legislapp Monitoramento e Intelig\u00eancia Governamental\"},\"image\":{\"@id\":\"https:\/\/www.legislapp.com.br\/#\/schema\/logo\/image\/\"},\"sameAs\":[\"https:\/\/www.instagram.com\/legislapp\/\"]}]}<\/script>\n<!-- \/ Yoast SEO plugin. -->","yoast_head_json":{"title":"PRC 3002\/2025 - Waldemar Borges - Legislapp","robots":{"index":"index","follow":"follow","max-snippet":"max-snippet:-1","max-image-preview":"max-image-preview:large","max-video-preview":"max-video-preview:-1"},"canonical":"https:\/\/www.legislapp.com.br\/index.php\/cam-legislativa-de-pe-prc-3002-2025\/","og_locale":"pt_BR","og_type":"article","og_title":"PRC 3002\/2025 - Waldemar Borges - Legislapp","og_description":"C\u00e2m. Legislativa de PE &#8211; Autoria de Waldemar Borges Nascido em 20 de maio de 1945, na cidade de Santos, litoral paulista, e rec\u00e9m-ingresso no seleto rol dos grandes artistas octogen\u00e1rios do pa\u00eds, Renato Teixeira de Oliveira \u00e9 um leg\u00edtimo e orgulhoso representante das can\u00e7\u00f5es sertanejas e das modas de viola do Brasil. Renato \u00e9 [&hellip;]","og_url":"https:\/\/www.legislapp.com.br\/index.php\/cam-legislativa-de-pe-prc-3002-2025\/","og_site_name":"Legislapp","article_publisher":"https:\/\/www.instagram.com\/legislapp\/","og_image":[{"url":"https:\/\/www.alepe.pe.gov.br\/\/wp-content\/uploads\/2015\/05\/WaldemarBorges_001-scaled-e1675862571749.jpg","type":"","width":"","height":""}],"twitter_card":"summary_large_image","twitter_misc":{"Est. tempo de leitura":"4 minutos"},"schema":{"@context":"https:\/\/schema.org","@graph":[{"@type":"WebPage","@id":"https:\/\/www.legislapp.com.br\/index.php\/cam-legislativa-de-pe-prc-3002-2025\/","url":"https:\/\/www.legislapp.com.br\/index.php\/cam-legislativa-de-pe-prc-3002-2025\/","name":"PRC 3002\/2025 - Waldemar Borges - Legislapp","isPartOf":{"@id":"https:\/\/www.legislapp.com.br\/#website"},"primaryImageOfPage":{"@id":"https:\/\/www.legislapp.com.br\/index.php\/cam-legislativa-de-pe-prc-3002-2025\/#primaryimage"},"image":{"@id":"https:\/\/www.legislapp.com.br\/index.php\/cam-legislativa-de-pe-prc-3002-2025\/#primaryimage"},"thumbnailUrl":"https:\/\/www.alepe.pe.gov.br\/\/wp-content\/uploads\/2015\/05\/WaldemarBorges_001-scaled-e1675862571749.jpg","datePublished":"2025-06-25T13:25:16+00:00","breadcrumb":{"@id":"https:\/\/www.legislapp.com.br\/index.php\/cam-legislativa-de-pe-prc-3002-2025\/#breadcrumb"},"inLanguage":"pt-BR","potentialAction":[{"@type":"ReadAction","target":["https:\/\/www.legislapp.com.br\/index.php\/cam-legislativa-de-pe-prc-3002-2025\/"]}]},{"@type":"ImageObject","inLanguage":"pt-BR","@id":"https:\/\/www.legislapp.com.br\/index.php\/cam-legislativa-de-pe-prc-3002-2025\/#primaryimage","url":"https:\/\/www.alepe.pe.gov.br\/\/wp-content\/uploads\/2015\/05\/WaldemarBorges_001-scaled-e1675862571749.jpg","contentUrl":"https:\/\/www.alepe.pe.gov.br\/\/wp-content\/uploads\/2015\/05\/WaldemarBorges_001-scaled-e1675862571749.jpg"},{"@type":"BreadcrumbList","@id":"https:\/\/www.legislapp.com.br\/index.php\/cam-legislativa-de-pe-prc-3002-2025\/#breadcrumb","itemListElement":[{"@type":"ListItem","position":1,"name":"In\u00edcio","item":"https:\/\/www.legislapp.com.br\/"},{"@type":"ListItem","position":2,"name":"PRC 3002\/2025 &#8211; Waldemar Borges"}]},{"@type":"WebSite","@id":"https:\/\/www.legislapp.com.br\/#website","url":"https:\/\/www.legislapp.com.br\/","name":"Legislapp","description":"Intelig\u00eancia governamental em tempo real","publisher":{"@id":"https:\/\/www.legislapp.com.br\/#organization"},"potentialAction":[{"@type":"SearchAction","target":{"@type":"EntryPoint","urlTemplate":"https:\/\/www.legislapp.com.br\/?s={search_term_string}"},"query-input":{"@type":"PropertyValueSpecification","valueRequired":true,"valueName":"search_term_string"}}],"inLanguage":"pt-BR"},{"@type":"Organization","@id":"https:\/\/www.legislapp.com.br\/#organization","name":"Legislapp Monitoramento e Intelig\u00eancia Governamental","url":"https:\/\/www.legislapp.com.br\/","logo":{"@type":"ImageObject","inLanguage":"pt-BR","@id":"https:\/\/www.legislapp.com.br\/#\/schema\/logo\/image\/","url":"https:\/\/www.legislapp.com.br\/wp-content\/uploads\/icon.png","contentUrl":"https:\/\/www.legislapp.com.br\/wp-content\/uploads\/icon.png","width":1024,"height":1024,"caption":"Legislapp Monitoramento e Intelig\u00eancia Governamental"},"image":{"@id":"https:\/\/www.legislapp.com.br\/#\/schema\/logo\/image\/"},"sameAs":["https:\/\/www.instagram.com\/legislapp\/"]}]}},"_links":{"self":[{"href":"https:\/\/www.legislapp.com.br\/index.php\/wp-json\/wp\/v2\/pages\/6201","targetHints":{"allow":["GET"]}}],"collection":[{"href":"https:\/\/www.legislapp.com.br\/index.php\/wp-json\/wp\/v2\/pages"}],"about":[{"href":"https:\/\/www.legislapp.com.br\/index.php\/wp-json\/wp\/v2\/types\/page"}],"author":[{"embeddable":true,"href":"https:\/\/www.legislapp.com.br\/index.php\/wp-json\/wp\/v2\/users\/1"}],"replies":[{"embeddable":true,"href":"https:\/\/www.legislapp.com.br\/index.php\/wp-json\/wp\/v2\/comments?post=6201"}],"version-history":[{"count":0,"href":"https:\/\/www.legislapp.com.br\/index.php\/wp-json\/wp\/v2\/pages\/6201\/revisions"}],"wp:attachment":[{"href":"https:\/\/www.legislapp.com.br\/index.php\/wp-json\/wp\/v2\/media?parent=6201"}],"curies":[{"name":"wp","href":"https:\/\/api.w.org\/{rel}","templated":true}]}}