{"id":6245,"date":"2025-06-25T10:27:27","date_gmt":"2025-06-25T13:27:27","guid":{"rendered":"https:\/\/www.legislapp.com.br\/index.php\/cam-legislativa-de-pe-pl-2978-2025-3\/"},"modified":"2025-06-25T10:27:27","modified_gmt":"2025-06-25T13:27:27","slug":"cam-legislativa-de-pe-pl-2978-2025-3","status":"publish","type":"page","link":"https:\/\/www.legislapp.com.br\/index.php\/cam-legislativa-de-pe-pl-2978-2025-3\/","title":{"rendered":"PL 2978\/2025 &#8211; Simone Santana"},"content":{"rendered":"<h1 style='text-align: center;'>C\u00e2m. Legislativa de PE &#8211; Autoria de Simone Santana<br \/><img src='https:\/\/www.alepe.pe.gov.br\/\/wp-content\/uploads\/2015\/05\/SIMONE-SANTANA-1-scaled-e1675862417317.jpg' alt='Simone Santana' \/><\/h3>\n<p><\/p>\n<article style='text-align: center'>A presente proposi\u00e7\u00e3o aprimora a legisla\u00e7\u00e3o estadual atualmente existente sobre a Pol\u00edtica Estadual de Conscientiza\u00e7\u00e3o sobre a Depress\u00e3o Infantil e na Adolesc\u00eancia, institu\u00edda por meio da Lei Estadual n\u00ba 17.845, de 22 de junho de 2022.<\/p>\n<p>Em s\u00edntese, a medida ora proposta aprimora os objetivos da referida pol\u00edtica, ao buscar assegurar meios de acesso ao tratamento adequado e oportuno, inclusive psicol\u00f3gico, psiqui\u00e1trico e\/ou medicamentoso, em conformidade com as diretrizes e linhas de cuidado estabelecidas no \u00e2mbito do Sistema \u00danico de Sa\u00fade (SUS), assim como capacita\u00e7\u00e3o de profissionais da sa\u00fade, educa\u00e7\u00e3o e assist\u00eancia social e apoio e acolhimento psicossocial \u00e0s fam\u00edlias acometidas.<\/p>\n<p>Prop\u00f5e-se, ainda, que a pol\u00edtica envolva a escuta qualificada das pr\u00f3prias crian\u00e7as e adolescentes, por meio de profissionais habilitados, respeitadas as normas aplic\u00e1veis a essa popula\u00e7\u00e3o, com vistas \u00e0 promo\u00e7\u00e3o de a\u00e7\u00f5es pautadas em suas experi\u00eancias e necessidades.<\/p>\n<p>Quanto \u00e0 constitucionalidade formal org\u00e2nica, a proposi\u00e7\u00e3o encontra-se inserta na compet\u00eancia legislativa concorrente da Uni\u00e3o, dos Estados e do Distrito Federal (art. 24, XII e XV, CF\/88), para legislar sobre \u201cprote\u00e7\u00e3o e defesa da sa\u00fade\u201d e \u201cprote\u00e7\u00e3o \u00e0 inf\u00e2ncia e \u00e0 juventude\u201d.<\/p>\n<p>Al\u00e9m disso, destaque-se ainda a absoluta compatibilidade material da proposi\u00e7\u00e3o com o art. 227 da Constitui\u00e7\u00e3o Federal, tendo em vista que compete ao Estado brasileiro, por meio de seus entes, juntamente com a fam\u00edlia e a sociedade como um todo, prover \u00e0 crian\u00e7a e ao adolescente, dentre outros, o direito \u00e0 vida e \u00e0 sa\u00fade, o que por \u00f3bvio envolve o bem-estar psicossocial desse p\u00fablico.<\/p>\n<p>Diante do exposto, requer-se o valoroso apoio dos Nobres Parlamentares da Assembleia Legislativa.<\/article>\n<p><\/p>\n<p style='text-align: center'><a href='https:\/\/app.legislapp.com.br\/#\/busca?termo='><\/a><\/p>\n<p><\/p>\n<article>\u00a0\u00a0\u00a0\u00a0\u00a0Art. 1\u00ba A Lei n\u00ba 17.845, de 22 de junho de 2022, passa a vigorar com as seguintes altera\u00e7\u00f5es:<\/p>\n<p>\u201cArt. 1\u00ba Fica institu\u00edda, no \u00e2mbito do Estado de Pernambuco, a Pol\u00edtica Estadual de Conscientiza\u00e7\u00e3o sobre a Depress\u00e3o Infantil e na Adolesc\u00eancia. (NR)<\/p>\n<p>Art. 1\u00ba-A. S\u00e3o objetivos da Pol\u00edtica Estadual de Conscientiza\u00e7\u00e3o sobre a Depress\u00e3o Infantil e na Adolesc\u00eancia: (AC)<\/p>\n<p>I &#8211; prover informa\u00e7\u00e3o, na sociedade em geral e entre os profissionais de sa\u00fade, sobre a depress\u00e3o infantil e na adolesc\u00eancia; (AC)<\/p>\n<p>II &#8211; favorecer o diagn\u00f3stico precoce; (AC)<\/p>\n<p>III &#8211; assegurar meios de acesso ao tratamento adequado e oportuno, inclusive psicol\u00f3gico, psiqui\u00e1trico e\/ou medicamentoso, em conformidade com as diretrizes e linhas de cuidado estabelecidas no \u00e2mbito do Sistema \u00danico de Sa\u00fade (SUS); (AC)<\/p>\n<p>IV &#8211; capacitar profissionais da sa\u00fade, educa\u00e7\u00e3o e assist\u00eancia social sobre tal condi\u00e7\u00e3o de sa\u00fade; e (AC)<\/p>\n<p>V &#8211; prestar apoio e acolhimento psicossocial \u00e0s fam\u00edlias acometidas. (AC)<\/p>\n<p>Art. 2\u00ba &#8230;&#8230;&#8230;&#8230;&#8230;&#8230;&#8230;&#8230;&#8230;&#8230;&#8230;&#8230;&#8230;&#8230;&#8230;&#8230;&#8230;&#8230;&#8230;&#8230;&#8230;&#8230;&#8230;&#8230;&#8230;&#8230;&#8230;&#8230;<\/p>\n<p>&#8230;&#8230;&#8230;&#8230;&#8230;&#8230;&#8230;&#8230;&#8230;&#8230;&#8230;&#8230;&#8230;&#8230;&#8230;&#8230;&#8230;&#8230;&#8230;&#8230;&#8230;&#8230;&#8230;&#8230;&#8230;&#8230;&#8230;&#8230;&#8230;&#8230;&#8230;..<\/p>\n<p>III &#8211; est\u00edmulo \u00e0 parceria entre fam\u00edlia e escola para oferecer o suporte necess\u00e1rio \u00e0s crian\u00e7as e adolescentes acometidos pela depress\u00e3o; (NR)<\/p>\n<p>IV &#8211; divulga\u00e7\u00e3o de dados estat\u00edsticos relativos ao quantitativo e ao perfil de crian\u00e7as e adolescentes com depress\u00e3o no Estado de Pernambuco; (NR)<\/p>\n<p>V &#8211; capacita\u00e7\u00e3o continuada de profissionais da sa\u00fade, educa\u00e7\u00e3o e assist\u00eancia social, para identifica\u00e7\u00e3o e encaminhamento adequado de poss\u00edveis casos de depress\u00e3o infantil ou na adolesc\u00eancia; e (AC)<\/p>\n<p>VI &#8211; escuta qualificada de crian\u00e7as e adolescentes, por meio de profissionais habilitados, respeitadas as normas aplic\u00e1veis a essa popula\u00e7\u00e3o, com vistas \u00e0 promo\u00e7\u00e3o de a\u00e7\u00f5es pautadas em suas experi\u00eancias e necessidades.&#8221; (AC)<\/p>\n<p>\u00a0\u00a0\u00a0\u00a0\u00a0Art. 2\u00ba Esta Lei entra em vigor na data de sua publica\u00e7\u00e3o.<\/article>\n<div style=\"text-align: center\">\n<div style=\"margin-bottom: 20px;\" class=\"et_pb_button_module_wrapper et_pb_button_5_tb_body_wrapper et_pb_button_alignment_center et_pb_module \">\n         <a class=\"et_pb_button et_pb_button_5_tb_body et_hover_enabled et_pb_bg_layout_dark\" style=\"width: 50%;background-color: black;\" href=\"https:\/\/app.legislapp.com.br\" target=\"_blank\" rel=\"noopener\">Visualizar completo na nossa plataforma (30 dias gr\u00e1tis)<\/a><\/p><\/div>\n<p>      <a href=\"https:\/\/play.google.com\/store\/apps\/details?id=br.com.legislapp\"><img decoding=\"async\" style=\"width: 15%; min-width: 130px;\" src=\"https:\/\/www.legislapp.com.br\/wp-content\/uploads\/google-play.png\"><\/a><br \/>\n      <a href=\"https:\/\/apps.apple.com\/us\/app\/legislapp\/id1568929859\"><img decoding=\"async\" style=\"width: 15%; min-width: 130px\" src=\"https:\/\/www.legislapp.com.br\/wp-content\/uploads\/apple-store.png\"><\/a>\n   <\/div>\n","protected":false},"excerpt":{"rendered":"<p>C\u00e2m. Legislativa de PE &#8211; Autoria de Simone Santana A presente proposi\u00e7\u00e3o aprimora a legisla\u00e7\u00e3o estadual atualmente existente sobre a Pol\u00edtica Estadual de Conscientiza\u00e7\u00e3o sobre a Depress\u00e3o Infantil e na Adolesc\u00eancia, institu\u00edda por meio da Lei Estadual n\u00ba 17.845, de 22 de junho de 2022. Em s\u00edntese, a medida ora proposta aprimora os objetivos da [&hellip;]<\/p>\n","protected":false},"author":1,"featured_media":0,"parent":0,"menu_order":0,"comment_status":"closed","ping_status":"closed","template":"page-template-blank.php","meta":{"_et_pb_use_builder":"","_et_pb_old_content":"","_et_gb_content_width":"1080","ngg_post_thumbnail":0,"footnotes":""},"class_list":["post-6245","page","type-page","status-publish","hentry"],"yoast_head":"<!-- This site is optimized with the Yoast SEO plugin v24.4 - https:\/\/yoast.com\/wordpress\/plugins\/seo\/ -->\n<title>PL 2978\/2025 - Simone Santana - Legislapp<\/title>\n<meta name=\"robots\" content=\"index, follow, max-snippet:-1, max-image-preview:large, max-video-preview:-1\" \/>\n<link rel=\"canonical\" href=\"https:\/\/www.legislapp.com.br\/index.php\/cam-legislativa-de-pe-pl-2978-2025-3\/\" \/>\n<meta property=\"og:locale\" content=\"pt_BR\" \/>\n<meta property=\"og:type\" content=\"article\" \/>\n<meta property=\"og:title\" content=\"PL 2978\/2025 - Simone Santana - Legislapp\" \/>\n<meta property=\"og:description\" content=\"C\u00e2m. Legislativa de PE &#8211; Autoria de Simone Santana A presente proposi\u00e7\u00e3o aprimora a legisla\u00e7\u00e3o estadual atualmente existente sobre a Pol\u00edtica Estadual de Conscientiza\u00e7\u00e3o sobre a Depress\u00e3o Infantil e na Adolesc\u00eancia, institu\u00edda por meio da Lei Estadual n\u00ba 17.845, de 22 de junho de 2022. Em s\u00edntese, a medida ora proposta aprimora os objetivos da [&hellip;]\" \/>\n<meta property=\"og:url\" content=\"https:\/\/www.legislapp.com.br\/index.php\/cam-legislativa-de-pe-pl-2978-2025-3\/\" \/>\n<meta property=\"og:site_name\" content=\"Legislapp\" \/>\n<meta property=\"article:publisher\" content=\"https:\/\/www.instagram.com\/legislapp\/\" \/>\n<meta property=\"og:image\" content=\"https:\/\/www.alepe.pe.gov.br\/\/wp-content\/uploads\/2015\/05\/SIMONE-SANTANA-1-scaled-e1675862417317.jpg\" \/>\n<meta name=\"twitter:card\" content=\"summary_large_image\" \/>\n<meta name=\"twitter:label1\" content=\"Est. tempo de leitura\" \/>\n\t<meta name=\"twitter:data1\" content=\"3 minutos\" \/>\n<script type=\"application\/ld+json\" class=\"yoast-schema-graph\">{\"@context\":\"https:\/\/schema.org\",\"@graph\":[{\"@type\":\"WebPage\",\"@id\":\"https:\/\/www.legislapp.com.br\/index.php\/cam-legislativa-de-pe-pl-2978-2025-3\/\",\"url\":\"https:\/\/www.legislapp.com.br\/index.php\/cam-legislativa-de-pe-pl-2978-2025-3\/\",\"name\":\"PL 2978\/2025 - Simone Santana - Legislapp\",\"isPartOf\":{\"@id\":\"https:\/\/www.legislapp.com.br\/#website\"},\"primaryImageOfPage\":{\"@id\":\"https:\/\/www.legislapp.com.br\/index.php\/cam-legislativa-de-pe-pl-2978-2025-3\/#primaryimage\"},\"image\":{\"@id\":\"https:\/\/www.legislapp.com.br\/index.php\/cam-legislativa-de-pe-pl-2978-2025-3\/#primaryimage\"},\"thumbnailUrl\":\"https:\/\/www.alepe.pe.gov.br\/\/wp-content\/uploads\/2015\/05\/SIMONE-SANTANA-1-scaled-e1675862417317.jpg\",\"datePublished\":\"2025-06-25T13:27:27+00:00\",\"breadcrumb\":{\"@id\":\"https:\/\/www.legislapp.com.br\/index.php\/cam-legislativa-de-pe-pl-2978-2025-3\/#breadcrumb\"},\"inLanguage\":\"pt-BR\",\"potentialAction\":[{\"@type\":\"ReadAction\",\"target\":[\"https:\/\/www.legislapp.com.br\/index.php\/cam-legislativa-de-pe-pl-2978-2025-3\/\"]}]},{\"@type\":\"ImageObject\",\"inLanguage\":\"pt-BR\",\"@id\":\"https:\/\/www.legislapp.com.br\/index.php\/cam-legislativa-de-pe-pl-2978-2025-3\/#primaryimage\",\"url\":\"https:\/\/www.alepe.pe.gov.br\/\/wp-content\/uploads\/2015\/05\/SIMONE-SANTANA-1-scaled-e1675862417317.jpg\",\"contentUrl\":\"https:\/\/www.alepe.pe.gov.br\/\/wp-content\/uploads\/2015\/05\/SIMONE-SANTANA-1-scaled-e1675862417317.jpg\"},{\"@type\":\"BreadcrumbList\",\"@id\":\"https:\/\/www.legislapp.com.br\/index.php\/cam-legislativa-de-pe-pl-2978-2025-3\/#breadcrumb\",\"itemListElement\":[{\"@type\":\"ListItem\",\"position\":1,\"name\":\"In\u00edcio\",\"item\":\"https:\/\/www.legislapp.com.br\/\"},{\"@type\":\"ListItem\",\"position\":2,\"name\":\"PL 2978\/2025 &#8211; Simone Santana\"}]},{\"@type\":\"WebSite\",\"@id\":\"https:\/\/www.legislapp.com.br\/#website\",\"url\":\"https:\/\/www.legislapp.com.br\/\",\"name\":\"Legislapp\",\"description\":\"Intelig\u00eancia governamental em tempo real\",\"publisher\":{\"@id\":\"https:\/\/www.legislapp.com.br\/#organization\"},\"potentialAction\":[{\"@type\":\"SearchAction\",\"target\":{\"@type\":\"EntryPoint\",\"urlTemplate\":\"https:\/\/www.legislapp.com.br\/?s={search_term_string}\"},\"query-input\":{\"@type\":\"PropertyValueSpecification\",\"valueRequired\":true,\"valueName\":\"search_term_string\"}}],\"inLanguage\":\"pt-BR\"},{\"@type\":\"Organization\",\"@id\":\"https:\/\/www.legislapp.com.br\/#organization\",\"name\":\"Legislapp Monitoramento e Intelig\u00eancia Governamental\",\"url\":\"https:\/\/www.legislapp.com.br\/\",\"logo\":{\"@type\":\"ImageObject\",\"inLanguage\":\"pt-BR\",\"@id\":\"https:\/\/www.legislapp.com.br\/#\/schema\/logo\/image\/\",\"url\":\"https:\/\/www.legislapp.com.br\/wp-content\/uploads\/icon.png\",\"contentUrl\":\"https:\/\/www.legislapp.com.br\/wp-content\/uploads\/icon.png\",\"width\":1024,\"height\":1024,\"caption\":\"Legislapp Monitoramento e Intelig\u00eancia Governamental\"},\"image\":{\"@id\":\"https:\/\/www.legislapp.com.br\/#\/schema\/logo\/image\/\"},\"sameAs\":[\"https:\/\/www.instagram.com\/legislapp\/\"]}]}<\/script>\n<!-- \/ Yoast SEO plugin. -->","yoast_head_json":{"title":"PL 2978\/2025 - Simone Santana - Legislapp","robots":{"index":"index","follow":"follow","max-snippet":"max-snippet:-1","max-image-preview":"max-image-preview:large","max-video-preview":"max-video-preview:-1"},"canonical":"https:\/\/www.legislapp.com.br\/index.php\/cam-legislativa-de-pe-pl-2978-2025-3\/","og_locale":"pt_BR","og_type":"article","og_title":"PL 2978\/2025 - Simone Santana - Legislapp","og_description":"C\u00e2m. Legislativa de PE &#8211; Autoria de Simone Santana A presente proposi\u00e7\u00e3o aprimora a legisla\u00e7\u00e3o estadual atualmente existente sobre a Pol\u00edtica Estadual de Conscientiza\u00e7\u00e3o sobre a Depress\u00e3o Infantil e na Adolesc\u00eancia, institu\u00edda por meio da Lei Estadual n\u00ba 17.845, de 22 de junho de 2022. Em s\u00edntese, a medida ora proposta aprimora os objetivos da [&hellip;]","og_url":"https:\/\/www.legislapp.com.br\/index.php\/cam-legislativa-de-pe-pl-2978-2025-3\/","og_site_name":"Legislapp","article_publisher":"https:\/\/www.instagram.com\/legislapp\/","og_image":[{"url":"https:\/\/www.alepe.pe.gov.br\/\/wp-content\/uploads\/2015\/05\/SIMONE-SANTANA-1-scaled-e1675862417317.jpg","type":"","width":"","height":""}],"twitter_card":"summary_large_image","twitter_misc":{"Est. tempo de leitura":"3 minutos"},"schema":{"@context":"https:\/\/schema.org","@graph":[{"@type":"WebPage","@id":"https:\/\/www.legislapp.com.br\/index.php\/cam-legislativa-de-pe-pl-2978-2025-3\/","url":"https:\/\/www.legislapp.com.br\/index.php\/cam-legislativa-de-pe-pl-2978-2025-3\/","name":"PL 2978\/2025 - Simone Santana - Legislapp","isPartOf":{"@id":"https:\/\/www.legislapp.com.br\/#website"},"primaryImageOfPage":{"@id":"https:\/\/www.legislapp.com.br\/index.php\/cam-legislativa-de-pe-pl-2978-2025-3\/#primaryimage"},"image":{"@id":"https:\/\/www.legislapp.com.br\/index.php\/cam-legislativa-de-pe-pl-2978-2025-3\/#primaryimage"},"thumbnailUrl":"https:\/\/www.alepe.pe.gov.br\/\/wp-content\/uploads\/2015\/05\/SIMONE-SANTANA-1-scaled-e1675862417317.jpg","datePublished":"2025-06-25T13:27:27+00:00","breadcrumb":{"@id":"https:\/\/www.legislapp.com.br\/index.php\/cam-legislativa-de-pe-pl-2978-2025-3\/#breadcrumb"},"inLanguage":"pt-BR","potentialAction":[{"@type":"ReadAction","target":["https:\/\/www.legislapp.com.br\/index.php\/cam-legislativa-de-pe-pl-2978-2025-3\/"]}]},{"@type":"ImageObject","inLanguage":"pt-BR","@id":"https:\/\/www.legislapp.com.br\/index.php\/cam-legislativa-de-pe-pl-2978-2025-3\/#primaryimage","url":"https:\/\/www.alepe.pe.gov.br\/\/wp-content\/uploads\/2015\/05\/SIMONE-SANTANA-1-scaled-e1675862417317.jpg","contentUrl":"https:\/\/www.alepe.pe.gov.br\/\/wp-content\/uploads\/2015\/05\/SIMONE-SANTANA-1-scaled-e1675862417317.jpg"},{"@type":"BreadcrumbList","@id":"https:\/\/www.legislapp.com.br\/index.php\/cam-legislativa-de-pe-pl-2978-2025-3\/#breadcrumb","itemListElement":[{"@type":"ListItem","position":1,"name":"In\u00edcio","item":"https:\/\/www.legislapp.com.br\/"},{"@type":"ListItem","position":2,"name":"PL 2978\/2025 &#8211; Simone Santana"}]},{"@type":"WebSite","@id":"https:\/\/www.legislapp.com.br\/#website","url":"https:\/\/www.legislapp.com.br\/","name":"Legislapp","description":"Intelig\u00eancia governamental em tempo real","publisher":{"@id":"https:\/\/www.legislapp.com.br\/#organization"},"potentialAction":[{"@type":"SearchAction","target":{"@type":"EntryPoint","urlTemplate":"https:\/\/www.legislapp.com.br\/?s={search_term_string}"},"query-input":{"@type":"PropertyValueSpecification","valueRequired":true,"valueName":"search_term_string"}}],"inLanguage":"pt-BR"},{"@type":"Organization","@id":"https:\/\/www.legislapp.com.br\/#organization","name":"Legislapp Monitoramento e Intelig\u00eancia Governamental","url":"https:\/\/www.legislapp.com.br\/","logo":{"@type":"ImageObject","inLanguage":"pt-BR","@id":"https:\/\/www.legislapp.com.br\/#\/schema\/logo\/image\/","url":"https:\/\/www.legislapp.com.br\/wp-content\/uploads\/icon.png","contentUrl":"https:\/\/www.legislapp.com.br\/wp-content\/uploads\/icon.png","width":1024,"height":1024,"caption":"Legislapp Monitoramento e Intelig\u00eancia Governamental"},"image":{"@id":"https:\/\/www.legislapp.com.br\/#\/schema\/logo\/image\/"},"sameAs":["https:\/\/www.instagram.com\/legislapp\/"]}]}},"_links":{"self":[{"href":"https:\/\/www.legislapp.com.br\/index.php\/wp-json\/wp\/v2\/pages\/6245","targetHints":{"allow":["GET"]}}],"collection":[{"href":"https:\/\/www.legislapp.com.br\/index.php\/wp-json\/wp\/v2\/pages"}],"about":[{"href":"https:\/\/www.legislapp.com.br\/index.php\/wp-json\/wp\/v2\/types\/page"}],"author":[{"embeddable":true,"href":"https:\/\/www.legislapp.com.br\/index.php\/wp-json\/wp\/v2\/users\/1"}],"replies":[{"embeddable":true,"href":"https:\/\/www.legislapp.com.br\/index.php\/wp-json\/wp\/v2\/comments?post=6245"}],"version-history":[{"count":0,"href":"https:\/\/www.legislapp.com.br\/index.php\/wp-json\/wp\/v2\/pages\/6245\/revisions"}],"wp:attachment":[{"href":"https:\/\/www.legislapp.com.br\/index.php\/wp-json\/wp\/v2\/media?parent=6245"}],"curies":[{"name":"wp","href":"https:\/\/api.w.org\/{rel}","templated":true}]}}