{"id":6282,"date":"2025-06-25T10:29:19","date_gmt":"2025-06-25T13:29:19","guid":{"rendered":"https:\/\/www.legislapp.com.br\/index.php\/cam-legislativa-de-mg-pl-3894-2025\/"},"modified":"2025-06-25T10:29:19","modified_gmt":"2025-06-25T13:29:19","slug":"cam-legislativa-de-mg-pl-3894-2025","status":"publish","type":"page","link":"https:\/\/www.legislapp.com.br\/index.php\/cam-legislativa-de-mg-pl-3894-2025\/","title":{"rendered":"PL 3894\/2025 &#8211; Deputados"},"content":{"rendered":"<h1 style='text-align: center;'>C\u00e2m. Legislativa de MG &#8211; Autoria de Deputados<\/h3>\n<p><\/p>\n<article style='text-align: center'>Estabelece diretrizes para a oferta, na rede p\u00fablica estadual de sa\u00fade,<br \/>\nde consultas m\u00e9dicas e terap\u00eauticas por videoconfer\u00eancia para pessoas com<br \/>\ndefici\u00eancia.<\/article>\n<p><\/p>\n<p style='text-align: center'><a href='https:\/\/app.legislapp.com.br\/#\/busca?termo='><\/a><\/p>\n<p><\/p>\n<article>Estabelece diretrizes para a oferta, na rede p\u00fablica estadual de sa\u00fade, de consultas m\u00e9dicas e terap\u00eauticas por videoconfer\u00eancia para pessoas com defici\u00eancia.<br \/>\nA Assembleia Legislativa do Estado de Minas Gerais decreta:<br \/>\nArt. 1\u00ba \u2013 Esta lei estabelece diretrizes para a oferta, na rede p\u00fablica estadual de sa\u00fade, de consultas m\u00e9dicas e terap\u00eauticas por videoconfer\u00eancia destinadas a pessoas com defici\u00eancia.<br \/>\nArt. 2\u00ba \u2013 S\u00e3o objetivos desta lei:<br \/>\nI \u2013 ampliar o acesso de pessoas com defici\u00eancia aos servi\u00e7os especializados de sa\u00fade;<br \/>\nII \u2013 reduzir barreiras geogr\u00e1ficas, f\u00edsicas, sensoriais e comunicacionais que dificultem o atendimento presencial;<br \/>\nIII \u2013 promover a continuidade do cuidado e o acompanhamento terap\u00eautico regular, independentemente da localiza\u00e7\u00e3o do paciente;<br \/>\nIV \u2013 garantir maior conforto, seguran\u00e7a e autonomia \u00e0 pessoa com defici\u00eancia e \u00e0 sua rede de apoio;<br \/>\nV \u2013 incentivar o uso de tecnologias assistivas e recursos de acessibilidade digital nos servi\u00e7os de sa\u00fade.<br \/>\nArt. 3\u00ba \u2013 Fica autorizada a realiza\u00e7\u00e3o de consultas por videoconfer\u00eancia com m\u00e9dicos, terapeutas e outros profissionais habilitados agendadas para pacientes com defici\u00eancia f\u00edsica, sensorial, intelectual, m\u00faltipla ou com transtorno do espectro autista \u2013 TEA \u2013, observados os seguintes requisitos:<br \/>\nI \u2013 consentimento expresso da pessoa com defici\u00eancia ou de seu respons\u00e1vel legal;<br \/>\nII \u2013 apresenta\u00e7\u00e3o, durante a videoconfer\u00eancia, de documento de identidade com foto do paciente e do acompanhante, quando houver;<br \/>\nIII \u2013 garantia da privacidade e do sigilo profissional, conforme legisla\u00e7\u00e3o vigente.<br \/>\nArt. 4\u00ba \u2013 As consultas ser\u00e3o gravadas, com autoriza\u00e7\u00e3o do paciente ou de seu respons\u00e1vel legal, para fins de registro, continuidade do acompanhamento e compartilhamento das informa\u00e7\u00f5es com o pr\u00f3prio paciente ou com sua rede de apoio.<br \/>\nArt. 5\u00ba \u2013 O Estado garantir\u00e1 que os profissionais de sa\u00fade designados para atendimento por videoconfer\u00eancia estejam devidamente capacitados para o atendimento de pessoas com defici\u00eancia de modo que sejam respeitadas as especificidades de cada tipo de defici\u00eancia.<br \/>\nArt. 6\u00ba \u2013 A Secretaria de Estado de Sa\u00fade poder\u00e1 celebrar parcerias com universidades, cons\u00f3rcios intermunicipais de sa\u00fade, entidades do terceiro setor e outras institui\u00e7\u00f5es p\u00fablicas ou privadas, com vistas \u00e0 estrutura\u00e7\u00e3o da rede de teleatendimento acess\u00edvel, inclusive com o uso de tecnologias assistivas.<br \/>\nArt. 7\u00ba \u2013 As despesas decorrentes da execu\u00e7\u00e3o desta lei correr\u00e3o por conta de dota\u00e7\u00f5es or\u00e7ament\u00e1rias pr\u00f3prias, suplementadas se necess\u00e1rio.<br \/>\nArt. 8\u00ba \u2013 Esta lei entra em vigor na data de sua publica\u00e7\u00e3o.<br \/>\nSala das Reuni\u00f5es, 4 de junho de 2025.<br \/>\nNayara Rocha (PP), vice-l\u00edder do Governo.<br \/>\nJustifica\u00e7\u00e3o: Esta proposi\u00e7\u00e3o tem por finalidade estabelecer diretrizes para a oferta de consultas m\u00e9dicas e terap\u00eauticas por videoconfer\u00eancia como medida voltada a enfrentar e superar barreiras estruturais, geogr\u00e1ficas, sensoriais e comunicacionais que ainda dificultam o acesso de pessoas com defici\u00eancia aos servi\u00e7os especializados de sa\u00fade.<br \/>\nDe acordo com dados recentes do Instituto Brasileiro de Geografia e Estat\u00edstica \u2013 IBGE \u2013, mais de quatorze milh\u00f5es de brasileiros t\u00eam algum tipo de defici\u00eancia. No Estado, esse contingente expressivo da popula\u00e7\u00e3o enfrenta, com frequ\u00eancia, obst\u00e1culos para acessar profissionais especializados, especialmente nos munic\u00edpios do interior, onde h\u00e1 escassez de servi\u00e7os prestados por esses profissionais. Al\u00e9m da limita\u00e7\u00e3o de oferta, muitas pessoas com defici\u00eancia, em especial aquelas com transtorno do espectro autista \u2013 TEA \u2013 ou com mobilidade reduzida, vivenciam dificuldades significativas para se deslocar at\u00e9 os locais de atendimento, o que compromete a continuidade do cuidado, gera sofrimento adicional e pode prejudicar o sucesso dos tratamentos.<br \/>\nNesse contexto, a realiza\u00e7\u00e3o de consultas por videoconfer\u00eancia desponta como importante ferramenta de inclus\u00e3o e de fortalecimento do sistema de sa\u00fade, ao permitir que pacientes sejam acompanhados por m\u00e9dicos, terapeutas e outros profissionais qualificados, independentemente de sua localiza\u00e7\u00e3o geogr\u00e1fica. Esta proposta n\u00e3o busca substituir o atendimento presencial, mas sim complement\u00e1-lo e ampli\u00e1-lo, respeitando as especificidades de cada indiv\u00edduo e promovendo a equidade no acesso \u00e0 aten\u00e7\u00e3o especializada.<br \/>\nAl\u00e9m disso, esta proposta contribui para a moderniza\u00e7\u00e3o dos servi\u00e7os p\u00fablicos de sa\u00fade e a implementa\u00e7\u00e3o de pol\u00edticas p\u00fablicas que utilizam tecnologias assistivas e recursos digitais como instrumentos de efetiva\u00e7\u00e3o de direitos.<br \/>\nDiante do exposto, solicito o apoio dos nobres parlamentares para a aprova\u00e7\u00e3o deste projeto de lei, por sua relev\u00e2ncia social e por sua contribui\u00e7\u00e3o efetiva para o fortalecimento das pol\u00edticas p\u00fablicas voltadas \u00e0s pessoas com defici\u00eancia no Estado.<br \/>\n\u2013 Publicado, vai o projeto \u00e0s Comiss\u00f5es de Justi\u00e7a, de Sa\u00fade, da Pessoa com Defici\u00eancia e de Fiscaliza\u00e7\u00e3o Financeira para parecer, nos termos do art. 188, c\/c o art. 102, do Regimento Interno.<\/article>\n<div style=\"text-align: center\">\n<div style=\"margin-bottom: 20px;\" class=\"et_pb_button_module_wrapper et_pb_button_5_tb_body_wrapper et_pb_button_alignment_center et_pb_module \">\n         <a class=\"et_pb_button et_pb_button_5_tb_body et_hover_enabled et_pb_bg_layout_dark\" style=\"width: 50%;background-color: black;\" href=\"https:\/\/app.legislapp.com.br\" target=\"_blank\" rel=\"noopener\">Visualizar completo na nossa plataforma (30 dias gr\u00e1tis)<\/a><\/p><\/div>\n<p>      <a href=\"https:\/\/play.google.com\/store\/apps\/details?id=br.com.legislapp\"><img decoding=\"async\" style=\"width: 15%; min-width: 130px;\" src=\"https:\/\/www.legislapp.com.br\/wp-content\/uploads\/google-play.png\"><\/a><br \/>\n      <a href=\"https:\/\/apps.apple.com\/us\/app\/legislapp\/id1568929859\"><img decoding=\"async\" style=\"width: 15%; min-width: 130px\" src=\"https:\/\/www.legislapp.com.br\/wp-content\/uploads\/apple-store.png\"><\/a>\n   <\/div>\n","protected":false},"excerpt":{"rendered":"<p>C\u00e2m. Legislativa de MG &#8211; Autoria de Deputados Estabelece diretrizes para a oferta, na rede p\u00fablica estadual de sa\u00fade, de consultas m\u00e9dicas e terap\u00eauticas por videoconfer\u00eancia para pessoas com defici\u00eancia. Estabelece diretrizes para a oferta, na rede p\u00fablica estadual de sa\u00fade, de consultas m\u00e9dicas e terap\u00eauticas por videoconfer\u00eancia para pessoas com defici\u00eancia. A Assembleia Legislativa [&hellip;]<\/p>\n","protected":false},"author":1,"featured_media":0,"parent":0,"menu_order":0,"comment_status":"closed","ping_status":"closed","template":"page-template-blank.php","meta":{"_et_pb_use_builder":"","_et_pb_old_content":"","_et_gb_content_width":"1080","ngg_post_thumbnail":0,"footnotes":""},"class_list":["post-6282","page","type-page","status-publish","hentry"],"yoast_head":"<!-- This site is optimized with the Yoast SEO plugin v24.4 - https:\/\/yoast.com\/wordpress\/plugins\/seo\/ -->\n<title>PL 3894\/2025 - Deputados - Legislapp<\/title>\n<meta name=\"robots\" content=\"index, follow, max-snippet:-1, max-image-preview:large, max-video-preview:-1\" \/>\n<link rel=\"canonical\" href=\"https:\/\/www.legislapp.com.br\/index.php\/cam-legislativa-de-mg-pl-3894-2025\/\" \/>\n<meta property=\"og:locale\" content=\"pt_BR\" \/>\n<meta property=\"og:type\" content=\"article\" \/>\n<meta property=\"og:title\" content=\"PL 3894\/2025 - Deputados - Legislapp\" \/>\n<meta property=\"og:description\" content=\"C\u00e2m. Legislativa de MG &#8211; Autoria de Deputados Estabelece diretrizes para a oferta, na rede p\u00fablica estadual de sa\u00fade, de consultas m\u00e9dicas e terap\u00eauticas por videoconfer\u00eancia para pessoas com defici\u00eancia. Estabelece diretrizes para a oferta, na rede p\u00fablica estadual de sa\u00fade, de consultas m\u00e9dicas e terap\u00eauticas por videoconfer\u00eancia para pessoas com defici\u00eancia. A Assembleia Legislativa [&hellip;]\" \/>\n<meta property=\"og:url\" content=\"https:\/\/www.legislapp.com.br\/index.php\/cam-legislativa-de-mg-pl-3894-2025\/\" \/>\n<meta property=\"og:site_name\" content=\"Legislapp\" \/>\n<meta property=\"article:publisher\" content=\"https:\/\/www.instagram.com\/legislapp\/\" \/>\n<meta property=\"og:image\" content=\"https:\/\/www.legislapp.com.br\/wp-content\/uploads\/google-play.png\" \/>\n<meta name=\"twitter:card\" content=\"summary_large_image\" \/>\n<meta name=\"twitter:label1\" content=\"Est. tempo de leitura\" \/>\n\t<meta name=\"twitter:data1\" content=\"4 minutos\" \/>\n<script type=\"application\/ld+json\" class=\"yoast-schema-graph\">{\"@context\":\"https:\/\/schema.org\",\"@graph\":[{\"@type\":\"WebPage\",\"@id\":\"https:\/\/www.legislapp.com.br\/index.php\/cam-legislativa-de-mg-pl-3894-2025\/\",\"url\":\"https:\/\/www.legislapp.com.br\/index.php\/cam-legislativa-de-mg-pl-3894-2025\/\",\"name\":\"PL 3894\/2025 - Deputados - Legislapp\",\"isPartOf\":{\"@id\":\"https:\/\/www.legislapp.com.br\/#website\"},\"primaryImageOfPage\":{\"@id\":\"https:\/\/www.legislapp.com.br\/index.php\/cam-legislativa-de-mg-pl-3894-2025\/#primaryimage\"},\"image\":{\"@id\":\"https:\/\/www.legislapp.com.br\/index.php\/cam-legislativa-de-mg-pl-3894-2025\/#primaryimage\"},\"thumbnailUrl\":\"https:\/\/www.legislapp.com.br\/wp-content\/uploads\/google-play.png\",\"datePublished\":\"2025-06-25T13:29:19+00:00\",\"breadcrumb\":{\"@id\":\"https:\/\/www.legislapp.com.br\/index.php\/cam-legislativa-de-mg-pl-3894-2025\/#breadcrumb\"},\"inLanguage\":\"pt-BR\",\"potentialAction\":[{\"@type\":\"ReadAction\",\"target\":[\"https:\/\/www.legislapp.com.br\/index.php\/cam-legislativa-de-mg-pl-3894-2025\/\"]}]},{\"@type\":\"ImageObject\",\"inLanguage\":\"pt-BR\",\"@id\":\"https:\/\/www.legislapp.com.br\/index.php\/cam-legislativa-de-mg-pl-3894-2025\/#primaryimage\",\"url\":\"https:\/\/www.legislapp.com.br\/wp-content\/uploads\/google-play.png\",\"contentUrl\":\"https:\/\/www.legislapp.com.br\/wp-content\/uploads\/google-play.png\",\"width\":564,\"height\":168},{\"@type\":\"BreadcrumbList\",\"@id\":\"https:\/\/www.legislapp.com.br\/index.php\/cam-legislativa-de-mg-pl-3894-2025\/#breadcrumb\",\"itemListElement\":[{\"@type\":\"ListItem\",\"position\":1,\"name\":\"In\u00edcio\",\"item\":\"https:\/\/www.legislapp.com.br\/\"},{\"@type\":\"ListItem\",\"position\":2,\"name\":\"PL 3894\/2025 &#8211; Deputados\"}]},{\"@type\":\"WebSite\",\"@id\":\"https:\/\/www.legislapp.com.br\/#website\",\"url\":\"https:\/\/www.legislapp.com.br\/\",\"name\":\"Legislapp\",\"description\":\"Intelig\u00eancia governamental em tempo real\",\"publisher\":{\"@id\":\"https:\/\/www.legislapp.com.br\/#organization\"},\"potentialAction\":[{\"@type\":\"SearchAction\",\"target\":{\"@type\":\"EntryPoint\",\"urlTemplate\":\"https:\/\/www.legislapp.com.br\/?s={search_term_string}\"},\"query-input\":{\"@type\":\"PropertyValueSpecification\",\"valueRequired\":true,\"valueName\":\"search_term_string\"}}],\"inLanguage\":\"pt-BR\"},{\"@type\":\"Organization\",\"@id\":\"https:\/\/www.legislapp.com.br\/#organization\",\"name\":\"Legislapp Monitoramento e Intelig\u00eancia Governamental\",\"url\":\"https:\/\/www.legislapp.com.br\/\",\"logo\":{\"@type\":\"ImageObject\",\"inLanguage\":\"pt-BR\",\"@id\":\"https:\/\/www.legislapp.com.br\/#\/schema\/logo\/image\/\",\"url\":\"https:\/\/www.legislapp.com.br\/wp-content\/uploads\/icon.png\",\"contentUrl\":\"https:\/\/www.legislapp.com.br\/wp-content\/uploads\/icon.png\",\"width\":1024,\"height\":1024,\"caption\":\"Legislapp Monitoramento e Intelig\u00eancia Governamental\"},\"image\":{\"@id\":\"https:\/\/www.legislapp.com.br\/#\/schema\/logo\/image\/\"},\"sameAs\":[\"https:\/\/www.instagram.com\/legislapp\/\"]}]}<\/script>\n<!-- \/ Yoast SEO plugin. -->","yoast_head_json":{"title":"PL 3894\/2025 - Deputados - Legislapp","robots":{"index":"index","follow":"follow","max-snippet":"max-snippet:-1","max-image-preview":"max-image-preview:large","max-video-preview":"max-video-preview:-1"},"canonical":"https:\/\/www.legislapp.com.br\/index.php\/cam-legislativa-de-mg-pl-3894-2025\/","og_locale":"pt_BR","og_type":"article","og_title":"PL 3894\/2025 - Deputados - Legislapp","og_description":"C\u00e2m. Legislativa de MG &#8211; Autoria de Deputados Estabelece diretrizes para a oferta, na rede p\u00fablica estadual de sa\u00fade, de consultas m\u00e9dicas e terap\u00eauticas por videoconfer\u00eancia para pessoas com defici\u00eancia. Estabelece diretrizes para a oferta, na rede p\u00fablica estadual de sa\u00fade, de consultas m\u00e9dicas e terap\u00eauticas por videoconfer\u00eancia para pessoas com defici\u00eancia. A Assembleia Legislativa [&hellip;]","og_url":"https:\/\/www.legislapp.com.br\/index.php\/cam-legislativa-de-mg-pl-3894-2025\/","og_site_name":"Legislapp","article_publisher":"https:\/\/www.instagram.com\/legislapp\/","og_image":[{"url":"https:\/\/www.legislapp.com.br\/wp-content\/uploads\/google-play.png","type":"","width":"","height":""}],"twitter_card":"summary_large_image","twitter_misc":{"Est. tempo de leitura":"4 minutos"},"schema":{"@context":"https:\/\/schema.org","@graph":[{"@type":"WebPage","@id":"https:\/\/www.legislapp.com.br\/index.php\/cam-legislativa-de-mg-pl-3894-2025\/","url":"https:\/\/www.legislapp.com.br\/index.php\/cam-legislativa-de-mg-pl-3894-2025\/","name":"PL 3894\/2025 - Deputados - Legislapp","isPartOf":{"@id":"https:\/\/www.legislapp.com.br\/#website"},"primaryImageOfPage":{"@id":"https:\/\/www.legislapp.com.br\/index.php\/cam-legislativa-de-mg-pl-3894-2025\/#primaryimage"},"image":{"@id":"https:\/\/www.legislapp.com.br\/index.php\/cam-legislativa-de-mg-pl-3894-2025\/#primaryimage"},"thumbnailUrl":"https:\/\/www.legislapp.com.br\/wp-content\/uploads\/google-play.png","datePublished":"2025-06-25T13:29:19+00:00","breadcrumb":{"@id":"https:\/\/www.legislapp.com.br\/index.php\/cam-legislativa-de-mg-pl-3894-2025\/#breadcrumb"},"inLanguage":"pt-BR","potentialAction":[{"@type":"ReadAction","target":["https:\/\/www.legislapp.com.br\/index.php\/cam-legislativa-de-mg-pl-3894-2025\/"]}]},{"@type":"ImageObject","inLanguage":"pt-BR","@id":"https:\/\/www.legislapp.com.br\/index.php\/cam-legislativa-de-mg-pl-3894-2025\/#primaryimage","url":"https:\/\/www.legislapp.com.br\/wp-content\/uploads\/google-play.png","contentUrl":"https:\/\/www.legislapp.com.br\/wp-content\/uploads\/google-play.png","width":564,"height":168},{"@type":"BreadcrumbList","@id":"https:\/\/www.legislapp.com.br\/index.php\/cam-legislativa-de-mg-pl-3894-2025\/#breadcrumb","itemListElement":[{"@type":"ListItem","position":1,"name":"In\u00edcio","item":"https:\/\/www.legislapp.com.br\/"},{"@type":"ListItem","position":2,"name":"PL 3894\/2025 &#8211; Deputados"}]},{"@type":"WebSite","@id":"https:\/\/www.legislapp.com.br\/#website","url":"https:\/\/www.legislapp.com.br\/","name":"Legislapp","description":"Intelig\u00eancia governamental em tempo real","publisher":{"@id":"https:\/\/www.legislapp.com.br\/#organization"},"potentialAction":[{"@type":"SearchAction","target":{"@type":"EntryPoint","urlTemplate":"https:\/\/www.legislapp.com.br\/?s={search_term_string}"},"query-input":{"@type":"PropertyValueSpecification","valueRequired":true,"valueName":"search_term_string"}}],"inLanguage":"pt-BR"},{"@type":"Organization","@id":"https:\/\/www.legislapp.com.br\/#organization","name":"Legislapp Monitoramento e Intelig\u00eancia Governamental","url":"https:\/\/www.legislapp.com.br\/","logo":{"@type":"ImageObject","inLanguage":"pt-BR","@id":"https:\/\/www.legislapp.com.br\/#\/schema\/logo\/image\/","url":"https:\/\/www.legislapp.com.br\/wp-content\/uploads\/icon.png","contentUrl":"https:\/\/www.legislapp.com.br\/wp-content\/uploads\/icon.png","width":1024,"height":1024,"caption":"Legislapp Monitoramento e Intelig\u00eancia Governamental"},"image":{"@id":"https:\/\/www.legislapp.com.br\/#\/schema\/logo\/image\/"},"sameAs":["https:\/\/www.instagram.com\/legislapp\/"]}]}},"_links":{"self":[{"href":"https:\/\/www.legislapp.com.br\/index.php\/wp-json\/wp\/v2\/pages\/6282","targetHints":{"allow":["GET"]}}],"collection":[{"href":"https:\/\/www.legislapp.com.br\/index.php\/wp-json\/wp\/v2\/pages"}],"about":[{"href":"https:\/\/www.legislapp.com.br\/index.php\/wp-json\/wp\/v2\/types\/page"}],"author":[{"embeddable":true,"href":"https:\/\/www.legislapp.com.br\/index.php\/wp-json\/wp\/v2\/users\/1"}],"replies":[{"embeddable":true,"href":"https:\/\/www.legislapp.com.br\/index.php\/wp-json\/wp\/v2\/comments?post=6282"}],"version-history":[{"count":0,"href":"https:\/\/www.legislapp.com.br\/index.php\/wp-json\/wp\/v2\/pages\/6282\/revisions"}],"wp:attachment":[{"href":"https:\/\/www.legislapp.com.br\/index.php\/wp-json\/wp\/v2\/media?parent=6282"}],"curies":[{"name":"wp","href":"https:\/\/api.w.org\/{rel}","templated":true}]}}