{"id":6286,"date":"2025-06-25T10:29:31","date_gmt":"2025-06-25T13:29:31","guid":{"rendered":"https:\/\/www.legislapp.com.br\/index.php\/cam-legislativa-de-sc-pl-0319-2025\/"},"modified":"2025-06-25T10:29:31","modified_gmt":"2025-06-25T13:29:31","slug":"cam-legislativa-de-sc-pl-0319-2025","status":"publish","type":"page","link":"https:\/\/www.legislapp.com.br\/index.php\/cam-legislativa-de-sc-pl-0319-2025\/","title":{"rendered":"PL.\/0319\/2025 &#8211; Thiago Morastoni"},"content":{"rendered":"<h1 style='text-align: center;'>C\u00e2m. Legislativa de SC &#8211; Autoria de Thiago Morastoni<\/h3>\n<p><\/p>\n<article style='text-align: center'>Institui a &#8220;Semana Estadual de Inova\u00e7\u00e3o e Empreendedorismo Jovem&#8221; no calend\u00e1rio oficial de eventos do Estado de Santa Catarina.<\/article>\n<p><\/p>\n<p style='text-align: center'><a href='https:\/\/app.legislapp.com.br\/#\/busca?termo='><\/a><\/p>\n<p><\/p>\n<article>ASSEMBLEIA LEGISLATIVA GABINETE DEPUTADO<br \/>\nESTADO DE SANTA CATARINA THIAGO MORASTONI<\/p>\n<p>PROJETO DE LEI<\/p>\n<p>Institui a &#8220;Semana Estadual de Inova\u00e7\u00e3o e<br \/>\nEmpreendedorismo Jovem&#8221; no calend\u00e1rio oficial de eventos<br \/>\ndo Estado de Santa Catarina.<\/p>\n<p>Art. 1\u00ba Fica institu\u00edda, no calend\u00e1rio oficial de eventos do<br \/>\nEstado de Santa Catarina, a &#8220;Semana Estadual de Inova\u00e7\u00e3o e Empreendedorismo<br \/>\nJovem&#8221;, a ser celebrada anualmente na terceira semana do m\u00eas de outubro.  <\/p>\n<p>Art. 2\u00ba A Semana Estadual de Inova\u00e7\u00e3o e Empreendedorismo<br \/>\nJovem tem como objetivos principais:<br \/>\nI &#8211; Estimular e disseminar a cultura empreendedora e de<br \/>\ninova\u00e7\u00e3o entre os jovens catarinenses, desde o ensino fundamental at\u00e9 o n\u00edvel<br \/>\nsuperior;<br \/>\nII &#8211; Promover a cria\u00e7\u00e3o de um ambiente favor\u00e1vel ao<br \/>\ndesenvolvimento de novas ideias e projetos liderados por jovens, incentivando a<br \/>\ncriatividade e a busca por solu\u00e7\u00f5es inovadoras;<br \/>\nIII &#8211; Facilitar a intera\u00e7\u00e3o entre jovens empreendedores,<br \/>\nmentores, investidores, empresas e institui\u00e7\u00f5es de apoio ao empreendedorismo e \u00e0<br \/>\ninova\u00e7\u00e3o;<br \/>\nIV &#8211; Divulgar e dar visibilidade a casos de sucesso de<br \/>\njovens empreendedores em Santa Catarina, servindo de inspira\u00e7\u00e3o para novas<br \/>\ngera\u00e7\u00f5es;<br \/>\nV &#8211; Fomentar a conex\u00e3o entre o ambiente acad\u00eamico e o<br \/>\nmercado de trabalho, incentivando a aplica\u00e7\u00e3o pr\u00e1tica do conhecimento e o<br \/>\ndesenvolvimento de habilidades empreendedoras.  <\/p>\n<p>Art. 3\u00ba Durante a Semana Estadual de Inova\u00e7\u00e3o e<br \/>\nEmpreendedorismo Jovem, poder\u00e3o ser realizados, em todo o territ\u00f3rio catarinense,<br \/>\neventos como:<br \/>\nI &#8211; Feiras de inova\u00e7\u00e3o e tecnologia;<br \/>\nII &#8211; Hackathons e maratonas de desenvolvimento de<br \/>\nsolu\u00e7\u00f5es;<br \/>\nIII &#8211; Workshops, palestras e oficinas sobre<br \/>\nempreendedorismo, gest\u00e3o, marketing digital, finan\u00e7as e outras \u00e1reas correlatas;<br \/>\nIV &#8211; Competi\u00e7\u00f5es de ideias e projetos inovadores;<br \/>\nV &#8211; Rodadas de neg\u00f3cios e mentorias especializadas;<br \/>\nVI &#8211; Exposi\u00e7\u00f5es de startups e empresas jovens.  <\/p>\n<p>Art. 4\u00ba O Anexo \u00danico da Lei n\u00ba 18.531, de 5 de dezembro de<br \/>\n2022, passa a vigorar com a altera\u00e7\u00e3o constante do Anexo \u00danico desta Lei. <\/p>\n<p>Art. 5\u00ba Esta Lei entra em vigor na data de sua publica\u00e7\u00e3o.<\/p>\n<p>Sala da Sess\u00f5es,     <\/p>\n<p>Deputado THIAGO MORASTONI<\/p>\n<p>\u201cANEXO \u00daNICO<br \/>\n(Altera o Anexo \u00danico da Lei n\u00ba 18.531, de 5 de dezembro de 2022)<\/p>\n<p>\u2018ANEXO \u00daNICO<br \/>\nCALEND\u00c1RIO OFICIAL DO ESTADO DE SANTA CATARINA<br \/>\n&#8230;&#8230;&#8230;&#8230;&#8230;&#8230;&#8230;&#8230;&#8230;&#8230;&#8230;&#8230;&#8230;&#8230;&#8230;&#8230;&#8230;&#8230;&#8230;&#8230;&#8230;&#8230;&#8230;&#8230;&#8230;&#8230;&#8230;&#8230;&#8230;&#8230;&#8230;&#8230;&#8230;&#8230;&#8230;&#8230;&#8230;&#8230;&#8230;&#8230;&#8230;&#8230;&#8230;&#8230;&#8230;&#8230;&#8230;..<\/p>\n<p>OUTUBRO &#8211; Semana Estadual de Inova\u00e7\u00e3o e Empreendedorismo Jovem<\/p>\n<p> &#8230;&#8230;&#8230;&#8230;&#8230;&#8230;&#8230;&#8230;&#8230;&#8230;&#8230;&#8230;&#8230;&#8230;&#8230;&#8230;&#8230;&#8230;&#8230;&#8230;&#8230;&#8230;&#8230;&#8230;&#8230;&#8230;&#8230;&#8230;&#8230;&#8230;&#8230;&#8230;&#8230;&#8230;&#8230;&#8230;&#8230;&#8230;&#8230;&#8230;&#8230;&#8230;&#8230;&#8230;&#8230;<br \/>\n\u2019\u201d(NR)JUSTIFICA\u00c7\u00c3O<\/p>\n<p>A inova\u00e7\u00e3o e o empreendedorismo s\u00e3o pilares fundamentais para o desenvolvimento<br \/>\necon\u00f4mico e social de qualquer na\u00e7\u00e3o. Em Santa Catarina, a valoriza\u00e7\u00e3o desses<br \/>\natributos, especialmente entre os jovens, \u00e9 crucial para a constru\u00e7\u00e3o de um futuro<br \/>\npr\u00f3spero e competitivo. O presente Projeto de Lei, ao instituir a &#8220;Semana Estadual de<br \/>\nInova\u00e7\u00e3o e Empreendedorismo Jovem&#8221;, busca formalizar e fortalecer a\u00e7\u00f5es que<br \/>\nestimulem essa cultura em todo o Estado.<\/p>\n<p>A cria\u00e7\u00e3o de uma semana oficial no calend\u00e1rio catarinense, dedicada exclusivamente a<br \/>\neste tema e fixada na terceira semana de outubro, oferece um per\u00edodo concentrado<br \/>\npara a realiza\u00e7\u00e3o de eventos, feiras, hackathons e workshops que engajem a<br \/>\njuventude. Essa iniciativa visa proporcionar um ambiente din\u00e2mico e inspirador onde os<br \/>\njovens possam apresentar suas ideias, aprender com especialistas, desenvolver<br \/>\nprojetos, conectar-se com o mercado e com potenciais investidores.<\/p>\n<p>Trata-se de um projeto de car\u00e1ter declarat\u00f3rio, ou seja, ele reconhece e organiza um<br \/>\nesfor\u00e7o que j\u00e1 pode estar em andamento ou que ser\u00e1 incentivado. N\u00e3o h\u00e1 previs\u00e3o de<br \/>\ndespesas extras para o Poder P\u00fablico, pois a execu\u00e7\u00e3o das atividades poder\u00e1 contar<br \/>\ncom os recursos existentes das secretarias e \u00f3rg\u00e3os envolvidos, bem como com a<br \/>\nessencial participa\u00e7\u00e3o e patroc\u00ednio da iniciativa privada, universidades, escolas e<br \/>\nentidades da sociedade civil.<\/p>\n<p>A promo\u00e7\u00e3o da cultura empreendedora desde cedo \u00e9 vital para que os jovens<br \/>\ndesenvolvam habilidades como criatividade, resili\u00eancia, lideran\u00e7a e capacidade de<br \/>\nresolu\u00e7\u00e3o de problemas. Essas compet\u00eancias s\u00e3o valiosas tanto para aqueles que<br \/>\ndesejam criar seus pr\u00f3prios neg\u00f3cios quanto para os que ingressar\u00e3o no mercado de<br \/>\ntrabalho tradicional, tornando-os profissionais mais completos e adapt\u00e1veis.<\/p>\n<p>Ao concentrar esfor\u00e7os e recursos durante uma semana espec\u00edfica, o Estado de Santa<br \/>\nCatarina envia uma mensagem clara sobre a import\u00e2ncia que atribui \u00e0 inova\u00e7\u00e3o e ao<br \/>\nempreendedorismo jovem, inspirando mais talentos e fortalecendo o ecossistema de<br \/>\nstartups e empresas de base tecnol\u00f3gica que j\u00e1 \u00e9 um orgulho para o nosso Estado.<\/p>\n<p>Por essas raz\u00f5es, e visando estimular a cultura empreendedora e inovadora em<br \/>\nSanta Catarina, conto com o apoio dos nobres colegas para a aprova\u00e7\u00e3o deste Projeto<br \/>\nde Lei.<br \/>\nELEGIS<br \/>\nDocumento assinado eletronicamente por Thiago da Silva<br \/>\nSistema de Processo<br \/>\nMorastoni, em 02\/06\/2025, \u00e0s 08:45.<br \/>\nLegislativo Eletr\u00f4nico<\/article>\n<div style=\"text-align: center\">\n<div style=\"margin-bottom: 20px;\" class=\"et_pb_button_module_wrapper et_pb_button_5_tb_body_wrapper et_pb_button_alignment_center et_pb_module \">\n         <a class=\"et_pb_button et_pb_button_5_tb_body et_hover_enabled et_pb_bg_layout_dark\" style=\"width: 50%;background-color: black;\" href=\"https:\/\/app.legislapp.com.br\" target=\"_blank\" rel=\"noopener\">Visualizar completo na nossa plataforma (30 dias gr\u00e1tis)<\/a><\/p><\/div>\n<p>      <a href=\"https:\/\/play.google.com\/store\/apps\/details?id=br.com.legislapp\"><img decoding=\"async\" style=\"width: 15%; min-width: 130px;\" src=\"https:\/\/www.legislapp.com.br\/wp-content\/uploads\/google-play.png\"><\/a><br \/>\n      <a href=\"https:\/\/apps.apple.com\/us\/app\/legislapp\/id1568929859\"><img decoding=\"async\" style=\"width: 15%; min-width: 130px\" src=\"https:\/\/www.legislapp.com.br\/wp-content\/uploads\/apple-store.png\"><\/a>\n   <\/div>\n","protected":false},"excerpt":{"rendered":"<p>C\u00e2m. Legislativa de SC &#8211; Autoria de Thiago Morastoni Institui a &#8220;Semana Estadual de Inova\u00e7\u00e3o e Empreendedorismo Jovem&#8221; no calend\u00e1rio oficial de eventos do Estado de Santa Catarina. ASSEMBLEIA LEGISLATIVA GABINETE DEPUTADO ESTADO DE SANTA CATARINA THIAGO MORASTONI PROJETO DE LEI Institui a &#8220;Semana Estadual de Inova\u00e7\u00e3o e Empreendedorismo Jovem&#8221; no calend\u00e1rio oficial de eventos [&hellip;]<\/p>\n","protected":false},"author":1,"featured_media":0,"parent":0,"menu_order":0,"comment_status":"closed","ping_status":"closed","template":"page-template-blank.php","meta":{"_et_pb_use_builder":"","_et_pb_old_content":"","_et_gb_content_width":"1080","ngg_post_thumbnail":0,"footnotes":""},"class_list":["post-6286","page","type-page","status-publish","hentry"],"yoast_head":"<!-- This site is optimized with the Yoast SEO plugin v24.4 - https:\/\/yoast.com\/wordpress\/plugins\/seo\/ -->\n<title>PL.\/0319\/2025 - Thiago Morastoni - Legislapp<\/title>\n<meta name=\"robots\" content=\"index, follow, max-snippet:-1, max-image-preview:large, max-video-preview:-1\" \/>\n<link rel=\"canonical\" href=\"https:\/\/www.legislapp.com.br\/index.php\/cam-legislativa-de-sc-pl-0319-2025\/\" \/>\n<meta property=\"og:locale\" content=\"pt_BR\" \/>\n<meta property=\"og:type\" content=\"article\" \/>\n<meta property=\"og:title\" content=\"PL.\/0319\/2025 - Thiago Morastoni - Legislapp\" \/>\n<meta property=\"og:description\" content=\"C\u00e2m. Legislativa de SC &#8211; Autoria de Thiago Morastoni Institui a &#8220;Semana Estadual de Inova\u00e7\u00e3o e Empreendedorismo Jovem&#8221; no calend\u00e1rio oficial de eventos do Estado de Santa Catarina. ASSEMBLEIA LEGISLATIVA GABINETE DEPUTADO ESTADO DE SANTA CATARINA THIAGO MORASTONI PROJETO DE LEI Institui a &#8220;Semana Estadual de Inova\u00e7\u00e3o e Empreendedorismo Jovem&#8221; no calend\u00e1rio oficial de eventos [&hellip;]\" \/>\n<meta property=\"og:url\" content=\"https:\/\/www.legislapp.com.br\/index.php\/cam-legislativa-de-sc-pl-0319-2025\/\" \/>\n<meta property=\"og:site_name\" content=\"Legislapp\" \/>\n<meta property=\"article:publisher\" content=\"https:\/\/www.instagram.com\/legislapp\/\" \/>\n<meta property=\"og:image\" content=\"https:\/\/www.legislapp.com.br\/wp-content\/uploads\/google-play.png\" \/>\n<meta name=\"twitter:card\" content=\"summary_large_image\" \/>\n<meta name=\"twitter:label1\" content=\"Est. tempo de leitura\" \/>\n\t<meta name=\"twitter:data1\" content=\"4 minutos\" \/>\n<script type=\"application\/ld+json\" class=\"yoast-schema-graph\">{\"@context\":\"https:\/\/schema.org\",\"@graph\":[{\"@type\":\"WebPage\",\"@id\":\"https:\/\/www.legislapp.com.br\/index.php\/cam-legislativa-de-sc-pl-0319-2025\/\",\"url\":\"https:\/\/www.legislapp.com.br\/index.php\/cam-legislativa-de-sc-pl-0319-2025\/\",\"name\":\"PL.\/0319\/2025 - Thiago Morastoni - Legislapp\",\"isPartOf\":{\"@id\":\"https:\/\/www.legislapp.com.br\/#website\"},\"primaryImageOfPage\":{\"@id\":\"https:\/\/www.legislapp.com.br\/index.php\/cam-legislativa-de-sc-pl-0319-2025\/#primaryimage\"},\"image\":{\"@id\":\"https:\/\/www.legislapp.com.br\/index.php\/cam-legislativa-de-sc-pl-0319-2025\/#primaryimage\"},\"thumbnailUrl\":\"https:\/\/www.legislapp.com.br\/wp-content\/uploads\/google-play.png\",\"datePublished\":\"2025-06-25T13:29:31+00:00\",\"breadcrumb\":{\"@id\":\"https:\/\/www.legislapp.com.br\/index.php\/cam-legislativa-de-sc-pl-0319-2025\/#breadcrumb\"},\"inLanguage\":\"pt-BR\",\"potentialAction\":[{\"@type\":\"ReadAction\",\"target\":[\"https:\/\/www.legislapp.com.br\/index.php\/cam-legislativa-de-sc-pl-0319-2025\/\"]}]},{\"@type\":\"ImageObject\",\"inLanguage\":\"pt-BR\",\"@id\":\"https:\/\/www.legislapp.com.br\/index.php\/cam-legislativa-de-sc-pl-0319-2025\/#primaryimage\",\"url\":\"https:\/\/www.legislapp.com.br\/wp-content\/uploads\/google-play.png\",\"contentUrl\":\"https:\/\/www.legislapp.com.br\/wp-content\/uploads\/google-play.png\",\"width\":564,\"height\":168},{\"@type\":\"BreadcrumbList\",\"@id\":\"https:\/\/www.legislapp.com.br\/index.php\/cam-legislativa-de-sc-pl-0319-2025\/#breadcrumb\",\"itemListElement\":[{\"@type\":\"ListItem\",\"position\":1,\"name\":\"In\u00edcio\",\"item\":\"https:\/\/www.legislapp.com.br\/\"},{\"@type\":\"ListItem\",\"position\":2,\"name\":\"PL.\/0319\/2025 &#8211; Thiago Morastoni\"}]},{\"@type\":\"WebSite\",\"@id\":\"https:\/\/www.legislapp.com.br\/#website\",\"url\":\"https:\/\/www.legislapp.com.br\/\",\"name\":\"Legislapp\",\"description\":\"Intelig\u00eancia governamental em tempo real\",\"publisher\":{\"@id\":\"https:\/\/www.legislapp.com.br\/#organization\"},\"potentialAction\":[{\"@type\":\"SearchAction\",\"target\":{\"@type\":\"EntryPoint\",\"urlTemplate\":\"https:\/\/www.legislapp.com.br\/?s={search_term_string}\"},\"query-input\":{\"@type\":\"PropertyValueSpecification\",\"valueRequired\":true,\"valueName\":\"search_term_string\"}}],\"inLanguage\":\"pt-BR\"},{\"@type\":\"Organization\",\"@id\":\"https:\/\/www.legislapp.com.br\/#organization\",\"name\":\"Legislapp Monitoramento e Intelig\u00eancia Governamental\",\"url\":\"https:\/\/www.legislapp.com.br\/\",\"logo\":{\"@type\":\"ImageObject\",\"inLanguage\":\"pt-BR\",\"@id\":\"https:\/\/www.legislapp.com.br\/#\/schema\/logo\/image\/\",\"url\":\"https:\/\/www.legislapp.com.br\/wp-content\/uploads\/icon.png\",\"contentUrl\":\"https:\/\/www.legislapp.com.br\/wp-content\/uploads\/icon.png\",\"width\":1024,\"height\":1024,\"caption\":\"Legislapp Monitoramento e Intelig\u00eancia Governamental\"},\"image\":{\"@id\":\"https:\/\/www.legislapp.com.br\/#\/schema\/logo\/image\/\"},\"sameAs\":[\"https:\/\/www.instagram.com\/legislapp\/\"]}]}<\/script>\n<!-- \/ Yoast SEO plugin. -->","yoast_head_json":{"title":"PL.\/0319\/2025 - Thiago Morastoni - Legislapp","robots":{"index":"index","follow":"follow","max-snippet":"max-snippet:-1","max-image-preview":"max-image-preview:large","max-video-preview":"max-video-preview:-1"},"canonical":"https:\/\/www.legislapp.com.br\/index.php\/cam-legislativa-de-sc-pl-0319-2025\/","og_locale":"pt_BR","og_type":"article","og_title":"PL.\/0319\/2025 - Thiago Morastoni - Legislapp","og_description":"C\u00e2m. Legislativa de SC &#8211; Autoria de Thiago Morastoni Institui a &#8220;Semana Estadual de Inova\u00e7\u00e3o e Empreendedorismo Jovem&#8221; no calend\u00e1rio oficial de eventos do Estado de Santa Catarina. ASSEMBLEIA LEGISLATIVA GABINETE DEPUTADO ESTADO DE SANTA CATARINA THIAGO MORASTONI PROJETO DE LEI Institui a &#8220;Semana Estadual de Inova\u00e7\u00e3o e Empreendedorismo Jovem&#8221; no calend\u00e1rio oficial de eventos [&hellip;]","og_url":"https:\/\/www.legislapp.com.br\/index.php\/cam-legislativa-de-sc-pl-0319-2025\/","og_site_name":"Legislapp","article_publisher":"https:\/\/www.instagram.com\/legislapp\/","og_image":[{"url":"https:\/\/www.legislapp.com.br\/wp-content\/uploads\/google-play.png","type":"","width":"","height":""}],"twitter_card":"summary_large_image","twitter_misc":{"Est. tempo de leitura":"4 minutos"},"schema":{"@context":"https:\/\/schema.org","@graph":[{"@type":"WebPage","@id":"https:\/\/www.legislapp.com.br\/index.php\/cam-legislativa-de-sc-pl-0319-2025\/","url":"https:\/\/www.legislapp.com.br\/index.php\/cam-legislativa-de-sc-pl-0319-2025\/","name":"PL.\/0319\/2025 - Thiago Morastoni - Legislapp","isPartOf":{"@id":"https:\/\/www.legislapp.com.br\/#website"},"primaryImageOfPage":{"@id":"https:\/\/www.legislapp.com.br\/index.php\/cam-legislativa-de-sc-pl-0319-2025\/#primaryimage"},"image":{"@id":"https:\/\/www.legislapp.com.br\/index.php\/cam-legislativa-de-sc-pl-0319-2025\/#primaryimage"},"thumbnailUrl":"https:\/\/www.legislapp.com.br\/wp-content\/uploads\/google-play.png","datePublished":"2025-06-25T13:29:31+00:00","breadcrumb":{"@id":"https:\/\/www.legislapp.com.br\/index.php\/cam-legislativa-de-sc-pl-0319-2025\/#breadcrumb"},"inLanguage":"pt-BR","potentialAction":[{"@type":"ReadAction","target":["https:\/\/www.legislapp.com.br\/index.php\/cam-legislativa-de-sc-pl-0319-2025\/"]}]},{"@type":"ImageObject","inLanguage":"pt-BR","@id":"https:\/\/www.legislapp.com.br\/index.php\/cam-legislativa-de-sc-pl-0319-2025\/#primaryimage","url":"https:\/\/www.legislapp.com.br\/wp-content\/uploads\/google-play.png","contentUrl":"https:\/\/www.legislapp.com.br\/wp-content\/uploads\/google-play.png","width":564,"height":168},{"@type":"BreadcrumbList","@id":"https:\/\/www.legislapp.com.br\/index.php\/cam-legislativa-de-sc-pl-0319-2025\/#breadcrumb","itemListElement":[{"@type":"ListItem","position":1,"name":"In\u00edcio","item":"https:\/\/www.legislapp.com.br\/"},{"@type":"ListItem","position":2,"name":"PL.\/0319\/2025 &#8211; Thiago Morastoni"}]},{"@type":"WebSite","@id":"https:\/\/www.legislapp.com.br\/#website","url":"https:\/\/www.legislapp.com.br\/","name":"Legislapp","description":"Intelig\u00eancia governamental em tempo real","publisher":{"@id":"https:\/\/www.legislapp.com.br\/#organization"},"potentialAction":[{"@type":"SearchAction","target":{"@type":"EntryPoint","urlTemplate":"https:\/\/www.legislapp.com.br\/?s={search_term_string}"},"query-input":{"@type":"PropertyValueSpecification","valueRequired":true,"valueName":"search_term_string"}}],"inLanguage":"pt-BR"},{"@type":"Organization","@id":"https:\/\/www.legislapp.com.br\/#organization","name":"Legislapp Monitoramento e Intelig\u00eancia Governamental","url":"https:\/\/www.legislapp.com.br\/","logo":{"@type":"ImageObject","inLanguage":"pt-BR","@id":"https:\/\/www.legislapp.com.br\/#\/schema\/logo\/image\/","url":"https:\/\/www.legislapp.com.br\/wp-content\/uploads\/icon.png","contentUrl":"https:\/\/www.legislapp.com.br\/wp-content\/uploads\/icon.png","width":1024,"height":1024,"caption":"Legislapp Monitoramento e Intelig\u00eancia Governamental"},"image":{"@id":"https:\/\/www.legislapp.com.br\/#\/schema\/logo\/image\/"},"sameAs":["https:\/\/www.instagram.com\/legislapp\/"]}]}},"_links":{"self":[{"href":"https:\/\/www.legislapp.com.br\/index.php\/wp-json\/wp\/v2\/pages\/6286","targetHints":{"allow":["GET"]}}],"collection":[{"href":"https:\/\/www.legislapp.com.br\/index.php\/wp-json\/wp\/v2\/pages"}],"about":[{"href":"https:\/\/www.legislapp.com.br\/index.php\/wp-json\/wp\/v2\/types\/page"}],"author":[{"embeddable":true,"href":"https:\/\/www.legislapp.com.br\/index.php\/wp-json\/wp\/v2\/users\/1"}],"replies":[{"embeddable":true,"href":"https:\/\/www.legislapp.com.br\/index.php\/wp-json\/wp\/v2\/comments?post=6286"}],"version-history":[{"count":0,"href":"https:\/\/www.legislapp.com.br\/index.php\/wp-json\/wp\/v2\/pages\/6286\/revisions"}],"wp:attachment":[{"href":"https:\/\/www.legislapp.com.br\/index.php\/wp-json\/wp\/v2\/media?parent=6286"}],"curies":[{"name":"wp","href":"https:\/\/api.w.org\/{rel}","templated":true}]}}