{"id":6302,"date":"2025-06-25T10:30:20","date_gmt":"2025-06-25T13:30:20","guid":{"rendered":"https:\/\/www.legislapp.com.br\/index.php\/cam-legislativa-de-mg-pl-3914-2025\/"},"modified":"2025-06-25T10:30:20","modified_gmt":"2025-06-25T13:30:20","slug":"cam-legislativa-de-mg-pl-3914-2025","status":"publish","type":"page","link":"https:\/\/www.legislapp.com.br\/index.php\/cam-legislativa-de-mg-pl-3914-2025\/","title":{"rendered":"PL 3914\/2025 &#8211; Deputados"},"content":{"rendered":"<h1 style='text-align: center;'>C\u00e2m. Legislativa de MG &#8211; Autoria de Deputados<\/h3>\n<p><\/p>\n<article style='text-align: center'>Altera a Lei 21121, de 3 de janeiro de 2014, que assegura ao idoso e<br \/>\n\u00e0 pessoa com defici\u00eancia gratuidade no servi\u00e7o intermunicipal de<br \/>\ntransporte coletivo de passageiros, para estender o benef\u00edcio ao<br \/>\nrepresentante legal da pessoa com defici\u00eancia, mesmo desacompanhado, nas<br \/>\nhip\u00f3teses que especifica.<\/article>\n<p><\/p>\n<p style='text-align: center'><a href='https:\/\/app.legislapp.com.br\/#\/busca?termo='><\/a><\/p>\n<p><\/p>\n<article>Altera a Lei n\u00ba 21.121, de 3 de janeiro de 2014, que assegura ao idoso e \u00e0 pessoa com defici\u00eancia gratuidade no servi\u00e7o intermunicipal de transporte coletivo de passageiros, para estender o benef\u00edcio ao representante legal da pessoa com defici\u00eancia, mesmo desacompanhado, nas hip\u00f3teses que especifica.<br \/>\nA Assembleia Legislativa do Estado de Minas Gerais decreta:<br \/>\nArt. 1\u00ba \u2013 O art. 1\u00ba da Lei n\u00ba 21.121, de 3 de janeiro de 2014, passa a vigorar acrescido dos seguintes \u00a7\u00a7 2\u00ba e 3\u00ba, renumerando-se o par\u00e1grafo \u00fanico como \u00a7 1\u00ba:<br \/>\n\u201cArt. 1\u00ba \u2013 (\u2026)<br \/>\n\u00a7 1\u00ba \u2013 A gratuidade a que se refere o caput destina-se a idoso com idade acima de 65 anos e pessoa com defici\u00eancia que tenham renda individual inferior a dois sal\u00e1rios-m\u00ednimos e limita-se a dois assentos por viagem, disponibilizados pelo crit\u00e9rio exclusivo de preced\u00eancia na solicita\u00e7\u00e3o da reserva.<br \/>\n\u00a7 2\u00ba \u2013 A gratuidade prevista no caput estende-se ao representante legal da pessoa com defici\u00eancia, mesmo que desacompanhado desta, desde que o deslocamento seja necess\u00e1rio para a pr\u00e1tica de atos que visem proteger ou garantir direitos da pessoa com defici\u00eancia, tais como consultas m\u00e9dicas, tratamentos de sa\u00fade, atendimento educacional, busca de benef\u00edcios sociais ou cumprimento de obriga\u00e7\u00f5es legais diretamente relacionadas \u00e0 pessoa com defici\u00eancia.<br \/>\n\u00a7 3\u00ba \u2013 Ato do Poder Executivo regulamentar\u00e1 a forma de comprova\u00e7\u00e3o do v\u00ednculo de representante legal e a necessidade do deslocamento previsto no \u00a7 2\u00ba.\u201d.<br \/>\nArt. 2\u00ba \u2013 Esta lei entra em vigor na data de sua publica\u00e7\u00e3o.<br \/>\nSala das Reuni\u00f5es, 9 de junho de 2025.<br \/>\nProfessor Wendel Mesquita (Solidariedade)<br \/>\nJustifica\u00e7\u00e3o: A proposta de altera\u00e7\u00e3o da Lei n\u00ba 21.121, de 2014, tem como objetivo garantir maior efetividade aos direitos fundamentais das pessoas com defici\u00eancia, considerando a realidade cotidiana enfrentada por seus representantes legais \u2013 especialmente m\u00e3es, pais e tutores \u2013 que precisam se deslocar para resolver demandas diretamente relacionadas \u00e0 sa\u00fade, educa\u00e7\u00e3o, assist\u00eancia social e prote\u00e7\u00e3o jur\u00eddica da pessoa com defici\u00eancia.<br \/>\nA Constitui\u00e7\u00e3o Federal de 1988 assegura a dignidade da pessoa humana como fundamento da Rep\u00fablica, bem como estabelece a obriga\u00e7\u00e3o do Estado de proteger a pessoa com defici\u00eancia e promover sua inclus\u00e3o social. A Lei Brasileira de Inclus\u00e3o da Pessoa com Defici\u00eancia (Lei n\u00ba 13.146, de 2015) tamb\u00e9m refor\u00e7a o dever estatal de garantir pol\u00edticas p\u00fablicas e servi\u00e7os de apoio \u00e0 pessoa com defici\u00eancia e \u00e0 sua fam\u00edlia.<br \/>\nMuitas vezes, em raz\u00e3o da natureza da defici\u00eancia \u2013 como nos casos de autismo em grau severo \u2013, \u00e9 mais adequado, necess\u00e1rio e seguro que o representante legal se desloque sem a pessoa com defici\u00eancia para resolver situa\u00e7\u00f5es que afetam diretamente os seus direitos. Isso inclui consultas m\u00e9dicas preparat\u00f3rias, reuni\u00f5es em servi\u00e7os de assist\u00eancia social, comparecimento a \u00f3rg\u00e3os p\u00fablicos para garantir benef\u00edcios sociais, entre outras situa\u00e7\u00f5es.<br \/>\nAssim, ao incluir o representante legal da pessoa com defici\u00eancia, mesmo que desacompanhado desta, na gratuidade do transporte intermunicipal, a proposta busca viabilizar o pleno exerc\u00edcio da cidadania da pessoa com defici\u00eancia, garantindo que seus direitos sejam efetivados de forma mais ampla e humanizada.<br \/>\nAl\u00e9m disso, a regulamenta\u00e7\u00e3o por ato do Poder Executivo permitir\u00e1 o controle e a comprova\u00e7\u00e3o da necessidade do deslocamento, evitando abusos e assegurando o uso correto do benef\u00edcio.<br \/>\nPor todo o exposto, solicitamos o apoio dos nobres pares para a aprova\u00e7\u00e3o desta proposi\u00e7\u00e3o.<br \/>\n\u2013 Semelhante proposi\u00e7\u00e3o foi apresentada anteriormente pelo deputado Elismar Prado. Anexe-se ao Projeto de Lei n\u00ba 2.011\/2015, nos termos do \u00a7 2\u00ba do art. 173 do Regimento Interno.<\/article>\n<div style=\"text-align: center\">\n<div style=\"margin-bottom: 20px;\" class=\"et_pb_button_module_wrapper et_pb_button_5_tb_body_wrapper et_pb_button_alignment_center et_pb_module \">\n         <a class=\"et_pb_button et_pb_button_5_tb_body et_hover_enabled et_pb_bg_layout_dark\" style=\"width: 50%;background-color: black;\" href=\"https:\/\/app.legislapp.com.br\" target=\"_blank\" rel=\"noopener\">Visualizar completo na nossa plataforma (30 dias gr\u00e1tis)<\/a><\/p><\/div>\n<p>      <a href=\"https:\/\/play.google.com\/store\/apps\/details?id=br.com.legislapp\"><img decoding=\"async\" style=\"width: 15%; min-width: 130px;\" src=\"https:\/\/www.legislapp.com.br\/wp-content\/uploads\/google-play.png\"><\/a><br \/>\n      <a href=\"https:\/\/apps.apple.com\/us\/app\/legislapp\/id1568929859\"><img decoding=\"async\" style=\"width: 15%; min-width: 130px\" src=\"https:\/\/www.legislapp.com.br\/wp-content\/uploads\/apple-store.png\"><\/a>\n   <\/div>\n","protected":false},"excerpt":{"rendered":"<p>C\u00e2m. Legislativa de MG &#8211; Autoria de Deputados Altera a Lei 21121, de 3 de janeiro de 2014, que assegura ao idoso e \u00e0 pessoa com defici\u00eancia gratuidade no servi\u00e7o intermunicipal de transporte coletivo de passageiros, para estender o benef\u00edcio ao representante legal da pessoa com defici\u00eancia, mesmo desacompanhado, nas hip\u00f3teses que especifica. Altera a [&hellip;]<\/p>\n","protected":false},"author":1,"featured_media":0,"parent":0,"menu_order":0,"comment_status":"closed","ping_status":"closed","template":"page-template-blank.php","meta":{"_et_pb_use_builder":"","_et_pb_old_content":"","_et_gb_content_width":"1080","ngg_post_thumbnail":0,"footnotes":""},"class_list":["post-6302","page","type-page","status-publish","hentry"],"yoast_head":"<!-- This site is optimized with the Yoast SEO plugin v24.4 - https:\/\/yoast.com\/wordpress\/plugins\/seo\/ -->\n<title>PL 3914\/2025 - Deputados - Legislapp<\/title>\n<meta name=\"robots\" content=\"index, follow, max-snippet:-1, max-image-preview:large, max-video-preview:-1\" \/>\n<link rel=\"canonical\" href=\"https:\/\/www.legislapp.com.br\/index.php\/cam-legislativa-de-mg-pl-3914-2025\/\" \/>\n<meta property=\"og:locale\" content=\"pt_BR\" \/>\n<meta property=\"og:type\" content=\"article\" \/>\n<meta property=\"og:title\" content=\"PL 3914\/2025 - Deputados - Legislapp\" \/>\n<meta property=\"og:description\" content=\"C\u00e2m. Legislativa de MG &#8211; Autoria de Deputados Altera a Lei 21121, de 3 de janeiro de 2014, que assegura ao idoso e \u00e0 pessoa com defici\u00eancia gratuidade no servi\u00e7o intermunicipal de transporte coletivo de passageiros, para estender o benef\u00edcio ao representante legal da pessoa com defici\u00eancia, mesmo desacompanhado, nas hip\u00f3teses que especifica. Altera a [&hellip;]\" \/>\n<meta property=\"og:url\" content=\"https:\/\/www.legislapp.com.br\/index.php\/cam-legislativa-de-mg-pl-3914-2025\/\" \/>\n<meta property=\"og:site_name\" content=\"Legislapp\" \/>\n<meta property=\"article:publisher\" content=\"https:\/\/www.instagram.com\/legislapp\/\" \/>\n<meta property=\"og:image\" content=\"https:\/\/www.legislapp.com.br\/wp-content\/uploads\/google-play.png\" \/>\n<meta name=\"twitter:card\" content=\"summary_large_image\" \/>\n<meta name=\"twitter:label1\" content=\"Est. tempo de leitura\" \/>\n\t<meta name=\"twitter:data1\" content=\"3 minutos\" \/>\n<script type=\"application\/ld+json\" class=\"yoast-schema-graph\">{\"@context\":\"https:\/\/schema.org\",\"@graph\":[{\"@type\":\"WebPage\",\"@id\":\"https:\/\/www.legislapp.com.br\/index.php\/cam-legislativa-de-mg-pl-3914-2025\/\",\"url\":\"https:\/\/www.legislapp.com.br\/index.php\/cam-legislativa-de-mg-pl-3914-2025\/\",\"name\":\"PL 3914\/2025 - Deputados - Legislapp\",\"isPartOf\":{\"@id\":\"https:\/\/www.legislapp.com.br\/#website\"},\"primaryImageOfPage\":{\"@id\":\"https:\/\/www.legislapp.com.br\/index.php\/cam-legislativa-de-mg-pl-3914-2025\/#primaryimage\"},\"image\":{\"@id\":\"https:\/\/www.legislapp.com.br\/index.php\/cam-legislativa-de-mg-pl-3914-2025\/#primaryimage\"},\"thumbnailUrl\":\"https:\/\/www.legislapp.com.br\/wp-content\/uploads\/google-play.png\",\"datePublished\":\"2025-06-25T13:30:20+00:00\",\"breadcrumb\":{\"@id\":\"https:\/\/www.legislapp.com.br\/index.php\/cam-legislativa-de-mg-pl-3914-2025\/#breadcrumb\"},\"inLanguage\":\"pt-BR\",\"potentialAction\":[{\"@type\":\"ReadAction\",\"target\":[\"https:\/\/www.legislapp.com.br\/index.php\/cam-legislativa-de-mg-pl-3914-2025\/\"]}]},{\"@type\":\"ImageObject\",\"inLanguage\":\"pt-BR\",\"@id\":\"https:\/\/www.legislapp.com.br\/index.php\/cam-legislativa-de-mg-pl-3914-2025\/#primaryimage\",\"url\":\"https:\/\/www.legislapp.com.br\/wp-content\/uploads\/google-play.png\",\"contentUrl\":\"https:\/\/www.legislapp.com.br\/wp-content\/uploads\/google-play.png\",\"width\":564,\"height\":168},{\"@type\":\"BreadcrumbList\",\"@id\":\"https:\/\/www.legislapp.com.br\/index.php\/cam-legislativa-de-mg-pl-3914-2025\/#breadcrumb\",\"itemListElement\":[{\"@type\":\"ListItem\",\"position\":1,\"name\":\"In\u00edcio\",\"item\":\"https:\/\/www.legislapp.com.br\/\"},{\"@type\":\"ListItem\",\"position\":2,\"name\":\"PL 3914\/2025 &#8211; Deputados\"}]},{\"@type\":\"WebSite\",\"@id\":\"https:\/\/www.legislapp.com.br\/#website\",\"url\":\"https:\/\/www.legislapp.com.br\/\",\"name\":\"Legislapp\",\"description\":\"Intelig\u00eancia governamental em tempo real\",\"publisher\":{\"@id\":\"https:\/\/www.legislapp.com.br\/#organization\"},\"potentialAction\":[{\"@type\":\"SearchAction\",\"target\":{\"@type\":\"EntryPoint\",\"urlTemplate\":\"https:\/\/www.legislapp.com.br\/?s={search_term_string}\"},\"query-input\":{\"@type\":\"PropertyValueSpecification\",\"valueRequired\":true,\"valueName\":\"search_term_string\"}}],\"inLanguage\":\"pt-BR\"},{\"@type\":\"Organization\",\"@id\":\"https:\/\/www.legislapp.com.br\/#organization\",\"name\":\"Legislapp Monitoramento e Intelig\u00eancia Governamental\",\"url\":\"https:\/\/www.legislapp.com.br\/\",\"logo\":{\"@type\":\"ImageObject\",\"inLanguage\":\"pt-BR\",\"@id\":\"https:\/\/www.legislapp.com.br\/#\/schema\/logo\/image\/\",\"url\":\"https:\/\/www.legislapp.com.br\/wp-content\/uploads\/icon.png\",\"contentUrl\":\"https:\/\/www.legislapp.com.br\/wp-content\/uploads\/icon.png\",\"width\":1024,\"height\":1024,\"caption\":\"Legislapp Monitoramento e Intelig\u00eancia Governamental\"},\"image\":{\"@id\":\"https:\/\/www.legislapp.com.br\/#\/schema\/logo\/image\/\"},\"sameAs\":[\"https:\/\/www.instagram.com\/legislapp\/\"]}]}<\/script>\n<!-- \/ Yoast SEO plugin. -->","yoast_head_json":{"title":"PL 3914\/2025 - Deputados - Legislapp","robots":{"index":"index","follow":"follow","max-snippet":"max-snippet:-1","max-image-preview":"max-image-preview:large","max-video-preview":"max-video-preview:-1"},"canonical":"https:\/\/www.legislapp.com.br\/index.php\/cam-legislativa-de-mg-pl-3914-2025\/","og_locale":"pt_BR","og_type":"article","og_title":"PL 3914\/2025 - Deputados - Legislapp","og_description":"C\u00e2m. Legislativa de MG &#8211; Autoria de Deputados Altera a Lei 21121, de 3 de janeiro de 2014, que assegura ao idoso e \u00e0 pessoa com defici\u00eancia gratuidade no servi\u00e7o intermunicipal de transporte coletivo de passageiros, para estender o benef\u00edcio ao representante legal da pessoa com defici\u00eancia, mesmo desacompanhado, nas hip\u00f3teses que especifica. Altera a [&hellip;]","og_url":"https:\/\/www.legislapp.com.br\/index.php\/cam-legislativa-de-mg-pl-3914-2025\/","og_site_name":"Legislapp","article_publisher":"https:\/\/www.instagram.com\/legislapp\/","og_image":[{"url":"https:\/\/www.legislapp.com.br\/wp-content\/uploads\/google-play.png","type":"","width":"","height":""}],"twitter_card":"summary_large_image","twitter_misc":{"Est. tempo de leitura":"3 minutos"},"schema":{"@context":"https:\/\/schema.org","@graph":[{"@type":"WebPage","@id":"https:\/\/www.legislapp.com.br\/index.php\/cam-legislativa-de-mg-pl-3914-2025\/","url":"https:\/\/www.legislapp.com.br\/index.php\/cam-legislativa-de-mg-pl-3914-2025\/","name":"PL 3914\/2025 - Deputados - Legislapp","isPartOf":{"@id":"https:\/\/www.legislapp.com.br\/#website"},"primaryImageOfPage":{"@id":"https:\/\/www.legislapp.com.br\/index.php\/cam-legislativa-de-mg-pl-3914-2025\/#primaryimage"},"image":{"@id":"https:\/\/www.legislapp.com.br\/index.php\/cam-legislativa-de-mg-pl-3914-2025\/#primaryimage"},"thumbnailUrl":"https:\/\/www.legislapp.com.br\/wp-content\/uploads\/google-play.png","datePublished":"2025-06-25T13:30:20+00:00","breadcrumb":{"@id":"https:\/\/www.legislapp.com.br\/index.php\/cam-legislativa-de-mg-pl-3914-2025\/#breadcrumb"},"inLanguage":"pt-BR","potentialAction":[{"@type":"ReadAction","target":["https:\/\/www.legislapp.com.br\/index.php\/cam-legislativa-de-mg-pl-3914-2025\/"]}]},{"@type":"ImageObject","inLanguage":"pt-BR","@id":"https:\/\/www.legislapp.com.br\/index.php\/cam-legislativa-de-mg-pl-3914-2025\/#primaryimage","url":"https:\/\/www.legislapp.com.br\/wp-content\/uploads\/google-play.png","contentUrl":"https:\/\/www.legislapp.com.br\/wp-content\/uploads\/google-play.png","width":564,"height":168},{"@type":"BreadcrumbList","@id":"https:\/\/www.legislapp.com.br\/index.php\/cam-legislativa-de-mg-pl-3914-2025\/#breadcrumb","itemListElement":[{"@type":"ListItem","position":1,"name":"In\u00edcio","item":"https:\/\/www.legislapp.com.br\/"},{"@type":"ListItem","position":2,"name":"PL 3914\/2025 &#8211; Deputados"}]},{"@type":"WebSite","@id":"https:\/\/www.legislapp.com.br\/#website","url":"https:\/\/www.legislapp.com.br\/","name":"Legislapp","description":"Intelig\u00eancia governamental em tempo real","publisher":{"@id":"https:\/\/www.legislapp.com.br\/#organization"},"potentialAction":[{"@type":"SearchAction","target":{"@type":"EntryPoint","urlTemplate":"https:\/\/www.legislapp.com.br\/?s={search_term_string}"},"query-input":{"@type":"PropertyValueSpecification","valueRequired":true,"valueName":"search_term_string"}}],"inLanguage":"pt-BR"},{"@type":"Organization","@id":"https:\/\/www.legislapp.com.br\/#organization","name":"Legislapp Monitoramento e Intelig\u00eancia Governamental","url":"https:\/\/www.legislapp.com.br\/","logo":{"@type":"ImageObject","inLanguage":"pt-BR","@id":"https:\/\/www.legislapp.com.br\/#\/schema\/logo\/image\/","url":"https:\/\/www.legislapp.com.br\/wp-content\/uploads\/icon.png","contentUrl":"https:\/\/www.legislapp.com.br\/wp-content\/uploads\/icon.png","width":1024,"height":1024,"caption":"Legislapp Monitoramento e Intelig\u00eancia Governamental"},"image":{"@id":"https:\/\/www.legislapp.com.br\/#\/schema\/logo\/image\/"},"sameAs":["https:\/\/www.instagram.com\/legislapp\/"]}]}},"_links":{"self":[{"href":"https:\/\/www.legislapp.com.br\/index.php\/wp-json\/wp\/v2\/pages\/6302","targetHints":{"allow":["GET"]}}],"collection":[{"href":"https:\/\/www.legislapp.com.br\/index.php\/wp-json\/wp\/v2\/pages"}],"about":[{"href":"https:\/\/www.legislapp.com.br\/index.php\/wp-json\/wp\/v2\/types\/page"}],"author":[{"embeddable":true,"href":"https:\/\/www.legislapp.com.br\/index.php\/wp-json\/wp\/v2\/users\/1"}],"replies":[{"embeddable":true,"href":"https:\/\/www.legislapp.com.br\/index.php\/wp-json\/wp\/v2\/comments?post=6302"}],"version-history":[{"count":0,"href":"https:\/\/www.legislapp.com.br\/index.php\/wp-json\/wp\/v2\/pages\/6302\/revisions"}],"wp:attachment":[{"href":"https:\/\/www.legislapp.com.br\/index.php\/wp-json\/wp\/v2\/media?parent=6302"}],"curies":[{"name":"wp","href":"https:\/\/api.w.org\/{rel}","templated":true}]}}