{"id":6695,"date":"2025-09-17T10:37:24","date_gmt":"2025-09-17T13:37:24","guid":{"rendered":"https:\/\/www.legislapp.com.br\/index.php\/discurso-camara-8-13-2025-hildo-rocha-mdb-ma\/"},"modified":"2025-09-17T10:37:24","modified_gmt":"2025-09-17T13:37:24","slug":"discurso-camara-8-13-2025-hildo-rocha-mdb-ma","status":"publish","type":"page","link":"https:\/\/www.legislapp.com.br\/index.php\/discurso-camara-8-13-2025-hildo-rocha-mdb-ma\/","title":{"rendered":"Discurso de Hildo Rocha, MDB-MA"},"content":{"rendered":"<h1 style='text-align: center;'>Wednesday, August 13, 2025 &#8211; BREVES COMUNICA\u00c7\u00d5ES<\/h3>\n<p><\/p>\n<article>Sum\u00e1rio:&nbsp;O Deputado defendeu a aprova\u00e7\u00e3o de duas iniciativas consideradas fundamentais para os Munic\u00edpios e para a justi\u00e7a tribut\u00e1ria no Pa\u00eds: a Proposta de Emenda \u00e0 Constitui\u00e7\u00e3o n\u00ba 66, de 2023, que institui limite para o pagamento de precat\u00f3rios pelos Munic\u00edpios, abre novo prazo de parcelamento especial de d\u00e9bitos dos Munic\u00edpios com seus regimes pr\u00f3prios de previd\u00eancia social e com o Regime Geral de Previd\u00eancia Social, medidas que buscavam dar f\u00f4lego \u00e0s finan\u00e7as locais, especialmente em cidades pequenas e no Maranh\u00e3o, onde or\u00e7amentos restritos comprometiam investimentos em servi\u00e7os b\u00e1sicos; e o o Projeto de Lei n\u00ba 1.087, de 2025, que altera a legisla\u00e7\u00e3o do imposto sobre a renda para instituir a redu\u00e7\u00e3o do imposto devido nas bases de c\u00e1lculo mensal e anual e a tributa\u00e7\u00e3o m\u00ednima para as pessoas f\u00edsicas que auferem altas rendas, aprovado em Comiss\u00e3o Especial, isentando quem recebe at\u00e9 5 mil reais, reduzindo a carga para a classe m\u00e9dia e criando tributa\u00e7\u00e3o m\u00ednima para altas rendas. Por fim, destacou a Medida Provis\u00f3ria n\u00ba 1.309, de 2025, que institui, no \u00e2mbito do Poder Executivo Federal, o Plano Brasil Soberano e o Comit\u00ea de Acompanhamento das Rela\u00e7\u00f5es Comerciais com os Estados Unidos da Am\u00e9rica, altera a Lei n\u00ba 6.704, de 1979, a Lei n\u00ba 9.818, de 1999, a Lei n\u00ba 11.281, de 2006, a Lei n\u00ba 12.712, de 2012, a Lei n\u00ba 13.999, de 2020, e a Lei n\u00ba 14.042, de 2020, prevendo cr\u00e9dito e garantias para empresas exportadoras, em especial micro e pequenas, com o objetivo de ampliar mercados e estimular a economia nacional.<\/article>\n<p><\/p>\n<div style=\"text-align: center\">\n      <img decoding=\"async\" style=\"width: 14%;\" src=\"https:\/\/www.legislapp.com.br\/wp-content\/uploads\/2021\/07\/Logo-Legislapp-1-03-1.png\"><br \/>\n      <\/p>\n<div style=\"margin-bottom: 20px;\" class=\"et_pb_button_module_wrapper et_pb_button_5_tb_body_wrapper et_pb_button_alignment_center et_pb_module \">\n         <a class=\"et_pb_button et_pb_button_5_tb_body et_hover_enabled et_pb_bg_layout_dark\" style=\"width: 50%;background-color: black;\" href=\"https:\/\/app.legislapp.com.br\" target=\"_blank\" rel=\"noopener\">Visualizar completo na nossa plataforma (30 dias gr\u00e1tis)<\/a><\/p><\/div>\n<p>      <a href=\"https:\/\/play.google.com\/store\/apps\/details?id=br.com.legislapp\"><img decoding=\"async\" style=\"width: 15%; min-width: 130px;\" src=\"https:\/\/www.legislapp.com.br\/wp-content\/uploads\/google-play.png\"><\/a><br \/>\n      <a href=\"https:\/\/apps.apple.com\/us\/app\/legislapp\/id1568929859\"><img decoding=\"async\" style=\"width: 15%; min-width: 130px\" src=\"https:\/\/www.legislapp.com.br\/wp-content\/uploads\/apple-store.png\"><\/a>\n   <\/div>\n","protected":false},"excerpt":{"rendered":"<p>Wednesday, August 13, 2025 &#8211; BREVES COMUNICA\u00c7\u00d5ES Sum\u00e1rio:&nbsp;O Deputado defendeu a aprova\u00e7\u00e3o de duas iniciativas consideradas fundamentais para os Munic\u00edpios e para a justi\u00e7a tribut\u00e1ria no Pa\u00eds: a Proposta de Emenda \u00e0 Constitui\u00e7\u00e3o n\u00ba 66, de 2023, que institui limite para o pagamento de precat\u00f3rios pelos Munic\u00edpios, abre novo prazo de parcelamento especial de d\u00e9bitos [&hellip;]<\/p>\n","protected":false},"author":1,"featured_media":0,"parent":0,"menu_order":0,"comment_status":"closed","ping_status":"closed","template":"page-template-blank.php","meta":{"_et_pb_use_builder":"","_et_pb_old_content":"","_et_gb_content_width":"1080","ngg_post_thumbnail":0,"footnotes":""},"class_list":["post-6695","page","type-page","status-publish","hentry"],"yoast_head":"<!-- This site is optimized with the Yoast SEO plugin v24.4 - https:\/\/yoast.com\/wordpress\/plugins\/seo\/ -->\n<title>Discurso de Hildo Rocha, MDB-MA - Legislapp<\/title>\n<meta name=\"robots\" content=\"index, follow, max-snippet:-1, max-image-preview:large, max-video-preview:-1\" \/>\n<link rel=\"canonical\" href=\"https:\/\/www.legislapp.com.br\/index.php\/discurso-camara-8-13-2025-hildo-rocha-mdb-ma\/\" \/>\n<meta property=\"og:locale\" content=\"pt_BR\" \/>\n<meta property=\"og:type\" content=\"article\" \/>\n<meta property=\"og:title\" content=\"Discurso de Hildo Rocha, MDB-MA - Legislapp\" \/>\n<meta property=\"og:description\" content=\"Wednesday, August 13, 2025 &#8211; BREVES COMUNICA\u00c7\u00d5ES Sum\u00e1rio:&nbsp;O Deputado defendeu a aprova\u00e7\u00e3o de duas iniciativas consideradas fundamentais para os Munic\u00edpios e para a justi\u00e7a tribut\u00e1ria no Pa\u00eds: a Proposta de Emenda \u00e0 Constitui\u00e7\u00e3o n\u00ba 66, de 2023, que institui limite para o pagamento de precat\u00f3rios pelos Munic\u00edpios, abre novo prazo de parcelamento especial de d\u00e9bitos [&hellip;]\" \/>\n<meta property=\"og:url\" content=\"https:\/\/www.legislapp.com.br\/index.php\/discurso-camara-8-13-2025-hildo-rocha-mdb-ma\/\" \/>\n<meta property=\"og:site_name\" content=\"Legislapp\" \/>\n<meta property=\"article:publisher\" content=\"https:\/\/www.instagram.com\/legislapp\/\" \/>\n<meta property=\"og:image\" content=\"https:\/\/www.legislapp.com.br\/wp-content\/uploads\/2021\/07\/Logo-Legislapp-1-03-1.png\" \/>\n<meta name=\"twitter:card\" content=\"summary_large_image\" \/>\n<meta name=\"twitter:label1\" content=\"Est. tempo de leitura\" \/>\n\t<meta name=\"twitter:data1\" content=\"1 minuto\" \/>\n<script type=\"application\/ld+json\" class=\"yoast-schema-graph\">{\"@context\":\"https:\/\/schema.org\",\"@graph\":[{\"@type\":\"WebPage\",\"@id\":\"https:\/\/www.legislapp.com.br\/index.php\/discurso-camara-8-13-2025-hildo-rocha-mdb-ma\/\",\"url\":\"https:\/\/www.legislapp.com.br\/index.php\/discurso-camara-8-13-2025-hildo-rocha-mdb-ma\/\",\"name\":\"Discurso de Hildo Rocha, MDB-MA - Legislapp\",\"isPartOf\":{\"@id\":\"https:\/\/www.legislapp.com.br\/#website\"},\"primaryImageOfPage\":{\"@id\":\"https:\/\/www.legislapp.com.br\/index.php\/discurso-camara-8-13-2025-hildo-rocha-mdb-ma\/#primaryimage\"},\"image\":{\"@id\":\"https:\/\/www.legislapp.com.br\/index.php\/discurso-camara-8-13-2025-hildo-rocha-mdb-ma\/#primaryimage\"},\"thumbnailUrl\":\"https:\/\/www.legislapp.com.br\/wp-content\/uploads\/2021\/07\/Logo-Legislapp-1-03-1.png\",\"datePublished\":\"2025-09-17T13:37:24+00:00\",\"breadcrumb\":{\"@id\":\"https:\/\/www.legislapp.com.br\/index.php\/discurso-camara-8-13-2025-hildo-rocha-mdb-ma\/#breadcrumb\"},\"inLanguage\":\"pt-BR\",\"potentialAction\":[{\"@type\":\"ReadAction\",\"target\":[\"https:\/\/www.legislapp.com.br\/index.php\/discurso-camara-8-13-2025-hildo-rocha-mdb-ma\/\"]}]},{\"@type\":\"ImageObject\",\"inLanguage\":\"pt-BR\",\"@id\":\"https:\/\/www.legislapp.com.br\/index.php\/discurso-camara-8-13-2025-hildo-rocha-mdb-ma\/#primaryimage\",\"url\":\"https:\/\/www.legislapp.com.br\/wp-content\/uploads\/2021\/07\/Logo-Legislapp-1-03-1.png\",\"contentUrl\":\"https:\/\/www.legislapp.com.br\/wp-content\/uploads\/2021\/07\/Logo-Legislapp-1-03-1.png\",\"width\":2679,\"height\":2697},{\"@type\":\"BreadcrumbList\",\"@id\":\"https:\/\/www.legislapp.com.br\/index.php\/discurso-camara-8-13-2025-hildo-rocha-mdb-ma\/#breadcrumb\",\"itemListElement\":[{\"@type\":\"ListItem\",\"position\":1,\"name\":\"In\u00edcio\",\"item\":\"https:\/\/www.legislapp.com.br\/\"},{\"@type\":\"ListItem\",\"position\":2,\"name\":\"Discurso de Hildo Rocha, MDB-MA\"}]},{\"@type\":\"WebSite\",\"@id\":\"https:\/\/www.legislapp.com.br\/#website\",\"url\":\"https:\/\/www.legislapp.com.br\/\",\"name\":\"Legislapp\",\"description\":\"Intelig\u00eancia governamental em tempo real\",\"publisher\":{\"@id\":\"https:\/\/www.legislapp.com.br\/#organization\"},\"potentialAction\":[{\"@type\":\"SearchAction\",\"target\":{\"@type\":\"EntryPoint\",\"urlTemplate\":\"https:\/\/www.legislapp.com.br\/?s={search_term_string}\"},\"query-input\":{\"@type\":\"PropertyValueSpecification\",\"valueRequired\":true,\"valueName\":\"search_term_string\"}}],\"inLanguage\":\"pt-BR\"},{\"@type\":\"Organization\",\"@id\":\"https:\/\/www.legislapp.com.br\/#organization\",\"name\":\"Legislapp Monitoramento e Intelig\u00eancia Governamental\",\"url\":\"https:\/\/www.legislapp.com.br\/\",\"logo\":{\"@type\":\"ImageObject\",\"inLanguage\":\"pt-BR\",\"@id\":\"https:\/\/www.legislapp.com.br\/#\/schema\/logo\/image\/\",\"url\":\"https:\/\/www.legislapp.com.br\/wp-content\/uploads\/icon.png\",\"contentUrl\":\"https:\/\/www.legislapp.com.br\/wp-content\/uploads\/icon.png\",\"width\":1024,\"height\":1024,\"caption\":\"Legislapp Monitoramento e Intelig\u00eancia Governamental\"},\"image\":{\"@id\":\"https:\/\/www.legislapp.com.br\/#\/schema\/logo\/image\/\"},\"sameAs\":[\"https:\/\/www.instagram.com\/legislapp\/\"]}]}<\/script>\n<!-- \/ Yoast SEO plugin. -->","yoast_head_json":{"title":"Discurso de Hildo Rocha, MDB-MA - Legislapp","robots":{"index":"index","follow":"follow","max-snippet":"max-snippet:-1","max-image-preview":"max-image-preview:large","max-video-preview":"max-video-preview:-1"},"canonical":"https:\/\/www.legislapp.com.br\/index.php\/discurso-camara-8-13-2025-hildo-rocha-mdb-ma\/","og_locale":"pt_BR","og_type":"article","og_title":"Discurso de Hildo Rocha, MDB-MA - Legislapp","og_description":"Wednesday, August 13, 2025 &#8211; BREVES COMUNICA\u00c7\u00d5ES Sum\u00e1rio:&nbsp;O Deputado defendeu a aprova\u00e7\u00e3o de duas iniciativas consideradas fundamentais para os Munic\u00edpios e para a justi\u00e7a tribut\u00e1ria no Pa\u00eds: a Proposta de Emenda \u00e0 Constitui\u00e7\u00e3o n\u00ba 66, de 2023, que institui limite para o pagamento de precat\u00f3rios pelos Munic\u00edpios, abre novo prazo de parcelamento especial de d\u00e9bitos [&hellip;]","og_url":"https:\/\/www.legislapp.com.br\/index.php\/discurso-camara-8-13-2025-hildo-rocha-mdb-ma\/","og_site_name":"Legislapp","article_publisher":"https:\/\/www.instagram.com\/legislapp\/","og_image":[{"url":"https:\/\/www.legislapp.com.br\/wp-content\/uploads\/2021\/07\/Logo-Legislapp-1-03-1.png","type":"","width":"","height":""}],"twitter_card":"summary_large_image","twitter_misc":{"Est. tempo de leitura":"1 minuto"},"schema":{"@context":"https:\/\/schema.org","@graph":[{"@type":"WebPage","@id":"https:\/\/www.legislapp.com.br\/index.php\/discurso-camara-8-13-2025-hildo-rocha-mdb-ma\/","url":"https:\/\/www.legislapp.com.br\/index.php\/discurso-camara-8-13-2025-hildo-rocha-mdb-ma\/","name":"Discurso de Hildo Rocha, MDB-MA - Legislapp","isPartOf":{"@id":"https:\/\/www.legislapp.com.br\/#website"},"primaryImageOfPage":{"@id":"https:\/\/www.legislapp.com.br\/index.php\/discurso-camara-8-13-2025-hildo-rocha-mdb-ma\/#primaryimage"},"image":{"@id":"https:\/\/www.legislapp.com.br\/index.php\/discurso-camara-8-13-2025-hildo-rocha-mdb-ma\/#primaryimage"},"thumbnailUrl":"https:\/\/www.legislapp.com.br\/wp-content\/uploads\/2021\/07\/Logo-Legislapp-1-03-1.png","datePublished":"2025-09-17T13:37:24+00:00","breadcrumb":{"@id":"https:\/\/www.legislapp.com.br\/index.php\/discurso-camara-8-13-2025-hildo-rocha-mdb-ma\/#breadcrumb"},"inLanguage":"pt-BR","potentialAction":[{"@type":"ReadAction","target":["https:\/\/www.legislapp.com.br\/index.php\/discurso-camara-8-13-2025-hildo-rocha-mdb-ma\/"]}]},{"@type":"ImageObject","inLanguage":"pt-BR","@id":"https:\/\/www.legislapp.com.br\/index.php\/discurso-camara-8-13-2025-hildo-rocha-mdb-ma\/#primaryimage","url":"https:\/\/www.legislapp.com.br\/wp-content\/uploads\/2021\/07\/Logo-Legislapp-1-03-1.png","contentUrl":"https:\/\/www.legislapp.com.br\/wp-content\/uploads\/2021\/07\/Logo-Legislapp-1-03-1.png","width":2679,"height":2697},{"@type":"BreadcrumbList","@id":"https:\/\/www.legislapp.com.br\/index.php\/discurso-camara-8-13-2025-hildo-rocha-mdb-ma\/#breadcrumb","itemListElement":[{"@type":"ListItem","position":1,"name":"In\u00edcio","item":"https:\/\/www.legislapp.com.br\/"},{"@type":"ListItem","position":2,"name":"Discurso de Hildo Rocha, MDB-MA"}]},{"@type":"WebSite","@id":"https:\/\/www.legislapp.com.br\/#website","url":"https:\/\/www.legislapp.com.br\/","name":"Legislapp","description":"Intelig\u00eancia governamental em tempo real","publisher":{"@id":"https:\/\/www.legislapp.com.br\/#organization"},"potentialAction":[{"@type":"SearchAction","target":{"@type":"EntryPoint","urlTemplate":"https:\/\/www.legislapp.com.br\/?s={search_term_string}"},"query-input":{"@type":"PropertyValueSpecification","valueRequired":true,"valueName":"search_term_string"}}],"inLanguage":"pt-BR"},{"@type":"Organization","@id":"https:\/\/www.legislapp.com.br\/#organization","name":"Legislapp Monitoramento e Intelig\u00eancia Governamental","url":"https:\/\/www.legislapp.com.br\/","logo":{"@type":"ImageObject","inLanguage":"pt-BR","@id":"https:\/\/www.legislapp.com.br\/#\/schema\/logo\/image\/","url":"https:\/\/www.legislapp.com.br\/wp-content\/uploads\/icon.png","contentUrl":"https:\/\/www.legislapp.com.br\/wp-content\/uploads\/icon.png","width":1024,"height":1024,"caption":"Legislapp Monitoramento e Intelig\u00eancia Governamental"},"image":{"@id":"https:\/\/www.legislapp.com.br\/#\/schema\/logo\/image\/"},"sameAs":["https:\/\/www.instagram.com\/legislapp\/"]}]}},"_links":{"self":[{"href":"https:\/\/www.legislapp.com.br\/index.php\/wp-json\/wp\/v2\/pages\/6695","targetHints":{"allow":["GET"]}}],"collection":[{"href":"https:\/\/www.legislapp.com.br\/index.php\/wp-json\/wp\/v2\/pages"}],"about":[{"href":"https:\/\/www.legislapp.com.br\/index.php\/wp-json\/wp\/v2\/types\/page"}],"author":[{"embeddable":true,"href":"https:\/\/www.legislapp.com.br\/index.php\/wp-json\/wp\/v2\/users\/1"}],"replies":[{"embeddable":true,"href":"https:\/\/www.legislapp.com.br\/index.php\/wp-json\/wp\/v2\/comments?post=6695"}],"version-history":[{"count":0,"href":"https:\/\/www.legislapp.com.br\/index.php\/wp-json\/wp\/v2\/pages\/6695\/revisions"}],"wp:attachment":[{"href":"https:\/\/www.legislapp.com.br\/index.php\/wp-json\/wp\/v2\/media?parent=6695"}],"curies":[{"name":"wp","href":"https:\/\/api.w.org\/{rel}","templated":true}]}}